{"id":133653,"date":"2025-04-12T05:47:01","date_gmt":"2025-04-12T05:47:01","guid":{"rendered":"https:\/\/www.metaflotech.com\/?page_id=133653"},"modified":"2025-04-12T07:39:51","modified_gmt":"2025-04-12T07:39:51","slug":"world-tunnel-conference","status":"publish","type":"page","link":"https:\/\/www.metaflotech.com\/fr\/world-tunnel-conference\/","title":{"rendered":"World Tunnel Conference &#8211; Stockholm 2025"},"content":{"rendered":"<img loading=\"lazy\" decoding=\"async\" src=\"https:\/\/www.metaflotech.com\/wp-content\/uploads\/2024\/10\/1.svg\" alt=\"1\" itemprop=\"image\" height=\"100\" width=\"100\" title=\"1\" onerror=\"this.style.display='none'\"  \/>\n\t<h1>Revolutionizing Tunneling &amp; Drilling With Innovative &amp; Sustainable Solutions<\/h1>\n\t<h3><strong>R\u00e9duction des co\u00fbts<\/strong><\/h3>\nMetaFLO clients typically save<br \/>\n30-60% on cost\n\t<h3><strong>R\u00e9duire l'impact sur l'environnement<br \/>\n<\/strong><\/h3>\n66% less trucks required reduces<br \/>\ngreenhouse gas emissions\n\t<h3><strong>Gagner du temps<\/strong><\/h3>\nOur solidification reagents create less bulk waste,<br \/>\nmeaning less time needed for disposal\n\t\t\t<a href=\"#contact\" target=\"_self\">\n\t\t\t\t\t\tBook A Call\n\t\t\t\t\t<\/a>\n\t<h1><strong>R\u00e9actifs de solidification<\/strong><\/h1>\n<h3>Transformez facilement les d\u00e9chets liquides en solides g\u00e9rables sur place.<\/h3>\n\t\t\t\t<img loading=\"lazy\" decoding=\"async\" src=\"https:\/\/www.metaflotech.com\/wp-content\/uploads\/2024\/03\/Logo-MF003.svg\" alt=\"Logo MF003\" itemprop=\"image\" height=\"100\" width=\"100\" title=\"Logo MF003\" onerror=\"this.style.display='none'\"  \/>\n\t<h4><strong>Flux de d\u00e9chets liquides<\/strong><\/h4>\n\t\t\t\t<img loading=\"lazy\" decoding=\"async\" src=\"https:\/\/www.metaflotech.com\/wp-content\/uploads\/2024\/03\/Logo-MF006.svg\" alt=\"Logo MF006\" itemprop=\"image\" height=\"100\" width=\"100\" title=\"Logo MF006\" onerror=\"this.style.display='none'\"  \/>\n\t<h4><strong>Semi-solides \u00e0 base d'eau<\/strong><\/h4>\n\t\t\t\t<img loading=\"lazy\" decoding=\"async\" src=\"https:\/\/www.metaflotech.com\/wp-content\/uploads\/2025\/04\/WTC-2025-MF003-MF006-before-and-after.webp\" alt=\"WTC 2025 MF003 MF006 before and after\" itemprop=\"image\" height=\"1026\" width=\"2560\" onerror=\"this.style.display='none'\"  \/>\n\t<h2><strong>MF003 and MF006 are non-hazardous, non-toxic reagents designed to solidify waste to meet the Paint Filter Test (PFT).<\/strong><\/h2>\n\t<h2>34%<\/h2>\n<p>Disposal Cost Savings<\/p>\n\t<h2>58%<\/h2>\n<p>GHG Emission Reduction<\/p>\n\t<h2>57%<\/h2>\n<p>Logistics Cost Savings<\/p>\n\t<p><em>*Each client receives a solution that is customized for their specific local conditions, therefore results may vary.<\/em><\/p>\n\t\t\t\t<img loading=\"lazy\" decoding=\"async\" src=\"https:\/\/www.metaflotech.com\/wp-content\/uploads\/2025\/01\/Method-EN.svg\" alt=\"M\u00e9thode-FR\" itemprop=\"image\" height=\"100\" width=\"100\" title=\"M\u00e9thode-FR\" onerror=\"this.style.display='none'\"  \/>\n\t<h1><strong>Vous souhaitez en savoir plus ? <\/strong><\/h1>\n<h2>Contactez-nous pour savoir comment nous pouvons vous aider<\/h2>\n\t\n<style>\n    header {display: none;}\n    footer {display: none;}\n    .fl-page {padding-top: 0 !important};\n<\/style>\n\t<h1><strong>\u00c0 propos de MetaFLO<\/strong><\/h1>\n<p>MetaFLO est une entreprise internationale compos\u00e9e de scientifiques et d'ing\u00e9nieurs sp\u00e9cialis\u00e9s. Nous fournissons des biopolym\u00e8res exclusifs et innovants, des r\u00e9actifs de solidification et un service personnalis\u00e9 pour les routes, les projets de construction de tunnels et une vari\u00e9t\u00e9 d'autres besoins de construction.<\/p>\n\t\t\t\t<img loading=\"lazy\" decoding=\"async\" src=\"https:\/\/www.metaflotech.com\/wp-content\/uploads\/2024\/10\/8.svg\" alt=\"8\" itemprop=\"image\" height=\"100\" width=\"100\" title=\"8\" onerror=\"this.style.display='none'\"  \/>","protected":false},"excerpt":{"rendered":"<p>Revolutionizing Tunneling &amp; Drilling With Innovative &amp; Sustainable Solutions Lower costs MetaFLO clients typically save 30-60% on cost Reduce environmental impact 66% less trucks required reduces greenhouse gas emissions Save Time Our solidification reagents create less bulk waste, meaning less time needed for disposal Book A Call Solidification Reagents Easily transform liquid waste into manageable&hellip;<\/p>","protected":false},"author":1,"featured_media":0,"parent":0,"menu_order":0,"comment_status":"closed","ping_status":"closed","template":"","meta":{"_acf_changed":false,"inline_featured_image":false,"footnotes":""},"class_list":["post-133653","page","type-page","status-publish","hentry"],"acf":[],"yoast_head":"<!-- This site is optimized with the Yoast SEO plugin v27.5 - https:\/\/yoast.com\/product\/yoast-seo-wordpress\/ -->\n<title>World Tunnel Conference - Stockholm 2025 | MetaFLO Technologies<\/title>\n<meta name=\"description\" content=\"FOCUSED ON ENGINEERED SOLUTIONS FOR LIQUID WASTE SOLIDIFICATION THAT ARE EFFECTIVE, EFFICIENT AND MINIMIZE ENVIRONMENTAL IMPACT.\" \/>\n<meta name=\"robots\" content=\"index, follow, max-snippet:-1, max-image-preview:large, max-video-preview:-1\" \/>\n<link rel=\"canonical\" href=\"https:\/\/www.metaflotech.com\/fr\/world-tunnel-conference\/\" \/>\n<meta property=\"og:locale\" content=\"fr_CA\" \/>\n<meta property=\"og:type\" content=\"article\" \/>\n<meta property=\"og:title\" content=\"World Tunnel Conference - Stockholm 2025 | MetaFLO Technologies\" \/>\n<meta property=\"og:description\" content=\"FOCUSED ON ENGINEERED SOLUTIONS FOR LIQUID WASTE SOLIDIFICATION THAT ARE EFFECTIVE, EFFICIENT AND MINIMIZE ENVIRONMENTAL IMPACT.\" \/>\n<meta property=\"og:url\" content=\"https:\/\/www.metaflotech.com\/fr\/world-tunnel-conference\/\" \/>\n<meta property=\"og:site_name\" content=\"MetaFLO Technologies\" \/>\n<meta property=\"article:publisher\" content=\"https:\/\/www.facebook.com\/MetaFLOTechnologies\/\" \/>\n<meta property=\"article:modified_time\" content=\"2025-04-12T07:39:51+00:00\" \/>\n<meta property=\"og:image\" content=\"https:\/\/www.metaflotech.com\/wp-content\/uploads\/2024\/10\/1.svg\" \/>\n<meta name=\"twitter:card\" content=\"summary_large_image\" \/>\n<meta name=\"twitter:site\" content=\"@metaflo\" \/>\n<meta name=\"twitter:label1\" content=\"Estimation du temps de lecture\" \/>\n\t<meta name=\"twitter:data1\" content=\"4 minutes\" \/>\n<script type=\"application\/ld+json\" class=\"yoast-schema-graph\">{\"@context\":\"https:\\\/\\\/schema.org\",\"@graph\":[{\"@type\":\"WebPage\",\"@id\":\"https:\\\/\\\/www.metaflotech.com\\\/fr\\\/world-tunnel-conference\\\/\",\"url\":\"https:\\\/\\\/www.metaflotech.com\\\/fr\\\/world-tunnel-conference\\\/\",\"name\":\"World Tunnel Conference - Stockholm 2025 | MetaFLO Technologies\",\"isPartOf\":{\"@id\":\"https:\\\/\\\/www.metaflotech.com\\\/fr\\\/#website\"},\"primaryImageOfPage\":{\"@id\":\"https:\\\/\\\/www.metaflotech.com\\\/fr\\\/world-tunnel-conference\\\/#primaryimage\"},\"image\":{\"@id\":\"https:\\\/\\\/www.metaflotech.com\\\/fr\\\/world-tunnel-conference\\\/#primaryimage\"},\"thumbnailUrl\":\"https:\\\/\\\/www.metaflotech.com\\\/wp-content\\\/uploads\\\/2024\\\/10\\\/1.svg\",\"datePublished\":\"2025-04-12T05:47:01+00:00\",\"dateModified\":\"2025-04-12T07:39:51+00:00\",\"description\":\"FOCUSED ON ENGINEERED SOLUTIONS FOR LIQUID WASTE SOLIDIFICATION THAT ARE EFFECTIVE, EFFICIENT AND MINIMIZE ENVIRONMENTAL IMPACT.\",\"breadcrumb\":{\"@id\":\"https:\\\/\\\/www.metaflotech.com\\\/fr\\\/world-tunnel-conference\\\/#breadcrumb\"},\"inLanguage\":\"fr-CA\",\"potentialAction\":[{\"@type\":\"ReadAction\",\"target\":[\"https:\\\/\\\/www.metaflotech.com\\\/fr\\\/world-tunnel-conference\\\/\"]}]},{\"@type\":\"ImageObject\",\"inLanguage\":\"fr-CA\",\"@id\":\"https:\\\/\\\/www.metaflotech.com\\\/fr\\\/world-tunnel-conference\\\/#primaryimage\",\"url\":\"https:\\\/\\\/www.metaflotech.com\\\/wp-content\\\/uploads\\\/2024\\\/10\\\/1.svg\",\"contentUrl\":\"https:\\\/\\\/www.metaflotech.com\\\/wp-content\\\/uploads\\\/2024\\\/10\\\/1.svg\"},{\"@type\":\"BreadcrumbList\",\"@id\":\"https:\\\/\\\/www.metaflotech.com\\\/fr\\\/world-tunnel-conference\\\/#breadcrumb\",\"itemListElement\":[{\"@type\":\"ListItem\",\"position\":1,\"name\":\"Home\",\"item\":\"https:\\\/\\\/www.metaflotech.com\\\/\"},{\"@type\":\"ListItem\",\"position\":2,\"name\":\"World Tunnel Conference &#8211; Stockholm 2025\"}]},{\"@type\":\"WebSite\",\"@id\":\"https:\\\/\\\/www.metaflotech.com\\\/fr\\\/#website\",\"url\":\"https:\\\/\\\/www.metaflotech.com\\\/fr\\\/\",\"name\":\"MetaFLO Technologies\",\"description\":\"Engineered Polymer Solutions For Industrial Applications\",\"potentialAction\":[{\"@type\":\"SearchAction\",\"target\":{\"@type\":\"EntryPoint\",\"urlTemplate\":\"https:\\\/\\\/www.metaflotech.com\\\/fr\\\/?s={search_term_string}\"},\"query-input\":{\"@type\":\"PropertyValueSpecification\",\"valueRequired\":true,\"valueName\":\"search_term_string\"}}],\"inLanguage\":\"fr-CA\"}]}<\/script>\n<!-- \/ Yoast SEO plugin. -->","yoast_head_json":{"title":"World Tunnel Conference - Stockholm 2025 | MetaFLO Technologies","description":"SE CONCENTRE SUR DES SOLUTIONS TECHNIQUES POUR LA SOLIDIFICATION DES D\u00c9CHETS LIQUIDES QUI SONT EFFICACES, EFFICIENTES ET MINIMISENT L'IMPACT SUR L'ENVIRONNEMENT.","robots":{"index":"index","follow":"follow","max-snippet":"max-snippet:-1","max-image-preview":"max-image-preview:large","max-video-preview":"max-video-preview:-1"},"canonical":"https:\/\/www.metaflotech.com\/fr\/world-tunnel-conference\/","og_locale":"fr_CA","og_type":"article","og_title":"World Tunnel Conference - Stockholm 2025 | MetaFLO Technologies","og_description":"FOCUSED ON ENGINEERED SOLUTIONS FOR LIQUID WASTE SOLIDIFICATION THAT ARE EFFECTIVE, EFFICIENT AND MINIMIZE ENVIRONMENTAL IMPACT.","og_url":"https:\/\/www.metaflotech.com\/fr\/world-tunnel-conference\/","og_site_name":"MetaFLO Technologies","article_publisher":"https:\/\/www.facebook.com\/MetaFLOTechnologies\/","article_modified_time":"2025-04-12T07:39:51+00:00","og_image":[{"url":"https:\/\/www.metaflotech.com\/wp-content\/uploads\/2024\/10\/1.svg","type":"","width":"","height":""}],"twitter_card":"summary_large_image","twitter_site":"@metaflo","twitter_misc":{"Estimation du temps de lecture":"4 minutes"},"schema":{"@context":"https:\/\/schema.org","@graph":[{"@type":"WebPage","@id":"https:\/\/www.metaflotech.com\/fr\/world-tunnel-conference\/","url":"https:\/\/www.metaflotech.com\/fr\/world-tunnel-conference\/","name":"World Tunnel Conference - Stockholm 2025 | MetaFLO Technologies","isPartOf":{"@id":"https:\/\/www.metaflotech.com\/fr\/#website"},"primaryImageOfPage":{"@id":"https:\/\/www.metaflotech.com\/fr\/world-tunnel-conference\/#primaryimage"},"image":{"@id":"https:\/\/www.metaflotech.com\/fr\/world-tunnel-conference\/#primaryimage"},"thumbnailUrl":"https:\/\/www.metaflotech.com\/wp-content\/uploads\/2024\/10\/1.svg","datePublished":"2025-04-12T05:47:01+00:00","dateModified":"2025-04-12T07:39:51+00:00","description":"SE CONCENTRE SUR DES SOLUTIONS TECHNIQUES POUR LA SOLIDIFICATION DES D\u00c9CHETS LIQUIDES QUI SONT EFFICACES, EFFICIENTES ET MINIMISENT L'IMPACT SUR L'ENVIRONNEMENT.","breadcrumb":{"@id":"https:\/\/www.metaflotech.com\/fr\/world-tunnel-conference\/#breadcrumb"},"inLanguage":"fr-CA","potentialAction":[{"@type":"ReadAction","target":["https:\/\/www.metaflotech.com\/fr\/world-tunnel-conference\/"]}]},{"@type":"ImageObject","inLanguage":"fr-CA","@id":"https:\/\/www.metaflotech.com\/fr\/world-tunnel-conference\/#primaryimage","url":"https:\/\/www.metaflotech.com\/wp-content\/uploads\/2024\/10\/1.svg","contentUrl":"https:\/\/www.metaflotech.com\/wp-content\/uploads\/2024\/10\/1.svg"},{"@type":"BreadcrumbList","@id":"https:\/\/www.metaflotech.com\/fr\/world-tunnel-conference\/#breadcrumb","itemListElement":[{"@type":"ListItem","position":1,"name":"Home","item":"https:\/\/www.metaflotech.com\/"},{"@type":"ListItem","position":2,"name":"World Tunnel Conference &#8211; Stockholm 2025"}]},{"@type":"WebSite","@id":"https:\/\/www.metaflotech.com\/fr\/#website","url":"https:\/\/www.metaflotech.com\/fr\/","name":"MetaFLO Technologies","description":"Solutions d'ing\u00e9nierie en mati\u00e8re de polym\u00e8res pour les applications industrielles","potentialAction":[{"@type":"SearchAction","target":{"@type":"EntryPoint","urlTemplate":"https:\/\/www.metaflotech.com\/fr\/?s={search_term_string}"},"query-input":{"@type":"PropertyValueSpecification","valueRequired":true,"valueName":"search_term_string"}}],"inLanguage":"fr-CA"}]}},"_links":{"self":[{"href":"https:\/\/www.metaflotech.com\/fr\/wp-json\/wp\/v2\/pages\/133653","targetHints":{"allow":["GET"]}}],"collection":[{"href":"https:\/\/www.metaflotech.com\/fr\/wp-json\/wp\/v2\/pages"}],"about":[{"href":"https:\/\/www.metaflotech.com\/fr\/wp-json\/wp\/v2\/types\/page"}],"author":[{"embeddable":true,"href":"https:\/\/www.metaflotech.com\/fr\/wp-json\/wp\/v2\/users\/1"}],"replies":[{"embeddable":true,"href":"https:\/\/www.metaflotech.com\/fr\/wp-json\/wp\/v2\/comments?post=133653"}],"version-history":[{"count":0,"href":"https:\/\/www.metaflotech.com\/fr\/wp-json\/wp\/v2\/pages\/133653\/revisions"}],"wp:attachment":[{"href":"https:\/\/www.metaflotech.com\/fr\/wp-json\/wp\/v2\/media?parent=133653"}],"curies":[{"name":"wp","href":"https:\/\/api.w.org\/{rel}","templated":true}]}}