{"id":73472,"date":"2021-04-23T15:58:22","date_gmt":"2021-04-23T15:58:22","guid":{"rendered":"https:\/\/metaflotech.com\/?page_id=73472"},"modified":"2025-11-22T07:57:37","modified_gmt":"2025-11-22T07:57:37","slug":"comment-fonctionne-metaflo","status":"publish","type":"page","link":"https:\/\/www.metaflotech.com\/fr\/how-metaflo-works\/","title":{"rendered":"Comment fonctionne MetaFLO"},"content":{"rendered":"<h1>\n\t\t\tQuand et comment fonctionne MetaFLO\t<\/h1>\n<h2>\n\t\t\tR\u00e9actif de solidification\t<\/h2>\n<h3>\n\t\t\tTransformer les d\u00e9chets liquides en solides empilables\t<\/h3>\n\t\t<iframe loading=\"lazy\" width=\"1120\" height=\"630\" src=\"https:\/\/www.youtube.com\/embed\/K7BlhvqGN-E\" title=\"Patented Solidification Process Demonstration - MetaFLO Technologies\" frameborder=\"0\" allow=\"accelerometer; autoplay; clipboard-write; encrypted-media; gyroscope; picture-in-picture\" allowfullscreen><\/iframe>\t\n<h2>\n\t\t\tSolidifier les d\u00e9chets liquides en quelques minutes :  Comment fonctionne MetaFLO \t<\/h2>\n\t<p>Les r\u00e9actifs MetaFLO transforment les d\u00e9chets liquides en solides g\u00e9rables en temps r\u00e9el, sur site, en quelques minutes, en 4 \u00e9tapes faciles :<\/p>\n<ol>\n<li>D\u00e9chets liquides collect\u00e9s dans un \u00e9tang, un r\u00e9servoir, etc.<\/li>\n<li>Le fluide est agit\u00e9 par l'\u00e9quipement de m\u00e9lange existant pendant que notre r\u00e9actif de solidification est ajout\u00e9.<\/li>\n<li>Le liquide se solidifie en quelques minutes<\/li>\n<li>Pr\u00eat pour l'\u00e9limination<\/li>\n<\/ol>\n\t\t\t\t<img decoding=\"async\" src=\"https:\/\/www.metaflotech.com\/wp-content\/uploads\/2024\/12\/MetaFLO-reagent-directional-drilling-liquid-waste-solidification-Steps-EN.webp\" alt=\"MetaFLO reagent directional drilling liquid waste solidification Steps - EN\" itemprop=\"image\" height=\"262\" width=\"1018\" title=\"MetaFLO reagent directional drilling liquid waste solidification Steps - EN\" onerror=\"this.style.display='none'\" loading=\"lazy\" \/>\n<h2>\n\t\t\tT\u00e9moignage\t<\/h2>\n\t<p>&#8220;First and Foremost I would like to thank you for all your help , support and technical advice during the Block Island Project . Your product was a great tool in the management of drilling spoils on our project. We have completed the drilling process in block island and are planning on mobilizing to our next drilling project. Once again many Thanks.&#8221;<\/p>\n<p><em><strong>John Diffley, projet de parc \u00e9olien de Block Island<\/strong><\/em><\/p>\n<h2>\n\t\t\tO\u00f9 et quand pouvez-vous utiliser les r\u00e9actifs MetaFLO ? Applications\t<\/h2>\n\t<p>Les r\u00e9actifs de solidification MetaFLO sont largement utilis\u00e9s dans de nombreux secteurs, notamment les infrastructures de services publics, la construction d'ol\u00e9oducs et de gazoducs, la construction d'infrastructures g\u00e9n\u00e9rales ainsi que les applications li\u00e9es aux eaux us\u00e9es et aux eaux pluviales. Toutes les applications o\u00f9 les m\u00e9thodes g\u00e9n\u00e8rent des d\u00e9chets liquides, des boues et des liquides, telles que le forage directionnel horizontal (HDD), le creusement de tunnels, les forages, les micro-tunnels ou l'hydro-excavation, conviennent parfaitement aux r\u00e9actifs MetaFLO.<\/p>\n<h2>\n\t\t\tNos produits\t<\/h2>\n\t<p>Les r\u00e9actifs de solidification MetaFLO utilisent un m\u00e9lange d'ingr\u00e9dients exclusifs pour prouver qu'ils sont les r\u00e9actifs les plus efficaces disponibles pour le traitement de diverses applications.<\/p>\n<p><strong>MF003 :<\/strong> Id\u00e9al pour la solidification de divers flux de d\u00e9chets liquides ; con\u00e7u pour solidifier les d\u00e9chets liquides afin de satisfaire au test du filtre \u00e0 peinture (PFT).\u00a0 <a href=\"\/fr\/produits\/mf003\/\" target=\"_blank\" rel=\"noopener\">En savoir plus<\/a><\/p>\n<p><strong>MF006<\/strong>: Ideal for solidification of water-based semi solids &#8211; such as drill cuttings, hydro-excavation materials, mining waste, municipal waste, storm water lagoons. <a href=\"\/fr\/produits\/mf006\/\" target=\"_blank\" rel=\"noopener\">En savoir plus<\/a><\/p>\n<p><strong>MF008 :<\/strong> Ideal for oil and gas applications &#8211; such as invert or OBM cuttings, brine-based cuttings. <a href=\"\/fr\/produits\/mf008\/\" target=\"_blank\" rel=\"noopener\">En savoir plus<\/a><\/p>\n<h3>\n\t\t\tMetaFLO : des solutions personnalis\u00e9es pour r\u00e9pondre \u00e0 vos besoins\t<\/h3>\n\t<p>Laissez-nous vous aider \u00e0 d\u00e9terminer la solution MetaFLO qui vous convient le mieux !<\/p>\n\t<h1><strong>Nos r\u00e9actifs<\/strong><\/h1>\n<p>MetaFLO&#8217;s reagents turn industrial liquid waste streams into solids in minutes. By simply adding a minimal dosage of MetaFLO&#8217;s proprietary formulations to industrial liquid waste-from processes like HDD, drilling, boring, tunneling, micro-tunneling and hydro excavations-these reagents absorb excess water and immobilize any contaminants.<\/p>\n<p>All MetaFLO solidification products are environmentally safe, and are applied to help meet environmental solids criteria for wet spoils. The solidified material will also immobilize metals and hydrocarbons and can safely be transported to landfill directly from the generator site-or can be applied at liquid transfer stations prior to disposal.<\/p>\n<p>MetaFLO produit des r\u00e9actifs pour de nombreuses applications diff\u00e9rentes, et nous sommes \u00e9galement en mesure de concevoir un m\u00e9lange de r\u00e9actifs sp\u00e9cifiquement pour votre flux de d\u00e9chets. Contactez-nous pour plus d'informations.<\/p>\n\t\t\t\t<a href=\"https:\/\/www.metaflotech.com\/fr\/quest-ce-que-le-reactif-de-solidification-metaflo\/\"  target=\"_self\" itemprop=\"url\">\n\t\t\t\t<img decoding=\"async\" src=\"https:\/\/www.metaflotech.com\/wp-content\/uploads\/2021\/03\/What-150px.png\" alt=\"Qu&#039;est-ce que MetaFLO ?\" itemprop=\"image\" height=\"150\" width=\"150\" title=\"Quoi-150px\" onerror=\"this.style.display='none'\" loading=\"lazy\" \/>\n\t\t\t\t<\/a>\n\t\t\t\t<a href=\"https:\/\/www.metaflotech.com\/fr\/comment-fonctionne-metaflo\/\"  target=\"_self\" itemprop=\"url\">\n\t\t\t\t<img decoding=\"async\" src=\"https:\/\/www.metaflotech.com\/wp-content\/uploads\/2021\/03\/When-150px.png\" alt=\"Quand utiliser MetaFLO\" itemprop=\"image\" height=\"150\" width=\"150\" title=\"Quand-150px\" onerror=\"this.style.display='none'\" loading=\"lazy\" \/>\n\t\t\t\t<\/a>\n\t\t\t\t<a href=\"https:\/\/www.metaflotech.com\/fr\/pourquoi-choisir-metaflo-pour-la-gestion-des-dechets-liquides\/\"  target=\"_self\" itemprop=\"url\">\n\t\t\t\t<img decoding=\"async\" src=\"https:\/\/www.metaflotech.com\/wp-content\/uploads\/2021\/03\/Why-150px.png\" alt=\"Pourquoi choisir MetaFLO\" itemprop=\"image\" height=\"150\" width=\"150\" title=\"Pourquoi-150px\" onerror=\"this.style.display='none'\" loading=\"lazy\" \/>\n\t\t\t\t<\/a>","protected":false},"excerpt":{"rendered":"<p>When and How MetaFLO Works Solidification reagent Turning liquid waste into stackable solid Solidify liquid waste in minutes: How MetaFLO Works MetaFLO reagents turn liquid waste into manageable solid in real-time, on site in a matter of minutes, in 4 Easy Steps: Liquid waste collected in a pond, tank, etc. Fluid is agitated by existing&hellip;<\/p>","protected":false},"author":1,"featured_media":0,"parent":0,"menu_order":0,"comment_status":"closed","ping_status":"closed","template":"","meta":{"_acf_changed":false,"inline_featured_image":false,"footnotes":""},"class_list":["post-73472","page","type-page","status-publish","hentry"],"acf":[],"yoast_head":"<!-- This site is optimized with the Yoast SEO plugin v27.4 - https:\/\/yoast.com\/product\/yoast-seo-wordpress\/ -->\n<title>How MetaFLO Works | MetaFLO Technologies<\/title>\n<meta name=\"description\" content=\"MetaFLO reagents turn liquid waste into manageable, stackable solid in real-time, on site in a matter of minutes.\" \/>\n<meta name=\"robots\" content=\"index, follow, max-snippet:-1, max-image-preview:large, max-video-preview:-1\" \/>\n<link rel=\"canonical\" href=\"https:\/\/www.metaflotech.com\/fr\/comment-fonctionne-metaflo\/\" \/>\n<meta property=\"og:locale\" content=\"fr_CA\" \/>\n<meta property=\"og:type\" content=\"article\" \/>\n<meta property=\"og:title\" content=\"How MetaFLO Works | MetaFLO Technologies\" \/>\n<meta property=\"og:description\" content=\"MetaFLO reagents turn liquid waste into manageable, stackable solid in real-time, on site in a matter of minutes.\" \/>\n<meta property=\"og:url\" content=\"https:\/\/www.metaflotech.com\/fr\/comment-fonctionne-metaflo\/\" \/>\n<meta property=\"og:site_name\" content=\"MetaFLO Technologies\" \/>\n<meta property=\"article:publisher\" content=\"https:\/\/www.facebook.com\/MetaFLOTechnologies\/\" \/>\n<meta property=\"article:modified_time\" content=\"2025-11-22T07:57:37+00:00\" \/>\n<meta property=\"og:image\" content=\"https:\/\/www.metaflotech.com\/wp-content\/uploads\/2024\/12\/MetaFLO-reagent-directional-drilling-liquid-waste-solidification-Steps-EN.webp\" \/>\n<meta name=\"twitter:card\" content=\"summary_large_image\" \/>\n<meta name=\"twitter:site\" content=\"@metaflo\" \/>\n<meta name=\"twitter:label1\" content=\"Estimation du temps de lecture\" \/>\n\t<meta name=\"twitter:data1\" content=\"2 minutes\" \/>\n<script type=\"application\/ld+json\" class=\"yoast-schema-graph\">{\"@context\":\"https:\\\/\\\/schema.org\",\"@graph\":[{\"@type\":\"WebPage\",\"@id\":\"https:\\\/\\\/www.metaflotech.com\\\/fr\\\/how-metaflo-works\\\/\",\"url\":\"https:\\\/\\\/www.metaflotech.com\\\/fr\\\/how-metaflo-works\\\/\",\"name\":\"How MetaFLO Works | MetaFLO Technologies\",\"isPartOf\":{\"@id\":\"https:\\\/\\\/www.metaflotech.com\\\/fr\\\/#website\"},\"primaryImageOfPage\":{\"@id\":\"https:\\\/\\\/www.metaflotech.com\\\/fr\\\/how-metaflo-works\\\/#primaryimage\"},\"image\":{\"@id\":\"https:\\\/\\\/www.metaflotech.com\\\/fr\\\/how-metaflo-works\\\/#primaryimage\"},\"thumbnailUrl\":\"https:\\\/\\\/www.metaflotech.com\\\/wp-content\\\/uploads\\\/2024\\\/12\\\/MetaFLO-reagent-directional-drilling-liquid-waste-solidification-Steps-EN.webp\",\"datePublished\":\"2021-04-23T15:58:22+00:00\",\"dateModified\":\"2025-11-22T07:57:37+00:00\",\"description\":\"MetaFLO reagents turn liquid waste into manageable, stackable solid in real-time, on site in a matter of minutes.\",\"breadcrumb\":{\"@id\":\"https:\\\/\\\/www.metaflotech.com\\\/fr\\\/how-metaflo-works\\\/#breadcrumb\"},\"inLanguage\":\"fr-CA\",\"potentialAction\":[{\"@type\":\"ReadAction\",\"target\":[\"https:\\\/\\\/www.metaflotech.com\\\/fr\\\/how-metaflo-works\\\/\"]}]},{\"@type\":\"ImageObject\",\"inLanguage\":\"fr-CA\",\"@id\":\"https:\\\/\\\/www.metaflotech.com\\\/fr\\\/how-metaflo-works\\\/#primaryimage\",\"url\":\"https:\\\/\\\/www.metaflotech.com\\\/wp-content\\\/uploads\\\/2024\\\/12\\\/MetaFLO-reagent-directional-drilling-liquid-waste-solidification-Steps-EN.webp\",\"contentUrl\":\"https:\\\/\\\/www.metaflotech.com\\\/wp-content\\\/uploads\\\/2024\\\/12\\\/MetaFLO-reagent-directional-drilling-liquid-waste-solidification-Steps-EN.webp\"},{\"@type\":\"BreadcrumbList\",\"@id\":\"https:\\\/\\\/www.metaflotech.com\\\/fr\\\/how-metaflo-works\\\/#breadcrumb\",\"itemListElement\":[{\"@type\":\"ListItem\",\"position\":1,\"name\":\"Home\",\"item\":\"https:\\\/\\\/www.metaflotech.com\\\/\"},{\"@type\":\"ListItem\",\"position\":2,\"name\":\"How MetaFLO Works\"}]},{\"@type\":\"WebSite\",\"@id\":\"https:\\\/\\\/www.metaflotech.com\\\/fr\\\/#website\",\"url\":\"https:\\\/\\\/www.metaflotech.com\\\/fr\\\/\",\"name\":\"MetaFLO Technologies\",\"description\":\"Engineered Polymer Solutions For Industrial Applications\",\"potentialAction\":[{\"@type\":\"SearchAction\",\"target\":{\"@type\":\"EntryPoint\",\"urlTemplate\":\"https:\\\/\\\/www.metaflotech.com\\\/fr\\\/?s={search_term_string}\"},\"query-input\":{\"@type\":\"PropertyValueSpecification\",\"valueRequired\":true,\"valueName\":\"search_term_string\"}}],\"inLanguage\":\"fr-CA\"}]}<\/script>\n<!-- \/ Yoast SEO plugin. -->","yoast_head_json":{"title":"How MetaFLO Works | MetaFLO Technologies","description":"Les r\u00e9actifs MetaFLO transforment les d\u00e9chets liquides en solides g\u00e9rables et empilables en temps r\u00e9el, sur site, en quelques minutes.","robots":{"index":"index","follow":"follow","max-snippet":"max-snippet:-1","max-image-preview":"max-image-preview:large","max-video-preview":"max-video-preview:-1"},"canonical":"https:\/\/www.metaflotech.com\/fr\/comment-fonctionne-metaflo\/","og_locale":"fr_CA","og_type":"article","og_title":"How MetaFLO Works | MetaFLO Technologies","og_description":"MetaFLO reagents turn liquid waste into manageable, stackable solid in real-time, on site in a matter of minutes.","og_url":"https:\/\/www.metaflotech.com\/fr\/comment-fonctionne-metaflo\/","og_site_name":"MetaFLO Technologies","article_publisher":"https:\/\/www.facebook.com\/MetaFLOTechnologies\/","article_modified_time":"2025-11-22T07:57:37+00:00","og_image":[{"url":"https:\/\/www.metaflotech.com\/wp-content\/uploads\/2024\/12\/MetaFLO-reagent-directional-drilling-liquid-waste-solidification-Steps-EN.webp","type":"","width":"","height":""}],"twitter_card":"summary_large_image","twitter_site":"@metaflo","twitter_misc":{"Estimation du temps de lecture":"2 minutes"},"schema":{"@context":"https:\/\/schema.org","@graph":[{"@type":"WebPage","@id":"https:\/\/www.metaflotech.com\/fr\/how-metaflo-works\/","url":"https:\/\/www.metaflotech.com\/fr\/how-metaflo-works\/","name":"How MetaFLO Works | MetaFLO Technologies","isPartOf":{"@id":"https:\/\/www.metaflotech.com\/fr\/#website"},"primaryImageOfPage":{"@id":"https:\/\/www.metaflotech.com\/fr\/how-metaflo-works\/#primaryimage"},"image":{"@id":"https:\/\/www.metaflotech.com\/fr\/how-metaflo-works\/#primaryimage"},"thumbnailUrl":"https:\/\/www.metaflotech.com\/wp-content\/uploads\/2024\/12\/MetaFLO-reagent-directional-drilling-liquid-waste-solidification-Steps-EN.webp","datePublished":"2021-04-23T15:58:22+00:00","dateModified":"2025-11-22T07:57:37+00:00","description":"Les r\u00e9actifs MetaFLO transforment les d\u00e9chets liquides en solides g\u00e9rables et empilables en temps r\u00e9el, sur site, en quelques minutes.","breadcrumb":{"@id":"https:\/\/www.metaflotech.com\/fr\/how-metaflo-works\/#breadcrumb"},"inLanguage":"fr-CA","potentialAction":[{"@type":"ReadAction","target":["https:\/\/www.metaflotech.com\/fr\/how-metaflo-works\/"]}]},{"@type":"ImageObject","inLanguage":"fr-CA","@id":"https:\/\/www.metaflotech.com\/fr\/how-metaflo-works\/#primaryimage","url":"https:\/\/www.metaflotech.com\/wp-content\/uploads\/2024\/12\/MetaFLO-reagent-directional-drilling-liquid-waste-solidification-Steps-EN.webp","contentUrl":"https:\/\/www.metaflotech.com\/wp-content\/uploads\/2024\/12\/MetaFLO-reagent-directional-drilling-liquid-waste-solidification-Steps-EN.webp"},{"@type":"BreadcrumbList","@id":"https:\/\/www.metaflotech.com\/fr\/how-metaflo-works\/#breadcrumb","itemListElement":[{"@type":"ListItem","position":1,"name":"Home","item":"https:\/\/www.metaflotech.com\/"},{"@type":"ListItem","position":2,"name":"How MetaFLO Works"}]},{"@type":"WebSite","@id":"https:\/\/www.metaflotech.com\/fr\/#website","url":"https:\/\/www.metaflotech.com\/fr\/","name":"MetaFLO Technologies","description":"Solutions d'ing\u00e9nierie en mati\u00e8re de polym\u00e8res pour les applications industrielles","potentialAction":[{"@type":"SearchAction","target":{"@type":"EntryPoint","urlTemplate":"https:\/\/www.metaflotech.com\/fr\/?s={search_term_string}"},"query-input":{"@type":"PropertyValueSpecification","valueRequired":true,"valueName":"search_term_string"}}],"inLanguage":"fr-CA"}]}},"_links":{"self":[{"href":"https:\/\/www.metaflotech.com\/fr\/wp-json\/wp\/v2\/pages\/73472","targetHints":{"allow":["GET"]}}],"collection":[{"href":"https:\/\/www.metaflotech.com\/fr\/wp-json\/wp\/v2\/pages"}],"about":[{"href":"https:\/\/www.metaflotech.com\/fr\/wp-json\/wp\/v2\/types\/page"}],"author":[{"embeddable":true,"href":"https:\/\/www.metaflotech.com\/fr\/wp-json\/wp\/v2\/users\/1"}],"replies":[{"embeddable":true,"href":"https:\/\/www.metaflotech.com\/fr\/wp-json\/wp\/v2\/comments?post=73472"}],"version-history":[{"count":0,"href":"https:\/\/www.metaflotech.com\/fr\/wp-json\/wp\/v2\/pages\/73472\/revisions"}],"wp:attachment":[{"href":"https:\/\/www.metaflotech.com\/fr\/wp-json\/wp\/v2\/media?parent=73472"}],"curies":[{"name":"wp","href":"https:\/\/api.w.org\/{rel}","templated":true}]}}