{"id":73490,"date":"2021-04-26T15:49:39","date_gmt":"2021-04-26T15:49:39","guid":{"rendered":"https:\/\/metaflotech.com\/?page_id=73490"},"modified":"2025-11-22T07:58:44","modified_gmt":"2025-11-22T07:58:44","slug":"pourquoi-choisir-metaflo-pour-la-gestion-des-dechets-liquides","status":"publish","type":"page","link":"https:\/\/www.metaflotech.com\/fr\/why-choose-metaflo-for-liquid-waste-management\/","title":{"rendered":"Pourquoi choisir MetaFLO"},"content":{"rendered":"<h1>\n\t\t\tPourquoi choisir MetaFLO\t<\/h1>\n<h2>\n\t\t\t pour la gestion des d\u00e9chets liquides ? \t<\/h2>\n\t<p>MetaFLO&#8217;s advanced chemistry turns liquid waste into a stackable solid in real time. Our proprietary reagent formula solidifies the same amount of liquid but without creating excess volume (bulking), making disposal easier, more efficient and less costly. Simply put:\u00a0 less waste, lower transportation and disposal costs, improved safety, better control and compliance while significantly reducing GHG emissions<\/p>\n\t\t\t\t<img decoding=\"async\" src=\"https:\/\/metaflotech.com\/wp-content\/uploads\/2021\/03\/about-metaflo-benefits-1.png\" alt=\"Avantages de MetaFLO\" itemprop=\"image\" title=\"\u00e0 propos de-metaflo-avantages-1\" onerror=\"this.style.display='none'\" loading=\"lazy\" \/>\n<h3>\n\t\t\tMetaFLO est une option pratique, rentable et durable.\t<\/h3>\n\t<p>Conventional liquid waste disposal techniques add amendments like Portland, fly-ash, lime or sawdust to meet solids criteria for transportation to landfill &#8211; expanding volume by up to 200%. MetaFLO&#8217;s engineered reagents typically require a dosage of only 0.5%.<\/p>\n\t\t\t\t<img decoding=\"async\" src=\"https:\/\/www.metaflotech.com\/wp-content\/uploads\/2021\/03\/about-metaflo-process-1.png\" alt=\"Processus MetaFLO\" itemprop=\"image\" height=\"181\" width=\"650\" title=\"about-metaflo-process-1\" onerror=\"this.style.display='none'\" loading=\"lazy\" \/>\n<h3>\n\t\t\tPourquoi utiliser MetaFLO\t<\/h3>\n\t<ul>\n<li>MetaFLO reagents are fast &#8211; Immediately converts liquid waste to a solid in minutes<\/li>\n<li>MetaFLO reagents are easy &#8211; Creates a dry, stackable solid for easy handling<\/li>\n<li>Les r\u00e9actifs MetaFLO produisent un gonflement minimal par rapport aux alternatives courantes.\n<ul>\n<li>Les r\u00e9actifs MetaFLO r\u00e9pondent aux normes<\/li>\n<li>Aide les d\u00e9chets \u00e0 passer la proc\u00e9dure de lixiviation caract\u00e9ristique de la toxicit\u00e9 (m\u00e9thode EPA 1311)<\/li>\n<li>Aide les d\u00e9chets \u00e0 passer les crit\u00e8res du filtre \u00e0 peinture (EPA 9095)<\/li>\n<li>Ne se d\u00e9pose pas dans les d\u00e9charges et n'est pas biod\u00e9gradable<\/li>\n<\/ul>\n<\/li>\n<li>Les r\u00e9actifs MetaFLO sont respectueux de l'environnement\n<ul>\n<li>Non dangereux<\/li>\n<li>Non toxique<\/li>\n<li>Inerte chimiquement<\/li>\n<\/ul>\n<\/li>\n<\/ul>\n\t\t\t\t<img decoding=\"async\" src=\"https:\/\/www.metaflotech.com\/wp-content\/uploads\/2024\/12\/Liquid-Waste-Solidification-EN-2.svg\" alt=\"Solidification des d\u00e9chets liquides - FR\" itemprop=\"image\" height=\"100\" width=\"100\" title=\"Solidification des d\u00e9chets liquides - FR\" onerror=\"this.style.display='none'\" loading=\"lazy\" \/>\n<h3>\n\t\t\tConventional Liquid Waste Disposal vs. MetaFLO&#8217;s On-Site Liquid Waste Disposal\t<\/h3>\n<h3>\n\t\t\tMetaFLO&#8217;s On-Site Liquid Waste Disposal (Solidification)\t<\/h3>\n\t<ul>\n<li>Le transport pour l'\u00e9limination n\u00e9cessite 60 camions \u00e0 benne<\/li>\n<li>D\u00e9chets transf\u00e9r\u00e9s vers un site d'\u00e9limination finale<\/li>\n<li>Risque r\u00e9duit gr\u00e2ce \u00e0 54% moins de camions et PAS de transport de liquide<\/li>\n<li>Meilleur contr\u00f4le des d\u00e9chets et de la conformit\u00e9 pour le client<\/li>\n<li>Environ 33% d'\u00e9conomies dans cet exemple<\/li>\n<li>63% r\u00e9duction des \u00e9missions de gaz \u00e0 effet de serre (C02 eq.)*<\/li>\n<li>Sol r\u00e9utilis\u00e9 comme mat\u00e9riau de remblai propre et r\u00e9g\u00e9n\u00e9rateur sur un site local de production d'agr\u00e9gats<\/li>\n<\/ul>\n<h3>\n\t\t\t\u00c9limination conventionnelle des d\u00e9chets liquides (pas de solidification)\t<\/h3>\n\t<ul>\n<li>Le transport pour l'\u00e9limination n\u00e9cessite 130 camions de vidange<\/li>\n<li>D\u00e9chets transf\u00e9r\u00e9s \u00e0 une station de transfert agr\u00e9\u00e9e<\/li>\n<li>Risque accru d\u00fb au transport de liquide<\/li>\n<li>Moins de contr\u00f4le des d\u00e9chets et de conformit\u00e9 pour le client<\/li>\n<li>Co\u00fbt plus \u00e9lev\u00e9 en raison du plus grand nombre de camions de vidange n\u00e9cessaires pour \u00e9liminer les d\u00e9chets (pay\u00e9s \u00e0 un prix plus \u00e9lev\u00e9 que les camions \u00e0 benne).<\/li>\n<li>Augmentation des \u00e9missions de gaz \u00e0 effet de serre en raison de l'augmentation du nombre de camions utilis\u00e9s pour le transport des d\u00e9chets<\/li>\n<li>Les d\u00e9chets ne peuvent pas \u00eatre \u00e9pandus en vue d'une r\u00e9utilisation b\u00e9n\u00e9fique.<\/li>\n<\/ul>\n<h2>\n\t\t\tMetaFLO&#8217;s Technology can Yield Significant Cost Savings\t<\/h2>\n\t\t\t\t<img decoding=\"async\" src=\"https:\/\/www.metaflotech.com\/wp-content\/uploads\/2024\/05\/Infographic.png\" alt=\"Infographie\" itemprop=\"image\" height=\"1810\" width=\"1280\" title=\"Infographie\" onerror=\"this.style.display='none'\" loading=\"lazy\" \/>\n<h3>\n\t\t\tMetaFLO&#8217;s Technology has a Reduced Environmental Impact\t<\/h3>\n\t<p>Our solidification methods use extremely low dosages of reagent to achieve regulatory solids criteria &#8211; often less than 1% wt\/wt. The low dosage adds less weight to the source waste than what is lost through natural evaporation after treatment resulting in a net reduction in total waste. Dump trucks can now be utilized to transport the solidified material to the appropriate disposal site far more efficiently than relying on vacuum trucks to transport liquids to treatment facilities. Additionally, liquid waste receiving sites are more scarce in most jurisdictions resulting in longer drives and greater cost associated with turn-around times. The table below illustrates how more trucks and greater drive times cause significant and unnecessary additional carbon emissions.<\/p>\n\t\t<iframe loading=\"lazy\" width=\"560\" height=\"315\" src=\"https:\/\/www.youtube.com\/embed\/WlS27JOvtbg\" title=\"Understanding Solidification - MetaFLO Technologies\" frameborder=\"0\" allow=\"accelerometer; autoplay; clipboard-write; encrypted-media; gyroscope; picture-in-picture\" allowfullscreen><\/iframe>\t\n\t\t\t\t<img decoding=\"async\" src=\"https:\/\/www.metaflotech.com\/wp-content\/uploads\/2021\/04\/image47.png\" alt=\"image47\" itemprop=\"image\" height=\"677\" width=\"845\" title=\"image47\" onerror=\"this.style.display='none'\" loading=\"lazy\" \/>\n\t<h1><strong>Nos r\u00e9actifs<\/strong><\/h1>\n<p>MetaFLO&#8217;s reagents turn industrial liquid waste streams into solids in minutes. By simply adding a minimal dosage of MetaFLO&#8217;s proprietary formulations to industrial liquid waste-from processes like HDD, drilling, boring, tunneling, micro-tunneling and hydro excavations-these reagents absorb excess water and immobilize any contaminants.<\/p>\n<p>All MetaFLO solidification products are environmentally safe, and are applied to help meet environmental solids criteria for wet spoils. The solidified material will also immobilize metals and hydrocarbons and can safely be transported to landfill directly from the generator site-or can be applied at liquid transfer stations prior to disposal.<\/p>\n<p>MetaFLO produit des r\u00e9actifs pour de nombreuses applications diff\u00e9rentes, et nous sommes \u00e9galement en mesure de concevoir un m\u00e9lange de r\u00e9actifs sp\u00e9cifiquement pour votre flux de d\u00e9chets. Contactez-nous pour plus d'informations.<\/p>\n\t\t\t\t<a href=\"https:\/\/www.metaflotech.com\/fr\/quest-ce-que-le-reactif-de-solidification-metaflo\/\"  target=\"_self\" itemprop=\"url\">\n\t\t\t\t<img decoding=\"async\" src=\"https:\/\/www.metaflotech.com\/wp-content\/uploads\/2021\/03\/What-150px.png\" alt=\"Qu&#039;est-ce que MetaFLO ?\" itemprop=\"image\" height=\"150\" width=\"150\" title=\"Quoi-150px\" onerror=\"this.style.display='none'\" loading=\"lazy\" \/>\n\t\t\t\t<\/a>\n\t\t\t\t<a href=\"https:\/\/www.metaflotech.com\/fr\/comment-fonctionne-metaflo\/\"  target=\"_self\" itemprop=\"url\">\n\t\t\t\t<img decoding=\"async\" src=\"https:\/\/www.metaflotech.com\/wp-content\/uploads\/2021\/03\/When-150px.png\" alt=\"Quand utiliser MetaFLO\" itemprop=\"image\" height=\"150\" width=\"150\" title=\"Quand-150px\" onerror=\"this.style.display='none'\" loading=\"lazy\" \/>\n\t\t\t\t<\/a>\n\t\t\t\t<a href=\"https:\/\/www.metaflotech.com\/fr\/pourquoi-choisir-metaflo-pour-la-gestion-des-dechets-liquides\/\"  target=\"_self\" itemprop=\"url\">\n\t\t\t\t<img decoding=\"async\" src=\"https:\/\/www.metaflotech.com\/wp-content\/uploads\/2021\/03\/Why-150px.png\" alt=\"Pourquoi choisir MetaFLO\" itemprop=\"image\" height=\"150\" width=\"150\" title=\"Pourquoi-150px\" onerror=\"this.style.display='none'\" loading=\"lazy\" \/>\n\t\t\t\t<\/a>","protected":false},"excerpt":{"rendered":"<p>Why choose MetaFLO for liquid waste management? MetaFLO&#8217;s advanced chemistry turns liquid waste into a stackable solid in real time. Our proprietary reagent formula solidifies the same amount of liquid but without creating excess volume (bulking), making disposal easier, more efficient and less costly. Simply put:\u00a0 less waste, lower transportation and disposal costs, improved safety,&hellip;<\/p>","protected":false},"author":1,"featured_media":0,"parent":0,"menu_order":0,"comment_status":"closed","ping_status":"closed","template":"","meta":{"_acf_changed":false,"inline_featured_image":false,"footnotes":""},"class_list":["post-73490","page","type-page","status-publish","hentry"],"acf":[],"yoast_head":"<!-- This site is optimized with the Yoast SEO plugin v27.4 - https:\/\/yoast.com\/product\/yoast-seo-wordpress\/ -->\n<title>Why Choose MetaFLO | MetaFLO Technologies<\/title>\n<meta name=\"description\" content=\"Proprietary reagent formula solidifies liquid but without creating excess volume, making disposal easier, more efficient and less costly.\" \/>\n<meta name=\"robots\" content=\"index, follow, max-snippet:-1, max-image-preview:large, max-video-preview:-1\" \/>\n<link rel=\"canonical\" href=\"https:\/\/www.metaflotech.com\/fr\/pourquoi-choisir-metaflo-pour-la-gestion-des-dechets-liquides\/\" \/>\n<meta property=\"og:locale\" content=\"fr_CA\" \/>\n<meta property=\"og:type\" content=\"article\" \/>\n<meta property=\"og:title\" content=\"Why Choose MetaFLO | MetaFLO Technologies\" \/>\n<meta property=\"og:description\" content=\"Proprietary reagent formula solidifies liquid but without creating excess volume, making disposal easier, more efficient and less costly.\" \/>\n<meta property=\"og:url\" content=\"https:\/\/www.metaflotech.com\/fr\/pourquoi-choisir-metaflo-pour-la-gestion-des-dechets-liquides\/\" \/>\n<meta property=\"og:site_name\" content=\"MetaFLO Technologies\" \/>\n<meta property=\"article:publisher\" content=\"https:\/\/www.facebook.com\/MetaFLOTechnologies\/\" \/>\n<meta property=\"article:modified_time\" content=\"2025-11-22T07:58:44+00:00\" \/>\n<meta property=\"og:image\" content=\"https:\/\/metaflotech.com\/wp-content\/uploads\/2021\/03\/about-metaflo-benefits-1.png\" \/>\n<meta name=\"twitter:card\" content=\"summary_large_image\" \/>\n<meta name=\"twitter:site\" content=\"@metaflo\" \/>\n<meta name=\"twitter:label1\" content=\"Estimation du temps de lecture\" \/>\n\t<meta name=\"twitter:data1\" content=\"4 minutes\" \/>\n<script type=\"application\/ld+json\" class=\"yoast-schema-graph\">{\"@context\":\"https:\\\/\\\/schema.org\",\"@graph\":[{\"@type\":\"WebPage\",\"@id\":\"https:\\\/\\\/www.metaflotech.com\\\/fr\\\/why-choose-metaflo-for-liquid-waste-management\\\/\",\"url\":\"https:\\\/\\\/www.metaflotech.com\\\/fr\\\/why-choose-metaflo-for-liquid-waste-management\\\/\",\"name\":\"Why Choose MetaFLO | MetaFLO Technologies\",\"isPartOf\":{\"@id\":\"https:\\\/\\\/www.metaflotech.com\\\/fr\\\/#website\"},\"primaryImageOfPage\":{\"@id\":\"https:\\\/\\\/www.metaflotech.com\\\/fr\\\/why-choose-metaflo-for-liquid-waste-management\\\/#primaryimage\"},\"image\":{\"@id\":\"https:\\\/\\\/www.metaflotech.com\\\/fr\\\/why-choose-metaflo-for-liquid-waste-management\\\/#primaryimage\"},\"thumbnailUrl\":\"https:\\\/\\\/metaflotech.com\\\/wp-content\\\/uploads\\\/2021\\\/03\\\/about-metaflo-benefits-1.png\",\"datePublished\":\"2021-04-26T15:49:39+00:00\",\"dateModified\":\"2025-11-22T07:58:44+00:00\",\"description\":\"Proprietary reagent formula solidifies liquid but without creating excess volume, making disposal easier, more efficient and less costly.\",\"breadcrumb\":{\"@id\":\"https:\\\/\\\/www.metaflotech.com\\\/fr\\\/why-choose-metaflo-for-liquid-waste-management\\\/#breadcrumb\"},\"inLanguage\":\"fr-CA\",\"potentialAction\":[{\"@type\":\"ReadAction\",\"target\":[\"https:\\\/\\\/www.metaflotech.com\\\/fr\\\/why-choose-metaflo-for-liquid-waste-management\\\/\"]}]},{\"@type\":\"ImageObject\",\"inLanguage\":\"fr-CA\",\"@id\":\"https:\\\/\\\/www.metaflotech.com\\\/fr\\\/why-choose-metaflo-for-liquid-waste-management\\\/#primaryimage\",\"url\":\"https:\\\/\\\/metaflotech.com\\\/wp-content\\\/uploads\\\/2021\\\/03\\\/about-metaflo-benefits-1.png\",\"contentUrl\":\"https:\\\/\\\/metaflotech.com\\\/wp-content\\\/uploads\\\/2021\\\/03\\\/about-metaflo-benefits-1.png\"},{\"@type\":\"BreadcrumbList\",\"@id\":\"https:\\\/\\\/www.metaflotech.com\\\/fr\\\/why-choose-metaflo-for-liquid-waste-management\\\/#breadcrumb\",\"itemListElement\":[{\"@type\":\"ListItem\",\"position\":1,\"name\":\"Home\",\"item\":\"https:\\\/\\\/www.metaflotech.com\\\/\"},{\"@type\":\"ListItem\",\"position\":2,\"name\":\"Why Choose MetaFLO\"}]},{\"@type\":\"WebSite\",\"@id\":\"https:\\\/\\\/www.metaflotech.com\\\/fr\\\/#website\",\"url\":\"https:\\\/\\\/www.metaflotech.com\\\/fr\\\/\",\"name\":\"MetaFLO Technologies\",\"description\":\"Engineered Polymer Solutions For Industrial Applications\",\"potentialAction\":[{\"@type\":\"SearchAction\",\"target\":{\"@type\":\"EntryPoint\",\"urlTemplate\":\"https:\\\/\\\/www.metaflotech.com\\\/fr\\\/?s={search_term_string}\"},\"query-input\":{\"@type\":\"PropertyValueSpecification\",\"valueRequired\":true,\"valueName\":\"search_term_string\"}}],\"inLanguage\":\"fr-CA\"}]}<\/script>\n<!-- \/ Yoast SEO plugin. -->","yoast_head_json":{"title":"Why Choose MetaFLO | MetaFLO Technologies","description":"La formule exclusive des r\u00e9actifs solidifie les liquides sans cr\u00e9er de volume excessif, ce qui rend l'\u00e9limination plus facile, plus efficace et moins co\u00fbteuse.","robots":{"index":"index","follow":"follow","max-snippet":"max-snippet:-1","max-image-preview":"max-image-preview:large","max-video-preview":"max-video-preview:-1"},"canonical":"https:\/\/www.metaflotech.com\/fr\/pourquoi-choisir-metaflo-pour-la-gestion-des-dechets-liquides\/","og_locale":"fr_CA","og_type":"article","og_title":"Why Choose MetaFLO | MetaFLO Technologies","og_description":"Proprietary reagent formula solidifies liquid but without creating excess volume, making disposal easier, more efficient and less costly.","og_url":"https:\/\/www.metaflotech.com\/fr\/pourquoi-choisir-metaflo-pour-la-gestion-des-dechets-liquides\/","og_site_name":"MetaFLO Technologies","article_publisher":"https:\/\/www.facebook.com\/MetaFLOTechnologies\/","article_modified_time":"2025-11-22T07:58:44+00:00","og_image":[{"url":"https:\/\/metaflotech.com\/wp-content\/uploads\/2021\/03\/about-metaflo-benefits-1.png","type":"","width":"","height":""}],"twitter_card":"summary_large_image","twitter_site":"@metaflo","twitter_misc":{"Estimation du temps de lecture":"4 minutes"},"schema":{"@context":"https:\/\/schema.org","@graph":[{"@type":"WebPage","@id":"https:\/\/www.metaflotech.com\/fr\/why-choose-metaflo-for-liquid-waste-management\/","url":"https:\/\/www.metaflotech.com\/fr\/why-choose-metaflo-for-liquid-waste-management\/","name":"Why Choose MetaFLO | MetaFLO Technologies","isPartOf":{"@id":"https:\/\/www.metaflotech.com\/fr\/#website"},"primaryImageOfPage":{"@id":"https:\/\/www.metaflotech.com\/fr\/why-choose-metaflo-for-liquid-waste-management\/#primaryimage"},"image":{"@id":"https:\/\/www.metaflotech.com\/fr\/why-choose-metaflo-for-liquid-waste-management\/#primaryimage"},"thumbnailUrl":"https:\/\/metaflotech.com\/wp-content\/uploads\/2021\/03\/about-metaflo-benefits-1.png","datePublished":"2021-04-26T15:49:39+00:00","dateModified":"2025-11-22T07:58:44+00:00","description":"La formule exclusive des r\u00e9actifs solidifie les liquides sans cr\u00e9er de volume excessif, ce qui rend l'\u00e9limination plus facile, plus efficace et moins co\u00fbteuse.","breadcrumb":{"@id":"https:\/\/www.metaflotech.com\/fr\/why-choose-metaflo-for-liquid-waste-management\/#breadcrumb"},"inLanguage":"fr-CA","potentialAction":[{"@type":"ReadAction","target":["https:\/\/www.metaflotech.com\/fr\/why-choose-metaflo-for-liquid-waste-management\/"]}]},{"@type":"ImageObject","inLanguage":"fr-CA","@id":"https:\/\/www.metaflotech.com\/fr\/why-choose-metaflo-for-liquid-waste-management\/#primaryimage","url":"https:\/\/metaflotech.com\/wp-content\/uploads\/2021\/03\/about-metaflo-benefits-1.png","contentUrl":"https:\/\/metaflotech.com\/wp-content\/uploads\/2021\/03\/about-metaflo-benefits-1.png"},{"@type":"BreadcrumbList","@id":"https:\/\/www.metaflotech.com\/fr\/why-choose-metaflo-for-liquid-waste-management\/#breadcrumb","itemListElement":[{"@type":"ListItem","position":1,"name":"Home","item":"https:\/\/www.metaflotech.com\/"},{"@type":"ListItem","position":2,"name":"Why Choose MetaFLO"}]},{"@type":"WebSite","@id":"https:\/\/www.metaflotech.com\/fr\/#website","url":"https:\/\/www.metaflotech.com\/fr\/","name":"MetaFLO Technologies","description":"Solutions d'ing\u00e9nierie en mati\u00e8re de polym\u00e8res pour les applications industrielles","potentialAction":[{"@type":"SearchAction","target":{"@type":"EntryPoint","urlTemplate":"https:\/\/www.metaflotech.com\/fr\/?s={search_term_string}"},"query-input":{"@type":"PropertyValueSpecification","valueRequired":true,"valueName":"search_term_string"}}],"inLanguage":"fr-CA"}]}},"_links":{"self":[{"href":"https:\/\/www.metaflotech.com\/fr\/wp-json\/wp\/v2\/pages\/73490","targetHints":{"allow":["GET"]}}],"collection":[{"href":"https:\/\/www.metaflotech.com\/fr\/wp-json\/wp\/v2\/pages"}],"about":[{"href":"https:\/\/www.metaflotech.com\/fr\/wp-json\/wp\/v2\/types\/page"}],"author":[{"embeddable":true,"href":"https:\/\/www.metaflotech.com\/fr\/wp-json\/wp\/v2\/users\/1"}],"replies":[{"embeddable":true,"href":"https:\/\/www.metaflotech.com\/fr\/wp-json\/wp\/v2\/comments?post=73490"}],"version-history":[{"count":0,"href":"https:\/\/www.metaflotech.com\/fr\/wp-json\/wp\/v2\/pages\/73490\/revisions"}],"wp:attachment":[{"href":"https:\/\/www.metaflotech.com\/fr\/wp-json\/wp\/v2\/media?parent=73490"}],"curies":[{"name":"wp","href":"https:\/\/api.w.org\/{rel}","templated":true}]}}