{"id":89260,"date":"2024-03-25T11:28:51","date_gmt":"2024-03-25T11:28:51","guid":{"rendered":"https:\/\/www.metaflotech.com\/?page_id=89260"},"modified":"2026-03-12T13:15:08","modified_gmt":"2026-03-12T13:15:08","slug":"mf003","status":"publish","type":"page","link":"https:\/\/www.metaflotech.com\/fr\/products\/solidification-reagents\/mf003\/","title":{"rendered":"MF003 Liquid Waste Solidification Polymer"},"content":{"rendered":"<img decoding=\"async\" src=\"https:\/\/www.metaflotech.com\/wp-content\/uploads\/2024\/03\/Dark-MF003.svg\" alt=\"MF003\" itemprop=\"image\" height=\"100\" width=\"100\" onerror=\"this.style.display='none'\" loading=\"lazy\" \/>\r\n\t<h1><strong>Id\u00e9al pour la solidification de divers flux de d\u00e9chets liquides<br \/>\r\n<\/strong><\/h1>\r\n<h1>Con\u00e7u pour solidifier les d\u00e9chets liquides provenant du creusement de tunnels (EPB), du forage directionnel, etc.<\/h1>\r\n\t<h3><strong>Application<\/strong><\/h3>\r\n\t\t\t <p>Forage directionnel<\/p>\t\t\r\n\t\t\t <p>Tunnel (EPB)<\/p>\t\t\r\n\t\t\t <p>Micro-tunnelier<\/p>\t\t\r\n\t\t\t <p>Eaux pluviales S\u00e9diments<\/p>\r\n\t\t\t <p>Boues \u00e0 base d'eau<\/p>\t\t\r\n\t\t\t <p>Infrastructure Boues<\/p>\r\n\t\t\t <p>Flux de d\u00e9chets variables<\/p>\r\n\t<h3><strong>Remplace<\/strong><\/h3>\r\n\t\t\t <p>Sciure<\/p>\r\n\t\t\t <p>Chaux<\/p>\r\n\t\t\t <p>Autres amendements secs<\/p>\r\n\t<h3><strong>Avantages<\/strong><\/h3>\r\n\t\t\t <p>Con\u00e7u pour solidifier les d\u00e9chets liquides afin de satisfaire au test du filtre \u00e0 peinture (m\u00e9thode de test EPA 9095).<\/p>\r\n\t\t\t <p>Tr\u00e8s faibles exigences en mati\u00e8re de dosage<\/p>\r\n\t\t\t <p>Teneur variable en mati\u00e8res solides<\/p>\t\t\r\n\t\t\t <p>Peut r\u00e9duire le poids et le volume jusqu'\u00e0 20% (dans des conditions favorables et s\u00e8ches)<\/p>\t\t\r\n\t\t\t <p>Transforme rapidement les fluides de forage en solides (&lt;30 minutes)<\/p>\t\t\r\n\t\t\t <p>Cr\u00e9e un solide sec et empilable pour faciliter la manipulation et le transport.<\/p>\t\t\r\n\t\t\t <p>Immobilise les contaminants<\/p>\t\t\r\n\t\t\t <p>Tests de microtoxicit\u00e9 r\u00e9ussis<\/p>\t\t\r\n\t\t\t <p>Effets minimes de l'humidit\u00e9<\/p>\r\n\t\t\t <p>Respect de la mise en d\u00e9charge<\/p>\r\n\t<h1><strong>Nos r\u00e9actifs<\/strong><\/h1>\r\n<p>MetaFLO&#8217;s reagents turn industrial liquid waste streams into solids in minutes. By simply adding a minimal dosage of MetaFLO&#8217;s proprietary formulations to industrial liquid waste-from processes like HDD, drilling, boring, tunneling, micro-tunneling and hydro excavations-these reagents absorb excess water and immobilize any contaminants.<\/p>\r\n<p>All MetaFLO solidification products are environmentally safe, and are applied to help meet environmental solids criteria for wet spoils. The solidified material will also immobilize metals and hydrocarbons and can safely be transported to landfill directly from the generator site-or can be applied at liquid transfer stations prior to disposal.<\/p>\r\n<p>MetaFLO produit des r\u00e9actifs pour de nombreuses applications diff\u00e9rentes, et nous sommes \u00e9galement en mesure de concevoir un m\u00e9lange de r\u00e9actifs sp\u00e9cifiquement pour votre flux de d\u00e9chets. Contactez-nous pour plus d'informations.<\/p>\r\n\t\t\t\t<a href=\"https:\/\/www.metaflotech.com\/fr\/quest-ce-que-le-reactif-de-solidification-metaflo\/\"  target=\"_self\" itemprop=\"url\">\r\n\t\t\t\t<img decoding=\"async\" src=\"https:\/\/www.metaflotech.com\/wp-content\/uploads\/2021\/03\/What-150px.png\" alt=\"Qu&#039;est-ce que MetaFLO ?\" itemprop=\"image\" height=\"150\" width=\"150\" title=\"Quoi-150px\" onerror=\"this.style.display='none'\" loading=\"lazy\" \/>\r\n\t\t\t\t<\/a>\r\n\t\t\t\t<a href=\"https:\/\/www.metaflotech.com\/fr\/comment-fonctionne-metaflo\/\"  target=\"_self\" itemprop=\"url\">\r\n\t\t\t\t<img decoding=\"async\" src=\"https:\/\/www.metaflotech.com\/wp-content\/uploads\/2021\/03\/When-150px.png\" alt=\"Quand utiliser MetaFLO\" itemprop=\"image\" height=\"150\" width=\"150\" title=\"Quand-150px\" onerror=\"this.style.display='none'\" loading=\"lazy\" \/>\r\n\t\t\t\t<\/a>\r\n\t\t\t\t<a href=\"https:\/\/www.metaflotech.com\/fr\/pourquoi-choisir-metaflo-pour-la-gestion-des-dechets-liquides\/\"  target=\"_self\" itemprop=\"url\">\r\n\t\t\t\t<img decoding=\"async\" src=\"https:\/\/www.metaflotech.com\/wp-content\/uploads\/2021\/03\/Why-150px.png\" alt=\"Pourquoi choisir MetaFLO\" itemprop=\"image\" height=\"150\" width=\"150\" title=\"Pourquoi-150px\" onerror=\"this.style.display='none'\" loading=\"lazy\" \/>\r\n\t\t\t\t<\/a>\r\n<h2>\r\n\t\t\t\u00c9tudes de cas\t<\/h2>\r\n<h3>\r\n\t\t<a href=\"https:\/\/www.metaflotech.com\/wp-content\/uploads\/2024\/12\/MF003-Case-Study-1_-Tunneling-English-MetaFLO-Technologies.pdf\" title=\"Australia's Longest Road Tunnel Made Efficient with MetaFLO's Waste Transport Solution\"  target=\"_self\">\r\n\t\t\tAustralia&#8217;s Longest Road Tunnel Made Efficient with MetaFLO&#8217;s Waste Transport Solution\t\t<\/a>\r\n\t<\/h3>\r\n\t<p>Rapid solidification technology simplifies waste handling, saving time and costs for Sydney&#8217;s NorthConnex project.<\/p>\r\n<h3>\r\n\t\t<a href=\"https:\/\/www.metaflotech.com\/wp-content\/uploads\/2024\/12\/MF003-Case-Study-2-English-MetaFLO-Technologies.pdf\" title=\"Solidification rapide des d\u00e9chets de coulis complexes sur les chantiers de construction\"  target=\"_self\">\r\n\t\t\tSolidification rapide des d\u00e9chets de coulis complexes sur les chantiers de construction\t\t<\/a>\r\n\t<\/h3>\r\n\t<p>MetaFLO&#8217;s swift solution for jet grout spoils keeps projects on schedule and minimizes environmental impact, offering a reliable method to handle chemically complex waste in the construction industry.<\/p>\r\n\t\t\t\t<a href=\"https:\/\/www.metaflotech.com\/fr\/produits\/reactifs-de-solidification\/mf003\/\"  target=\"_self\" itemprop=\"url\">\r\n\t\t\t\t<img decoding=\"async\" src=\"https:\/\/www.metaflotech.com\/wp-content\/uploads\/2024\/03\/Logo-MF003.svg\" alt=\"Logo MF003\" itemprop=\"image\" height=\"100\" width=\"100\" title=\"Logo MF003\" onerror=\"this.style.display='none'\" loading=\"lazy\" \/>\r\n\t\t\t\t<\/a>\r\n\t<p>\u2713 Flux de d\u00e9chets liquides<\/p>\r\n\t\t\t\t<a href=\"https:\/\/www.metaflotech.com\/fr\/produits\/reactifs-de-solidification\/mf006\/\"  target=\"_self\" itemprop=\"url\">\r\n\t\t\t\t<img decoding=\"async\" src=\"https:\/\/www.metaflotech.com\/wp-content\/uploads\/2024\/03\/Logo-MF006.svg\" alt=\"Logo MF006\" itemprop=\"image\" height=\"100\" width=\"100\" title=\"Logo MF006\" onerror=\"this.style.display='none'\" loading=\"lazy\" \/>\r\n\t\t\t\t<\/a>\r\n\t<p>\u2713 Semi-solides \u00e0 base d'eau<\/p>\r\n\t\t\t\t<a href=\"https:\/\/www.metaflotech.com\/fr\/produits\/reactifs-de-solidification\/mf008\/\"  target=\"_self\" itemprop=\"url\">\r\n\t\t\t\t<img decoding=\"async\" src=\"https:\/\/www.metaflotech.com\/wp-content\/uploads\/2024\/03\/Logo-MF008.svg\" alt=\"Logo MF008\" itemprop=\"image\" height=\"100\" width=\"100\" title=\"Logo MF008\" onerror=\"this.style.display='none'\" loading=\"lazy\" \/>\r\n\t\t\t\t<\/a>\r\n\t<p>\u2713 Applications p\u00e9troli\u00e8res et gazi\u00e8res<\/p>","protected":false},"excerpt":{"rendered":"<p>Ideal for solidification of various liquid waste streams Designed to solidify liquid wastes from tunneling (EPB), directional drilling and more Application Directional Drilling Tunneling (EPB) Micro-Tunnelling Stormwater Sediment Water-Based Slurries Infrastructure Sludge Variable Waste Streams Replaces Sawdust Lime Other Dry Amendments Benefits Designed to solidify liquid wastes to meet the Paint Filter Test (EPA Test&hellip;<\/p>","protected":false},"author":1,"featured_media":0,"parent":108080,"menu_order":0,"comment_status":"closed","ping_status":"closed","template":"","meta":{"_acf_changed":false,"inline_featured_image":false,"footnotes":""},"class_list":["post-89260","page","type-page","status-publish","hentry"],"acf":[],"yoast_head":"<!-- This site is optimized with the Yoast SEO plugin v27.4 - https:\/\/yoast.com\/product\/yoast-seo-wordpress\/ -->\n<title>MF003 Liquid Waste Solidification Polymer | MetaFLO Technologies<\/title>\n<meta name=\"description\" content=\"MF003 is a high-performance polymer for liquid waste, sludge and slurry solidification, enabling faster handling, safer transport and reduced disposal costs.\" \/>\n<meta name=\"robots\" content=\"index, follow, max-snippet:-1, max-image-preview:large, max-video-preview:-1\" \/>\n<link rel=\"canonical\" href=\"https:\/\/www.metaflotech.com\/fr\/produits\/reactifs-de-solidification\/mf003\/\" \/>\n<meta property=\"og:locale\" content=\"fr_CA\" \/>\n<meta property=\"og:type\" content=\"article\" \/>\n<meta property=\"og:title\" content=\"MF003 Liquid Waste Solidification Polymer | MetaFLO Technologies\" \/>\n<meta property=\"og:description\" content=\"MF003 is a high-performance polymer for liquid waste, sludge and slurry solidification, enabling faster handling, safer transport and reduced disposal costs.\" \/>\n<meta property=\"og:url\" content=\"https:\/\/www.metaflotech.com\/fr\/produits\/reactifs-de-solidification\/mf003\/\" \/>\n<meta property=\"og:site_name\" content=\"MetaFLO Technologies\" \/>\n<meta property=\"article:publisher\" content=\"https:\/\/www.facebook.com\/MetaFLOTechnologies\/\" \/>\n<meta property=\"article:modified_time\" content=\"2026-03-12T13:15:08+00:00\" \/>\n<meta property=\"og:image\" content=\"https:\/\/www.metaflotech.com\/wp-content\/uploads\/2024\/03\/Dark-MF003.svg\" \/>\n<meta name=\"twitter:card\" content=\"summary_large_image\" \/>\n<meta name=\"twitter:site\" content=\"@metaflo\" \/>\n<meta name=\"twitter:label1\" content=\"Estimation du temps de lecture\" \/>\n\t<meta name=\"twitter:data1\" content=\"3 minutes\" \/>\n<script type=\"application\/ld+json\" class=\"yoast-schema-graph\">{\"@context\":\"https:\\\/\\\/schema.org\",\"@graph\":[{\"@type\":\"WebPage\",\"@id\":\"https:\\\/\\\/www.metaflotech.com\\\/fr\\\/products\\\/solidification-reagents\\\/mf003\\\/\",\"url\":\"https:\\\/\\\/www.metaflotech.com\\\/fr\\\/products\\\/solidification-reagents\\\/mf003\\\/\",\"name\":\"MF003 Liquid Waste Solidification Polymer | MetaFLO Technologies\",\"isPartOf\":{\"@id\":\"https:\\\/\\\/www.metaflotech.com\\\/fr\\\/#website\"},\"primaryImageOfPage\":{\"@id\":\"https:\\\/\\\/www.metaflotech.com\\\/fr\\\/products\\\/solidification-reagents\\\/mf003\\\/#primaryimage\"},\"image\":{\"@id\":\"https:\\\/\\\/www.metaflotech.com\\\/fr\\\/products\\\/solidification-reagents\\\/mf003\\\/#primaryimage\"},\"thumbnailUrl\":\"https:\\\/\\\/www.metaflotech.com\\\/wp-content\\\/uploads\\\/2024\\\/03\\\/Dark-MF003.svg\",\"datePublished\":\"2024-03-25T11:28:51+00:00\",\"dateModified\":\"2026-03-12T13:15:08+00:00\",\"description\":\"MF003 is a high-performance polymer for liquid waste, sludge and slurry solidification, enabling faster handling, safer transport and reduced disposal costs.\",\"breadcrumb\":{\"@id\":\"https:\\\/\\\/www.metaflotech.com\\\/fr\\\/products\\\/solidification-reagents\\\/mf003\\\/#breadcrumb\"},\"inLanguage\":\"fr-CA\",\"potentialAction\":[{\"@type\":\"ReadAction\",\"target\":[\"https:\\\/\\\/www.metaflotech.com\\\/fr\\\/products\\\/solidification-reagents\\\/mf003\\\/\"]}]},{\"@type\":\"ImageObject\",\"inLanguage\":\"fr-CA\",\"@id\":\"https:\\\/\\\/www.metaflotech.com\\\/fr\\\/products\\\/solidification-reagents\\\/mf003\\\/#primaryimage\",\"url\":\"https:\\\/\\\/www.metaflotech.com\\\/wp-content\\\/uploads\\\/2024\\\/03\\\/Dark-MF003.svg\",\"contentUrl\":\"https:\\\/\\\/www.metaflotech.com\\\/wp-content\\\/uploads\\\/2024\\\/03\\\/Dark-MF003.svg\"},{\"@type\":\"BreadcrumbList\",\"@id\":\"https:\\\/\\\/www.metaflotech.com\\\/fr\\\/products\\\/solidification-reagents\\\/mf003\\\/#breadcrumb\",\"itemListElement\":[{\"@type\":\"ListItem\",\"position\":1,\"name\":\"Home\",\"item\":\"https:\\\/\\\/www.metaflotech.com\\\/\"},{\"@type\":\"ListItem\",\"position\":2,\"name\":\"Products\",\"item\":\"https:\\\/\\\/www.metaflotech.com\\\/products\\\/\"},{\"@type\":\"ListItem\",\"position\":3,\"name\":\"Solidification Reagents (MF)\",\"item\":\"https:\\\/\\\/www.metaflotech.com\\\/products\\\/solidification-reagents\\\/\"},{\"@type\":\"ListItem\",\"position\":4,\"name\":\"MF003 Liquid Waste Solidification Polymer\"}]},{\"@type\":\"WebSite\",\"@id\":\"https:\\\/\\\/www.metaflotech.com\\\/fr\\\/#website\",\"url\":\"https:\\\/\\\/www.metaflotech.com\\\/fr\\\/\",\"name\":\"MetaFLO Technologies\",\"description\":\"Engineered Polymer Solutions For Industrial Applications\",\"potentialAction\":[{\"@type\":\"SearchAction\",\"target\":{\"@type\":\"EntryPoint\",\"urlTemplate\":\"https:\\\/\\\/www.metaflotech.com\\\/fr\\\/?s={search_term_string}\"},\"query-input\":{\"@type\":\"PropertyValueSpecification\",\"valueRequired\":true,\"valueName\":\"search_term_string\"}}],\"inLanguage\":\"fr-CA\"}]}<\/script>\n<!-- \/ Yoast SEO plugin. -->","yoast_head_json":{"title":"MF003 Liquid Waste Solidification Polymer | MetaFLO Technologies","description":"MF003 is a high-performance polymer for liquid waste, sludge and slurry solidification, enabling faster handling, safer transport and reduced disposal costs.","robots":{"index":"index","follow":"follow","max-snippet":"max-snippet:-1","max-image-preview":"max-image-preview:large","max-video-preview":"max-video-preview:-1"},"canonical":"https:\/\/www.metaflotech.com\/fr\/produits\/reactifs-de-solidification\/mf003\/","og_locale":"fr_CA","og_type":"article","og_title":"MF003 Liquid Waste Solidification Polymer | MetaFLO Technologies","og_description":"MF003 is a high-performance polymer for liquid waste, sludge and slurry solidification, enabling faster handling, safer transport and reduced disposal costs.","og_url":"https:\/\/www.metaflotech.com\/fr\/produits\/reactifs-de-solidification\/mf003\/","og_site_name":"MetaFLO Technologies","article_publisher":"https:\/\/www.facebook.com\/MetaFLOTechnologies\/","article_modified_time":"2026-03-12T13:15:08+00:00","og_image":[{"url":"https:\/\/www.metaflotech.com\/wp-content\/uploads\/2024\/03\/Dark-MF003.svg","type":"","width":"","height":""}],"twitter_card":"summary_large_image","twitter_site":"@metaflo","twitter_misc":{"Estimation du temps de lecture":"3 minutes"},"schema":{"@context":"https:\/\/schema.org","@graph":[{"@type":"WebPage","@id":"https:\/\/www.metaflotech.com\/fr\/products\/solidification-reagents\/mf003\/","url":"https:\/\/www.metaflotech.com\/fr\/products\/solidification-reagents\/mf003\/","name":"MF003 Liquid Waste Solidification Polymer | MetaFLO Technologies","isPartOf":{"@id":"https:\/\/www.metaflotech.com\/fr\/#website"},"primaryImageOfPage":{"@id":"https:\/\/www.metaflotech.com\/fr\/products\/solidification-reagents\/mf003\/#primaryimage"},"image":{"@id":"https:\/\/www.metaflotech.com\/fr\/products\/solidification-reagents\/mf003\/#primaryimage"},"thumbnailUrl":"https:\/\/www.metaflotech.com\/wp-content\/uploads\/2024\/03\/Dark-MF003.svg","datePublished":"2024-03-25T11:28:51+00:00","dateModified":"2026-03-12T13:15:08+00:00","description":"MF003 is a high-performance polymer for liquid waste, sludge and slurry solidification, enabling faster handling, safer transport and reduced disposal costs.","breadcrumb":{"@id":"https:\/\/www.metaflotech.com\/fr\/products\/solidification-reagents\/mf003\/#breadcrumb"},"inLanguage":"fr-CA","potentialAction":[{"@type":"ReadAction","target":["https:\/\/www.metaflotech.com\/fr\/products\/solidification-reagents\/mf003\/"]}]},{"@type":"ImageObject","inLanguage":"fr-CA","@id":"https:\/\/www.metaflotech.com\/fr\/products\/solidification-reagents\/mf003\/#primaryimage","url":"https:\/\/www.metaflotech.com\/wp-content\/uploads\/2024\/03\/Dark-MF003.svg","contentUrl":"https:\/\/www.metaflotech.com\/wp-content\/uploads\/2024\/03\/Dark-MF003.svg"},{"@type":"BreadcrumbList","@id":"https:\/\/www.metaflotech.com\/fr\/products\/solidification-reagents\/mf003\/#breadcrumb","itemListElement":[{"@type":"ListItem","position":1,"name":"Home","item":"https:\/\/www.metaflotech.com\/"},{"@type":"ListItem","position":2,"name":"Products","item":"https:\/\/www.metaflotech.com\/products\/"},{"@type":"ListItem","position":3,"name":"Solidification Reagents (MF)","item":"https:\/\/www.metaflotech.com\/products\/solidification-reagents\/"},{"@type":"ListItem","position":4,"name":"MF003 Liquid Waste Solidification Polymer"}]},{"@type":"WebSite","@id":"https:\/\/www.metaflotech.com\/fr\/#website","url":"https:\/\/www.metaflotech.com\/fr\/","name":"MetaFLO Technologies","description":"Solutions d'ing\u00e9nierie en mati\u00e8re de polym\u00e8res pour les applications industrielles","potentialAction":[{"@type":"SearchAction","target":{"@type":"EntryPoint","urlTemplate":"https:\/\/www.metaflotech.com\/fr\/?s={search_term_string}"},"query-input":{"@type":"PropertyValueSpecification","valueRequired":true,"valueName":"search_term_string"}}],"inLanguage":"fr-CA"}]}},"_links":{"self":[{"href":"https:\/\/www.metaflotech.com\/fr\/wp-json\/wp\/v2\/pages\/89260","targetHints":{"allow":["GET"]}}],"collection":[{"href":"https:\/\/www.metaflotech.com\/fr\/wp-json\/wp\/v2\/pages"}],"about":[{"href":"https:\/\/www.metaflotech.com\/fr\/wp-json\/wp\/v2\/types\/page"}],"author":[{"embeddable":true,"href":"https:\/\/www.metaflotech.com\/fr\/wp-json\/wp\/v2\/users\/1"}],"replies":[{"embeddable":true,"href":"https:\/\/www.metaflotech.com\/fr\/wp-json\/wp\/v2\/comments?post=89260"}],"version-history":[{"count":0,"href":"https:\/\/www.metaflotech.com\/fr\/wp-json\/wp\/v2\/pages\/89260\/revisions"}],"up":[{"embeddable":true,"href":"https:\/\/www.metaflotech.com\/fr\/wp-json\/wp\/v2\/pages\/108080"}],"wp:attachment":[{"href":"https:\/\/www.metaflotech.com\/fr\/wp-json\/wp\/v2\/media?parent=89260"}],"curies":[{"name":"wp","href":"https:\/\/api.w.org\/{rel}","templated":true}]}}