{"id":89264,"date":"2024-03-25T11:40:55","date_gmt":"2024-03-25T11:40:55","guid":{"rendered":"https:\/\/www.metaflotech.com\/?page_id=89264"},"modified":"2026-03-12T13:13:32","modified_gmt":"2026-03-12T13:13:32","slug":"mf006","status":"publish","type":"page","link":"https:\/\/www.metaflotech.com\/fr\/products\/solidification-reagents\/mf006\/","title":{"rendered":"MF006 Semi-Solid Waste Solidification Polymer"},"content":{"rendered":"<img decoding=\"async\" src=\"https:\/\/www.metaflotech.com\/wp-content\/uploads\/2024\/03\/Dark-MF006.svg\" alt=\"MF006\" itemprop=\"image\" height=\"100\" width=\"100\" onerror=\"this.style.display='none'\" loading=\"lazy\" \/>\r\n\t<h1><strong>Id\u00e9al pour la solidification des semi-solides \u00e0 base d'eau<\/strong><\/h1>\r\n<h1>tels que les d\u00e9blais de forage, les mat\u00e9riaux d'hydro-excavation, les d\u00e9chets miniers, les d\u00e9chets municipaux, les bassins d'orage<\/h1>\r\n\t<h3><strong>Application<\/strong><\/h3>\r\n\t\t\t <p>P\u00e9trole et gaz<\/p>\t\t\r\n\t\t\t <p>Hydro Excavation<\/p>\t\t\r\n\t\t\t <p>Lagunes de d\u00e9chets municipaux<\/p>\t\t\r\n\t\t\t <p>Creusement de tunnels (TBM, Micro)<\/p>\t\t\r\n\t\t\t <p>D\u00e9bris de forage (\u00e0 base d'eau)<\/p>\r\n\t\t\t <p>Eaux pluviales S\u00e9diments<\/p>\r\n\t<h3><strong>Remplace<\/strong><\/h3>\r\n\t\t\t <p>Sciure<\/p>\r\n\t\t\t <p>Chaux<\/p>\r\n\t\t\t <p>Autres amendements secs<\/p>\r\n\t<h3><strong>Avantages<\/strong><\/h3>\r\n\t\t\t <p>Parfait pour les petits lots et les mat\u00e9riaux non pompables<\/p>\t\t\r\n\t\t\t <p>Boues humides \u00e0 forte teneur en mati\u00e8res en suspension<\/p>\t\t\r\n\t\t\t <p>Faibles exigences en mati\u00e8re de dosage<\/p>\t\t\r\n\t\t\t <p>Peut r\u00e9duire le poids et le volume jusqu'\u00e0 20% (dans des conditions favorables et s\u00e8ches)<\/p>\t\t\r\n\t\t\t <p>Transforme rapidement les fluides de forage en solides (&lt;30 minutes)<\/p>\t\t\r\n\t\t\t <p>Cr\u00e9e un solide sec et empilable pour faciliter la manipulation et le transport.<\/p>\t\t\r\n\t\t\t <p>Aide les d\u00e9chets \u00e0 satisfaire aux crit\u00e8res du test du filtre \u00e0 peinture (PFT)<\/p>\t\t\r\n\t\t\t <p>Immobilise les contaminants<\/p>\t\t\r\n\t\t\t <p>Tests de microtoxicit\u00e9 r\u00e9ussis<\/p>\t\t\r\n\t\t\t <p>Effets minimes de l'humidit\u00e9<\/p>\r\n\t\t\t <p>Respect de la mise en d\u00e9charge<\/p>\r\n\t<h1><strong>Nos r\u00e9actifs<\/strong><\/h1>\r\n<p>MetaFLO&#8217;s reagents turn industrial liquid waste streams into solids in minutes. By simply adding a minimal dosage of MetaFLO&#8217;s proprietary formulations to industrial liquid waste-from processes like HDD, drilling, boring, tunneling, micro-tunneling and hydro excavations-these reagents absorb excess water and immobilize any contaminants.<\/p>\r\n<p>All MetaFLO solidification products are environmentally safe, and are applied to help meet environmental solids criteria for wet spoils. The solidified material will also immobilize metals and hydrocarbons and can safely be transported to landfill directly from the generator site-or can be applied at liquid transfer stations prior to disposal.<\/p>\r\n<p>MetaFLO produit des r\u00e9actifs pour de nombreuses applications diff\u00e9rentes, et nous sommes \u00e9galement en mesure de concevoir un m\u00e9lange de r\u00e9actifs sp\u00e9cifiquement pour votre flux de d\u00e9chets. Contactez-nous pour plus d'informations.<\/p>\r\n\t\t\t\t<a href=\"https:\/\/www.metaflotech.com\/fr\/quest-ce-que-le-reactif-de-solidification-metaflo\/\"  target=\"_self\" itemprop=\"url\">\r\n\t\t\t\t<img decoding=\"async\" src=\"https:\/\/www.metaflotech.com\/wp-content\/uploads\/2021\/03\/What-150px.png\" alt=\"Qu&#039;est-ce que MetaFLO ?\" itemprop=\"image\" height=\"150\" width=\"150\" title=\"Quoi-150px\" onerror=\"this.style.display='none'\" loading=\"lazy\" \/>\r\n\t\t\t\t<\/a>\r\n\t\t\t\t<a href=\"https:\/\/www.metaflotech.com\/fr\/comment-fonctionne-metaflo\/\"  target=\"_self\" itemprop=\"url\">\r\n\t\t\t\t<img decoding=\"async\" src=\"https:\/\/www.metaflotech.com\/wp-content\/uploads\/2021\/03\/When-150px.png\" alt=\"Quand utiliser MetaFLO\" itemprop=\"image\" height=\"150\" width=\"150\" title=\"Quand-150px\" onerror=\"this.style.display='none'\" loading=\"lazy\" \/>\r\n\t\t\t\t<\/a>\r\n\t\t\t\t<a href=\"https:\/\/www.metaflotech.com\/fr\/pourquoi-choisir-metaflo-pour-la-gestion-des-dechets-liquides\/\"  target=\"_self\" itemprop=\"url\">\r\n\t\t\t\t<img decoding=\"async\" src=\"https:\/\/www.metaflotech.com\/wp-content\/uploads\/2021\/03\/Why-150px.png\" alt=\"Pourquoi choisir MetaFLO\" itemprop=\"image\" height=\"150\" width=\"150\" title=\"Pourquoi-150px\" onerror=\"this.style.display='none'\" loading=\"lazy\" \/>\r\n\t\t\t\t<\/a>\r\n<h2>\r\n\t\t\t\u00c9tudes de cas\t<\/h2>\r\n<h3>\r\n\t\t<a href=\"https:\/\/www.metaflotech.com\/wp-content\/uploads\/2024\/12\/MF006-Case-Study-1_-Tunneling-English-MetaFLO-Technologies.pdf\" title=\"Revolutionizing Waste Management for Toronto's Crosstown Subway\"  target=\"_self\">\r\n\t\t\tRevolutionizing Waste Management for Toronto&#8217;s Crosstown Subway\t\t<\/a>\r\n\t<\/h3>\r\n\t<p>MetaFLO&#8217;s solidification solution slashes transportation costs and meets stringent urban regulatory standards, supporting a sustainable transit infrastructure in one of Canada&#8217;s busiest cities.<\/p>\r\n<h3>\r\n\t\t<a href=\"https:\/\/www.metaflotech.com\/wp-content\/uploads\/2024\/12\/MF006-Case-Study-2_-HDD-English-MetaFLO-Technologies.pdf\" title=\"Optimisation du traitement des d\u00e9chets pour les projets de canalisations urbaines\"  target=\"_self\">\r\n\t\t\tOptimisation du traitement des d\u00e9chets pour les projets de canalisations urbaines\t\t<\/a>\r\n\t<\/h3>\r\n\t<p>MetaFLO delivers regulatory compliance and cost savings for TransCanada&#8217;s Kings North project, offering a sustainable solution for waste management in high-traffic urban environments.<\/p>\r\n<h3>\r\n\t\t<a href=\"https:\/\/www.metaflotech.com\/wp-content\/uploads\/2024\/12\/MF006-Case-Study-3_-Wastewater-English-MetaFLO-Technologies.pdf\" title=\"Cabonne Shire's Wastewater Project Completed on Time and Under Budget\"  target=\"_self\">\r\n\t\t\tCabonne Shire&#8217;s Wastewater Project Completed on Time and Under Budget\t\t<\/a>\r\n\t<\/h3>\r\n\t<p>MetaFLO&#8217;s quick lagoon sludge solidification meets EPA standards, streamlining operations and reducing disposal costs, supporting efficient municipal waste management.<\/p>\r\n<h3>\r\n\t\t<a href=\"https:\/\/www.metaflotech.com\/wp-content\/uploads\/2024\/12\/MF006-Case-Study-4-English-MetaFLO-Technologies.pdf\" title=\"Solidification durable des boues pour les exploitations mini\u00e8res \u00e9loign\u00e9es\"  target=\"_self\">\r\n\t\t\tSolidification durable des boues pour les exploitations mini\u00e8res \u00e9loign\u00e9es\t\t<\/a>\r\n\t<\/h3>\r\n\t<p>MetaFLO&#8217;s technology enables safe, cost-effective sludge disposal for Vale&#8217;s Northern Ontario operations, supporting sustainable mining practices in a challenging environment.<\/p>\r\n<h3>\r\n\t\t<a href=\"https:\/\/www.metaflotech.com\/wp-content\/uploads\/2024\/12\/MF006-Case-Study-5_-Hydrovac-English-MetaFLO-Technologies.pdf\" title=\"Transformer les d\u00e9chets d&#039;Hydrovac en avantages pour l&#039;agriculture\"  target=\"_self\">\r\n\t\t\tTransformer les d\u00e9chets d'Hydrovac en avantages pour l'agriculture\t\t<\/a>\r\n\t<\/h3>\r\n\t<p>MetaFLO r\u00e9utilise la boue d'hydrovac pour am\u00e9liorer la sant\u00e9 et la durabilit\u00e9 des sols pour les agriculteurs canadiens, transformant un sous-produit industriel en une ressource agricole pr\u00e9cieuse.<\/p>\r\n\t\t\t\t<a href=\"https:\/\/www.metaflotech.com\/fr\/produits\/reactifs-de-solidification\/mf003\/\"  target=\"_self\" itemprop=\"url\">\r\n\t\t\t\t<img decoding=\"async\" src=\"https:\/\/www.metaflotech.com\/wp-content\/uploads\/2024\/03\/Logo-MF003.svg\" alt=\"Logo MF003\" itemprop=\"image\" height=\"100\" width=\"100\" title=\"Logo MF003\" onerror=\"this.style.display='none'\" loading=\"lazy\" \/>\r\n\t\t\t\t<\/a>\r\n\t<p>\u2713 Flux de d\u00e9chets liquides<\/p>\r\n\t\t\t\t<a href=\"https:\/\/www.metaflotech.com\/fr\/produits\/reactifs-de-solidification\/mf006\/\"  target=\"_self\" itemprop=\"url\">\r\n\t\t\t\t<img decoding=\"async\" src=\"https:\/\/www.metaflotech.com\/wp-content\/uploads\/2024\/03\/Logo-MF006.svg\" alt=\"Logo MF006\" itemprop=\"image\" height=\"100\" width=\"100\" title=\"Logo MF006\" onerror=\"this.style.display='none'\" loading=\"lazy\" \/>\r\n\t\t\t\t<\/a>\r\n\t<p>\u2713 Semi-solides \u00e0 base d'eau<\/p>\r\n\t\t\t\t<a href=\"https:\/\/www.metaflotech.com\/fr\/produits\/reactifs-de-solidification\/mf008\/\"  target=\"_self\" itemprop=\"url\">\r\n\t\t\t\t<img decoding=\"async\" src=\"https:\/\/www.metaflotech.com\/wp-content\/uploads\/2024\/03\/Logo-MF008.svg\" alt=\"Logo MF008\" itemprop=\"image\" height=\"100\" width=\"100\" title=\"Logo MF008\" onerror=\"this.style.display='none'\" loading=\"lazy\" \/>\r\n\t\t\t\t<\/a>\r\n\t<p>\u2713 Applications p\u00e9troli\u00e8res et gazi\u00e8res<\/p>","protected":false},"excerpt":{"rendered":"<p>Ideal for solidification of water-based semi solids such as drill cuttings, hydro-excavation materials, mining waste, municipal waste, storm water lagoons Application Oil &amp; Gas Hydro Excavation Municipal Waste Lagoons Tunnelling (TBM, Micro) Drill Cuttings (Water Based) Stormwater Sediment Replaces Sawdust Lime Other Dry Amendments Benefits Perfect for small batches and non-pumpable materials Wet sludge with&hellip;<\/p>","protected":false},"author":1,"featured_media":0,"parent":108080,"menu_order":0,"comment_status":"closed","ping_status":"closed","template":"","meta":{"_acf_changed":false,"inline_featured_image":false,"footnotes":""},"class_list":["post-89264","page","type-page","status-publish","hentry"],"acf":[],"yoast_head":"<!-- This site is optimized with the Yoast SEO plugin v27.4 - https:\/\/yoast.com\/product\/yoast-seo-wordpress\/ -->\n<title>MF006 Semi-Solid Waste Solidification Polymer | MetaFLO Technologies<\/title>\n<meta name=\"description\" content=\"MF006 is a high-performance polymer for water-based semi-solid waste such as drill cuttings, hydro-excavation materials, mining waste and stormwater or municipal lagoons.\" \/>\n<meta name=\"robots\" content=\"index, follow, max-snippet:-1, max-image-preview:large, max-video-preview:-1\" \/>\n<link rel=\"canonical\" href=\"https:\/\/www.metaflotech.com\/fr\/produits\/reactifs-de-solidification\/mf006\/\" \/>\n<meta property=\"og:locale\" content=\"fr_CA\" \/>\n<meta property=\"og:type\" content=\"article\" \/>\n<meta property=\"og:title\" content=\"MF006 Semi-Solid Waste Solidification Polymer | MetaFLO Technologies\" \/>\n<meta property=\"og:description\" content=\"MF006 is a high-performance polymer for water-based semi-solid waste such as drill cuttings, hydro-excavation materials, mining waste and stormwater or municipal lagoons.\" \/>\n<meta property=\"og:url\" content=\"https:\/\/www.metaflotech.com\/fr\/produits\/reactifs-de-solidification\/mf006\/\" \/>\n<meta property=\"og:site_name\" content=\"MetaFLO Technologies\" \/>\n<meta property=\"article:publisher\" content=\"https:\/\/www.facebook.com\/MetaFLOTechnologies\/\" \/>\n<meta property=\"article:modified_time\" content=\"2026-03-12T13:13:32+00:00\" \/>\n<meta property=\"og:image\" content=\"https:\/\/www.metaflotech.com\/wp-content\/uploads\/2024\/03\/Dark-MF006.svg\" \/>\n<meta name=\"twitter:card\" content=\"summary_large_image\" \/>\n<meta name=\"twitter:site\" content=\"@metaflo\" \/>\n<meta name=\"twitter:label1\" content=\"Estimation du temps de lecture\" \/>\n\t<meta name=\"twitter:data1\" content=\"4 minutes\" \/>\n<script type=\"application\/ld+json\" class=\"yoast-schema-graph\">{\"@context\":\"https:\\\/\\\/schema.org\",\"@graph\":[{\"@type\":\"WebPage\",\"@id\":\"https:\\\/\\\/www.metaflotech.com\\\/fr\\\/products\\\/solidification-reagents\\\/mf006\\\/\",\"url\":\"https:\\\/\\\/www.metaflotech.com\\\/fr\\\/products\\\/solidification-reagents\\\/mf006\\\/\",\"name\":\"MF006 Semi-Solid Waste Solidification Polymer | MetaFLO Technologies\",\"isPartOf\":{\"@id\":\"https:\\\/\\\/www.metaflotech.com\\\/fr\\\/#website\"},\"primaryImageOfPage\":{\"@id\":\"https:\\\/\\\/www.metaflotech.com\\\/fr\\\/products\\\/solidification-reagents\\\/mf006\\\/#primaryimage\"},\"image\":{\"@id\":\"https:\\\/\\\/www.metaflotech.com\\\/fr\\\/products\\\/solidification-reagents\\\/mf006\\\/#primaryimage\"},\"thumbnailUrl\":\"https:\\\/\\\/www.metaflotech.com\\\/wp-content\\\/uploads\\\/2024\\\/03\\\/Dark-MF006.svg\",\"datePublished\":\"2024-03-25T11:40:55+00:00\",\"dateModified\":\"2026-03-12T13:13:32+00:00\",\"description\":\"MF006 is a high-performance polymer for water-based semi-solid waste such as drill cuttings, hydro-excavation materials, mining waste and stormwater or municipal lagoons.\",\"breadcrumb\":{\"@id\":\"https:\\\/\\\/www.metaflotech.com\\\/fr\\\/products\\\/solidification-reagents\\\/mf006\\\/#breadcrumb\"},\"inLanguage\":\"fr-CA\",\"potentialAction\":[{\"@type\":\"ReadAction\",\"target\":[\"https:\\\/\\\/www.metaflotech.com\\\/fr\\\/products\\\/solidification-reagents\\\/mf006\\\/\"]}]},{\"@type\":\"ImageObject\",\"inLanguage\":\"fr-CA\",\"@id\":\"https:\\\/\\\/www.metaflotech.com\\\/fr\\\/products\\\/solidification-reagents\\\/mf006\\\/#primaryimage\",\"url\":\"https:\\\/\\\/www.metaflotech.com\\\/wp-content\\\/uploads\\\/2024\\\/03\\\/Dark-MF006.svg\",\"contentUrl\":\"https:\\\/\\\/www.metaflotech.com\\\/wp-content\\\/uploads\\\/2024\\\/03\\\/Dark-MF006.svg\"},{\"@type\":\"BreadcrumbList\",\"@id\":\"https:\\\/\\\/www.metaflotech.com\\\/fr\\\/products\\\/solidification-reagents\\\/mf006\\\/#breadcrumb\",\"itemListElement\":[{\"@type\":\"ListItem\",\"position\":1,\"name\":\"Home\",\"item\":\"https:\\\/\\\/www.metaflotech.com\\\/\"},{\"@type\":\"ListItem\",\"position\":2,\"name\":\"Products\",\"item\":\"https:\\\/\\\/www.metaflotech.com\\\/products\\\/\"},{\"@type\":\"ListItem\",\"position\":3,\"name\":\"Solidification Reagents (MF)\",\"item\":\"https:\\\/\\\/www.metaflotech.com\\\/products\\\/solidification-reagents\\\/\"},{\"@type\":\"ListItem\",\"position\":4,\"name\":\"MF006 Semi-Solid Waste Solidification Polymer\"}]},{\"@type\":\"WebSite\",\"@id\":\"https:\\\/\\\/www.metaflotech.com\\\/fr\\\/#website\",\"url\":\"https:\\\/\\\/www.metaflotech.com\\\/fr\\\/\",\"name\":\"MetaFLO Technologies\",\"description\":\"Engineered Polymer Solutions For Industrial Applications\",\"potentialAction\":[{\"@type\":\"SearchAction\",\"target\":{\"@type\":\"EntryPoint\",\"urlTemplate\":\"https:\\\/\\\/www.metaflotech.com\\\/fr\\\/?s={search_term_string}\"},\"query-input\":{\"@type\":\"PropertyValueSpecification\",\"valueRequired\":true,\"valueName\":\"search_term_string\"}}],\"inLanguage\":\"fr-CA\"}]}<\/script>\n<!-- \/ Yoast SEO plugin. -->","yoast_head_json":{"title":"MF006 Semi-Solid Waste Solidification Polymer | MetaFLO Technologies","description":"MF006 is a high-performance polymer for water-based semi-solid waste such as drill cuttings, hydro-excavation materials, mining waste and stormwater or municipal lagoons.","robots":{"index":"index","follow":"follow","max-snippet":"max-snippet:-1","max-image-preview":"max-image-preview:large","max-video-preview":"max-video-preview:-1"},"canonical":"https:\/\/www.metaflotech.com\/fr\/produits\/reactifs-de-solidification\/mf006\/","og_locale":"fr_CA","og_type":"article","og_title":"MF006 Semi-Solid Waste Solidification Polymer | MetaFLO Technologies","og_description":"MF006 is a high-performance polymer for water-based semi-solid waste such as drill cuttings, hydro-excavation materials, mining waste and stormwater or municipal lagoons.","og_url":"https:\/\/www.metaflotech.com\/fr\/produits\/reactifs-de-solidification\/mf006\/","og_site_name":"MetaFLO Technologies","article_publisher":"https:\/\/www.facebook.com\/MetaFLOTechnologies\/","article_modified_time":"2026-03-12T13:13:32+00:00","og_image":[{"url":"https:\/\/www.metaflotech.com\/wp-content\/uploads\/2024\/03\/Dark-MF006.svg","type":"","width":"","height":""}],"twitter_card":"summary_large_image","twitter_site":"@metaflo","twitter_misc":{"Estimation du temps de lecture":"4 minutes"},"schema":{"@context":"https:\/\/schema.org","@graph":[{"@type":"WebPage","@id":"https:\/\/www.metaflotech.com\/fr\/products\/solidification-reagents\/mf006\/","url":"https:\/\/www.metaflotech.com\/fr\/products\/solidification-reagents\/mf006\/","name":"MF006 Semi-Solid Waste Solidification Polymer | MetaFLO Technologies","isPartOf":{"@id":"https:\/\/www.metaflotech.com\/fr\/#website"},"primaryImageOfPage":{"@id":"https:\/\/www.metaflotech.com\/fr\/products\/solidification-reagents\/mf006\/#primaryimage"},"image":{"@id":"https:\/\/www.metaflotech.com\/fr\/products\/solidification-reagents\/mf006\/#primaryimage"},"thumbnailUrl":"https:\/\/www.metaflotech.com\/wp-content\/uploads\/2024\/03\/Dark-MF006.svg","datePublished":"2024-03-25T11:40:55+00:00","dateModified":"2026-03-12T13:13:32+00:00","description":"MF006 is a high-performance polymer for water-based semi-solid waste such as drill cuttings, hydro-excavation materials, mining waste and stormwater or municipal lagoons.","breadcrumb":{"@id":"https:\/\/www.metaflotech.com\/fr\/products\/solidification-reagents\/mf006\/#breadcrumb"},"inLanguage":"fr-CA","potentialAction":[{"@type":"ReadAction","target":["https:\/\/www.metaflotech.com\/fr\/products\/solidification-reagents\/mf006\/"]}]},{"@type":"ImageObject","inLanguage":"fr-CA","@id":"https:\/\/www.metaflotech.com\/fr\/products\/solidification-reagents\/mf006\/#primaryimage","url":"https:\/\/www.metaflotech.com\/wp-content\/uploads\/2024\/03\/Dark-MF006.svg","contentUrl":"https:\/\/www.metaflotech.com\/wp-content\/uploads\/2024\/03\/Dark-MF006.svg"},{"@type":"BreadcrumbList","@id":"https:\/\/www.metaflotech.com\/fr\/products\/solidification-reagents\/mf006\/#breadcrumb","itemListElement":[{"@type":"ListItem","position":1,"name":"Home","item":"https:\/\/www.metaflotech.com\/"},{"@type":"ListItem","position":2,"name":"Products","item":"https:\/\/www.metaflotech.com\/products\/"},{"@type":"ListItem","position":3,"name":"Solidification Reagents (MF)","item":"https:\/\/www.metaflotech.com\/products\/solidification-reagents\/"},{"@type":"ListItem","position":4,"name":"MF006 Semi-Solid Waste Solidification Polymer"}]},{"@type":"WebSite","@id":"https:\/\/www.metaflotech.com\/fr\/#website","url":"https:\/\/www.metaflotech.com\/fr\/","name":"MetaFLO Technologies","description":"Solutions d'ing\u00e9nierie en mati\u00e8re de polym\u00e8res pour les applications industrielles","potentialAction":[{"@type":"SearchAction","target":{"@type":"EntryPoint","urlTemplate":"https:\/\/www.metaflotech.com\/fr\/?s={search_term_string}"},"query-input":{"@type":"PropertyValueSpecification","valueRequired":true,"valueName":"search_term_string"}}],"inLanguage":"fr-CA"}]}},"_links":{"self":[{"href":"https:\/\/www.metaflotech.com\/fr\/wp-json\/wp\/v2\/pages\/89264","targetHints":{"allow":["GET"]}}],"collection":[{"href":"https:\/\/www.metaflotech.com\/fr\/wp-json\/wp\/v2\/pages"}],"about":[{"href":"https:\/\/www.metaflotech.com\/fr\/wp-json\/wp\/v2\/types\/page"}],"author":[{"embeddable":true,"href":"https:\/\/www.metaflotech.com\/fr\/wp-json\/wp\/v2\/users\/1"}],"replies":[{"embeddable":true,"href":"https:\/\/www.metaflotech.com\/fr\/wp-json\/wp\/v2\/comments?post=89264"}],"version-history":[{"count":0,"href":"https:\/\/www.metaflotech.com\/fr\/wp-json\/wp\/v2\/pages\/89264\/revisions"}],"up":[{"embeddable":true,"href":"https:\/\/www.metaflotech.com\/fr\/wp-json\/wp\/v2\/pages\/108080"}],"wp:attachment":[{"href":"https:\/\/www.metaflotech.com\/fr\/wp-json\/wp\/v2\/media?parent=89264"}],"curies":[{"name":"wp","href":"https:\/\/api.w.org\/{rel}","templated":true}]}}