{"id":93247,"date":"2024-10-04T11:15:59","date_gmt":"2024-10-04T11:15:59","guid":{"rendered":"https:\/\/www.metaflotech.com\/?page_id=93247"},"modified":"2026-03-12T13:03:55","modified_gmt":"2026-03-12T13:03:55","slug":"creusement-de-tunnels","status":"publish","type":"page","link":"https:\/\/www.metaflotech.com\/fr\/applications\/tunneling\/","title":{"rendered":"TBM Slurry and Spoil Solidification for Tunneling Projects"},"content":{"rendered":"<img decoding=\"async\" src=\"https:\/\/www.metaflotech.com\/wp-content\/uploads\/2024\/10\/tunneling.webp\" alt=\"creusement de tunnels\" itemprop=\"image\" height=\"1720\" width=\"2560\" onerror=\"this.style.display='none'\" loading='lazy' \/>\r\n\t<h1><strong>Tunnels<\/strong><\/h1>\r\n<h2><em>Innovation dans la gestion des d\u00e9blais des tunnels<\/em><\/h2>\r\n<h3>\r\n\t\t\tAper\u00e7u de la question\t<\/h3>\r\n\t<p>Les tunneliers \u00e0 pression de terre \u00e9quilibr\u00e9e (EPB) sont utilis\u00e9s dans la construction de tunnels ferroviaires, de m\u00e9tros, de tunnels autoroutiers et d'autres projets o\u00f9 le tunnel sera construit en partie ou en totalit\u00e9 dans un sol meuble.<\/p>\r\n<p>Dans de nombreux projets de creusement de tunnels, une grande quantit\u00e9 de boue est g\u00e9n\u00e9r\u00e9e. Des lubrifiants de forage \u00e0 base de bentonite, des mousses lubrifiantes et d'autres additifs sont utilis\u00e9s pour maintenir la pression sur la surcharge et r\u00e9duire la friction sur les grandes t\u00eates de coupe rotatives situ\u00e9es \u00e0 l'avant des tunneliers.<\/p>\r\n<p>La quantit\u00e9 de lubrifiant utilis\u00e9e d\u00e9pend de la g\u00e9ologie travers\u00e9e. Le lubrifiant facilite \u00e9galement le transport des d\u00e9bris g\u00e9n\u00e9r\u00e9s vers l'arri\u00e8re du tunnelier, o\u00f9 ils sont achemin\u00e9s vers la surface par un syst\u00e8me de convoyeur ou un chariot \u00e0 boue. Lorsque ces d\u00e9chets arrivent \u00e0 la surface, ils ont la consistance d'une boue, dont l'\u00e9limination est souvent difficile et co\u00fbteuse.<\/p>\r\n<p>Le processus d'\u00e9limination de la boue se d\u00e9roule souvent de la mani\u00e8re suivante :<\/p>\r\n<ol>\r\n<li>Des camions aspirateurs sp\u00e9cialis\u00e9s transportent la boue jusqu'\u00e0 une station de transfert.<\/li>\r\n<li>Des agents de gonflement tels que la sciure de bois sont utilis\u00e9s (ils gonflent g\u00e9n\u00e9ralement la boue de 50-200%).<\/li>\r\n<li>Les camions-bennes transportent l'augmentation de la charge de d\u00e9chets vers un site d'\u00e9limination finale.<\/li>\r\n<\/ol>\r\n<p>Cela signifie plus de camions n\u00e9cessaires, plus de temps perdu, plus d'\u00e9missions de gaz \u00e0 effet de serre et des co\u00fbts d'\u00e9limination plus \u00e9lev\u00e9s. Les m\u00e9thodes traditionnelles peuvent \u00e9galement produire des d\u00e9chets au pH \u00e9lev\u00e9, cr\u00e9er des d\u00e9chets corrosifs et dangereux, et modifier la classification des d\u00e9chets.<\/p>\r\n<h3>\r\n\t\t\tOverview of MetaFLO&#8217;s product\t<\/h3>\r\n\t<p>MetaFLO fournit des r\u00e9actifs de solidification inertes* et non toxiques qui absorbent rapidement l'eau sur le site et aident les d\u00e9chets \u00e0 passer le test du filtre \u00e0 peinture (PFT). Ils peuvent \u00eatre appliqu\u00e9s \u00e0 la boue g\u00e9n\u00e9r\u00e9e par les tunneliers EPB afin de solidifier les d\u00e9chets plus efficacement que les m\u00e9thodes traditionnelles. Le dosage varie en fonction du taux d'humidit\u00e9 de la boue.<\/p>\r\n<p>Avec MetaFLO, l'\u00e9limination de la boue est optimis\u00e9e :<\/p>\r\n<ol>\r\n<li>MetaFLO&#8217;s technology solidifies the slurry on-site<\/li>\r\n<li>La boue solidifi\u00e9e est transf\u00e9r\u00e9e dans des camions-bennes pour \u00eatre transport\u00e9e directement vers le site d'\u00e9limination final.<\/li>\r\n<\/ol>\r\n<p>Our solidification reagents can be applied at the surface, or at the source, using muck conveyor belts to begin the solidification process early-saving time and labour.<\/p>\r\n<p><em>*La classification des produits peut varier d'une juridiction \u00e0 l'autre dans les diff\u00e9rents pays.<\/em><\/p>\r\n\t\t\t\t<img decoding=\"async\" src=\"https:\/\/www.metaflotech.com\/wp-content\/uploads\/2025\/01\/Method-EN.svg\" alt=\"M\u00e9thode-FR\" itemprop=\"image\" height=\"100\" width=\"100\" title=\"M\u00e9thode-FR\" onerror=\"this.style.display='none'\" loading='lazy' \/>\r\n<h1>\r\n\t\t\tCamions-bennes et camions-aspirateurs\t<\/h1>\r\n\t\t\t\t<img decoding=\"async\" src=\"https:\/\/www.metaflotech.com\/wp-content\/uploads\/2024\/12\/Trucks-2-EN.svg\" alt=\"Camions - 2 FR\" itemprop=\"image\" height=\"100\" width=\"100\" title=\"Camions - 2 FR\" onerror=\"this.style.display='none'\" loading='lazy' \/>\r\n\t\t\t\t<img decoding=\"async\" src=\"https:\/\/www.metaflotech.com\/wp-content\/uploads\/2024\/12\/Trucks-1-EN.svg\" alt=\"Camions - 1 FR\" itemprop=\"image\" height=\"100\" width=\"100\" title=\"Camions - 1 FR\" onerror=\"this.style.display='none'\" loading='lazy' \/>\r\n\t<h3><strong>Notre processus MetaFLO, qui a fait ses preuves, pr\u00e9sente des avantages \u00e9vidents :<\/strong><\/h3>\r\n<ol>\r\n<li>R\u00e9duction de l'empreinte op\u00e9rationnelle dans les sites urbains encombr\u00e9s pour une gestion rapide des d\u00e9blais<\/li>\r\n<li>Am\u00e9lioration de l'efficacit\u00e9 des transports pour \u00e9vacuer les mat\u00e9riaux secs des sites de projet<\/li>\r\n<li>Des d\u00e9blais solidifi\u00e9s qui r\u00e9pondent aux crit\u00e8res r\u00e9glementaires pour aller directement dans des sites de remblais propres R\u00e9duction des \u00e9missions de gaz \u00e0 effet de serre, am\u00e9lioration de la logistique urbaine, gestion responsable des sols exc\u00e9dentaires<\/li>\r\n<\/ol>\r\n\t\t\t\t<img decoding=\"async\" src=\"https:\/\/www.metaflotech.com\/wp-content\/uploads\/2025\/04\/solidification-reagents-table-1.png\" alt=\"r\u00e9actifs de solidification tableau 1\" itemprop=\"image\" height=\"1533\" width=\"3601\" title=\"r\u00e9actifs de solidification tableau 1\" onerror=\"this.style.display='none'\" loading='lazy' \/>\r\n\t<h3><em>MetaFLO Technologies peut collaborer avec le personnel d'exploitation pour mettre au point un plan personnalis\u00e9 et efficace afin de relever les d\u00e9fis li\u00e9s \u00e0 la gestion de la boue g\u00e9n\u00e9r\u00e9e par les tunneliers EPB.<\/em><\/h3>\r\n\t\t\t<a href=\"https:\/\/www.metaflotech.com\/wp-content\/uploads\/2024\/10\/MetaFLO-Eglinton-Case-Study.pdf\" download target=\"_self\">\r\n\t\t\t\t\t\t\tEN SAVOIR PLUS\r\n\t\t\t\t\t<\/a>\r\n\t\t\t\t<img decoding=\"async\" src=\"https:\/\/www.metaflotech.com\/wp-content\/uploads\/2024\/10\/icon-transport-w.png\" alt=\"ic\u00f4ne transport w\" itemprop=\"image\" height=\"311\" width=\"311\" title=\"ic\u00f4ne transport w\" onerror=\"this.style.display='none'\" loading='lazy' \/>\r\n\t<h3><b>R\u00e9duire consid\u00e9rablement les co\u00fbts de transport<\/b><\/h3>\r\n\t\t\t\t<img decoding=\"async\" src=\"https:\/\/www.metaflotech.com\/wp-content\/uploads\/2024\/10\/icon-ecology-w.png\" alt=\"ic\u00f4ne \u00e9cologie w\" itemprop=\"image\" height=\"311\" width=\"311\" title=\"ic\u00f4ne \u00e9cologie w\" onerror=\"this.style.display='none'\" loading='lazy' \/>\r\n\t<h3><b>Minimiser les risques pour l'environnement et la s\u00e9curit\u00e9<\/b><\/h3>\r\n\t\t\t\t<img decoding=\"async\" src=\"https:\/\/www.metaflotech.com\/wp-content\/uploads\/2024\/10\/icon-savings-w.png\" alt=\"ic\u00f4ne \u00e9pargne w\" itemprop=\"image\" height=\"311\" width=\"311\" title=\"ic\u00f4ne \u00e9pargne w\" onerror=\"this.style.display='none'\" loading='lazy' \/>\r\n\t<h3><b>Gestion durable et efficace des d\u00e9chets<\/b><\/h3>\r\n<h2>\r\n\t\t\t\u00c9tudes de cas\t<\/h2>\r\n<h3>\r\n\t\t<a href=\"https:\/\/www.metaflotech.com\/wp-content\/uploads\/2024\/12\/MF006-Case-Study-1_-Tunneling-English-MetaFLO-Technologies.pdf\" title=\"Revolutionizing Waste Management for Toronto's Crosstown Subway\"  target=\"_self\">\r\n\t\t\tRevolutionizing Waste Management for Toronto&#8217;s Crosstown Subway\t\t<\/a>\r\n\t<\/h3>\r\n\t<p>MetaFLO&#8217;s solidification solution slashes transportation costs and meets stringent urban regulatory standards, supporting a sustainable transit infrastructure in one of Canada&#8217;s busiest cities.<\/p>\r\n<h3>\r\n\t\t<a href=\"https:\/\/www.metaflotech.com\/wp-content\/uploads\/2024\/12\/MF003-Case-Study-1_-Tunneling-English-MetaFLO-Technologies.pdf\" title=\"Australia's Longest Road Tunnel Made Efficient with MetaFLO's Waste Transport Solution\"  target=\"_self\">\r\n\t\t\tAustralia&#8217;s Longest Road Tunnel Made Efficient with MetaFLO&#8217;s Waste Transport Solution\t\t<\/a>\r\n\t<\/h3>\r\n\t<p>Rapid solidification technology simplifies waste handling, saving time and costs for Sydney&#8217;s NorthConnex project.<\/p>\r\n\t<h1><b>Nos clients<\/b><\/h1>\r\n\t\t\t\t<img decoding=\"async\" src=\"https:\/\/www.metaflotech.com\/wp-content\/uploads\/2024\/10\/Logo_Ghella_Scomposto_finale-01.jpg\" alt=\"\" itemprop=\"image\" height=\"411\" width=\"1280\" onerror=\"this.style.display='none'\" loading='lazy' \/>\r\n\t\t\t\t<img decoding=\"async\" src=\"https:\/\/www.metaflotech.com\/wp-content\/uploads\/2024\/10\/Dragados_Logo-scaled.jpg\" alt=\"Logo Dragados\" itemprop=\"image\" height=\"1342\" width=\"2560\" title=\"Logo Dragados\" onerror=\"this.style.display='none'\" loading='lazy' \/>\r\n\t\t\t\t<img decoding=\"async\" src=\"https:\/\/www.metaflotech.com\/wp-content\/uploads\/2024\/10\/Strabag.svg.png\" alt=\"Strabag.svg\" itemprop=\"image\" height=\"425\" width=\"1083\" title=\"Strabag.svg\" onerror=\"this.style.display='none'\" loading='lazy' \/>","protected":false},"excerpt":{"rendered":"<p>Tunneling Innovation In Tunnel Spoils Management Issue at a Glance Earth Pressure Balance Tunnel Boring Machines (EPB TBMs) are utilized in the construction of rail tunnels, metropolitan subway systems, highway tunnels, and other projects where the tunnel will be constructed either partly or completely in soft soil. In many tunnelling projects, a large amount of&hellip;<\/p>","protected":false},"author":1,"featured_media":0,"parent":73499,"menu_order":0,"comment_status":"closed","ping_status":"closed","template":"","meta":{"_acf_changed":false,"inline_featured_image":false,"footnotes":""},"class_list":["post-93247","page","type-page","status-publish","hentry"],"acf":[],"yoast_head":"<!-- This site is optimized with the Yoast SEO plugin v27.4 - https:\/\/yoast.com\/product\/yoast-seo-wordpress\/ -->\n<title>TBM Slurry and Spoil Solidification for Tunneling Projects | MetaFLO Technologies<\/title>\n<meta name=\"description\" content=\"MetaFLO reagents rapidly solidify tunneling slurry and spoil, improving waste management, transport safety and regulatory compliance in TBM and microtunneling projects.\" \/>\n<meta name=\"robots\" content=\"index, follow, max-snippet:-1, max-image-preview:large, max-video-preview:-1\" \/>\n<link rel=\"canonical\" href=\"https:\/\/www.metaflotech.com\/fr\/applications\/creusement-de-tunnels\/\" \/>\n<meta property=\"og:locale\" content=\"fr_CA\" \/>\n<meta property=\"og:type\" content=\"article\" \/>\n<meta property=\"og:title\" content=\"TBM Slurry and Spoil Solidification for Tunneling Projects | MetaFLO Technologies\" \/>\n<meta property=\"og:description\" content=\"MetaFLO reagents rapidly solidify tunneling slurry and spoil, improving waste management, transport safety and regulatory compliance in TBM and microtunneling projects.\" \/>\n<meta property=\"og:url\" content=\"https:\/\/www.metaflotech.com\/fr\/applications\/creusement-de-tunnels\/\" \/>\n<meta property=\"og:site_name\" content=\"MetaFLO Technologies\" \/>\n<meta property=\"article:publisher\" content=\"https:\/\/www.facebook.com\/MetaFLOTechnologies\/\" \/>\n<meta property=\"article:modified_time\" content=\"2026-03-12T13:03:55+00:00\" \/>\n<meta property=\"og:image\" content=\"https:\/\/www.metaflotech.com\/wp-content\/uploads\/2024\/10\/tunneling.webp\" \/>\n<meta name=\"twitter:card\" content=\"summary_large_image\" \/>\n<meta name=\"twitter:site\" content=\"@metaflo\" \/>\n<meta name=\"twitter:label1\" content=\"Estimation du temps de lecture\" \/>\n\t<meta name=\"twitter:data1\" content=\"5 minutes\" \/>\n<script type=\"application\/ld+json\" class=\"yoast-schema-graph\">{\"@context\":\"https:\\\/\\\/schema.org\",\"@graph\":[{\"@type\":\"WebPage\",\"@id\":\"https:\\\/\\\/www.metaflotech.com\\\/fr\\\/applications\\\/tunneling\\\/\",\"url\":\"https:\\\/\\\/www.metaflotech.com\\\/fr\\\/applications\\\/tunneling\\\/\",\"name\":\"TBM Slurry and Spoil Solidification for Tunneling Projects | MetaFLO Technologies\",\"isPartOf\":{\"@id\":\"https:\\\/\\\/www.metaflotech.com\\\/fr\\\/#website\"},\"primaryImageOfPage\":{\"@id\":\"https:\\\/\\\/www.metaflotech.com\\\/fr\\\/applications\\\/tunneling\\\/#primaryimage\"},\"image\":{\"@id\":\"https:\\\/\\\/www.metaflotech.com\\\/fr\\\/applications\\\/tunneling\\\/#primaryimage\"},\"thumbnailUrl\":\"https:\\\/\\\/www.metaflotech.com\\\/wp-content\\\/uploads\\\/2024\\\/10\\\/tunneling.webp\",\"datePublished\":\"2024-10-04T11:15:59+00:00\",\"dateModified\":\"2026-03-12T13:03:55+00:00\",\"description\":\"MetaFLO reagents rapidly solidify tunneling slurry and spoil, improving waste management, transport safety and regulatory compliance in TBM and microtunneling projects.\",\"breadcrumb\":{\"@id\":\"https:\\\/\\\/www.metaflotech.com\\\/fr\\\/applications\\\/tunneling\\\/#breadcrumb\"},\"inLanguage\":\"fr-CA\",\"potentialAction\":[{\"@type\":\"ReadAction\",\"target\":[\"https:\\\/\\\/www.metaflotech.com\\\/fr\\\/applications\\\/tunneling\\\/\"]}]},{\"@type\":\"ImageObject\",\"inLanguage\":\"fr-CA\",\"@id\":\"https:\\\/\\\/www.metaflotech.com\\\/fr\\\/applications\\\/tunneling\\\/#primaryimage\",\"url\":\"https:\\\/\\\/www.metaflotech.com\\\/wp-content\\\/uploads\\\/2024\\\/10\\\/tunneling.webp\",\"contentUrl\":\"https:\\\/\\\/www.metaflotech.com\\\/wp-content\\\/uploads\\\/2024\\\/10\\\/tunneling.webp\"},{\"@type\":\"BreadcrumbList\",\"@id\":\"https:\\\/\\\/www.metaflotech.com\\\/fr\\\/applications\\\/tunneling\\\/#breadcrumb\",\"itemListElement\":[{\"@type\":\"ListItem\",\"position\":1,\"name\":\"Home\",\"item\":\"https:\\\/\\\/www.metaflotech.com\\\/\"},{\"@type\":\"ListItem\",\"position\":2,\"name\":\"Applications\",\"item\":\"https:\\\/\\\/www.metaflotech.com\\\/applications\\\/\"},{\"@type\":\"ListItem\",\"position\":3,\"name\":\"TBM Slurry and Spoil Solidification for Tunneling Projects\"}]},{\"@type\":\"WebSite\",\"@id\":\"https:\\\/\\\/www.metaflotech.com\\\/fr\\\/#website\",\"url\":\"https:\\\/\\\/www.metaflotech.com\\\/fr\\\/\",\"name\":\"MetaFLO Technologies\",\"description\":\"Engineered Polymer Solutions For Industrial Applications\",\"potentialAction\":[{\"@type\":\"SearchAction\",\"target\":{\"@type\":\"EntryPoint\",\"urlTemplate\":\"https:\\\/\\\/www.metaflotech.com\\\/fr\\\/?s={search_term_string}\"},\"query-input\":{\"@type\":\"PropertyValueSpecification\",\"valueRequired\":true,\"valueName\":\"search_term_string\"}}],\"inLanguage\":\"fr-CA\"}]}<\/script>\n<!-- \/ Yoast SEO plugin. -->","yoast_head_json":{"title":"TBM Slurry and Spoil Solidification for Tunneling Projects | MetaFLO Technologies","description":"MetaFLO reagents rapidly solidify tunneling slurry and spoil, improving waste management, transport safety and regulatory compliance in TBM and microtunneling projects.","robots":{"index":"index","follow":"follow","max-snippet":"max-snippet:-1","max-image-preview":"max-image-preview:large","max-video-preview":"max-video-preview:-1"},"canonical":"https:\/\/www.metaflotech.com\/fr\/applications\/creusement-de-tunnels\/","og_locale":"fr_CA","og_type":"article","og_title":"TBM Slurry and Spoil Solidification for Tunneling Projects | MetaFLO Technologies","og_description":"MetaFLO reagents rapidly solidify tunneling slurry and spoil, improving waste management, transport safety and regulatory compliance in TBM and microtunneling projects.","og_url":"https:\/\/www.metaflotech.com\/fr\/applications\/creusement-de-tunnels\/","og_site_name":"MetaFLO Technologies","article_publisher":"https:\/\/www.facebook.com\/MetaFLOTechnologies\/","article_modified_time":"2026-03-12T13:03:55+00:00","og_image":[{"url":"https:\/\/www.metaflotech.com\/wp-content\/uploads\/2024\/10\/tunneling.webp","type":"","width":"","height":""}],"twitter_card":"summary_large_image","twitter_site":"@metaflo","twitter_misc":{"Estimation du temps de lecture":"5 minutes"},"schema":{"@context":"https:\/\/schema.org","@graph":[{"@type":"WebPage","@id":"https:\/\/www.metaflotech.com\/fr\/applications\/tunneling\/","url":"https:\/\/www.metaflotech.com\/fr\/applications\/tunneling\/","name":"TBM Slurry and Spoil Solidification for Tunneling Projects | MetaFLO Technologies","isPartOf":{"@id":"https:\/\/www.metaflotech.com\/fr\/#website"},"primaryImageOfPage":{"@id":"https:\/\/www.metaflotech.com\/fr\/applications\/tunneling\/#primaryimage"},"image":{"@id":"https:\/\/www.metaflotech.com\/fr\/applications\/tunneling\/#primaryimage"},"thumbnailUrl":"https:\/\/www.metaflotech.com\/wp-content\/uploads\/2024\/10\/tunneling.webp","datePublished":"2024-10-04T11:15:59+00:00","dateModified":"2026-03-12T13:03:55+00:00","description":"MetaFLO reagents rapidly solidify tunneling slurry and spoil, improving waste management, transport safety and regulatory compliance in TBM and microtunneling projects.","breadcrumb":{"@id":"https:\/\/www.metaflotech.com\/fr\/applications\/tunneling\/#breadcrumb"},"inLanguage":"fr-CA","potentialAction":[{"@type":"ReadAction","target":["https:\/\/www.metaflotech.com\/fr\/applications\/tunneling\/"]}]},{"@type":"ImageObject","inLanguage":"fr-CA","@id":"https:\/\/www.metaflotech.com\/fr\/applications\/tunneling\/#primaryimage","url":"https:\/\/www.metaflotech.com\/wp-content\/uploads\/2024\/10\/tunneling.webp","contentUrl":"https:\/\/www.metaflotech.com\/wp-content\/uploads\/2024\/10\/tunneling.webp"},{"@type":"BreadcrumbList","@id":"https:\/\/www.metaflotech.com\/fr\/applications\/tunneling\/#breadcrumb","itemListElement":[{"@type":"ListItem","position":1,"name":"Home","item":"https:\/\/www.metaflotech.com\/"},{"@type":"ListItem","position":2,"name":"Applications","item":"https:\/\/www.metaflotech.com\/applications\/"},{"@type":"ListItem","position":3,"name":"TBM Slurry and Spoil Solidification for Tunneling Projects"}]},{"@type":"WebSite","@id":"https:\/\/www.metaflotech.com\/fr\/#website","url":"https:\/\/www.metaflotech.com\/fr\/","name":"MetaFLO Technologies","description":"Solutions d'ing\u00e9nierie en mati\u00e8re de polym\u00e8res pour les applications industrielles","potentialAction":[{"@type":"SearchAction","target":{"@type":"EntryPoint","urlTemplate":"https:\/\/www.metaflotech.com\/fr\/?s={search_term_string}"},"query-input":{"@type":"PropertyValueSpecification","valueRequired":true,"valueName":"search_term_string"}}],"inLanguage":"fr-CA"}]}},"_links":{"self":[{"href":"https:\/\/www.metaflotech.com\/fr\/wp-json\/wp\/v2\/pages\/93247","targetHints":{"allow":["GET"]}}],"collection":[{"href":"https:\/\/www.metaflotech.com\/fr\/wp-json\/wp\/v2\/pages"}],"about":[{"href":"https:\/\/www.metaflotech.com\/fr\/wp-json\/wp\/v2\/types\/page"}],"author":[{"embeddable":true,"href":"https:\/\/www.metaflotech.com\/fr\/wp-json\/wp\/v2\/users\/1"}],"replies":[{"embeddable":true,"href":"https:\/\/www.metaflotech.com\/fr\/wp-json\/wp\/v2\/comments?post=93247"}],"version-history":[{"count":0,"href":"https:\/\/www.metaflotech.com\/fr\/wp-json\/wp\/v2\/pages\/93247\/revisions"}],"up":[{"embeddable":true,"href":"https:\/\/www.metaflotech.com\/fr\/wp-json\/wp\/v2\/pages\/73499"}],"wp:attachment":[{"href":"https:\/\/www.metaflotech.com\/fr\/wp-json\/wp\/v2\/media?parent=93247"}],"curies":[{"name":"wp","href":"https:\/\/api.w.org\/{rel}","templated":true}]}}