{"id":94636,"date":"2024-10-09T07:19:08","date_gmt":"2024-10-09T07:19:08","guid":{"rendered":"https:\/\/www.metaflotech.com\/?page_id=94636"},"modified":"2026-03-17T14:24:10","modified_gmt":"2026-03-17T14:24:10","slug":"soiltech","status":"publish","type":"page","link":"https:\/\/www.metaflotech.com\/fr\/products\/biopolymers\/soiltech\/","title":{"rendered":"SoilTech Biopolymer for Soil Stabilization and Unpaved Roads"},"content":{"rendered":"<p><img loading=\"lazy\" decoding=\"async\" title=\"Sombre\" src=\"https:\/\/www.metaflotech.com\/wp-content\/uploads\/2025\/07\/Dark-3.svg\" alt=\"Sombre\" width=\"100\" height=\"100\" \/><\/p>\r\n<h1><strong>Biopolym\u00e8re<\/strong><\/h1>\r\n<h1>Utilis\u00e9 pour la stabilisation des sols et la suppression des poussi\u00e8res<\/h1>\r\n<h3><strong>Application<\/strong><\/h3>\r\n<p>Chemins de halage<\/p>\r\n<p>Fondements<\/p>\r\n<p>Murs de sout\u00e8nement<\/p>\r\n<p>Infrastructure mini\u00e8re<\/p>\r\n<h3><strong>Avantages<\/strong><\/h3>\r\n<p>R\u00e9duction des co\u00fbts op\u00e9rationnels et logistiques gr\u00e2ce au traitement du sol sur place.<\/p>\r\n<p>Notre technologie exclusive garantit une long\u00e9vit\u00e9 et une r\u00e9sistance accrues du rev\u00eatement routier, l'\u00e9limination de la poussi\u00e8re et un meilleur rapport co\u00fbt-b\u00e9n\u00e9fice.<\/p>\r\n<p>Am\u00e9lioration des propri\u00e9t\u00e9s m\u00e9caniques du sol.<\/p>\r\n<p>SoilTech augmente de mani\u00e8re significative le CBR (California Bearing Index) dans diff\u00e9rents types de sol.<\/p>\r\n<p>Environmental safety &#8211; SoilTech is free of chemical contaminants that can affect the environment.<\/p>\r\n<p>La couche de sol trait\u00e9e ne devient pas glissante.<\/p>\r\n<p><img loading=\"lazy\" decoding=\"async\" src=\"https:\/\/www.metaflotech.com\/wp-content\/uploads\/2024\/10\/Icon-1-Home-Page-200x200-1.png\" alt=\"\" width=\"200\" height=\"200\" \/><\/p>\r\n<h3><strong>Biopolym\u00e8re d\u00e9riv\u00e9 d'algues, sans danger pour le sol et la faune terrestre et produit dans des bior\u00e9acteurs. Am\u00e9lioration de la stabilisation des sols et de la suppression des poussi\u00e8res.<\/strong><\/h3>\r\n<p><img loading=\"lazy\" decoding=\"async\" title=\"Icon-2-Home-Page-200x200\" src=\"https:\/\/www.metaflotech.com\/wp-content\/uploads\/2024\/10\/Icon-2-Home-Page-200x200-1.png\" alt=\"Icon-2-Home-Page-200x200\" width=\"200\" height=\"200\" \/><\/p>\r\n<h3><strong>Se lie au sol pour former une surface plus imperm\u00e9able avec des propri\u00e9t\u00e9s m\u00e9caniques am\u00e9lior\u00e9es, y compris une plus grande r\u00e9sistance \u00e0 la compression, une meilleure coh\u00e9sion et une plus grande \u00e9lasticit\u00e9.<\/strong><\/h3>\r\n<p><img loading=\"lazy\" decoding=\"async\" title=\"Icon-3-Home-Page-200x200\" src=\"https:\/\/www.metaflotech.com\/wp-content\/uploads\/2024\/10\/Icon-3-Home-Page-200x200-1.png\" alt=\"Icon-3-Home-Page-200x200\" width=\"200\" height=\"200\" \/><\/p>\r\n<h3><strong>Une technologie de pointe capable de g\u00e9n\u00e9rer des \u00e9conomies sur votre projet de construction.<br \/><\/strong><\/h3>\r\n<h1><strong>M\u00c9THODOLOGIE D'APPLICATION<\/strong><\/h1>\r\n<h3>Easy application, low dosage &#8211; can be diluted directly in the water truck<br \/>sans \u00e9quipement suppl\u00e9mentaire.<\/h3>\r\n<h2><strong>Sol naturel<\/strong><\/h2>\r\n<p><img loading=\"lazy\" decoding=\"async\" src=\"https:\/\/www.metaflotech.com\/wp-content\/uploads\/2024\/10\/Image-1-Home-Page-600x400-1.jpg\" alt=\"\" width=\"600\" height=\"400\" \/><\/p>\r\n<p><em>Sol lat\u00e9ritique jaune<\/em><\/p>\r\n<h2><strong>Dilution of SoilTech in water<\/strong><\/h2>\r\n<p><img loading=\"lazy\" decoding=\"async\" src=\"https:\/\/www.metaflotech.com\/wp-content\/uploads\/2024\/10\/Image-2-Home-Page-400x400-1.png\" alt=\"\" width=\"400\" height=\"400\" \/><\/p>\r\n<p><em>Une application simple<\/em><\/p>\r\n<h2><strong>After SoilTech<\/strong><\/h2>\r\n<p><img loading=\"lazy\" decoding=\"async\" src=\"https:\/\/www.metaflotech.com\/wp-content\/uploads\/2024\/10\/Image-4-Home-Page-400x400-1.png\" alt=\"\" width=\"400\" height=\"400\" \/><\/p>\r\n<p><em>\u00c9chantillon de test<\/em><\/p>\r\n<h2><strong>Am\u00e9lioration des propri\u00e9t\u00e9s m\u00e9caniques du sol<\/strong><\/h2>\r\n<p>SoilTech augmente significativement le CBR dans diff\u00e9rents types de sols.<\/p>\r\n<p><img loading=\"lazy\" decoding=\"async\" title=\"Image-4-Home-Page\" src=\"https:\/\/www.metaflotech.com\/wp-content\/uploads\/2024\/10\/Image-4-Home-Page.png\" alt=\"Image-4-Home-Page\" width=\"1080\" height=\"1080\" \/><\/p>\r\n<h2><strong>Agit comme stabilisateur dans les diff\u00e9rentes couches<\/strong><\/h2>\r\n<p>SoilTech peut \u00eatre utilis\u00e9 comme base, sous-base et stabilisateur d'infrastructure.<\/p>\r\n<p><img loading=\"lazy\" decoding=\"async\" title=\"Image-5-Page d&#039;accueil\" src=\"https:\/\/www.metaflotech.com\/wp-content\/uploads\/2024\/10\/Image-5-Home-Page.png\" alt=\"Image-5-Page d&#039;accueil\" width=\"1080\" height=\"1080\" \/> <img loading=\"lazy\" decoding=\"async\" title=\"Image-3-Page d&#039;accueil\" src=\"https:\/\/www.metaflotech.com\/wp-content\/uploads\/2024\/10\/Image-3-Home-Page.png\" alt=\"Image-3-Page d&#039;accueil\" width=\"1080\" height=\"1080\" \/><\/p>\r\n<h2><strong>Durabilit\u00e9<\/strong><\/h2>\r\n<p>Sans danger pour l'environnement, le sol et la faune terrestre.<\/p>\r\n<p><img loading=\"lazy\" decoding=\"async\" title=\"Image-6-Page d&#039;accueil\" src=\"https:\/\/www.metaflotech.com\/wp-content\/uploads\/2024\/10\/Image-6-Home-Page.png\" alt=\"Image-6-Page d&#039;accueil\" width=\"1080\" height=\"1080\" \/><\/p>\r\n<h2><strong>Augmentation de la coh\u00e9sion<\/strong><\/h2>\r\n<p>Augmentation de l'agglom\u00e9ration des particules \u00e0 la surface du sol.<\/p>\r\n<h3><strong>Un d\u00e9poussi\u00e9rage efficace devient obligatoire en raison des nombreux probl\u00e8mes de sant\u00e9 et d'environnement li\u00e9s \u00e0 l'exc\u00e8s de particules en suspension dans l'air.<\/strong><\/h3>\r\n<p>SoilTech soil stabilization polymers also provide dust suppression when applied using conventional spraying apparatus. SoilTech offers a wide range of benefits over water spraying-our patented biopolymer solutions have unique properties that enable them to effectively bind and stabilize soil particles and reduce dust emissions in mining, agriculture, and construction.<\/p>\r\n<h3><strong>R\u00e9duire les co\u00fbts op\u00e9rationnels et logistiques en traitant le sol in situ.<\/strong><\/h3>\r\n<h3><strong>Il n'est pas n\u00e9cessaire d'ajouter des mat\u00e9riaux de stabilisation du sol tels que le gravier, le sable et le ciment.<\/strong><\/h3>\r\n<h3><strong>Notre technologie brevet\u00e9e unique garantit une r\u00e9silience et une r\u00e9sistance accrues de la surface de la route, l'\u00e9limination de la poussi\u00e8re et un co\u00fbt total de possession r\u00e9duit.<\/strong><\/h3>\r\n<h2><strong>Sol naturel avant et apr\u00e8s l'application de SoilTech<\/strong><\/h2>\r\n<h3><strong>An\u00e1polis &#8211; GO (Brazil)<\/strong><\/h3>\r\n<p><img loading=\"lazy\" decoding=\"async\" title=\"Avant et apr\u00e8s\" src=\"https:\/\/www.metaflotech.com\/wp-content\/uploads\/2024\/10\/Before-and-After.png\" alt=\"Avant et apr\u00e8s\" width=\"1601\" height=\"969\" \/><\/p>\r\n<h2>\u00c9tudes de cas<\/h2>\r\n<h3><a title=\"SoilTech Powers - Stabilisation durable des chauss\u00e9es\" href=\"https:\/\/www.metaflotech.com\/wp-content\/uploads\/2025\/07\/SoilTech-Case-Study-1-English-MetaFLO-Technologies.pdf\" target=\"_self\"> SoilTech Powers - Stabilisation durable des chauss\u00e9es <\/a><\/h3>\r\n<p>MetaFLO&#8217;s innovative stabilization solution provided essential cost savings, productivity gains, and environmental benefits to keep a large-scale roadway project on schedule and within budget.<\/p>\r\n<h3><a title=\"SoilTech propose une couche de remblai durable pour les chemins de fer\" href=\"https:\/\/www.metaflotech.com\/wp-content\/uploads\/2025\/07\/SoilTech-Case-Study-2-English-MetaFLO-Technologies.pdf\" target=\"_self\"> SoilTech propose une couche de remblai durable pour les chemins de fer <\/a><\/h3>\r\n<p>The use of MetaFLO&#8217;s biopolymer resulted in notable cost savings, productivity gains, and environmental benefits for a large-scale railway project by speeding up the stabilization process while cutting down water usage.<\/p>\r\n<h3><a title=\"SoilTech favorise la construction d&#039;une route durable \u00e0 partir de terres indig\u00e8nes\" href=\"https:\/\/www.metaflotech.com\/wp-content\/uploads\/2025\/07\/SoilTech-Case-Study-3-English-MetaFLO-Technologies.pdf\" target=\"_self\"> SoilTech favorise la construction d'une route durable \u00e0 partir de terres indig\u00e8nes <\/a><\/h3>\r\n<p>MetaFLO&#8217;s biopolymer quickly turned a potentially hazardous unpaved road into a compact and durable surface while saving time and money.<\/p>\r\n<h1><strong>Nos biopolym\u00e8res<\/strong><\/h1>\r\n<p>MetaFLO&#8217;s biopolymers have been purposefully engineered to provide a variety of cost-effective solutions for multiple applications, from dust suppression to gold extraction. Our products are environmentally safe, easy to use, and can be tailored to meet specific needs. Contact us for more details.<\/p>\r\n<p><a href=\"https:\/\/www.metaflotech.com\/fr\/produits\/biopolymeres\/soiltech\/\" target=\"_self\"> <img loading=\"lazy\" decoding=\"async\" title=\"Logo\" src=\"https:\/\/www.metaflotech.com\/wp-content\/uploads\/2025\/07\/Logo-3.svg\" alt=\"Logo\" width=\"100\" height=\"100\" \/> <\/a><\/p>\r\n<p><strong>\u2713 Stabilisation des sols<\/strong><\/p>\r\n<p><a href=\"https:\/\/www.metaflotech.com\/fr\/produits\/biopolymeres\/dustech\/\" target=\"_self\"> <img loading=\"lazy\" decoding=\"async\" title=\"Logo\" src=\"https:\/\/www.metaflotech.com\/wp-content\/uploads\/2025\/07\/Logo-5.svg\" alt=\"Logo\" width=\"100\" height=\"100\" \/> <\/a><\/p>\r\n<p><strong>\u2713 Suppression des poussi\u00e8res<\/strong><\/p>\r\n<p><a href=\"https:\/\/www.metaflotech.com\/fr\/produits\/biopolymeres\/extractech\/\" target=\"_self\"> <img loading=\"lazy\" decoding=\"async\" title=\"Logo\" src=\"https:\/\/www.metaflotech.com\/wp-content\/uploads\/2025\/07\/Logo-4.svg\" alt=\"Logo\" width=\"100\" height=\"100\" \/> <\/a> <strong>\u2713 Extraction de l'or et r\u00e9duction du cyanure<br \/><\/strong> <a href=\"https:\/\/www.metaflotech.com\/fr\/produits\/biopolymeres\/remtech\/\" target=\"_self\"> <img loading=\"lazy\" decoding=\"async\" title=\"Logo\" src=\"https:\/\/www.metaflotech.com\/wp-content\/uploads\/2025\/07\/Logo.svg\" alt=\"Logo\" width=\"100\" height=\"100\" \/> <\/a><\/p>\r\n<p><strong>\u2713 Eau contamin\u00e9e<\/strong><\/p>\r\n<p><a href=\"https:\/\/www.metaflotech.com\/fr\/produits\/biopolymeres\/cementech\/\" target=\"_self\"> <img loading=\"lazy\" decoding=\"async\" title=\"Logo\" src=\"https:\/\/www.metaflotech.com\/wp-content\/uploads\/2025\/07\/Logo-8.svg\" alt=\"Logo\" width=\"100\" height=\"100\" \/> <\/a><\/p>\r\n<p><strong>\u2713 Am\u00e9lioration du ciment<\/strong><\/p>","protected":false},"excerpt":{"rendered":"<p>Biopolymer Used in soil stabilization and dust suppression Application Haul Roads Foundations Retaining Walls Mine Infrastructure Benefits Reduction in operational and logistics costs by treating the soil on site. Our exclusive technology ensures increased longevity and resistance of the road surface, dust elimination and better cost-benefit. Improvement of soil mechanical properties. SoilTech significantly increases the&hellip;<\/p>","protected":false},"author":1,"featured_media":0,"parent":108180,"menu_order":0,"comment_status":"closed","ping_status":"closed","template":"","meta":{"_acf_changed":false,"inline_featured_image":false,"footnotes":""},"class_list":["post-94636","page","type-page","status-publish","hentry"],"acf":[],"yoast_head":"<!-- This site is optimized with the Yoast SEO plugin v27.4 - https:\/\/yoast.com\/product\/yoast-seo-wordpress\/ -->\n<title>SoilTech Biopolymer for Soil Stabilization and Unpaved Roads | MetaFLO Technologies<\/title>\n<meta name=\"description\" content=\"MetaFLO SoilTech is an advanced biopolymer for soil stabilization on unpaved and industrial roads, improving durability, trafficability and long-term road performance.\" \/>\n<meta name=\"robots\" content=\"index, follow, max-snippet:-1, max-image-preview:large, max-video-preview:-1\" \/>\n<link rel=\"canonical\" href=\"https:\/\/www.metaflotech.com\/fr\/produits\/biopolymeres\/soiltech\/\" \/>\n<meta property=\"og:locale\" content=\"fr_CA\" \/>\n<meta property=\"og:type\" content=\"article\" \/>\n<meta property=\"og:title\" content=\"SoilTech Biopolymer for Soil Stabilization and Unpaved Roads | MetaFLO Technologies\" \/>\n<meta property=\"og:description\" content=\"MetaFLO SoilTech is an advanced biopolymer for soil stabilization on unpaved and industrial roads, improving durability, trafficability and long-term road performance.\" \/>\n<meta property=\"og:url\" content=\"https:\/\/www.metaflotech.com\/fr\/produits\/biopolymeres\/soiltech\/\" \/>\n<meta property=\"og:site_name\" content=\"MetaFLO Technologies\" \/>\n<meta property=\"article:publisher\" content=\"https:\/\/www.facebook.com\/MetaFLOTechnologies\/\" \/>\n<meta property=\"article:modified_time\" content=\"2026-03-17T14:24:10+00:00\" \/>\n<meta property=\"og:image\" content=\"https:\/\/www.metaflotech.com\/wp-content\/uploads\/2025\/07\/Dark-3.svg\" \/>\n<meta name=\"twitter:card\" content=\"summary_large_image\" \/>\n<meta name=\"twitter:site\" content=\"@metaflo\" \/>\n<meta name=\"twitter:label1\" content=\"Estimation du temps de lecture\" \/>\n\t<meta name=\"twitter:data1\" content=\"6 minutes\" \/>\n<script type=\"application\/ld+json\" class=\"yoast-schema-graph\">{\"@context\":\"https:\\\/\\\/schema.org\",\"@graph\":[{\"@type\":\"WebPage\",\"@id\":\"https:\\\/\\\/www.metaflotech.com\\\/fr\\\/products\\\/biopolymers\\\/soiltech\\\/\",\"url\":\"https:\\\/\\\/www.metaflotech.com\\\/fr\\\/products\\\/biopolymers\\\/soiltech\\\/\",\"name\":\"SoilTech Biopolymer for Soil Stabilization and Unpaved Roads | MetaFLO Technologies\",\"isPartOf\":{\"@id\":\"https:\\\/\\\/www.metaflotech.com\\\/fr\\\/#website\"},\"primaryImageOfPage\":{\"@id\":\"https:\\\/\\\/www.metaflotech.com\\\/fr\\\/products\\\/biopolymers\\\/soiltech\\\/#primaryimage\"},\"image\":{\"@id\":\"https:\\\/\\\/www.metaflotech.com\\\/fr\\\/products\\\/biopolymers\\\/soiltech\\\/#primaryimage\"},\"thumbnailUrl\":\"https:\\\/\\\/www.metaflotech.com\\\/wp-content\\\/uploads\\\/2025\\\/07\\\/Dark-3.svg\",\"datePublished\":\"2024-10-09T07:19:08+00:00\",\"dateModified\":\"2026-03-17T14:24:10+00:00\",\"description\":\"MetaFLO SoilTech is an advanced biopolymer for soil stabilization on unpaved and industrial roads, improving durability, trafficability and long-term road performance.\",\"breadcrumb\":{\"@id\":\"https:\\\/\\\/www.metaflotech.com\\\/fr\\\/products\\\/biopolymers\\\/soiltech\\\/#breadcrumb\"},\"inLanguage\":\"fr-CA\",\"potentialAction\":[{\"@type\":\"ReadAction\",\"target\":[\"https:\\\/\\\/www.metaflotech.com\\\/fr\\\/products\\\/biopolymers\\\/soiltech\\\/\"]}]},{\"@type\":\"ImageObject\",\"inLanguage\":\"fr-CA\",\"@id\":\"https:\\\/\\\/www.metaflotech.com\\\/fr\\\/products\\\/biopolymers\\\/soiltech\\\/#primaryimage\",\"url\":\"https:\\\/\\\/www.metaflotech.com\\\/wp-content\\\/uploads\\\/2025\\\/07\\\/Dark-3.svg\",\"contentUrl\":\"https:\\\/\\\/www.metaflotech.com\\\/wp-content\\\/uploads\\\/2025\\\/07\\\/Dark-3.svg\"},{\"@type\":\"BreadcrumbList\",\"@id\":\"https:\\\/\\\/www.metaflotech.com\\\/fr\\\/products\\\/biopolymers\\\/soiltech\\\/#breadcrumb\",\"itemListElement\":[{\"@type\":\"ListItem\",\"position\":1,\"name\":\"Home\",\"item\":\"https:\\\/\\\/www.metaflotech.com\\\/\"},{\"@type\":\"ListItem\",\"position\":2,\"name\":\"Products\",\"item\":\"https:\\\/\\\/www.metaflotech.com\\\/products\\\/\"},{\"@type\":\"ListItem\",\"position\":3,\"name\":\"Biopolymers (Tech)\",\"item\":\"https:\\\/\\\/www.metaflotech.com\\\/products\\\/biopolymers\\\/\"},{\"@type\":\"ListItem\",\"position\":4,\"name\":\"SoilTech Biopolymer for Soil Stabilization and Unpaved Roads\"}]},{\"@type\":\"WebSite\",\"@id\":\"https:\\\/\\\/www.metaflotech.com\\\/fr\\\/#website\",\"url\":\"https:\\\/\\\/www.metaflotech.com\\\/fr\\\/\",\"name\":\"MetaFLO Technologies\",\"description\":\"Engineered Polymer Solutions For Industrial Applications\",\"potentialAction\":[{\"@type\":\"SearchAction\",\"target\":{\"@type\":\"EntryPoint\",\"urlTemplate\":\"https:\\\/\\\/www.metaflotech.com\\\/fr\\\/?s={search_term_string}\"},\"query-input\":{\"@type\":\"PropertyValueSpecification\",\"valueRequired\":true,\"valueName\":\"search_term_string\"}}],\"inLanguage\":\"fr-CA\"}]}<\/script>\n<!-- \/ Yoast SEO plugin. -->","yoast_head_json":{"title":"SoilTech Biopolymer for Soil Stabilization and Unpaved Roads | MetaFLO Technologies","description":"MetaFLO SoilTech is an advanced biopolymer for soil stabilization on unpaved and industrial roads, improving durability, trafficability and long-term road performance.","robots":{"index":"index","follow":"follow","max-snippet":"max-snippet:-1","max-image-preview":"max-image-preview:large","max-video-preview":"max-video-preview:-1"},"canonical":"https:\/\/www.metaflotech.com\/fr\/produits\/biopolymeres\/soiltech\/","og_locale":"fr_CA","og_type":"article","og_title":"SoilTech Biopolymer for Soil Stabilization and Unpaved Roads | MetaFLO Technologies","og_description":"MetaFLO SoilTech is an advanced biopolymer for soil stabilization on unpaved and industrial roads, improving durability, trafficability and long-term road performance.","og_url":"https:\/\/www.metaflotech.com\/fr\/produits\/biopolymeres\/soiltech\/","og_site_name":"MetaFLO Technologies","article_publisher":"https:\/\/www.facebook.com\/MetaFLOTechnologies\/","article_modified_time":"2026-03-17T14:24:10+00:00","og_image":[{"url":"https:\/\/www.metaflotech.com\/wp-content\/uploads\/2025\/07\/Dark-3.svg","type":"","width":"","height":""}],"twitter_card":"summary_large_image","twitter_site":"@metaflo","twitter_misc":{"Estimation du temps de lecture":"6 minutes"},"schema":{"@context":"https:\/\/schema.org","@graph":[{"@type":"WebPage","@id":"https:\/\/www.metaflotech.com\/fr\/products\/biopolymers\/soiltech\/","url":"https:\/\/www.metaflotech.com\/fr\/products\/biopolymers\/soiltech\/","name":"SoilTech Biopolymer for Soil Stabilization and Unpaved Roads | MetaFLO Technologies","isPartOf":{"@id":"https:\/\/www.metaflotech.com\/fr\/#website"},"primaryImageOfPage":{"@id":"https:\/\/www.metaflotech.com\/fr\/products\/biopolymers\/soiltech\/#primaryimage"},"image":{"@id":"https:\/\/www.metaflotech.com\/fr\/products\/biopolymers\/soiltech\/#primaryimage"},"thumbnailUrl":"https:\/\/www.metaflotech.com\/wp-content\/uploads\/2025\/07\/Dark-3.svg","datePublished":"2024-10-09T07:19:08+00:00","dateModified":"2026-03-17T14:24:10+00:00","description":"MetaFLO SoilTech is an advanced biopolymer for soil stabilization on unpaved and industrial roads, improving durability, trafficability and long-term road performance.","breadcrumb":{"@id":"https:\/\/www.metaflotech.com\/fr\/products\/biopolymers\/soiltech\/#breadcrumb"},"inLanguage":"fr-CA","potentialAction":[{"@type":"ReadAction","target":["https:\/\/www.metaflotech.com\/fr\/products\/biopolymers\/soiltech\/"]}]},{"@type":"ImageObject","inLanguage":"fr-CA","@id":"https:\/\/www.metaflotech.com\/fr\/products\/biopolymers\/soiltech\/#primaryimage","url":"https:\/\/www.metaflotech.com\/wp-content\/uploads\/2025\/07\/Dark-3.svg","contentUrl":"https:\/\/www.metaflotech.com\/wp-content\/uploads\/2025\/07\/Dark-3.svg"},{"@type":"BreadcrumbList","@id":"https:\/\/www.metaflotech.com\/fr\/products\/biopolymers\/soiltech\/#breadcrumb","itemListElement":[{"@type":"ListItem","position":1,"name":"Home","item":"https:\/\/www.metaflotech.com\/"},{"@type":"ListItem","position":2,"name":"Products","item":"https:\/\/www.metaflotech.com\/products\/"},{"@type":"ListItem","position":3,"name":"Biopolymers (Tech)","item":"https:\/\/www.metaflotech.com\/products\/biopolymers\/"},{"@type":"ListItem","position":4,"name":"SoilTech Biopolymer for Soil Stabilization and Unpaved Roads"}]},{"@type":"WebSite","@id":"https:\/\/www.metaflotech.com\/fr\/#website","url":"https:\/\/www.metaflotech.com\/fr\/","name":"MetaFLO Technologies","description":"Solutions d'ing\u00e9nierie en mati\u00e8re de polym\u00e8res pour les applications industrielles","potentialAction":[{"@type":"SearchAction","target":{"@type":"EntryPoint","urlTemplate":"https:\/\/www.metaflotech.com\/fr\/?s={search_term_string}"},"query-input":{"@type":"PropertyValueSpecification","valueRequired":true,"valueName":"search_term_string"}}],"inLanguage":"fr-CA"}]}},"_links":{"self":[{"href":"https:\/\/www.metaflotech.com\/fr\/wp-json\/wp\/v2\/pages\/94636","targetHints":{"allow":["GET"]}}],"collection":[{"href":"https:\/\/www.metaflotech.com\/fr\/wp-json\/wp\/v2\/pages"}],"about":[{"href":"https:\/\/www.metaflotech.com\/fr\/wp-json\/wp\/v2\/types\/page"}],"author":[{"embeddable":true,"href":"https:\/\/www.metaflotech.com\/fr\/wp-json\/wp\/v2\/users\/1"}],"replies":[{"embeddable":true,"href":"https:\/\/www.metaflotech.com\/fr\/wp-json\/wp\/v2\/comments?post=94636"}],"version-history":[{"count":0,"href":"https:\/\/www.metaflotech.com\/fr\/wp-json\/wp\/v2\/pages\/94636\/revisions"}],"up":[{"embeddable":true,"href":"https:\/\/www.metaflotech.com\/fr\/wp-json\/wp\/v2\/pages\/108180"}],"wp:attachment":[{"href":"https:\/\/www.metaflotech.com\/fr\/wp-json\/wp\/v2\/media?parent=94636"}],"curies":[{"name":"wp","href":"https:\/\/api.w.org\/{rel}","templated":true}]}}