{"id":95604,"date":"2024-10-10T07:54:17","date_gmt":"2024-10-10T07:54:17","guid":{"rendered":"https:\/\/www.metaflotech.com\/?page_id=95604"},"modified":"2026-03-12T13:10:15","modified_gmt":"2026-03-12T13:10:15","slug":"remtech","status":"publish","type":"page","link":"https:\/\/www.metaflotech.com\/fr\/products\/biopolymers\/remtech\/","title":{"rendered":"RemTech Contaminated Water Treatment for Metals and Hydrocarbons"},"content":{"rendered":"<img decoding=\"async\" src=\"https:\/\/www.metaflotech.com\/wp-content\/uploads\/2025\/07\/Dark.svg\" alt=\"Sombre\" itemprop=\"image\" height=\"100\" width=\"100\" title=\"Sombre\" onerror=\"this.style.display='none'\" loading='lazy' \/>\r\n\t<h1><strong>Biopolym\u00e8re<\/strong><\/h1>\r\n<h1>Solution biologique avanc\u00e9e pour l'eau contamin\u00e9e<\/h1>\r\n\t<h3><strong>Application<\/strong><\/h3>\r\n\t\t\t <p>Exploitation mini\u00e8re<\/p>\t\t\r\n\t\t\t <p>P\u00e9trole et gaz (fracturation)<\/p>\t\t\r\n\t\t\t <p>Boues et lisiers contamin\u00e9s<\/p>\t\t\r\n\t<h3><strong>Avantages<\/strong><\/h3>\r\n\t\t\t <p>Agent oxydant alcalin facile \u00e0 appliquer, ne n\u00e9cessitant pas d'\u00e9quipement suppl\u00e9mentaire.<\/p>\t\t\r\n\t\t\t <p>Respect de l'environnement : \u00e9limine les contaminants et permet la r\u00e9utilisation de l'eau.<\/p>\t\t\r\n\t\t\t <p>Ne g\u00e9n\u00e8re pas de sous-produits toxiques pour l'environnement.<\/p>\t\t\r\n\t\t\t <p>D\u00e9grade les huiles et les graisses pr\u00e9sentes dans l'eau.<\/p>\t\t\r\n\t\t\t <p>Pr\u00e9cipite les m\u00e9taux pr\u00e9sents dans l'eau.<\/p>\t\t\r\n\t\t\t\t<img decoding=\"async\" src=\"https:\/\/www.metaflotech.com\/wp-content\/uploads\/2024\/10\/Biopolymer-Hero-3.png\" alt=\"Biopolym\u00e8re Hero 3\" itemprop=\"image\" height=\"447\" width=\"1162\" onerror=\"this.style.display='none'\" loading='lazy' \/>\r\n\t<h3>&#8220;<strong>Solution de cuivre avec une concentration de 4% <\/strong>&#8211; before and after RemTech application.&#8221;<\/h3>\r\n<h3>&#8220;<strong>RemTech permet d'\u00e9liminer simultan\u00e9ment diff\u00e9rents m\u00e9taux lourds, <\/strong>offering the opportunity to reuse water in the industrial process.&#8221;<\/h3>\r\n\t<h2><strong>Un additif pour l'eau contamin\u00e9e, la fracturation, le lixiviat de d\u00e9charge, les \u00e9tangs, les lacs et les cours d'eau.<\/strong><\/h2>\r\n<p>Cette technologie avanc\u00e9e est id\u00e9ale pour les industries qui recherchent des solutions efficaces et respectueuses de l'environnement pour les liquides contamin\u00e9s.<\/p>\r\n<p>For produced water, RemTech at low dosages is able to act at hydrocarbons and metals simultaneously. RemTech&#8217;s chemistry can also be used effectively in any contaminated liquid, whether from mining, oil and gas, or manufacturing.<\/p>\r\n\t\t\t\t<img decoding=\"async\" src=\"https:\/\/www.metaflotech.com\/wp-content\/uploads\/2024\/11\/Fracking-Remediation.png\" alt=\"Remise en \u00e9tat des sites de fracturation\" itemprop=\"image\" height=\"702\" width=\"728\" onerror=\"this.style.display='none'\" loading='lazy' \/>\r\n\t<h1><strong>Avantages de RemTech<\/strong><\/h1>\r\n\t<h4>Par rapport \u00e0 d'autres agents alcalins, <strong>RemTech agit rapidement,<\/strong> ne g\u00e9n\u00e8re pas de d\u00e9chets \u00e0 traiter et n'use pas les \u00e9quipements de traitement.<\/h4>\r\n\t<h4>Des tests ont montr\u00e9 que RemTech est tr\u00e8s efficace pour \u00e9liminer <strong>Les compos\u00e9s BTEX (benz\u00e8ne, toul\u00e8ne, \u00e9thylbenz\u00e8ne et xyl\u00e8nes) et les hydrocarbures aliphatiques et aromatiques.<\/strong><\/h4>\r\n\t<h4><strong>Facilit\u00e9 d'utilisation.<\/strong><\/h4>\r\n\t<h4><strong>Versatile application &#8211; different types of hydrocarbons.<\/strong><\/h4>\r\n\t<h4><strong>S\u00e9curit\u00e9 et durabilit\u00e9.<\/strong><\/h4>\r\n\t<h4><strong>Pas de production de d\u00e9chets, permettant dans certains cas la production de paraffines et d'autres composants inertes.<\/strong><\/h4>\r\n\t<h2><strong>Le processus de traitement est rapide et facile \u00e0 r\u00e9aliser et peut \u00eatre effectu\u00e9 sur la plateforme elle-m\u00eame.<\/strong><\/h2>\r\n\t<h2><strong>Comment utiliser RemTech dans le traitement des eaux contamin\u00e9es ?<\/strong><\/h2>\r\n<p>RemTech doit \u00eatre utilis\u00e9 comme un simple additif, ajout\u00e9 au processus existant. Il peut \u00eatre dos\u00e9 directement dans l'eau car il est tr\u00e8s soluble.<\/p>\r\n<p>&nbsp;<\/p>\r\n<h2><strong>Quelle quantit\u00e9 dois-je utiliser ?<\/strong><\/h2>\r\n<p>Le dosage de RemTech d\u00e9pend des types de contaminants existants (hydrocarbures plus complexes et de poids mol\u00e9culaire \u00e9lev\u00e9) et de la concentration des contaminants. Toutefois, en g\u00e9n\u00e9ral, de faibles dosages sont suffisants pour le traitement, avec une efficacit\u00e9 de 250 ppm seulement.<\/p>\r\n<h2>\r\n\t\t\t\u00c9tudes de cas\t<\/h2>\r\n<h3>\r\n\t\t<a href=\"https:\/\/www.metaflotech.com\/wp-content\/uploads\/2025\/07\/RemTech-Case-Study-1-English-MetaFLO-Technologies.pdf\" title=\"RemTech traite simultan\u00e9ment les m\u00e9taux lourds dans les effluents de lixiviation de l&#039;or\"  target=\"_self\">\r\n\t\t\tRemTech traite simultan\u00e9ment les m\u00e9taux lourds dans les effluents de lixiviation de l'or\t\t<\/a>\r\n\t<\/h3>\r\n\t<p>MetaFLO&#8217;s biopolymer provides advanced bio-friendly remediation of contaminated water such as effluents, helping companies save costs, increase productivity and protect the environment.<\/p>\r\n<h3>\r\n\t\t<a href=\"https:\/\/www.metaflotech.com\/wp-content\/uploads\/2025\/07\/RemTech-Case-Study-2-English-MetaFLO-Technologies-1.pdf\" title=\"RemTech traite les hydrocarbures pour les effluents p\u00e9troliers industriels\"  target=\"_self\">\r\n\t\t\tRemTech traite les hydrocarbures pour les effluents p\u00e9troliers industriels\t\t<\/a>\r\n\t<\/h3>\r\n\t<p>MetaFLO&#8217;s study reveals unmatched cost savings, productivity gains, and environmental benefits for treating hydrocarbons on an effluent.<\/p>\r\n\t<h1><strong>Nos biopolym\u00e8res<\/strong><\/h1>\r\n<p>MetaFLO&#8217;s biopolymers have been purposefully engineered to provide a variety of cost-effective solutions for multiple applications, from dust suppression to gold extraction. Our products are environmentally safe, easy to use, and can be tailored to meet specific needs. Contact us for more details.<\/p>\r\n\t\t\t\t<a href=\"https:\/\/www.metaflotech.com\/fr\/produits\/biopolymeres\/soiltech\/\"  target=\"_self\" itemprop=\"url\">\r\n\t\t\t\t<img decoding=\"async\" src=\"https:\/\/www.metaflotech.com\/wp-content\/uploads\/2025\/07\/Logo-3.svg\" alt=\"Logo\" itemprop=\"image\" height=\"100\" width=\"100\" title=\"Logo\" onerror=\"this.style.display='none'\" loading='lazy' \/>\r\n\t\t\t\t<\/a>\r\n\t<p><strong>\u2713 Stabilisation des sols<\/strong><\/p>\r\n\t\t\t\t<a href=\"https:\/\/www.metaflotech.com\/fr\/produits\/biopolymeres\/dustech\/\"  target=\"_self\" itemprop=\"url\">\r\n\t\t\t\t<img decoding=\"async\" src=\"https:\/\/www.metaflotech.com\/wp-content\/uploads\/2025\/07\/Logo-5.svg\" alt=\"Logo\" itemprop=\"image\" height=\"100\" width=\"100\" title=\"Logo\" onerror=\"this.style.display='none'\" loading='lazy' \/>\r\n\t\t\t\t<\/a>\r\n\t<p><strong>\u2713 Suppression des poussi\u00e8res<\/strong><\/p>\r\n\t\t\t\t<a href=\"https:\/\/www.metaflotech.com\/fr\/produits\/biopolymeres\/extractech\/\"  target=\"_self\" itemprop=\"url\">\r\n\t\t\t\t<img decoding=\"async\" src=\"https:\/\/www.metaflotech.com\/wp-content\/uploads\/2025\/07\/Logo-4.svg\" alt=\"Logo\" itemprop=\"image\" height=\"100\" width=\"100\" title=\"Logo\" onerror=\"this.style.display='none'\" loading='lazy' \/>\r\n\t\t\t\t<\/a>\r\n\t<strong>\u2713 Extraction de l'or et r\u00e9duction du cyanure<br \/>\r\n<\/strong>\r\n\t\t\t\t<a href=\"https:\/\/www.metaflotech.com\/fr\/produits\/biopolymeres\/remtech\/\"  target=\"_self\" itemprop=\"url\">\r\n\t\t\t\t<img decoding=\"async\" src=\"https:\/\/www.metaflotech.com\/wp-content\/uploads\/2025\/07\/Logo.svg\" alt=\"Logo\" itemprop=\"image\" height=\"100\" width=\"100\" title=\"Logo\" onerror=\"this.style.display='none'\" loading='lazy' \/>\r\n\t\t\t\t<\/a>\r\n\t<p><strong>\u2713 Eau contamin\u00e9e<\/strong><\/p>\r\n\t\t\t\t<a href=\"https:\/\/www.metaflotech.com\/fr\/produits\/biopolymeres\/cementech\/\"  target=\"_self\" itemprop=\"url\">\r\n\t\t\t\t<img decoding=\"async\" src=\"https:\/\/www.metaflotech.com\/wp-content\/uploads\/2025\/07\/Logo-8.svg\" alt=\"Logo\" itemprop=\"image\" height=\"100\" width=\"100\" title=\"Logo\" onerror=\"this.style.display='none'\" loading='lazy' \/>\r\n\t\t\t\t<\/a>\r\n\t<p><strong>\u2713 Am\u00e9lioration du ciment<\/strong><\/p>","protected":false},"excerpt":{"rendered":"<p>Biopolymer Advanced Bio-Friendly Solution for Contaminated Water Application Mining Oil &amp; Gas (Fracking) Contaminated Slurries and Sludges Benefits Easy to apply alkaline oxidizing agent, does not require additional equipment. Environmentally friendly: eliminates contaminants and allows water reuse. Does not generate toxic byproducts to the environment. Degradates oils and greases present in water. Precipitates metals present&hellip;<\/p>","protected":false},"author":1,"featured_media":0,"parent":108180,"menu_order":0,"comment_status":"closed","ping_status":"closed","template":"","meta":{"_acf_changed":false,"inline_featured_image":false,"footnotes":""},"class_list":["post-95604","page","type-page","status-publish","hentry"],"acf":[],"yoast_head":"<!-- This site is optimized with the Yoast SEO plugin v27.4 - https:\/\/yoast.com\/product\/yoast-seo-wordpress\/ -->\n<title>RemTech Contaminated Water Treatment for Metals and Hydrocarbons | MetaFLO Technologies<\/title>\n<meta name=\"description\" content=\"RemTech is an advanced biopolymer for contaminated water treatment, removing heavy metals and hydrocarbons while improving environmental compliance and water reuse.\" \/>\n<meta name=\"robots\" content=\"index, follow, max-snippet:-1, max-image-preview:large, max-video-preview:-1\" \/>\n<link rel=\"canonical\" href=\"https:\/\/www.metaflotech.com\/fr\/produits\/biopolymeres\/remtech\/\" \/>\n<meta property=\"og:locale\" content=\"fr_CA\" \/>\n<meta property=\"og:type\" content=\"article\" \/>\n<meta property=\"og:title\" content=\"RemTech Contaminated Water Treatment for Metals and Hydrocarbons | MetaFLO Technologies\" \/>\n<meta property=\"og:description\" content=\"RemTech is an advanced biopolymer for contaminated water treatment, removing heavy metals and hydrocarbons while improving environmental compliance and water reuse.\" \/>\n<meta property=\"og:url\" content=\"https:\/\/www.metaflotech.com\/fr\/produits\/biopolymeres\/remtech\/\" \/>\n<meta property=\"og:site_name\" content=\"MetaFLO Technologies\" \/>\n<meta property=\"article:publisher\" content=\"https:\/\/www.facebook.com\/MetaFLOTechnologies\/\" \/>\n<meta property=\"article:modified_time\" content=\"2026-03-12T13:10:15+00:00\" \/>\n<meta property=\"og:image\" content=\"https:\/\/www.metaflotech.com\/wp-content\/uploads\/2025\/07\/Dark.svg\" \/>\n<meta name=\"twitter:card\" content=\"summary_large_image\" \/>\n<meta name=\"twitter:site\" content=\"@metaflo\" \/>\n<meta name=\"twitter:label1\" content=\"Estimation du temps de lecture\" \/>\n\t<meta name=\"twitter:data1\" content=\"4 minutes\" \/>\n<script type=\"application\/ld+json\" class=\"yoast-schema-graph\">{\"@context\":\"https:\\\/\\\/schema.org\",\"@graph\":[{\"@type\":\"WebPage\",\"@id\":\"https:\\\/\\\/www.metaflotech.com\\\/fr\\\/products\\\/biopolymers\\\/remtech\\\/\",\"url\":\"https:\\\/\\\/www.metaflotech.com\\\/fr\\\/products\\\/biopolymers\\\/remtech\\\/\",\"name\":\"RemTech Contaminated Water Treatment for Metals and Hydrocarbons | MetaFLO Technologies\",\"isPartOf\":{\"@id\":\"https:\\\/\\\/www.metaflotech.com\\\/fr\\\/#website\"},\"primaryImageOfPage\":{\"@id\":\"https:\\\/\\\/www.metaflotech.com\\\/fr\\\/products\\\/biopolymers\\\/remtech\\\/#primaryimage\"},\"image\":{\"@id\":\"https:\\\/\\\/www.metaflotech.com\\\/fr\\\/products\\\/biopolymers\\\/remtech\\\/#primaryimage\"},\"thumbnailUrl\":\"https:\\\/\\\/www.metaflotech.com\\\/wp-content\\\/uploads\\\/2025\\\/07\\\/Dark.svg\",\"datePublished\":\"2024-10-10T07:54:17+00:00\",\"dateModified\":\"2026-03-12T13:10:15+00:00\",\"description\":\"RemTech is an advanced biopolymer for contaminated water treatment, removing heavy metals and hydrocarbons while improving environmental compliance and water reuse.\",\"breadcrumb\":{\"@id\":\"https:\\\/\\\/www.metaflotech.com\\\/fr\\\/products\\\/biopolymers\\\/remtech\\\/#breadcrumb\"},\"inLanguage\":\"fr-CA\",\"potentialAction\":[{\"@type\":\"ReadAction\",\"target\":[\"https:\\\/\\\/www.metaflotech.com\\\/fr\\\/products\\\/biopolymers\\\/remtech\\\/\"]}]},{\"@type\":\"ImageObject\",\"inLanguage\":\"fr-CA\",\"@id\":\"https:\\\/\\\/www.metaflotech.com\\\/fr\\\/products\\\/biopolymers\\\/remtech\\\/#primaryimage\",\"url\":\"https:\\\/\\\/www.metaflotech.com\\\/wp-content\\\/uploads\\\/2025\\\/07\\\/Dark.svg\",\"contentUrl\":\"https:\\\/\\\/www.metaflotech.com\\\/wp-content\\\/uploads\\\/2025\\\/07\\\/Dark.svg\"},{\"@type\":\"BreadcrumbList\",\"@id\":\"https:\\\/\\\/www.metaflotech.com\\\/fr\\\/products\\\/biopolymers\\\/remtech\\\/#breadcrumb\",\"itemListElement\":[{\"@type\":\"ListItem\",\"position\":1,\"name\":\"Home\",\"item\":\"https:\\\/\\\/www.metaflotech.com\\\/\"},{\"@type\":\"ListItem\",\"position\":2,\"name\":\"Products\",\"item\":\"https:\\\/\\\/www.metaflotech.com\\\/products\\\/\"},{\"@type\":\"ListItem\",\"position\":3,\"name\":\"Biopolymers (Tech)\",\"item\":\"https:\\\/\\\/www.metaflotech.com\\\/products\\\/biopolymers\\\/\"},{\"@type\":\"ListItem\",\"position\":4,\"name\":\"RemTech Contaminated Water Treatment for Metals and Hydrocarbons\"}]},{\"@type\":\"WebSite\",\"@id\":\"https:\\\/\\\/www.metaflotech.com\\\/fr\\\/#website\",\"url\":\"https:\\\/\\\/www.metaflotech.com\\\/fr\\\/\",\"name\":\"MetaFLO Technologies\",\"description\":\"Engineered Polymer Solutions For Industrial Applications\",\"potentialAction\":[{\"@type\":\"SearchAction\",\"target\":{\"@type\":\"EntryPoint\",\"urlTemplate\":\"https:\\\/\\\/www.metaflotech.com\\\/fr\\\/?s={search_term_string}\"},\"query-input\":{\"@type\":\"PropertyValueSpecification\",\"valueRequired\":true,\"valueName\":\"search_term_string\"}}],\"inLanguage\":\"fr-CA\"}]}<\/script>\n<!-- \/ Yoast SEO plugin. -->","yoast_head_json":{"title":"RemTech Contaminated Water Treatment for Metals and Hydrocarbons | MetaFLO Technologies","description":"RemTech is an advanced biopolymer for contaminated water treatment, removing heavy metals and hydrocarbons while improving environmental compliance and water reuse.","robots":{"index":"index","follow":"follow","max-snippet":"max-snippet:-1","max-image-preview":"max-image-preview:large","max-video-preview":"max-video-preview:-1"},"canonical":"https:\/\/www.metaflotech.com\/fr\/produits\/biopolymeres\/remtech\/","og_locale":"fr_CA","og_type":"article","og_title":"RemTech Contaminated Water Treatment for Metals and Hydrocarbons | MetaFLO Technologies","og_description":"RemTech is an advanced biopolymer for contaminated water treatment, removing heavy metals and hydrocarbons while improving environmental compliance and water reuse.","og_url":"https:\/\/www.metaflotech.com\/fr\/produits\/biopolymeres\/remtech\/","og_site_name":"MetaFLO Technologies","article_publisher":"https:\/\/www.facebook.com\/MetaFLOTechnologies\/","article_modified_time":"2026-03-12T13:10:15+00:00","og_image":[{"url":"https:\/\/www.metaflotech.com\/wp-content\/uploads\/2025\/07\/Dark.svg","type":"","width":"","height":""}],"twitter_card":"summary_large_image","twitter_site":"@metaflo","twitter_misc":{"Estimation du temps de lecture":"4 minutes"},"schema":{"@context":"https:\/\/schema.org","@graph":[{"@type":"WebPage","@id":"https:\/\/www.metaflotech.com\/fr\/products\/biopolymers\/remtech\/","url":"https:\/\/www.metaflotech.com\/fr\/products\/biopolymers\/remtech\/","name":"RemTech Contaminated Water Treatment for Metals and Hydrocarbons | MetaFLO Technologies","isPartOf":{"@id":"https:\/\/www.metaflotech.com\/fr\/#website"},"primaryImageOfPage":{"@id":"https:\/\/www.metaflotech.com\/fr\/products\/biopolymers\/remtech\/#primaryimage"},"image":{"@id":"https:\/\/www.metaflotech.com\/fr\/products\/biopolymers\/remtech\/#primaryimage"},"thumbnailUrl":"https:\/\/www.metaflotech.com\/wp-content\/uploads\/2025\/07\/Dark.svg","datePublished":"2024-10-10T07:54:17+00:00","dateModified":"2026-03-12T13:10:15+00:00","description":"RemTech is an advanced biopolymer for contaminated water treatment, removing heavy metals and hydrocarbons while improving environmental compliance and water reuse.","breadcrumb":{"@id":"https:\/\/www.metaflotech.com\/fr\/products\/biopolymers\/remtech\/#breadcrumb"},"inLanguage":"fr-CA","potentialAction":[{"@type":"ReadAction","target":["https:\/\/www.metaflotech.com\/fr\/products\/biopolymers\/remtech\/"]}]},{"@type":"ImageObject","inLanguage":"fr-CA","@id":"https:\/\/www.metaflotech.com\/fr\/products\/biopolymers\/remtech\/#primaryimage","url":"https:\/\/www.metaflotech.com\/wp-content\/uploads\/2025\/07\/Dark.svg","contentUrl":"https:\/\/www.metaflotech.com\/wp-content\/uploads\/2025\/07\/Dark.svg"},{"@type":"BreadcrumbList","@id":"https:\/\/www.metaflotech.com\/fr\/products\/biopolymers\/remtech\/#breadcrumb","itemListElement":[{"@type":"ListItem","position":1,"name":"Home","item":"https:\/\/www.metaflotech.com\/"},{"@type":"ListItem","position":2,"name":"Products","item":"https:\/\/www.metaflotech.com\/products\/"},{"@type":"ListItem","position":3,"name":"Biopolymers (Tech)","item":"https:\/\/www.metaflotech.com\/products\/biopolymers\/"},{"@type":"ListItem","position":4,"name":"RemTech Contaminated Water Treatment for Metals and Hydrocarbons"}]},{"@type":"WebSite","@id":"https:\/\/www.metaflotech.com\/fr\/#website","url":"https:\/\/www.metaflotech.com\/fr\/","name":"MetaFLO Technologies","description":"Solutions d'ing\u00e9nierie en mati\u00e8re de polym\u00e8res pour les applications industrielles","potentialAction":[{"@type":"SearchAction","target":{"@type":"EntryPoint","urlTemplate":"https:\/\/www.metaflotech.com\/fr\/?s={search_term_string}"},"query-input":{"@type":"PropertyValueSpecification","valueRequired":true,"valueName":"search_term_string"}}],"inLanguage":"fr-CA"}]}},"_links":{"self":[{"href":"https:\/\/www.metaflotech.com\/fr\/wp-json\/wp\/v2\/pages\/95604","targetHints":{"allow":["GET"]}}],"collection":[{"href":"https:\/\/www.metaflotech.com\/fr\/wp-json\/wp\/v2\/pages"}],"about":[{"href":"https:\/\/www.metaflotech.com\/fr\/wp-json\/wp\/v2\/types\/page"}],"author":[{"embeddable":true,"href":"https:\/\/www.metaflotech.com\/fr\/wp-json\/wp\/v2\/users\/1"}],"replies":[{"embeddable":true,"href":"https:\/\/www.metaflotech.com\/fr\/wp-json\/wp\/v2\/comments?post=95604"}],"version-history":[{"count":0,"href":"https:\/\/www.metaflotech.com\/fr\/wp-json\/wp\/v2\/pages\/95604\/revisions"}],"up":[{"embeddable":true,"href":"https:\/\/www.metaflotech.com\/fr\/wp-json\/wp\/v2\/pages\/108180"}],"wp:attachment":[{"href":"https:\/\/www.metaflotech.com\/fr\/wp-json\/wp\/v2\/media?parent=95604"}],"curies":[{"name":"wp","href":"https:\/\/api.w.org\/{rel}","templated":true}]}}