{"id":99321,"date":"2024-10-25T09:21:25","date_gmt":"2024-10-25T09:21:25","guid":{"rendered":"https:\/\/www.metaflotech.com\/?page_id=99321"},"modified":"2026-03-12T12:59:39","modified_gmt":"2026-03-12T12:59:39","slug":"forage-horizontal-directionnel","status":"publish","type":"page","link":"https:\/\/www.metaflotech.com\/fr\/applications\/horizontal-directional-drilling\/","title":{"rendered":"HDD Waste Management for Drilling Mud and Drilling Fluid"},"content":{"rendered":"<img decoding=\"async\" src=\"https:\/\/www.metaflotech.com\/wp-content\/uploads\/2024\/10\/HX30G-Vacuum-Excavator-Large.jpg\" alt=\"\" itemprop=\"image\" height=\"1068\" width=\"1600\" onerror=\"this.style.display='none'\" loading='lazy' \/>\r\n\t<h1><strong>Forage horizontal directionnel (HDD)<\/strong><\/h1>\r\n<h2><em>Innovation dans l'\u00e9limination des fluides \u00e0 base d'eau<\/em><\/h2>\r\n<h3>\r\n\t\t\tAper\u00e7u de la question\t<\/h3>\r\n\t<p>Le forage directionnel horizontal (HDD) est une technique de construction qui consiste \u00e0 forer un tunnel sous une voie d'eau ou une autre zone d\u00e9sign\u00e9e, et \u00e0 tirer un pipeline ou un autre service public \u00e0 travers le tunnel souterrain for\u00e9. Ce processus g\u00e9n\u00e8re des boues liquides qui doivent \u00eatre \u00e9limin\u00e9es.<\/p>\r\n<p>L'\u00e9limination des boues liquides est souvent co\u00fbteuse et hostile \u00e0 l'environnement lorsqu'elle n'est pas g\u00e9r\u00e9e correctement.<\/p>\r\n<p>Les m\u00e9thodes traditionnelles sont inefficaces, lentes et co\u00fbteuses.<\/p>\r\n<p>Le processus d'\u00e9limination des boues liquides se pr\u00e9sente souvent comme suit :<\/p>\r\n<ol>\r\n<li>Des camions sous vide sp\u00e9cialis\u00e9s transportent le lisier jusqu'\u00e0 une station de transfert.<\/li>\r\n<li>Des agents de gonflement tels que la sciure de bois sont utilis\u00e9s (ils gonflent g\u00e9n\u00e9ralement la boue de 50-200%).<\/li>\r\n<li>Les camions-bennes transportent l'augmentation de la charge de d\u00e9chets vers un site d'\u00e9limination finale.<\/li>\r\n<\/ol>\r\n<p>Cela signifie qu'il faut plus de camions, qu'il faut perdre plus de temps et que les co\u00fbts d'\u00e9limination sont plus \u00e9lev\u00e9s.<\/p>\r\n<h3>\r\n\t\t\tOverview of MetaFLO&#8217;s product\t<\/h3>\r\n\t<p>Les r\u00e9actifs MetaFLO sont des r\u00e9actifs de solidification inertes* non toxiques qui absorbent rapidement l'eau et aident les d\u00e9chets \u00e0 passer le test du filtre \u00e0 peinture (PFT). Ils s'appliquent aux fluides \u00e0 base d'eau tels que les fluides de forage, le jet grouting et les d\u00e9chets miniers.<\/p>\r\n<p>Avec MetaFLO, l'\u00e9limination des boues liquides est optimis\u00e9e :<\/p>\r\n<ol>\r\n<li>MetaFLO&#8217;s technology solidifies the liquid waste on-site<\/li>\r\n<li>Les d\u00e9chets solidifi\u00e9s sont transf\u00e9r\u00e9s dans des camions-bennes pour \u00eatre transport\u00e9s directement vers le site d'\u00e9limination final.<\/li>\r\n<\/ol>\r\n<p>Les avantages de notre proc\u00e9d\u00e9 brevet\u00e9 sont \u00e9vidents :<\/p>\r\n<ul>\r\n<li>\u00c9conomies de co\u00fbts<\/li>\r\n<li>Moins de camions n\u00e9cessaires<\/li>\r\n<li>Pas de transport de liquide co\u00fbteux<\/li>\r\n<li>R\u00e9duction des \u00e9missions de gaz \u00e0 effet de serre<\/li>\r\n<li>Contr\u00f4le des d\u00e9chets<\/li>\r\n<li>Conformit\u00e9 pour le client<\/li>\r\n<li>Sol r\u00e9utilis\u00e9 comme mat\u00e9riau de remblai propre et r\u00e9g\u00e9n\u00e9rateur<\/li>\r\n<li>Moins de paperasserie<\/li>\r\n<\/ul>\r\n<p>MetaFLO Technologies peut collaborer avec le personnel d'exploitation afin d'\u00e9laborer un plan personnalis\u00e9 et efficace pour relever les d\u00e9fis pos\u00e9s par les d\u00e9chets de fluides aqueux.<\/p>\r\n<p><em>*La classification des produits peut varier d'une juridiction \u00e0 l'autre dans les diff\u00e9rents pays.<\/em><\/p>\r\n\t\t\t\t<img decoding=\"async\" src=\"https:\/\/www.metaflotech.com\/wp-content\/uploads\/2024\/10\/icon-transport-w.png\" alt=\"ic\u00f4ne transport w\" itemprop=\"image\" height=\"311\" width=\"311\" title=\"ic\u00f4ne transport w\" onerror=\"this.style.display='none'\" loading='lazy' \/>\r\n\t<h3><b>R\u00e9duire consid\u00e9rablement les co\u00fbts de transport<\/b><\/h3>\r\n\t\t\t\t<img decoding=\"async\" src=\"https:\/\/www.metaflotech.com\/wp-content\/uploads\/2024\/10\/icon-ecology-w.png\" alt=\"ic\u00f4ne \u00e9cologie w\" itemprop=\"image\" height=\"311\" width=\"311\" title=\"ic\u00f4ne \u00e9cologie w\" onerror=\"this.style.display='none'\" loading='lazy' \/>\r\n\t<h3><b>Minimiser les risques pour l'environnement et la s\u00e9curit\u00e9<\/b><\/h3>\r\n\t\t\t\t<img decoding=\"async\" src=\"https:\/\/www.metaflotech.com\/wp-content\/uploads\/2024\/10\/icon-savings-w.png\" alt=\"ic\u00f4ne \u00e9pargne w\" itemprop=\"image\" height=\"311\" width=\"311\" title=\"ic\u00f4ne \u00e9pargne w\" onerror=\"this.style.display='none'\" loading='lazy' \/>\r\n\t<h3><b>Gestion durable et efficace des d\u00e9chets<\/b><\/h3>\r\n\t\t\t\t<img decoding=\"async\" src=\"https:\/\/www.metaflotech.com\/wp-content\/uploads\/2025\/01\/Method-EN.svg\" alt=\"M\u00e9thode-FR\" itemprop=\"image\" height=\"100\" width=\"100\" title=\"M\u00e9thode-FR\" onerror=\"this.style.display='none'\" loading='lazy' \/>\r\n<h1>\r\n\t\t\tCamions-bennes et camions-aspirateurs\t<\/h1>\r\n\t\t\t\t<img decoding=\"async\" src=\"https:\/\/www.metaflotech.com\/wp-content\/uploads\/2024\/12\/Trucks-2-EN.svg\" alt=\"Camions - 2 FR\" itemprop=\"image\" height=\"100\" width=\"100\" title=\"Camions - 2 FR\" onerror=\"this.style.display='none'\" loading='lazy' \/>\r\n\t\t\t\t<img decoding=\"async\" src=\"https:\/\/www.metaflotech.com\/wp-content\/uploads\/2024\/12\/Trucks-1-EN.svg\" alt=\"Camions - 1 FR\" itemprop=\"image\" height=\"100\" width=\"100\" title=\"Camions - 1 FR\" onerror=\"this.style.display='none'\" loading='lazy' \/>\r\n\t<h3><strong>Notre processus MetaFLO, qui a fait ses preuves, pr\u00e9sente des avantages \u00e9vidents :<\/strong><\/h3>\r\n<ol>\r\n<li>R\u00e9duction de l'empreinte op\u00e9rationnelle dans les sites urbains encombr\u00e9s pour une gestion rapide des d\u00e9blais<\/li>\r\n<li>Am\u00e9lioration de l'efficacit\u00e9 des transports pour \u00e9vacuer les mat\u00e9riaux secs des sites de projet<\/li>\r\n<li>Des d\u00e9blais solidifi\u00e9s qui r\u00e9pondent aux crit\u00e8res r\u00e9glementaires pour aller directement dans des sites de remblais propres R\u00e9duction des \u00e9missions de gaz \u00e0 effet de serre, am\u00e9lioration de la logistique urbaine, gestion responsable des sols exc\u00e9dentaires<\/li>\r\n<\/ol>\r\n<h2>\r\n\t\t\t\u00c9tudes de cas\t<\/h2>\r\n<h3>\r\n\t\t<a href=\"https:\/\/www.metaflotech.com\/wp-content\/uploads\/2024\/12\/MF002-Case-Study_-HDD-English-MetaFLO-Technologies.pdf\" title=\"Sustainable Waste Management for Enbridge's GTA Pipeline Project\"  target=\"_self\">\r\n\t\t\tSustainable Waste Management for Enbridge&#8217;s GTA Pipeline Project\t\t<\/a>\r\n\t<\/h3>\r\n\t<p>MetaFLO&#8217;s technology cuts GHG emissions by 67% and turns liquid waste into reusable resources, supporting a cleaner future for urban infrastructure.<\/p>\r\n\t\t\t\t<img decoding=\"async\" src=\"https:\/\/www.metaflotech.com\/wp-content\/uploads\/2025\/01\/Full-Infographic-EN.svg\" alt=\"Infographie compl\u00e8te-FR\" itemprop=\"image\" height=\"100\" width=\"100\" title=\"Infographie compl\u00e8te-FR\" onerror=\"this.style.display='none'\" loading='lazy' \/>","protected":false},"excerpt":{"rendered":"<p>Horizontal Directional Drilling (HDD) Innovation In Water-Based Fluid Disposal Issue at a Glance Horizontal Directional Drilling (HDD) is a construction technique in which a tunnel is drilled under a waterway or other designated area, and a pipeline or other utility is pulled through the drilled underground tunnel. This process generates liquid slurry waste that requires&hellip;<\/p>","protected":false},"author":1,"featured_media":0,"parent":73499,"menu_order":0,"comment_status":"closed","ping_status":"closed","template":"","meta":{"_acf_changed":false,"inline_featured_image":false,"footnotes":""},"class_list":["post-99321","page","type-page","status-publish","hentry"],"acf":[],"yoast_head":"<!-- This site is optimized with the Yoast SEO plugin v27.4 - https:\/\/yoast.com\/product\/yoast-seo-wordpress\/ -->\n<title>HDD Waste Management for Drilling Mud and Drilling Fluid | MetaFLO Technologies<\/title>\n<meta name=\"description\" content=\"MetaFLO provides solutions for horizontal directional drilling, enabling efficient drilling fluid and HDD slurry solidification for safer handling, transport and disposal.\" \/>\n<meta name=\"robots\" content=\"index, follow, max-snippet:-1, max-image-preview:large, max-video-preview:-1\" \/>\n<link rel=\"canonical\" href=\"https:\/\/www.metaflotech.com\/fr\/applications\/forage-horizontal-directionnel\/\" \/>\n<meta property=\"og:locale\" content=\"fr_CA\" \/>\n<meta property=\"og:type\" content=\"article\" \/>\n<meta property=\"og:title\" content=\"HDD Waste Management for Drilling Mud and Drilling Fluid | MetaFLO Technologies\" \/>\n<meta property=\"og:description\" content=\"MetaFLO provides solutions for horizontal directional drilling, enabling efficient drilling fluid and HDD slurry solidification for safer handling, transport and disposal.\" \/>\n<meta property=\"og:url\" content=\"https:\/\/www.metaflotech.com\/fr\/applications\/forage-horizontal-directionnel\/\" \/>\n<meta property=\"og:site_name\" content=\"MetaFLO Technologies\" \/>\n<meta property=\"article:publisher\" content=\"https:\/\/www.facebook.com\/MetaFLOTechnologies\/\" \/>\n<meta property=\"article:modified_time\" content=\"2026-03-12T12:59:39+00:00\" \/>\n<meta property=\"og:image\" content=\"https:\/\/www.metaflotech.com\/wp-content\/uploads\/2024\/10\/HX30G-Vacuum-Excavator-Large.jpg\" \/>\n<meta name=\"twitter:card\" content=\"summary_large_image\" \/>\n<meta name=\"twitter:site\" content=\"@metaflo\" \/>\n<meta name=\"twitter:label1\" content=\"Estimation du temps de lecture\" \/>\n\t<meta name=\"twitter:data1\" content=\"4 minutes\" \/>\n<script type=\"application\/ld+json\" class=\"yoast-schema-graph\">{\"@context\":\"https:\\\/\\\/schema.org\",\"@graph\":[{\"@type\":\"WebPage\",\"@id\":\"https:\\\/\\\/www.metaflotech.com\\\/fr\\\/applications\\\/horizontal-directional-drilling\\\/\",\"url\":\"https:\\\/\\\/www.metaflotech.com\\\/fr\\\/applications\\\/horizontal-directional-drilling\\\/\",\"name\":\"HDD Waste Management for Drilling Mud and Drilling Fluid | MetaFLO Technologies\",\"isPartOf\":{\"@id\":\"https:\\\/\\\/www.metaflotech.com\\\/fr\\\/#website\"},\"primaryImageOfPage\":{\"@id\":\"https:\\\/\\\/www.metaflotech.com\\\/fr\\\/applications\\\/horizontal-directional-drilling\\\/#primaryimage\"},\"image\":{\"@id\":\"https:\\\/\\\/www.metaflotech.com\\\/fr\\\/applications\\\/horizontal-directional-drilling\\\/#primaryimage\"},\"thumbnailUrl\":\"https:\\\/\\\/www.metaflotech.com\\\/wp-content\\\/uploads\\\/2024\\\/10\\\/HX30G-Vacuum-Excavator-Large.jpg\",\"datePublished\":\"2024-10-25T09:21:25+00:00\",\"dateModified\":\"2026-03-12T12:59:39+00:00\",\"description\":\"MetaFLO provides solutions for horizontal directional drilling, enabling efficient drilling fluid and HDD slurry solidification for safer handling, transport and disposal.\",\"breadcrumb\":{\"@id\":\"https:\\\/\\\/www.metaflotech.com\\\/fr\\\/applications\\\/horizontal-directional-drilling\\\/#breadcrumb\"},\"inLanguage\":\"fr-CA\",\"potentialAction\":[{\"@type\":\"ReadAction\",\"target\":[\"https:\\\/\\\/www.metaflotech.com\\\/fr\\\/applications\\\/horizontal-directional-drilling\\\/\"]}]},{\"@type\":\"ImageObject\",\"inLanguage\":\"fr-CA\",\"@id\":\"https:\\\/\\\/www.metaflotech.com\\\/fr\\\/applications\\\/horizontal-directional-drilling\\\/#primaryimage\",\"url\":\"https:\\\/\\\/www.metaflotech.com\\\/wp-content\\\/uploads\\\/2024\\\/10\\\/HX30G-Vacuum-Excavator-Large.jpg\",\"contentUrl\":\"https:\\\/\\\/www.metaflotech.com\\\/wp-content\\\/uploads\\\/2024\\\/10\\\/HX30G-Vacuum-Excavator-Large.jpg\"},{\"@type\":\"BreadcrumbList\",\"@id\":\"https:\\\/\\\/www.metaflotech.com\\\/fr\\\/applications\\\/horizontal-directional-drilling\\\/#breadcrumb\",\"itemListElement\":[{\"@type\":\"ListItem\",\"position\":1,\"name\":\"Home\",\"item\":\"https:\\\/\\\/www.metaflotech.com\\\/\"},{\"@type\":\"ListItem\",\"position\":2,\"name\":\"Applications\",\"item\":\"https:\\\/\\\/www.metaflotech.com\\\/applications\\\/\"},{\"@type\":\"ListItem\",\"position\":3,\"name\":\"HDD Waste Management for Drilling Mud and Drilling Fluid\"}]},{\"@type\":\"WebSite\",\"@id\":\"https:\\\/\\\/www.metaflotech.com\\\/fr\\\/#website\",\"url\":\"https:\\\/\\\/www.metaflotech.com\\\/fr\\\/\",\"name\":\"MetaFLO Technologies\",\"description\":\"Engineered Polymer Solutions For Industrial Applications\",\"potentialAction\":[{\"@type\":\"SearchAction\",\"target\":{\"@type\":\"EntryPoint\",\"urlTemplate\":\"https:\\\/\\\/www.metaflotech.com\\\/fr\\\/?s={search_term_string}\"},\"query-input\":{\"@type\":\"PropertyValueSpecification\",\"valueRequired\":true,\"valueName\":\"search_term_string\"}}],\"inLanguage\":\"fr-CA\"}]}<\/script>\n<!-- \/ Yoast SEO plugin. -->","yoast_head_json":{"title":"HDD Waste Management for Drilling Mud and Drilling Fluid | MetaFLO Technologies","description":"MetaFLO provides solutions for horizontal directional drilling, enabling efficient drilling fluid and HDD slurry solidification for safer handling, transport and disposal.","robots":{"index":"index","follow":"follow","max-snippet":"max-snippet:-1","max-image-preview":"max-image-preview:large","max-video-preview":"max-video-preview:-1"},"canonical":"https:\/\/www.metaflotech.com\/fr\/applications\/forage-horizontal-directionnel\/","og_locale":"fr_CA","og_type":"article","og_title":"HDD Waste Management for Drilling Mud and Drilling Fluid | MetaFLO Technologies","og_description":"MetaFLO provides solutions for horizontal directional drilling, enabling efficient drilling fluid and HDD slurry solidification for safer handling, transport and disposal.","og_url":"https:\/\/www.metaflotech.com\/fr\/applications\/forage-horizontal-directionnel\/","og_site_name":"MetaFLO Technologies","article_publisher":"https:\/\/www.facebook.com\/MetaFLOTechnologies\/","article_modified_time":"2026-03-12T12:59:39+00:00","og_image":[{"url":"https:\/\/www.metaflotech.com\/wp-content\/uploads\/2024\/10\/HX30G-Vacuum-Excavator-Large.jpg","type":"","width":"","height":""}],"twitter_card":"summary_large_image","twitter_site":"@metaflo","twitter_misc":{"Estimation du temps de lecture":"4 minutes"},"schema":{"@context":"https:\/\/schema.org","@graph":[{"@type":"WebPage","@id":"https:\/\/www.metaflotech.com\/fr\/applications\/horizontal-directional-drilling\/","url":"https:\/\/www.metaflotech.com\/fr\/applications\/horizontal-directional-drilling\/","name":"HDD Waste Management for Drilling Mud and Drilling Fluid | MetaFLO Technologies","isPartOf":{"@id":"https:\/\/www.metaflotech.com\/fr\/#website"},"primaryImageOfPage":{"@id":"https:\/\/www.metaflotech.com\/fr\/applications\/horizontal-directional-drilling\/#primaryimage"},"image":{"@id":"https:\/\/www.metaflotech.com\/fr\/applications\/horizontal-directional-drilling\/#primaryimage"},"thumbnailUrl":"https:\/\/www.metaflotech.com\/wp-content\/uploads\/2024\/10\/HX30G-Vacuum-Excavator-Large.jpg","datePublished":"2024-10-25T09:21:25+00:00","dateModified":"2026-03-12T12:59:39+00:00","description":"MetaFLO provides solutions for horizontal directional drilling, enabling efficient drilling fluid and HDD slurry solidification for safer handling, transport and disposal.","breadcrumb":{"@id":"https:\/\/www.metaflotech.com\/fr\/applications\/horizontal-directional-drilling\/#breadcrumb"},"inLanguage":"fr-CA","potentialAction":[{"@type":"ReadAction","target":["https:\/\/www.metaflotech.com\/fr\/applications\/horizontal-directional-drilling\/"]}]},{"@type":"ImageObject","inLanguage":"fr-CA","@id":"https:\/\/www.metaflotech.com\/fr\/applications\/horizontal-directional-drilling\/#primaryimage","url":"https:\/\/www.metaflotech.com\/wp-content\/uploads\/2024\/10\/HX30G-Vacuum-Excavator-Large.jpg","contentUrl":"https:\/\/www.metaflotech.com\/wp-content\/uploads\/2024\/10\/HX30G-Vacuum-Excavator-Large.jpg"},{"@type":"BreadcrumbList","@id":"https:\/\/www.metaflotech.com\/fr\/applications\/horizontal-directional-drilling\/#breadcrumb","itemListElement":[{"@type":"ListItem","position":1,"name":"Home","item":"https:\/\/www.metaflotech.com\/"},{"@type":"ListItem","position":2,"name":"Applications","item":"https:\/\/www.metaflotech.com\/applications\/"},{"@type":"ListItem","position":3,"name":"HDD Waste Management for Drilling Mud and Drilling Fluid"}]},{"@type":"WebSite","@id":"https:\/\/www.metaflotech.com\/fr\/#website","url":"https:\/\/www.metaflotech.com\/fr\/","name":"MetaFLO Technologies","description":"Solutions d'ing\u00e9nierie en mati\u00e8re de polym\u00e8res pour les applications industrielles","potentialAction":[{"@type":"SearchAction","target":{"@type":"EntryPoint","urlTemplate":"https:\/\/www.metaflotech.com\/fr\/?s={search_term_string}"},"query-input":{"@type":"PropertyValueSpecification","valueRequired":true,"valueName":"search_term_string"}}],"inLanguage":"fr-CA"}]}},"_links":{"self":[{"href":"https:\/\/www.metaflotech.com\/fr\/wp-json\/wp\/v2\/pages\/99321","targetHints":{"allow":["GET"]}}],"collection":[{"href":"https:\/\/www.metaflotech.com\/fr\/wp-json\/wp\/v2\/pages"}],"about":[{"href":"https:\/\/www.metaflotech.com\/fr\/wp-json\/wp\/v2\/types\/page"}],"author":[{"embeddable":true,"href":"https:\/\/www.metaflotech.com\/fr\/wp-json\/wp\/v2\/users\/1"}],"replies":[{"embeddable":true,"href":"https:\/\/www.metaflotech.com\/fr\/wp-json\/wp\/v2\/comments?post=99321"}],"version-history":[{"count":0,"href":"https:\/\/www.metaflotech.com\/fr\/wp-json\/wp\/v2\/pages\/99321\/revisions"}],"up":[{"embeddable":true,"href":"https:\/\/www.metaflotech.com\/fr\/wp-json\/wp\/v2\/pages\/73499"}],"wp:attachment":[{"href":"https:\/\/www.metaflotech.com\/fr\/wp-json\/wp\/v2\/media?parent=99321"}],"curies":[{"name":"wp","href":"https:\/\/api.w.org\/{rel}","templated":true}]}}