{"id":108080,"date":"2024-11-08T08:29:34","date_gmt":"2024-11-08T08:29:34","guid":{"rendered":"https:\/\/www.metaflotech.com\/?page_id=108080"},"modified":"2025-11-22T07:50:39","modified_gmt":"2025-11-22T07:50:39","slug":"reactifs-de-solidification","status":"publish","type":"page","link":"https:\/\/www.metaflotech.com\/fr_fr\/products\/solidification-reagents\/","title":{"rendered":"R\u00e9actifs de solidification (MF)"},"content":{"rendered":"<h1>\n\t\t\tR\u00e9actifs de solidification (MF)\t<\/h1>\n\t<h1>R\u00e9volutionner la solidification des d\u00e9chets liquides<\/h1>\n\t<p>MetaFLO est le principal fournisseur de produits chimiques innovants et respectueux de l'environnement et de syst\u00e8mes uniques d'administration de r\u00e9actifs pour le traitement des flux de d\u00e9chets liquides.<\/p>\n<p>En d'autres termes, nous aidons les gens rapidement <strong>transformer les d\u00e9chets liquides en un solide g\u00e9rable sur le site de production des fluides.<\/strong><\/p>\n\t<h3><strong>Application<\/strong><\/h3>\n\t\t\t <p><a href=\"https:\/\/www.metaflotech.com\/fr_fr\/applications\/forage-horizontal-directionnel\/\">Forage horizontal directionnel<\/a>, <a href=\"https:\/\/www.metaflotech.com\/fr_fr\/applications\/creusement-de-tunnels\/\">Tunnelage et microtunnelage<\/a><\/p>\t\t\n\t\t\t <p><a href=\"https:\/\/www.metaflotech.com\/fr_fr\/secteurs-dactivite\/petrole-et-gaz\/\">Forage de p\u00e9trole et de gaz<\/a><\/p>\u00a0\t\t\n\t\t\t <p><a href=\"https:\/\/www.metaflotech.com\/fr_fr\/applications\/excavations-hydrauliques\/\">Hydro Excavations<\/a><\/p>\u00a0\t\t\n\t\t\t <p><a href=\"https:\/\/www.metaflotech.com\/fr_fr\/applications\/environmental-dredging\/\">Dragage environnemental<\/a><\/p>\u00a0\t\t\n\t<h3><strong>Avantages<\/strong><\/h3>\n\t\t\t <p>R\u00e9duire les risques et la responsabilit\u00e9, am\u00e9liorer la s\u00e9curit\u00e9 sur le site<\/p>\t\t\n\t\t\t <p>R\u00e9duire les co\u00fbts de gestion des d\u00e9chets liquides<\/p>\t\t\n\t\t\t <p>R\u00e9duire votre impact sur l'environnement<\/p>\t\t\n\t\t<iframe loading=\"lazy\" width=\"1120\" height=\"630\" src=\"https:\/\/www.youtube-nocookie.com\/embed\/FKZ48xxmRfM\" title=\"Solidification Process Explained - MetaFLO Technologies\" frameborder=\"0\" allow=\"accelerometer; autoplay; clipboard-write; encrypted-media; gyroscope; picture-in-picture; web-share\" referrerpolicy=\"strict-origin-when-cross-origin\" allowfullscreen><\/iframe>\t\n\t<h1><strong>Attributs du produit<\/strong><\/h1>\n <strong>Reduces industrial waste disposal costs &#8211; expands in volume by less than 1%.<\/strong>\n<strong> Polym\u00e8re non biod\u00e9gradable (40 CFR 264.314 (e)(ii)).<\/strong>\n<strong> Lorsqu'elles sont utilis\u00e9es correctement, les boues r\u00e9siduaires passent le test du filtre \u00e0 peinture (EPA 9095).<\/strong>\n <strong>Test\u00e9 au gel et au d\u00e9gel. Le polym\u00e8re ne lib\u00e8re pas de liquides libres.<\/strong>\n<strong> Le polym\u00e8re absorbe parfaitement les d\u00e9chets aqueux d'un pH &gt; 4.<\/strong>\n<strong> Pour les d\u00e9chets tr\u00e8s acides, la neutralisation (ajustement du pH) est recommand\u00e9e.<\/strong>\n<p>&nbsp;<\/p>\n<p>L'introduction de nos polym\u00e8res permet de rationaliser l'ensemble du processus et de r\u00e9duire la toxicit\u00e9 des r\u00e9sidus miniers. Il est pr\u00e9f\u00e9rable de comprendre o\u00f9 l'additif peut \u00eatre le plus efficace dans votre processus sp\u00e9cifique. Les ing\u00e9nieurs de MetaFLO sont l\u00e0 pour vous aider du d\u00e9but \u00e0 la fin en vous fournissant des conseils pour les essais au banc, en \u00e9tablissant un projet pilote et en travaillant en \u00e9troite collaboration avec vous pour passer \u00e0 la production.<\/p>\n\t\t\t\t<img decoding=\"async\" src=\"https:\/\/www.metaflotech.com\/wp-content\/uploads\/2024\/10\/Polymer-benefits.png\" alt=\"Avantages des polym\u00e8res\" itemprop=\"image\" height=\"694\" width=\"694\" title=\"Avantages des polym\u00e8res\" onerror=\"this.style.display='none'\" loading=\"lazy\" \/>\n\t\t\t\t<a href=\"https:\/\/www.metaflotech.com\/fr_fr\/produits\/reactifs-de-solidification\/mf003\/\"  target=\"_self\" itemprop=\"url\">\n\t\t\t\t<img decoding=\"async\" src=\"https:\/\/www.metaflotech.com\/wp-content\/uploads\/2024\/03\/Dark-MF003.svg\" alt=\"MF003\" itemprop=\"image\" height=\"100\" width=\"100\" onerror=\"this.style.display='none'\" loading=\"lazy\" \/>\n\t\t\t\t<\/a>\n\t<p><strong>\u2713 L<\/strong>flux de d\u00e9chets liquides<\/p>\n\t\t\t\t<a href=\"https:\/\/www.metaflotech.com\/fr_fr\/produits\/reactifs-de-solidification\/mf006\/\"  target=\"_self\" itemprop=\"url\">\n\t\t\t\t<img decoding=\"async\" src=\"https:\/\/www.metaflotech.com\/wp-content\/uploads\/2024\/03\/Dark-MF006.svg\" alt=\"MF006\" itemprop=\"image\" height=\"100\" width=\"100\" onerror=\"this.style.display='none'\" loading=\"lazy\" \/>\n\t\t\t\t<\/a>\n\t<p><strong>\u2713 Semi-solides \u00e0 base d'eau<\/strong><\/p>\n\t\t\t\t<a href=\"https:\/\/www.metaflotech.com\/fr_fr\/produits\/reactifs-de-solidification\/mf008\/\"  target=\"_self\" itemprop=\"url\">\n\t\t\t\t<img decoding=\"async\" src=\"https:\/\/www.metaflotech.com\/wp-content\/uploads\/2024\/03\/Dark-MF008.svg\" alt=\"Sombre MF008\" itemprop=\"image\" height=\"100\" width=\"100\" title=\"Sombre MF008\" onerror=\"this.style.display='none'\" loading=\"lazy\" \/>\n\t\t\t\t<\/a>\n\t<p><strong>\u2713 Applications p\u00e9troli\u00e8res et gazi\u00e8res<\/strong><\/p>","protected":false},"excerpt":{"rendered":"<p>Solidification Reagents (MF) Revolutionizing Liquid Waste Solidification MetaFLO is the leading provider of innovative, environmentally friendly chemistry and unique reagent delivery systems for the treatment of liquid waste streams. Simply put, we help people rapidly turn liquid waste into a manageable solid at the site of fluid generation. Application Horizontal Directional Drilling, Tunneling &amp; Microtunneling&hellip;<\/p>","protected":false},"author":1,"featured_media":0,"parent":109809,"menu_order":0,"comment_status":"closed","ping_status":"closed","template":"","meta":{"_acf_changed":false,"inline_featured_image":false,"footnotes":""},"class_list":["post-108080","page","type-page","status-publish","hentry"],"acf":[],"yoast_head":"<!-- This site is optimized with the Yoast SEO plugin v27.5 - https:\/\/yoast.com\/product\/yoast-seo-wordpress\/ -->\n<title>Solidification Reagents (MF) | MetaFLO Technologies<\/title>\n<meta name=\"description\" content=\"FOCUSED ON ENGINEERED SOLUTIONS FOR LIQUID WASTE SOLIDIFICATION THAT ARE EFFECTIVE, EFFICIENT AND MINIMIZE ENVIRONMENTAL IMPACT.\" \/>\n<meta name=\"robots\" content=\"index, follow, max-snippet:-1, max-image-preview:large, max-video-preview:-1\" \/>\n<link rel=\"canonical\" href=\"https:\/\/www.metaflotech.com\/fr_fr\/produits\/reactifs-de-solidification\/\" \/>\n<meta property=\"og:locale\" content=\"fr_FR\" \/>\n<meta property=\"og:type\" content=\"article\" \/>\n<meta property=\"og:title\" content=\"Solidification Reagents (MF) | MetaFLO Technologies\" \/>\n<meta property=\"og:description\" content=\"FOCUSED ON ENGINEERED SOLUTIONS FOR LIQUID WASTE SOLIDIFICATION THAT ARE EFFECTIVE, EFFICIENT AND MINIMIZE ENVIRONMENTAL IMPACT.\" \/>\n<meta property=\"og:url\" content=\"https:\/\/www.metaflotech.com\/fr_fr\/produits\/reactifs-de-solidification\/\" \/>\n<meta property=\"og:site_name\" content=\"MetaFLO Technologies\" \/>\n<meta property=\"article:publisher\" content=\"https:\/\/www.facebook.com\/MetaFLOTechnologies\/\" \/>\n<meta property=\"article:modified_time\" content=\"2025-11-22T07:50:39+00:00\" \/>\n<meta property=\"og:image\" content=\"https:\/\/www.metaflotech.com\/wp-content\/uploads\/2024\/10\/Polymer-benefits.png\" \/>\n<meta name=\"twitter:card\" content=\"summary_large_image\" \/>\n<meta name=\"twitter:site\" content=\"@metaflo\" \/>\n<meta name=\"twitter:label1\" content=\"Dur\u00e9e de lecture estim\u00e9e\" \/>\n\t<meta name=\"twitter:data1\" content=\"3 minutes\" \/>\n<script type=\"application\/ld+json\" class=\"yoast-schema-graph\">{\"@context\":\"https:\\\/\\\/schema.org\",\"@graph\":[{\"@type\":\"WebPage\",\"@id\":\"https:\\\/\\\/www.metaflotech.com\\\/fr_fr\\\/products\\\/solidification-reagents\\\/\",\"url\":\"https:\\\/\\\/www.metaflotech.com\\\/fr_fr\\\/products\\\/solidification-reagents\\\/\",\"name\":\"Solidification Reagents (MF) | MetaFLO Technologies\",\"isPartOf\":{\"@id\":\"https:\\\/\\\/www.metaflotech.com\\\/fr_fr\\\/#website\"},\"primaryImageOfPage\":{\"@id\":\"https:\\\/\\\/www.metaflotech.com\\\/fr_fr\\\/products\\\/solidification-reagents\\\/#primaryimage\"},\"image\":{\"@id\":\"https:\\\/\\\/www.metaflotech.com\\\/fr_fr\\\/products\\\/solidification-reagents\\\/#primaryimage\"},\"thumbnailUrl\":\"https:\\\/\\\/www.metaflotech.com\\\/wp-content\\\/uploads\\\/2024\\\/10\\\/Polymer-benefits.png\",\"datePublished\":\"2024-11-08T08:29:34+00:00\",\"dateModified\":\"2025-11-22T07:50:39+00:00\",\"description\":\"FOCUSED ON ENGINEERED SOLUTIONS FOR LIQUID WASTE SOLIDIFICATION THAT ARE EFFECTIVE, EFFICIENT AND MINIMIZE ENVIRONMENTAL IMPACT.\",\"breadcrumb\":{\"@id\":\"https:\\\/\\\/www.metaflotech.com\\\/fr_fr\\\/products\\\/solidification-reagents\\\/#breadcrumb\"},\"inLanguage\":\"fr-FR\",\"potentialAction\":[{\"@type\":\"ReadAction\",\"target\":[\"https:\\\/\\\/www.metaflotech.com\\\/fr_fr\\\/products\\\/solidification-reagents\\\/\"]}]},{\"@type\":\"ImageObject\",\"inLanguage\":\"fr-FR\",\"@id\":\"https:\\\/\\\/www.metaflotech.com\\\/fr_fr\\\/products\\\/solidification-reagents\\\/#primaryimage\",\"url\":\"https:\\\/\\\/www.metaflotech.com\\\/wp-content\\\/uploads\\\/2024\\\/10\\\/Polymer-benefits.png\",\"contentUrl\":\"https:\\\/\\\/www.metaflotech.com\\\/wp-content\\\/uploads\\\/2024\\\/10\\\/Polymer-benefits.png\"},{\"@type\":\"BreadcrumbList\",\"@id\":\"https:\\\/\\\/www.metaflotech.com\\\/fr_fr\\\/products\\\/solidification-reagents\\\/#breadcrumb\",\"itemListElement\":[{\"@type\":\"ListItem\",\"position\":1,\"name\":\"Home\",\"item\":\"https:\\\/\\\/www.metaflotech.com\\\/\"},{\"@type\":\"ListItem\",\"position\":2,\"name\":\"Products\",\"item\":\"https:\\\/\\\/www.metaflotech.com\\\/products\\\/\"},{\"@type\":\"ListItem\",\"position\":3,\"name\":\"Solidification Reagents (MF)\"}]},{\"@type\":\"WebSite\",\"@id\":\"https:\\\/\\\/www.metaflotech.com\\\/fr_fr\\\/#website\",\"url\":\"https:\\\/\\\/www.metaflotech.com\\\/fr_fr\\\/\",\"name\":\"MetaFLO Technologies\",\"description\":\"Engineered Polymer Solutions For Industrial Applications\",\"potentialAction\":[{\"@type\":\"SearchAction\",\"target\":{\"@type\":\"EntryPoint\",\"urlTemplate\":\"https:\\\/\\\/www.metaflotech.com\\\/fr_fr\\\/?s={search_term_string}\"},\"query-input\":{\"@type\":\"PropertyValueSpecification\",\"valueRequired\":true,\"valueName\":\"search_term_string\"}}],\"inLanguage\":\"fr-FR\"}]}<\/script>\n<!-- \/ Yoast SEO plugin. -->","yoast_head_json":{"title":"Solidification Reagents (MF) | MetaFLO Technologies","description":"SE CONCENTRE SUR DES SOLUTIONS TECHNIQUES POUR LA SOLIDIFICATION DES D\u00c9CHETS LIQUIDES QUI SONT EFFICACES, EFFICIENTES ET MINIMISENT L'IMPACT SUR L'ENVIRONNEMENT.","robots":{"index":"index","follow":"follow","max-snippet":"max-snippet:-1","max-image-preview":"max-image-preview:large","max-video-preview":"max-video-preview:-1"},"canonical":"https:\/\/www.metaflotech.com\/fr_fr\/produits\/reactifs-de-solidification\/","og_locale":"fr_FR","og_type":"article","og_title":"Solidification Reagents (MF) | MetaFLO Technologies","og_description":"FOCUSED ON ENGINEERED SOLUTIONS FOR LIQUID WASTE SOLIDIFICATION THAT ARE EFFECTIVE, EFFICIENT AND MINIMIZE ENVIRONMENTAL IMPACT.","og_url":"https:\/\/www.metaflotech.com\/fr_fr\/produits\/reactifs-de-solidification\/","og_site_name":"MetaFLO Technologies","article_publisher":"https:\/\/www.facebook.com\/MetaFLOTechnologies\/","article_modified_time":"2025-11-22T07:50:39+00:00","og_image":[{"url":"https:\/\/www.metaflotech.com\/wp-content\/uploads\/2024\/10\/Polymer-benefits.png","type":"","width":"","height":""}],"twitter_card":"summary_large_image","twitter_site":"@metaflo","twitter_misc":{"Dur\u00e9e de lecture estim\u00e9e":"3 minutes"},"schema":{"@context":"https:\/\/schema.org","@graph":[{"@type":"WebPage","@id":"https:\/\/www.metaflotech.com\/fr_fr\/products\/solidification-reagents\/","url":"https:\/\/www.metaflotech.com\/fr_fr\/products\/solidification-reagents\/","name":"Solidification Reagents (MF) | MetaFLO Technologies","isPartOf":{"@id":"https:\/\/www.metaflotech.com\/fr_fr\/#website"},"primaryImageOfPage":{"@id":"https:\/\/www.metaflotech.com\/fr_fr\/products\/solidification-reagents\/#primaryimage"},"image":{"@id":"https:\/\/www.metaflotech.com\/fr_fr\/products\/solidification-reagents\/#primaryimage"},"thumbnailUrl":"https:\/\/www.metaflotech.com\/wp-content\/uploads\/2024\/10\/Polymer-benefits.png","datePublished":"2024-11-08T08:29:34+00:00","dateModified":"2025-11-22T07:50:39+00:00","description":"SE CONCENTRE SUR DES SOLUTIONS TECHNIQUES POUR LA SOLIDIFICATION DES D\u00c9CHETS LIQUIDES QUI SONT EFFICACES, EFFICIENTES ET MINIMISENT L'IMPACT SUR L'ENVIRONNEMENT.","breadcrumb":{"@id":"https:\/\/www.metaflotech.com\/fr_fr\/products\/solidification-reagents\/#breadcrumb"},"inLanguage":"fr-FR","potentialAction":[{"@type":"ReadAction","target":["https:\/\/www.metaflotech.com\/fr_fr\/products\/solidification-reagents\/"]}]},{"@type":"ImageObject","inLanguage":"fr-FR","@id":"https:\/\/www.metaflotech.com\/fr_fr\/products\/solidification-reagents\/#primaryimage","url":"https:\/\/www.metaflotech.com\/wp-content\/uploads\/2024\/10\/Polymer-benefits.png","contentUrl":"https:\/\/www.metaflotech.com\/wp-content\/uploads\/2024\/10\/Polymer-benefits.png"},{"@type":"BreadcrumbList","@id":"https:\/\/www.metaflotech.com\/fr_fr\/products\/solidification-reagents\/#breadcrumb","itemListElement":[{"@type":"ListItem","position":1,"name":"Home","item":"https:\/\/www.metaflotech.com\/"},{"@type":"ListItem","position":2,"name":"Products","item":"https:\/\/www.metaflotech.com\/products\/"},{"@type":"ListItem","position":3,"name":"Solidification Reagents (MF)"}]},{"@type":"WebSite","@id":"https:\/\/www.metaflotech.com\/fr_fr\/#website","url":"https:\/\/www.metaflotech.com\/fr_fr\/","name":"MetaFLO Technologies","description":"Solutions d'ing\u00e9nierie en mati\u00e8re de polym\u00e8res pour les applications industrielles","potentialAction":[{"@type":"SearchAction","target":{"@type":"EntryPoint","urlTemplate":"https:\/\/www.metaflotech.com\/fr_fr\/?s={search_term_string}"},"query-input":{"@type":"PropertyValueSpecification","valueRequired":true,"valueName":"search_term_string"}}],"inLanguage":"fr-FR"}]}},"_links":{"self":[{"href":"https:\/\/www.metaflotech.com\/fr_fr\/wp-json\/wp\/v2\/pages\/108080","targetHints":{"allow":["GET"]}}],"collection":[{"href":"https:\/\/www.metaflotech.com\/fr_fr\/wp-json\/wp\/v2\/pages"}],"about":[{"href":"https:\/\/www.metaflotech.com\/fr_fr\/wp-json\/wp\/v2\/types\/page"}],"author":[{"embeddable":true,"href":"https:\/\/www.metaflotech.com\/fr_fr\/wp-json\/wp\/v2\/users\/1"}],"replies":[{"embeddable":true,"href":"https:\/\/www.metaflotech.com\/fr_fr\/wp-json\/wp\/v2\/comments?post=108080"}],"version-history":[{"count":0,"href":"https:\/\/www.metaflotech.com\/fr_fr\/wp-json\/wp\/v2\/pages\/108080\/revisions"}],"up":[{"embeddable":true,"href":"https:\/\/www.metaflotech.com\/fr_fr\/wp-json\/wp\/v2\/pages\/109809"}],"wp:attachment":[{"href":"https:\/\/www.metaflotech.com\/fr_fr\/wp-json\/wp\/v2\/media?parent=108080"}],"curies":[{"name":"wp","href":"https:\/\/api.w.org\/{rel}","templated":true}]}}