{"id":115954,"date":"2024-12-10T09:58:37","date_gmt":"2024-12-10T09:58:37","guid":{"rendered":"https:\/\/www.metaflotech.com\/?page_id=115954"},"modified":"2026-03-12T13:02:13","modified_gmt":"2026-03-12T13:02:13","slug":"stabilisation-des-sols","status":"publish","type":"page","link":"https:\/\/www.metaflotech.com\/fr_fr\/applications\/soil-stabilization\/","title":{"rendered":"Soil Stabilization for Unpaved, Gravel and Haul Roads"},"content":{"rendered":"<img decoding=\"async\" src=\"https:\/\/www.metaflotech.com\/wp-content\/uploads\/2024\/12\/scene-construction-site-with-equipment_23-2151317307.jpg\" alt=\"scene-construction-site-with-equipment_23-2151317307\" itemprop=\"image\" height=\"1200\" width=\"1800\" title=\"scene-construction-site-with-equipment_23-2151317307\" onerror=\"this.style.display='none'\" loading='lazy' \/>\r\n\t<h1><strong>Stabilisation des sols<\/strong><\/h1>\r\n<h2><em>Stabilisation des sols innovante, durable et rentable<\/em><\/h2>\r\n<h3>\r\n\t\t\tAper\u00e7u de la question\t<\/h3>\r\n\t<p>Subgrade regularization and backfill layers must be stable so that infrastructure isn&#8217;t compromised by heavy rains and transportation. In addition, high CBR ground conditions are necessary to reduce maintenance of the surface. Traditional methods to achieve these goals require substantial water usage and high operational costs.<\/p>\r\n<h3>\r\n\t\t\tOverview of MetaFLO&#8217;s product\t<\/h3>\r\n\t<p><b>SoilTech<\/b> est notre solution innovante \u00e0 base de biopolym\u00e8res pour la stabilisation des sols. Elle est con\u00e7ue pour am\u00e9liorer les propri\u00e9t\u00e9s m\u00e9caniques du sol et augmenter la coh\u00e9sion de l'agglom\u00e9ration des particules dans la zone trait\u00e9e.<\/p>\r\n<h1>\r\n\t\t\tCOMMENT \u00c7A MARCHE\t<\/h1>\r\n\t\t\t <p><strong>SoilTech est dilu\u00e9 afin de r\u00e9agir chimiquement avec les min\u00e9raux pr\u00e9sents dans le sol,<\/strong> forming a new, more resistant and compact structure-in addition to increasing the soil&#8217;s impermeability. <\/p>\t\t\r\n\t\t\t <p><strong>SoilTech agit comme un stabilisateur lorsqu'il est appliqu\u00e9 dans le sol,<\/strong> en am\u00e9liorant consid\u00e9rablement ses propri\u00e9t\u00e9s m\u00e9caniques et en r\u00e9duisant fortement la quantit\u00e9 d'eau n\u00e9cessaire par rapport aux m\u00e9thodes traditionnelles. <\/p>\t\t\r\n\t\t\t <p><strong>Il est soluble dans l'eau,<\/strong> peut \u00eatre dilu\u00e9 directement dans le r\u00e9servoir d'eau et est facile \u00e0 appliquer.<\/p>\t\t\r\n\t\t\t <p><strong>SoilTech peut \u00eatre utilis\u00e9 efficacement sur tout type de sol,<\/strong> tels que les sols argileux, limoneux, sablonneux, etc. Il augmente la coh\u00e9sion du sol et \u00e9limine efficacement les \u00e9missions de poussi\u00e8res en suspension dans l'air.<\/p>\t\t\r\n\t\t\t<a href=\"https:\/\/www.metaflotech.com\/fr_fr\/produits\/biopolymeres\/soiltech\/\" target=\"_self\">\r\n\t\t\t\t\t\t\tEN SAVOIR PLUS\r\n\t\t\t\t\t<\/a>\r\n<h1>\r\n\t\t\tB\u00c9N\u00c9FICES\t<\/h1>\r\n\t\t\t\t<img decoding=\"async\" src=\"https:\/\/www.metaflotech.com\/wp-content\/uploads\/2024\/12\/water-reduction.svg\" alt=\"r\u00e9duction de la consommation d&#039;eau\" itemprop=\"image\" height=\"100\" width=\"100\" title=\"r\u00e9duction de la consommation d&#039;eau\" onerror=\"this.style.display='none'\" loading='lazy' \/>\r\n\t<h3><b>R\u00c9DUCTION DE LA CONSOMMATION D'EAU<\/b><\/h3>\r\n<p>R\u00e9duit consid\u00e9rablement la quantit\u00e9 d'eau n\u00e9cessaire au processus par rapport \u00e0 d'autres techniques conventionnelles.<\/p>\r\n\t\t\t\t<img decoding=\"async\" src=\"https:\/\/www.metaflotech.com\/wp-content\/uploads\/2024\/12\/environmentally-safe.svg\" alt=\"sans danger pour l&#039;environnement\" itemprop=\"image\" height=\"100\" width=\"100\" title=\"sans danger pour l&#039;environnement\" onerror=\"this.style.display='none'\" loading='lazy' \/>\r\n\t<h3><b>SANS DANGER POUR L'ENVIRONNEMENT<\/b><\/h3>\r\n<p>Produit \u00e0 partir d'algues et exempt de contaminants chimiques susceptibles d'avoir un impact sur l'environnement.<\/p>\r\n\t\t\t\t<img decoding=\"async\" src=\"https:\/\/www.metaflotech.com\/wp-content\/uploads\/2024\/12\/operational-efficiency.svg\" alt=\"efficacit\u00e9 op\u00e9rationnelle\" itemprop=\"image\" height=\"100\" width=\"100\" title=\"efficacit\u00e9 op\u00e9rationnelle\" onerror=\"this.style.display='none'\" loading='lazy' \/>\r\n\t<h3><b>EFFICACIT\u00c9 OP\u00c9RATIONNELLE<\/b><\/h3>\r\n<p>L'application simplifi\u00e9e et l'absence de machines suppl\u00e9mentaires permettent d'acc\u00e9l\u00e9rer les d\u00e9lais de construction.<\/p>\r\n<h2>\r\n\t\t\t\u00c9tudes de cas\t<\/h2>\r\n<h3>\r\n\t\t<a href=\"https:\/\/www.metaflotech.com\/wp-content\/uploads\/2025\/07\/SoilTech-Case-Study-1-English-MetaFLO-Technologies.pdf\" title=\"SoilTech Powers - Stabilisation durable des chauss\u00e9es\"  target=\"_self\">\r\n\t\t\tSoilTech Powers - Stabilisation durable des chauss\u00e9es\t\t<\/a>\r\n\t<\/h3>\r\n\t<p>MetaFLO&#8217;s innovative stabilization solution provided essential cost savings, productivity gains, and environmental benefits to keep a large-scale roadway project on schedule and within budget.<\/p>\r\n<h3>\r\n\t\t<a href=\"https:\/\/www.metaflotech.com\/wp-content\/uploads\/2025\/07\/SoilTech-Case-Study-2-English-MetaFLO-Technologies.pdf\" title=\"SoilTech propose une couche de remblai durable pour les chemins de fer\"  target=\"_self\">\r\n\t\t\tSoilTech propose une couche de remblai durable pour les chemins de fer\t\t<\/a>\r\n\t<\/h3>\r\n\t<p>The use of MetaFLO&#8217;s biopolymer resulted in notable cost savings, productivity gains, and environmental benefits for a large-scale railway project by speeding up the stabilization process while cutting down water usage.<\/p>\r\n<h3>\r\n\t\t<a href=\"https:\/\/www.metaflotech.com\/wp-content\/uploads\/2025\/07\/SoilTech-Case-Study-3-English-MetaFLO-Technologies.pdf\" title=\"SoilTech favorise la construction d&#039;une route durable \u00e0 partir de terres indig\u00e8nes\"  target=\"_self\">\r\n\t\t\tSoilTech favorise la construction d'une route durable \u00e0 partir de terres indig\u00e8nes\t\t<\/a>\r\n\t<\/h3>\r\n\t<p>MetaFLO&#8217;s biopolymer quickly turned a potentially hazardous unpaved road into a compact and durable surface while saving time and money.<\/p>","protected":false},"excerpt":{"rendered":"<p>Soil Stabilization Innovative, Sustainable And Cost-Effective Soil Stabilization Issue at a Glance Subgrade regularization and backfill layers must be stable so that infrastructure isn&#8217;t compromised by heavy rains and transportation. In addition, high CBR ground conditions are necessary to reduce maintenance of the surface. Traditional methods to achieve these goals require substantial water usage and&hellip;<\/p>","protected":false},"author":1,"featured_media":0,"parent":73499,"menu_order":0,"comment_status":"closed","ping_status":"closed","template":"","meta":{"_acf_changed":false,"inline_featured_image":false,"footnotes":""},"class_list":["post-115954","page","type-page","status-publish","hentry"],"acf":[],"yoast_head":"<!-- This site is optimized with the Yoast SEO plugin v27.5 - https:\/\/yoast.com\/product\/yoast-seo-wordpress\/ -->\n<title>Soil Stabilization for Unpaved, Gravel and Haul Roads | MetaFLO Technologies<\/title>\n<meta name=\"description\" content=\"MetaFLO provides sustainable biopolymer solutions for soil stabilization on unpaved, gravel and haul roads, improving road durability, trafficability and long-term performance.\" \/>\n<meta name=\"robots\" content=\"index, follow, max-snippet:-1, max-image-preview:large, max-video-preview:-1\" \/>\n<link rel=\"canonical\" href=\"https:\/\/www.metaflotech.com\/fr_fr\/applications\/stabilisation-des-sols\/\" \/>\n<meta property=\"og:locale\" content=\"fr_FR\" \/>\n<meta property=\"og:type\" content=\"article\" \/>\n<meta property=\"og:title\" content=\"Soil Stabilization for Unpaved, Gravel and Haul Roads | MetaFLO Technologies\" \/>\n<meta property=\"og:description\" content=\"MetaFLO provides sustainable biopolymer solutions for soil stabilization on unpaved, gravel and haul roads, improving road durability, trafficability and long-term performance.\" \/>\n<meta property=\"og:url\" content=\"https:\/\/www.metaflotech.com\/fr_fr\/applications\/stabilisation-des-sols\/\" \/>\n<meta property=\"og:site_name\" content=\"MetaFLO Technologies\" \/>\n<meta property=\"article:publisher\" content=\"https:\/\/www.facebook.com\/MetaFLOTechnologies\/\" \/>\n<meta property=\"article:modified_time\" content=\"2026-03-12T13:02:13+00:00\" \/>\n<meta property=\"og:image\" content=\"https:\/\/www.metaflotech.com\/wp-content\/uploads\/2024\/12\/scene-construction-site-with-equipment_23-2151317307.jpg\" \/>\n<meta name=\"twitter:card\" content=\"summary_large_image\" \/>\n<meta name=\"twitter:site\" content=\"@metaflo\" \/>\n<meta name=\"twitter:label1\" content=\"Dur\u00e9e de lecture estim\u00e9e\" \/>\n\t<meta name=\"twitter:data1\" content=\"3 minutes\" \/>\n<script type=\"application\/ld+json\" class=\"yoast-schema-graph\">{\"@context\":\"https:\\\/\\\/schema.org\",\"@graph\":[{\"@type\":\"WebPage\",\"@id\":\"https:\\\/\\\/www.metaflotech.com\\\/fr_fr\\\/applications\\\/soil-stabilization\\\/\",\"url\":\"https:\\\/\\\/www.metaflotech.com\\\/fr_fr\\\/applications\\\/soil-stabilization\\\/\",\"name\":\"Soil Stabilization for Unpaved, Gravel and Haul Roads | MetaFLO Technologies\",\"isPartOf\":{\"@id\":\"https:\\\/\\\/www.metaflotech.com\\\/fr_fr\\\/#website\"},\"primaryImageOfPage\":{\"@id\":\"https:\\\/\\\/www.metaflotech.com\\\/fr_fr\\\/applications\\\/soil-stabilization\\\/#primaryimage\"},\"image\":{\"@id\":\"https:\\\/\\\/www.metaflotech.com\\\/fr_fr\\\/applications\\\/soil-stabilization\\\/#primaryimage\"},\"thumbnailUrl\":\"https:\\\/\\\/www.metaflotech.com\\\/wp-content\\\/uploads\\\/2024\\\/12\\\/scene-construction-site-with-equipment_23-2151317307.jpg\",\"datePublished\":\"2024-12-10T09:58:37+00:00\",\"dateModified\":\"2026-03-12T13:02:13+00:00\",\"description\":\"MetaFLO provides sustainable biopolymer solutions for soil stabilization on unpaved, gravel and haul roads, improving road durability, trafficability and long-term performance.\",\"breadcrumb\":{\"@id\":\"https:\\\/\\\/www.metaflotech.com\\\/fr_fr\\\/applications\\\/soil-stabilization\\\/#breadcrumb\"},\"inLanguage\":\"fr-FR\",\"potentialAction\":[{\"@type\":\"ReadAction\",\"target\":[\"https:\\\/\\\/www.metaflotech.com\\\/fr_fr\\\/applications\\\/soil-stabilization\\\/\"]}]},{\"@type\":\"ImageObject\",\"inLanguage\":\"fr-FR\",\"@id\":\"https:\\\/\\\/www.metaflotech.com\\\/fr_fr\\\/applications\\\/soil-stabilization\\\/#primaryimage\",\"url\":\"https:\\\/\\\/www.metaflotech.com\\\/wp-content\\\/uploads\\\/2024\\\/12\\\/scene-construction-site-with-equipment_23-2151317307.jpg\",\"contentUrl\":\"https:\\\/\\\/www.metaflotech.com\\\/wp-content\\\/uploads\\\/2024\\\/12\\\/scene-construction-site-with-equipment_23-2151317307.jpg\"},{\"@type\":\"BreadcrumbList\",\"@id\":\"https:\\\/\\\/www.metaflotech.com\\\/fr_fr\\\/applications\\\/soil-stabilization\\\/#breadcrumb\",\"itemListElement\":[{\"@type\":\"ListItem\",\"position\":1,\"name\":\"Home\",\"item\":\"https:\\\/\\\/www.metaflotech.com\\\/\"},{\"@type\":\"ListItem\",\"position\":2,\"name\":\"Applications\",\"item\":\"https:\\\/\\\/www.metaflotech.com\\\/applications\\\/\"},{\"@type\":\"ListItem\",\"position\":3,\"name\":\"Soil Stabilization for Unpaved, Gravel and Haul Roads\"}]},{\"@type\":\"WebSite\",\"@id\":\"https:\\\/\\\/www.metaflotech.com\\\/fr_fr\\\/#website\",\"url\":\"https:\\\/\\\/www.metaflotech.com\\\/fr_fr\\\/\",\"name\":\"MetaFLO Technologies\",\"description\":\"Engineered Polymer Solutions For Industrial Applications\",\"potentialAction\":[{\"@type\":\"SearchAction\",\"target\":{\"@type\":\"EntryPoint\",\"urlTemplate\":\"https:\\\/\\\/www.metaflotech.com\\\/fr_fr\\\/?s={search_term_string}\"},\"query-input\":{\"@type\":\"PropertyValueSpecification\",\"valueRequired\":true,\"valueName\":\"search_term_string\"}}],\"inLanguage\":\"fr-FR\"}]}<\/script>\n<!-- \/ Yoast SEO plugin. -->","yoast_head_json":{"title":"Soil Stabilization for Unpaved, Gravel and Haul Roads | MetaFLO Technologies","description":"MetaFLO provides sustainable biopolymer solutions for soil stabilization on unpaved, gravel and haul roads, improving road durability, trafficability and long-term performance.","robots":{"index":"index","follow":"follow","max-snippet":"max-snippet:-1","max-image-preview":"max-image-preview:large","max-video-preview":"max-video-preview:-1"},"canonical":"https:\/\/www.metaflotech.com\/fr_fr\/applications\/stabilisation-des-sols\/","og_locale":"fr_FR","og_type":"article","og_title":"Soil Stabilization for Unpaved, Gravel and Haul Roads | MetaFLO Technologies","og_description":"MetaFLO provides sustainable biopolymer solutions for soil stabilization on unpaved, gravel and haul roads, improving road durability, trafficability and long-term performance.","og_url":"https:\/\/www.metaflotech.com\/fr_fr\/applications\/stabilisation-des-sols\/","og_site_name":"MetaFLO Technologies","article_publisher":"https:\/\/www.facebook.com\/MetaFLOTechnologies\/","article_modified_time":"2026-03-12T13:02:13+00:00","og_image":[{"url":"https:\/\/www.metaflotech.com\/wp-content\/uploads\/2024\/12\/scene-construction-site-with-equipment_23-2151317307.jpg","type":"","width":"","height":""}],"twitter_card":"summary_large_image","twitter_site":"@metaflo","twitter_misc":{"Dur\u00e9e de lecture estim\u00e9e":"3 minutes"},"schema":{"@context":"https:\/\/schema.org","@graph":[{"@type":"WebPage","@id":"https:\/\/www.metaflotech.com\/fr_fr\/applications\/soil-stabilization\/","url":"https:\/\/www.metaflotech.com\/fr_fr\/applications\/soil-stabilization\/","name":"Soil Stabilization for Unpaved, Gravel and Haul Roads | MetaFLO Technologies","isPartOf":{"@id":"https:\/\/www.metaflotech.com\/fr_fr\/#website"},"primaryImageOfPage":{"@id":"https:\/\/www.metaflotech.com\/fr_fr\/applications\/soil-stabilization\/#primaryimage"},"image":{"@id":"https:\/\/www.metaflotech.com\/fr_fr\/applications\/soil-stabilization\/#primaryimage"},"thumbnailUrl":"https:\/\/www.metaflotech.com\/wp-content\/uploads\/2024\/12\/scene-construction-site-with-equipment_23-2151317307.jpg","datePublished":"2024-12-10T09:58:37+00:00","dateModified":"2026-03-12T13:02:13+00:00","description":"MetaFLO provides sustainable biopolymer solutions for soil stabilization on unpaved, gravel and haul roads, improving road durability, trafficability and long-term performance.","breadcrumb":{"@id":"https:\/\/www.metaflotech.com\/fr_fr\/applications\/soil-stabilization\/#breadcrumb"},"inLanguage":"fr-FR","potentialAction":[{"@type":"ReadAction","target":["https:\/\/www.metaflotech.com\/fr_fr\/applications\/soil-stabilization\/"]}]},{"@type":"ImageObject","inLanguage":"fr-FR","@id":"https:\/\/www.metaflotech.com\/fr_fr\/applications\/soil-stabilization\/#primaryimage","url":"https:\/\/www.metaflotech.com\/wp-content\/uploads\/2024\/12\/scene-construction-site-with-equipment_23-2151317307.jpg","contentUrl":"https:\/\/www.metaflotech.com\/wp-content\/uploads\/2024\/12\/scene-construction-site-with-equipment_23-2151317307.jpg"},{"@type":"BreadcrumbList","@id":"https:\/\/www.metaflotech.com\/fr_fr\/applications\/soil-stabilization\/#breadcrumb","itemListElement":[{"@type":"ListItem","position":1,"name":"Home","item":"https:\/\/www.metaflotech.com\/"},{"@type":"ListItem","position":2,"name":"Applications","item":"https:\/\/www.metaflotech.com\/applications\/"},{"@type":"ListItem","position":3,"name":"Soil Stabilization for Unpaved, Gravel and Haul Roads"}]},{"@type":"WebSite","@id":"https:\/\/www.metaflotech.com\/fr_fr\/#website","url":"https:\/\/www.metaflotech.com\/fr_fr\/","name":"MetaFLO Technologies","description":"Solutions d'ing\u00e9nierie en mati\u00e8re de polym\u00e8res pour les applications industrielles","potentialAction":[{"@type":"SearchAction","target":{"@type":"EntryPoint","urlTemplate":"https:\/\/www.metaflotech.com\/fr_fr\/?s={search_term_string}"},"query-input":{"@type":"PropertyValueSpecification","valueRequired":true,"valueName":"search_term_string"}}],"inLanguage":"fr-FR"}]}},"_links":{"self":[{"href":"https:\/\/www.metaflotech.com\/fr_fr\/wp-json\/wp\/v2\/pages\/115954","targetHints":{"allow":["GET"]}}],"collection":[{"href":"https:\/\/www.metaflotech.com\/fr_fr\/wp-json\/wp\/v2\/pages"}],"about":[{"href":"https:\/\/www.metaflotech.com\/fr_fr\/wp-json\/wp\/v2\/types\/page"}],"author":[{"embeddable":true,"href":"https:\/\/www.metaflotech.com\/fr_fr\/wp-json\/wp\/v2\/users\/1"}],"replies":[{"embeddable":true,"href":"https:\/\/www.metaflotech.com\/fr_fr\/wp-json\/wp\/v2\/comments?post=115954"}],"version-history":[{"count":0,"href":"https:\/\/www.metaflotech.com\/fr_fr\/wp-json\/wp\/v2\/pages\/115954\/revisions"}],"up":[{"embeddable":true,"href":"https:\/\/www.metaflotech.com\/fr_fr\/wp-json\/wp\/v2\/pages\/73499"}],"wp:attachment":[{"href":"https:\/\/www.metaflotech.com\/fr_fr\/wp-json\/wp\/v2\/media?parent=115954"}],"curies":[{"name":"wp","href":"https:\/\/api.w.org\/{rel}","templated":true}]}}