{"id":116345,"date":"2024-12-10T11:21:22","date_gmt":"2024-12-10T11:21:22","guid":{"rendered":"https:\/\/www.metaflotech.com\/?page_id=116345"},"modified":"2026-03-12T12:57:08","modified_gmt":"2026-03-12T12:57:08","slug":"suppression-des-poussieres","status":"publish","type":"page","link":"https:\/\/www.metaflotech.com\/fr_fr\/applications\/dust-suppression\/","title":{"rendered":"Dust Suppression for Unpaved, Industrial and Mining Roads"},"content":{"rendered":"<img decoding=\"async\" src=\"https:\/\/www.metaflotech.com\/wp-content\/uploads\/2024\/12\/dirt-road-road-works-dust-suppression.jpeg\" alt=\"chemin de terre travaux routiers d\u00e9poussi\u00e9rage\" itemprop=\"image\" height=\"684\" width=\"1024\" onerror=\"this.style.display='none'\" loading='lazy' \/>\r\n\t<h1><strong>Suppression des poussi\u00e8res<\/strong><\/h1>\r\n<h2><em>D\u00e9poussi\u00e9rage efficace et \u00e9conome en eau<\/em><\/h2>\r\n<h3>\r\n\t\t\tAper\u00e7u de la question\t<\/h3>\r\n\t<p>Un d\u00e9poussi\u00e9rage efficace devient obligatoire car de nombreuses pr\u00e9occupations sanitaires et environnementales li\u00e9es \u00e0 l'exc\u00e8s de particules en suspension dans l'air sont soulev\u00e9es en ce qui concerne la qualit\u00e9 de l'air sur les chantiers de construction, dans les mines, les tunnels, etc.<\/p>\r\n<p>La poussi\u00e8re nuit \u00e0 l'environnement, compromet la sant\u00e9 humaine, affecte n\u00e9gativement les communaut\u00e9s et r\u00e9duit la productivit\u00e9 globale des entreprises.<\/p>\r\n<p>Actuellement, les m\u00e9thodes traditionnelles de d\u00e9poussi\u00e9rage n\u00e9cessitent de grandes quantit\u00e9s d'eau pulv\u00e9ris\u00e9e, qui consomment beaucoup de carburant et \u00e9mettent des quantit\u00e9s importantes de gaz polluants. <\/p>\r\n<h3>\r\n\t\t\tOverview of MetaFLO&#8217;s product\t<\/h3>\r\n\t<p><b>DusTech <\/b>est un biopolym\u00e8re anti-poussi\u00e8re con\u00e7u pour une application facile. Il peut \u00eatre utilis\u00e9 efficacement sur une vari\u00e9t\u00e9 de routes en terre, y compris les routes d'acc\u00e8s aux mines, les routes d'exploration, les sites de construction, les routes municipales et les routes des villages indig\u00e8nes. Il peut \u00e9galement \u00eatre appliqu\u00e9 sur les dunes de sable et les stocks de mat\u00e9riaux pour r\u00e9duire la poussi\u00e8re et contr\u00f4ler l'\u00e9rosion caus\u00e9e par le vent.<\/p>\r\n<p>Une fois appliqu\u00e9, DusTech am\u00e9liore l'agglutination des particules, scelle la matrice mol\u00e9culaire et am\u00e9liore la qualit\u00e9 de l'air.\u00a0<\/p>\r\n<p>DusTech n\u00e9cessite moins de pulv\u00e9risation d'eau que les m\u00e9thodes conventionnelles et, \u00e0 chaque nouvelle application, des doses plus faibles de biopolym\u00e8re sont n\u00e9cessaires pour assurer la stabilit\u00e9 de la surface.<\/p>\r\n\t\t\t<a href=\"https:\/\/www.metaflotech.com\/fr_fr\/produits\/biopolymeres\/dustech\/\" target=\"_self\">\r\n\t\t\t\t\t\t\tEN SAVOIR PLUS\r\n\t\t\t\t\t<\/a>\r\n<h1>\r\n\t\t\tCOMMENT \u00c7A MARCHE\t<\/h1>\r\n\t\t\t <p><strong>En utilisant un dosage de 2-3%,<\/strong> DusTech est appliqu\u00e9 directement dans le r\u00e9servoir d'eau, de sorte qu'il peut \u00eatre pulv\u00e9ris\u00e9 dans les zones o\u00f9 les particules de poussi\u00e8re sont fines. Il peut \u00eatre utilis\u00e9 efficacement sur tous les types de sols, tels que les sols argileux, limoneux, sablonneux, etc. <\/p>\r\n\t\t\t <p>En plus du contr\u00f4le de la poussi\u00e8re sur les routes, <strong>DusTech peut \u00e9galement \u00eatre utilis\u00e9 pour le stockage des mat\u00e9riaux.<\/strong> pour s'assurer que votre mat\u00e9riel reste en place et ne perturbe pas l'environnement ou les communaut\u00e9s environnantes. <\/p>\t\t\r\n\t\t\t <p>Apr\u00e8s le traitement initial, <strong>L'humidit\u00e9 du sol est prolong\u00e9e par le biopolym\u00e8re.<\/strong> En outre, pour les applications ult\u00e9rieures, des doses de plus en plus faibles sont n\u00e9cessaires pour assurer la stabilit\u00e9 de la surface, car le produit agit de mani\u00e8re r\u00e9siduelle.<\/p>\t\t\r\n\t<h1>\r\n\t\t\tB\u00c9N\u00c9FICES\t<\/h1>\r\n\t\t\t\t<img decoding=\"async\" src=\"https:\/\/www.metaflotech.com\/wp-content\/uploads\/2024\/12\/time-efficiency.svg\" alt=\"efficacit\u00e9 du temps\" itemprop=\"image\" height=\"100\" width=\"100\" title=\"efficacit\u00e9 du temps\" onerror=\"this.style.display='none'\" loading='lazy' \/>\r\n\t<h3><b>Efficacit\u00e9 temporelle<\/b><\/h3>\r\n<p>Moins de demandes par rapport aux alternatives standard.<\/p>\r\n\t\t\t\t<img decoding=\"async\" src=\"https:\/\/www.metaflotech.com\/wp-content\/uploads\/2024\/12\/health-and-safety.svg\" alt=\"sant\u00e9 et s\u00e9curit\u00e9\" itemprop=\"image\" height=\"100\" width=\"100\" title=\"sant\u00e9 et s\u00e9curit\u00e9\" onerror=\"this.style.display='none'\" loading='lazy' \/>\r\n\t<h3><b>Am\u00e9lioration de la sant\u00e9 et de la s\u00e9curit\u00e9<\/b><\/h3>\r\n<p>Des capacit\u00e9s de d\u00e9poussi\u00e9rage efficaces, renfor\u00e7ant la s\u00e9curit\u00e9 routi\u00e8re, augmentant la visibilit\u00e9 du trafic et am\u00e9liorant la qualit\u00e9 de l'air pour les employ\u00e9s, l'environnement et les communaut\u00e9s environnantes. <\/p>\r\n\t\t\t\t<img decoding=\"async\" src=\"https:\/\/www.metaflotech.com\/wp-content\/uploads\/2024\/12\/cost-saving.svg\" alt=\"\u00e9conomie de co\u00fbts\" itemprop=\"image\" height=\"100\" width=\"100\" title=\"\u00e9conomie de co\u00fbts\" onerror=\"this.style.display='none'\" loading='lazy' \/>\r\n\t<h3><b>Co\u00fbt-efficacit\u00e9<\/b><\/h3>\r\n<p>R\u00e9duction des co\u00fbts op\u00e9rationnels par rapport aux m\u00e9thodes traditionnelles telles que les programmes d'arrosage.<\/p>\r\n<h2>\r\n\t\t\t\u00c9tudes de cas\t<\/h2>\r\n<h3>\r\n\t\t<a href=\"https:\/\/www.metaflotech.com\/wp-content\/uploads\/2025\/07\/DusTech-Case-Study-1-English-MetaFLO-Technologies.pdf\" title=\"DusTech am\u00e9liore la qualit\u00e9 de l&#039;air et permet \u00e0 un chantier de construction d&#039;\u00e9conomiser 360 000 litres d&#039;eau par jour\"  target=\"_self\">\r\n\t\t\tDusTech am\u00e9liore la qualit\u00e9 de l'air et permet \u00e0 un chantier de construction d'\u00e9conomiser 360 000 litres d'eau par jour\t\t<\/a>\r\n\t<\/h3>\r\n\tAs dust suppression becomes mandatory due to health and environmental concerns, MetaFLO&#8217;s fast-acting<br \/>\r\nconstitue une solution peu co\u00fbteuse et efficace pour am\u00e9liorer la qualit\u00e9 de l'air sur les chantiers de construction.\r\n<h3>\r\n\t\t<a href=\"https:\/\/www.metaflotech.com\/wp-content\/uploads\/2025\/07\/DusTech-Case-Study-2-English-MetaFLO-Technologies.pdf\" title=\"DusTech am\u00e9liore la qualit\u00e9 de l&#039;air dans un barrage de mine d&#039;or\"  target=\"_self\">\r\n\t\t\tDusTech am\u00e9liore la qualit\u00e9 de l'air dans un barrage de mine d'or\t\t<\/a>\r\n\t<\/h3>\r\n\t<p>MetaFLO&#8217;s use of a high-quality dust suppression biopolymer helped a gold mining dam improve air quality to keep workers and communities safe in a rapid and cost-effective way.<\/p>\r\n<h3>\r\n\t\t<a href=\"https:\/\/www.metaflotech.com\/wp-content\/uploads\/2025\/07\/DusTech-Case-Study-3-English-MetaFLO-Technologies.pdf\" title=\"DusTech am\u00e9liore la qualit\u00e9 de l&#039;air sur un chantier de construction\"  target=\"_self\">\r\n\t\t\tDusTech am\u00e9liore la qualit\u00e9 de l'air sur un chantier de construction\t\t<\/a>\r\n\t<\/h3>\r\n\t<p>MetaFLO&#8217;s dust suppressant helped a construction site improve air quality through effective dust suppression, helping save costs, increase productivity, and benefit the environment.<\/p>","protected":false},"excerpt":{"rendered":"<p>Dust Suppression Effective and Water-Saving Dust Suppression Issue at a Glance Effective dust suppression is becoming mandatory as numerous health and environmental concerns associated with excessive airborne particulate matter are being raised regarding air quality on construction sites, and in mining, tunneling etc. Dust harms the environment, compromises human health, negatively affects communities and reduces&hellip;<\/p>","protected":false},"author":1,"featured_media":0,"parent":73499,"menu_order":0,"comment_status":"closed","ping_status":"closed","template":"","meta":{"_acf_changed":false,"inline_featured_image":false,"footnotes":""},"class_list":["post-116345","page","type-page","status-publish","hentry"],"acf":[],"yoast_head":"<!-- This site is optimized with the Yoast SEO plugin v27.4 - https:\/\/yoast.com\/product\/yoast-seo-wordpress\/ -->\n<title>Dust Suppression for Unpaved, Industrial and Mining Roads | MetaFLO Technologies<\/title>\n<meta name=\"description\" content=\"DusTech is an advanced biopolymer for dust control on unpaved, gravel, industrial and mining roads, improving air quality, road safety and operational efficiency.\" \/>\n<meta name=\"robots\" content=\"index, follow, max-snippet:-1, max-image-preview:large, max-video-preview:-1\" \/>\n<link rel=\"canonical\" href=\"https:\/\/www.metaflotech.com\/fr_fr\/applications\/suppression-des-poussieres\/\" \/>\n<meta property=\"og:locale\" content=\"fr_FR\" \/>\n<meta property=\"og:type\" content=\"article\" \/>\n<meta property=\"og:title\" content=\"Dust Suppression for Unpaved, Industrial and Mining Roads | MetaFLO Technologies\" \/>\n<meta property=\"og:description\" content=\"DusTech is an advanced biopolymer for dust control on unpaved, gravel, industrial and mining roads, improving air quality, road safety and operational efficiency.\" \/>\n<meta property=\"og:url\" content=\"https:\/\/www.metaflotech.com\/fr_fr\/applications\/suppression-des-poussieres\/\" \/>\n<meta property=\"og:site_name\" content=\"MetaFLO Technologies\" \/>\n<meta property=\"article:publisher\" content=\"https:\/\/www.facebook.com\/MetaFLOTechnologies\/\" \/>\n<meta property=\"article:modified_time\" content=\"2026-03-12T12:57:08+00:00\" \/>\n<meta property=\"og:image\" content=\"https:\/\/www.metaflotech.com\/wp-content\/uploads\/2024\/12\/dirt-road-road-works-dust-suppression.jpeg\" \/>\n<meta name=\"twitter:card\" content=\"summary_large_image\" \/>\n<meta name=\"twitter:site\" content=\"@metaflo\" \/>\n<meta name=\"twitter:label1\" content=\"Dur\u00e9e de lecture estim\u00e9e\" \/>\n\t<meta name=\"twitter:data1\" content=\"3 minutes\" \/>\n<script type=\"application\/ld+json\" class=\"yoast-schema-graph\">{\"@context\":\"https:\\\/\\\/schema.org\",\"@graph\":[{\"@type\":\"WebPage\",\"@id\":\"https:\\\/\\\/www.metaflotech.com\\\/fr_fr\\\/applications\\\/dust-suppression\\\/\",\"url\":\"https:\\\/\\\/www.metaflotech.com\\\/fr_fr\\\/applications\\\/dust-suppression\\\/\",\"name\":\"Dust Suppression for Unpaved, Industrial and Mining Roads | MetaFLO Technologies\",\"isPartOf\":{\"@id\":\"https:\\\/\\\/www.metaflotech.com\\\/fr_fr\\\/#website\"},\"primaryImageOfPage\":{\"@id\":\"https:\\\/\\\/www.metaflotech.com\\\/fr_fr\\\/applications\\\/dust-suppression\\\/#primaryimage\"},\"image\":{\"@id\":\"https:\\\/\\\/www.metaflotech.com\\\/fr_fr\\\/applications\\\/dust-suppression\\\/#primaryimage\"},\"thumbnailUrl\":\"https:\\\/\\\/www.metaflotech.com\\\/wp-content\\\/uploads\\\/2024\\\/12\\\/dirt-road-road-works-dust-suppression.jpeg\",\"datePublished\":\"2024-12-10T11:21:22+00:00\",\"dateModified\":\"2026-03-12T12:57:08+00:00\",\"description\":\"DusTech is an advanced biopolymer for dust control on unpaved, gravel, industrial and mining roads, improving air quality, road safety and operational efficiency.\",\"breadcrumb\":{\"@id\":\"https:\\\/\\\/www.metaflotech.com\\\/fr_fr\\\/applications\\\/dust-suppression\\\/#breadcrumb\"},\"inLanguage\":\"fr-FR\",\"potentialAction\":[{\"@type\":\"ReadAction\",\"target\":[\"https:\\\/\\\/www.metaflotech.com\\\/fr_fr\\\/applications\\\/dust-suppression\\\/\"]}]},{\"@type\":\"ImageObject\",\"inLanguage\":\"fr-FR\",\"@id\":\"https:\\\/\\\/www.metaflotech.com\\\/fr_fr\\\/applications\\\/dust-suppression\\\/#primaryimage\",\"url\":\"https:\\\/\\\/www.metaflotech.com\\\/wp-content\\\/uploads\\\/2024\\\/12\\\/dirt-road-road-works-dust-suppression.jpeg\",\"contentUrl\":\"https:\\\/\\\/www.metaflotech.com\\\/wp-content\\\/uploads\\\/2024\\\/12\\\/dirt-road-road-works-dust-suppression.jpeg\"},{\"@type\":\"BreadcrumbList\",\"@id\":\"https:\\\/\\\/www.metaflotech.com\\\/fr_fr\\\/applications\\\/dust-suppression\\\/#breadcrumb\",\"itemListElement\":[{\"@type\":\"ListItem\",\"position\":1,\"name\":\"Home\",\"item\":\"https:\\\/\\\/www.metaflotech.com\\\/\"},{\"@type\":\"ListItem\",\"position\":2,\"name\":\"Applications\",\"item\":\"https:\\\/\\\/www.metaflotech.com\\\/applications\\\/\"},{\"@type\":\"ListItem\",\"position\":3,\"name\":\"Dust Suppression for Unpaved, Industrial and Mining Roads\"}]},{\"@type\":\"WebSite\",\"@id\":\"https:\\\/\\\/www.metaflotech.com\\\/fr_fr\\\/#website\",\"url\":\"https:\\\/\\\/www.metaflotech.com\\\/fr_fr\\\/\",\"name\":\"MetaFLO Technologies\",\"description\":\"Engineered Polymer Solutions For Industrial Applications\",\"potentialAction\":[{\"@type\":\"SearchAction\",\"target\":{\"@type\":\"EntryPoint\",\"urlTemplate\":\"https:\\\/\\\/www.metaflotech.com\\\/fr_fr\\\/?s={search_term_string}\"},\"query-input\":{\"@type\":\"PropertyValueSpecification\",\"valueRequired\":true,\"valueName\":\"search_term_string\"}}],\"inLanguage\":\"fr-FR\"}]}<\/script>\n<!-- \/ Yoast SEO plugin. -->","yoast_head_json":{"title":"Dust Suppression for Unpaved, Industrial and Mining Roads | MetaFLO Technologies","description":"DusTech is an advanced biopolymer for dust control on unpaved, gravel, industrial and mining roads, improving air quality, road safety and operational efficiency.","robots":{"index":"index","follow":"follow","max-snippet":"max-snippet:-1","max-image-preview":"max-image-preview:large","max-video-preview":"max-video-preview:-1"},"canonical":"https:\/\/www.metaflotech.com\/fr_fr\/applications\/suppression-des-poussieres\/","og_locale":"fr_FR","og_type":"article","og_title":"Dust Suppression for Unpaved, Industrial and Mining Roads | MetaFLO Technologies","og_description":"DusTech is an advanced biopolymer for dust control on unpaved, gravel, industrial and mining roads, improving air quality, road safety and operational efficiency.","og_url":"https:\/\/www.metaflotech.com\/fr_fr\/applications\/suppression-des-poussieres\/","og_site_name":"MetaFLO Technologies","article_publisher":"https:\/\/www.facebook.com\/MetaFLOTechnologies\/","article_modified_time":"2026-03-12T12:57:08+00:00","og_image":[{"url":"https:\/\/www.metaflotech.com\/wp-content\/uploads\/2024\/12\/dirt-road-road-works-dust-suppression.jpeg","type":"","width":"","height":""}],"twitter_card":"summary_large_image","twitter_site":"@metaflo","twitter_misc":{"Dur\u00e9e de lecture estim\u00e9e":"3 minutes"},"schema":{"@context":"https:\/\/schema.org","@graph":[{"@type":"WebPage","@id":"https:\/\/www.metaflotech.com\/fr_fr\/applications\/dust-suppression\/","url":"https:\/\/www.metaflotech.com\/fr_fr\/applications\/dust-suppression\/","name":"Dust Suppression for Unpaved, Industrial and Mining Roads | MetaFLO Technologies","isPartOf":{"@id":"https:\/\/www.metaflotech.com\/fr_fr\/#website"},"primaryImageOfPage":{"@id":"https:\/\/www.metaflotech.com\/fr_fr\/applications\/dust-suppression\/#primaryimage"},"image":{"@id":"https:\/\/www.metaflotech.com\/fr_fr\/applications\/dust-suppression\/#primaryimage"},"thumbnailUrl":"https:\/\/www.metaflotech.com\/wp-content\/uploads\/2024\/12\/dirt-road-road-works-dust-suppression.jpeg","datePublished":"2024-12-10T11:21:22+00:00","dateModified":"2026-03-12T12:57:08+00:00","description":"DusTech is an advanced biopolymer for dust control on unpaved, gravel, industrial and mining roads, improving air quality, road safety and operational efficiency.","breadcrumb":{"@id":"https:\/\/www.metaflotech.com\/fr_fr\/applications\/dust-suppression\/#breadcrumb"},"inLanguage":"fr-FR","potentialAction":[{"@type":"ReadAction","target":["https:\/\/www.metaflotech.com\/fr_fr\/applications\/dust-suppression\/"]}]},{"@type":"ImageObject","inLanguage":"fr-FR","@id":"https:\/\/www.metaflotech.com\/fr_fr\/applications\/dust-suppression\/#primaryimage","url":"https:\/\/www.metaflotech.com\/wp-content\/uploads\/2024\/12\/dirt-road-road-works-dust-suppression.jpeg","contentUrl":"https:\/\/www.metaflotech.com\/wp-content\/uploads\/2024\/12\/dirt-road-road-works-dust-suppression.jpeg"},{"@type":"BreadcrumbList","@id":"https:\/\/www.metaflotech.com\/fr_fr\/applications\/dust-suppression\/#breadcrumb","itemListElement":[{"@type":"ListItem","position":1,"name":"Home","item":"https:\/\/www.metaflotech.com\/"},{"@type":"ListItem","position":2,"name":"Applications","item":"https:\/\/www.metaflotech.com\/applications\/"},{"@type":"ListItem","position":3,"name":"Dust Suppression for Unpaved, Industrial and Mining Roads"}]},{"@type":"WebSite","@id":"https:\/\/www.metaflotech.com\/fr_fr\/#website","url":"https:\/\/www.metaflotech.com\/fr_fr\/","name":"MetaFLO Technologies","description":"Solutions d'ing\u00e9nierie en mati\u00e8re de polym\u00e8res pour les applications industrielles","potentialAction":[{"@type":"SearchAction","target":{"@type":"EntryPoint","urlTemplate":"https:\/\/www.metaflotech.com\/fr_fr\/?s={search_term_string}"},"query-input":{"@type":"PropertyValueSpecification","valueRequired":true,"valueName":"search_term_string"}}],"inLanguage":"fr-FR"}]}},"_links":{"self":[{"href":"https:\/\/www.metaflotech.com\/fr_fr\/wp-json\/wp\/v2\/pages\/116345","targetHints":{"allow":["GET"]}}],"collection":[{"href":"https:\/\/www.metaflotech.com\/fr_fr\/wp-json\/wp\/v2\/pages"}],"about":[{"href":"https:\/\/www.metaflotech.com\/fr_fr\/wp-json\/wp\/v2\/types\/page"}],"author":[{"embeddable":true,"href":"https:\/\/www.metaflotech.com\/fr_fr\/wp-json\/wp\/v2\/users\/1"}],"replies":[{"embeddable":true,"href":"https:\/\/www.metaflotech.com\/fr_fr\/wp-json\/wp\/v2\/comments?post=116345"}],"version-history":[{"count":0,"href":"https:\/\/www.metaflotech.com\/fr_fr\/wp-json\/wp\/v2\/pages\/116345\/revisions"}],"up":[{"embeddable":true,"href":"https:\/\/www.metaflotech.com\/fr_fr\/wp-json\/wp\/v2\/pages\/73499"}],"wp:attachment":[{"href":"https:\/\/www.metaflotech.com\/fr_fr\/wp-json\/wp\/v2\/media?parent=116345"}],"curies":[{"name":"wp","href":"https:\/\/api.w.org\/{rel}","templated":true}]}}