{"id":116352,"date":"2024-12-10T11:22:47","date_gmt":"2024-12-10T11:22:47","guid":{"rendered":"https:\/\/www.metaflotech.com\/?page_id=116352"},"modified":"2026-03-12T12:55:06","modified_gmt":"2026-03-12T12:55:06","slug":"traitement-de-leau-contaminee","status":"publish","type":"page","link":"https:\/\/www.metaflotech.com\/fr_fr\/applications\/contaminated-water-treatment\/","title":{"rendered":"Contaminated Water Treatment for Mining and Industrial Operations"},"content":{"rendered":"<img decoding=\"async\" src=\"https:\/\/www.metaflotech.com\/wp-content\/uploads\/2024\/12\/researcher-holds-test-tube-with-water-hand-blue-glove_8353-7164.jpg\" alt=\"le chercheur tient l&#039;\u00e9prouvette avec l&#039;eau, la main et le gant bleu_8353-7164\" itemprop=\"image\" height=\"1200\" width=\"1800\" title=\"le chercheur tient l&#039;\u00e9prouvette avec l&#039;eau, la main et le gant bleu_8353-7164\" onerror=\"this.style.display='none'\" loading='lazy' \/>\r\n\t<h1><strong>Eau contamin\u00e9e<br \/>\r\nTRAITEMENT<\/strong><\/h1>\r\n<h2><em>Une solution avanc\u00e9e pour une eau plus propre<\/em><\/h2>\r\n<h3>\r\n\t\t\tAper\u00e7u de la question\t<\/h3>\r\n\t<p>L'eau contamin\u00e9e pr\u00e9sente des risques environnementaux et des d\u00e9fis r\u00e9glementaires. Les m\u00e9thodes traditionnelles de d\u00e9contamination peuvent \u00eatre lentes et n\u00e9cessiter des volumes importants d'additifs.<\/p>\r\n<h3>\r\n\t\t\tOverview of MetaFLO&#8217;s product\t<\/h3>\r\n\t<p><strong>RemTech<\/strong> est notre solution sp\u00e9cialis\u00e9e de traitement de l'eau, con\u00e7ue pour fixer efficacement les contaminants tels que les m\u00e9taux lourds et les hydrocarbures.<\/p>\r\n<p>Gr\u00e2ce \u00e0 ses formulations personnalisables, RemTech assure un traitement cibl\u00e9 et efficace, permettant aux op\u00e9rations p\u00e9troli\u00e8res et mini\u00e8res de r\u00e9pondre aux exigences r\u00e9glementaires et de prot\u00e9ger les \u00e9cosyst\u00e8mes environnants.<\/p>\r\n\t\t\t<a href=\"https:\/\/www.metaflotech.com\/fr_fr\/produits\/biopolymeres\/remtech\/\" download target=\"_self\">\r\n\t\t\t\t\t\t\tEN SAVOIR PLUS\r\n\t\t\t\t\t<\/a>\r\n<h1>\r\n\t\t\tCOMMENT \u00c7A MARCHE\t<\/h1>\r\n\t\t\t <p>Le <strong>additif respectueux de l'environnement<\/strong> est un agent d'oxydation alcalin con\u00e7u pour agir dans divers sc\u00e9narios de contamination, notamment les eaux contamin\u00e9es par des m\u00e9taux lourds et des hydrocarbures, les boues de d\u00e9chets contamin\u00e9es et les bassins de r\u00e9sidus miniers contenant du cyanure.<\/p>\t\t\r\n\t\t\t <p>En tirant parti de la pr\u00e9cipitation des m\u00e9taux lourds par \u00e9change ionique, <strong>RemTech \u00e9limine efficacement plusieurs m\u00e9taux lourds simultan\u00e9ment. <\/strong>Ce processus permet non seulement d'am\u00e9liorer l'environnement, mais aussi de r\u00e9utiliser l'eau dans les processus industriels, contribuant ainsi \u00e0 des op\u00e9rations plus durables.<\/p>\t\t\r\n\t<h1>\r\n\t\t\tB\u00c9N\u00c9FICES\t<\/h1>\r\n\t\t\t\t<img decoding=\"async\" src=\"https:\/\/www.metaflotech.com\/wp-content\/uploads\/2024\/12\/compliance.svg\" alt=\"conformit\u00e9\" itemprop=\"image\" height=\"100\" width=\"100\" title=\"conformit\u00e9\" onerror=\"this.style.display='none'\" loading='lazy' \/>\r\n\t<h3><b>Assurance de la conformit\u00e9<\/b><\/h3>\r\n<p>Respecter et d\u00e9passer les r\u00e9glementations environnementales.<\/p>\r\n\t\t\t\t<img decoding=\"async\" src=\"https:\/\/www.metaflotech.com\/wp-content\/uploads\/2024\/12\/cost-saving.svg\" alt=\"\u00e9conomie de co\u00fbts\" itemprop=\"image\" height=\"100\" width=\"100\" title=\"\u00e9conomie de co\u00fbts\" onerror=\"this.style.display='none'\" loading='lazy' \/>\r\n\t<h3><b>Rentabilit\u00e9<\/b><\/h3>\r\n<p>R\u00e9duit la n\u00e9cessit\u00e9 d'utiliser des agents alcalinisants suppl\u00e9mentaires et le temps d'assainissement.<\/p>\r\n\t\t\t\t<img decoding=\"async\" src=\"https:\/\/www.metaflotech.com\/wp-content\/uploads\/2024\/12\/environmentally-safe.svg\" alt=\"sans danger pour l&#039;environnement\" itemprop=\"image\" height=\"100\" width=\"100\" title=\"sans danger pour l&#039;environnement\" onerror=\"this.style.display='none'\" loading='lazy' \/>\r\n\t<h3><b>S\u00e9curit\u00e9 environnementale<\/b><\/h3>\r\n<p>D\u00e9riv\u00e9 des algues marines, RemTech est une solution respectueuse de l'environnement.<\/p>\r\n<h2>\r\n\t\t\t\u00c9tudes de cas\t<\/h2>\r\n<h3>\r\n\t\t<a href=\"https:\/\/www.metaflotech.com\/wp-content\/uploads\/2025\/07\/RemTech-Case-Study-1-English-MetaFLO-Technologies.pdf\" title=\"RemTech traite simultan\u00e9ment les m\u00e9taux lourds dans les effluents de lixiviation de l&#039;or\"  target=\"_self\">\r\n\t\t\tRemTech traite simultan\u00e9ment les m\u00e9taux lourds dans les effluents de lixiviation de l'or\t\t<\/a>\r\n\t<\/h3>\r\n\t<p>MetaFLO&#8217;s biopolymer provides advanced bio-friendly remediation of contaminated water such as effluents, helping companies save costs, increase productivity and protect the environment.<\/p>\r\n<h3>\r\n\t\t<a href=\"https:\/\/www.metaflotech.com\/wp-content\/uploads\/2025\/07\/RemTech-Case-Study-2-English-MetaFLO-Technologies-1.pdf\" title=\"RemTech traite les hydrocarbures pour les effluents p\u00e9troliers industriels\"  target=\"_self\">\r\n\t\t\tRemTech traite les hydrocarbures pour les effluents p\u00e9troliers industriels\t\t<\/a>\r\n\t<\/h3>\r\n\t<p>MetaFLO&#8217;s study reveals unmatched cost savings, productivity gains, and environmental benefits for treating hydrocarbons on an effluent.<\/p>","protected":false},"excerpt":{"rendered":"<p>Contaminated Water TREATMENT Advanced Solution For Cleaner Water Issue at a Glance Contaminated water poses environmental risks and regulatory challenges. Traditional decontamination methods can be slow and demand high volumes of additives. Overview of MetaFLO&#8217;s product RemTech is our specialized water treatment solution, designed to effectively attach contaminants such as heavy metals and hydrocarbons. With&hellip;<\/p>","protected":false},"author":1,"featured_media":0,"parent":73499,"menu_order":0,"comment_status":"closed","ping_status":"closed","template":"","meta":{"_acf_changed":false,"inline_featured_image":false,"footnotes":""},"class_list":["post-116352","page","type-page","status-publish","hentry"],"acf":[],"yoast_head":"<!-- This site is optimized with the Yoast SEO plugin v27.5 - https:\/\/yoast.com\/product\/yoast-seo-wordpress\/ -->\n<title>Contaminated Water Treatment for Mining and Industrial Operations | MetaFLO Technologies<\/title>\n<meta name=\"description\" content=\"MetaFLO provides advanced biopolymer solutions for contaminated water treatment, removing metals and hydrocarbons while supporting safer environmental and industrial operations.\" \/>\n<meta name=\"robots\" content=\"index, follow, max-snippet:-1, max-image-preview:large, max-video-preview:-1\" \/>\n<link rel=\"canonical\" href=\"https:\/\/www.metaflotech.com\/fr_fr\/applications\/traitement-de-leau-contaminee\/\" \/>\n<meta property=\"og:locale\" content=\"fr_FR\" \/>\n<meta property=\"og:type\" content=\"article\" \/>\n<meta property=\"og:title\" content=\"Contaminated Water Treatment for Mining and Industrial Operations | MetaFLO Technologies\" \/>\n<meta property=\"og:description\" content=\"MetaFLO provides advanced biopolymer solutions for contaminated water treatment, removing metals and hydrocarbons while supporting safer environmental and industrial operations.\" \/>\n<meta property=\"og:url\" content=\"https:\/\/www.metaflotech.com\/fr_fr\/applications\/traitement-de-leau-contaminee\/\" \/>\n<meta property=\"og:site_name\" content=\"MetaFLO Technologies\" \/>\n<meta property=\"article:publisher\" content=\"https:\/\/www.facebook.com\/MetaFLOTechnologies\/\" \/>\n<meta property=\"article:modified_time\" content=\"2026-03-12T12:55:06+00:00\" \/>\n<meta property=\"og:image\" content=\"https:\/\/www.metaflotech.com\/wp-content\/uploads\/2024\/12\/researcher-holds-test-tube-with-water-hand-blue-glove_8353-7164.jpg\" \/>\n<meta name=\"twitter:card\" content=\"summary_large_image\" \/>\n<meta name=\"twitter:site\" content=\"@metaflo\" \/>\n<meta name=\"twitter:label1\" content=\"Dur\u00e9e de lecture estim\u00e9e\" \/>\n\t<meta name=\"twitter:data1\" content=\"2 minutes\" \/>\n<script type=\"application\/ld+json\" class=\"yoast-schema-graph\">{\"@context\":\"https:\\\/\\\/schema.org\",\"@graph\":[{\"@type\":\"WebPage\",\"@id\":\"https:\\\/\\\/www.metaflotech.com\\\/fr_fr\\\/applications\\\/contaminated-water-treatment\\\/\",\"url\":\"https:\\\/\\\/www.metaflotech.com\\\/fr_fr\\\/applications\\\/contaminated-water-treatment\\\/\",\"name\":\"Contaminated Water Treatment for Mining and Industrial Operations | MetaFLO Technologies\",\"isPartOf\":{\"@id\":\"https:\\\/\\\/www.metaflotech.com\\\/fr_fr\\\/#website\"},\"primaryImageOfPage\":{\"@id\":\"https:\\\/\\\/www.metaflotech.com\\\/fr_fr\\\/applications\\\/contaminated-water-treatment\\\/#primaryimage\"},\"image\":{\"@id\":\"https:\\\/\\\/www.metaflotech.com\\\/fr_fr\\\/applications\\\/contaminated-water-treatment\\\/#primaryimage\"},\"thumbnailUrl\":\"https:\\\/\\\/www.metaflotech.com\\\/wp-content\\\/uploads\\\/2024\\\/12\\\/researcher-holds-test-tube-with-water-hand-blue-glove_8353-7164.jpg\",\"datePublished\":\"2024-12-10T11:22:47+00:00\",\"dateModified\":\"2026-03-12T12:55:06+00:00\",\"description\":\"MetaFLO provides advanced biopolymer solutions for contaminated water treatment, removing metals and hydrocarbons while supporting safer environmental and industrial operations.\",\"breadcrumb\":{\"@id\":\"https:\\\/\\\/www.metaflotech.com\\\/fr_fr\\\/applications\\\/contaminated-water-treatment\\\/#breadcrumb\"},\"inLanguage\":\"fr-FR\",\"potentialAction\":[{\"@type\":\"ReadAction\",\"target\":[\"https:\\\/\\\/www.metaflotech.com\\\/fr_fr\\\/applications\\\/contaminated-water-treatment\\\/\"]}]},{\"@type\":\"ImageObject\",\"inLanguage\":\"fr-FR\",\"@id\":\"https:\\\/\\\/www.metaflotech.com\\\/fr_fr\\\/applications\\\/contaminated-water-treatment\\\/#primaryimage\",\"url\":\"https:\\\/\\\/www.metaflotech.com\\\/wp-content\\\/uploads\\\/2024\\\/12\\\/researcher-holds-test-tube-with-water-hand-blue-glove_8353-7164.jpg\",\"contentUrl\":\"https:\\\/\\\/www.metaflotech.com\\\/wp-content\\\/uploads\\\/2024\\\/12\\\/researcher-holds-test-tube-with-water-hand-blue-glove_8353-7164.jpg\"},{\"@type\":\"BreadcrumbList\",\"@id\":\"https:\\\/\\\/www.metaflotech.com\\\/fr_fr\\\/applications\\\/contaminated-water-treatment\\\/#breadcrumb\",\"itemListElement\":[{\"@type\":\"ListItem\",\"position\":1,\"name\":\"Home\",\"item\":\"https:\\\/\\\/www.metaflotech.com\\\/\"},{\"@type\":\"ListItem\",\"position\":2,\"name\":\"Applications\",\"item\":\"https:\\\/\\\/www.metaflotech.com\\\/applications\\\/\"},{\"@type\":\"ListItem\",\"position\":3,\"name\":\"Contaminated Water Treatment for Mining and Industrial Operations\"}]},{\"@type\":\"WebSite\",\"@id\":\"https:\\\/\\\/www.metaflotech.com\\\/fr_fr\\\/#website\",\"url\":\"https:\\\/\\\/www.metaflotech.com\\\/fr_fr\\\/\",\"name\":\"MetaFLO Technologies\",\"description\":\"Engineered Polymer Solutions For Industrial Applications\",\"potentialAction\":[{\"@type\":\"SearchAction\",\"target\":{\"@type\":\"EntryPoint\",\"urlTemplate\":\"https:\\\/\\\/www.metaflotech.com\\\/fr_fr\\\/?s={search_term_string}\"},\"query-input\":{\"@type\":\"PropertyValueSpecification\",\"valueRequired\":true,\"valueName\":\"search_term_string\"}}],\"inLanguage\":\"fr-FR\"}]}<\/script>\n<!-- \/ Yoast SEO plugin. -->","yoast_head_json":{"title":"Contaminated Water Treatment for Mining and Industrial Operations | MetaFLO Technologies","description":"MetaFLO provides advanced biopolymer solutions for contaminated water treatment, removing metals and hydrocarbons while supporting safer environmental and industrial operations.","robots":{"index":"index","follow":"follow","max-snippet":"max-snippet:-1","max-image-preview":"max-image-preview:large","max-video-preview":"max-video-preview:-1"},"canonical":"https:\/\/www.metaflotech.com\/fr_fr\/applications\/traitement-de-leau-contaminee\/","og_locale":"fr_FR","og_type":"article","og_title":"Contaminated Water Treatment for Mining and Industrial Operations | MetaFLO Technologies","og_description":"MetaFLO provides advanced biopolymer solutions for contaminated water treatment, removing metals and hydrocarbons while supporting safer environmental and industrial operations.","og_url":"https:\/\/www.metaflotech.com\/fr_fr\/applications\/traitement-de-leau-contaminee\/","og_site_name":"MetaFLO Technologies","article_publisher":"https:\/\/www.facebook.com\/MetaFLOTechnologies\/","article_modified_time":"2026-03-12T12:55:06+00:00","og_image":[{"url":"https:\/\/www.metaflotech.com\/wp-content\/uploads\/2024\/12\/researcher-holds-test-tube-with-water-hand-blue-glove_8353-7164.jpg","type":"","width":"","height":""}],"twitter_card":"summary_large_image","twitter_site":"@metaflo","twitter_misc":{"Dur\u00e9e de lecture estim\u00e9e":"2 minutes"},"schema":{"@context":"https:\/\/schema.org","@graph":[{"@type":"WebPage","@id":"https:\/\/www.metaflotech.com\/fr_fr\/applications\/contaminated-water-treatment\/","url":"https:\/\/www.metaflotech.com\/fr_fr\/applications\/contaminated-water-treatment\/","name":"Contaminated Water Treatment for Mining and Industrial Operations | MetaFLO Technologies","isPartOf":{"@id":"https:\/\/www.metaflotech.com\/fr_fr\/#website"},"primaryImageOfPage":{"@id":"https:\/\/www.metaflotech.com\/fr_fr\/applications\/contaminated-water-treatment\/#primaryimage"},"image":{"@id":"https:\/\/www.metaflotech.com\/fr_fr\/applications\/contaminated-water-treatment\/#primaryimage"},"thumbnailUrl":"https:\/\/www.metaflotech.com\/wp-content\/uploads\/2024\/12\/researcher-holds-test-tube-with-water-hand-blue-glove_8353-7164.jpg","datePublished":"2024-12-10T11:22:47+00:00","dateModified":"2026-03-12T12:55:06+00:00","description":"MetaFLO provides advanced biopolymer solutions for contaminated water treatment, removing metals and hydrocarbons while supporting safer environmental and industrial operations.","breadcrumb":{"@id":"https:\/\/www.metaflotech.com\/fr_fr\/applications\/contaminated-water-treatment\/#breadcrumb"},"inLanguage":"fr-FR","potentialAction":[{"@type":"ReadAction","target":["https:\/\/www.metaflotech.com\/fr_fr\/applications\/contaminated-water-treatment\/"]}]},{"@type":"ImageObject","inLanguage":"fr-FR","@id":"https:\/\/www.metaflotech.com\/fr_fr\/applications\/contaminated-water-treatment\/#primaryimage","url":"https:\/\/www.metaflotech.com\/wp-content\/uploads\/2024\/12\/researcher-holds-test-tube-with-water-hand-blue-glove_8353-7164.jpg","contentUrl":"https:\/\/www.metaflotech.com\/wp-content\/uploads\/2024\/12\/researcher-holds-test-tube-with-water-hand-blue-glove_8353-7164.jpg"},{"@type":"BreadcrumbList","@id":"https:\/\/www.metaflotech.com\/fr_fr\/applications\/contaminated-water-treatment\/#breadcrumb","itemListElement":[{"@type":"ListItem","position":1,"name":"Home","item":"https:\/\/www.metaflotech.com\/"},{"@type":"ListItem","position":2,"name":"Applications","item":"https:\/\/www.metaflotech.com\/applications\/"},{"@type":"ListItem","position":3,"name":"Contaminated Water Treatment for Mining and Industrial Operations"}]},{"@type":"WebSite","@id":"https:\/\/www.metaflotech.com\/fr_fr\/#website","url":"https:\/\/www.metaflotech.com\/fr_fr\/","name":"MetaFLO Technologies","description":"Solutions d'ing\u00e9nierie en mati\u00e8re de polym\u00e8res pour les applications industrielles","potentialAction":[{"@type":"SearchAction","target":{"@type":"EntryPoint","urlTemplate":"https:\/\/www.metaflotech.com\/fr_fr\/?s={search_term_string}"},"query-input":{"@type":"PropertyValueSpecification","valueRequired":true,"valueName":"search_term_string"}}],"inLanguage":"fr-FR"}]}},"_links":{"self":[{"href":"https:\/\/www.metaflotech.com\/fr_fr\/wp-json\/wp\/v2\/pages\/116352","targetHints":{"allow":["GET"]}}],"collection":[{"href":"https:\/\/www.metaflotech.com\/fr_fr\/wp-json\/wp\/v2\/pages"}],"about":[{"href":"https:\/\/www.metaflotech.com\/fr_fr\/wp-json\/wp\/v2\/types\/page"}],"author":[{"embeddable":true,"href":"https:\/\/www.metaflotech.com\/fr_fr\/wp-json\/wp\/v2\/users\/1"}],"replies":[{"embeddable":true,"href":"https:\/\/www.metaflotech.com\/fr_fr\/wp-json\/wp\/v2\/comments?post=116352"}],"version-history":[{"count":0,"href":"https:\/\/www.metaflotech.com\/fr_fr\/wp-json\/wp\/v2\/pages\/116352\/revisions"}],"up":[{"embeddable":true,"href":"https:\/\/www.metaflotech.com\/fr_fr\/wp-json\/wp\/v2\/pages\/73499"}],"wp:attachment":[{"href":"https:\/\/www.metaflotech.com\/fr_fr\/wp-json\/wp\/v2\/media?parent=116352"}],"curies":[{"name":"wp","href":"https:\/\/api.w.org\/{rel}","templated":true}]}}