{"id":120859,"date":"2024-12-25T10:20:54","date_gmt":"2024-12-25T10:20:54","guid":{"rendered":"https:\/\/www.metaflotech.com\/?page_id=120859"},"modified":"2026-03-12T13:19:01","modified_gmt":"2026-03-12T13:19:01","slug":"petrole-et-gaz","status":"publish","type":"page","link":"https:\/\/www.metaflotech.com\/fr_fr\/industries\/oil-and-gas\/","title":{"rendered":"Oil and Gas Wastewater Treatment and Hydrocarbon Removal"},"content":{"rendered":"<h1><strong>P\u00e9trole et gaz<\/strong><\/h1>\r\n\t\t\t\t<a href=\"https:\/\/www.metaflotech.com\/fr_fr\/produits\/biopolymeres\/remtech\/\"  target=\"_blank\" rel=\"noopener\"  itemprop=\"url\">\r\n\t\t\t\t<img decoding=\"async\" src=\"https:\/\/www.metaflotech.com\/wp-content\/uploads\/2025\/07\/Logo.svg\" alt=\"Logo\" itemprop=\"image\" height=\"100\" width=\"100\" title=\"Logo\" onerror=\"this.style.display='none'\" loading='lazy' \/>\r\n\t\t\t\t<\/a>\r\n<h2>\r\n\t\t\tD\u00e9fis\t<\/h2>\r\n\t<h3><strong>Eau contamin\u00e9e<\/strong><\/h3>\r\n\t\t\t <h4>Les effluents peuvent contenir des concentrations \u00e9lev\u00e9es de m\u00e9taux et d'hydrocarbures, ce qui pose des probl\u00e8mes de conformit\u00e9 et d'environnement.<\/h4>\t\t\r\n\t\t\t <h4>Eaux us\u00e9es \/ Eaux produites, peuvent ne pas r\u00e9pondre aux normes r\u00e9glementaires en mati\u00e8re de rejet ou de r\u00e9utilisation.<\/h4>\t\t\r\n\t\t\t <h4>Les traitements traditionnels ne permettent pas toujours d'\u00e9liminer tous les m\u00e9taux et hydrocarbures.<\/h4>\t\t\r\n\t<h3><strong>Boues<\/strong><\/h3>\r\n\t\t\t <h4>Les d\u00e9chets liquides sont difficiles \u00e0 \u00e9liminer, en particulier les d\u00e9chets \u00e0 base d'huile, et leur transport n\u00e9cessite des aspirateurs sp\u00e9cialis\u00e9s, ce qui augmente les co\u00fbts et la complexit\u00e9 des op\u00e9rations. <\/h4>\t\t\r\n\t\t\t\t<img decoding=\"async\" src=\"https:\/\/www.metaflotech.com\/wp-content\/uploads\/2025\/02\/Oil-Gas-1-1.svg\" alt=\"P\u00e9trole et gaz 1\" itemprop=\"image\" height=\"843\" width=\"3859\" title=\"P\u00e9trole et gaz 1\" onerror=\"this.style.display='none'\" loading='lazy' \/>\r\n<h2>\r\n\t\t\tSolution MetaFLO\t<\/h2>\r\n\t\t\t <h4><strong>Solution biologique \u00e0 base d'algues permettant de traiter simultan\u00e9ment les hydrocarbures et les m\u00e9taux pr\u00e9sents dans les eaux contamin\u00e9es.<\/strong><\/h4>\t\t\r\n\t\t\t <h4><strong>En tant que super oxydant, Remtech agit rapidement dans la r\u00e9action et permet de r\u00e9utiliser l'eau trait\u00e9e.<\/strong><\/h4>\t\t\r\n\t\t\t <h4><strong>Utilis\u00e9 comme agent alcalinisant, il peut \u00eatre appliqu\u00e9 au processus existant et dos\u00e9 directement dans l'eau car il est tr\u00e8s soluble.<\/strong><\/h4>\t\t\r\n\t\t\t <h4><strong>Sans danger pour l'environnement et sans contaminants chimiques.<\/strong><\/h4>\t\t\r\n\t\t\t\t<img decoding=\"async\" src=\"https:\/\/www.metaflotech.com\/wp-content\/uploads\/2024\/11\/Fracking-Remediation.png\" alt=\"Remise en \u00e9tat des sites de fracturation\" itemprop=\"image\" height=\"702\" width=\"728\" onerror=\"this.style.display='none'\" loading='lazy' \/>\r\n\t\t\t\t<a href=\"https:\/\/www.metaflotech.com\/fr_fr\/produits\/reactifs-de-solidification\/mf003\/\"  target=\"_blank\" rel=\"noopener\"  itemprop=\"url\">\r\n\t\t\t\t<img decoding=\"async\" src=\"https:\/\/www.metaflotech.com\/wp-content\/uploads\/2024\/03\/Logo-MF003.svg\" alt=\"Logo MF003\" itemprop=\"image\" height=\"100\" width=\"100\" title=\"Logo MF003\" onerror=\"this.style.display='none'\" loading='lazy' \/>\r\n\t\t\t\t<\/a>\r\n\t\t\t\t<a href=\"https:\/\/www.metaflotech.com\/fr_fr\/produits\/reactifs-de-solidification\/mf006\/\"  target=\"_blank\" rel=\"noopener\"  itemprop=\"url\">\r\n\t\t\t\t<img decoding=\"async\" src=\"https:\/\/www.metaflotech.com\/wp-content\/uploads\/2024\/03\/Logo-MF006.svg\" alt=\"Logo MF006\" itemprop=\"image\" height=\"100\" width=\"100\" title=\"Logo MF006\" onerror=\"this.style.display='none'\" loading='lazy' \/>\r\n\t\t\t\t<\/a>\r\n\t\t\t\t<a href=\"https:\/\/www.metaflotech.com\/fr_fr\/produits\/reactifs-de-solidification\/mf008\/\"  target=\"_blank\" rel=\"noopener\"  itemprop=\"url\">\r\n\t\t\t\t<img decoding=\"async\" src=\"https:\/\/www.metaflotech.com\/wp-content\/uploads\/2024\/03\/Logo-MF008.svg\" alt=\"Logo MF008\" itemprop=\"image\" height=\"100\" width=\"100\" title=\"Logo MF008\" onerror=\"this.style.display='none'\" loading='lazy' \/>\r\n\t\t\t\t<\/a>\r\n\t\t\t\t<img decoding=\"async\" src=\"https:\/\/www.metaflotech.com\/wp-content\/uploads\/2025\/02\/Oil-Gas-2-1.svg\" alt=\"P\u00e9trole et gaz 2\" itemprop=\"image\" height=\"1860\" width=\"1717\" title=\"P\u00e9trole et gaz 2\" onerror=\"this.style.display='none'\" loading='lazy' \/>\r\n<h2>\r\n\t\t\tSolution MetaFLO\t<\/h2>\r\n\t\t\t <h4><strong>Le r\u00e9actif de solidification non toxique et inerte absorbe rapidement l'eau, l'huile et la graisse pour solidifier la boue sur place &lt; 1 heure.<\/strong><\/h4>\t\t\r\n\t\t\t <h4><strong>Une fois solidifi\u00e9s, les d\u00e9chets peuvent passer le test du filtre \u00e0 peinture (PFT).<\/strong><\/h4>\t\t\r\n\t\t\t <h4><strong>Le lisier solidifi\u00e9 est transport\u00e9 directement vers le site d'\u00e9limination final, ce qui r\u00e9duit les co\u00fbts de transport et d'\u00e9limination tout en am\u00e9liorant la s\u00e9curit\u00e9 et la conformit\u00e9 aux r\u00e9glementations.<\/strong><\/h4>\t\t\r\n\t\t\t\t<img decoding=\"async\" src=\"https:\/\/www.metaflotech.com\/wp-content\/uploads\/2024\/10\/Reagents-Hero.png\" alt=\"R\u00e9actifs Hero\" itemprop=\"image\" height=\"449\" width=\"800\" onerror=\"this.style.display='none'\" loading='lazy' \/>\r\n<h2>\r\n\t\t\t\u00c9tudes de cas\t<\/h2>\r\n<h3>\r\n\t\t<a href=\"https:\/\/www.metaflotech.com\/wp-content\/uploads\/2025\/07\/RemTech-Case-Study-2-English-MetaFLO-Technologies.pdf\" title=\"RemTech traite les hydrocarbures pour les effluents p\u00e9troliers industriels\"  target=\"_self\">\r\n\t\t\tRemTech traite les hydrocarbures pour les effluents p\u00e9troliers industriels\t\t<\/a>\r\n\t<\/h3>\r\n\t<p>MetaFLO&#8217;s study reveals unmatched cost savings, productivity gains, and environmental benefits for treating hydrocarbons on an effluent.<\/p>\r\n\t\t\t\t<img decoding=\"async\" src=\"https:\/\/www.metaflotech.com\/wp-content\/uploads\/2024\/10\/icon-transport-w.png\" alt=\"ic\u00f4ne transport w\" itemprop=\"image\" height=\"311\" width=\"311\" title=\"ic\u00f4ne transport w\" onerror=\"this.style.display='none'\" loading='lazy' \/>\r\n\t<h3><b>R\u00e9duire consid\u00e9rablement les co\u00fbts de transport<\/b><\/h3>\r\n\t\t\t\t<img decoding=\"async\" src=\"https:\/\/www.metaflotech.com\/wp-content\/uploads\/2024\/10\/icon-ecology-w.png\" alt=\"ic\u00f4ne \u00e9cologie w\" itemprop=\"image\" height=\"311\" width=\"311\" title=\"ic\u00f4ne \u00e9cologie w\" onerror=\"this.style.display='none'\" loading='lazy' \/>\r\n\t<h3><b>Minimiser les risques pour l'environnement et la s\u00e9curit\u00e9<\/b><\/h3>\r\n\t\t\t\t<img decoding=\"async\" src=\"https:\/\/www.metaflotech.com\/wp-content\/uploads\/2024\/10\/icon-savings-w.png\" alt=\"ic\u00f4ne \u00e9pargne w\" itemprop=\"image\" height=\"311\" width=\"311\" title=\"ic\u00f4ne \u00e9pargne w\" onerror=\"this.style.display='none'\" loading='lazy' \/>\r\n\t<h3><b>Gestion durable et efficace des d\u00e9chets<\/b><\/h3>","protected":false},"excerpt":{"rendered":"<p>Oil &amp; Gas Challenges Contaminated Water Effluents may contain high concentrations of metals and hydrocarbons, posing compliance and environmental challenges. Wastewater \/ Produced water, may not meet regulatory standards for discharge or reuse. Traditional treatments may not eliminate all metals and hydrocarbons. Slurry Liquid waste is difficult to dispose of, especially oil-based waste, requiring specialized&hellip;<\/p>","protected":false},"author":1,"featured_media":0,"parent":120582,"menu_order":0,"comment_status":"closed","ping_status":"closed","template":"","meta":{"_acf_changed":false,"inline_featured_image":false,"footnotes":""},"class_list":["post-120859","page","type-page","status-publish","hentry"],"acf":[],"yoast_head":"<!-- This site is optimized with the Yoast SEO plugin v27.4 - https:\/\/yoast.com\/product\/yoast-seo-wordpress\/ -->\n<title>Oil and Gas Wastewater Treatment and Hydrocarbon Removal | MetaFLO Technologies<\/title>\n<meta name=\"description\" content=\"Sustainable solutions for oil and gas wastewater and produced water treatment, removing hydrocarbons and metals while improving environmental compliance.\" \/>\n<meta name=\"robots\" content=\"index, follow, max-snippet:-1, max-image-preview:large, max-video-preview:-1\" \/>\n<link rel=\"canonical\" href=\"https:\/\/www.metaflotech.com\/fr_fr\/secteurs-dactivite\/petrole-et-gaz\/\" \/>\n<meta property=\"og:locale\" content=\"fr_FR\" \/>\n<meta property=\"og:type\" content=\"article\" \/>\n<meta property=\"og:title\" content=\"Oil and Gas Wastewater Treatment and Hydrocarbon Removal | MetaFLO Technologies\" \/>\n<meta property=\"og:description\" content=\"Sustainable solutions for oil and gas wastewater and produced water treatment, removing hydrocarbons and metals while improving environmental compliance.\" \/>\n<meta property=\"og:url\" content=\"https:\/\/www.metaflotech.com\/fr_fr\/secteurs-dactivite\/petrole-et-gaz\/\" \/>\n<meta property=\"og:site_name\" content=\"MetaFLO Technologies\" \/>\n<meta property=\"article:publisher\" content=\"https:\/\/www.facebook.com\/MetaFLOTechnologies\/\" \/>\n<meta property=\"article:modified_time\" content=\"2026-03-12T13:19:01+00:00\" \/>\n<meta property=\"og:image\" content=\"https:\/\/www.metaflotech.com\/wp-content\/uploads\/2025\/07\/Logo.svg\" \/>\n<meta name=\"twitter:card\" content=\"summary_large_image\" \/>\n<meta name=\"twitter:site\" content=\"@metaflo\" \/>\n<meta name=\"twitter:label1\" content=\"Dur\u00e9e de lecture estim\u00e9e\" \/>\n\t<meta name=\"twitter:data1\" content=\"4 minutes\" \/>\n<script type=\"application\/ld+json\" class=\"yoast-schema-graph\">{\"@context\":\"https:\\\/\\\/schema.org\",\"@graph\":[{\"@type\":\"WebPage\",\"@id\":\"https:\\\/\\\/www.metaflotech.com\\\/fr_fr\\\/industries\\\/oil-and-gas\\\/\",\"url\":\"https:\\\/\\\/www.metaflotech.com\\\/fr_fr\\\/industries\\\/oil-and-gas\\\/\",\"name\":\"Oil and Gas Wastewater Treatment and Hydrocarbon Removal | MetaFLO Technologies\",\"isPartOf\":{\"@id\":\"https:\\\/\\\/www.metaflotech.com\\\/fr_fr\\\/#website\"},\"primaryImageOfPage\":{\"@id\":\"https:\\\/\\\/www.metaflotech.com\\\/fr_fr\\\/industries\\\/oil-and-gas\\\/#primaryimage\"},\"image\":{\"@id\":\"https:\\\/\\\/www.metaflotech.com\\\/fr_fr\\\/industries\\\/oil-and-gas\\\/#primaryimage\"},\"thumbnailUrl\":\"https:\\\/\\\/www.metaflotech.com\\\/wp-content\\\/uploads\\\/2025\\\/07\\\/Logo.svg\",\"datePublished\":\"2024-12-25T10:20:54+00:00\",\"dateModified\":\"2026-03-12T13:19:01+00:00\",\"description\":\"Sustainable solutions for oil and gas wastewater and produced water treatment, removing hydrocarbons and metals while improving environmental compliance.\",\"breadcrumb\":{\"@id\":\"https:\\\/\\\/www.metaflotech.com\\\/fr_fr\\\/industries\\\/oil-and-gas\\\/#breadcrumb\"},\"inLanguage\":\"fr-FR\",\"potentialAction\":[{\"@type\":\"ReadAction\",\"target\":[\"https:\\\/\\\/www.metaflotech.com\\\/fr_fr\\\/industries\\\/oil-and-gas\\\/\"]}]},{\"@type\":\"ImageObject\",\"inLanguage\":\"fr-FR\",\"@id\":\"https:\\\/\\\/www.metaflotech.com\\\/fr_fr\\\/industries\\\/oil-and-gas\\\/#primaryimage\",\"url\":\"https:\\\/\\\/www.metaflotech.com\\\/wp-content\\\/uploads\\\/2025\\\/07\\\/Logo.svg\",\"contentUrl\":\"https:\\\/\\\/www.metaflotech.com\\\/wp-content\\\/uploads\\\/2025\\\/07\\\/Logo.svg\"},{\"@type\":\"BreadcrumbList\",\"@id\":\"https:\\\/\\\/www.metaflotech.com\\\/fr_fr\\\/industries\\\/oil-and-gas\\\/#breadcrumb\",\"itemListElement\":[{\"@type\":\"ListItem\",\"position\":1,\"name\":\"Home\",\"item\":\"https:\\\/\\\/www.metaflotech.com\\\/\"},{\"@type\":\"ListItem\",\"position\":2,\"name\":\"Industries\",\"item\":\"https:\\\/\\\/www.metaflotech.com\\\/industries\\\/\"},{\"@type\":\"ListItem\",\"position\":3,\"name\":\"Oil and Gas Wastewater Treatment and Hydrocarbon Removal\"}]},{\"@type\":\"WebSite\",\"@id\":\"https:\\\/\\\/www.metaflotech.com\\\/fr_fr\\\/#website\",\"url\":\"https:\\\/\\\/www.metaflotech.com\\\/fr_fr\\\/\",\"name\":\"MetaFLO Technologies\",\"description\":\"Engineered Polymer Solutions For Industrial Applications\",\"potentialAction\":[{\"@type\":\"SearchAction\",\"target\":{\"@type\":\"EntryPoint\",\"urlTemplate\":\"https:\\\/\\\/www.metaflotech.com\\\/fr_fr\\\/?s={search_term_string}\"},\"query-input\":{\"@type\":\"PropertyValueSpecification\",\"valueRequired\":true,\"valueName\":\"search_term_string\"}}],\"inLanguage\":\"fr-FR\"}]}<\/script>\n<!-- \/ Yoast SEO plugin. -->","yoast_head_json":{"title":"Oil and Gas Wastewater Treatment and Hydrocarbon Removal | MetaFLO Technologies","description":"Sustainable solutions for oil and gas wastewater and produced water treatment, removing hydrocarbons and metals while improving environmental compliance.","robots":{"index":"index","follow":"follow","max-snippet":"max-snippet:-1","max-image-preview":"max-image-preview:large","max-video-preview":"max-video-preview:-1"},"canonical":"https:\/\/www.metaflotech.com\/fr_fr\/secteurs-dactivite\/petrole-et-gaz\/","og_locale":"fr_FR","og_type":"article","og_title":"Oil and Gas Wastewater Treatment and Hydrocarbon Removal | MetaFLO Technologies","og_description":"Sustainable solutions for oil and gas wastewater and produced water treatment, removing hydrocarbons and metals while improving environmental compliance.","og_url":"https:\/\/www.metaflotech.com\/fr_fr\/secteurs-dactivite\/petrole-et-gaz\/","og_site_name":"MetaFLO Technologies","article_publisher":"https:\/\/www.facebook.com\/MetaFLOTechnologies\/","article_modified_time":"2026-03-12T13:19:01+00:00","og_image":[{"url":"https:\/\/www.metaflotech.com\/wp-content\/uploads\/2025\/07\/Logo.svg","type":"","width":"","height":""}],"twitter_card":"summary_large_image","twitter_site":"@metaflo","twitter_misc":{"Dur\u00e9e de lecture estim\u00e9e":"4 minutes"},"schema":{"@context":"https:\/\/schema.org","@graph":[{"@type":"WebPage","@id":"https:\/\/www.metaflotech.com\/fr_fr\/industries\/oil-and-gas\/","url":"https:\/\/www.metaflotech.com\/fr_fr\/industries\/oil-and-gas\/","name":"Oil and Gas Wastewater Treatment and Hydrocarbon Removal | MetaFLO Technologies","isPartOf":{"@id":"https:\/\/www.metaflotech.com\/fr_fr\/#website"},"primaryImageOfPage":{"@id":"https:\/\/www.metaflotech.com\/fr_fr\/industries\/oil-and-gas\/#primaryimage"},"image":{"@id":"https:\/\/www.metaflotech.com\/fr_fr\/industries\/oil-and-gas\/#primaryimage"},"thumbnailUrl":"https:\/\/www.metaflotech.com\/wp-content\/uploads\/2025\/07\/Logo.svg","datePublished":"2024-12-25T10:20:54+00:00","dateModified":"2026-03-12T13:19:01+00:00","description":"Sustainable solutions for oil and gas wastewater and produced water treatment, removing hydrocarbons and metals while improving environmental compliance.","breadcrumb":{"@id":"https:\/\/www.metaflotech.com\/fr_fr\/industries\/oil-and-gas\/#breadcrumb"},"inLanguage":"fr-FR","potentialAction":[{"@type":"ReadAction","target":["https:\/\/www.metaflotech.com\/fr_fr\/industries\/oil-and-gas\/"]}]},{"@type":"ImageObject","inLanguage":"fr-FR","@id":"https:\/\/www.metaflotech.com\/fr_fr\/industries\/oil-and-gas\/#primaryimage","url":"https:\/\/www.metaflotech.com\/wp-content\/uploads\/2025\/07\/Logo.svg","contentUrl":"https:\/\/www.metaflotech.com\/wp-content\/uploads\/2025\/07\/Logo.svg"},{"@type":"BreadcrumbList","@id":"https:\/\/www.metaflotech.com\/fr_fr\/industries\/oil-and-gas\/#breadcrumb","itemListElement":[{"@type":"ListItem","position":1,"name":"Home","item":"https:\/\/www.metaflotech.com\/"},{"@type":"ListItem","position":2,"name":"Industries","item":"https:\/\/www.metaflotech.com\/industries\/"},{"@type":"ListItem","position":3,"name":"Oil and Gas Wastewater Treatment and Hydrocarbon Removal"}]},{"@type":"WebSite","@id":"https:\/\/www.metaflotech.com\/fr_fr\/#website","url":"https:\/\/www.metaflotech.com\/fr_fr\/","name":"MetaFLO Technologies","description":"Solutions d'ing\u00e9nierie en mati\u00e8re de polym\u00e8res pour les applications industrielles","potentialAction":[{"@type":"SearchAction","target":{"@type":"EntryPoint","urlTemplate":"https:\/\/www.metaflotech.com\/fr_fr\/?s={search_term_string}"},"query-input":{"@type":"PropertyValueSpecification","valueRequired":true,"valueName":"search_term_string"}}],"inLanguage":"fr-FR"}]}},"_links":{"self":[{"href":"https:\/\/www.metaflotech.com\/fr_fr\/wp-json\/wp\/v2\/pages\/120859","targetHints":{"allow":["GET"]}}],"collection":[{"href":"https:\/\/www.metaflotech.com\/fr_fr\/wp-json\/wp\/v2\/pages"}],"about":[{"href":"https:\/\/www.metaflotech.com\/fr_fr\/wp-json\/wp\/v2\/types\/page"}],"author":[{"embeddable":true,"href":"https:\/\/www.metaflotech.com\/fr_fr\/wp-json\/wp\/v2\/users\/1"}],"replies":[{"embeddable":true,"href":"https:\/\/www.metaflotech.com\/fr_fr\/wp-json\/wp\/v2\/comments?post=120859"}],"version-history":[{"count":0,"href":"https:\/\/www.metaflotech.com\/fr_fr\/wp-json\/wp\/v2\/pages\/120859\/revisions"}],"up":[{"embeddable":true,"href":"https:\/\/www.metaflotech.com\/fr_fr\/wp-json\/wp\/v2\/pages\/120582"}],"wp:attachment":[{"href":"https:\/\/www.metaflotech.com\/fr_fr\/wp-json\/wp\/v2\/media?parent=120859"}],"curies":[{"name":"wp","href":"https:\/\/api.w.org\/{rel}","templated":true}]}}