{"id":121146,"date":"2024-12-25T11:28:41","date_gmt":"2024-12-25T11:28:41","guid":{"rendered":"https:\/\/www.metaflotech.com\/?page_id=121146"},"modified":"2026-03-12T13:17:13","modified_gmt":"2026-03-12T13:17:13","slug":"services-publics-de-lenergie","status":"publish","type":"page","link":"https:\/\/www.metaflotech.com\/fr_fr\/industries\/energy-utilities\/","title":{"rendered":"HydroVac Slurry Solidification for Energy and Utilities"},"content":{"rendered":"<h1><strong>Services \u00e9nerg\u00e9tiques<\/strong><\/h1>\r\n\t\t\t\t<img decoding=\"async\" src=\"https:\/\/www.metaflotech.com\/wp-content\/uploads\/2025\/02\/Energy-Utilities-1.svg\" alt=\"Services publics de l&#039;\u00e9nergie 1\" itemprop=\"image\" height=\"1088\" width=\"1532\" title=\"Services publics de l&#039;\u00e9nergie 1\" onerror=\"this.style.display='none'\" loading='lazy' \/>\r\n<h2>\r\n\t\t\tD\u00e9fis\t<\/h2>\r\n\t<p><strong>Les services publics de l'\u00e9nergie ont besoin d'une m\u00e9thode s\u00fbre pour d\u00e9couvrir les infrastructures souterraines (c\u00e2bles, tuyaux, conduites, etc.), les camions HydroVac \u00e9tant la solution la plus courante. <\/strong><\/p>\r\n<p>Toutefois, leur utilisation et l'\u00e9limination des d\u00e9chets liquides qui s'ensuit posent plusieurs d\u00e9fis dans les domaines de l'environnement, de la logistique, de l'exploitation et de la conformit\u00e9. Des flottes de ces camions sont utilis\u00e9es chaque jour pour assurer la maintenance de cette ressource essentielle.<\/p>\r\n\t<h3><b>Risque de contamination<br \/>\r\n<\/b><\/h3>\r\n\t<p>Le lisier d'hydrovac contient souvent un m\u00e9lange de terre, d'eau et de substances potentiellement nocives telles que des hydrocarbures, des sels ou des m\u00e9taux lourds. Une \u00e9limination incorrecte peut contaminer le sol et les sources d'eau.<\/p>\r\n\t<h3><strong>Transport<br \/>\r\n<\/strong><\/h3>\r\n\t\t\t <h4>Les boues liquides sont lourdes et volumineuses, ce qui entra\u00eene une augmentation des co\u00fbts de carburant et de l'usure des v\u00e9hicules et des routes lors du transport vers les sites d'\u00e9limination.<\/h4>\r\n\t\t\t <h4>Les risques de d\u00e9versement pendant le transport peuvent entra\u00eener des dommages environnementaux et des co\u00fbts de nettoyage.<\/h4>\r\n\t<h3><strong>Disponibilit\u00e9 limit\u00e9e des sites d'\u00e9limination<br \/>\r\n<\/strong><\/h3>\r\n\t\t\t <h4>De nombreuses r\u00e9gions manquent d'installations \u00e9quip\u00e9es pour traiter le lisier hydrovac, ce qui allonge les distances de transport et augmente les co\u00fbts d'exploitation.<\/h4>\r\n\t<h3><strong>Contraintes de stockage\r\n<\/strong><\/h3>\r\n\t\t\t <h4>Le stockage des d\u00e9chets liquides sur le site n\u00e9cessite des r\u00e9servoirs ou des syst\u00e8mes de confinement, ce qui n'est pas toujours possible dans les zones confin\u00e9es ou urbaines.<\/h4>\r\n\t\t\t\t<img decoding=\"async\" src=\"https:\/\/www.metaflotech.com\/wp-content\/uploads\/2025\/02\/Energy-Utilities-2.svg\" alt=\"Services publics de l&#039;\u00e9nergie 2\" itemprop=\"image\" height=\"1860\" width=\"1712\" title=\"Services publics de l&#039;\u00e9nergie 2\" onerror=\"this.style.display='none'\" loading='lazy' \/>\r\n\t\t\t\t<img decoding=\"async\" src=\"https:\/\/www.metaflotech.com\/wp-content\/uploads\/2025\/02\/Energy-Utilities-2.svg\" alt=\"Services publics de l&#039;\u00e9nergie 2\" itemprop=\"image\" height=\"1860\" width=\"1712\" title=\"Services publics de l&#039;\u00e9nergie 2\" onerror=\"this.style.display='none'\" loading='lazy' \/>\r\n\t<h3><strong>Retards dans l'\u00e9limination des d\u00e9chets<br \/>\r\n<\/strong><\/h3>\r\n\t\t\t <h4>Les retards dans les installations d'\u00e9limination dus \u00e0 des volumes \u00e9lev\u00e9s ou \u00e0 des arri\u00e9r\u00e9s de traitement peuvent ralentir les d\u00e9lais des projets, r\u00e9duisant ainsi l'efficacit\u00e9 globale.<\/h4>\r\n\t\t\t <h4>Les camions hydrovac doivent \u00eatre vid\u00e9s fr\u00e9quemment, ce qui r\u00e9duit leur disponibilit\u00e9.<\/h4>\r\n\t<h3><strong>R\u00e8glement sur l'\u00e9limination des d\u00e9chets<br \/>\r\n<\/strong><\/h3>\r\n\t\t\t <h4>Des r\u00e9glementations strictes r\u00e9gissent l'\u00e9limination des d\u00e9chets d'hydrovac, exigeant un traitement ou une solidification appropri\u00e9s. Le non-respect de ces r\u00e8gles peut entra\u00eener des amendes et des poursuites judiciaires.<\/h4>\t\t\r\n\t<h2>\r\n\t\t\tSolution MetaFLO\t<\/h2>\r\n\t\t\t <h4>Des r\u00e9actifs de solidification et des biopolym\u00e8res non toxiques et inertes* solidifient la boue sur place en quelques minutes.<\/h4>\t\t\r\n\t\t\t <h4>Les d\u00e9chets solidifi\u00e9s peuvent passer le test du filtre \u00e0 peinture (PFT) et le test d'affaissement.<\/h4>\t\t\r\n\t\t\t <h4>Les co\u00fbts de transport et d'\u00e9limination sont r\u00e9duits tout en am\u00e9liorant la s\u00e9curit\u00e9 et la conformit\u00e9 r\u00e9glementaire.<\/h4>\t\t\r\n\t<p><em>*La classification des produits peut varier d'une juridiction \u00e0 l'autre dans les diff\u00e9rents pays.<\/em><\/p>\r\n\t\t\t\t<img decoding=\"async\" src=\"https:\/\/www.metaflotech.com\/wp-content\/uploads\/2024\/10\/Reagents-Hero.png\" alt=\"R\u00e9actifs Hero\" itemprop=\"image\" height=\"449\" width=\"800\" onerror=\"this.style.display='none'\" loading='lazy' \/>\r\n\t\t\t\t<a href=\"https:\/\/www.metaflotech.com\/fr_fr\/produits\/reactifs-de-solidification\/mf003\/\"  target=\"_blank\" rel=\"noopener\"  itemprop=\"url\">\r\n\t\t\t\t<img decoding=\"async\" src=\"https:\/\/www.metaflotech.com\/wp-content\/uploads\/2024\/03\/Logo-MF003.svg\" alt=\"Logo MF003\" itemprop=\"image\" height=\"100\" width=\"100\" title=\"Logo MF003\" onerror=\"this.style.display='none'\" loading='lazy' \/>\r\n\t\t\t\t<\/a>\r\n\t\t\t\t<a href=\"https:\/\/www.metaflotech.com\/fr_fr\/produits\/reactifs-de-solidification\/mf006\/\"  target=\"_blank\" rel=\"noopener\"  itemprop=\"url\">\r\n\t\t\t\t<img decoding=\"async\" src=\"https:\/\/www.metaflotech.com\/wp-content\/uploads\/2024\/03\/Logo-MF006.svg\" alt=\"Logo MF006\" itemprop=\"image\" height=\"100\" width=\"100\" title=\"Logo MF006\" onerror=\"this.style.display='none'\" loading='lazy' \/>\r\n\t\t\t\t<\/a>\r\n\t\t\t\t<img decoding=\"async\" src=\"https:\/\/www.metaflotech.com\/wp-content\/uploads\/2025\/02\/Energy-Utilities-4.svg\" alt=\"Services publics de l&#039;\u00e9nergie 4\" itemprop=\"image\" height=\"847\" width=\"3838\" title=\"Services publics de l&#039;\u00e9nergie 4\" onerror=\"this.style.display='none'\" loading='lazy' \/>\r\n\t\t\t\t<img decoding=\"async\" src=\"https:\/\/www.metaflotech.com\/wp-content\/uploads\/2024\/10\/icon-transport-w.png\" alt=\"ic\u00f4ne transport w\" itemprop=\"image\" height=\"311\" width=\"311\" title=\"ic\u00f4ne transport w\" onerror=\"this.style.display='none'\" loading='lazy' \/>\r\n\t<h3><b>R\u00e9duire consid\u00e9rablement les co\u00fbts de transport<\/b><\/h3>\r\n\t\t\t\t<img decoding=\"async\" src=\"https:\/\/www.metaflotech.com\/wp-content\/uploads\/2024\/10\/icon-ecology-w.png\" alt=\"ic\u00f4ne \u00e9cologie w\" itemprop=\"image\" height=\"311\" width=\"311\" title=\"ic\u00f4ne \u00e9cologie w\" onerror=\"this.style.display='none'\" loading='lazy' \/>\r\n\t<h3><b>Minimiser les risques pour l'environnement et la s\u00e9curit\u00e9<\/b><\/h3>\r\n\t\t\t\t<img decoding=\"async\" src=\"https:\/\/www.metaflotech.com\/wp-content\/uploads\/2024\/10\/icon-savings-w.png\" alt=\"ic\u00f4ne \u00e9pargne w\" itemprop=\"image\" height=\"311\" width=\"311\" title=\"ic\u00f4ne \u00e9pargne w\" onerror=\"this.style.display='none'\" loading='lazy' \/>\r\n\t<h3><b>Gestion durable et efficace des d\u00e9chets<\/b><\/h3>","protected":false},"excerpt":{"rendered":"<p>Energy Utilities Challenges Energy utilities require a safe method to uncover underground infrastructure (cables, pipes, conduits, etc.), with HydroVac trucks being the most common solution. However, their use and the subsequent disposal of liquid waste present several challenges across environmental, logistical, operational, and compliance domains. Fleets of these trucks are used every day to support&hellip;<\/p>","protected":false},"author":1,"featured_media":0,"parent":120582,"menu_order":0,"comment_status":"closed","ping_status":"closed","template":"","meta":{"_acf_changed":false,"inline_featured_image":false,"footnotes":""},"class_list":["post-121146","page","type-page","status-publish","hentry"],"acf":[],"yoast_head":"<!-- This site is optimized with the Yoast SEO plugin v27.5 - https:\/\/yoast.com\/product\/yoast-seo-wordpress\/ -->\n<title>HydroVac Slurry Solidification for Energy and Utilities | MetaFLO Technologies<\/title>\n<meta name=\"description\" content=\"MetaFLO solidification reagents rapidly treat hydrovac slurry on-site, reducing hauling, disposal costs and environmental risks.\" \/>\n<meta name=\"robots\" content=\"index, follow, max-snippet:-1, max-image-preview:large, max-video-preview:-1\" \/>\n<link rel=\"canonical\" href=\"https:\/\/www.metaflotech.com\/fr_fr\/secteurs-dactivite\/services-publics-de-lenergie\/\" \/>\n<meta property=\"og:locale\" content=\"fr_FR\" \/>\n<meta property=\"og:type\" content=\"article\" \/>\n<meta property=\"og:title\" content=\"HydroVac Slurry Solidification for Energy and Utilities | MetaFLO Technologies\" \/>\n<meta property=\"og:description\" content=\"MetaFLO solidification reagents rapidly treat hydrovac slurry on-site, reducing hauling, disposal costs and environmental risks.\" \/>\n<meta property=\"og:url\" content=\"https:\/\/www.metaflotech.com\/fr_fr\/secteurs-dactivite\/services-publics-de-lenergie\/\" \/>\n<meta property=\"og:site_name\" content=\"MetaFLO Technologies\" \/>\n<meta property=\"article:publisher\" content=\"https:\/\/www.facebook.com\/MetaFLOTechnologies\/\" \/>\n<meta property=\"article:modified_time\" content=\"2026-03-12T13:17:13+00:00\" \/>\n<meta property=\"og:image\" content=\"https:\/\/www.metaflotech.com\/wp-content\/uploads\/2025\/02\/Energy-Utilities-1.svg\" \/>\n<meta name=\"twitter:card\" content=\"summary_large_image\" \/>\n<meta name=\"twitter:site\" content=\"@metaflo\" \/>\n<meta name=\"twitter:label1\" content=\"Dur\u00e9e de lecture estim\u00e9e\" \/>\n\t<meta name=\"twitter:data1\" content=\"4 minutes\" \/>\n<script type=\"application\/ld+json\" class=\"yoast-schema-graph\">{\"@context\":\"https:\\\/\\\/schema.org\",\"@graph\":[{\"@type\":\"WebPage\",\"@id\":\"https:\\\/\\\/www.metaflotech.com\\\/fr_fr\\\/industries\\\/energy-utilities\\\/\",\"url\":\"https:\\\/\\\/www.metaflotech.com\\\/fr_fr\\\/industries\\\/energy-utilities\\\/\",\"name\":\"HydroVac Slurry Solidification for Energy and Utilities | MetaFLO Technologies\",\"isPartOf\":{\"@id\":\"https:\\\/\\\/www.metaflotech.com\\\/fr_fr\\\/#website\"},\"primaryImageOfPage\":{\"@id\":\"https:\\\/\\\/www.metaflotech.com\\\/fr_fr\\\/industries\\\/energy-utilities\\\/#primaryimage\"},\"image\":{\"@id\":\"https:\\\/\\\/www.metaflotech.com\\\/fr_fr\\\/industries\\\/energy-utilities\\\/#primaryimage\"},\"thumbnailUrl\":\"https:\\\/\\\/www.metaflotech.com\\\/wp-content\\\/uploads\\\/2025\\\/02\\\/Energy-Utilities-1.svg\",\"datePublished\":\"2024-12-25T11:28:41+00:00\",\"dateModified\":\"2026-03-12T13:17:13+00:00\",\"description\":\"MetaFLO solidification reagents rapidly treat hydrovac slurry on-site, reducing hauling, disposal costs and environmental risks.\",\"breadcrumb\":{\"@id\":\"https:\\\/\\\/www.metaflotech.com\\\/fr_fr\\\/industries\\\/energy-utilities\\\/#breadcrumb\"},\"inLanguage\":\"fr-FR\",\"potentialAction\":[{\"@type\":\"ReadAction\",\"target\":[\"https:\\\/\\\/www.metaflotech.com\\\/fr_fr\\\/industries\\\/energy-utilities\\\/\"]}]},{\"@type\":\"ImageObject\",\"inLanguage\":\"fr-FR\",\"@id\":\"https:\\\/\\\/www.metaflotech.com\\\/fr_fr\\\/industries\\\/energy-utilities\\\/#primaryimage\",\"url\":\"https:\\\/\\\/www.metaflotech.com\\\/wp-content\\\/uploads\\\/2025\\\/02\\\/Energy-Utilities-1.svg\",\"contentUrl\":\"https:\\\/\\\/www.metaflotech.com\\\/wp-content\\\/uploads\\\/2025\\\/02\\\/Energy-Utilities-1.svg\"},{\"@type\":\"BreadcrumbList\",\"@id\":\"https:\\\/\\\/www.metaflotech.com\\\/fr_fr\\\/industries\\\/energy-utilities\\\/#breadcrumb\",\"itemListElement\":[{\"@type\":\"ListItem\",\"position\":1,\"name\":\"Home\",\"item\":\"https:\\\/\\\/www.metaflotech.com\\\/\"},{\"@type\":\"ListItem\",\"position\":2,\"name\":\"Industries\",\"item\":\"https:\\\/\\\/www.metaflotech.com\\\/industries\\\/\"},{\"@type\":\"ListItem\",\"position\":3,\"name\":\"HydroVac Slurry Solidification for Energy and Utilities\"}]},{\"@type\":\"WebSite\",\"@id\":\"https:\\\/\\\/www.metaflotech.com\\\/fr_fr\\\/#website\",\"url\":\"https:\\\/\\\/www.metaflotech.com\\\/fr_fr\\\/\",\"name\":\"MetaFLO Technologies\",\"description\":\"Engineered Polymer Solutions For Industrial Applications\",\"potentialAction\":[{\"@type\":\"SearchAction\",\"target\":{\"@type\":\"EntryPoint\",\"urlTemplate\":\"https:\\\/\\\/www.metaflotech.com\\\/fr_fr\\\/?s={search_term_string}\"},\"query-input\":{\"@type\":\"PropertyValueSpecification\",\"valueRequired\":true,\"valueName\":\"search_term_string\"}}],\"inLanguage\":\"fr-FR\"}]}<\/script>\n<!-- \/ Yoast SEO plugin. -->","yoast_head_json":{"title":"HydroVac Slurry Solidification for Energy and Utilities | MetaFLO Technologies","description":"MetaFLO solidification reagents rapidly treat hydrovac slurry on-site, reducing hauling, disposal costs and environmental risks.","robots":{"index":"index","follow":"follow","max-snippet":"max-snippet:-1","max-image-preview":"max-image-preview:large","max-video-preview":"max-video-preview:-1"},"canonical":"https:\/\/www.metaflotech.com\/fr_fr\/secteurs-dactivite\/services-publics-de-lenergie\/","og_locale":"fr_FR","og_type":"article","og_title":"HydroVac Slurry Solidification for Energy and Utilities | MetaFLO Technologies","og_description":"MetaFLO solidification reagents rapidly treat hydrovac slurry on-site, reducing hauling, disposal costs and environmental risks.","og_url":"https:\/\/www.metaflotech.com\/fr_fr\/secteurs-dactivite\/services-publics-de-lenergie\/","og_site_name":"MetaFLO Technologies","article_publisher":"https:\/\/www.facebook.com\/MetaFLOTechnologies\/","article_modified_time":"2026-03-12T13:17:13+00:00","og_image":[{"url":"https:\/\/www.metaflotech.com\/wp-content\/uploads\/2025\/02\/Energy-Utilities-1.svg","type":"","width":"","height":""}],"twitter_card":"summary_large_image","twitter_site":"@metaflo","twitter_misc":{"Dur\u00e9e de lecture estim\u00e9e":"4 minutes"},"schema":{"@context":"https:\/\/schema.org","@graph":[{"@type":"WebPage","@id":"https:\/\/www.metaflotech.com\/fr_fr\/industries\/energy-utilities\/","url":"https:\/\/www.metaflotech.com\/fr_fr\/industries\/energy-utilities\/","name":"HydroVac Slurry Solidification for Energy and Utilities | MetaFLO Technologies","isPartOf":{"@id":"https:\/\/www.metaflotech.com\/fr_fr\/#website"},"primaryImageOfPage":{"@id":"https:\/\/www.metaflotech.com\/fr_fr\/industries\/energy-utilities\/#primaryimage"},"image":{"@id":"https:\/\/www.metaflotech.com\/fr_fr\/industries\/energy-utilities\/#primaryimage"},"thumbnailUrl":"https:\/\/www.metaflotech.com\/wp-content\/uploads\/2025\/02\/Energy-Utilities-1.svg","datePublished":"2024-12-25T11:28:41+00:00","dateModified":"2026-03-12T13:17:13+00:00","description":"MetaFLO solidification reagents rapidly treat hydrovac slurry on-site, reducing hauling, disposal costs and environmental risks.","breadcrumb":{"@id":"https:\/\/www.metaflotech.com\/fr_fr\/industries\/energy-utilities\/#breadcrumb"},"inLanguage":"fr-FR","potentialAction":[{"@type":"ReadAction","target":["https:\/\/www.metaflotech.com\/fr_fr\/industries\/energy-utilities\/"]}]},{"@type":"ImageObject","inLanguage":"fr-FR","@id":"https:\/\/www.metaflotech.com\/fr_fr\/industries\/energy-utilities\/#primaryimage","url":"https:\/\/www.metaflotech.com\/wp-content\/uploads\/2025\/02\/Energy-Utilities-1.svg","contentUrl":"https:\/\/www.metaflotech.com\/wp-content\/uploads\/2025\/02\/Energy-Utilities-1.svg"},{"@type":"BreadcrumbList","@id":"https:\/\/www.metaflotech.com\/fr_fr\/industries\/energy-utilities\/#breadcrumb","itemListElement":[{"@type":"ListItem","position":1,"name":"Home","item":"https:\/\/www.metaflotech.com\/"},{"@type":"ListItem","position":2,"name":"Industries","item":"https:\/\/www.metaflotech.com\/industries\/"},{"@type":"ListItem","position":3,"name":"HydroVac Slurry Solidification for Energy and Utilities"}]},{"@type":"WebSite","@id":"https:\/\/www.metaflotech.com\/fr_fr\/#website","url":"https:\/\/www.metaflotech.com\/fr_fr\/","name":"MetaFLO Technologies","description":"Solutions d'ing\u00e9nierie en mati\u00e8re de polym\u00e8res pour les applications industrielles","potentialAction":[{"@type":"SearchAction","target":{"@type":"EntryPoint","urlTemplate":"https:\/\/www.metaflotech.com\/fr_fr\/?s={search_term_string}"},"query-input":{"@type":"PropertyValueSpecification","valueRequired":true,"valueName":"search_term_string"}}],"inLanguage":"fr-FR"}]}},"_links":{"self":[{"href":"https:\/\/www.metaflotech.com\/fr_fr\/wp-json\/wp\/v2\/pages\/121146","targetHints":{"allow":["GET"]}}],"collection":[{"href":"https:\/\/www.metaflotech.com\/fr_fr\/wp-json\/wp\/v2\/pages"}],"about":[{"href":"https:\/\/www.metaflotech.com\/fr_fr\/wp-json\/wp\/v2\/types\/page"}],"author":[{"embeddable":true,"href":"https:\/\/www.metaflotech.com\/fr_fr\/wp-json\/wp\/v2\/users\/1"}],"replies":[{"embeddable":true,"href":"https:\/\/www.metaflotech.com\/fr_fr\/wp-json\/wp\/v2\/comments?post=121146"}],"version-history":[{"count":0,"href":"https:\/\/www.metaflotech.com\/fr_fr\/wp-json\/wp\/v2\/pages\/121146\/revisions"}],"up":[{"embeddable":true,"href":"https:\/\/www.metaflotech.com\/fr_fr\/wp-json\/wp\/v2\/pages\/120582"}],"wp:attachment":[{"href":"https:\/\/www.metaflotech.com\/fr_fr\/wp-json\/wp\/v2\/media?parent=121146"}],"curies":[{"name":"wp","href":"https:\/\/api.w.org\/{rel}","templated":true}]}}