{"id":73455,"date":"2021-04-23T15:26:18","date_gmt":"2021-04-23T15:26:18","guid":{"rendered":"https:\/\/metaflotech.com\/?page_id=73455"},"modified":"2025-11-22T07:54:15","modified_gmt":"2025-11-22T07:54:15","slug":"quest-ce-que-le-reactif-de-solidification-metaflo","status":"publish","type":"page","link":"https:\/\/www.metaflotech.com\/fr_fr\/what-is-metaflo-solidification-reagent\/","title":{"rendered":"Qu'est-ce que MetaFLO ?"},"content":{"rendered":"<h1>\n\t\t\tQu'est-ce que MetaFLO ?\t<\/h1>\n<h2>\n\t\t\tR\u00e9actif de solidification\t<\/h2>\n<h3>\n\t\t\tTransformer les d\u00e9chets liquides en solides empilables\t<\/h3>\n\t\t<iframe loading=\"lazy\" width=\"560\" height=\"315\" src=\"https:\/\/www.youtube.com\/embed\/WlS27JOvtbg\" title=\"Understanding Solidification - MetaFLO Technologies\" frameborder=\"0\" allow=\"accelerometer; autoplay; clipboard-write; encrypted-media; gyroscope; picture-in-picture\" allowfullscreen><\/iframe>\t\n\t<p>Les r\u00e9actifs MetaFLO transforment les d\u00e9chets liquides en un solide empilable en temps r\u00e9el, tout en n'ajoutant qu'un minimum d'\u00e9nergie. <strong>1\/2 de 1% <\/strong>du volume de d\u00e9chets liquides. Gr\u00e2ce \u00e0 une chimie exclusive, les r\u00e9actifs MetaFLO remplacent de nombreuses alternatives courantes et plus co\u00fbteuses telles que le ciment Portland, la sciure de bois, la chaux, les cendres volantes et autres, vous offrant ainsi un moyen facile, rapide et respectueux de l'environnement de g\u00e9rer vos flux de d\u00e9chets liquides.<\/p>\n\t<p>MetaFLO&#8217;s proprietary reagent formula solidifies liquid waste in minutes while only increasing overall waste by &lt;1%, typically a lot lower, making it easier, more efficient and less costly to dispose.<\/p>\n<h3><strong>Pourquoi utiliser MetaFLO<\/strong><\/h3>\n<ul>\n<li>MetaFLO reagents are fast &#8211; Immediately converts liquid waste to a solid in minutes.<\/li>\n<li>MetaFLO reagents are easy &#8211; Creates a dry, stackable solid for easy handling.<\/li>\n<li>MetaFLO a un facteur de gonflement de seulement 100% et parfois &gt;200%.<\/li>\n<li>Les r\u00e9actifs MetaFLO sont plus respectueux de l'environnement que les amendements conventionnels.<\/li>\n<li>Aide les d\u00e9chets \u00e0 passer la proc\u00e9dure de lixiviation caract\u00e9ristique de la toxicit\u00e9 (m\u00e9thode EPA 1311).<\/li>\n<li>Aide les d\u00e9chets \u00e0 passer les crit\u00e8res du filtre \u00e0 peinture (EPA 9095).<\/li>\n<li>Ne se met pas en d\u00e9charge et ne se biod\u00e9grade pas.<\/li>\n<\/ul>\n<h3><strong>Une solution solide<\/strong><\/h3>\n<p>MetaFLO&#8217;s proprietary reagent chemistry, when combined with existing industry standard mechanical mixing technologies, turn liquid waste into a manageable solid in real-time, on site.<\/p>\n<h3><strong>Comment fonctionne MetaFLO ?<\/strong><\/h3>\n<p>MetaFLO reagents work in a variety of applications where liquid waste is produced from pipeline, infrastructure construction, boring, tunneling, micro-tunneling, hydro excavation and horizontal directional drilling (HDD). The reagents also work well in the solidification of municipal wastewater sediment and storm water settling pond sediment, liquid transfer station sludge and more. In a large-scale construction project, for example, we isolated the produced bored out slurry &#8211; a combination of mud, water and other sub-soil debris elements &#8211; and applied a minimal dose of MetaFLO&#8217;s reagent. The result? Within minutes you have solid, stackable material waste ready for disposal using conventional dump trucks that reduce costs and time required for disposal.<\/p>\n\t\t\t\t<img decoding=\"async\" src=\"https:\/\/www.metaflotech.com\/wp-content\/uploads\/2024\/12\/MetaFLO-reagent-directional-drilling-liquid-waste-solidification-EN.webp\" alt=\"MetaFLO reagent directional drilling liquid waste solidification - FR\" itemprop=\"image\" height=\"516\" width=\"1054\" title=\"MetaFLO reagent directional drilling liquid waste solidification - FR\" onerror=\"this.style.display='none'\" loading=\"lazy\" \/>\n\t\t\t\t<img decoding=\"async\" src=\"https:\/\/www.metaflotech.com\/wp-content\/uploads\/2024\/12\/MetaFLO-reagent-directional-drilling-liquid-waste-solidification-Steps-EN.webp\" alt=\"MetaFLO reagent directional drilling liquid waste solidification Steps - EN\" itemprop=\"image\" height=\"262\" width=\"1018\" title=\"MetaFLO reagent directional drilling liquid waste solidification Steps - EN\" onerror=\"this.style.display='none'\" loading=\"lazy\" \/>\n\t\t<iframe loading=\"lazy\" width=\"560\" height=\"315\" src=\"https:\/\/www.youtube.com\/embed\/K7BlhvqGN-E\" title=\"Patented Solidification Process Demonstration - MetaFLO Technologies\" frameborder=\"0\" allow=\"accelerometer; autoplay; clipboard-write; encrypted-media; gyroscope; picture-in-picture\" allowfullscreen><\/iframe>\t\n\t<h3><strong>Aussi simple que 1-2-3 :<\/strong><\/h3>\n<ol>\n<li>Les d\u00e9chets liquides ont \u00e9t\u00e9 collect\u00e9s dans un \u00e9tang, un r\u00e9servoir, etc.<\/li>\n<li>Ajout d'un r\u00e9actif de solidification<\/li>\n<li>Le liquide se solidifie en quelques minutes et est pr\u00eat \u00e0 \u00eatre \u00e9limin\u00e9.<\/li>\n<\/ol>\n\t<h1><strong>Nos r\u00e9actifs<\/strong><\/h1>\n<p>MetaFLO&#8217;s reagents turn industrial liquid waste streams into solids in minutes. By simply adding a minimal dosage of MetaFLO&#8217;s proprietary formulations to industrial liquid waste-from processes like HDD, drilling, boring, tunneling, micro-tunneling and hydro excavations-these reagents absorb excess water and immobilize any contaminants.<\/p>\n<p>All MetaFLO solidification products are environmentally safe, and are applied to help meet environmental solids criteria for wet spoils. The solidified material will also immobilize metals and hydrocarbons and can safely be transported to landfill directly from the generator site-or can be applied at liquid transfer stations prior to disposal.<\/p>\n<p>MetaFLO produit des r\u00e9actifs pour de nombreuses applications diff\u00e9rentes, et nous sommes \u00e9galement en mesure de concevoir un m\u00e9lange de r\u00e9actifs sp\u00e9cifiquement pour votre flux de d\u00e9chets. Contactez-nous pour plus d'informations.<\/p>\n\t\t\t\t<a href=\"https:\/\/www.metaflotech.com\/fr_fr\/quest-ce-que-le-reactif-de-solidification-metaflo\/\"  target=\"_self\" itemprop=\"url\">\n\t\t\t\t<img decoding=\"async\" src=\"https:\/\/www.metaflotech.com\/wp-content\/uploads\/2021\/03\/What-150px.png\" alt=\"Qu&#039;est-ce que MetaFLO ?\" itemprop=\"image\" height=\"150\" width=\"150\" title=\"Quoi-150px\" onerror=\"this.style.display='none'\" loading=\"lazy\" \/>\n\t\t\t\t<\/a>\n\t\t\t\t<a href=\"https:\/\/www.metaflotech.com\/fr_fr\/comment-fonctionne-metaflo\/\"  target=\"_self\" itemprop=\"url\">\n\t\t\t\t<img decoding=\"async\" src=\"https:\/\/www.metaflotech.com\/wp-content\/uploads\/2021\/03\/When-150px.png\" alt=\"Quand utiliser MetaFLO\" itemprop=\"image\" height=\"150\" width=\"150\" title=\"Quand-150px\" onerror=\"this.style.display='none'\" loading=\"lazy\" \/>\n\t\t\t\t<\/a>\n\t\t\t\t<a href=\"https:\/\/www.metaflotech.com\/fr_fr\/pourquoi-choisir-metaflo-pour-la-gestion-des-dechets-liquides\/\"  target=\"_self\" itemprop=\"url\">\n\t\t\t\t<img decoding=\"async\" src=\"https:\/\/www.metaflotech.com\/wp-content\/uploads\/2021\/03\/Why-150px.png\" alt=\"Pourquoi choisir MetaFLO\" itemprop=\"image\" height=\"150\" width=\"150\" title=\"Pourquoi-150px\" onerror=\"this.style.display='none'\" loading=\"lazy\" \/>\n\t\t\t\t<\/a>","protected":false},"excerpt":{"rendered":"<p>What is MetaFLO? Solidification reagent Turning liquid waste into stackable solid MetaFLO reagents turn liquid waste into a stackable solid in real time while adding only 1\/2 of 1% of the liquid waste volume. A proprietary reagent chemistry, MetaFLO reagents replace the need for many common and more costly alternatives like Portland cement, sawdust, lime,&hellip;<\/p>","protected":false},"author":1,"featured_media":0,"parent":0,"menu_order":0,"comment_status":"closed","ping_status":"closed","template":"","meta":{"_acf_changed":false,"inline_featured_image":false,"footnotes":""},"class_list":["post-73455","page","type-page","status-publish","hentry"],"acf":[],"yoast_head":"<!-- This site is optimized with the Yoast SEO plugin v27.4 - https:\/\/yoast.com\/product\/yoast-seo-wordpress\/ -->\n<title>What is MetaFLO | MetaFLO Technologies<\/title>\n<meta name=\"description\" content=\"MetaFLO solidification reagents for liquid waste create a stackable solid in real time. Easy liquid waste disposal.\" \/>\n<meta name=\"robots\" content=\"index, follow, max-snippet:-1, max-image-preview:large, max-video-preview:-1\" \/>\n<link rel=\"canonical\" href=\"https:\/\/www.metaflotech.com\/fr_fr\/quest-ce-que-le-reactif-de-solidification-metaflo\/\" \/>\n<meta property=\"og:locale\" content=\"fr_FR\" \/>\n<meta property=\"og:type\" content=\"article\" \/>\n<meta property=\"og:title\" content=\"What is MetaFLO | MetaFLO Technologies\" \/>\n<meta property=\"og:description\" content=\"MetaFLO solidification reagents for liquid waste create a stackable solid in real time. Easy liquid waste disposal.\" \/>\n<meta property=\"og:url\" content=\"https:\/\/www.metaflotech.com\/fr_fr\/quest-ce-que-le-reactif-de-solidification-metaflo\/\" \/>\n<meta property=\"og:site_name\" content=\"MetaFLO Technologies\" \/>\n<meta property=\"article:publisher\" content=\"https:\/\/www.facebook.com\/MetaFLOTechnologies\/\" \/>\n<meta property=\"article:modified_time\" content=\"2025-11-22T07:54:15+00:00\" \/>\n<meta property=\"og:image\" content=\"https:\/\/www.metaflotech.com\/wp-content\/uploads\/2024\/12\/MetaFLO-reagent-directional-drilling-liquid-waste-solidification-EN.webp\" \/>\n<meta name=\"twitter:card\" content=\"summary_large_image\" \/>\n<meta name=\"twitter:site\" content=\"@metaflo\" \/>\n<meta name=\"twitter:label1\" content=\"Dur\u00e9e de lecture estim\u00e9e\" \/>\n\t<meta name=\"twitter:data1\" content=\"3 minutes\" \/>\n<script type=\"application\/ld+json\" class=\"yoast-schema-graph\">{\"@context\":\"https:\\\/\\\/schema.org\",\"@graph\":[{\"@type\":\"WebPage\",\"@id\":\"https:\\\/\\\/www.metaflotech.com\\\/fr_fr\\\/what-is-metaflo-solidification-reagent\\\/\",\"url\":\"https:\\\/\\\/www.metaflotech.com\\\/fr_fr\\\/what-is-metaflo-solidification-reagent\\\/\",\"name\":\"What is MetaFLO | MetaFLO Technologies\",\"isPartOf\":{\"@id\":\"https:\\\/\\\/www.metaflotech.com\\\/fr_fr\\\/#website\"},\"primaryImageOfPage\":{\"@id\":\"https:\\\/\\\/www.metaflotech.com\\\/fr_fr\\\/what-is-metaflo-solidification-reagent\\\/#primaryimage\"},\"image\":{\"@id\":\"https:\\\/\\\/www.metaflotech.com\\\/fr_fr\\\/what-is-metaflo-solidification-reagent\\\/#primaryimage\"},\"thumbnailUrl\":\"https:\\\/\\\/www.metaflotech.com\\\/wp-content\\\/uploads\\\/2024\\\/12\\\/MetaFLO-reagent-directional-drilling-liquid-waste-solidification-EN.webp\",\"datePublished\":\"2021-04-23T15:26:18+00:00\",\"dateModified\":\"2025-11-22T07:54:15+00:00\",\"description\":\"MetaFLO solidification reagents for liquid waste create a stackable solid in real time. Easy liquid waste disposal.\",\"breadcrumb\":{\"@id\":\"https:\\\/\\\/www.metaflotech.com\\\/fr_fr\\\/what-is-metaflo-solidification-reagent\\\/#breadcrumb\"},\"inLanguage\":\"fr-FR\",\"potentialAction\":[{\"@type\":\"ReadAction\",\"target\":[\"https:\\\/\\\/www.metaflotech.com\\\/fr_fr\\\/what-is-metaflo-solidification-reagent\\\/\"]}]},{\"@type\":\"ImageObject\",\"inLanguage\":\"fr-FR\",\"@id\":\"https:\\\/\\\/www.metaflotech.com\\\/fr_fr\\\/what-is-metaflo-solidification-reagent\\\/#primaryimage\",\"url\":\"https:\\\/\\\/www.metaflotech.com\\\/wp-content\\\/uploads\\\/2024\\\/12\\\/MetaFLO-reagent-directional-drilling-liquid-waste-solidification-EN.webp\",\"contentUrl\":\"https:\\\/\\\/www.metaflotech.com\\\/wp-content\\\/uploads\\\/2024\\\/12\\\/MetaFLO-reagent-directional-drilling-liquid-waste-solidification-EN.webp\"},{\"@type\":\"BreadcrumbList\",\"@id\":\"https:\\\/\\\/www.metaflotech.com\\\/fr_fr\\\/what-is-metaflo-solidification-reagent\\\/#breadcrumb\",\"itemListElement\":[{\"@type\":\"ListItem\",\"position\":1,\"name\":\"Home\",\"item\":\"https:\\\/\\\/www.metaflotech.com\\\/\"},{\"@type\":\"ListItem\",\"position\":2,\"name\":\"What is MetaFLO\"}]},{\"@type\":\"WebSite\",\"@id\":\"https:\\\/\\\/www.metaflotech.com\\\/fr_fr\\\/#website\",\"url\":\"https:\\\/\\\/www.metaflotech.com\\\/fr_fr\\\/\",\"name\":\"MetaFLO Technologies\",\"description\":\"Engineered Polymer Solutions For Industrial Applications\",\"potentialAction\":[{\"@type\":\"SearchAction\",\"target\":{\"@type\":\"EntryPoint\",\"urlTemplate\":\"https:\\\/\\\/www.metaflotech.com\\\/fr_fr\\\/?s={search_term_string}\"},\"query-input\":{\"@type\":\"PropertyValueSpecification\",\"valueRequired\":true,\"valueName\":\"search_term_string\"}}],\"inLanguage\":\"fr-FR\"}]}<\/script>\n<!-- \/ Yoast SEO plugin. -->","yoast_head_json":{"title":"What is MetaFLO | MetaFLO Technologies","description":"Les r\u00e9actifs de solidification MetaFLO pour les d\u00e9chets liquides cr\u00e9ent un solide empilable en temps r\u00e9el. \u00c9limination facile des d\u00e9chets liquides.","robots":{"index":"index","follow":"follow","max-snippet":"max-snippet:-1","max-image-preview":"max-image-preview:large","max-video-preview":"max-video-preview:-1"},"canonical":"https:\/\/www.metaflotech.com\/fr_fr\/quest-ce-que-le-reactif-de-solidification-metaflo\/","og_locale":"fr_FR","og_type":"article","og_title":"What is MetaFLO | MetaFLO Technologies","og_description":"MetaFLO solidification reagents for liquid waste create a stackable solid in real time. Easy liquid waste disposal.","og_url":"https:\/\/www.metaflotech.com\/fr_fr\/quest-ce-que-le-reactif-de-solidification-metaflo\/","og_site_name":"MetaFLO Technologies","article_publisher":"https:\/\/www.facebook.com\/MetaFLOTechnologies\/","article_modified_time":"2025-11-22T07:54:15+00:00","og_image":[{"url":"https:\/\/www.metaflotech.com\/wp-content\/uploads\/2024\/12\/MetaFLO-reagent-directional-drilling-liquid-waste-solidification-EN.webp","type":"","width":"","height":""}],"twitter_card":"summary_large_image","twitter_site":"@metaflo","twitter_misc":{"Dur\u00e9e de lecture estim\u00e9e":"3 minutes"},"schema":{"@context":"https:\/\/schema.org","@graph":[{"@type":"WebPage","@id":"https:\/\/www.metaflotech.com\/fr_fr\/what-is-metaflo-solidification-reagent\/","url":"https:\/\/www.metaflotech.com\/fr_fr\/what-is-metaflo-solidification-reagent\/","name":"What is MetaFLO | MetaFLO Technologies","isPartOf":{"@id":"https:\/\/www.metaflotech.com\/fr_fr\/#website"},"primaryImageOfPage":{"@id":"https:\/\/www.metaflotech.com\/fr_fr\/what-is-metaflo-solidification-reagent\/#primaryimage"},"image":{"@id":"https:\/\/www.metaflotech.com\/fr_fr\/what-is-metaflo-solidification-reagent\/#primaryimage"},"thumbnailUrl":"https:\/\/www.metaflotech.com\/wp-content\/uploads\/2024\/12\/MetaFLO-reagent-directional-drilling-liquid-waste-solidification-EN.webp","datePublished":"2021-04-23T15:26:18+00:00","dateModified":"2025-11-22T07:54:15+00:00","description":"Les r\u00e9actifs de solidification MetaFLO pour les d\u00e9chets liquides cr\u00e9ent un solide empilable en temps r\u00e9el. \u00c9limination facile des d\u00e9chets liquides.","breadcrumb":{"@id":"https:\/\/www.metaflotech.com\/fr_fr\/what-is-metaflo-solidification-reagent\/#breadcrumb"},"inLanguage":"fr-FR","potentialAction":[{"@type":"ReadAction","target":["https:\/\/www.metaflotech.com\/fr_fr\/what-is-metaflo-solidification-reagent\/"]}]},{"@type":"ImageObject","inLanguage":"fr-FR","@id":"https:\/\/www.metaflotech.com\/fr_fr\/what-is-metaflo-solidification-reagent\/#primaryimage","url":"https:\/\/www.metaflotech.com\/wp-content\/uploads\/2024\/12\/MetaFLO-reagent-directional-drilling-liquid-waste-solidification-EN.webp","contentUrl":"https:\/\/www.metaflotech.com\/wp-content\/uploads\/2024\/12\/MetaFLO-reagent-directional-drilling-liquid-waste-solidification-EN.webp"},{"@type":"BreadcrumbList","@id":"https:\/\/www.metaflotech.com\/fr_fr\/what-is-metaflo-solidification-reagent\/#breadcrumb","itemListElement":[{"@type":"ListItem","position":1,"name":"Home","item":"https:\/\/www.metaflotech.com\/"},{"@type":"ListItem","position":2,"name":"What is MetaFLO"}]},{"@type":"WebSite","@id":"https:\/\/www.metaflotech.com\/fr_fr\/#website","url":"https:\/\/www.metaflotech.com\/fr_fr\/","name":"MetaFLO Technologies","description":"Solutions d'ing\u00e9nierie en mati\u00e8re de polym\u00e8res pour les applications industrielles","potentialAction":[{"@type":"SearchAction","target":{"@type":"EntryPoint","urlTemplate":"https:\/\/www.metaflotech.com\/fr_fr\/?s={search_term_string}"},"query-input":{"@type":"PropertyValueSpecification","valueRequired":true,"valueName":"search_term_string"}}],"inLanguage":"fr-FR"}]}},"_links":{"self":[{"href":"https:\/\/www.metaflotech.com\/fr_fr\/wp-json\/wp\/v2\/pages\/73455","targetHints":{"allow":["GET"]}}],"collection":[{"href":"https:\/\/www.metaflotech.com\/fr_fr\/wp-json\/wp\/v2\/pages"}],"about":[{"href":"https:\/\/www.metaflotech.com\/fr_fr\/wp-json\/wp\/v2\/types\/page"}],"author":[{"embeddable":true,"href":"https:\/\/www.metaflotech.com\/fr_fr\/wp-json\/wp\/v2\/users\/1"}],"replies":[{"embeddable":true,"href":"https:\/\/www.metaflotech.com\/fr_fr\/wp-json\/wp\/v2\/comments?post=73455"}],"version-history":[{"count":0,"href":"https:\/\/www.metaflotech.com\/fr_fr\/wp-json\/wp\/v2\/pages\/73455\/revisions"}],"wp:attachment":[{"href":"https:\/\/www.metaflotech.com\/fr_fr\/wp-json\/wp\/v2\/media?parent=73455"}],"curies":[{"name":"wp","href":"https:\/\/api.w.org\/{rel}","templated":true}]}}