{"id":73499,"date":"2021-04-26T16:11:16","date_gmt":"2021-04-26T16:11:16","guid":{"rendered":"https:\/\/metaflotech.com\/?page_id=73499"},"modified":"2025-07-09T05:02:35","modified_gmt":"2025-07-09T05:02:35","slug":"applications","status":"publish","type":"page","link":"https:\/\/www.metaflotech.com\/fr_fr\/applications\/","title":{"rendered":"Applications"},"content":{"rendered":"<h1>\n\t\t\tApplications\t<\/h1>\n\t<h3><a href=\"https:\/\/www.metaflotech.com\/fr_fr\/applications\/creusement-de-tunnels\/\"><strong>Tunnels<\/strong><\/a><\/h3>\n<h4>Innovation dans la gestion des d\u00e9blais des tunnels<\/h4>\n<hr \/>\n<h3><a href=\"https:\/\/www.metaflotech.com\/fr_fr\/applications\/excavations-hydrauliques\/\"><strong>Hydro Excavations<\/strong><\/a><\/h3>\n<h4>Innovation dans l'\u00e9limination des semi-solides \u00e0 base d'eau<\/h4>\n<hr \/>\n<h3><a href=\"https:\/\/www.metaflotech.com\/fr_fr\/applications\/forage-horizontal-directionnel\/\"><strong>Forage horizontal directionnel<\/strong><\/a><\/h3>\n<h4>Innovation dans l'\u00e9limination des fluides \u00e0 base d'eau<\/h4>\n<hr \/>\n<h3><a href=\"https:\/\/www.metaflotech.com\/fr_fr\/applications\/bassins-deaux-pluviales-et-deaux-usees\/\"><strong>Bassins d'eaux pluviales et d'eaux us\u00e9es<\/strong><\/a><\/h3>\n<h4>Innovation dans la gestion des eaux pluviales et des bassins de s\u00e9dimentation<\/h4>\n<hr \/>\n<h3><a href=\"https:\/\/www.metaflotech.com\/fr_fr\/applications\/stabilisation-des-sols\/\"><strong>Stabilisation des sols<\/strong><\/a><\/h3>\n<h4>Stabilisation des sols innovante, durable et rentable<\/h4>\n\t<h3><a href=\"https:\/\/www.metaflotech.com\/fr_fr\/applications\/suppression-des-poussieres\/\"><strong>Suppression des poussi\u00e8res<\/strong><\/a><\/h3>\n<h4>D\u00e9poussi\u00e9rage efficace et \u00e9conome en eau<\/h4>\n<hr \/>\n<h3><a href=\"https:\/\/www.metaflotech.com\/fr_fr\/applications\/extraction-de-lor-et-reduction-du-cyanure\/\"><strong>Extraction de l'or et r\u00e9duction du cyanure<\/strong><\/a><\/h3>\n<h4>Extraction am\u00e9lior\u00e9e des min\u00e9raux pr\u00e9cieux<\/h4>\n<hr \/>\n<h3><a href=\"https:\/\/www.metaflotech.com\/fr_fr\/applications\/contaminated-water-and-soil-remediation\/\"><strong>Traitement des eaux contamin\u00e9es<\/strong><\/a><\/h3>\n<h4>L'assainissement avanc\u00e9 en toute simplicit\u00e9<\/h4>\n<hr \/>\n<h3><a href=\"https:\/\/www.metaflotech.com\/fr_fr\/applications\/liants-cimentaires\/\"><strong>Liants cimentaires<\/strong><\/a><\/h3>\n<h4>Pour la fabrication de briques, de blocs et de pav\u00e9s<\/h4>\n\t<style>\n    h3 a:hover {\n       color: #F36C21;\n    }\n<\/style>","protected":false},"excerpt":{"rendered":"<p>Applications Tunneling Innovation In Tunnel Spoils Management Hydro Excavations Innovation In Water-Based Semi-Solids Disposal Horizontal Directional Drilling Innovation In Water-Based Fluid Disposal Stormwater\/Wastewater Ponds Innovation In Stormwater And Sediment Pond Management Soil Stabilization Innovative, Sustainable And Cost-Effective Soil Stabilization Dust Suppression Effective and Water-Saving Dust Suppression Gold Extraction &amp; Cyanide Reduction Enhanced Extraction For Precious&hellip;<\/p>","protected":false},"author":1,"featured_media":0,"parent":0,"menu_order":0,"comment_status":"closed","ping_status":"closed","template":"","meta":{"_acf_changed":false,"inline_featured_image":false,"footnotes":""},"class_list":["post-73499","page","type-page","status-publish","hentry"],"acf":[],"yoast_head":"<!-- This site is optimized with the Yoast SEO plugin v27.6 - https:\/\/yoast.com\/product\/yoast-seo-wordpress\/ -->\n<title>Applications | MetaFLO Technologies<\/title>\n<meta name=\"description\" content=\"MetaFLO solidification reagents are ideal for any industry or application that generates and removes liquid waste.\" \/>\n<meta name=\"robots\" content=\"index, follow, max-snippet:-1, max-image-preview:large, max-video-preview:-1\" \/>\n<link rel=\"canonical\" href=\"https:\/\/www.metaflotech.com\/fr_fr\/applications\/\" \/>\n<meta property=\"og:locale\" content=\"fr_FR\" \/>\n<meta property=\"og:type\" content=\"article\" \/>\n<meta property=\"og:title\" content=\"Applications | MetaFLO Technologies\" \/>\n<meta property=\"og:description\" content=\"MetaFLO solidification reagents are ideal for any industry or application that generates and removes liquid waste.\" \/>\n<meta property=\"og:url\" content=\"https:\/\/www.metaflotech.com\/fr_fr\/applications\/\" \/>\n<meta property=\"og:site_name\" content=\"MetaFLO Technologies\" \/>\n<meta property=\"article:publisher\" content=\"https:\/\/www.facebook.com\/MetaFLOTechnologies\/\" \/>\n<meta property=\"article:modified_time\" content=\"2025-07-09T05:02:35+00:00\" \/>\n<meta name=\"twitter:card\" content=\"summary_large_image\" \/>\n<meta name=\"twitter:site\" content=\"@metaflo\" \/>\n<meta name=\"twitter:label1\" content=\"Dur\u00e9e de lecture estim\u00e9e\" \/>\n\t<meta name=\"twitter:data1\" content=\"1 minute\" \/>\n<script type=\"application\/ld+json\" class=\"yoast-schema-graph\">{\"@context\":\"https:\\\/\\\/schema.org\",\"@graph\":[{\"@type\":\"WebPage\",\"@id\":\"https:\\\/\\\/www.metaflotech.com\\\/fr_fr\\\/applications\\\/\",\"url\":\"https:\\\/\\\/www.metaflotech.com\\\/fr_fr\\\/applications\\\/\",\"name\":\"Applications | MetaFLO Technologies\",\"isPartOf\":{\"@id\":\"https:\\\/\\\/www.metaflotech.com\\\/fr_fr\\\/#website\"},\"datePublished\":\"2021-04-26T16:11:16+00:00\",\"dateModified\":\"2025-07-09T05:02:35+00:00\",\"description\":\"MetaFLO solidification reagents are ideal for any industry or application that generates and removes liquid waste.\",\"breadcrumb\":{\"@id\":\"https:\\\/\\\/www.metaflotech.com\\\/fr_fr\\\/applications\\\/#breadcrumb\"},\"inLanguage\":\"fr-FR\",\"potentialAction\":[{\"@type\":\"ReadAction\",\"target\":[\"https:\\\/\\\/www.metaflotech.com\\\/fr_fr\\\/applications\\\/\"]}]},{\"@type\":\"BreadcrumbList\",\"@id\":\"https:\\\/\\\/www.metaflotech.com\\\/fr_fr\\\/applications\\\/#breadcrumb\",\"itemListElement\":[{\"@type\":\"ListItem\",\"position\":1,\"name\":\"Home\",\"item\":\"https:\\\/\\\/www.metaflotech.com\\\/\"},{\"@type\":\"ListItem\",\"position\":2,\"name\":\"Applications\"}]},{\"@type\":\"WebSite\",\"@id\":\"https:\\\/\\\/www.metaflotech.com\\\/fr_fr\\\/#website\",\"url\":\"https:\\\/\\\/www.metaflotech.com\\\/fr_fr\\\/\",\"name\":\"MetaFLO Technologies\",\"description\":\"Engineered Polymer Solutions For Industrial Applications\",\"potentialAction\":[{\"@type\":\"SearchAction\",\"target\":{\"@type\":\"EntryPoint\",\"urlTemplate\":\"https:\\\/\\\/www.metaflotech.com\\\/fr_fr\\\/?s={search_term_string}\"},\"query-input\":{\"@type\":\"PropertyValueSpecification\",\"valueRequired\":true,\"valueName\":\"search_term_string\"}}],\"inLanguage\":\"fr-FR\"}]}<\/script>\n<!-- \/ Yoast SEO plugin. -->","yoast_head_json":{"title":"Applications | MetaFLO Technologies","description":"Les r\u00e9actifs de solidification MetaFLO sont id\u00e9aux pour toute industrie ou application qui g\u00e9n\u00e8re et \u00e9limine des d\u00e9chets liquides.","robots":{"index":"index","follow":"follow","max-snippet":"max-snippet:-1","max-image-preview":"max-image-preview:large","max-video-preview":"max-video-preview:-1"},"canonical":"https:\/\/www.metaflotech.com\/fr_fr\/applications\/","og_locale":"fr_FR","og_type":"article","og_title":"Applications | MetaFLO Technologies","og_description":"MetaFLO solidification reagents are ideal for any industry or application that generates and removes liquid waste.","og_url":"https:\/\/www.metaflotech.com\/fr_fr\/applications\/","og_site_name":"MetaFLO Technologies","article_publisher":"https:\/\/www.facebook.com\/MetaFLOTechnologies\/","article_modified_time":"2025-07-09T05:02:35+00:00","twitter_card":"summary_large_image","twitter_site":"@metaflo","twitter_misc":{"Dur\u00e9e de lecture estim\u00e9e":"1 minute"},"schema":{"@context":"https:\/\/schema.org","@graph":[{"@type":"WebPage","@id":"https:\/\/www.metaflotech.com\/fr_fr\/applications\/","url":"https:\/\/www.metaflotech.com\/fr_fr\/applications\/","name":"Applications | MetaFLO Technologies","isPartOf":{"@id":"https:\/\/www.metaflotech.com\/fr_fr\/#website"},"datePublished":"2021-04-26T16:11:16+00:00","dateModified":"2025-07-09T05:02:35+00:00","description":"Les r\u00e9actifs de solidification MetaFLO sont id\u00e9aux pour toute industrie ou application qui g\u00e9n\u00e8re et \u00e9limine des d\u00e9chets liquides.","breadcrumb":{"@id":"https:\/\/www.metaflotech.com\/fr_fr\/applications\/#breadcrumb"},"inLanguage":"fr-FR","potentialAction":[{"@type":"ReadAction","target":["https:\/\/www.metaflotech.com\/fr_fr\/applications\/"]}]},{"@type":"BreadcrumbList","@id":"https:\/\/www.metaflotech.com\/fr_fr\/applications\/#breadcrumb","itemListElement":[{"@type":"ListItem","position":1,"name":"Home","item":"https:\/\/www.metaflotech.com\/"},{"@type":"ListItem","position":2,"name":"Applications"}]},{"@type":"WebSite","@id":"https:\/\/www.metaflotech.com\/fr_fr\/#website","url":"https:\/\/www.metaflotech.com\/fr_fr\/","name":"MetaFLO Technologies","description":"Solutions d'ing\u00e9nierie en mati\u00e8re de polym\u00e8res pour les applications industrielles","potentialAction":[{"@type":"SearchAction","target":{"@type":"EntryPoint","urlTemplate":"https:\/\/www.metaflotech.com\/fr_fr\/?s={search_term_string}"},"query-input":{"@type":"PropertyValueSpecification","valueRequired":true,"valueName":"search_term_string"}}],"inLanguage":"fr-FR"}]}},"_links":{"self":[{"href":"https:\/\/www.metaflotech.com\/fr_fr\/wp-json\/wp\/v2\/pages\/73499","targetHints":{"allow":["GET"]}}],"collection":[{"href":"https:\/\/www.metaflotech.com\/fr_fr\/wp-json\/wp\/v2\/pages"}],"about":[{"href":"https:\/\/www.metaflotech.com\/fr_fr\/wp-json\/wp\/v2\/types\/page"}],"author":[{"embeddable":true,"href":"https:\/\/www.metaflotech.com\/fr_fr\/wp-json\/wp\/v2\/users\/1"}],"replies":[{"embeddable":true,"href":"https:\/\/www.metaflotech.com\/fr_fr\/wp-json\/wp\/v2\/comments?post=73499"}],"version-history":[{"count":0,"href":"https:\/\/www.metaflotech.com\/fr_fr\/wp-json\/wp\/v2\/pages\/73499\/revisions"}],"wp:attachment":[{"href":"https:\/\/www.metaflotech.com\/fr_fr\/wp-json\/wp\/v2\/media?parent=73499"}],"curies":[{"name":"wp","href":"https:\/\/api.w.org\/{rel}","templated":true}]}}