{"id":95190,"date":"2024-10-09T13:54:53","date_gmt":"2024-10-09T13:54:53","guid":{"rendered":"https:\/\/www.metaflotech.com\/?page_id=95190"},"modified":"2026-03-12T13:10:53","modified_gmt":"2026-03-12T13:10:53","slug":"extractech","status":"publish","type":"page","link":"https:\/\/www.metaflotech.com\/fr_fr\/products\/biopolymers\/extractech\/","title":{"rendered":"ExtracTech Gold Extraction and Metal Recovery"},"content":{"rendered":"<p><img loading=\"lazy\" decoding=\"async\" title=\"Sombre\" src=\"https:\/\/www.metaflotech.com\/wp-content\/uploads\/2025\/07\/Dark-4.svg\" alt=\"Sombre\" width=\"100\" height=\"100\" \/><\/p>\r\n<h1><strong>Biopolym\u00e8re<\/strong><\/h1>\r\n<h1>Utilis\u00e9 pour le traitement des m\u00e9taux pr\u00e9cieux<\/h1>\r\n<h3><strong>Application<\/strong><\/h3>\r\n<p>Traitement des m\u00e9taux pr\u00e9cieux dans des cuves de lixiviation.<\/p>\r\n<h3><strong>Avantages<\/strong><\/h3>\r\n<p>Acc\u00e9l\u00e9ration des temps de r\u00e9action gr\u00e2ce \u00e0 la cin\u00e9tique existante.<\/p>\r\n<p>L'efficacit\u00e9 de la r\u00e9cup\u00e9ration peut \u00eatre accrue\u00a0<b>jusqu'\u00e0 3%.<\/b><\/p>\r\n<p>R\u00e9duction de l'utilisation du cyanure de <strong>jusqu'\u00e0 35%.<\/strong><\/p>\r\n<p>Remplacement de l'alcalinisant utilis\u00e9 dans le processus et utilisation de dosages <strong>jusqu'\u00e0 20 fois moins.<\/strong><\/p>\r\n<p>Stabilit\u00e9 du pH souhait\u00e9 au cours du processus, \u00e9vitant les oscillations communes \u00e0 l'utilisation d'autres alcalinisants.<\/p>\r\n<p>Un processus plus propre peut produire des r\u00e9sidus moins toxiques.<\/p>\r\n<p>Permet l'utilisation d'or et de m\u00e9taux pr\u00e9cieux d'une plus grande puret\u00e9.<\/p>\r\n<p>Aucun \u00e9quipement sp\u00e9cial suppl\u00e9mentaire n'est n\u00e9cessaire.<\/p>\r\n<p>&nbsp;<\/p>\r\n<p>Efficacit\u00e9 facilement valid\u00e9e dans vos laboratoires.<\/p>\r\n<p>&nbsp;<\/p>\r\n<p>\u00c9volutif en utilisant la configuration existante de l'injection dans le r\u00e9servoir.<\/p>\r\n<p>\u00a0 <img loading=\"lazy\" decoding=\"async\" title=\"ExtracTech-Solution de lixiviation de l&#039;or\" src=\"https:\/\/www.metaflotech.com\/wp-content\/uploads\/2024\/10\/ExtracTech-Gold-leaching-solution.png\" alt=\"ExtracTech-Solution de lixiviation de l&#039;or\" width=\"694\" height=\"694\" \/><\/p>\r\n<h3>La chimie du biopolym\u00e8re MetaFLO est con\u00e7ue pour le processus de cyanuration afin d'am\u00e9liorer l'\u00e9tape de lixiviation de l'or. En plus d'agir comme alcalinisant dans le processus, <strong>by reacting with the heavy metals associated with gold, MetaFLO&#8217;s biopolymer can increase gold extraction percentages by up to 3%.<\/strong><\/h3>\r\n<h2><strong>R\u00e9duction du cyanure<\/strong><\/h2>\r\n<h2><strong>Augmentation de la r\u00e9cup\u00e9ration<\/strong><\/h2>\r\n<h2><strong>Acc\u00e9l\u00e9ration de la r\u00e9action<\/strong><\/h2>\r\n<div style=\"width: 640px;\" class=\"wp-video\"><video class=\"wp-video-shortcode\" id=\"video-95190-1\" width=\"640\" height=\"360\" poster=\"https:\/\/www.metaflotech.com\/wp-content\/uploads\/2023\/01\/extractech-video.jpg\" preload=\"none\" controls=\"controls\"><source type=\"video\/mp4\" src=\"https:\/\/www.metaflotech.com\/wp-content\/uploads\/2023\/01\/Extractech_30_sec_version.mp4?_=1\" \/><source type=\"video\/mp4\" src=\"https:\/\/www.metaflotech.com\/wp-content\/uploads\/2023\/01\/Extractech_30_sec_version.mp4?_=1\" \/><a href=\"https:\/\/www.metaflotech.com\/wp-content\/uploads\/2023\/01\/Extractech_30_sec_version.mp4\">https:\/\/www.metaflotech.com\/wp-content\/uploads\/2023\/01\/Extractech_30_sec_version.mp4<\/a><\/video><\/div>\r\n<h2><strong>Comment cela fonctionne-t-il ?<\/strong><\/h2>\r\n<p>ExtracTech remplit chimiquement deux fonctions lorsqu'il est en contact avec le minerai : il agit comme alcalinisant, en adaptant le pH de la p\u00e2te \u00e0 la plage souhait\u00e9e et en assurant sa stabilit\u00e9 tout au long du processus, et il agit \u00e9galement comme oxydant chimique en r\u00e9alisant des r\u00e9actions d'oxydo-r\u00e9duction avec les autres m\u00e9taux pr\u00e9sents dans la matrice d'or, en les \u00e9liminant.<\/p>\r\n<p>ExtracTech fournit \u00e9galement de l'oxyg\u00e8ne suppl\u00e9mentaire \u00e0 la r\u00e9action, ce qui permet d'acc\u00e9l\u00e9rer la r\u00e9action elle-m\u00eame.<\/p>\r\n<p><em><strong>Le cyanure ne peut pas voir l'or avant d'\u00eatre expos\u00e9, il doit donc d'abord r\u00e9agir avec les m\u00e9taux de la surface pour pouvoir ensuite voir l'or.<\/strong><\/em><\/p>\r\n<p><img loading=\"lazy\" decoding=\"async\" title=\"Cyanuration avec ajout d&#039;ExtracTech\" src=\"https:\/\/www.metaflotech.com\/wp-content\/uploads\/2024\/10\/Cyanidation-with-having-ExtracTech-added.png\" alt=\"Cyanuration avec ajout d&#039;ExtracTech\" width=\"1500\" height=\"667\" \/> <strong>ExtracTech, en r\u00e9agissant avec les m\u00e9taux associ\u00e9s aux particules d'or, facilite l'action du cyanure dans le processus.<\/strong> <strong> Il r\u00e9agira dans l'ordre de r\u00e9activit\u00e9 des m\u00e9taux et rompra les liaisons, lib\u00e9rant de l'\u00e9nergie dans une r\u00e9action l\u00e9g\u00e8rement exothermique.<\/strong> <strong> Il r\u00e9agit plus rapidement avec les non-m\u00e9taux et les m\u00e9taux \u00e0 fort potentiel d'oxydo-r\u00e9duction (ORP), comme le fer.<\/strong> <img loading=\"lazy\" decoding=\"async\" title=\"Sombre\" src=\"https:\/\/www.metaflotech.com\/wp-content\/uploads\/2025\/07\/Dark-4.svg\" alt=\"Sombre\" width=\"100\" height=\"100\" \/><\/p>\r\n<h1>ExtracTech a \u00e9t\u00e9 test\u00e9 avec succ\u00e8s dans des mines d'or et a permis d'obtenir des avantages tels que le remplacement de l'alcalinisation, l'augmentation de la r\u00e9cup\u00e9ration m\u00e9tallurgique et la r\u00e9duction de la consommation de cyanure.<\/h1>\r\n<h2><strong>Before ExtracTech Reaction<\/strong><\/h2>\r\n<p><img loading=\"lazy\" decoding=\"async\" title=\"Extractech-Before\" src=\"https:\/\/www.metaflotech.com\/wp-content\/uploads\/2024\/10\/Extractech-Before.png\" alt=\"Extractech-Before\" width=\"694\" height=\"694\" \/><\/p>\r\n<h2><strong>After ExtracTech Reaction<\/strong><\/h2>\r\n<p><img loading=\"lazy\" decoding=\"async\" title=\"Extractech-Apr\u00e8s-1\" src=\"https:\/\/www.metaflotech.com\/wp-content\/uploads\/2024\/10\/Extractech-After-1.png\" alt=\"Extractech-Apr\u00e8s-1\" width=\"694\" height=\"694\" \/><\/p>\r\n<p><em>Application d'ExtracTech dans un minerai d'or r\u00e9fractaire avec du palladium et du platine.<\/em><\/p>\r\n<p>&nbsp;<\/p>\r\n<h3><strong>Des dosages beaucoup plus faibles que les alcalinisants traditionnels sont n\u00e9cessaires, en plus de maintenir la stabilit\u00e9 de la plage de pH souhait\u00e9e.<\/strong><\/h3>\r\n<h1>Comme biopolym\u00e8re pour la r\u00e9duction du cyanure<\/h1>\r\n<h3>En tant qu'additif \u00e0 votre processus de cyanuration existant,<strong> ExtracTech can also reduce your cyanide usage by up to 35%. <\/strong><\/h3>\r\n<h2>\u00c9tudes de cas<\/h2>\r\n<h3><a title=\"ExtracTech - Extraction am\u00e9lior\u00e9e de l&#039;or dans les minerais r\u00e9fractaires\" href=\"https:\/\/www.metaflotech.com\/wp-content\/uploads\/2025\/07\/ExtracTech-Case-Study-English-MetaFLO-Technologies.pdf\" target=\"_self\"> ExtracTech - Extraction am\u00e9lior\u00e9e de l'or dans les minerais r\u00e9fractaires <\/a><\/h3>\r\n<p>MetaFLO&#8217;s ExtracTech biopolymer demonstrated substantial efficacy for the gold extraction process, supporting safe and sustainable practices.<\/p>\r\n<h1><strong>Nos biopolym\u00e8res<\/strong><\/h1>\r\n<p>MetaFLO&#8217;s biopolymers have been purposefully engineered to provide a variety of cost-effective solutions for multiple applications, from dust suppression to gold extraction. Our products are environmentally safe, easy to use, and can be tailored to meet specific needs. Contact us for more details.<\/p>\r\n<p><a href=\"https:\/\/www.metaflotech.com\/fr_fr\/produits\/biopolymeres\/soiltech\/\" target=\"_self\"> <img loading=\"lazy\" decoding=\"async\" title=\"Logo\" src=\"https:\/\/www.metaflotech.com\/wp-content\/uploads\/2025\/07\/Logo-3.svg\" alt=\"Logo\" width=\"100\" height=\"100\" \/> <\/a><\/p>\r\n<p><strong>\u2713 Stabilisation des sols<\/strong><\/p>\r\n<p><a href=\"https:\/\/www.metaflotech.com\/fr_fr\/produits\/biopolymeres\/dustech\/\" target=\"_self\"> <img loading=\"lazy\" decoding=\"async\" title=\"Logo\" src=\"https:\/\/www.metaflotech.com\/wp-content\/uploads\/2025\/07\/Logo-5.svg\" alt=\"Logo\" width=\"100\" height=\"100\" \/> <\/a><\/p>\r\n<p><strong>\u2713 Suppression des poussi\u00e8res<\/strong><\/p>\r\n<p><a href=\"https:\/\/www.metaflotech.com\/fr_fr\/produits\/biopolymeres\/extractech\/\" target=\"_self\"> <img loading=\"lazy\" decoding=\"async\" title=\"Logo\" src=\"https:\/\/www.metaflotech.com\/wp-content\/uploads\/2025\/07\/Logo-4.svg\" alt=\"Logo\" width=\"100\" height=\"100\" \/> <\/a> <strong>\u2713 Extraction de l'or et r\u00e9duction du cyanure<br \/><\/strong> <a href=\"https:\/\/www.metaflotech.com\/fr_fr\/produits\/biopolymeres\/remtech\/\" target=\"_self\"> <img loading=\"lazy\" decoding=\"async\" title=\"Logo\" src=\"https:\/\/www.metaflotech.com\/wp-content\/uploads\/2025\/07\/Logo.svg\" alt=\"Logo\" width=\"100\" height=\"100\" \/> <\/a><\/p>\r\n<p><strong>\u2713 Eau contamin\u00e9e<\/strong><\/p>\r\n<p><a href=\"https:\/\/www.metaflotech.com\/fr_fr\/produits\/biopolymeres\/cementech\/\" target=\"_self\"> <img loading=\"lazy\" decoding=\"async\" title=\"Logo\" src=\"https:\/\/www.metaflotech.com\/wp-content\/uploads\/2025\/07\/Logo-8.svg\" alt=\"Logo\" width=\"100\" height=\"100\" \/> <\/a><\/p>\r\n<p><strong>\u2713 Am\u00e9lioration du ciment<\/strong><\/p>","protected":false},"excerpt":{"rendered":"<p>Biopolymer Used for precious metal processing Application Processing of precious metals in leaching tanks. Benefits Accelerated reaction times using existing kinetics. Recovery efficiency can be increased\u00a0up to 3%. Reduced cyanide use by up to 35%. Replacement of the alkalizer used in the process and use of dosages up to 20x lower. Stability of the desired&hellip;<\/p>","protected":false},"author":1,"featured_media":0,"parent":108180,"menu_order":0,"comment_status":"closed","ping_status":"closed","template":"","meta":{"_acf_changed":false,"inline_featured_image":false,"footnotes":""},"class_list":["post-95190","page","type-page","status-publish","hentry"],"acf":[],"yoast_head":"<!-- This site is optimized with the Yoast SEO plugin v27.4 - https:\/\/yoast.com\/product\/yoast-seo-wordpress\/ -->\n<title>ExtracTech Gold Extraction and Metal Recovery | MetaFLO Technologies<\/title>\n<meta name=\"description\" content=\"ExtracTech enhances gold extraction and metal recovery in mining operations, improving process efficiency while reducing cyanide consumption and environmental impact.\" \/>\n<meta name=\"robots\" content=\"index, follow, max-snippet:-1, max-image-preview:large, max-video-preview:-1\" \/>\n<link rel=\"canonical\" href=\"https:\/\/www.metaflotech.com\/fr_fr\/produits\/biopolymeres\/extractech\/\" \/>\n<meta property=\"og:locale\" content=\"fr_FR\" \/>\n<meta property=\"og:type\" content=\"article\" \/>\n<meta property=\"og:title\" content=\"ExtracTech Gold Extraction and Metal Recovery | MetaFLO Technologies\" \/>\n<meta property=\"og:description\" content=\"ExtracTech enhances gold extraction and metal recovery in mining operations, improving process efficiency while reducing cyanide consumption and environmental impact.\" \/>\n<meta property=\"og:url\" content=\"https:\/\/www.metaflotech.com\/fr_fr\/produits\/biopolymeres\/extractech\/\" \/>\n<meta property=\"og:site_name\" content=\"MetaFLO Technologies\" \/>\n<meta property=\"article:publisher\" content=\"https:\/\/www.facebook.com\/MetaFLOTechnologies\/\" \/>\n<meta property=\"article:modified_time\" content=\"2026-03-12T13:10:53+00:00\" \/>\n<meta property=\"og:image\" content=\"https:\/\/www.metaflotech.com\/wp-content\/uploads\/2025\/07\/Dark-4.svg\" \/>\n<meta name=\"twitter:card\" content=\"summary_large_image\" \/>\n<meta name=\"twitter:site\" content=\"@metaflo\" \/>\n<meta name=\"twitter:label1\" content=\"Dur\u00e9e de lecture estim\u00e9e\" \/>\n\t<meta name=\"twitter:data1\" content=\"5 minutes\" \/>\n<script type=\"application\/ld+json\" class=\"yoast-schema-graph\">{\"@context\":\"https:\\\/\\\/schema.org\",\"@graph\":[{\"@type\":\"WebPage\",\"@id\":\"https:\\\/\\\/www.metaflotech.com\\\/fr_fr\\\/products\\\/biopolymers\\\/extractech\\\/\",\"url\":\"https:\\\/\\\/www.metaflotech.com\\\/fr_fr\\\/products\\\/biopolymers\\\/extractech\\\/\",\"name\":\"ExtracTech Gold Extraction and Metal Recovery | MetaFLO Technologies\",\"isPartOf\":{\"@id\":\"https:\\\/\\\/www.metaflotech.com\\\/fr_fr\\\/#website\"},\"primaryImageOfPage\":{\"@id\":\"https:\\\/\\\/www.metaflotech.com\\\/fr_fr\\\/products\\\/biopolymers\\\/extractech\\\/#primaryimage\"},\"image\":{\"@id\":\"https:\\\/\\\/www.metaflotech.com\\\/fr_fr\\\/products\\\/biopolymers\\\/extractech\\\/#primaryimage\"},\"thumbnailUrl\":\"https:\\\/\\\/www.metaflotech.com\\\/wp-content\\\/uploads\\\/2025\\\/07\\\/Dark-4.svg\",\"datePublished\":\"2024-10-09T13:54:53+00:00\",\"dateModified\":\"2026-03-12T13:10:53+00:00\",\"description\":\"ExtracTech enhances gold extraction and metal recovery in mining operations, improving process efficiency while reducing cyanide consumption and environmental impact.\",\"breadcrumb\":{\"@id\":\"https:\\\/\\\/www.metaflotech.com\\\/fr_fr\\\/products\\\/biopolymers\\\/extractech\\\/#breadcrumb\"},\"inLanguage\":\"fr-FR\",\"potentialAction\":[{\"@type\":\"ReadAction\",\"target\":[\"https:\\\/\\\/www.metaflotech.com\\\/fr_fr\\\/products\\\/biopolymers\\\/extractech\\\/\"]}]},{\"@type\":\"ImageObject\",\"inLanguage\":\"fr-FR\",\"@id\":\"https:\\\/\\\/www.metaflotech.com\\\/fr_fr\\\/products\\\/biopolymers\\\/extractech\\\/#primaryimage\",\"url\":\"https:\\\/\\\/www.metaflotech.com\\\/wp-content\\\/uploads\\\/2025\\\/07\\\/Dark-4.svg\",\"contentUrl\":\"https:\\\/\\\/www.metaflotech.com\\\/wp-content\\\/uploads\\\/2025\\\/07\\\/Dark-4.svg\"},{\"@type\":\"BreadcrumbList\",\"@id\":\"https:\\\/\\\/www.metaflotech.com\\\/fr_fr\\\/products\\\/biopolymers\\\/extractech\\\/#breadcrumb\",\"itemListElement\":[{\"@type\":\"ListItem\",\"position\":1,\"name\":\"Home\",\"item\":\"https:\\\/\\\/www.metaflotech.com\\\/\"},{\"@type\":\"ListItem\",\"position\":2,\"name\":\"Products\",\"item\":\"https:\\\/\\\/www.metaflotech.com\\\/products\\\/\"},{\"@type\":\"ListItem\",\"position\":3,\"name\":\"Biopolymers (Tech)\",\"item\":\"https:\\\/\\\/www.metaflotech.com\\\/products\\\/biopolymers\\\/\"},{\"@type\":\"ListItem\",\"position\":4,\"name\":\"ExtracTech Gold Extraction and Metal Recovery\"}]},{\"@type\":\"WebSite\",\"@id\":\"https:\\\/\\\/www.metaflotech.com\\\/fr_fr\\\/#website\",\"url\":\"https:\\\/\\\/www.metaflotech.com\\\/fr_fr\\\/\",\"name\":\"MetaFLO Technologies\",\"description\":\"Engineered Polymer Solutions For Industrial Applications\",\"potentialAction\":[{\"@type\":\"SearchAction\",\"target\":{\"@type\":\"EntryPoint\",\"urlTemplate\":\"https:\\\/\\\/www.metaflotech.com\\\/fr_fr\\\/?s={search_term_string}\"},\"query-input\":{\"@type\":\"PropertyValueSpecification\",\"valueRequired\":true,\"valueName\":\"search_term_string\"}}],\"inLanguage\":\"fr-FR\"}]}<\/script>\n<!-- \/ Yoast SEO plugin. -->","yoast_head_json":{"title":"ExtracTech Gold Extraction and Metal Recovery | MetaFLO Technologies","description":"ExtracTech enhances gold extraction and metal recovery in mining operations, improving process efficiency while reducing cyanide consumption and environmental impact.","robots":{"index":"index","follow":"follow","max-snippet":"max-snippet:-1","max-image-preview":"max-image-preview:large","max-video-preview":"max-video-preview:-1"},"canonical":"https:\/\/www.metaflotech.com\/fr_fr\/produits\/biopolymeres\/extractech\/","og_locale":"fr_FR","og_type":"article","og_title":"ExtracTech Gold Extraction and Metal Recovery | MetaFLO Technologies","og_description":"ExtracTech enhances gold extraction and metal recovery in mining operations, improving process efficiency while reducing cyanide consumption and environmental impact.","og_url":"https:\/\/www.metaflotech.com\/fr_fr\/produits\/biopolymeres\/extractech\/","og_site_name":"MetaFLO Technologies","article_publisher":"https:\/\/www.facebook.com\/MetaFLOTechnologies\/","article_modified_time":"2026-03-12T13:10:53+00:00","og_image":[{"url":"https:\/\/www.metaflotech.com\/wp-content\/uploads\/2025\/07\/Dark-4.svg","type":"","width":"","height":""}],"twitter_card":"summary_large_image","twitter_site":"@metaflo","twitter_misc":{"Dur\u00e9e de lecture estim\u00e9e":"5 minutes"},"schema":{"@context":"https:\/\/schema.org","@graph":[{"@type":"WebPage","@id":"https:\/\/www.metaflotech.com\/fr_fr\/products\/biopolymers\/extractech\/","url":"https:\/\/www.metaflotech.com\/fr_fr\/products\/biopolymers\/extractech\/","name":"ExtracTech Gold Extraction and Metal Recovery | MetaFLO Technologies","isPartOf":{"@id":"https:\/\/www.metaflotech.com\/fr_fr\/#website"},"primaryImageOfPage":{"@id":"https:\/\/www.metaflotech.com\/fr_fr\/products\/biopolymers\/extractech\/#primaryimage"},"image":{"@id":"https:\/\/www.metaflotech.com\/fr_fr\/products\/biopolymers\/extractech\/#primaryimage"},"thumbnailUrl":"https:\/\/www.metaflotech.com\/wp-content\/uploads\/2025\/07\/Dark-4.svg","datePublished":"2024-10-09T13:54:53+00:00","dateModified":"2026-03-12T13:10:53+00:00","description":"ExtracTech enhances gold extraction and metal recovery in mining operations, improving process efficiency while reducing cyanide consumption and environmental impact.","breadcrumb":{"@id":"https:\/\/www.metaflotech.com\/fr_fr\/products\/biopolymers\/extractech\/#breadcrumb"},"inLanguage":"fr-FR","potentialAction":[{"@type":"ReadAction","target":["https:\/\/www.metaflotech.com\/fr_fr\/products\/biopolymers\/extractech\/"]}]},{"@type":"ImageObject","inLanguage":"fr-FR","@id":"https:\/\/www.metaflotech.com\/fr_fr\/products\/biopolymers\/extractech\/#primaryimage","url":"https:\/\/www.metaflotech.com\/wp-content\/uploads\/2025\/07\/Dark-4.svg","contentUrl":"https:\/\/www.metaflotech.com\/wp-content\/uploads\/2025\/07\/Dark-4.svg"},{"@type":"BreadcrumbList","@id":"https:\/\/www.metaflotech.com\/fr_fr\/products\/biopolymers\/extractech\/#breadcrumb","itemListElement":[{"@type":"ListItem","position":1,"name":"Home","item":"https:\/\/www.metaflotech.com\/"},{"@type":"ListItem","position":2,"name":"Products","item":"https:\/\/www.metaflotech.com\/products\/"},{"@type":"ListItem","position":3,"name":"Biopolymers (Tech)","item":"https:\/\/www.metaflotech.com\/products\/biopolymers\/"},{"@type":"ListItem","position":4,"name":"ExtracTech Gold Extraction and Metal Recovery"}]},{"@type":"WebSite","@id":"https:\/\/www.metaflotech.com\/fr_fr\/#website","url":"https:\/\/www.metaflotech.com\/fr_fr\/","name":"MetaFLO Technologies","description":"Solutions d'ing\u00e9nierie en mati\u00e8re de polym\u00e8res pour les applications industrielles","potentialAction":[{"@type":"SearchAction","target":{"@type":"EntryPoint","urlTemplate":"https:\/\/www.metaflotech.com\/fr_fr\/?s={search_term_string}"},"query-input":{"@type":"PropertyValueSpecification","valueRequired":true,"valueName":"search_term_string"}}],"inLanguage":"fr-FR"}]}},"_links":{"self":[{"href":"https:\/\/www.metaflotech.com\/fr_fr\/wp-json\/wp\/v2\/pages\/95190","targetHints":{"allow":["GET"]}}],"collection":[{"href":"https:\/\/www.metaflotech.com\/fr_fr\/wp-json\/wp\/v2\/pages"}],"about":[{"href":"https:\/\/www.metaflotech.com\/fr_fr\/wp-json\/wp\/v2\/types\/page"}],"author":[{"embeddable":true,"href":"https:\/\/www.metaflotech.com\/fr_fr\/wp-json\/wp\/v2\/users\/1"}],"replies":[{"embeddable":true,"href":"https:\/\/www.metaflotech.com\/fr_fr\/wp-json\/wp\/v2\/comments?post=95190"}],"version-history":[{"count":0,"href":"https:\/\/www.metaflotech.com\/fr_fr\/wp-json\/wp\/v2\/pages\/95190\/revisions"}],"up":[{"embeddable":true,"href":"https:\/\/www.metaflotech.com\/fr_fr\/wp-json\/wp\/v2\/pages\/108180"}],"wp:attachment":[{"href":"https:\/\/www.metaflotech.com\/fr_fr\/wp-json\/wp\/v2\/media?parent=95190"}],"curies":[{"name":"wp","href":"https:\/\/api.w.org\/{rel}","templated":true}]}}