{"id":95711,"date":"2024-10-10T08:18:09","date_gmt":"2024-10-10T08:18:09","guid":{"rendered":"https:\/\/www.metaflotech.com\/?page_id=95711"},"modified":"2026-03-12T13:08:00","modified_gmt":"2026-03-12T13:08:00","slug":"dustech","status":"publish","type":"page","link":"https:\/\/www.metaflotech.com\/fr_fr\/products\/biopolymers\/dustech\/","title":{"rendered":"DusTech Dust Control Biopolymer for Unpaved and Haul Roads"},"content":{"rendered":"<img decoding=\"async\" src=\"https:\/\/www.metaflotech.com\/wp-content\/uploads\/2025\/07\/Dark-5.svg\" alt=\"Sombre\" itemprop=\"image\" height=\"100\" width=\"100\" title=\"Sombre\" onerror=\"this.style.display='none'\" loading=\"lazy\" \/>\r\n\t<h1><strong>Biopolym\u00e8re<\/strong><\/h1>\r\n<h1>utilis\u00e9 pour une suppression efficace des poussi\u00e8res<\/h1>\r\n\t<h3><strong>Application<\/strong><\/h3>\r\n\t\t\t <p>Chemins de terre<\/p>\u00a0\t\t\r\n\t\t\t <p>Routes d'acc\u00e8s \u00e0 la mine<\/p>\u00a0\t\t\r\n\t\t\t <p>Collines sablonneuses<\/p>\u00a0\t\t\r\n\t\t\t <p>Stockage de mat\u00e9riaux<\/p>\u00a0\t\t\r\n\t<h3><strong>Avantages<\/strong><\/h3>\r\n\t\t\t <p>Am\u00e9liorer la qualit\u00e9 de l'air en r\u00e9duisant de mani\u00e8re significative les poussi\u00e8res en suspension.<\/p>\t\t\r\n\t\t\t <p>Am\u00e9liorer la s\u00e9curit\u00e9 routi\u00e8re gr\u00e2ce \u00e0 une meilleure visibilit\u00e9 du trafic.<\/p>\t\t\r\n\t\t\t <p>Minimise l'utilisation de l'eau, en consommant beaucoup moins que les m\u00e9thodes traditionnelles d'irrigation des routes.<\/p>\t\t\r\n\t\t\t <p>Rentable, n\u00e9cessitant moins d'applications et r\u00e9duisant les co\u00fbts d'exploitation par rapport aux programmes d'arrosage.<\/p>\t\t\r\n\t\t\t <p>R\u00e9duit la quantit\u00e9 de camions-citernes n\u00e9cessaires pour mouiller les routes, ce qui diminue encore la consommation d'eau et les frais d'exploitation.<\/p>\t\t\r\n\t\t\t <p>Biopolym\u00e8re \u00e9cologique d\u00e9riv\u00e9 d'algues, garantissant une solution respectueuse de l'environnement.<\/p>\t\t\r\n\t<h3><strong>DusTech permet d'am\u00e9liorer l'agglutination des particules, <\/strong>une meilleure \u00e9tanch\u00e9it\u00e9 de la matrice mol\u00e9culaire et une r\u00e9duction significative de la poussi\u00e8re.<\/h3>\r\n\t<h3><strong>DusTech acts residually &#8211;<\/strong> Apr\u00e8s le traitement initial, l'humidit\u00e9 du sol est prolong\u00e9e par le biopolym\u00e8re. En outre, pour les applications suivantes, des doses de plus en plus faibles sont n\u00e9cessaires pour assurer la stabilit\u00e9 de la surface.<\/h3>\r\n\t\t\t\t<img decoding=\"async\" src=\"https:\/\/www.metaflotech.com\/wp-content\/uploads\/2024\/11\/DusTech-dirt-road-dust-suppression-additive-1.webp\" alt=\"Additif de d\u00e9poussi\u00e9rage des routes DusTech 1\" itemprop=\"image\" height=\"760\" width=\"658\" onerror=\"this.style.display='none'\" loading=\"lazy\" \/>\r\n\t\t\t\t<img decoding=\"async\" src=\"https:\/\/www.metaflotech.com\/wp-content\/uploads\/2024\/11\/DusTech-dirt-road-dust-suppression-additive-2.webp\" alt=\"Additif de d\u00e9poussi\u00e9rage des routes DusTech 2\" itemprop=\"image\" height=\"760\" width=\"658\" onerror=\"this.style.display='none'\" loading=\"lazy\" \/>\r\n\t\t\t\t<img decoding=\"async\" src=\"https:\/\/www.metaflotech.com\/wp-content\/uploads\/2024\/11\/DusTech-dirt-road-dust-suppression-additive-3.webp\" alt=\"Additif de d\u00e9poussi\u00e9rage des routes DusTech 3\" itemprop=\"image\" height=\"760\" width=\"658\" onerror=\"this.style.display='none'\" loading=\"lazy\" \/>\r\n\t<h3><strong>Am\u00e9liore la qualit\u00e9 de l'air en r\u00e9duisant consid\u00e9rablement les poussi\u00e8res en suspension.<\/strong><\/h3>\r\n\t<h3><strong>Augmente la s\u00e9curit\u00e9 routi\u00e8re en offrant une plus grande visibilit\u00e9 au trafic.<\/strong><\/h3>\r\n\t<h1><strong>M\u00c9THODOLOGIE D'APPLICATION<\/strong><\/h1>\r\n<h3>Easy application with low dosage &#8211; It can be diluted directly in the water truck<br \/>\r\nsans n\u00e9cessiter d'\u00e9quipement suppl\u00e9mentaire.<\/h3>\r\n<h2>\r\n\t\t\t\u00c9tudes de cas\t<\/h2>\r\n<h3>\r\n\t\t<a href=\"https:\/\/www.metaflotech.com\/wp-content\/uploads\/2025\/07\/DusTech-Case-Study-1-English-MetaFLO-Technologies.pdf\" title=\"DusTech am\u00e9liore la qualit\u00e9 de l&#039;air et permet \u00e0 un chantier de construction d&#039;\u00e9conomiser 360 000 litres d&#039;eau par jour\"  target=\"_self\">\r\n\t\t\tDusTech am\u00e9liore la qualit\u00e9 de l'air et permet \u00e0 un chantier de construction d'\u00e9conomiser 360 000 litres d'eau par jour\t\t<\/a>\r\n\t<\/h3>\r\n\t<p>As dust suppression becomes mandatory due to health and environmental concerns, MetaFLO&#8217;s fast-acting biopolymer provides a low-cost and efficient solution for improving air quality on construction sites.<\/p>\r\n<h3>\r\n\t\t<a href=\"https:\/\/www.metaflotech.com\/wp-content\/uploads\/2025\/07\/DusTech-Case-Study-2-English-MetaFLO-Technologies.pdf\" title=\"DusTech am\u00e9liore la qualit\u00e9 de l&#039;air dans un barrage de mine d&#039;or\"  target=\"_self\">\r\n\t\t\tDusTech am\u00e9liore la qualit\u00e9 de l'air dans un barrage de mine d'or\t\t<\/a>\r\n\t<\/h3>\r\n\t<p>MetaFLO&#8217;s use of a high-quality dust suppression biopolymer helped a gold mining dam improve air quality to keep workers and communities safe in a rapid and cost-effective way.<\/p>\r\n<h3>\r\n\t\t<a href=\"https:\/\/www.metaflotech.com\/wp-content\/uploads\/2025\/07\/DusTech-Case-Study-3-English-MetaFLO-Technologies.pdf\" title=\"DusTech am\u00e9liore la qualit\u00e9 de l&#039;air sur un chantier de construction\"  target=\"_self\">\r\n\t\t\tDusTech am\u00e9liore la qualit\u00e9 de l'air sur un chantier de construction\t\t<\/a>\r\n\t<\/h3>\r\n\t<p>MetaFLO&#8217;s dust suppressant helped a construction site improve air quality through effective dust suppression, helping save costs, increase productivity, and benefit the environment.<\/p>\r\n\t<h1><strong>Nos biopolym\u00e8res<\/strong><\/h1>\r\n<p>MetaFLO&#8217;s biopolymers have been purposefully engineered to provide a variety of cost-effective solutions for multiple applications, from dust suppression to gold extraction. Our products are environmentally safe, easy to use, and can be tailored to meet specific needs. Contact us for more details.<\/p>\r\n\t\t\t\t<a href=\"https:\/\/www.metaflotech.com\/fr_fr\/produits\/biopolymeres\/soiltech\/\"  target=\"_self\" itemprop=\"url\">\r\n\t\t\t\t<img decoding=\"async\" src=\"https:\/\/www.metaflotech.com\/wp-content\/uploads\/2025\/07\/Logo-3.svg\" alt=\"Logo\" itemprop=\"image\" height=\"100\" width=\"100\" title=\"Logo\" onerror=\"this.style.display='none'\" loading=\"lazy\" \/>\r\n\t\t\t\t<\/a>\r\n\t<p><strong>\u2713 Stabilisation des sols<\/strong><\/p>\r\n\t\t\t\t<a href=\"https:\/\/www.metaflotech.com\/fr_fr\/produits\/biopolymeres\/dustech\/\"  target=\"_self\" itemprop=\"url\">\r\n\t\t\t\t<img decoding=\"async\" src=\"https:\/\/www.metaflotech.com\/wp-content\/uploads\/2025\/07\/Logo-5.svg\" alt=\"Logo\" itemprop=\"image\" height=\"100\" width=\"100\" title=\"Logo\" onerror=\"this.style.display='none'\" loading=\"lazy\" \/>\r\n\t\t\t\t<\/a>\r\n\t<p><strong>\u2713 Suppression des poussi\u00e8res<\/strong><\/p>\r\n\t\t\t\t<a href=\"https:\/\/www.metaflotech.com\/fr_fr\/produits\/biopolymeres\/extractech\/\"  target=\"_self\" itemprop=\"url\">\r\n\t\t\t\t<img decoding=\"async\" src=\"https:\/\/www.metaflotech.com\/wp-content\/uploads\/2025\/07\/Logo-4.svg\" alt=\"Logo\" itemprop=\"image\" height=\"100\" width=\"100\" title=\"Logo\" onerror=\"this.style.display='none'\" loading=\"lazy\" \/>\r\n\t\t\t\t<\/a>\r\n\t<strong>\u2713 Extraction de l'or et r\u00e9duction du cyanure<br \/>\r\n<\/strong>\r\n\t\t\t\t<a href=\"https:\/\/www.metaflotech.com\/fr_fr\/produits\/biopolymeres\/remtech\/\"  target=\"_self\" itemprop=\"url\">\r\n\t\t\t\t<img decoding=\"async\" src=\"https:\/\/www.metaflotech.com\/wp-content\/uploads\/2025\/07\/Logo.svg\" alt=\"Logo\" itemprop=\"image\" height=\"100\" width=\"100\" title=\"Logo\" onerror=\"this.style.display='none'\" loading=\"lazy\" \/>\r\n\t\t\t\t<\/a>\r\n\t<p><strong>\u2713 Eau contamin\u00e9e<\/strong><\/p>\r\n\t\t\t\t<a href=\"https:\/\/www.metaflotech.com\/fr_fr\/produits\/biopolymeres\/cementech\/\"  target=\"_self\" itemprop=\"url\">\r\n\t\t\t\t<img decoding=\"async\" src=\"https:\/\/www.metaflotech.com\/wp-content\/uploads\/2025\/07\/Logo-8.svg\" alt=\"Logo\" itemprop=\"image\" height=\"100\" width=\"100\" title=\"Logo\" onerror=\"this.style.display='none'\" loading=\"lazy\" \/>\r\n\t\t\t\t<\/a>\r\n\t<p><strong>\u2713 Am\u00e9lioration du ciment<\/strong><\/p>","protected":false},"excerpt":{"rendered":"<p>Biopolymer used for effective dust suppression Application Dirt roads \u00a0 Mine access roads \u00a0 Sandy hills \u00a0 Stockpiles material \u00a0 Benefits Improve air quality by significantly reducing airborne dust. Enhance road safety with greater visibility for traffic. Minimizes water usage, using far less compared to traditional road irrigation methods. Cost-effective, requiring fewer applications and cutting&hellip;<\/p>","protected":false},"author":1,"featured_media":0,"parent":108180,"menu_order":0,"comment_status":"closed","ping_status":"closed","template":"","meta":{"_acf_changed":false,"inline_featured_image":false,"footnotes":""},"class_list":["post-95711","page","type-page","status-publish","hentry"],"acf":[],"yoast_head":"<!-- This site is optimized with the Yoast SEO plugin v27.4 - https:\/\/yoast.com\/product\/yoast-seo-wordpress\/ -->\n<title>DusTech Dust Control Biopolymer for Unpaved and Haul Roads | MetaFLO Technologies<\/title>\n<meta name=\"description\" content=\"DusTech is an advanced biopolymer for dust suppression on unpaved, rural, industrial and mining roads, improving air quality, road safety and operational efficiency.\" \/>\n<meta name=\"robots\" content=\"index, follow, max-snippet:-1, max-image-preview:large, max-video-preview:-1\" \/>\n<link rel=\"canonical\" href=\"https:\/\/www.metaflotech.com\/fr_fr\/produits\/biopolymeres\/dustech\/\" \/>\n<meta property=\"og:locale\" content=\"fr_FR\" \/>\n<meta property=\"og:type\" content=\"article\" \/>\n<meta property=\"og:title\" content=\"DusTech Dust Control Biopolymer for Unpaved and Haul Roads | MetaFLO Technologies\" \/>\n<meta property=\"og:description\" content=\"DusTech is an advanced biopolymer for dust suppression on unpaved, rural, industrial and mining roads, improving air quality, road safety and operational efficiency.\" \/>\n<meta property=\"og:url\" content=\"https:\/\/www.metaflotech.com\/fr_fr\/produits\/biopolymeres\/dustech\/\" \/>\n<meta property=\"og:site_name\" content=\"MetaFLO Technologies\" \/>\n<meta property=\"article:publisher\" content=\"https:\/\/www.facebook.com\/MetaFLOTechnologies\/\" \/>\n<meta property=\"article:modified_time\" content=\"2026-03-12T13:08:00+00:00\" \/>\n<meta property=\"og:image\" content=\"https:\/\/www.metaflotech.com\/wp-content\/uploads\/2025\/07\/Dark-5.svg\" \/>\n<meta name=\"twitter:card\" content=\"summary_large_image\" \/>\n<meta name=\"twitter:site\" content=\"@metaflo\" \/>\n<meta name=\"twitter:label1\" content=\"Dur\u00e9e de lecture estim\u00e9e\" \/>\n\t<meta name=\"twitter:data1\" content=\"4 minutes\" \/>\n<script type=\"application\/ld+json\" class=\"yoast-schema-graph\">{\"@context\":\"https:\\\/\\\/schema.org\",\"@graph\":[{\"@type\":\"WebPage\",\"@id\":\"https:\\\/\\\/www.metaflotech.com\\\/fr_fr\\\/products\\\/biopolymers\\\/dustech\\\/\",\"url\":\"https:\\\/\\\/www.metaflotech.com\\\/fr_fr\\\/products\\\/biopolymers\\\/dustech\\\/\",\"name\":\"DusTech Dust Control Biopolymer for Unpaved and Haul Roads | MetaFLO Technologies\",\"isPartOf\":{\"@id\":\"https:\\\/\\\/www.metaflotech.com\\\/fr_fr\\\/#website\"},\"primaryImageOfPage\":{\"@id\":\"https:\\\/\\\/www.metaflotech.com\\\/fr_fr\\\/products\\\/biopolymers\\\/dustech\\\/#primaryimage\"},\"image\":{\"@id\":\"https:\\\/\\\/www.metaflotech.com\\\/fr_fr\\\/products\\\/biopolymers\\\/dustech\\\/#primaryimage\"},\"thumbnailUrl\":\"https:\\\/\\\/www.metaflotech.com\\\/wp-content\\\/uploads\\\/2025\\\/07\\\/Dark-5.svg\",\"datePublished\":\"2024-10-10T08:18:09+00:00\",\"dateModified\":\"2026-03-12T13:08:00+00:00\",\"description\":\"DusTech is an advanced biopolymer for dust suppression on unpaved, rural, industrial and mining roads, improving air quality, road safety and operational efficiency.\",\"breadcrumb\":{\"@id\":\"https:\\\/\\\/www.metaflotech.com\\\/fr_fr\\\/products\\\/biopolymers\\\/dustech\\\/#breadcrumb\"},\"inLanguage\":\"fr-FR\",\"potentialAction\":[{\"@type\":\"ReadAction\",\"target\":[\"https:\\\/\\\/www.metaflotech.com\\\/fr_fr\\\/products\\\/biopolymers\\\/dustech\\\/\"]}]},{\"@type\":\"ImageObject\",\"inLanguage\":\"fr-FR\",\"@id\":\"https:\\\/\\\/www.metaflotech.com\\\/fr_fr\\\/products\\\/biopolymers\\\/dustech\\\/#primaryimage\",\"url\":\"https:\\\/\\\/www.metaflotech.com\\\/wp-content\\\/uploads\\\/2025\\\/07\\\/Dark-5.svg\",\"contentUrl\":\"https:\\\/\\\/www.metaflotech.com\\\/wp-content\\\/uploads\\\/2025\\\/07\\\/Dark-5.svg\"},{\"@type\":\"BreadcrumbList\",\"@id\":\"https:\\\/\\\/www.metaflotech.com\\\/fr_fr\\\/products\\\/biopolymers\\\/dustech\\\/#breadcrumb\",\"itemListElement\":[{\"@type\":\"ListItem\",\"position\":1,\"name\":\"Home\",\"item\":\"https:\\\/\\\/www.metaflotech.com\\\/\"},{\"@type\":\"ListItem\",\"position\":2,\"name\":\"Products\",\"item\":\"https:\\\/\\\/www.metaflotech.com\\\/products\\\/\"},{\"@type\":\"ListItem\",\"position\":3,\"name\":\"Biopolymers (Tech)\",\"item\":\"https:\\\/\\\/www.metaflotech.com\\\/products\\\/biopolymers\\\/\"},{\"@type\":\"ListItem\",\"position\":4,\"name\":\"DusTech Dust Control Biopolymer for Unpaved and Haul Roads\"}]},{\"@type\":\"WebSite\",\"@id\":\"https:\\\/\\\/www.metaflotech.com\\\/fr_fr\\\/#website\",\"url\":\"https:\\\/\\\/www.metaflotech.com\\\/fr_fr\\\/\",\"name\":\"MetaFLO Technologies\",\"description\":\"Engineered Polymer Solutions For Industrial Applications\",\"potentialAction\":[{\"@type\":\"SearchAction\",\"target\":{\"@type\":\"EntryPoint\",\"urlTemplate\":\"https:\\\/\\\/www.metaflotech.com\\\/fr_fr\\\/?s={search_term_string}\"},\"query-input\":{\"@type\":\"PropertyValueSpecification\",\"valueRequired\":true,\"valueName\":\"search_term_string\"}}],\"inLanguage\":\"fr-FR\"}]}<\/script>\n<!-- \/ Yoast SEO plugin. -->","yoast_head_json":{"title":"DusTech Dust Control Biopolymer for Unpaved and Haul Roads | MetaFLO Technologies","description":"DusTech is an advanced biopolymer for dust suppression on unpaved, rural, industrial and mining roads, improving air quality, road safety and operational efficiency.","robots":{"index":"index","follow":"follow","max-snippet":"max-snippet:-1","max-image-preview":"max-image-preview:large","max-video-preview":"max-video-preview:-1"},"canonical":"https:\/\/www.metaflotech.com\/fr_fr\/produits\/biopolymeres\/dustech\/","og_locale":"fr_FR","og_type":"article","og_title":"DusTech Dust Control Biopolymer for Unpaved and Haul Roads | MetaFLO Technologies","og_description":"DusTech is an advanced biopolymer for dust suppression on unpaved, rural, industrial and mining roads, improving air quality, road safety and operational efficiency.","og_url":"https:\/\/www.metaflotech.com\/fr_fr\/produits\/biopolymeres\/dustech\/","og_site_name":"MetaFLO Technologies","article_publisher":"https:\/\/www.facebook.com\/MetaFLOTechnologies\/","article_modified_time":"2026-03-12T13:08:00+00:00","og_image":[{"url":"https:\/\/www.metaflotech.com\/wp-content\/uploads\/2025\/07\/Dark-5.svg","type":"","width":"","height":""}],"twitter_card":"summary_large_image","twitter_site":"@metaflo","twitter_misc":{"Dur\u00e9e de lecture estim\u00e9e":"4 minutes"},"schema":{"@context":"https:\/\/schema.org","@graph":[{"@type":"WebPage","@id":"https:\/\/www.metaflotech.com\/fr_fr\/products\/biopolymers\/dustech\/","url":"https:\/\/www.metaflotech.com\/fr_fr\/products\/biopolymers\/dustech\/","name":"DusTech Dust Control Biopolymer for Unpaved and Haul Roads | MetaFLO Technologies","isPartOf":{"@id":"https:\/\/www.metaflotech.com\/fr_fr\/#website"},"primaryImageOfPage":{"@id":"https:\/\/www.metaflotech.com\/fr_fr\/products\/biopolymers\/dustech\/#primaryimage"},"image":{"@id":"https:\/\/www.metaflotech.com\/fr_fr\/products\/biopolymers\/dustech\/#primaryimage"},"thumbnailUrl":"https:\/\/www.metaflotech.com\/wp-content\/uploads\/2025\/07\/Dark-5.svg","datePublished":"2024-10-10T08:18:09+00:00","dateModified":"2026-03-12T13:08:00+00:00","description":"DusTech is an advanced biopolymer for dust suppression on unpaved, rural, industrial and mining roads, improving air quality, road safety and operational efficiency.","breadcrumb":{"@id":"https:\/\/www.metaflotech.com\/fr_fr\/products\/biopolymers\/dustech\/#breadcrumb"},"inLanguage":"fr-FR","potentialAction":[{"@type":"ReadAction","target":["https:\/\/www.metaflotech.com\/fr_fr\/products\/biopolymers\/dustech\/"]}]},{"@type":"ImageObject","inLanguage":"fr-FR","@id":"https:\/\/www.metaflotech.com\/fr_fr\/products\/biopolymers\/dustech\/#primaryimage","url":"https:\/\/www.metaflotech.com\/wp-content\/uploads\/2025\/07\/Dark-5.svg","contentUrl":"https:\/\/www.metaflotech.com\/wp-content\/uploads\/2025\/07\/Dark-5.svg"},{"@type":"BreadcrumbList","@id":"https:\/\/www.metaflotech.com\/fr_fr\/products\/biopolymers\/dustech\/#breadcrumb","itemListElement":[{"@type":"ListItem","position":1,"name":"Home","item":"https:\/\/www.metaflotech.com\/"},{"@type":"ListItem","position":2,"name":"Products","item":"https:\/\/www.metaflotech.com\/products\/"},{"@type":"ListItem","position":3,"name":"Biopolymers (Tech)","item":"https:\/\/www.metaflotech.com\/products\/biopolymers\/"},{"@type":"ListItem","position":4,"name":"DusTech Dust Control Biopolymer for Unpaved and Haul Roads"}]},{"@type":"WebSite","@id":"https:\/\/www.metaflotech.com\/fr_fr\/#website","url":"https:\/\/www.metaflotech.com\/fr_fr\/","name":"MetaFLO Technologies","description":"Solutions d'ing\u00e9nierie en mati\u00e8re de polym\u00e8res pour les applications industrielles","potentialAction":[{"@type":"SearchAction","target":{"@type":"EntryPoint","urlTemplate":"https:\/\/www.metaflotech.com\/fr_fr\/?s={search_term_string}"},"query-input":{"@type":"PropertyValueSpecification","valueRequired":true,"valueName":"search_term_string"}}],"inLanguage":"fr-FR"}]}},"_links":{"self":[{"href":"https:\/\/www.metaflotech.com\/fr_fr\/wp-json\/wp\/v2\/pages\/95711","targetHints":{"allow":["GET"]}}],"collection":[{"href":"https:\/\/www.metaflotech.com\/fr_fr\/wp-json\/wp\/v2\/pages"}],"about":[{"href":"https:\/\/www.metaflotech.com\/fr_fr\/wp-json\/wp\/v2\/types\/page"}],"author":[{"embeddable":true,"href":"https:\/\/www.metaflotech.com\/fr_fr\/wp-json\/wp\/v2\/users\/1"}],"replies":[{"embeddable":true,"href":"https:\/\/www.metaflotech.com\/fr_fr\/wp-json\/wp\/v2\/comments?post=95711"}],"version-history":[{"count":0,"href":"https:\/\/www.metaflotech.com\/fr_fr\/wp-json\/wp\/v2\/pages\/95711\/revisions"}],"up":[{"embeddable":true,"href":"https:\/\/www.metaflotech.com\/fr_fr\/wp-json\/wp\/v2\/pages\/108180"}],"wp:attachment":[{"href":"https:\/\/www.metaflotech.com\/fr_fr\/wp-json\/wp\/v2\/media?parent=95711"}],"curies":[{"name":"wp","href":"https:\/\/api.w.org\/{rel}","templated":true}]}}