{"id":99458,"date":"2024-10-25T09:59:17","date_gmt":"2024-10-25T09:59:17","guid":{"rendered":"https:\/\/www.metaflotech.com\/?page_id=99458"},"modified":"2026-03-13T12:47:00","modified_gmt":"2026-03-13T12:47:00","slug":"excavations-hydrauliques","status":"publish","type":"page","link":"https:\/\/www.metaflotech.com\/fr_fr\/applications\/hydro-excavations\/","title":{"rendered":"Hydro Excavation Slurry Solidification and Waste Management"},"content":{"rendered":"<img loading=\"lazy\" decoding=\"async\" src=\"https:\/\/www.metaflotech.com\/wp-content\/uploads\/2024\/10\/AdobeStock_334523187.jpeg\" alt=\"C\u00f4t\u00e9 hydrovac\" itemprop=\"image\" height=\"1667\" width=\"2500\" title=\"C\u00f4t\u00e9 hydrovac\" onerror=\"this.style.display='none'\"  \/>\r\n\t<h1><strong>Hydro Excavations<\/strong><\/h1>\r\n<h2><em>Innovation dans l'\u00e9limination des semi-solides \u00e0 base d'eau<\/em><\/h2>\r\n<h3>\r\n\t\tAper\u00e7u de la question\r\n\t<\/h3>\r\n\t<p>L'hydro-excavation (hydrovac) g\u00e9n\u00e8re des boues liquides, g\u00e9n\u00e9ralement d\u00e9vers\u00e9es sur diff\u00e9rents sites de r\u00e9ception.<\/p>\r\n<p>Pour traiter cette boue, plusieurs bacs ou fosses la retiennent jusqu'\u00e0 ce qu'elle s\u00e8che, ou la boue est \u00e9tal\u00e9e sur des lits de s\u00e9chage. Cette m\u00e9thode de traitement traditionnelle n\u00e9cessite une grande surface et peut poser des probl\u00e8mes en cas de pluie ou de neige.<\/p>\r\n<p>Le processus d'\u00e9limination des boues liquides se pr\u00e9sente souvent comme suit :<\/p>\r\n<ol>\r\n<li>Des camions sous vide sp\u00e9cialis\u00e9s transportent le lisier jusqu'\u00e0 une station de transfert.<\/li>\r\n<li>Des agents de gonflement tels que la sciure de bois sont utilis\u00e9s (ils gonflent g\u00e9n\u00e9ralement la boue de 50-200%).<\/li>\r\n<li>Les camions-bennes transportent l'augmentation de la charge de d\u00e9chets vers un site d'\u00e9limination finale.<\/li>\r\n<\/ol>\r\n<p>Cela signifie qu'il faut plus de camions, qu'il faut perdre plus de temps et que les co\u00fbts d'\u00e9limination sont plus \u00e9lev\u00e9s.<\/p>\r\n<h3>\r\n\t\tOverview of MetaFLO&#8217;s product\r\n\t<\/h3>\r\n\t<p>Using MetaFLO&#8217;s reagent, the hydro excavation material is transformed into a dry, earth-like finish.<\/p>\r\n<p>Cette solution ne n\u00e9cessite pas de puisards souterrains et offre une efficacit\u00e9 optimale pour les camions d'hydro-excavation co\u00fbteux et des options d'\u00e9limination peu co\u00fbteuses pour les mat\u00e9riaux solides.<\/p>\r\n<p>The 1% dosage required for solidification with MetaFLO&#8217;s reagent results in a much smaller quantity than would be produced by sawdust or wood chip bulking methods.<\/p>\r\n<p>Cela permet \u00e9galement de r\u00e9duire les activit\u00e9s qui g\u00e9n\u00e8rent une empreinte carbone et d'att\u00e9nuer les risques pour la s\u00e9curit\u00e9 et l'environnement li\u00e9s \u00e0 l'exp\u00e9dition de grandes quantit\u00e9s de d\u00e9chets liquides.<\/p>\r\n<p>Avec MetaFLO, l'\u00e9limination des boues liquides est optimis\u00e9e :<\/p>\r\n<ol>\r\n<li>MetaFLO&#8217;s technology solidifies the liquid waste on-site<\/li>\r\n<li>Les d\u00e9chets solidifi\u00e9s sont transf\u00e9r\u00e9s dans des camions-bennes pour \u00eatre transport\u00e9s directement vers le site d'\u00e9limination final.<\/li>\r\n<\/ol>\r\n<p>Les avantages du proc\u00e9d\u00e9 brevet\u00e9 MetaFLO sont \u00e9vidents :<\/p>\r\n<ul>\r\n<li>\u00c9conomies de co\u00fbts<\/li>\r\n<li>Moins de camions n\u00e9cessaires<\/li>\r\n<li>Pas de transport de liquide co\u00fbteux<\/li>\r\n<li>R\u00e9duction des \u00e9missions de gaz \u00e0 effet de serre<\/li>\r\n<li>Contr\u00f4le des d\u00e9chets<\/li>\r\n<li>Conformit\u00e9 pour le client<\/li>\r\n<li>Sol r\u00e9utilis\u00e9 comme mat\u00e9riau de remblai propre et r\u00e9g\u00e9n\u00e9rateur<\/li>\r\n<li>Moins de paperasserie<\/li>\r\n<\/ul>\r\n<p>MetaFLO Technologies peut collaborer avec le personnel d'exploitation afin d'\u00e9laborer un plan personnalis\u00e9 et efficace pour relever les d\u00e9fis pos\u00e9s par les flux de d\u00e9chets liquides variables (tels que les d\u00e9blais de tunnels, les boues d'hydro-excavation et les lagunes d'eaux us\u00e9es).<\/p>\r\n\t\t\t\t<img loading=\"lazy\" decoding=\"async\" src=\"https:\/\/www.metaflotech.com\/wp-content\/uploads\/2024\/10\/icon-transport-w.png\" alt=\"ic\u00f4ne transport w\" itemprop=\"image\" height=\"311\" width=\"311\" title=\"ic\u00f4ne transport w\" onerror=\"this.style.display='none'\"  \/>\r\n\t<h3><b>R\u00e9duire consid\u00e9rablement les co\u00fbts de transport<\/b><\/h3>\r\n\t\t\t\t<img loading=\"lazy\" decoding=\"async\" src=\"https:\/\/www.metaflotech.com\/wp-content\/uploads\/2024\/10\/icon-ecology-w.png\" alt=\"ic\u00f4ne \u00e9cologie w\" itemprop=\"image\" height=\"311\" width=\"311\" title=\"ic\u00f4ne \u00e9cologie w\" onerror=\"this.style.display='none'\"  \/>\r\n\t<h3><b>Minimiser les risques pour l'environnement et la s\u00e9curit\u00e9<\/b><\/h3>\r\n\t\t\t\t<img loading=\"lazy\" decoding=\"async\" src=\"https:\/\/www.metaflotech.com\/wp-content\/uploads\/2024\/10\/icon-savings-w.png\" alt=\"ic\u00f4ne \u00e9pargne w\" itemprop=\"image\" height=\"311\" width=\"311\" title=\"ic\u00f4ne \u00e9pargne w\" onerror=\"this.style.display='none'\"  \/>\r\n\t<h3><b>Gestion durable et efficace des d\u00e9chets<\/b><\/h3>\r\n\t\t\t\t<img loading=\"lazy\" decoding=\"async\" src=\"https:\/\/www.metaflotech.com\/wp-content\/uploads\/2025\/01\/Method-EN.svg\" alt=\"M\u00e9thode-FR\" itemprop=\"image\" height=\"100\" width=\"100\" title=\"M\u00e9thode-FR\" onerror=\"this.style.display='none'\"  \/>\r\n<h1>\r\n\t\tCamions-bennes et camions-aspirateurs\r\n\t<\/h1>\r\n\t\t\t\t<img loading=\"lazy\" decoding=\"async\" src=\"https:\/\/www.metaflotech.com\/wp-content\/uploads\/2024\/12\/Trucks-2-EN.svg\" alt=\"Camions - 2 FR\" itemprop=\"image\" height=\"100\" width=\"100\" title=\"Camions - 2 FR\" onerror=\"this.style.display='none'\"  \/>\r\n\t\t\t\t<img loading=\"lazy\" decoding=\"async\" src=\"https:\/\/www.metaflotech.com\/wp-content\/uploads\/2024\/12\/Trucks-1-EN.svg\" alt=\"Camions - 1 FR\" itemprop=\"image\" height=\"100\" width=\"100\" title=\"Camions - 1 FR\" onerror=\"this.style.display='none'\"  \/>\r\n\t<h3><strong>Notre processus MetaFLO, qui a fait ses preuves, pr\u00e9sente des avantages \u00e9vidents :<\/strong><\/h3>\r\n<ol>\r\n<li>R\u00e9duction de l'empreinte op\u00e9rationnelle dans les sites urbains encombr\u00e9s pour une gestion rapide des d\u00e9blais<\/li>\r\n<li>Am\u00e9lioration de l'efficacit\u00e9 des transports pour \u00e9vacuer les mat\u00e9riaux secs des sites de projet<\/li>\r\n<li>Des d\u00e9blais solidifi\u00e9s qui r\u00e9pondent aux crit\u00e8res r\u00e9glementaires pour aller directement dans des sites de remblais propres R\u00e9duction des \u00e9missions de gaz \u00e0 effet de serre, am\u00e9lioration de la logistique urbaine, gestion responsable des sols exc\u00e9dentaires<\/li>\r\n<\/ol>\r\n<h2>\r\n\t\t\u00c9tudes de cas\r\n\t<\/h2>\r\n<h3>\r\n\t\t<a href=\"https:\/\/www.metaflotech.com\/wp-content\/uploads\/2024\/12\/MF006-Case-Study-5_-Hydrovac-English-MetaFLO-Technologies.pdf\" title=\"Transformer les d\u00e9chets d&#039;Hydrovac en avantages pour l&#039;agriculture\"  target=\"_self\">\r\n\t\tTransformer les d\u00e9chets d'Hydrovac en avantages pour l'agriculture\r\n\t\t<\/a>\r\n\t<\/h3>\r\n\t<p>MetaFLO r\u00e9utilise la boue d'hydrovac pour am\u00e9liorer la sant\u00e9 et la durabilit\u00e9 des sols pour les agriculteurs canadiens, transformant un sous-produit industriel en une ressource agricole pr\u00e9cieuse.<\/p>","protected":false},"excerpt":{"rendered":"<p>Hydro Excavations Innovation In Water-Based Semi-Solids Disposal Issue at a Glance Hydro excavation (hydrovac) generates liquid slurry, typically dumped at various receiving sites. To deal with this slurry, multiple bins or pits hold it until it dries, or the slurry is spread out on drying beds. This traditional treatment method requires a large area and&hellip;<\/p>","protected":false},"author":1,"featured_media":0,"parent":73499,"menu_order":0,"comment_status":"closed","ping_status":"closed","template":"","meta":{"_acf_changed":false,"inline_featured_image":false,"footnotes":""},"class_list":["post-99458","page","type-page","status-publish","hentry"],"acf":[],"yoast_head":"<!-- This site is optimized with the Yoast SEO plugin v27.4 - https:\/\/yoast.com\/product\/yoast-seo-wordpress\/ -->\n<title>Hydro Excavation Slurry Solidification and Waste Management | MetaFLO Technologies<\/title>\n<meta name=\"description\" content=\"MetaFLO provides polymer solutions for hydro excavation waste management, enabling efficient slurry solidification and safer transport and disposal.\" \/>\n<meta name=\"robots\" content=\"index, follow, max-snippet:-1, max-image-preview:large, max-video-preview:-1\" \/>\n<link rel=\"canonical\" href=\"https:\/\/www.metaflotech.com\/fr_fr\/applications\/excavations-hydrauliques\/\" \/>\n<meta property=\"og:locale\" content=\"fr_FR\" \/>\n<meta property=\"og:type\" content=\"article\" \/>\n<meta property=\"og:title\" content=\"Hydro Excavation Slurry Solidification and Waste Management | MetaFLO Technologies\" \/>\n<meta property=\"og:description\" content=\"MetaFLO provides polymer solutions for hydro excavation waste management, enabling efficient slurry solidification and safer transport and disposal.\" \/>\n<meta property=\"og:url\" content=\"https:\/\/www.metaflotech.com\/fr_fr\/applications\/excavations-hydrauliques\/\" \/>\n<meta property=\"og:site_name\" content=\"MetaFLO Technologies\" \/>\n<meta property=\"article:publisher\" content=\"https:\/\/www.facebook.com\/MetaFLOTechnologies\/\" \/>\n<meta property=\"article:modified_time\" content=\"2026-03-13T12:47:00+00:00\" \/>\n<meta property=\"og:image\" content=\"https:\/\/www.metaflotech.com\/wp-content\/uploads\/2024\/10\/AdobeStock_334523187.jpeg\" \/>\n<meta name=\"twitter:card\" content=\"summary_large_image\" \/>\n<meta name=\"twitter:site\" content=\"@metaflo\" \/>\n<meta name=\"twitter:label1\" content=\"Dur\u00e9e de lecture estim\u00e9e\" \/>\n\t<meta name=\"twitter:data1\" content=\"4 minutes\" \/>\n<script type=\"application\/ld+json\" class=\"yoast-schema-graph\">{\"@context\":\"https:\\\/\\\/schema.org\",\"@graph\":[{\"@type\":\"WebPage\",\"@id\":\"https:\\\/\\\/www.metaflotech.com\\\/fr_fr\\\/applications\\\/hydro-excavations\\\/\",\"url\":\"https:\\\/\\\/www.metaflotech.com\\\/fr_fr\\\/applications\\\/hydro-excavations\\\/\",\"name\":\"Hydro Excavation Slurry Solidification and Waste Management | MetaFLO Technologies\",\"isPartOf\":{\"@id\":\"https:\\\/\\\/www.metaflotech.com\\\/fr_fr\\\/#website\"},\"primaryImageOfPage\":{\"@id\":\"https:\\\/\\\/www.metaflotech.com\\\/fr_fr\\\/applications\\\/hydro-excavations\\\/#primaryimage\"},\"image\":{\"@id\":\"https:\\\/\\\/www.metaflotech.com\\\/fr_fr\\\/applications\\\/hydro-excavations\\\/#primaryimage\"},\"thumbnailUrl\":\"https:\\\/\\\/www.metaflotech.com\\\/wp-content\\\/uploads\\\/2024\\\/10\\\/AdobeStock_334523187.jpeg\",\"datePublished\":\"2024-10-25T09:59:17+00:00\",\"dateModified\":\"2026-03-13T12:47:00+00:00\",\"description\":\"MetaFLO provides polymer solutions for hydro excavation waste management, enabling efficient slurry solidification and safer transport and disposal.\",\"breadcrumb\":{\"@id\":\"https:\\\/\\\/www.metaflotech.com\\\/fr_fr\\\/applications\\\/hydro-excavations\\\/#breadcrumb\"},\"inLanguage\":\"fr-FR\",\"potentialAction\":[{\"@type\":\"ReadAction\",\"target\":[\"https:\\\/\\\/www.metaflotech.com\\\/fr_fr\\\/applications\\\/hydro-excavations\\\/\"]}]},{\"@type\":\"ImageObject\",\"inLanguage\":\"fr-FR\",\"@id\":\"https:\\\/\\\/www.metaflotech.com\\\/fr_fr\\\/applications\\\/hydro-excavations\\\/#primaryimage\",\"url\":\"https:\\\/\\\/www.metaflotech.com\\\/wp-content\\\/uploads\\\/2024\\\/10\\\/AdobeStock_334523187.jpeg\",\"contentUrl\":\"https:\\\/\\\/www.metaflotech.com\\\/wp-content\\\/uploads\\\/2024\\\/10\\\/AdobeStock_334523187.jpeg\"},{\"@type\":\"BreadcrumbList\",\"@id\":\"https:\\\/\\\/www.metaflotech.com\\\/fr_fr\\\/applications\\\/hydro-excavations\\\/#breadcrumb\",\"itemListElement\":[{\"@type\":\"ListItem\",\"position\":1,\"name\":\"Home\",\"item\":\"https:\\\/\\\/www.metaflotech.com\\\/\"},{\"@type\":\"ListItem\",\"position\":2,\"name\":\"Applications\",\"item\":\"https:\\\/\\\/www.metaflotech.com\\\/applications\\\/\"},{\"@type\":\"ListItem\",\"position\":3,\"name\":\"Hydro Excavation Slurry Solidification and Waste Management\"}]},{\"@type\":\"WebSite\",\"@id\":\"https:\\\/\\\/www.metaflotech.com\\\/fr_fr\\\/#website\",\"url\":\"https:\\\/\\\/www.metaflotech.com\\\/fr_fr\\\/\",\"name\":\"MetaFLO Technologies\",\"description\":\"Engineered Polymer Solutions For Industrial Applications\",\"potentialAction\":[{\"@type\":\"SearchAction\",\"target\":{\"@type\":\"EntryPoint\",\"urlTemplate\":\"https:\\\/\\\/www.metaflotech.com\\\/fr_fr\\\/?s={search_term_string}\"},\"query-input\":{\"@type\":\"PropertyValueSpecification\",\"valueRequired\":true,\"valueName\":\"search_term_string\"}}],\"inLanguage\":\"fr-FR\"}]}<\/script>\n<!-- \/ Yoast SEO plugin. -->","yoast_head_json":{"title":"Hydro Excavation Slurry Solidification and Waste Management | MetaFLO Technologies","description":"MetaFLO provides polymer solutions for hydro excavation waste management, enabling efficient slurry solidification and safer transport and disposal.","robots":{"index":"index","follow":"follow","max-snippet":"max-snippet:-1","max-image-preview":"max-image-preview:large","max-video-preview":"max-video-preview:-1"},"canonical":"https:\/\/www.metaflotech.com\/fr_fr\/applications\/excavations-hydrauliques\/","og_locale":"fr_FR","og_type":"article","og_title":"Hydro Excavation Slurry Solidification and Waste Management | MetaFLO Technologies","og_description":"MetaFLO provides polymer solutions for hydro excavation waste management, enabling efficient slurry solidification and safer transport and disposal.","og_url":"https:\/\/www.metaflotech.com\/fr_fr\/applications\/excavations-hydrauliques\/","og_site_name":"MetaFLO Technologies","article_publisher":"https:\/\/www.facebook.com\/MetaFLOTechnologies\/","article_modified_time":"2026-03-13T12:47:00+00:00","og_image":[{"url":"https:\/\/www.metaflotech.com\/wp-content\/uploads\/2024\/10\/AdobeStock_334523187.jpeg","type":"","width":"","height":""}],"twitter_card":"summary_large_image","twitter_site":"@metaflo","twitter_misc":{"Dur\u00e9e de lecture estim\u00e9e":"4 minutes"},"schema":{"@context":"https:\/\/schema.org","@graph":[{"@type":"WebPage","@id":"https:\/\/www.metaflotech.com\/fr_fr\/applications\/hydro-excavations\/","url":"https:\/\/www.metaflotech.com\/fr_fr\/applications\/hydro-excavations\/","name":"Hydro Excavation Slurry Solidification and Waste Management | MetaFLO Technologies","isPartOf":{"@id":"https:\/\/www.metaflotech.com\/fr_fr\/#website"},"primaryImageOfPage":{"@id":"https:\/\/www.metaflotech.com\/fr_fr\/applications\/hydro-excavations\/#primaryimage"},"image":{"@id":"https:\/\/www.metaflotech.com\/fr_fr\/applications\/hydro-excavations\/#primaryimage"},"thumbnailUrl":"https:\/\/www.metaflotech.com\/wp-content\/uploads\/2024\/10\/AdobeStock_334523187.jpeg","datePublished":"2024-10-25T09:59:17+00:00","dateModified":"2026-03-13T12:47:00+00:00","description":"MetaFLO provides polymer solutions for hydro excavation waste management, enabling efficient slurry solidification and safer transport and disposal.","breadcrumb":{"@id":"https:\/\/www.metaflotech.com\/fr_fr\/applications\/hydro-excavations\/#breadcrumb"},"inLanguage":"fr-FR","potentialAction":[{"@type":"ReadAction","target":["https:\/\/www.metaflotech.com\/fr_fr\/applications\/hydro-excavations\/"]}]},{"@type":"ImageObject","inLanguage":"fr-FR","@id":"https:\/\/www.metaflotech.com\/fr_fr\/applications\/hydro-excavations\/#primaryimage","url":"https:\/\/www.metaflotech.com\/wp-content\/uploads\/2024\/10\/AdobeStock_334523187.jpeg","contentUrl":"https:\/\/www.metaflotech.com\/wp-content\/uploads\/2024\/10\/AdobeStock_334523187.jpeg"},{"@type":"BreadcrumbList","@id":"https:\/\/www.metaflotech.com\/fr_fr\/applications\/hydro-excavations\/#breadcrumb","itemListElement":[{"@type":"ListItem","position":1,"name":"Home","item":"https:\/\/www.metaflotech.com\/"},{"@type":"ListItem","position":2,"name":"Applications","item":"https:\/\/www.metaflotech.com\/applications\/"},{"@type":"ListItem","position":3,"name":"Hydro Excavation Slurry Solidification and Waste Management"}]},{"@type":"WebSite","@id":"https:\/\/www.metaflotech.com\/fr_fr\/#website","url":"https:\/\/www.metaflotech.com\/fr_fr\/","name":"MetaFLO Technologies","description":"Solutions d'ing\u00e9nierie en mati\u00e8re de polym\u00e8res pour les applications industrielles","potentialAction":[{"@type":"SearchAction","target":{"@type":"EntryPoint","urlTemplate":"https:\/\/www.metaflotech.com\/fr_fr\/?s={search_term_string}"},"query-input":{"@type":"PropertyValueSpecification","valueRequired":true,"valueName":"search_term_string"}}],"inLanguage":"fr-FR"}]}},"_links":{"self":[{"href":"https:\/\/www.metaflotech.com\/fr_fr\/wp-json\/wp\/v2\/pages\/99458","targetHints":{"allow":["GET"]}}],"collection":[{"href":"https:\/\/www.metaflotech.com\/fr_fr\/wp-json\/wp\/v2\/pages"}],"about":[{"href":"https:\/\/www.metaflotech.com\/fr_fr\/wp-json\/wp\/v2\/types\/page"}],"author":[{"embeddable":true,"href":"https:\/\/www.metaflotech.com\/fr_fr\/wp-json\/wp\/v2\/users\/1"}],"replies":[{"embeddable":true,"href":"https:\/\/www.metaflotech.com\/fr_fr\/wp-json\/wp\/v2\/comments?post=99458"}],"version-history":[{"count":0,"href":"https:\/\/www.metaflotech.com\/fr_fr\/wp-json\/wp\/v2\/pages\/99458\/revisions"}],"up":[{"embeddable":true,"href":"https:\/\/www.metaflotech.com\/fr_fr\/wp-json\/wp\/v2\/pages\/73499"}],"wp:attachment":[{"href":"https:\/\/www.metaflotech.com\/fr_fr\/wp-json\/wp\/v2\/media?parent=99458"}],"curies":[{"name":"wp","href":"https:\/\/api.w.org\/{rel}","templated":true}]}}