{"id":108080,"date":"2024-11-08T08:29:34","date_gmt":"2024-11-08T08:29:34","guid":{"rendered":"https:\/\/www.metaflotech.com\/?page_id=108080"},"modified":"2025-11-22T07:50:39","modified_gmt":"2025-11-22T07:50:39","slug":"reagenti-per-la-solidificazione","status":"publish","type":"page","link":"https:\/\/www.metaflotech.com\/it\/products\/solidification-reagents\/","title":{"rendered":"Reagenti di solidificazione (MF)"},"content":{"rendered":"<h1>\n\t\t\tReagenti di solidificazione (MF)\t<\/h1>\n\t<h1>Rivoluzionare la solidificazione dei rifiuti liquidi<\/h1>\n\t<p>MetaFLO \u00e8 il fornitore leader di prodotti chimici innovativi ed ecologici e di sistemi di erogazione dei reagenti unici per il trattamento dei flussi di rifiuti liquidi.<\/p>\n<p>In poche parole, aiutiamo le persone a <strong>trasformare i rifiuti liquidi in un solido gestibile nel luogo di generazione dei fluidi.<\/strong><\/p>\n\t<h3><strong>Applicazione<\/strong><\/h3>\n\t\t\t <p><a href=\"https:\/\/www.metaflotech.com\/it\/applicazioni\/perforazione-orizzontale-direzionale\/\">Perforazione direzionale orizzontale<\/a>, <a href=\"https:\/\/www.metaflotech.com\/it\/applicazioni\/tunneling\/\">Tunneling e microtunneling<\/a><\/p>\t\t\n\t\t\t <p><a href=\"https:\/\/www.metaflotech.com\/it\/industrie\/petrolio-e-gas\/\">Perforazione di petrolio e gas<\/a><\/p>\u00a0\t\t\n\t\t\t <p><a href=\"https:\/\/www.metaflotech.com\/it\/applicazioni\/scavi-idroelettrici\/\">Idroscavatori<\/a><\/p>\u00a0\t\t\n\t\t\t <p><a href=\"https:\/\/www.metaflotech.com\/it\/applicazioni\/environmental-dredging\/\">Dragaggio ambientale<\/a><\/p>\u00a0\t\t\n\t<h3><strong>Vantaggi<\/strong><\/h3>\n\t\t\t <p>Riduzione del rischio e della responsabilit\u00e0, miglioramento della sicurezza in cantiere<\/p>\t\t\n\t\t\t <p>Ridurre i costi di gestione dei rifiuti liquidi<\/p>\t\t\n\t\t\t <p>Ridurre l'impatto ambientale<\/p>\t\t\n\t\t<iframe loading=\"lazy\" width=\"1120\" height=\"630\" src=\"https:\/\/www.youtube-nocookie.com\/embed\/FKZ48xxmRfM\" title=\"Solidification Process Explained - MetaFLO Technologies\" frameborder=\"0\" allow=\"accelerometer; autoplay; clipboard-write; encrypted-media; gyroscope; picture-in-picture; web-share\" referrerpolicy=\"strict-origin-when-cross-origin\" allowfullscreen><\/iframe>\t\n\t<h1><strong>Attributi del prodotto<\/strong><\/h1>\n <strong>Reduces industrial waste disposal costs &#8211; expands in volume by less than 1%.<\/strong>\n<strong> Polimero non biodegradabile (40 CFR 264.314 (e)(ii)).<\/strong>\n<strong> Se utilizzati correttamente, i fanghi di scarto superano il Paint Filter Test (EPA 9095).<\/strong>\n <strong>Testato per il congelamento e il disgelo. Il polimero non rilascia liquidi liberi.<\/strong>\n<strong> Il polimero assorbe in modo eccellente rifiuti acquosi con pH &gt; 4.<\/strong>\n<strong> Per i rifiuti altamente acidi si raccomanda la neutralizzazione (regolazione del pH).<\/strong>\n<p>&nbsp;<\/p>\n<p>L'introduzione dei nostri polimeri snellisce il processo complessivo e riduce la tossicit\u00e0 degli sterili di miniera. La cosa migliore \u00e8 capire dove l'additivo pu\u00f2 essere pi\u00f9 efficace nel vostro processo specifico. Gli ingegneri MetaFLO sono a disposizione per aiutarvi dall'inizio alla fine, fornendovi indicazioni per i test al banco, per la creazione di un progetto pilota e per lavorare a stretto contatto con voi per l'avvio della produzione.<\/p>\n\t\t\t\t<img decoding=\"async\" src=\"https:\/\/www.metaflotech.com\/wp-content\/uploads\/2024\/10\/Polymer-benefits.png\" alt=\"Vantaggi dei polimeri\" itemprop=\"image\" height=\"694\" width=\"694\" title=\"Vantaggi dei polimeri\" onerror=\"this.style.display='none'\" loading=\"lazy\" \/>\n\t\t\t\t<a href=\"https:\/\/www.metaflotech.com\/it\/prodotti\/reagenti-per-la-solidificazione\/mf003\/\"  target=\"_self\" itemprop=\"url\">\n\t\t\t\t<img decoding=\"async\" src=\"https:\/\/www.metaflotech.com\/wp-content\/uploads\/2024\/03\/Dark-MF003.svg\" alt=\"MF003\" itemprop=\"image\" height=\"100\" width=\"100\" onerror=\"this.style.display='none'\" loading=\"lazy\" \/>\n\t\t\t\t<\/a>\n\t<p><strong>\u2713 L<\/strong>flussi di rifiuti liquidi<\/p>\n\t\t\t\t<a href=\"https:\/\/www.metaflotech.com\/it\/prodotti\/reagenti-per-la-solidificazione\/mf006\/\"  target=\"_self\" itemprop=\"url\">\n\t\t\t\t<img decoding=\"async\" src=\"https:\/\/www.metaflotech.com\/wp-content\/uploads\/2024\/03\/Dark-MF006.svg\" alt=\"MF006\" itemprop=\"image\" height=\"100\" width=\"100\" onerror=\"this.style.display='none'\" loading=\"lazy\" \/>\n\t\t\t\t<\/a>\n\t<p><strong>\u2713 Semisolidi a base d'acqua<\/strong><\/p>\n\t\t\t\t<a href=\"https:\/\/www.metaflotech.com\/it\/prodotti\/reagenti-per-la-solidificazione\/mf008\/\"  target=\"_self\" itemprop=\"url\">\n\t\t\t\t<img decoding=\"async\" src=\"https:\/\/www.metaflotech.com\/wp-content\/uploads\/2024\/03\/Dark-MF008.svg\" alt=\"Scuro MF008\" itemprop=\"image\" height=\"100\" width=\"100\" title=\"Scuro MF008\" onerror=\"this.style.display='none'\" loading=\"lazy\" \/>\n\t\t\t\t<\/a>\n\t<p><strong>\u2713 Applicazioni per petrolio e gas<\/strong><\/p>","protected":false},"excerpt":{"rendered":"<p>Solidification Reagents (MF) Revolutionizing Liquid Waste Solidification MetaFLO is the leading provider of innovative, environmentally friendly chemistry and unique reagent delivery systems for the treatment of liquid waste streams. Simply put, we help people rapidly turn liquid waste into a manageable solid at the site of fluid generation. Application Horizontal Directional Drilling, Tunneling &amp; Microtunneling&hellip;<\/p>","protected":false},"author":1,"featured_media":0,"parent":109809,"menu_order":0,"comment_status":"closed","ping_status":"closed","template":"","meta":{"_acf_changed":false,"inline_featured_image":false,"footnotes":""},"class_list":["post-108080","page","type-page","status-publish","hentry"],"acf":[],"yoast_head":"<!-- This site is optimized with the Yoast SEO plugin v27.4 - https:\/\/yoast.com\/product\/yoast-seo-wordpress\/ -->\n<title>Solidification Reagents (MF) | MetaFLO Technologies<\/title>\n<meta name=\"description\" content=\"FOCUSED ON ENGINEERED SOLUTIONS FOR LIQUID WASTE SOLIDIFICATION THAT ARE EFFECTIVE, EFFICIENT AND MINIMIZE ENVIRONMENTAL IMPACT.\" \/>\n<meta name=\"robots\" content=\"index, follow, max-snippet:-1, max-image-preview:large, max-video-preview:-1\" \/>\n<link rel=\"canonical\" href=\"https:\/\/www.metaflotech.com\/it\/prodotti\/reagenti-per-la-solidificazione\/\" \/>\n<meta property=\"og:locale\" content=\"it_IT\" \/>\n<meta property=\"og:type\" content=\"article\" \/>\n<meta property=\"og:title\" content=\"Solidification Reagents (MF) | MetaFLO Technologies\" \/>\n<meta property=\"og:description\" content=\"FOCUSED ON ENGINEERED SOLUTIONS FOR LIQUID WASTE SOLIDIFICATION THAT ARE EFFECTIVE, EFFICIENT AND MINIMIZE ENVIRONMENTAL IMPACT.\" \/>\n<meta property=\"og:url\" content=\"https:\/\/www.metaflotech.com\/it\/prodotti\/reagenti-per-la-solidificazione\/\" \/>\n<meta property=\"og:site_name\" content=\"MetaFLO Technologies\" \/>\n<meta property=\"article:publisher\" content=\"https:\/\/www.facebook.com\/MetaFLOTechnologies\/\" \/>\n<meta property=\"article:modified_time\" content=\"2025-11-22T07:50:39+00:00\" \/>\n<meta property=\"og:image\" content=\"https:\/\/www.metaflotech.com\/wp-content\/uploads\/2024\/10\/Polymer-benefits.png\" \/>\n<meta name=\"twitter:card\" content=\"summary_large_image\" \/>\n<meta name=\"twitter:site\" content=\"@metaflo\" \/>\n<meta name=\"twitter:label1\" content=\"Tempo di lettura stimato\" \/>\n\t<meta name=\"twitter:data1\" content=\"3 minuti\" \/>\n<script type=\"application\/ld+json\" class=\"yoast-schema-graph\">{\"@context\":\"https:\\\/\\\/schema.org\",\"@graph\":[{\"@type\":\"WebPage\",\"@id\":\"https:\\\/\\\/www.metaflotech.com\\\/it\\\/products\\\/solidification-reagents\\\/\",\"url\":\"https:\\\/\\\/www.metaflotech.com\\\/it\\\/products\\\/solidification-reagents\\\/\",\"name\":\"Solidification Reagents (MF) | MetaFLO Technologies\",\"isPartOf\":{\"@id\":\"https:\\\/\\\/www.metaflotech.com\\\/it\\\/#website\"},\"primaryImageOfPage\":{\"@id\":\"https:\\\/\\\/www.metaflotech.com\\\/it\\\/products\\\/solidification-reagents\\\/#primaryimage\"},\"image\":{\"@id\":\"https:\\\/\\\/www.metaflotech.com\\\/it\\\/products\\\/solidification-reagents\\\/#primaryimage\"},\"thumbnailUrl\":\"https:\\\/\\\/www.metaflotech.com\\\/wp-content\\\/uploads\\\/2024\\\/10\\\/Polymer-benefits.png\",\"datePublished\":\"2024-11-08T08:29:34+00:00\",\"dateModified\":\"2025-11-22T07:50:39+00:00\",\"description\":\"FOCUSED ON ENGINEERED SOLUTIONS FOR LIQUID WASTE SOLIDIFICATION THAT ARE EFFECTIVE, EFFICIENT AND MINIMIZE ENVIRONMENTAL IMPACT.\",\"breadcrumb\":{\"@id\":\"https:\\\/\\\/www.metaflotech.com\\\/it\\\/products\\\/solidification-reagents\\\/#breadcrumb\"},\"inLanguage\":\"it-IT\",\"potentialAction\":[{\"@type\":\"ReadAction\",\"target\":[\"https:\\\/\\\/www.metaflotech.com\\\/it\\\/products\\\/solidification-reagents\\\/\"]}]},{\"@type\":\"ImageObject\",\"inLanguage\":\"it-IT\",\"@id\":\"https:\\\/\\\/www.metaflotech.com\\\/it\\\/products\\\/solidification-reagents\\\/#primaryimage\",\"url\":\"https:\\\/\\\/www.metaflotech.com\\\/wp-content\\\/uploads\\\/2024\\\/10\\\/Polymer-benefits.png\",\"contentUrl\":\"https:\\\/\\\/www.metaflotech.com\\\/wp-content\\\/uploads\\\/2024\\\/10\\\/Polymer-benefits.png\"},{\"@type\":\"BreadcrumbList\",\"@id\":\"https:\\\/\\\/www.metaflotech.com\\\/it\\\/products\\\/solidification-reagents\\\/#breadcrumb\",\"itemListElement\":[{\"@type\":\"ListItem\",\"position\":1,\"name\":\"Home\",\"item\":\"https:\\\/\\\/www.metaflotech.com\\\/\"},{\"@type\":\"ListItem\",\"position\":2,\"name\":\"Products\",\"item\":\"https:\\\/\\\/www.metaflotech.com\\\/products\\\/\"},{\"@type\":\"ListItem\",\"position\":3,\"name\":\"Solidification Reagents (MF)\"}]},{\"@type\":\"WebSite\",\"@id\":\"https:\\\/\\\/www.metaflotech.com\\\/it\\\/#website\",\"url\":\"https:\\\/\\\/www.metaflotech.com\\\/it\\\/\",\"name\":\"MetaFLO Technologies\",\"description\":\"Engineered Polymer Solutions For Industrial Applications\",\"potentialAction\":[{\"@type\":\"SearchAction\",\"target\":{\"@type\":\"EntryPoint\",\"urlTemplate\":\"https:\\\/\\\/www.metaflotech.com\\\/it\\\/?s={search_term_string}\"},\"query-input\":{\"@type\":\"PropertyValueSpecification\",\"valueRequired\":true,\"valueName\":\"search_term_string\"}}],\"inLanguage\":\"it-IT\"}]}<\/script>\n<!-- \/ Yoast SEO plugin. -->","yoast_head_json":{"title":"Solidification Reagents (MF) | MetaFLO Technologies","description":"SI CONCENTRA SU SOLUZIONI INGEGNERISTICHE PER LA SOLIDIFICAZIONE DEI RIFIUTI LIQUIDI CHE SIANO EFFICACI, EFFICIENTI E RIDUCANO AL MINIMO L'IMPATTO AMBIENTALE.","robots":{"index":"index","follow":"follow","max-snippet":"max-snippet:-1","max-image-preview":"max-image-preview:large","max-video-preview":"max-video-preview:-1"},"canonical":"https:\/\/www.metaflotech.com\/it\/prodotti\/reagenti-per-la-solidificazione\/","og_locale":"it_IT","og_type":"article","og_title":"Solidification Reagents (MF) | MetaFLO Technologies","og_description":"FOCUSED ON ENGINEERED SOLUTIONS FOR LIQUID WASTE SOLIDIFICATION THAT ARE EFFECTIVE, EFFICIENT AND MINIMIZE ENVIRONMENTAL IMPACT.","og_url":"https:\/\/www.metaflotech.com\/it\/prodotti\/reagenti-per-la-solidificazione\/","og_site_name":"MetaFLO Technologies","article_publisher":"https:\/\/www.facebook.com\/MetaFLOTechnologies\/","article_modified_time":"2025-11-22T07:50:39+00:00","og_image":[{"url":"https:\/\/www.metaflotech.com\/wp-content\/uploads\/2024\/10\/Polymer-benefits.png","type":"","width":"","height":""}],"twitter_card":"summary_large_image","twitter_site":"@metaflo","twitter_misc":{"Tempo di lettura stimato":"3 minuti"},"schema":{"@context":"https:\/\/schema.org","@graph":[{"@type":"WebPage","@id":"https:\/\/www.metaflotech.com\/it\/products\/solidification-reagents\/","url":"https:\/\/www.metaflotech.com\/it\/products\/solidification-reagents\/","name":"Solidification Reagents (MF) | MetaFLO Technologies","isPartOf":{"@id":"https:\/\/www.metaflotech.com\/it\/#website"},"primaryImageOfPage":{"@id":"https:\/\/www.metaflotech.com\/it\/products\/solidification-reagents\/#primaryimage"},"image":{"@id":"https:\/\/www.metaflotech.com\/it\/products\/solidification-reagents\/#primaryimage"},"thumbnailUrl":"https:\/\/www.metaflotech.com\/wp-content\/uploads\/2024\/10\/Polymer-benefits.png","datePublished":"2024-11-08T08:29:34+00:00","dateModified":"2025-11-22T07:50:39+00:00","description":"SI CONCENTRA SU SOLUZIONI INGEGNERISTICHE PER LA SOLIDIFICAZIONE DEI RIFIUTI LIQUIDI CHE SIANO EFFICACI, EFFICIENTI E RIDUCANO AL MINIMO L'IMPATTO AMBIENTALE.","breadcrumb":{"@id":"https:\/\/www.metaflotech.com\/it\/products\/solidification-reagents\/#breadcrumb"},"inLanguage":"it-IT","potentialAction":[{"@type":"ReadAction","target":["https:\/\/www.metaflotech.com\/it\/products\/solidification-reagents\/"]}]},{"@type":"ImageObject","inLanguage":"it-IT","@id":"https:\/\/www.metaflotech.com\/it\/products\/solidification-reagents\/#primaryimage","url":"https:\/\/www.metaflotech.com\/wp-content\/uploads\/2024\/10\/Polymer-benefits.png","contentUrl":"https:\/\/www.metaflotech.com\/wp-content\/uploads\/2024\/10\/Polymer-benefits.png"},{"@type":"BreadcrumbList","@id":"https:\/\/www.metaflotech.com\/it\/products\/solidification-reagents\/#breadcrumb","itemListElement":[{"@type":"ListItem","position":1,"name":"Home","item":"https:\/\/www.metaflotech.com\/"},{"@type":"ListItem","position":2,"name":"Products","item":"https:\/\/www.metaflotech.com\/products\/"},{"@type":"ListItem","position":3,"name":"Solidification Reagents (MF)"}]},{"@type":"WebSite","@id":"https:\/\/www.metaflotech.com\/it\/#website","url":"https:\/\/www.metaflotech.com\/it\/","name":"Tecnologie MetaFLO","description":"Soluzioni polimeriche ingegnerizzate per applicazioni industriali","potentialAction":[{"@type":"SearchAction","target":{"@type":"EntryPoint","urlTemplate":"https:\/\/www.metaflotech.com\/it\/?s={search_term_string}"},"query-input":{"@type":"PropertyValueSpecification","valueRequired":true,"valueName":"search_term_string"}}],"inLanguage":"it-IT"}]}},"_links":{"self":[{"href":"https:\/\/www.metaflotech.com\/it\/wp-json\/wp\/v2\/pages\/108080","targetHints":{"allow":["GET"]}}],"collection":[{"href":"https:\/\/www.metaflotech.com\/it\/wp-json\/wp\/v2\/pages"}],"about":[{"href":"https:\/\/www.metaflotech.com\/it\/wp-json\/wp\/v2\/types\/page"}],"author":[{"embeddable":true,"href":"https:\/\/www.metaflotech.com\/it\/wp-json\/wp\/v2\/users\/1"}],"replies":[{"embeddable":true,"href":"https:\/\/www.metaflotech.com\/it\/wp-json\/wp\/v2\/comments?post=108080"}],"version-history":[{"count":0,"href":"https:\/\/www.metaflotech.com\/it\/wp-json\/wp\/v2\/pages\/108080\/revisions"}],"up":[{"embeddable":true,"href":"https:\/\/www.metaflotech.com\/it\/wp-json\/wp\/v2\/pages\/109809"}],"wp:attachment":[{"href":"https:\/\/www.metaflotech.com\/it\/wp-json\/wp\/v2\/media?parent=108080"}],"curies":[{"name":"wp","href":"https:\/\/api.w.org\/{rel}","templated":true}]}}