{"id":115954,"date":"2024-12-10T09:58:37","date_gmt":"2024-12-10T09:58:37","guid":{"rendered":"https:\/\/www.metaflotech.com\/?page_id=115954"},"modified":"2026-03-12T13:02:13","modified_gmt":"2026-03-12T13:02:13","slug":"stabilizzazione-del-terreno","status":"publish","type":"page","link":"https:\/\/www.metaflotech.com\/it\/applications\/soil-stabilization\/","title":{"rendered":"Soil Stabilization for Unpaved, Gravel and Haul Roads"},"content":{"rendered":"<img decoding=\"async\" src=\"https:\/\/www.metaflotech.com\/wp-content\/uploads\/2024\/12\/scene-construction-site-with-equipment_23-2151317307.jpg\" alt=\"scene-construction-site-with-equipment_23-2151317307\" itemprop=\"image\" height=\"1200\" width=\"1800\" title=\"scene-construction-site-with-equipment_23-2151317307\" onerror=\"this.style.display='none'\" loading='lazy' \/>\r\n\t<h1><strong>Stabilizzazione del suolo<\/strong><\/h1>\r\n<h2><em>Stabilizzazione del suolo innovativa, sostenibile e conveniente<\/em><\/h2>\r\n<h3>\r\n\t\t\tIl problema in sintesi\t<\/h3>\r\n\t<p>Subgrade regularization and backfill layers must be stable so that infrastructure isn&#8217;t compromised by heavy rains and transportation. In addition, high CBR ground conditions are necessary to reduce maintenance of the surface. Traditional methods to achieve these goals require substantial water usage and high operational costs.<\/p>\r\n<h3>\r\n\t\t\tOverview of MetaFLO&#8217;s product\t<\/h3>\r\n\t<p><b>SoilTech<\/b> \u00e8 la nostra soluzione innovativa a base di biopolimeri per la stabilizzazione del suolo. \u00c8 progettata per migliorare le propriet\u00e0 meccaniche del suolo e aumentare la coesione nell'agglomerato di particelle nell'area trattata.<\/p>\r\n<h1>\r\n\t\t\tCOME FUNZIONA\t<\/h1>\r\n\t\t\t <p><strong>SoilTech viene diluito in modo da reagire chimicamente con i minerali presenti nel terreno,<\/strong> forming a new, more resistant and compact structure-in addition to increasing the soil&#8217;s impermeability. <\/p>\t\t\r\n\t\t\t <p><strong>SoilTech agisce come stabilizzatore quando viene applicato nel terreno,<\/strong> migliorando significativamente le sue propriet\u00e0 meccaniche e riducendo notevolmente la quantit\u00e0 di acqua necessaria rispetto ai metodi tradizionali. <\/p>\t\t\r\n\t\t\t <p><strong>\u00c8 solubile in acqua,<\/strong> pu\u00f2 essere diluito direttamente nella cisterna dell'acqua ed \u00e8 facile da applicare.<\/p>\t\t\r\n\t\t\t <p><strong>SoilTech pu\u00f2 essere utilizzato efficacemente su qualsiasi tipo di terreno,<\/strong> come quelli argillosi, limosi, sabbiosi, ecc. Aumenta la coesione del terreno, eliminando efficacemente le emissioni di polvere nell'aria.<\/p>\t\t\r\n\t\t\t<a href=\"https:\/\/www.metaflotech.com\/it\/prodotti\/biopolimeri\/soiltech\/\" target=\"_self\">\r\n\t\t\t\t\t\t\tSAPERNE DI PI\u00d9\r\n\t\t\t\t\t<\/a>\r\n<h1>\r\n\t\t\tBENEFICI\t<\/h1>\r\n\t\t\t\t<img decoding=\"async\" src=\"https:\/\/www.metaflotech.com\/wp-content\/uploads\/2024\/12\/water-reduction.svg\" alt=\"riduzione dell&#039;acqua\" itemprop=\"image\" height=\"100\" width=\"100\" title=\"riduzione dell&#039;acqua\" onerror=\"this.style.display='none'\" loading='lazy' \/>\r\n\t<h3><b>RIDUZIONE DELL'ACQUA<\/b><\/h3>\r\n<p>Riduce significativamente la quantit\u00e0 di acqua necessaria al processo rispetto ad altre tecniche convenzionali.<\/p>\r\n\t\t\t\t<img decoding=\"async\" src=\"https:\/\/www.metaflotech.com\/wp-content\/uploads\/2024\/12\/environmentally-safe.svg\" alt=\"sicuro per l&#039;ambiente\" itemprop=\"image\" height=\"100\" width=\"100\" title=\"sicuro per l&#039;ambiente\" onerror=\"this.style.display='none'\" loading='lazy' \/>\r\n\t<h3><b>SICURO PER L'AMBIENTE<\/b><\/h3>\r\n<p>Prodotto dalle alghe e privo di contaminanti chimici che potrebbero avere un impatto sull'ambiente.<\/p>\r\n\t\t\t\t<img decoding=\"async\" src=\"https:\/\/www.metaflotech.com\/wp-content\/uploads\/2024\/12\/operational-efficiency.svg\" alt=\"efficienza operativa\" itemprop=\"image\" height=\"100\" width=\"100\" title=\"efficienza operativa\" onerror=\"this.style.display='none'\" loading='lazy' \/>\r\n\t<h3><b>EFFICIENZA OPERATIVA<\/b><\/h3>\r\n<p>Applicazione semplificata e nessun macchinario aggiuntivo richiesto, per tempi di costruzione pi\u00f9 rapidi.<\/p>\r\n<h2>\r\n\t\t\tCasi di studio\t<\/h2>\r\n<h3>\r\n\t\t<a href=\"https:\/\/www.metaflotech.com\/wp-content\/uploads\/2025\/07\/SoilTech-Case-Study-1-English-MetaFLO-Technologies.pdf\" title=\"SoilTech Powers stabilizzazione sostenibile delle strade\"  target=\"_self\">\r\n\t\t\tSoilTech Powers stabilizzazione sostenibile delle strade\t\t<\/a>\r\n\t<\/h3>\r\n\t<p>MetaFLO&#8217;s innovative stabilization solution provided essential cost savings, productivity gains, and environmental benefits to keep a large-scale roadway project on schedule and within budget.<\/p>\r\n<h3>\r\n\t\t<a href=\"https:\/\/www.metaflotech.com\/wp-content\/uploads\/2025\/07\/SoilTech-Case-Study-2-English-MetaFLO-Technologies.pdf\" title=\"SoilTech alimenta uno strato di riempimento ferroviario sostenibile\"  target=\"_self\">\r\n\t\t\tSoilTech alimenta uno strato di riempimento ferroviario sostenibile\t\t<\/a>\r\n\t<\/h3>\r\n\t<p>The use of MetaFLO&#8217;s biopolymer resulted in notable cost savings, productivity gains, and environmental benefits for a large-scale railway project by speeding up the stabilization process while cutting down water usage.<\/p>\r\n<h3>\r\n\t\t<a href=\"https:\/\/www.metaflotech.com\/wp-content\/uploads\/2025\/07\/SoilTech-Case-Study-3-English-MetaFLO-Technologies.pdf\" title=\"SoilTech alimenta la strada sostenibile dalle terre indigene\"  target=\"_self\">\r\n\t\t\tSoilTech alimenta la strada sostenibile dalle terre indigene\t\t<\/a>\r\n\t<\/h3>\r\n\t<p>MetaFLO&#8217;s biopolymer quickly turned a potentially hazardous unpaved road into a compact and durable surface while saving time and money.<\/p>","protected":false},"excerpt":{"rendered":"<p>Soil Stabilization Innovative, Sustainable And Cost-Effective Soil Stabilization Issue at a Glance Subgrade regularization and backfill layers must be stable so that infrastructure isn&#8217;t compromised by heavy rains and transportation. In addition, high CBR ground conditions are necessary to reduce maintenance of the surface. Traditional methods to achieve these goals require substantial water usage and&hellip;<\/p>","protected":false},"author":1,"featured_media":0,"parent":73499,"menu_order":0,"comment_status":"closed","ping_status":"closed","template":"","meta":{"_acf_changed":false,"inline_featured_image":false,"footnotes":""},"class_list":["post-115954","page","type-page","status-publish","hentry"],"acf":[],"yoast_head":"<!-- This site is optimized with the Yoast SEO plugin v27.4 - https:\/\/yoast.com\/product\/yoast-seo-wordpress\/ -->\n<title>Soil Stabilization for Unpaved, Gravel and Haul Roads | MetaFLO Technologies<\/title>\n<meta name=\"description\" content=\"MetaFLO provides sustainable biopolymer solutions for soil stabilization on unpaved, gravel and haul roads, improving road durability, trafficability and long-term performance.\" \/>\n<meta name=\"robots\" content=\"index, follow, max-snippet:-1, max-image-preview:large, max-video-preview:-1\" \/>\n<link rel=\"canonical\" href=\"https:\/\/www.metaflotech.com\/it\/applicazioni\/stabilizzazione-del-terreno\/\" \/>\n<meta property=\"og:locale\" content=\"it_IT\" \/>\n<meta property=\"og:type\" content=\"article\" \/>\n<meta property=\"og:title\" content=\"Soil Stabilization for Unpaved, Gravel and Haul Roads | MetaFLO Technologies\" \/>\n<meta property=\"og:description\" content=\"MetaFLO provides sustainable biopolymer solutions for soil stabilization on unpaved, gravel and haul roads, improving road durability, trafficability and long-term performance.\" \/>\n<meta property=\"og:url\" content=\"https:\/\/www.metaflotech.com\/it\/applicazioni\/stabilizzazione-del-terreno\/\" \/>\n<meta property=\"og:site_name\" content=\"MetaFLO Technologies\" \/>\n<meta property=\"article:publisher\" content=\"https:\/\/www.facebook.com\/MetaFLOTechnologies\/\" \/>\n<meta property=\"article:modified_time\" content=\"2026-03-12T13:02:13+00:00\" \/>\n<meta property=\"og:image\" content=\"https:\/\/www.metaflotech.com\/wp-content\/uploads\/2024\/12\/scene-construction-site-with-equipment_23-2151317307.jpg\" \/>\n<meta name=\"twitter:card\" content=\"summary_large_image\" \/>\n<meta name=\"twitter:site\" content=\"@metaflo\" \/>\n<meta name=\"twitter:label1\" content=\"Tempo di lettura stimato\" \/>\n\t<meta name=\"twitter:data1\" content=\"3 minuti\" \/>\n<script type=\"application\/ld+json\" class=\"yoast-schema-graph\">{\"@context\":\"https:\\\/\\\/schema.org\",\"@graph\":[{\"@type\":\"WebPage\",\"@id\":\"https:\\\/\\\/www.metaflotech.com\\\/it\\\/applications\\\/soil-stabilization\\\/\",\"url\":\"https:\\\/\\\/www.metaflotech.com\\\/it\\\/applications\\\/soil-stabilization\\\/\",\"name\":\"Soil Stabilization for Unpaved, Gravel and Haul Roads | MetaFLO Technologies\",\"isPartOf\":{\"@id\":\"https:\\\/\\\/www.metaflotech.com\\\/it\\\/#website\"},\"primaryImageOfPage\":{\"@id\":\"https:\\\/\\\/www.metaflotech.com\\\/it\\\/applications\\\/soil-stabilization\\\/#primaryimage\"},\"image\":{\"@id\":\"https:\\\/\\\/www.metaflotech.com\\\/it\\\/applications\\\/soil-stabilization\\\/#primaryimage\"},\"thumbnailUrl\":\"https:\\\/\\\/www.metaflotech.com\\\/wp-content\\\/uploads\\\/2024\\\/12\\\/scene-construction-site-with-equipment_23-2151317307.jpg\",\"datePublished\":\"2024-12-10T09:58:37+00:00\",\"dateModified\":\"2026-03-12T13:02:13+00:00\",\"description\":\"MetaFLO provides sustainable biopolymer solutions for soil stabilization on unpaved, gravel and haul roads, improving road durability, trafficability and long-term performance.\",\"breadcrumb\":{\"@id\":\"https:\\\/\\\/www.metaflotech.com\\\/it\\\/applications\\\/soil-stabilization\\\/#breadcrumb\"},\"inLanguage\":\"it-IT\",\"potentialAction\":[{\"@type\":\"ReadAction\",\"target\":[\"https:\\\/\\\/www.metaflotech.com\\\/it\\\/applications\\\/soil-stabilization\\\/\"]}]},{\"@type\":\"ImageObject\",\"inLanguage\":\"it-IT\",\"@id\":\"https:\\\/\\\/www.metaflotech.com\\\/it\\\/applications\\\/soil-stabilization\\\/#primaryimage\",\"url\":\"https:\\\/\\\/www.metaflotech.com\\\/wp-content\\\/uploads\\\/2024\\\/12\\\/scene-construction-site-with-equipment_23-2151317307.jpg\",\"contentUrl\":\"https:\\\/\\\/www.metaflotech.com\\\/wp-content\\\/uploads\\\/2024\\\/12\\\/scene-construction-site-with-equipment_23-2151317307.jpg\"},{\"@type\":\"BreadcrumbList\",\"@id\":\"https:\\\/\\\/www.metaflotech.com\\\/it\\\/applications\\\/soil-stabilization\\\/#breadcrumb\",\"itemListElement\":[{\"@type\":\"ListItem\",\"position\":1,\"name\":\"Home\",\"item\":\"https:\\\/\\\/www.metaflotech.com\\\/\"},{\"@type\":\"ListItem\",\"position\":2,\"name\":\"Applications\",\"item\":\"https:\\\/\\\/www.metaflotech.com\\\/applications\\\/\"},{\"@type\":\"ListItem\",\"position\":3,\"name\":\"Soil Stabilization for Unpaved, Gravel and Haul Roads\"}]},{\"@type\":\"WebSite\",\"@id\":\"https:\\\/\\\/www.metaflotech.com\\\/it\\\/#website\",\"url\":\"https:\\\/\\\/www.metaflotech.com\\\/it\\\/\",\"name\":\"MetaFLO Technologies\",\"description\":\"Engineered Polymer Solutions For Industrial Applications\",\"potentialAction\":[{\"@type\":\"SearchAction\",\"target\":{\"@type\":\"EntryPoint\",\"urlTemplate\":\"https:\\\/\\\/www.metaflotech.com\\\/it\\\/?s={search_term_string}\"},\"query-input\":{\"@type\":\"PropertyValueSpecification\",\"valueRequired\":true,\"valueName\":\"search_term_string\"}}],\"inLanguage\":\"it-IT\"}]}<\/script>\n<!-- \/ Yoast SEO plugin. -->","yoast_head_json":{"title":"Soil Stabilization for Unpaved, Gravel and Haul Roads | MetaFLO Technologies","description":"MetaFLO provides sustainable biopolymer solutions for soil stabilization on unpaved, gravel and haul roads, improving road durability, trafficability and long-term performance.","robots":{"index":"index","follow":"follow","max-snippet":"max-snippet:-1","max-image-preview":"max-image-preview:large","max-video-preview":"max-video-preview:-1"},"canonical":"https:\/\/www.metaflotech.com\/it\/applicazioni\/stabilizzazione-del-terreno\/","og_locale":"it_IT","og_type":"article","og_title":"Soil Stabilization for Unpaved, Gravel and Haul Roads | MetaFLO Technologies","og_description":"MetaFLO provides sustainable biopolymer solutions for soil stabilization on unpaved, gravel and haul roads, improving road durability, trafficability and long-term performance.","og_url":"https:\/\/www.metaflotech.com\/it\/applicazioni\/stabilizzazione-del-terreno\/","og_site_name":"MetaFLO Technologies","article_publisher":"https:\/\/www.facebook.com\/MetaFLOTechnologies\/","article_modified_time":"2026-03-12T13:02:13+00:00","og_image":[{"url":"https:\/\/www.metaflotech.com\/wp-content\/uploads\/2024\/12\/scene-construction-site-with-equipment_23-2151317307.jpg","type":"","width":"","height":""}],"twitter_card":"summary_large_image","twitter_site":"@metaflo","twitter_misc":{"Tempo di lettura stimato":"3 minuti"},"schema":{"@context":"https:\/\/schema.org","@graph":[{"@type":"WebPage","@id":"https:\/\/www.metaflotech.com\/it\/applications\/soil-stabilization\/","url":"https:\/\/www.metaflotech.com\/it\/applications\/soil-stabilization\/","name":"Soil Stabilization for Unpaved, Gravel and Haul Roads | MetaFLO Technologies","isPartOf":{"@id":"https:\/\/www.metaflotech.com\/it\/#website"},"primaryImageOfPage":{"@id":"https:\/\/www.metaflotech.com\/it\/applications\/soil-stabilization\/#primaryimage"},"image":{"@id":"https:\/\/www.metaflotech.com\/it\/applications\/soil-stabilization\/#primaryimage"},"thumbnailUrl":"https:\/\/www.metaflotech.com\/wp-content\/uploads\/2024\/12\/scene-construction-site-with-equipment_23-2151317307.jpg","datePublished":"2024-12-10T09:58:37+00:00","dateModified":"2026-03-12T13:02:13+00:00","description":"MetaFLO provides sustainable biopolymer solutions for soil stabilization on unpaved, gravel and haul roads, improving road durability, trafficability and long-term performance.","breadcrumb":{"@id":"https:\/\/www.metaflotech.com\/it\/applications\/soil-stabilization\/#breadcrumb"},"inLanguage":"it-IT","potentialAction":[{"@type":"ReadAction","target":["https:\/\/www.metaflotech.com\/it\/applications\/soil-stabilization\/"]}]},{"@type":"ImageObject","inLanguage":"it-IT","@id":"https:\/\/www.metaflotech.com\/it\/applications\/soil-stabilization\/#primaryimage","url":"https:\/\/www.metaflotech.com\/wp-content\/uploads\/2024\/12\/scene-construction-site-with-equipment_23-2151317307.jpg","contentUrl":"https:\/\/www.metaflotech.com\/wp-content\/uploads\/2024\/12\/scene-construction-site-with-equipment_23-2151317307.jpg"},{"@type":"BreadcrumbList","@id":"https:\/\/www.metaflotech.com\/it\/applications\/soil-stabilization\/#breadcrumb","itemListElement":[{"@type":"ListItem","position":1,"name":"Home","item":"https:\/\/www.metaflotech.com\/"},{"@type":"ListItem","position":2,"name":"Applications","item":"https:\/\/www.metaflotech.com\/applications\/"},{"@type":"ListItem","position":3,"name":"Soil Stabilization for Unpaved, Gravel and Haul Roads"}]},{"@type":"WebSite","@id":"https:\/\/www.metaflotech.com\/it\/#website","url":"https:\/\/www.metaflotech.com\/it\/","name":"Tecnologie MetaFLO","description":"Soluzioni polimeriche ingegnerizzate per applicazioni industriali","potentialAction":[{"@type":"SearchAction","target":{"@type":"EntryPoint","urlTemplate":"https:\/\/www.metaflotech.com\/it\/?s={search_term_string}"},"query-input":{"@type":"PropertyValueSpecification","valueRequired":true,"valueName":"search_term_string"}}],"inLanguage":"it-IT"}]}},"_links":{"self":[{"href":"https:\/\/www.metaflotech.com\/it\/wp-json\/wp\/v2\/pages\/115954","targetHints":{"allow":["GET"]}}],"collection":[{"href":"https:\/\/www.metaflotech.com\/it\/wp-json\/wp\/v2\/pages"}],"about":[{"href":"https:\/\/www.metaflotech.com\/it\/wp-json\/wp\/v2\/types\/page"}],"author":[{"embeddable":true,"href":"https:\/\/www.metaflotech.com\/it\/wp-json\/wp\/v2\/users\/1"}],"replies":[{"embeddable":true,"href":"https:\/\/www.metaflotech.com\/it\/wp-json\/wp\/v2\/comments?post=115954"}],"version-history":[{"count":0,"href":"https:\/\/www.metaflotech.com\/it\/wp-json\/wp\/v2\/pages\/115954\/revisions"}],"up":[{"embeddable":true,"href":"https:\/\/www.metaflotech.com\/it\/wp-json\/wp\/v2\/pages\/73499"}],"wp:attachment":[{"href":"https:\/\/www.metaflotech.com\/it\/wp-json\/wp\/v2\/media?parent=115954"}],"curies":[{"name":"wp","href":"https:\/\/api.w.org\/{rel}","templated":true}]}}