{"id":120698,"date":"2024-12-25T09:50:31","date_gmt":"2024-12-25T09:50:31","guid":{"rendered":"https:\/\/www.metaflotech.com\/?page_id=120698"},"modified":"2026-03-12T13:20:36","modified_gmt":"2026-03-12T13:20:36","slug":"estrazione-mineraria","status":"publish","type":"page","link":"https:\/\/www.metaflotech.com\/it\/industries\/mining\/","title":{"rendered":"Mining Solutions for Haul Roads, Metal Recovery and Dust Control"},"content":{"rendered":"<h1><strong>Miniere<\/strong><\/h1>\r\n<h2>\r\n\t\t\tSfide\t<\/h2>\r\n\t<h3><strong>Le societ\u00e0 minerarie devono affrontare una serie di sfide nelle loro attivit\u00e0, tra cui:<\/strong><\/h3>\r\n\t\t\t <h4>Trattamento delle acque contaminate.<\/h4>\t\t\r\n\t\t\t <h4>Manutenzione delle strade di accesso e di trasporto.<\/h4>\t\t\r\n\t\t\t <h4>Controllo della polvere.<\/h4>\t\t\r\n\t\t\t <h4>Aumento dei rendimenti da corpi minerari refrattari senza grandi spese di capitale.<\/h4>\t\t\r\n\t\t\t <h4>Gestione responsabile del cianuro e di altre sostanze chimiche.<\/h4>\t\t\r\n\t\t\t <h4>Solidificazione di grandi volumi di fanghi e impasti.<\/h4>\t\t\r\n\t\t\t <h4>Creare un riutilizzo vantaggioso per il materiale sterile di scarto.<\/h4>\t\t\r\n\t\t\t\t<img decoding=\"async\" src=\"https:\/\/www.metaflotech.com\/wp-content\/uploads\/2025\/02\/Mining-1.svg\" alt=\"Estrazione 1\" itemprop=\"image\" height=\"843\" width=\"3859\" title=\"Estrazione 1\" onerror=\"this.style.display='none'\" loading=\"lazy\" \/>\r\n\t<h3><strong>Bottino bagnato<\/strong><\/h3>\r\n\t\t\t <h4>Spesso lo smaltimento di grandi volumi di rifiuti umidi generati pu\u00f2 essere difficile e costoso.<\/h4>\t\t\r\n\t\t\t <h4>Lo smaltimento dei rifiuti umidi spesso richiede l'impiego di camion specializzati per il trasporto dei rifiuti liquidi a una stazione di trasferimento.<\/h4>\t\t\r\n\t\t\t <h4>Segatura, calce e cemento possono essere utilizzati per solidificare i detriti umidi, ma questo metodo pu\u00f2 aumentare i volumi di smaltimento fino a 300%, il che significa che i dumper devono trasportare una quantit\u00e0 maggiore di rifiuti, con un conseguente aumento del carico sul sito di smaltimento finale.<\/h4>\t\t\r\n\t\t\t\t<img decoding=\"async\" src=\"https:\/\/www.metaflotech.com\/wp-content\/uploads\/2025\/02\/Energy-Utilities-4.svg\" alt=\"Servizi energetici 4\" itemprop=\"image\" height=\"847\" width=\"3838\" title=\"Servizi energetici 4\" onerror=\"this.style.display='none'\" loading=\"lazy\" \/>\r\n\t\t\t\t<a href=\"https:\/\/www.metaflotech.com\/it\/prodotti\/reagenti-per-la-solidificazione\/mf003\/\"  target=\"_blank\" rel=\"noopener\"  itemprop=\"url\">\r\n\t\t\t\t<img decoding=\"async\" src=\"https:\/\/www.metaflotech.com\/wp-content\/uploads\/2024\/03\/Logo-MF003.svg\" alt=\"Logo MF003\" itemprop=\"image\" height=\"100\" width=\"100\" title=\"Logo MF003\" onerror=\"this.style.display='none'\" loading=\"lazy\" \/>\r\n\t\t\t\t<\/a>\r\n<h2>\r\n\t\t\tSOLUZIONE METAFLO\t<\/h2>\r\n\t\t\t <h4>Il reagente di solidificazione inerte e non tossico* assorbe rapidamente l'acqua, l'olio e il grasso per solidificare lo slurry in loco in meno di 1 ora.<\/h4>\t\t\r\n\t\t\t <h4>Una volta solidificati, i rifiuti possono superare il Paint Filter Test (PFT).<\/h4>\t\t\r\n\t\t\t <h4>Il liquame solidificato viene trasportato direttamente al sito di smaltimento finale, riducendo i costi di trasporto e smaltimento e migliorando la sicurezza e la conformit\u00e0 alle normative.<\/h4>\t\t\r\n\t<p><em>*La classificazione dei prodotti pu\u00f2 variare a seconda delle giurisdizioni dei diversi Paesi.<\/em><\/p>\r\n\t\t\t\t<img decoding=\"async\" src=\"https:\/\/www.metaflotech.com\/wp-content\/uploads\/2024\/10\/Reagents-Hero.png\" alt=\"Reagenti Hero\" itemprop=\"image\" height=\"449\" width=\"800\" onerror=\"this.style.display='none'\" loading=\"lazy\" \/>\r\n\t\t\t\t<img decoding=\"async\" src=\"https:\/\/www.metaflotech.com\/wp-content\/uploads\/2025\/02\/Mining-2.svg\" alt=\"Estrazione 2\" itemprop=\"image\" height=\"1861\" width=\"1718\" title=\"Estrazione 2\" onerror=\"this.style.display='none'\" loading=\"lazy\" \/>\r\n<h2>\r\n\t\t\tSfide\t<\/h2>\r\n\t<h3><strong>Stabilizzazione della strada di trasporto<\/strong><\/h3>\r\n\t\t\t <h4>Le strade di trasporto possono subire danni strutturali a causa del passaggio quotidiano di veicoli pesanti, richiedendo di conseguenza una manutenzione frequente.<\/h4>\t\t\r\n\t<h3><strong>Polvere trasportata dall'aria<\/strong><\/h3>\r\n\t\t\t <h4>L'eccesso di particolato polveroso nell'aria causato dai processi estrattivi \u00e8 diventato sempre pi\u00f9 un problema ambientale e sanitario.<\/h4>\t\t\r\n\t\t\t <h4>La polvere danneggia l'ambiente, compromette la salute umana, influisce negativamente sulle comunit\u00e0 e riduce la produttivit\u00e0 complessiva delle aziende.<\/h4>\t\t\r\n\t\t\t <h4>I metodi tradizionali per la soppressione delle polveri richiedono in genere grandi quantit\u00e0 di acqua, che sono costose sia dal punto di vista logistico che ambientale.<\/h4>\t\t\r\n\t\t\t\t<img decoding=\"async\" src=\"https:\/\/www.metaflotech.com\/wp-content\/uploads\/2025\/02\/Roads-3.svg\" alt=\"Strade 3\" itemprop=\"image\" height=\"843\" width=\"3859\" title=\"Strade 3\" onerror=\"this.style.display='none'\" loading=\"lazy\" \/>\r\n\t\t\t\t<a href=\"https:\/\/www.metaflotech.com\/it\/prodotti\/biopolimeri\/soiltech\/\"  target=\"_blank\" rel=\"noopener\"  itemprop=\"url\">\r\n\t\t\t\t<img decoding=\"async\" src=\"https:\/\/www.metaflotech.com\/wp-content\/uploads\/2025\/07\/Logo-3.svg\" alt=\"Logo\" itemprop=\"image\" height=\"100\" width=\"100\" title=\"Logo\" onerror=\"this.style.display='none'\" loading=\"lazy\" \/>\r\n\t\t\t\t<\/a>\r\n\t\t\t\t<a href=\"https:\/\/www.metaflotech.com\/it\/prodotti\/biopolimeri\/dustech\/\"  target=\"_blank\" rel=\"noopener\"  itemprop=\"url\">\r\n\t\t\t\t<img decoding=\"async\" src=\"https:\/\/www.metaflotech.com\/wp-content\/uploads\/2025\/07\/Logo-5.svg\" alt=\"Logo\" itemprop=\"image\" height=\"100\" width=\"100\" title=\"Logo\" onerror=\"this.style.display='none'\" loading=\"lazy\" \/>\r\n\t\t\t\t<\/a>\r\n\t\t\t\t<img decoding=\"async\" src=\"https:\/\/www.metaflotech.com\/wp-content\/uploads\/2025\/02\/Roads-2.svg\" alt=\"Strade 2\" itemprop=\"image\" height=\"1860\" width=\"1712\" title=\"Strade 2\" onerror=\"this.style.display='none'\" loading=\"lazy\" \/>\r\n<h2>\r\n\t\t\tSoluzione MetaFLO\t<\/h2>\r\n\t\t\t <h4>SoilTech agisce come stabilizzatore\/legante chimico nel terreno, producendo una maggiore densit\u00e0 di massa, una migliore compattazione, migliori propriet\u00e0 meccaniche, una maggiore stabilizzazione dello strato e una migliore impermeabilit\u00e0.<\/h4>\t\t\r\n\t\t\t <h4>Facile da applicare, aggiungendo un dosaggio minimo ai camion d'acqua esistenti. Richiede molta meno acqua rispetto ai metodi tradizionali.<\/h4>\t\t\r\n\t\t\t <h4>Sicuro per l'ambiente e privo di contaminanti chimici.<\/h4>\t\t\r\n\t\t\t\t<img decoding=\"async\" src=\"https:\/\/www.metaflotech.com\/wp-content\/uploads\/2024\/10\/Biopolymer-Hero-2.png\" alt=\"Biopolimero Hero 2\" itemprop=\"image\" height=\"447\" width=\"800\" onerror=\"this.style.display='none'\" loading=\"lazy\" \/>\r\n<h2>\r\n\t\t\tSfide\t<\/h2>\r\n\t\t\t <h4>Gli effluenti contaminati delle operazioni minerarie contengono spesso alte concentrazioni di metalli e idrocarburi, ponendo problemi di conformit\u00e0 e ambientali.<\/h4>\t\t\r\n\t\t\t <h4>Le acque reflue contaminate potrebbero non soddisfare gli standard normativi per lo scarico o il riutilizzo.<\/h4>\t\t\r\n\t\t\t\t<img decoding=\"async\" src=\"https:\/\/www.metaflotech.com\/wp-content\/uploads\/2024\/11\/Fracking-Remediation.png\" alt=\"Bonifica del fracking\" itemprop=\"image\" height=\"702\" width=\"728\" onerror=\"this.style.display='none'\" loading=\"lazy\" \/>\r\n\t\t\t\t<a href=\"https:\/\/www.metaflotech.com\/it\/prodotti\/remtech\/\"  target=\"_blank\" rel=\"noopener\"  itemprop=\"url\">\r\n\t\t\t\t<img decoding=\"async\" src=\"https:\/\/www.metaflotech.com\/wp-content\/uploads\/2025\/07\/Logo.svg\" alt=\"Logo\" itemprop=\"image\" height=\"100\" width=\"100\" title=\"Logo\" onerror=\"this.style.display='none'\" loading=\"lazy\" \/>\r\n\t\t\t\t<\/a>\r\n<h2>\r\n\t\t\tSOLUZIONE METAFLO\t<\/h2>\r\n\t\t\t <h4>Soluzione biocompatibile ricavata dalle alghe con il potenziale di trattare contemporaneamente idrocarburi e metalli nelle acque contaminate.<\/h4>\t\t\r\n\t\t\t <h4>Come super ossidante, Remtech agisce rapidamente nella reazione e consente di riutilizzare l'acqua trattata. Inoltre, \u00e8 privo di contaminanti chimici.<\/h4>\t\t\r\n\t\t\t <h4>Utilizzato come agente alcalinizzante, pu\u00f2 essere applicato al processo esistente e dosato direttamente nell'acqua, poich\u00e9 ha un'elevata solubilit\u00e0.<\/h4>\t\t\r\n\t\t\t\t<img decoding=\"async\" src=\"https:\/\/www.metaflotech.com\/wp-content\/uploads\/2025\/02\/Mining-5.svg\" alt=\"Estrazione mineraria 5\" itemprop=\"image\" height=\"847\" width=\"2960\" title=\"Estrazione mineraria 5\" onerror=\"this.style.display='none'\" loading=\"lazy\" \/>\r\n<h2>\r\n\t\t\tSfide\t<\/h2>\r\n\t<h3><strong>Aumentare l'estrazione dei rendimenti dai minerali refrattari<\/strong><\/h3>\r\n\t\t\t <h4>Il processo di lisciviazione dell'oro con il cianuro \u00e8 noto per essere causa di gravi problemi ambientali e di salute umana. La cianurazione dell'oro, come viene chiamato questo processo, viene utilizzata per estrarre l'oro dal minerale grezzo prelevato dal terreno. Il cianuro scioglie l'oro all'interno del minerale, estraendolo in forma liquida.<\/h4>\t\t\r\n\t\t\t <h4>L'oro viene trattato per rimuovere il cianuro a cui \u00e8 stato esposto, ma l'estrazione efficiente da minerali refrattari \u00e8 pi\u00f9 difficile.<\/h4>\t\t\r\n\t<h2>\r\n\t\t\tSOLUZIONE METAFLO\t<\/h2>\r\n\t<h3><strong>ExtracTech \u00e8 un additivo biopolimerico ecologico per il processo di estrazione dell'oro. Agisce come additivo al processo di concentrazione e pu\u00f2 essere aggiunto direttamente alle vasche di cianurazione o ai cumuli di lisciviazione.<\/strong><\/h3>\r\n\t\t\t <h4>ExtracTech, in quanto super-ossidante, effettua reazioni chimiche con i metalli ad alto ORP, lasciando il metallo di interesse pi\u00f9 esposto a reagire pi\u00f9 facilmente con il cianuro nel processo di lisciviazione.<\/h4>\t\t\r\n\t\t\t <h4>Il biopolimero aumenta la cinetica di reazione, favorendo un processo pi\u00f9 efficiente di recupero dei metalli dai minerali refrattari.<\/h4>\t\t\r\n\t\t\t <h4>Senza bisogno di attrezzature aggiuntive, consente un processo pi\u00f9 pulito che produce sterili con livelli di tossicit\u00e0 inferiori e riduce il consumo di cianuro.<\/h4>\t\t\r\n\t\t\t\t<a href=\"https:\/\/www.metaflotech.com\/it\/prodotti\/estrattore\/\"  target=\"_blank\" rel=\"noopener\"  itemprop=\"url\">\r\n\t\t\t\t<img decoding=\"async\" src=\"https:\/\/www.metaflotech.com\/wp-content\/uploads\/2025\/07\/Logo-4.svg\" alt=\"Logo\" itemprop=\"image\" height=\"100\" width=\"100\" title=\"Logo\" onerror=\"this.style.display='none'\" loading=\"lazy\" \/>\r\n\t\t\t\t<\/a>\r\n\t\t\t\t<img decoding=\"async\" src=\"https:\/\/www.metaflotech.com\/wp-content\/uploads\/2024\/10\/Biopolymer-Hero.png\" alt=\"Eroe del biopolimero\" itemprop=\"image\" height=\"447\" width=\"800\" onerror=\"this.style.display='none'\" loading=\"lazy\" \/>\r\n<h2>\r\n\t\t\tCasi di studio\t<\/h2>\r\n<h3>\r\n\t\t<a href=\"https:\/\/www.metaflotech.com\/wp-content\/uploads\/2024\/12\/MF006-Case-Study-4-English-MetaFLO-Technologies.pdf\" title=\"Solidificazione sostenibile dei fanghi per le operazioni minerarie a distanza\"  target=\"_self\">\r\n\t\t\tSolidificazione sostenibile dei fanghi per le operazioni minerarie a distanza\t\t<\/a>\r\n\t<\/h3>\r\n\t<p>MetaFLO&#8217;s technology enables safe, cost-effective sludge disposal for Vale&#8217;s Northern Ontario operations, supporting sustainable mining practices in a challenging environment.<\/p>\r\n\t\t\t\t<img decoding=\"async\" src=\"https:\/\/www.metaflotech.com\/wp-content\/uploads\/2024\/10\/icon-transport-w.png\" alt=\"icona trasporto w\" itemprop=\"image\" height=\"311\" width=\"311\" title=\"icona trasporto w\" onerror=\"this.style.display='none'\" loading=\"lazy\" \/>\r\n\t<h3><b>Riduzione significativa dei costi di trasporto<\/b><\/h3>\r\n\t\t\t\t<img decoding=\"async\" src=\"https:\/\/www.metaflotech.com\/wp-content\/uploads\/2024\/10\/icon-ecology-w.png\" alt=\"icona ecologia w\" itemprop=\"image\" height=\"311\" width=\"311\" title=\"icona ecologia w\" onerror=\"this.style.display='none'\" loading=\"lazy\" \/>\r\n\t<h3><b>Ridurre al minimo i rischi per l'ambiente e la sicurezza<\/b><\/h3>\r\n\t\t\t\t<img decoding=\"async\" src=\"https:\/\/www.metaflotech.com\/wp-content\/uploads\/2024\/10\/icon-savings-w.png\" alt=\"icona risparmio w\" itemprop=\"image\" height=\"311\" width=\"311\" title=\"icona risparmio w\" onerror=\"this.style.display='none'\" loading=\"lazy\" \/>\r\n\t<h3><b>Gestione sostenibile ed efficiente dei rifiuti<\/b><\/h3>","protected":false},"excerpt":{"rendered":"<p>Mining Challenges Mining companies face a number challenges in their operations including: Contaminated water treatment. Access and haul road maintenance. Dust control. Increasing yields from refractory ore bodies without large capital expenditures. Responsible management of cyanide and other chemicals. Solidification of large volumes of sludges and slurries. Creating beneficial re-use for sterile waste material. Wet&hellip;<\/p>","protected":false},"author":1,"featured_media":0,"parent":120582,"menu_order":0,"comment_status":"closed","ping_status":"closed","template":"","meta":{"_acf_changed":false,"inline_featured_image":false,"footnotes":""},"class_list":["post-120698","page","type-page","status-publish","hentry"],"acf":[],"yoast_head":"<!-- This site is optimized with the Yoast SEO plugin v27.5 - https:\/\/yoast.com\/product\/yoast-seo-wordpress\/ -->\n<title>Mining Solutions for Haul Roads, Metal Recovery and Dust Control | MetaFLO Technologies<\/title>\n<meta name=\"description\" content=\"MetaFLO provides sustainable polymer and biopolymer solutions for mining, supporting haul road stabilization, dust suppression, metal recovery and liquid waste management.\" \/>\n<meta name=\"robots\" content=\"index, follow, max-snippet:-1, max-image-preview:large, max-video-preview:-1\" \/>\n<link rel=\"canonical\" href=\"https:\/\/www.metaflotech.com\/it\/industrie\/estrazione-mineraria\/\" \/>\n<meta property=\"og:locale\" content=\"it_IT\" \/>\n<meta property=\"og:type\" content=\"article\" \/>\n<meta property=\"og:title\" content=\"Mining Solutions for Haul Roads, Metal Recovery and Dust Control | MetaFLO Technologies\" \/>\n<meta property=\"og:description\" content=\"MetaFLO provides sustainable polymer and biopolymer solutions for mining, supporting haul road stabilization, dust suppression, metal recovery and liquid waste management.\" \/>\n<meta property=\"og:url\" content=\"https:\/\/www.metaflotech.com\/it\/industrie\/estrazione-mineraria\/\" \/>\n<meta property=\"og:site_name\" content=\"MetaFLO Technologies\" \/>\n<meta property=\"article:publisher\" content=\"https:\/\/www.facebook.com\/MetaFLOTechnologies\/\" \/>\n<meta property=\"article:modified_time\" content=\"2026-03-12T13:20:36+00:00\" \/>\n<meta property=\"og:image\" content=\"https:\/\/www.metaflotech.com\/wp-content\/uploads\/2025\/02\/Mining-1.svg\" \/>\n<meta name=\"twitter:card\" content=\"summary_large_image\" \/>\n<meta name=\"twitter:site\" content=\"@metaflo\" \/>\n<meta name=\"twitter:label1\" content=\"Tempo di lettura stimato\" \/>\n\t<meta name=\"twitter:data1\" content=\"7 minuti\" \/>\n<script type=\"application\/ld+json\" class=\"yoast-schema-graph\">{\"@context\":\"https:\\\/\\\/schema.org\",\"@graph\":[{\"@type\":\"WebPage\",\"@id\":\"https:\\\/\\\/www.metaflotech.com\\\/it\\\/industries\\\/mining\\\/\",\"url\":\"https:\\\/\\\/www.metaflotech.com\\\/it\\\/industries\\\/mining\\\/\",\"name\":\"Mining Solutions for Haul Roads, Metal Recovery and Dust Control | MetaFLO Technologies\",\"isPartOf\":{\"@id\":\"https:\\\/\\\/www.metaflotech.com\\\/it\\\/#website\"},\"primaryImageOfPage\":{\"@id\":\"https:\\\/\\\/www.metaflotech.com\\\/it\\\/industries\\\/mining\\\/#primaryimage\"},\"image\":{\"@id\":\"https:\\\/\\\/www.metaflotech.com\\\/it\\\/industries\\\/mining\\\/#primaryimage\"},\"thumbnailUrl\":\"https:\\\/\\\/www.metaflotech.com\\\/wp-content\\\/uploads\\\/2025\\\/02\\\/Mining-1.svg\",\"datePublished\":\"2024-12-25T09:50:31+00:00\",\"dateModified\":\"2026-03-12T13:20:36+00:00\",\"description\":\"MetaFLO provides sustainable polymer and biopolymer solutions for mining, supporting haul road stabilization, dust suppression, metal recovery and liquid waste management.\",\"breadcrumb\":{\"@id\":\"https:\\\/\\\/www.metaflotech.com\\\/it\\\/industries\\\/mining\\\/#breadcrumb\"},\"inLanguage\":\"it-IT\",\"potentialAction\":[{\"@type\":\"ReadAction\",\"target\":[\"https:\\\/\\\/www.metaflotech.com\\\/it\\\/industries\\\/mining\\\/\"]}]},{\"@type\":\"ImageObject\",\"inLanguage\":\"it-IT\",\"@id\":\"https:\\\/\\\/www.metaflotech.com\\\/it\\\/industries\\\/mining\\\/#primaryimage\",\"url\":\"https:\\\/\\\/www.metaflotech.com\\\/wp-content\\\/uploads\\\/2025\\\/02\\\/Mining-1.svg\",\"contentUrl\":\"https:\\\/\\\/www.metaflotech.com\\\/wp-content\\\/uploads\\\/2025\\\/02\\\/Mining-1.svg\"},{\"@type\":\"BreadcrumbList\",\"@id\":\"https:\\\/\\\/www.metaflotech.com\\\/it\\\/industries\\\/mining\\\/#breadcrumb\",\"itemListElement\":[{\"@type\":\"ListItem\",\"position\":1,\"name\":\"Home\",\"item\":\"https:\\\/\\\/www.metaflotech.com\\\/\"},{\"@type\":\"ListItem\",\"position\":2,\"name\":\"Industries\",\"item\":\"https:\\\/\\\/www.metaflotech.com\\\/industries\\\/\"},{\"@type\":\"ListItem\",\"position\":3,\"name\":\"Mining Solutions for Haul Roads, Metal Recovery and Dust Control\"}]},{\"@type\":\"WebSite\",\"@id\":\"https:\\\/\\\/www.metaflotech.com\\\/it\\\/#website\",\"url\":\"https:\\\/\\\/www.metaflotech.com\\\/it\\\/\",\"name\":\"MetaFLO Technologies\",\"description\":\"Engineered Polymer Solutions For Industrial Applications\",\"potentialAction\":[{\"@type\":\"SearchAction\",\"target\":{\"@type\":\"EntryPoint\",\"urlTemplate\":\"https:\\\/\\\/www.metaflotech.com\\\/it\\\/?s={search_term_string}\"},\"query-input\":{\"@type\":\"PropertyValueSpecification\",\"valueRequired\":true,\"valueName\":\"search_term_string\"}}],\"inLanguage\":\"it-IT\"}]}<\/script>\n<!-- \/ Yoast SEO plugin. -->","yoast_head_json":{"title":"Mining Solutions for Haul Roads, Metal Recovery and Dust Control | MetaFLO Technologies","description":"MetaFLO provides sustainable polymer and biopolymer solutions for mining, supporting haul road stabilization, dust suppression, metal recovery and liquid waste management.","robots":{"index":"index","follow":"follow","max-snippet":"max-snippet:-1","max-image-preview":"max-image-preview:large","max-video-preview":"max-video-preview:-1"},"canonical":"https:\/\/www.metaflotech.com\/it\/industrie\/estrazione-mineraria\/","og_locale":"it_IT","og_type":"article","og_title":"Mining Solutions for Haul Roads, Metal Recovery and Dust Control | MetaFLO Technologies","og_description":"MetaFLO provides sustainable polymer and biopolymer solutions for mining, supporting haul road stabilization, dust suppression, metal recovery and liquid waste management.","og_url":"https:\/\/www.metaflotech.com\/it\/industrie\/estrazione-mineraria\/","og_site_name":"MetaFLO Technologies","article_publisher":"https:\/\/www.facebook.com\/MetaFLOTechnologies\/","article_modified_time":"2026-03-12T13:20:36+00:00","og_image":[{"url":"https:\/\/www.metaflotech.com\/wp-content\/uploads\/2025\/02\/Mining-1.svg","type":"","width":"","height":""}],"twitter_card":"summary_large_image","twitter_site":"@metaflo","twitter_misc":{"Tempo di lettura stimato":"7 minuti"},"schema":{"@context":"https:\/\/schema.org","@graph":[{"@type":"WebPage","@id":"https:\/\/www.metaflotech.com\/it\/industries\/mining\/","url":"https:\/\/www.metaflotech.com\/it\/industries\/mining\/","name":"Mining Solutions for Haul Roads, Metal Recovery and Dust Control | MetaFLO Technologies","isPartOf":{"@id":"https:\/\/www.metaflotech.com\/it\/#website"},"primaryImageOfPage":{"@id":"https:\/\/www.metaflotech.com\/it\/industries\/mining\/#primaryimage"},"image":{"@id":"https:\/\/www.metaflotech.com\/it\/industries\/mining\/#primaryimage"},"thumbnailUrl":"https:\/\/www.metaflotech.com\/wp-content\/uploads\/2025\/02\/Mining-1.svg","datePublished":"2024-12-25T09:50:31+00:00","dateModified":"2026-03-12T13:20:36+00:00","description":"MetaFLO provides sustainable polymer and biopolymer solutions for mining, supporting haul road stabilization, dust suppression, metal recovery and liquid waste management.","breadcrumb":{"@id":"https:\/\/www.metaflotech.com\/it\/industries\/mining\/#breadcrumb"},"inLanguage":"it-IT","potentialAction":[{"@type":"ReadAction","target":["https:\/\/www.metaflotech.com\/it\/industries\/mining\/"]}]},{"@type":"ImageObject","inLanguage":"it-IT","@id":"https:\/\/www.metaflotech.com\/it\/industries\/mining\/#primaryimage","url":"https:\/\/www.metaflotech.com\/wp-content\/uploads\/2025\/02\/Mining-1.svg","contentUrl":"https:\/\/www.metaflotech.com\/wp-content\/uploads\/2025\/02\/Mining-1.svg"},{"@type":"BreadcrumbList","@id":"https:\/\/www.metaflotech.com\/it\/industries\/mining\/#breadcrumb","itemListElement":[{"@type":"ListItem","position":1,"name":"Home","item":"https:\/\/www.metaflotech.com\/"},{"@type":"ListItem","position":2,"name":"Industries","item":"https:\/\/www.metaflotech.com\/industries\/"},{"@type":"ListItem","position":3,"name":"Mining Solutions for Haul Roads, Metal Recovery and Dust Control"}]},{"@type":"WebSite","@id":"https:\/\/www.metaflotech.com\/it\/#website","url":"https:\/\/www.metaflotech.com\/it\/","name":"Tecnologie MetaFLO","description":"Soluzioni polimeriche ingegnerizzate per applicazioni industriali","potentialAction":[{"@type":"SearchAction","target":{"@type":"EntryPoint","urlTemplate":"https:\/\/www.metaflotech.com\/it\/?s={search_term_string}"},"query-input":{"@type":"PropertyValueSpecification","valueRequired":true,"valueName":"search_term_string"}}],"inLanguage":"it-IT"}]}},"_links":{"self":[{"href":"https:\/\/www.metaflotech.com\/it\/wp-json\/wp\/v2\/pages\/120698","targetHints":{"allow":["GET"]}}],"collection":[{"href":"https:\/\/www.metaflotech.com\/it\/wp-json\/wp\/v2\/pages"}],"about":[{"href":"https:\/\/www.metaflotech.com\/it\/wp-json\/wp\/v2\/types\/page"}],"author":[{"embeddable":true,"href":"https:\/\/www.metaflotech.com\/it\/wp-json\/wp\/v2\/users\/1"}],"replies":[{"embeddable":true,"href":"https:\/\/www.metaflotech.com\/it\/wp-json\/wp\/v2\/comments?post=120698"}],"version-history":[{"count":0,"href":"https:\/\/www.metaflotech.com\/it\/wp-json\/wp\/v2\/pages\/120698\/revisions"}],"up":[{"embeddable":true,"href":"https:\/\/www.metaflotech.com\/it\/wp-json\/wp\/v2\/pages\/120582"}],"wp:attachment":[{"href":"https:\/\/www.metaflotech.com\/it\/wp-json\/wp\/v2\/media?parent=120698"}],"curies":[{"name":"wp","href":"https:\/\/api.w.org\/{rel}","templated":true}]}}