{"id":120859,"date":"2024-12-25T10:20:54","date_gmt":"2024-12-25T10:20:54","guid":{"rendered":"https:\/\/www.metaflotech.com\/?page_id=120859"},"modified":"2026-03-12T13:19:01","modified_gmt":"2026-03-12T13:19:01","slug":"petrolio-e-gas","status":"publish","type":"page","link":"https:\/\/www.metaflotech.com\/it\/industries\/oil-and-gas\/","title":{"rendered":"Oil and Gas Wastewater Treatment and Hydrocarbon Removal"},"content":{"rendered":"<h1><strong>Petrolio e gas<\/strong><\/h1>\r\n\t\t\t\t<a href=\"https:\/\/www.metaflotech.com\/it\/prodotti\/biopolimeri\/remtech\/\"  target=\"_blank\" rel=\"noopener\"  itemprop=\"url\">\r\n\t\t\t\t<img decoding=\"async\" src=\"https:\/\/www.metaflotech.com\/wp-content\/uploads\/2025\/07\/Logo.svg\" alt=\"Logo\" itemprop=\"image\" height=\"100\" width=\"100\" title=\"Logo\" onerror=\"this.style.display='none'\" loading='lazy' \/>\r\n\t\t\t\t<\/a>\r\n<h2>\r\n\t\t\tSfide\t<\/h2>\r\n\t<h3><strong>Acqua contaminata<\/strong><\/h3>\r\n\t\t\t <h4>Gli effluenti possono contenere alte concentrazioni di metalli e idrocarburi, ponendo problemi di conformit\u00e0 e ambientali.<\/h4>\t\t\r\n\t\t\t <h4>Acque reflue \/ acque prodotte, potrebbero non essere conformi agli standard normativi per lo scarico o il riutilizzo.<\/h4>\t\t\r\n\t\t\t <h4>I trattamenti tradizionali possono non eliminare tutti i metalli e gli idrocarburi.<\/h4>\t\t\r\n\t<h3><strong>Liquami<\/strong><\/h3>\r\n\t\t\t <h4>I rifiuti liquidi sono difficili da smaltire, soprattutto quelli a base di olio, e richiedono aspiratori specializzati per il trasporto, con conseguente aumento dei costi operativi e delle complessit\u00e0. <\/h4>\t\t\r\n\t\t\t\t<img decoding=\"async\" src=\"https:\/\/www.metaflotech.com\/wp-content\/uploads\/2025\/02\/Oil-Gas-1-1.svg\" alt=\"Petrolio e gas 1\" itemprop=\"image\" height=\"843\" width=\"3859\" title=\"Petrolio e gas 1\" onerror=\"this.style.display='none'\" loading='lazy' \/>\r\n<h2>\r\n\t\t\tSoluzione MetaFLO\t<\/h2>\r\n\t\t\t <h4><strong>Soluzione biocompatibile ricavata dalle alghe con il potenziale di trattare contemporaneamente idrocarburi e metalli nelle acque contaminate.<\/strong><\/h4>\t\t\r\n\t\t\t <h4><strong>Come super ossidante, Remtech agisce rapidamente nella reazione e consente di riutilizzare l'acqua trattata.<\/strong><\/h4>\t\t\r\n\t\t\t <h4><strong>Utilizzato come agente alcalinizzante, pu\u00f2 essere applicato al processo esistente e dosato direttamente nell'acqua, poich\u00e9 ha un'elevata solubilit\u00e0.<\/strong><\/h4>\t\t\r\n\t\t\t <h4><strong>Sicuro per l'ambiente e privo di contaminanti chimici.<\/strong><\/h4>\t\t\r\n\t\t\t\t<img decoding=\"async\" src=\"https:\/\/www.metaflotech.com\/wp-content\/uploads\/2024\/11\/Fracking-Remediation.png\" alt=\"Bonifica del fracking\" itemprop=\"image\" height=\"702\" width=\"728\" onerror=\"this.style.display='none'\" loading='lazy' \/>\r\n\t\t\t\t<a href=\"https:\/\/www.metaflotech.com\/it\/prodotti\/reagenti-per-la-solidificazione\/mf003\/\"  target=\"_blank\" rel=\"noopener\"  itemprop=\"url\">\r\n\t\t\t\t<img decoding=\"async\" src=\"https:\/\/www.metaflotech.com\/wp-content\/uploads\/2024\/03\/Logo-MF003.svg\" alt=\"Logo MF003\" itemprop=\"image\" height=\"100\" width=\"100\" title=\"Logo MF003\" onerror=\"this.style.display='none'\" loading='lazy' \/>\r\n\t\t\t\t<\/a>\r\n\t\t\t\t<a href=\"https:\/\/www.metaflotech.com\/it\/prodotti\/reagenti-per-la-solidificazione\/mf006\/\"  target=\"_blank\" rel=\"noopener\"  itemprop=\"url\">\r\n\t\t\t\t<img decoding=\"async\" src=\"https:\/\/www.metaflotech.com\/wp-content\/uploads\/2024\/03\/Logo-MF006.svg\" alt=\"Logo MF006\" itemprop=\"image\" height=\"100\" width=\"100\" title=\"Logo MF006\" onerror=\"this.style.display='none'\" loading='lazy' \/>\r\n\t\t\t\t<\/a>\r\n\t\t\t\t<a href=\"https:\/\/www.metaflotech.com\/it\/prodotti\/reagenti-per-la-solidificazione\/mf008\/\"  target=\"_blank\" rel=\"noopener\"  itemprop=\"url\">\r\n\t\t\t\t<img decoding=\"async\" src=\"https:\/\/www.metaflotech.com\/wp-content\/uploads\/2024\/03\/Logo-MF008.svg\" alt=\"Logo MF008\" itemprop=\"image\" height=\"100\" width=\"100\" title=\"Logo MF008\" onerror=\"this.style.display='none'\" loading='lazy' \/>\r\n\t\t\t\t<\/a>\r\n\t\t\t\t<img decoding=\"async\" src=\"https:\/\/www.metaflotech.com\/wp-content\/uploads\/2025\/02\/Oil-Gas-2-1.svg\" alt=\"Petrolio e gas 2\" itemprop=\"image\" height=\"1860\" width=\"1717\" title=\"Petrolio e gas 2\" onerror=\"this.style.display='none'\" loading='lazy' \/>\r\n<h2>\r\n\t\t\tSoluzione MetaFLO\t<\/h2>\r\n\t\t\t <h4><strong>Il reagente di solidificazione inerte e non tossico assorbe rapidamente l'acqua, l'olio e il grasso per solidificare lo slurry in loco in meno di 1 ora.<\/strong><\/h4>\t\t\r\n\t\t\t <h4><strong>Una volta solidificati, i rifiuti possono superare il Paint Filter Test (PFT).<\/strong><\/h4>\t\t\r\n\t\t\t <h4><strong>Il liquame solidificato viene trasportato direttamente al sito di smaltimento finale, riducendo i costi di trasporto e smaltimento e migliorando la sicurezza e la conformit\u00e0 alle normative.<\/strong><\/h4>\t\t\r\n\t\t\t\t<img decoding=\"async\" src=\"https:\/\/www.metaflotech.com\/wp-content\/uploads\/2024\/10\/Reagents-Hero.png\" alt=\"Reagenti Hero\" itemprop=\"image\" height=\"449\" width=\"800\" onerror=\"this.style.display='none'\" loading='lazy' \/>\r\n<h2>\r\n\t\t\tCasi di studio\t<\/h2>\r\n<h3>\r\n\t\t<a href=\"https:\/\/www.metaflotech.com\/wp-content\/uploads\/2025\/07\/RemTech-Case-Study-2-English-MetaFLO-Technologies.pdf\" title=\"RemTech tratta gli idrocarburi per gli effluenti petroliferi industriali\"  target=\"_self\">\r\n\t\t\tRemTech tratta gli idrocarburi per gli effluenti petroliferi industriali\t\t<\/a>\r\n\t<\/h3>\r\n\t<p>MetaFLO&#8217;s study reveals unmatched cost savings, productivity gains, and environmental benefits for treating hydrocarbons on an effluent.<\/p>\r\n\t\t\t\t<img decoding=\"async\" src=\"https:\/\/www.metaflotech.com\/wp-content\/uploads\/2024\/10\/icon-transport-w.png\" alt=\"icona trasporto w\" itemprop=\"image\" height=\"311\" width=\"311\" title=\"icona trasporto w\" onerror=\"this.style.display='none'\" loading='lazy' \/>\r\n\t<h3><b>Riduzione significativa dei costi di trasporto<\/b><\/h3>\r\n\t\t\t\t<img decoding=\"async\" src=\"https:\/\/www.metaflotech.com\/wp-content\/uploads\/2024\/10\/icon-ecology-w.png\" alt=\"icona ecologia w\" itemprop=\"image\" height=\"311\" width=\"311\" title=\"icona ecologia w\" onerror=\"this.style.display='none'\" loading='lazy' \/>\r\n\t<h3><b>Ridurre al minimo i rischi per l'ambiente e la sicurezza<\/b><\/h3>\r\n\t\t\t\t<img decoding=\"async\" src=\"https:\/\/www.metaflotech.com\/wp-content\/uploads\/2024\/10\/icon-savings-w.png\" alt=\"icona risparmio w\" itemprop=\"image\" height=\"311\" width=\"311\" title=\"icona risparmio w\" onerror=\"this.style.display='none'\" loading='lazy' \/>\r\n\t<h3><b>Gestione sostenibile ed efficiente dei rifiuti<\/b><\/h3>","protected":false},"excerpt":{"rendered":"<p>Oil &amp; Gas Challenges Contaminated Water Effluents may contain high concentrations of metals and hydrocarbons, posing compliance and environmental challenges. Wastewater \/ Produced water, may not meet regulatory standards for discharge or reuse. Traditional treatments may not eliminate all metals and hydrocarbons. Slurry Liquid waste is difficult to dispose of, especially oil-based waste, requiring specialized&hellip;<\/p>","protected":false},"author":1,"featured_media":0,"parent":120582,"menu_order":0,"comment_status":"closed","ping_status":"closed","template":"","meta":{"_acf_changed":false,"inline_featured_image":false,"footnotes":""},"class_list":["post-120859","page","type-page","status-publish","hentry"],"acf":[],"yoast_head":"<!-- This site is optimized with the Yoast SEO plugin v27.5 - https:\/\/yoast.com\/product\/yoast-seo-wordpress\/ -->\n<title>Oil and Gas Wastewater Treatment and Hydrocarbon Removal | MetaFLO Technologies<\/title>\n<meta name=\"description\" content=\"Sustainable solutions for oil and gas wastewater and produced water treatment, removing hydrocarbons and metals while improving environmental compliance.\" \/>\n<meta name=\"robots\" content=\"index, follow, max-snippet:-1, max-image-preview:large, max-video-preview:-1\" \/>\n<link rel=\"canonical\" href=\"https:\/\/www.metaflotech.com\/it\/industrie\/petrolio-e-gas\/\" \/>\n<meta property=\"og:locale\" content=\"it_IT\" \/>\n<meta property=\"og:type\" content=\"article\" \/>\n<meta property=\"og:title\" content=\"Oil and Gas Wastewater Treatment and Hydrocarbon Removal | MetaFLO Technologies\" \/>\n<meta property=\"og:description\" content=\"Sustainable solutions for oil and gas wastewater and produced water treatment, removing hydrocarbons and metals while improving environmental compliance.\" \/>\n<meta property=\"og:url\" content=\"https:\/\/www.metaflotech.com\/it\/industrie\/petrolio-e-gas\/\" \/>\n<meta property=\"og:site_name\" content=\"MetaFLO Technologies\" \/>\n<meta property=\"article:publisher\" content=\"https:\/\/www.facebook.com\/MetaFLOTechnologies\/\" \/>\n<meta property=\"article:modified_time\" content=\"2026-03-12T13:19:01+00:00\" \/>\n<meta property=\"og:image\" content=\"https:\/\/www.metaflotech.com\/wp-content\/uploads\/2025\/07\/Logo.svg\" \/>\n<meta name=\"twitter:card\" content=\"summary_large_image\" \/>\n<meta name=\"twitter:site\" content=\"@metaflo\" \/>\n<meta name=\"twitter:label1\" content=\"Tempo di lettura stimato\" \/>\n\t<meta name=\"twitter:data1\" content=\"4 minuti\" \/>\n<script type=\"application\/ld+json\" class=\"yoast-schema-graph\">{\"@context\":\"https:\\\/\\\/schema.org\",\"@graph\":[{\"@type\":\"WebPage\",\"@id\":\"https:\\\/\\\/www.metaflotech.com\\\/it\\\/industries\\\/oil-and-gas\\\/\",\"url\":\"https:\\\/\\\/www.metaflotech.com\\\/it\\\/industries\\\/oil-and-gas\\\/\",\"name\":\"Oil and Gas Wastewater Treatment and Hydrocarbon Removal | MetaFLO Technologies\",\"isPartOf\":{\"@id\":\"https:\\\/\\\/www.metaflotech.com\\\/it\\\/#website\"},\"primaryImageOfPage\":{\"@id\":\"https:\\\/\\\/www.metaflotech.com\\\/it\\\/industries\\\/oil-and-gas\\\/#primaryimage\"},\"image\":{\"@id\":\"https:\\\/\\\/www.metaflotech.com\\\/it\\\/industries\\\/oil-and-gas\\\/#primaryimage\"},\"thumbnailUrl\":\"https:\\\/\\\/www.metaflotech.com\\\/wp-content\\\/uploads\\\/2025\\\/07\\\/Logo.svg\",\"datePublished\":\"2024-12-25T10:20:54+00:00\",\"dateModified\":\"2026-03-12T13:19:01+00:00\",\"description\":\"Sustainable solutions for oil and gas wastewater and produced water treatment, removing hydrocarbons and metals while improving environmental compliance.\",\"breadcrumb\":{\"@id\":\"https:\\\/\\\/www.metaflotech.com\\\/it\\\/industries\\\/oil-and-gas\\\/#breadcrumb\"},\"inLanguage\":\"it-IT\",\"potentialAction\":[{\"@type\":\"ReadAction\",\"target\":[\"https:\\\/\\\/www.metaflotech.com\\\/it\\\/industries\\\/oil-and-gas\\\/\"]}]},{\"@type\":\"ImageObject\",\"inLanguage\":\"it-IT\",\"@id\":\"https:\\\/\\\/www.metaflotech.com\\\/it\\\/industries\\\/oil-and-gas\\\/#primaryimage\",\"url\":\"https:\\\/\\\/www.metaflotech.com\\\/wp-content\\\/uploads\\\/2025\\\/07\\\/Logo.svg\",\"contentUrl\":\"https:\\\/\\\/www.metaflotech.com\\\/wp-content\\\/uploads\\\/2025\\\/07\\\/Logo.svg\"},{\"@type\":\"BreadcrumbList\",\"@id\":\"https:\\\/\\\/www.metaflotech.com\\\/it\\\/industries\\\/oil-and-gas\\\/#breadcrumb\",\"itemListElement\":[{\"@type\":\"ListItem\",\"position\":1,\"name\":\"Home\",\"item\":\"https:\\\/\\\/www.metaflotech.com\\\/\"},{\"@type\":\"ListItem\",\"position\":2,\"name\":\"Industries\",\"item\":\"https:\\\/\\\/www.metaflotech.com\\\/industries\\\/\"},{\"@type\":\"ListItem\",\"position\":3,\"name\":\"Oil and Gas Wastewater Treatment and Hydrocarbon Removal\"}]},{\"@type\":\"WebSite\",\"@id\":\"https:\\\/\\\/www.metaflotech.com\\\/it\\\/#website\",\"url\":\"https:\\\/\\\/www.metaflotech.com\\\/it\\\/\",\"name\":\"MetaFLO Technologies\",\"description\":\"Engineered Polymer Solutions For Industrial Applications\",\"potentialAction\":[{\"@type\":\"SearchAction\",\"target\":{\"@type\":\"EntryPoint\",\"urlTemplate\":\"https:\\\/\\\/www.metaflotech.com\\\/it\\\/?s={search_term_string}\"},\"query-input\":{\"@type\":\"PropertyValueSpecification\",\"valueRequired\":true,\"valueName\":\"search_term_string\"}}],\"inLanguage\":\"it-IT\"}]}<\/script>\n<!-- \/ Yoast SEO plugin. -->","yoast_head_json":{"title":"Oil and Gas Wastewater Treatment and Hydrocarbon Removal | MetaFLO Technologies","description":"Sustainable solutions for oil and gas wastewater and produced water treatment, removing hydrocarbons and metals while improving environmental compliance.","robots":{"index":"index","follow":"follow","max-snippet":"max-snippet:-1","max-image-preview":"max-image-preview:large","max-video-preview":"max-video-preview:-1"},"canonical":"https:\/\/www.metaflotech.com\/it\/industrie\/petrolio-e-gas\/","og_locale":"it_IT","og_type":"article","og_title":"Oil and Gas Wastewater Treatment and Hydrocarbon Removal | MetaFLO Technologies","og_description":"Sustainable solutions for oil and gas wastewater and produced water treatment, removing hydrocarbons and metals while improving environmental compliance.","og_url":"https:\/\/www.metaflotech.com\/it\/industrie\/petrolio-e-gas\/","og_site_name":"MetaFLO Technologies","article_publisher":"https:\/\/www.facebook.com\/MetaFLOTechnologies\/","article_modified_time":"2026-03-12T13:19:01+00:00","og_image":[{"url":"https:\/\/www.metaflotech.com\/wp-content\/uploads\/2025\/07\/Logo.svg","type":"","width":"","height":""}],"twitter_card":"summary_large_image","twitter_site":"@metaflo","twitter_misc":{"Tempo di lettura stimato":"4 minuti"},"schema":{"@context":"https:\/\/schema.org","@graph":[{"@type":"WebPage","@id":"https:\/\/www.metaflotech.com\/it\/industries\/oil-and-gas\/","url":"https:\/\/www.metaflotech.com\/it\/industries\/oil-and-gas\/","name":"Oil and Gas Wastewater Treatment and Hydrocarbon Removal | MetaFLO Technologies","isPartOf":{"@id":"https:\/\/www.metaflotech.com\/it\/#website"},"primaryImageOfPage":{"@id":"https:\/\/www.metaflotech.com\/it\/industries\/oil-and-gas\/#primaryimage"},"image":{"@id":"https:\/\/www.metaflotech.com\/it\/industries\/oil-and-gas\/#primaryimage"},"thumbnailUrl":"https:\/\/www.metaflotech.com\/wp-content\/uploads\/2025\/07\/Logo.svg","datePublished":"2024-12-25T10:20:54+00:00","dateModified":"2026-03-12T13:19:01+00:00","description":"Sustainable solutions for oil and gas wastewater and produced water treatment, removing hydrocarbons and metals while improving environmental compliance.","breadcrumb":{"@id":"https:\/\/www.metaflotech.com\/it\/industries\/oil-and-gas\/#breadcrumb"},"inLanguage":"it-IT","potentialAction":[{"@type":"ReadAction","target":["https:\/\/www.metaflotech.com\/it\/industries\/oil-and-gas\/"]}]},{"@type":"ImageObject","inLanguage":"it-IT","@id":"https:\/\/www.metaflotech.com\/it\/industries\/oil-and-gas\/#primaryimage","url":"https:\/\/www.metaflotech.com\/wp-content\/uploads\/2025\/07\/Logo.svg","contentUrl":"https:\/\/www.metaflotech.com\/wp-content\/uploads\/2025\/07\/Logo.svg"},{"@type":"BreadcrumbList","@id":"https:\/\/www.metaflotech.com\/it\/industries\/oil-and-gas\/#breadcrumb","itemListElement":[{"@type":"ListItem","position":1,"name":"Home","item":"https:\/\/www.metaflotech.com\/"},{"@type":"ListItem","position":2,"name":"Industries","item":"https:\/\/www.metaflotech.com\/industries\/"},{"@type":"ListItem","position":3,"name":"Oil and Gas Wastewater Treatment and Hydrocarbon Removal"}]},{"@type":"WebSite","@id":"https:\/\/www.metaflotech.com\/it\/#website","url":"https:\/\/www.metaflotech.com\/it\/","name":"Tecnologie MetaFLO","description":"Soluzioni polimeriche ingegnerizzate per applicazioni industriali","potentialAction":[{"@type":"SearchAction","target":{"@type":"EntryPoint","urlTemplate":"https:\/\/www.metaflotech.com\/it\/?s={search_term_string}"},"query-input":{"@type":"PropertyValueSpecification","valueRequired":true,"valueName":"search_term_string"}}],"inLanguage":"it-IT"}]}},"_links":{"self":[{"href":"https:\/\/www.metaflotech.com\/it\/wp-json\/wp\/v2\/pages\/120859","targetHints":{"allow":["GET"]}}],"collection":[{"href":"https:\/\/www.metaflotech.com\/it\/wp-json\/wp\/v2\/pages"}],"about":[{"href":"https:\/\/www.metaflotech.com\/it\/wp-json\/wp\/v2\/types\/page"}],"author":[{"embeddable":true,"href":"https:\/\/www.metaflotech.com\/it\/wp-json\/wp\/v2\/users\/1"}],"replies":[{"embeddable":true,"href":"https:\/\/www.metaflotech.com\/it\/wp-json\/wp\/v2\/comments?post=120859"}],"version-history":[{"count":0,"href":"https:\/\/www.metaflotech.com\/it\/wp-json\/wp\/v2\/pages\/120859\/revisions"}],"up":[{"embeddable":true,"href":"https:\/\/www.metaflotech.com\/it\/wp-json\/wp\/v2\/pages\/120582"}],"wp:attachment":[{"href":"https:\/\/www.metaflotech.com\/it\/wp-json\/wp\/v2\/media?parent=120859"}],"curies":[{"name":"wp","href":"https:\/\/api.w.org\/{rel}","templated":true}]}}