{"id":120990,"date":"2024-12-25T10:46:43","date_gmt":"2024-12-25T10:46:43","guid":{"rendered":"https:\/\/www.metaflotech.com\/?page_id=120990"},"modified":"2026-03-12T13:18:12","modified_gmt":"2026-03-12T13:18:12","slug":"strade","status":"publish","type":"page","link":"https:\/\/www.metaflotech.com\/it\/industries\/roads\/","title":{"rendered":"Soil Stabilization and Dust Control for Strong Roads"},"content":{"rendered":"<h1><strong>Strade<\/strong><\/h1>\r\n<h2>\r\n\t\t\tSfide\t<\/h2>\r\n\t<h3><b>Stabilizzazione delle strade<br \/>\r\n<\/b><\/h3>\r\n\t\t\t <h4>In caso di piogge intense e traffico elevato, il materiale stabilizzato nella sezione subisce processi di erosione e assestamento. Di conseguenza, la base stradale viene compromessa, il che riduce la capacit\u00e0 portante della strada, accelerandone il degrado, riducendone la vita utile e generando un significativo aumento dei costi di manutenzione.<\/h4>\t\t\r\n\t\t\t <h4>La regolarizzazione tradizionale del sottofondo richiede spesso grandi volumi d'acqua e alti costi operativi.<\/h4>\t\t\r\n\t\t\t <h4>Le strade sterrate sono altamente suscettibili di danni strutturali dovuti all'erosione causata dalle piogge, dall'acqua corrente e dal vento, che richiedono una manutenzione frequente e in alcuni casi non possono essere asfaltate.<\/h4>\t\t\r\n\t\t\t\t<img decoding=\"async\" src=\"https:\/\/www.metaflotech.com\/wp-content\/uploads\/2025\/02\/Roads-1.svg\" alt=\"Strade 1\" itemprop=\"image\" height=\"845\" width=\"3859\" title=\"Strade 1\" onerror=\"this.style.display='none'\" loading='lazy' \/>\r\n<h2>\r\n\t\t\tSoluzione MetaFLO\t<\/h2>\r\n\t\t\t <h4>La stabilizzazione del terreno SoilTech aumenta la densit\u00e0 di massa e il CBR e consente una migliore compattazione. Migliora le propriet\u00e0 meccaniche del terreno e la stabilizzazione dello strato, nonch\u00e9 l'impermeabilit\u00e0.<\/h4>\t\t\r\n\t\t\t <h4>Facile da applicare, aggiungendo un dosaggio minimo ai camion d'acqua esistenti. Richiede molta meno acqua rispetto ai metodi tradizionali.<\/h4>\t\t\r\n\t\t\t <h4>Sicuro per l'ambiente e privo di contaminanti chimici.<\/h4>\t\t\r\n\t\t\t\t<img decoding=\"async\" src=\"https:\/\/www.metaflotech.com\/wp-content\/uploads\/2024\/10\/Biopolymer-Hero-2.png\" alt=\"Biopolimero Hero 2\" itemprop=\"image\" height=\"447\" width=\"800\" onerror=\"this.style.display='none'\" loading='lazy' \/>\r\n\t\t\t\t<a href=\"https:\/\/www.metaflotech.com\/it\/prodotti\/biopolimeri\/soiltech\/\"  target=\"_blank\" rel=\"noopener\"  itemprop=\"url\">\r\n\t\t\t\t<img decoding=\"async\" src=\"https:\/\/www.metaflotech.com\/wp-content\/uploads\/2025\/07\/Logo-3.svg\" alt=\"Logo\" itemprop=\"image\" height=\"100\" width=\"100\" title=\"Logo\" onerror=\"this.style.display='none'\" loading='lazy' \/>\r\n\t\t\t\t<\/a>\r\n<h2>\r\n\t\t\tSfide\t<\/h2>\r\n\t<h3><b>Polvere trasportata dall'aria<br \/>\r\n<\/b><\/h3>\r\n\t\t\t <h4>La polvere danneggia l'ambiente, compromette la salute umana, influisce negativamente sulle comunit\u00e0 e riduce la produttivit\u00e0 complessiva delle aziende.<\/h4>\t\t\r\n\t\t\t <h4>Le particelle fini presenti nelle strade sterrate si diffondono nell'aria a causa dei progetti di opere civili e del traffico, soprattutto in caso di tempo asciutto. Questo crea problemi di visibilit\u00e0 per i conducenti, rischi per la salute e inquinamento ambientale.<\/h4>\t\t\r\n\t\t\t <h4>I metodi tradizionali per la soppressione delle polveri richiedono in genere grandi quantit\u00e0 di acqua, che sono costose sia dal punto di vista logistico che ambientale.<\/h4>\t\t\r\n\t\t\t\t<img decoding=\"async\" src=\"https:\/\/www.metaflotech.com\/wp-content\/uploads\/2025\/02\/Roads-3.svg\" alt=\"Strade 3\" itemprop=\"image\" height=\"843\" width=\"3859\" title=\"Strade 3\" onerror=\"this.style.display='none'\" loading='lazy' \/>\r\n<h2>\r\n\t\t\tSoluzione MetaFLO\t<\/h2>\r\n\t\t\t <h4>DusTech \u00e8 un biopolimero solubile in acqua che viene diluito direttamente in un camion d'acqua e pu\u00f2 essere applicato facilmente in loco per la soppressione delle polveri.<\/h4>\t\t\r\n\t\t\t <h4>Crea una maggiore agglutinazione tra le particelle di terreno, riducendo cos\u00ec la polvere.<br \/>50% meno acqua rispetto ai metodi tradizionali.<\/h4>\t\t\r\n\t\t\t <h4>Aumenta la sicurezza stradale, la visibilit\u00e0 del traffico e la qualit\u00e0 dell'aria.<\/h4>\t\t\r\n\t\t\t <h4>Si lega istantaneamente al terreno. Non \u00e8 necessario chiudere le strade al traffico per un periodo prolungato.<\/h4>\t\t\r\n\t\t\t <h4>A differenza degli agenti chimici antipolvere convenzionali, DusTech non riduce il coefficiente di attrito.<\/h4>\t\t\r\n\t\t\t\t<img decoding=\"async\" src=\"https:\/\/www.metaflotech.com\/wp-content\/uploads\/2025\/02\/Roads-4.svg\" alt=\"Strade 4\" itemprop=\"image\" height=\"1860\" width=\"1717\" title=\"Strade 4\" onerror=\"this.style.display='none'\" loading='lazy' \/>\r\n\t\t\t\t<a href=\"https:\/\/www.metaflotech.com\/it\/prodotti\/biopolimeri\/dustech\/\"  target=\"_blank\" rel=\"noopener\"  itemprop=\"url\">\r\n\t\t\t\t<img decoding=\"async\" src=\"https:\/\/www.metaflotech.com\/wp-content\/uploads\/2025\/07\/Logo-5.svg\" alt=\"Logo\" itemprop=\"image\" height=\"100\" width=\"100\" title=\"Logo\" onerror=\"this.style.display='none'\" loading='lazy' \/>\r\n\t\t\t\t<\/a>\r\n<h2>\r\n\t\t\tCasi di studio\t<\/h2>\r\n<h3>\r\n\t\t<a href=\"https:\/\/www.metaflotech.com\/wp-content\/uploads\/2025\/07\/SoilTech-Case-Study-1-English-MetaFLO-Technologies.pdf\" title=\"SoilTech Powers stabilizzazione sostenibile delle strade\"  target=\"_self\">\r\n\t\t\tSoilTech Powers stabilizzazione sostenibile delle strade\t\t<\/a>\r\n\t<\/h3>\r\n\t<p>MetaFLO&#8217;s innovative stabilization solution provided essential cost savings, productivity gains, and environmental benefits to keep a large-scale roadway project on schedule and within budget.<\/p>\r\n\t\t\t\t<img decoding=\"async\" src=\"https:\/\/www.metaflotech.com\/wp-content\/uploads\/2024\/10\/icon-transport-w.png\" alt=\"icona trasporto w\" itemprop=\"image\" height=\"311\" width=\"311\" title=\"icona trasporto w\" onerror=\"this.style.display='none'\" loading='lazy' \/>\r\n\t<h3><b>Riduzione significativa dei costi di trasporto<\/b><\/h3>\r\n\t\t\t\t<img decoding=\"async\" src=\"https:\/\/www.metaflotech.com\/wp-content\/uploads\/2024\/10\/icon-ecology-w.png\" alt=\"icona ecologia w\" itemprop=\"image\" height=\"311\" width=\"311\" title=\"icona ecologia w\" onerror=\"this.style.display='none'\" loading='lazy' \/>\r\n\t<h3><b>Ridurre al minimo i rischi per l'ambiente e la sicurezza<\/b><\/h3>\r\n\t\t\t\t<img decoding=\"async\" src=\"https:\/\/www.metaflotech.com\/wp-content\/uploads\/2024\/10\/icon-savings-w.png\" alt=\"icona risparmio w\" itemprop=\"image\" height=\"311\" width=\"311\" title=\"icona risparmio w\" onerror=\"this.style.display='none'\" loading='lazy' \/>\r\n\t<h3><b>Gestione sostenibile ed efficiente dei rifiuti<\/b><\/h3>","protected":false},"excerpt":{"rendered":"<p>Roads Challenges Road Stabilization With heavy rains and high traffic, the stabilized material in the section undergoes erosion and settlement processes. As a result, the road base is compromised, which reduces the load-bearing capacity of the road, accelerating its degradation, reducing its useful life and generating a significant increase in maintenance costs. Traditional subgrade regularization&hellip;<\/p>","protected":false},"author":1,"featured_media":0,"parent":120582,"menu_order":0,"comment_status":"closed","ping_status":"closed","template":"","meta":{"_acf_changed":false,"inline_featured_image":false,"footnotes":""},"class_list":["post-120990","page","type-page","status-publish","hentry"],"acf":[],"yoast_head":"<!-- This site is optimized with the Yoast SEO plugin v27.4 - https:\/\/yoast.com\/product\/yoast-seo-wordpress\/ -->\n<title>Soil Stabilization and Dust Control for Strong Roads | MetaFLO Technologies<\/title>\n<meta name=\"description\" content=\"Sustainable and environmentally safe solutions for soil stabilization and dust control on unpaved, gravel and haul roads.\" \/>\n<meta name=\"robots\" content=\"index, follow, max-snippet:-1, max-image-preview:large, max-video-preview:-1\" \/>\n<link rel=\"canonical\" href=\"https:\/\/www.metaflotech.com\/it\/industrie\/strade\/\" \/>\n<meta property=\"og:locale\" content=\"it_IT\" \/>\n<meta property=\"og:type\" content=\"article\" \/>\n<meta property=\"og:title\" content=\"Soil Stabilization and Dust Control for Strong Roads | MetaFLO Technologies\" \/>\n<meta property=\"og:description\" content=\"Sustainable and environmentally safe solutions for soil stabilization and dust control on unpaved, gravel and haul roads.\" \/>\n<meta property=\"og:url\" content=\"https:\/\/www.metaflotech.com\/it\/industrie\/strade\/\" \/>\n<meta property=\"og:site_name\" content=\"MetaFLO Technologies\" \/>\n<meta property=\"article:publisher\" content=\"https:\/\/www.facebook.com\/MetaFLOTechnologies\/\" \/>\n<meta property=\"article:modified_time\" content=\"2026-03-12T13:18:12+00:00\" \/>\n<meta property=\"og:image\" content=\"https:\/\/www.metaflotech.com\/wp-content\/uploads\/2025\/02\/Roads-1.svg\" \/>\n<meta name=\"twitter:card\" content=\"summary_large_image\" \/>\n<meta name=\"twitter:site\" content=\"@metaflo\" \/>\n<meta name=\"twitter:label1\" content=\"Tempo di lettura stimato\" \/>\n\t<meta name=\"twitter:data1\" content=\"4 minuti\" \/>\n<script type=\"application\/ld+json\" class=\"yoast-schema-graph\">{\"@context\":\"https:\\\/\\\/schema.org\",\"@graph\":[{\"@type\":\"WebPage\",\"@id\":\"https:\\\/\\\/www.metaflotech.com\\\/it\\\/industries\\\/roads\\\/\",\"url\":\"https:\\\/\\\/www.metaflotech.com\\\/it\\\/industries\\\/roads\\\/\",\"name\":\"Soil Stabilization and Dust Control for Strong Roads | MetaFLO Technologies\",\"isPartOf\":{\"@id\":\"https:\\\/\\\/www.metaflotech.com\\\/it\\\/#website\"},\"primaryImageOfPage\":{\"@id\":\"https:\\\/\\\/www.metaflotech.com\\\/it\\\/industries\\\/roads\\\/#primaryimage\"},\"image\":{\"@id\":\"https:\\\/\\\/www.metaflotech.com\\\/it\\\/industries\\\/roads\\\/#primaryimage\"},\"thumbnailUrl\":\"https:\\\/\\\/www.metaflotech.com\\\/wp-content\\\/uploads\\\/2025\\\/02\\\/Roads-1.svg\",\"datePublished\":\"2024-12-25T10:46:43+00:00\",\"dateModified\":\"2026-03-12T13:18:12+00:00\",\"description\":\"Sustainable and environmentally safe solutions for soil stabilization and dust control on unpaved, gravel and haul roads.\",\"breadcrumb\":{\"@id\":\"https:\\\/\\\/www.metaflotech.com\\\/it\\\/industries\\\/roads\\\/#breadcrumb\"},\"inLanguage\":\"it-IT\",\"potentialAction\":[{\"@type\":\"ReadAction\",\"target\":[\"https:\\\/\\\/www.metaflotech.com\\\/it\\\/industries\\\/roads\\\/\"]}]},{\"@type\":\"ImageObject\",\"inLanguage\":\"it-IT\",\"@id\":\"https:\\\/\\\/www.metaflotech.com\\\/it\\\/industries\\\/roads\\\/#primaryimage\",\"url\":\"https:\\\/\\\/www.metaflotech.com\\\/wp-content\\\/uploads\\\/2025\\\/02\\\/Roads-1.svg\",\"contentUrl\":\"https:\\\/\\\/www.metaflotech.com\\\/wp-content\\\/uploads\\\/2025\\\/02\\\/Roads-1.svg\"},{\"@type\":\"BreadcrumbList\",\"@id\":\"https:\\\/\\\/www.metaflotech.com\\\/it\\\/industries\\\/roads\\\/#breadcrumb\",\"itemListElement\":[{\"@type\":\"ListItem\",\"position\":1,\"name\":\"Home\",\"item\":\"https:\\\/\\\/www.metaflotech.com\\\/\"},{\"@type\":\"ListItem\",\"position\":2,\"name\":\"Industries\",\"item\":\"https:\\\/\\\/www.metaflotech.com\\\/industries\\\/\"},{\"@type\":\"ListItem\",\"position\":3,\"name\":\"Soil Stabilization and Dust Control for Strong Roads\"}]},{\"@type\":\"WebSite\",\"@id\":\"https:\\\/\\\/www.metaflotech.com\\\/it\\\/#website\",\"url\":\"https:\\\/\\\/www.metaflotech.com\\\/it\\\/\",\"name\":\"MetaFLO Technologies\",\"description\":\"Engineered Polymer Solutions For Industrial Applications\",\"potentialAction\":[{\"@type\":\"SearchAction\",\"target\":{\"@type\":\"EntryPoint\",\"urlTemplate\":\"https:\\\/\\\/www.metaflotech.com\\\/it\\\/?s={search_term_string}\"},\"query-input\":{\"@type\":\"PropertyValueSpecification\",\"valueRequired\":true,\"valueName\":\"search_term_string\"}}],\"inLanguage\":\"it-IT\"}]}<\/script>\n<!-- \/ Yoast SEO plugin. -->","yoast_head_json":{"title":"Soil Stabilization and Dust Control for Strong Roads | MetaFLO Technologies","description":"Sustainable and environmentally safe solutions for soil stabilization and dust control on unpaved, gravel and haul roads.","robots":{"index":"index","follow":"follow","max-snippet":"max-snippet:-1","max-image-preview":"max-image-preview:large","max-video-preview":"max-video-preview:-1"},"canonical":"https:\/\/www.metaflotech.com\/it\/industrie\/strade\/","og_locale":"it_IT","og_type":"article","og_title":"Soil Stabilization and Dust Control for Strong Roads | MetaFLO Technologies","og_description":"Sustainable and environmentally safe solutions for soil stabilization and dust control on unpaved, gravel and haul roads.","og_url":"https:\/\/www.metaflotech.com\/it\/industrie\/strade\/","og_site_name":"MetaFLO Technologies","article_publisher":"https:\/\/www.facebook.com\/MetaFLOTechnologies\/","article_modified_time":"2026-03-12T13:18:12+00:00","og_image":[{"url":"https:\/\/www.metaflotech.com\/wp-content\/uploads\/2025\/02\/Roads-1.svg","type":"","width":"","height":""}],"twitter_card":"summary_large_image","twitter_site":"@metaflo","twitter_misc":{"Tempo di lettura stimato":"4 minuti"},"schema":{"@context":"https:\/\/schema.org","@graph":[{"@type":"WebPage","@id":"https:\/\/www.metaflotech.com\/it\/industries\/roads\/","url":"https:\/\/www.metaflotech.com\/it\/industries\/roads\/","name":"Soil Stabilization and Dust Control for Strong Roads | MetaFLO Technologies","isPartOf":{"@id":"https:\/\/www.metaflotech.com\/it\/#website"},"primaryImageOfPage":{"@id":"https:\/\/www.metaflotech.com\/it\/industries\/roads\/#primaryimage"},"image":{"@id":"https:\/\/www.metaflotech.com\/it\/industries\/roads\/#primaryimage"},"thumbnailUrl":"https:\/\/www.metaflotech.com\/wp-content\/uploads\/2025\/02\/Roads-1.svg","datePublished":"2024-12-25T10:46:43+00:00","dateModified":"2026-03-12T13:18:12+00:00","description":"Sustainable and environmentally safe solutions for soil stabilization and dust control on unpaved, gravel and haul roads.","breadcrumb":{"@id":"https:\/\/www.metaflotech.com\/it\/industries\/roads\/#breadcrumb"},"inLanguage":"it-IT","potentialAction":[{"@type":"ReadAction","target":["https:\/\/www.metaflotech.com\/it\/industries\/roads\/"]}]},{"@type":"ImageObject","inLanguage":"it-IT","@id":"https:\/\/www.metaflotech.com\/it\/industries\/roads\/#primaryimage","url":"https:\/\/www.metaflotech.com\/wp-content\/uploads\/2025\/02\/Roads-1.svg","contentUrl":"https:\/\/www.metaflotech.com\/wp-content\/uploads\/2025\/02\/Roads-1.svg"},{"@type":"BreadcrumbList","@id":"https:\/\/www.metaflotech.com\/it\/industries\/roads\/#breadcrumb","itemListElement":[{"@type":"ListItem","position":1,"name":"Home","item":"https:\/\/www.metaflotech.com\/"},{"@type":"ListItem","position":2,"name":"Industries","item":"https:\/\/www.metaflotech.com\/industries\/"},{"@type":"ListItem","position":3,"name":"Soil Stabilization and Dust Control for Strong Roads"}]},{"@type":"WebSite","@id":"https:\/\/www.metaflotech.com\/it\/#website","url":"https:\/\/www.metaflotech.com\/it\/","name":"Tecnologie MetaFLO","description":"Soluzioni polimeriche ingegnerizzate per applicazioni industriali","potentialAction":[{"@type":"SearchAction","target":{"@type":"EntryPoint","urlTemplate":"https:\/\/www.metaflotech.com\/it\/?s={search_term_string}"},"query-input":{"@type":"PropertyValueSpecification","valueRequired":true,"valueName":"search_term_string"}}],"inLanguage":"it-IT"}]}},"_links":{"self":[{"href":"https:\/\/www.metaflotech.com\/it\/wp-json\/wp\/v2\/pages\/120990","targetHints":{"allow":["GET"]}}],"collection":[{"href":"https:\/\/www.metaflotech.com\/it\/wp-json\/wp\/v2\/pages"}],"about":[{"href":"https:\/\/www.metaflotech.com\/it\/wp-json\/wp\/v2\/types\/page"}],"author":[{"embeddable":true,"href":"https:\/\/www.metaflotech.com\/it\/wp-json\/wp\/v2\/users\/1"}],"replies":[{"embeddable":true,"href":"https:\/\/www.metaflotech.com\/it\/wp-json\/wp\/v2\/comments?post=120990"}],"version-history":[{"count":0,"href":"https:\/\/www.metaflotech.com\/it\/wp-json\/wp\/v2\/pages\/120990\/revisions"}],"up":[{"embeddable":true,"href":"https:\/\/www.metaflotech.com\/it\/wp-json\/wp\/v2\/pages\/120582"}],"wp:attachment":[{"href":"https:\/\/www.metaflotech.com\/it\/wp-json\/wp\/v2\/media?parent=120990"}],"curies":[{"name":"wp","href":"https:\/\/api.w.org\/{rel}","templated":true}]}}