{"id":70741,"date":"2015-11-25T12:11:24","date_gmt":"2015-11-25T12:11:24","guid":{"rendered":"http:\/\/factory.commercegurus.com\/?page_id=70741"},"modified":"2025-07-09T04:30:51","modified_gmt":"2025-07-09T04:30:51","slug":"contattateci","status":"publish","type":"page","link":"https:\/\/www.metaflotech.com\/it\/contact-us\/","title":{"rendered":"Contatto"},"content":{"rendered":"<h2>\n\t\t\tMetaFLO Technologies Head Office &#8211; Canada\t<\/h2>\n\t<strong>Indirizzo:<\/strong> 1630 Sismet Rd #4<br \/>\nMississauga, ON L4W 1R5\n<p><strong>Telefono:<\/strong> <a href=\"tel:18888624011\">1-888-862-4011<\/a><\/p>\n<p><strong>E-mail:<\/strong> <a href=\"mailto:info@metaflotech.com\">info@metaflotech.com<\/a><\/p>\n<strong>Indirizzo postale:<\/strong><br \/>\nMetaflo Technologies Inc.<br \/>\n16-1375 Southdown Rd.<br \/>\nSuite #115<br \/>\nMississauga ON L5J2Z1<br \/>\nCanada\n<h2>\n\t\t\tMetaFLO Technologies Head Office &#8211; US\t<\/h2>\n\t<strong>Indirizzo:<\/strong> 800 N. State Street, Suite 304<br \/>\nDover DE 19901\n<p><strong>Telefono:<\/strong> <a href=\"tel:18888624011\">1-888-862-4011<\/a><\/p>\n<p><strong>E-mail:<\/strong> <a href=\"mailto:info@metaflotech.com\">info@metaflotech.com<\/a><\/p>\n<h2>\n\t\t\tMetaFLO Technologies LTDA &#8211; Brasil\t<\/h2>\n\t<strong>Indirizzo:<\/strong> Avenida Engenheiro Luiz Carlos Berrini, n\u00ba 1.748, Conjunto 1.710, Ufficio E.<br \/>\nDesign, Bairro Cidade Mon\u00e7\u00f5es, S\u00e3o Paulo\/SP<br \/>\nCEP\/C\u00f3digo Postal: 04571-000\n<strong>Telefono (principale):<\/strong> +55 11 91788-7818<br \/>\nNumero verde: 0800-761-7023\n<p><strong>E-mail:<\/strong> contato@metaflotech.com<\/p>\n<h1>\n\t\t\tAvete domande sui nostri reagenti di solidificazione e sui biopolimeri?\t<\/h1>\n\t<iframe src=\"https:\/\/www.google.com\/maps\/embed\/v1\/place?q=1630+Sismet+Rd+%234%2C+Mississauga%2C+ON+L4W+1R5%0A&#038;key=AIzaSyD09zQ9PNDNNy9TadMuzRV_UsPUoWKntt8\" aria-hidden=\"true\"><\/iframe>","protected":false},"excerpt":{"rendered":"<p>MetaFLO Technologies Head Office &#8211; Canada Address: 1630 Sismet Rd #4 Mississauga, ON L4W 1R5 Telephone: 1-888-862-4011 Email: info@metaflotech.com Mailing Address: Metaflo Technologies Inc. 16-1375 Southdown Rd. Suite #115 Mississauga ON L5J2Z1 Canada MetaFLO Technologies Head Office &#8211; US Address: 800 N. State Street, Suite 304 Dover DE 19901 Telephone: 1-888-862-4011 Email: info@metaflotech.com MetaFLO Technologies&hellip;<\/p>","protected":false},"author":1,"featured_media":71902,"parent":0,"menu_order":0,"comment_status":"closed","ping_status":"closed","template":"","meta":{"_acf_changed":false,"inline_featured_image":false,"footnotes":""},"class_list":["post-70741","page","type-page","status-publish","has-post-thumbnail","hentry"],"acf":[],"yoast_head":"<!-- This site is optimized with the Yoast SEO plugin v27.4 - https:\/\/yoast.com\/product\/yoast-seo-wordpress\/ -->\n<title>Contact Us | MetaFLO Technologies<\/title>\n<meta name=\"robots\" content=\"index, follow, max-snippet:-1, max-image-preview:large, max-video-preview:-1\" \/>\n<link rel=\"canonical\" href=\"https:\/\/www.metaflotech.com\/it\/contattateci\/\" \/>\n<meta property=\"og:locale\" content=\"it_IT\" \/>\n<meta property=\"og:type\" content=\"article\" \/>\n<meta property=\"og:title\" content=\"Contact Us | MetaFLO Technologies\" \/>\n<meta property=\"og:description\" content=\"MetaFLO Technologies Head Office &#8211; Canada Address: 1630 Sismet Rd #4 Mississauga, ON L4W 1R5 Telephone: 1-888-862-4011 Email: info@metaflotech.com Mailing Address: Metaflo Technologies Inc. 16-1375 Southdown Rd. Suite #115 Mississauga ON L5J2Z1 Canada MetaFLO Technologies Head Office &#8211; US Address: 800 N. State Street, Suite 304 Dover DE 19901 Telephone: 1-888-862-4011 Email: info@metaflotech.com MetaFLO Technologies&hellip;\" \/>\n<meta property=\"og:url\" content=\"https:\/\/www.metaflotech.com\/it\/contattateci\/\" \/>\n<meta property=\"og:site_name\" content=\"MetaFLO Technologies\" \/>\n<meta property=\"article:publisher\" content=\"https:\/\/www.facebook.com\/MetaFLOTechnologies\/\" \/>\n<meta property=\"article:modified_time\" content=\"2025-07-09T04:30:51+00:00\" \/>\n<meta property=\"og:image\" content=\"https:\/\/www.metaflotech.com\/wp-content\/uploads\/2015\/03\/Contact-us-banner.jpg\" \/>\n\t<meta property=\"og:image:width\" content=\"1700\" \/>\n\t<meta property=\"og:image:height\" content=\"1190\" \/>\n\t<meta property=\"og:image:type\" content=\"image\/jpeg\" \/>\n<meta name=\"twitter:card\" content=\"summary_large_image\" \/>\n<meta name=\"twitter:site\" content=\"@metaflo\" \/>\n<meta name=\"twitter:label1\" content=\"Tempo di lettura stimato\" \/>\n\t<meta name=\"twitter:data1\" content=\"1 minuto\" \/>\n<script type=\"application\/ld+json\" class=\"yoast-schema-graph\">{\"@context\":\"https:\\\/\\\/schema.org\",\"@graph\":[{\"@type\":\"WebPage\",\"@id\":\"https:\\\/\\\/www.metaflotech.com\\\/it\\\/contact-us\\\/\",\"url\":\"https:\\\/\\\/www.metaflotech.com\\\/it\\\/contact-us\\\/\",\"name\":\"Contact Us | MetaFLO Technologies\",\"isPartOf\":{\"@id\":\"https:\\\/\\\/www.metaflotech.com\\\/it\\\/#website\"},\"primaryImageOfPage\":{\"@id\":\"https:\\\/\\\/www.metaflotech.com\\\/it\\\/contact-us\\\/#primaryimage\"},\"image\":{\"@id\":\"https:\\\/\\\/www.metaflotech.com\\\/it\\\/contact-us\\\/#primaryimage\"},\"thumbnailUrl\":\"https:\\\/\\\/www.metaflotech.com\\\/wp-content\\\/uploads\\\/2015\\\/03\\\/Contact-us-banner.jpg\",\"datePublished\":\"2015-11-25T12:11:24+00:00\",\"dateModified\":\"2025-07-09T04:30:51+00:00\",\"breadcrumb\":{\"@id\":\"https:\\\/\\\/www.metaflotech.com\\\/it\\\/contact-us\\\/#breadcrumb\"},\"inLanguage\":\"it-IT\",\"potentialAction\":[{\"@type\":\"ReadAction\",\"target\":[\"https:\\\/\\\/www.metaflotech.com\\\/it\\\/contact-us\\\/\"]}]},{\"@type\":\"ImageObject\",\"inLanguage\":\"it-IT\",\"@id\":\"https:\\\/\\\/www.metaflotech.com\\\/it\\\/contact-us\\\/#primaryimage\",\"url\":\"https:\\\/\\\/www.metaflotech.com\\\/wp-content\\\/uploads\\\/2015\\\/03\\\/Contact-us-banner.jpg\",\"contentUrl\":\"https:\\\/\\\/www.metaflotech.com\\\/wp-content\\\/uploads\\\/2015\\\/03\\\/Contact-us-banner.jpg\",\"width\":1700,\"height\":1190,\"caption\":\"Contact us banner\"},{\"@type\":\"BreadcrumbList\",\"@id\":\"https:\\\/\\\/www.metaflotech.com\\\/it\\\/contact-us\\\/#breadcrumb\",\"itemListElement\":[{\"@type\":\"ListItem\",\"position\":1,\"name\":\"Home\",\"item\":\"https:\\\/\\\/www.metaflotech.com\\\/\"},{\"@type\":\"ListItem\",\"position\":2,\"name\":\"Contact Us\"}]},{\"@type\":\"WebSite\",\"@id\":\"https:\\\/\\\/www.metaflotech.com\\\/it\\\/#website\",\"url\":\"https:\\\/\\\/www.metaflotech.com\\\/it\\\/\",\"name\":\"MetaFLO Technologies\",\"description\":\"Engineered Polymer Solutions For Industrial Applications\",\"potentialAction\":[{\"@type\":\"SearchAction\",\"target\":{\"@type\":\"EntryPoint\",\"urlTemplate\":\"https:\\\/\\\/www.metaflotech.com\\\/it\\\/?s={search_term_string}\"},\"query-input\":{\"@type\":\"PropertyValueSpecification\",\"valueRequired\":true,\"valueName\":\"search_term_string\"}}],\"inLanguage\":\"it-IT\"}]}<\/script>\n<!-- \/ Yoast SEO plugin. -->","yoast_head_json":{"title":"Contact Us | MetaFLO Technologies","robots":{"index":"index","follow":"follow","max-snippet":"max-snippet:-1","max-image-preview":"max-image-preview:large","max-video-preview":"max-video-preview:-1"},"canonical":"https:\/\/www.metaflotech.com\/it\/contattateci\/","og_locale":"it_IT","og_type":"article","og_title":"Contact Us | MetaFLO Technologies","og_description":"MetaFLO Technologies Head Office &#8211; Canada Address: 1630 Sismet Rd #4 Mississauga, ON L4W 1R5 Telephone: 1-888-862-4011 Email: info@metaflotech.com Mailing Address: Metaflo Technologies Inc. 16-1375 Southdown Rd. Suite #115 Mississauga ON L5J2Z1 Canada MetaFLO Technologies Head Office &#8211; US Address: 800 N. State Street, Suite 304 Dover DE 19901 Telephone: 1-888-862-4011 Email: info@metaflotech.com MetaFLO Technologies&hellip;","og_url":"https:\/\/www.metaflotech.com\/it\/contattateci\/","og_site_name":"MetaFLO Technologies","article_publisher":"https:\/\/www.facebook.com\/MetaFLOTechnologies\/","article_modified_time":"2025-07-09T04:30:51+00:00","og_image":[{"width":1700,"height":1190,"url":"https:\/\/www.metaflotech.com\/wp-content\/uploads\/2015\/03\/Contact-us-banner.jpg","type":"image\/jpeg"}],"twitter_card":"summary_large_image","twitter_site":"@metaflo","twitter_misc":{"Tempo di lettura stimato":"1 minuto"},"schema":{"@context":"https:\/\/schema.org","@graph":[{"@type":"WebPage","@id":"https:\/\/www.metaflotech.com\/it\/contact-us\/","url":"https:\/\/www.metaflotech.com\/it\/contact-us\/","name":"Contact Us | MetaFLO Technologies","isPartOf":{"@id":"https:\/\/www.metaflotech.com\/it\/#website"},"primaryImageOfPage":{"@id":"https:\/\/www.metaflotech.com\/it\/contact-us\/#primaryimage"},"image":{"@id":"https:\/\/www.metaflotech.com\/it\/contact-us\/#primaryimage"},"thumbnailUrl":"https:\/\/www.metaflotech.com\/wp-content\/uploads\/2015\/03\/Contact-us-banner.jpg","datePublished":"2015-11-25T12:11:24+00:00","dateModified":"2025-07-09T04:30:51+00:00","breadcrumb":{"@id":"https:\/\/www.metaflotech.com\/it\/contact-us\/#breadcrumb"},"inLanguage":"it-IT","potentialAction":[{"@type":"ReadAction","target":["https:\/\/www.metaflotech.com\/it\/contact-us\/"]}]},{"@type":"ImageObject","inLanguage":"it-IT","@id":"https:\/\/www.metaflotech.com\/it\/contact-us\/#primaryimage","url":"https:\/\/www.metaflotech.com\/wp-content\/uploads\/2015\/03\/Contact-us-banner.jpg","contentUrl":"https:\/\/www.metaflotech.com\/wp-content\/uploads\/2015\/03\/Contact-us-banner.jpg","width":1700,"height":1190,"caption":"Contact us banner"},{"@type":"BreadcrumbList","@id":"https:\/\/www.metaflotech.com\/it\/contact-us\/#breadcrumb","itemListElement":[{"@type":"ListItem","position":1,"name":"Home","item":"https:\/\/www.metaflotech.com\/"},{"@type":"ListItem","position":2,"name":"Contact Us"}]},{"@type":"WebSite","@id":"https:\/\/www.metaflotech.com\/it\/#website","url":"https:\/\/www.metaflotech.com\/it\/","name":"Tecnologie MetaFLO","description":"Soluzioni polimeriche ingegnerizzate per applicazioni industriali","potentialAction":[{"@type":"SearchAction","target":{"@type":"EntryPoint","urlTemplate":"https:\/\/www.metaflotech.com\/it\/?s={search_term_string}"},"query-input":{"@type":"PropertyValueSpecification","valueRequired":true,"valueName":"search_term_string"}}],"inLanguage":"it-IT"}]}},"_links":{"self":[{"href":"https:\/\/www.metaflotech.com\/it\/wp-json\/wp\/v2\/pages\/70741","targetHints":{"allow":["GET"]}}],"collection":[{"href":"https:\/\/www.metaflotech.com\/it\/wp-json\/wp\/v2\/pages"}],"about":[{"href":"https:\/\/www.metaflotech.com\/it\/wp-json\/wp\/v2\/types\/page"}],"author":[{"embeddable":true,"href":"https:\/\/www.metaflotech.com\/it\/wp-json\/wp\/v2\/users\/1"}],"replies":[{"embeddable":true,"href":"https:\/\/www.metaflotech.com\/it\/wp-json\/wp\/v2\/comments?post=70741"}],"version-history":[{"count":0,"href":"https:\/\/www.metaflotech.com\/it\/wp-json\/wp\/v2\/pages\/70741\/revisions"}],"wp:featuredmedia":[{"embeddable":true,"href":"https:\/\/www.metaflotech.com\/it\/wp-json\/wp\/v2\/media\/71902"}],"wp:attachment":[{"href":"https:\/\/www.metaflotech.com\/it\/wp-json\/wp\/v2\/media?parent=70741"}],"curies":[{"name":"wp","href":"https:\/\/api.w.org\/{rel}","templated":true}]}}