{"id":73592,"date":"2021-04-26T23:59:53","date_gmt":"2021-04-26T23:59:53","guid":{"rendered":"https:\/\/metaflotech.com\/?page_id=73592"},"modified":"2021-06-22T16:07:37","modified_gmt":"2021-06-22T16:07:37","slug":"informativa-sulla-privacy","status":"publish","type":"page","link":"https:\/\/www.metaflotech.com\/it\/privacy-policy\/","title":{"rendered":"Informativa sulla privacy"},"content":{"rendered":"<p>Ultimo aggiornamento il 26\/4\/2021. La presente informativa sulla privacy ha effetto immediato.<\/p>\n<p>Introduzione<\/p>\n<p>At Metaflo Technologies (the &#8220;Company&#8221; or &#8220;We&#8221;), we respect your privacy and are committed to protecting it through our compliance with this policy.<\/p>\n<p>This policy describes the types of information we may collect from you or that you may provide when you visit this website (our &#8220;Website&#8221;) and our practices for collecting, using, maintaining, protecting and disclosing that information.<\/p>\n<p>Questa politica si applica alle informazioni che raccogliamo:<\/p>\n<ul>\n<li>Su questo sito web.<\/li>\n<li>In e-mail, testi e altri messaggi elettronici tra l'utente e questo sito web.<\/li>\n<li>Attraverso le applicazioni mobili e desktop scaricate da questo sito web, che forniscono un'interazione dedicata non basata sul browser tra l'utente e questo sito web.<\/li>\n<li>Quando interagite con la nostra pubblicit\u00e0 e le nostre applicazioni su siti web e servizi di terzi, se tali applicazioni o pubblicit\u00e0 includono collegamenti a questa politica.<\/li>\n<\/ul>\n<p>Non si applica alle informazioni raccolte da:<\/p>\n<ul>\n<li>offline o attraverso qualsiasi altro mezzo, incluso qualsiasi altro sito web gestito dall'Azienda o da terzi (incluse le nostre affiliate e filiali); oppure<\/li>\n<li>qualsiasi terza parte (comprese le nostre affiliate e sussidiarie), anche attraverso qualsiasi applicazione o contenuto (compresa la pubblicit\u00e0) che possa collegarsi o essere accessibile da o sul Sito web.<\/li>\n<\/ul>\n<p>Vi invitiamo a leggere attentamente questa informativa per comprendere le nostre politiche e pratiche relative alle vostre informazioni e al modo in cui le tratteremo. Se non siete d'accordo con le nostre politiche e pratiche, potete scegliere di non utilizzare il nostro sito web. Accedendo o utilizzando questo sito web, l'utente accetta la presente informativa sulla privacy. Questa politica pu\u00f2 cambiare di tanto in tanto. L'uso continuato del sito Web dopo le modifiche apportate \u00e8 considerato un'accettazione di tali modifiche, pertanto si consiglia di controllare periodicamente l'informativa per verificare la presenza di eventuali aggiornamenti.<\/p>\n<p>Bambini di et\u00e0 inferiore ai 13 anni<\/p>\n<p>Il nostro sito web non \u00e8 destinato ai bambini di et\u00e0 inferiore ai 13 anni. Nessuno al di sotto dei 13 anni pu\u00f2 fornire informazioni personali a o sul Sito Web. Non raccogliamo consapevolmente informazioni personali da bambini di et\u00e0 inferiore ai 13 anni. Se avete meno di 13 anni, non utilizzate o fornite informazioni su questo sito web o su o attraverso una qualsiasi delle sue funzioni\/registrazione sul sito web, non fate acquisti attraverso il sito web, non utilizzate una qualsiasi delle funzioni interattive o di commento pubblico di questo sito web o non fornite alcuna informazione su di voi a noi, incluso il vostro nome, indirizzo, numero di telefono, indirizzo e-mail o qualsiasi nome di schermo o nome utente che potete utilizzare. Se veniamo a conoscenza di aver raccolto o ricevuto informazioni personali da un minore di 13 anni senza aver verificato il consenso dei genitori, cancelleremo tali informazioni. Se ritenete che siamo in possesso di informazioni su un bambino di et\u00e0 inferiore ai 13 anni, contattateci tramite il nostro link \"Contattaci\".<\/p>\n<p>Informazioni che raccogliamo su di voi e come le raccogliamo<\/p>\n<p>Raccogliamo diversi tipi di informazioni da e sugli utenti del nostro sito web, comprese le informazioni:<\/p>\n<ul>\n<li>by which you may be personally identified, such as name, postal address, e-mail address, telephone number or ANY OTHER INFORMATION THE WEBSITE COLLECTS THAT IS DEFINED AS PERSONAL OR PERSONALLY IDENTIFIABLE INFORMATION UNDER AN APPLICABLE LAW (&#8220;personal information&#8221;);<\/li>\n<li>che riguardano l'utente ma che non lo identificano individualmente, e\/o<\/li>\n<li>sulla vostra connessione a Internet, sull'apparecchiatura che utilizzate per accedere al nostro sito web e sui dettagli di utilizzo.<\/li>\n<\/ul>\n<p>Raccogliamo queste informazioni:<\/p>\n<ul>\n<li>Direttamente da voi quando ce lo fornite.<\/li>\n<li>Automaticamente durante la navigazione del sito. Le informazioni raccolte automaticamente possono includere dettagli di utilizzo, indirizzi IP e informazioni raccolte tramite cookie, web beacon e altre tecnologie di tracciamento.<\/li>\n<li>Da terzi, ad esempio i nostri partner commerciali.<\/li>\n<\/ul>\n<p>Informazioni fornite dall'utente.<\/p>\n<p>Le informazioni che raccogliamo su o attraverso il nostro sito web possono includere:<\/p>\n<ul>\n<li>Informazioni fornite dall'utente attraverso la compilazione di moduli sul nostro sito web. Ci\u00f2 include le informazioni fornite al momento della registrazione per l'utilizzo del nostro Sito web, dell'iscrizione al nostro servizio, della pubblicazione di materiale o della richiesta di ulteriori servizi. Potremmo anche chiedervi informazioni quando segnalate un problema con il nostro Sito web.<\/li>\n<li>Registri e copie della vostra corrispondenza (compresi gli indirizzi e-mail), se ci contattate.<\/li>\n<li>Le vostre risposte ai sondaggi che potremmo chiedervi di completare a scopo di ricerca.<\/li>\n<li>Dettagli delle transazioni effettuate attraverso il nostro sito web e dell'evasione dei vostri ordini. Potrebbe esservi richiesto di fornire informazioni finanziarie prima di effettuare un ordine tramite il nostro Sito web.<\/li>\n<li>Le vostre query di ricerca sul Sito web.<\/li>\n<\/ul>\n<p>You also may provide information to be published or displayed (hereinafter, &#8220;posted&#8221;) on public areas of the Website, or transmitted to other users of the Website or third parties (collectively, &#8220;User Contributions&#8221;). Your User Contributions are posted on and transmitted to others at your own risk. Although we limit access to certain pages\/you may set certain privacy settings for such information by logging into your account profile, please be aware that no security measures are perfect or impenetrable. Additionally, we cannot control the actions of other users of the Website with whom you may choose to share your User Contributions. Therefore, we cannot and do not guarantee that your User Contributions will not be viewed by unauthorized persons.<\/p>\n<p>Informazioni raccolte tramite tecnologie di raccolta automatica dei dati.<\/p>\n<p>Durante la navigazione e l'interazione con il nostro sito web, possiamo utilizzare tecnologie automatiche di raccolta dei dati per raccogliere alcune informazioni sulla vostra attrezzatura, sulle vostre azioni di navigazione e sui vostri modelli, tra cui:<\/p>\n<ul>\n<li>I dettagli delle vostre visite al nostro sito web, compresi i dati sul traffico, i dati sulla posizione e altri dati di comunicazione e le risorse a cui accedete e che utilizzate sul sito web.<\/li>\n<li>Informazioni sul vostro computer e sulla vostra connessione a Internet, compreso l'indirizzo IP, il sistema operativo e il tipo di browser.<\/li>\n<\/ul>\n<p>Possiamo anche utilizzare queste tecnologie per raccogliere informazioni sulle vostre attivit\u00e0 online nel tempo e su siti web di terzi o altri servizi online (tracciamento comportamentale). Le informazioni che raccogliamo automaticamente sono dati statistici e non includono informazioni personali, ma possiamo conservarle o associarle a informazioni personali raccolte in altri modi o ricevute da terzi. Ci aiutano a migliorare il nostro sito web e a fornire un servizio migliore e pi\u00f9 personalizzato, anche permettendoci di:<\/p>\n<ul>\n<li>Stimare le dimensioni del nostro pubblico e i modelli di utilizzo.<\/li>\n<li>Memorizzare informazioni sulle preferenze dell'utente, consentendoci di personalizzare il nostro sito web in base ai suoi interessi individuali.<\/li>\n<li>Velocizzare le ricerche.<\/li>\n<li>Riconoscervi quando tornate sul nostro sito web.<\/li>\n<\/ul>\n<p>Le tecnologie che utilizziamo per questa raccolta automatica di dati possono includere:<\/p>\n<ul>\n<li>Cookie (o cookie del browser). Un cookie \u00e8 un file di piccole dimensioni collocato sul disco rigido del vostro computer. L'utente pu\u00f2 rifiutare di accettare i cookie del browser attivando l'impostazione appropriata sul proprio browser. Tuttavia, se selezionate questa impostazione, potreste non essere in grado di accedere ad alcune parti del nostro Sito. A meno che non abbiate regolato le impostazioni del vostro browser in modo da rifiutare i cookie, il nostro sistema emetter\u00e0 dei cookie quando indirizzerete il vostro browser verso il nostro Sito.<\/li>\n<li>Cookie Flash. Alcune funzioni del nostro sito web possono utilizzare oggetti memorizzati localmente (o cookie Flash) per raccogliere e memorizzare informazioni sulle vostre preferenze e sulla navigazione verso, da e sul nostro sito web. I cookie Flash non sono gestiti dalle stesse impostazioni del browser utilizzate per i cookie del browser.<\/li>\n<li>Web Beacon. Le pagine del nostro sito web possono contenere piccoli file elettronici noti come web beacon (chiamati anche clear gif, pixel tag e single-pixel gif) che consentono alla Societ\u00e0, ad esempio, di contare gli utenti che hanno visitato tali pagine o aperto un'e-mail e per altre statistiche relative al sito web (ad esempio, registrando la popolarit\u00e0 di determinati contenuti del sito web e verificando l'integrit\u00e0 del sistema e del server).<\/li>\n<\/ul>\n<p>Le informazioni personali non vengono raccolte automaticamente, ma possono essere collegate a informazioni personali sull'utente raccolte da altre fonti o fornite dall'utente stesso.<\/p>\n<p>Uso di cookie e altre tecnologie di tracciamento da parte di terzi.<\/p>\n<p>Alcuni contenuti o applicazioni, compresi gli annunci pubblicitari, presenti sul sito web sono serviti da terze parti, tra cui inserzionisti, reti e server pubblicitari, fornitori di contenuti e fornitori di applicazioni. Queste terze parti possono utilizzare i cookie da soli o in combinazione con web beacon o altre tecnologie di tracciamento per raccogliere informazioni sull'utente quando utilizza il nostro sito web. Le informazioni raccolte possono essere associate ai vostri dati personali o possono raccogliere informazioni, anche personali, sulle vostre attivit\u00e0 online nel tempo e su diversi siti web e altri servizi online. Possono utilizzare queste informazioni per fornirvi pubblicit\u00e0 basata sugli interessi (comportamentale) o altri contenuti mirati.<\/p>\n<p>We do not control these third parties&#8217; tracking technologies or how they may be used. If you have any questions about an advertisement or other targeted content, you should contact the responsible provider directly.<\/p>\n<p>Come utilizziamo le vostre informazioni<\/p>\n<p>Utilizziamo le informazioni che raccogliamo su di voi o che ci fornite, comprese le informazioni personali:<\/p>\n<ul>\n<li>Per presentarvi il nostro sito web e i suoi contenuti.<\/li>\n<li>Per fornirvi le informazioni, i prodotti o i servizi che ci richiedete.<\/li>\n<li>Per fornirvi informazioni sui nostri servizi<\/li>\n<li>Per fornire all'utente comunicazioni relative al suo account\/abbonamento, compresi gli avvisi di scadenza e rinnovo.<\/li>\n<li>Per adempiere ai nostri obblighi e far valere i nostri diritti derivanti da qualsiasi contratto stipulato tra l'utente e noi, anche per la fatturazione e l'incasso.<\/li>\n<li>Per notificare all'utente le modifiche apportate al nostro sito web o a qualsiasi prodotto o servizio che offriamo o forniamo attraverso di esso.<\/li>\n<li>Per consentirvi di partecipare alle funzioni interattive del nostro sito web.<\/li>\n<li>In qualsiasi altro modo descritto dall'utente nel momento in cui fornisce le informazioni.<\/li>\n<li>Per adempiere a qualsiasi scopo per il quale l'utente lo ha fornito.<\/li>\n<li>Per qualsiasi altro scopo con il vostro consenso.<\/li>\n<\/ul>\n<p>We may use the information we have collected from you to enable us to display advertisements to our advertisers&#8217; target audiences. Even though we do not disclose your personal information for these purposes without your consent, if you click on or otherwise interact with an advertisement, the advertiser may assume that you meet its target criteria.<\/p>\n<p>Divulgazione dei vostri dati<\/p>\n<p>Possiamo divulgare informazioni aggregate sui nostri utenti e informazioni che non identificano alcun individuo, senza alcuna restrizione.<\/p>\n<p>Possiamo divulgare le informazioni personali raccolte o fornite dall'utente come descritto nella presente informativa sulla privacy:<\/p>\n<ul>\n<li>Alle nostre consociate e affiliate.<\/li>\n<li>Agli appaltatori, ai fornitori di servizi e ad altre terze parti che utilizziamo per supportare la nostra attivit\u00e0 e che sono vincolati da obblighi contrattuali a mantenere riservate le informazioni personali e a utilizzarle solo per gli scopi per i quali le abbiamo divulgate.<\/li>\n<li>To a buyer or other successor in the event of a merger, divestiture, restructuring, reorganization, dissolution or other sale or transfer of some or all of the Company&#8217;s assets, whether as a going concern or as part of bankruptcy, liquidation or similar proceeding, in which personal information held by the Company about our Website users is among the assets transferred.<\/li>\n<li>A terzi per commercializzare i loro prodotti o servizi all'utente, se quest'ultimo ha acconsentito a tali divulgazioni. Per contratto chiediamo a queste terze parti di mantenere riservate le informazioni personali e di utilizzarle solo per gli scopi per i quali le abbiamo divulgate.<\/li>\n<li>To fulfill the purpose for which you provide it. For example, if you give us an e-mail address to use the &#8220;e-mail a friend&#8221; feature of our Website, we will transmit the contents of that e-mail and your e-mail address to the recipients.<\/li>\n<li>Per qualsiasi altro scopo da noi comunicato al momento della fornitura delle informazioni.<\/li>\n<li>Con il vostro consenso.<\/li>\n<\/ul>\n<p>Possiamo anche divulgare le vostre informazioni personali:<\/p>\n<ul>\n<li>Per ottemperare a qualsiasi ordine del tribunale, legge o procedimento legale, anche per rispondere a qualsiasi richiesta governativa o normativa.<\/li>\n<li>Per far rispettare o applicare le nostre condizioni d'uso e altri accordi, anche a fini di fatturazione e riscossione.<\/li>\n<li>Se riteniamo che la divulgazione sia necessaria o appropriata per proteggere i diritti, la propriet\u00e0 o la sicurezza della Societ\u00e0, dei nostri clienti o di altri. Ci\u00f2 include lo scambio di informazioni con altre societ\u00e0 e organizzazioni ai fini della protezione dalle frodi e della riduzione del rischio di credito.<\/li>\n<\/ul>\n<p>Scelte su come utilizzare e divulgare le vostre informazioni<\/p>\n<p>Ci impegniamo a fornire all'utente la possibilit\u00e0 di scegliere le informazioni personali che ci fornisce. Abbiamo creato dei meccanismi per fornirvi il seguente controllo sulle vostre informazioni:<\/p>\n<ul>\n<li>Tracking Technologies and Advertising. You can set your browser to refuse all or some browser cookies, or to alert you when cookies are being sent. To learn how you can manage your Flash cookie settings, visit the Flash player settings page on Adobe&#8217;s website. If you disable or refuse cookies, please note that some parts of this site may then be inaccessible or not function properly.<\/li>\n<li>We do not control third parties&#8217; collection or use of your information to serve interest-based advertising. However these third parties may provide you with ways to choose not to have your information collected or used in this way. You can opt out of receiving targeted ads from members of the Network Advertising Initiative (&#8220;NAI&#8221;) on the NAI&#8217;s website.<\/li>\n<\/ul>\n<p>Accesso e correzione delle informazioni<\/p>\n<p>L'utente pu\u00f2 inviare un'e-mail tramite il nostro link di contatto per richiedere l'accesso, la correzione o la cancellazione delle informazioni personali che ci ha fornito. Non possiamo cancellare i vostri dati personali se non eliminando anche il vostro account utente. Non possiamo accogliere una richiesta di modifica delle informazioni se riteniamo che la modifica violi una legge o un requisito legale o renda le informazioni non corrette.<\/p>\n<p>Se l'utente cancella i propri Contributi dell'utente dal Sito web, copie dei suoi Contributi dell'utente potrebbero rimanere visibili nelle pagine memorizzate nella cache o archiviate, o potrebbero essere state copiate o memorizzate da altri utenti del Sito web. L'accesso e l'uso corretto delle informazioni fornite sul Sito web, compresi i Contributi dell'utente, sono regolati dalle nostre condizioni d'uso.<\/p>\n<p>I vostri diritti alla privacy in California<\/p>\n<p>Il \u00a7 1798.83 del Codice Civile della California consente agli utenti del nostro sito web che sono residenti in California di richiedere alcune informazioni relative alla nostra divulgazione di informazioni personali a terzi per i loro scopi di marketing diretto. Per effettuare tale richiesta, si prega di contattarci tramite il link Contattaci.<\/p>\n<p>Sicurezza dei dati<\/p>\n<p>Abbiamo implementato misure volte a proteggere i vostri dati personali da perdite accidentali e da accessi, usi, alterazioni e divulgazioni non autorizzati.<\/p>\n<p>La sicurezza delle vostre informazioni dipende anche da voi. Nel caso in cui vi abbiamo fornito (o abbiate scelto) una password per l'accesso a determinate parti del nostro Sito web, siete tenuti a mantenerla riservata. Vi chiediamo di non condividere la vostra password con nessuno.<\/p>\n<p>Purtroppo, la trasmissione di informazioni via Internet non \u00e8 completamente sicura. Pur facendo del nostro meglio per proteggere le informazioni personali, non possiamo garantire la sicurezza delle informazioni personali trasmesse al nostro sito web. Qualsiasi trasmissione di informazioni personali \u00e8 a rischio dell'utente. Non siamo responsabili dell'elusione delle impostazioni sulla privacy o delle misure di sicurezza contenute nel Sito.<\/p>\n<p>Modifiche alla nostra politica sulla privacy<\/p>\n<p>It is our policy to post any changes we make to our privacy policy on this page. If we make material changes to how we treat our users&#8217; personal information, we will notify you by e-mail to the e-mail address specified in your account and\/or through a notice on the Website home page. The date the privacy policy was last revised is identified at the top of the page. You are responsible for ensuring we have an up-to-date active and deliverable e-mail address for you, and for periodically visiting our Website and this privacy policy to check for any changes.<\/p>\n<p>Informazioni di contatto<\/p>\n<p>Per porre domande o commenti sulla presente informativa sulla privacy e sulle nostre pratiche in materia di privacy, contattate il nostro sito web <a href=\"https:\/\/www.metaflotech.com\/it\/contattateci\/\">Contatto<\/a> link.<\/p>\n<p>Grazie per aver visitato il sito web.<\/p>","protected":false},"excerpt":{"rendered":"<p>Last Updated on 4\/26\/2021. This privacy policy is effective immediately. Introduction At Metaflo Technologies (the &#8220;Company&#8221; or &#8220;We&#8221;), we respect your privacy and are committed to protecting it through our compliance with this policy. This policy describes the types of information we may collect from you or that you may provide when you visit this&hellip;<\/p>","protected":false},"author":1,"featured_media":0,"parent":0,"menu_order":0,"comment_status":"closed","ping_status":"closed","template":"","meta":{"_acf_changed":false,"inline_featured_image":false,"footnotes":""},"class_list":["post-73592","page","type-page","status-publish","hentry"],"acf":[],"yoast_head":"<!-- This site is optimized with the Yoast SEO plugin v27.4 - https:\/\/yoast.com\/product\/yoast-seo-wordpress\/ -->\n<title>Privacy Policy | MetaFLO Technologies<\/title>\n<meta name=\"robots\" content=\"index, follow, max-snippet:-1, max-image-preview:large, max-video-preview:-1\" \/>\n<link rel=\"canonical\" href=\"https:\/\/www.metaflotech.com\/it\/informativa-sulla-privacy\/\" \/>\n<meta property=\"og:locale\" content=\"it_IT\" \/>\n<meta property=\"og:type\" content=\"article\" \/>\n<meta property=\"og:title\" content=\"Privacy Policy | MetaFLO Technologies\" \/>\n<meta property=\"og:description\" content=\"Last Updated on 4\/26\/2021. This privacy policy is effective immediately. Introduction At Metaflo Technologies (the &#8220;Company&#8221; or &#8220;We&#8221;), we respect your privacy and are committed to protecting it through our compliance with this policy. This policy describes the types of information we may collect from you or that you may provide when you visit this&hellip;\" \/>\n<meta property=\"og:url\" content=\"https:\/\/www.metaflotech.com\/it\/informativa-sulla-privacy\/\" \/>\n<meta property=\"og:site_name\" content=\"MetaFLO Technologies\" \/>\n<meta property=\"article:publisher\" content=\"https:\/\/www.facebook.com\/MetaFLOTechnologies\/\" \/>\n<meta property=\"article:modified_time\" content=\"2021-06-22T16:07:37+00:00\" \/>\n<meta name=\"twitter:card\" content=\"summary_large_image\" \/>\n<meta name=\"twitter:site\" content=\"@metaflo\" \/>\n<meta name=\"twitter:label1\" content=\"Tempo di lettura stimato\" \/>\n\t<meta name=\"twitter:data1\" content=\"12 minuti\" \/>\n<script type=\"application\/ld+json\" class=\"yoast-schema-graph\">{\"@context\":\"https:\\\/\\\/schema.org\",\"@graph\":[{\"@type\":\"WebPage\",\"@id\":\"https:\\\/\\\/www.metaflotech.com\\\/it\\\/privacy-policy\\\/\",\"url\":\"https:\\\/\\\/www.metaflotech.com\\\/it\\\/privacy-policy\\\/\",\"name\":\"Privacy Policy | MetaFLO Technologies\",\"isPartOf\":{\"@id\":\"https:\\\/\\\/www.metaflotech.com\\\/it\\\/#website\"},\"datePublished\":\"2021-04-26T23:59:53+00:00\",\"dateModified\":\"2021-06-22T16:07:37+00:00\",\"breadcrumb\":{\"@id\":\"https:\\\/\\\/www.metaflotech.com\\\/it\\\/privacy-policy\\\/#breadcrumb\"},\"inLanguage\":\"it-IT\",\"potentialAction\":[{\"@type\":\"ReadAction\",\"target\":[\"https:\\\/\\\/www.metaflotech.com\\\/it\\\/privacy-policy\\\/\"]}]},{\"@type\":\"BreadcrumbList\",\"@id\":\"https:\\\/\\\/www.metaflotech.com\\\/it\\\/privacy-policy\\\/#breadcrumb\",\"itemListElement\":[{\"@type\":\"ListItem\",\"position\":1,\"name\":\"Home\",\"item\":\"https:\\\/\\\/www.metaflotech.com\\\/\"},{\"@type\":\"ListItem\",\"position\":2,\"name\":\"Privacy Policy\"}]},{\"@type\":\"WebSite\",\"@id\":\"https:\\\/\\\/www.metaflotech.com\\\/it\\\/#website\",\"url\":\"https:\\\/\\\/www.metaflotech.com\\\/it\\\/\",\"name\":\"MetaFLO Technologies\",\"description\":\"Engineered Polymer Solutions For Industrial Applications\",\"potentialAction\":[{\"@type\":\"SearchAction\",\"target\":{\"@type\":\"EntryPoint\",\"urlTemplate\":\"https:\\\/\\\/www.metaflotech.com\\\/it\\\/?s={search_term_string}\"},\"query-input\":{\"@type\":\"PropertyValueSpecification\",\"valueRequired\":true,\"valueName\":\"search_term_string\"}}],\"inLanguage\":\"it-IT\"}]}<\/script>\n<!-- \/ Yoast SEO plugin. -->","yoast_head_json":{"title":"Privacy Policy | MetaFLO Technologies","robots":{"index":"index","follow":"follow","max-snippet":"max-snippet:-1","max-image-preview":"max-image-preview:large","max-video-preview":"max-video-preview:-1"},"canonical":"https:\/\/www.metaflotech.com\/it\/informativa-sulla-privacy\/","og_locale":"it_IT","og_type":"article","og_title":"Privacy Policy | MetaFLO Technologies","og_description":"Last Updated on 4\/26\/2021. This privacy policy is effective immediately. Introduction At Metaflo Technologies (the &#8220;Company&#8221; or &#8220;We&#8221;), we respect your privacy and are committed to protecting it through our compliance with this policy. This policy describes the types of information we may collect from you or that you may provide when you visit this&hellip;","og_url":"https:\/\/www.metaflotech.com\/it\/informativa-sulla-privacy\/","og_site_name":"MetaFLO Technologies","article_publisher":"https:\/\/www.facebook.com\/MetaFLOTechnologies\/","article_modified_time":"2021-06-22T16:07:37+00:00","twitter_card":"summary_large_image","twitter_site":"@metaflo","twitter_misc":{"Tempo di lettura stimato":"12 minuti"},"schema":{"@context":"https:\/\/schema.org","@graph":[{"@type":"WebPage","@id":"https:\/\/www.metaflotech.com\/it\/privacy-policy\/","url":"https:\/\/www.metaflotech.com\/it\/privacy-policy\/","name":"Privacy Policy | MetaFLO Technologies","isPartOf":{"@id":"https:\/\/www.metaflotech.com\/it\/#website"},"datePublished":"2021-04-26T23:59:53+00:00","dateModified":"2021-06-22T16:07:37+00:00","breadcrumb":{"@id":"https:\/\/www.metaflotech.com\/it\/privacy-policy\/#breadcrumb"},"inLanguage":"it-IT","potentialAction":[{"@type":"ReadAction","target":["https:\/\/www.metaflotech.com\/it\/privacy-policy\/"]}]},{"@type":"BreadcrumbList","@id":"https:\/\/www.metaflotech.com\/it\/privacy-policy\/#breadcrumb","itemListElement":[{"@type":"ListItem","position":1,"name":"Home","item":"https:\/\/www.metaflotech.com\/"},{"@type":"ListItem","position":2,"name":"Privacy Policy"}]},{"@type":"WebSite","@id":"https:\/\/www.metaflotech.com\/it\/#website","url":"https:\/\/www.metaflotech.com\/it\/","name":"Tecnologie MetaFLO","description":"Soluzioni polimeriche ingegnerizzate per applicazioni industriali","potentialAction":[{"@type":"SearchAction","target":{"@type":"EntryPoint","urlTemplate":"https:\/\/www.metaflotech.com\/it\/?s={search_term_string}"},"query-input":{"@type":"PropertyValueSpecification","valueRequired":true,"valueName":"search_term_string"}}],"inLanguage":"it-IT"}]}},"_links":{"self":[{"href":"https:\/\/www.metaflotech.com\/it\/wp-json\/wp\/v2\/pages\/73592","targetHints":{"allow":["GET"]}}],"collection":[{"href":"https:\/\/www.metaflotech.com\/it\/wp-json\/wp\/v2\/pages"}],"about":[{"href":"https:\/\/www.metaflotech.com\/it\/wp-json\/wp\/v2\/types\/page"}],"author":[{"embeddable":true,"href":"https:\/\/www.metaflotech.com\/it\/wp-json\/wp\/v2\/users\/1"}],"replies":[{"embeddable":true,"href":"https:\/\/www.metaflotech.com\/it\/wp-json\/wp\/v2\/comments?post=73592"}],"version-history":[{"count":0,"href":"https:\/\/www.metaflotech.com\/it\/wp-json\/wp\/v2\/pages\/73592\/revisions"}],"wp:attachment":[{"href":"https:\/\/www.metaflotech.com\/it\/wp-json\/wp\/v2\/media?parent=73592"}],"curies":[{"name":"wp","href":"https:\/\/api.w.org\/{rel}","templated":true}]}}