{"id":93247,"date":"2024-10-04T11:15:59","date_gmt":"2024-10-04T11:15:59","guid":{"rendered":"https:\/\/www.metaflotech.com\/?page_id=93247"},"modified":"2026-03-12T13:03:55","modified_gmt":"2026-03-12T13:03:55","slug":"tunneling","status":"publish","type":"page","link":"https:\/\/www.metaflotech.com\/it\/applications\/tunneling\/","title":{"rendered":"TBM Slurry and Spoil Solidification for Tunneling Projects"},"content":{"rendered":"<img decoding=\"async\" src=\"https:\/\/www.metaflotech.com\/wp-content\/uploads\/2024\/10\/tunneling.webp\" alt=\"tunneling\" itemprop=\"image\" height=\"1720\" width=\"2560\" onerror=\"this.style.display='none'\" loading='lazy' \/>\r\n\t<h1><strong>Tunneling<\/strong><\/h1>\r\n<h2><em>Innovazione nella gestione dei rifiuti in galleria<\/em><\/h2>\r\n<h3>\r\n\t\t\tIl problema in sintesi\t<\/h3>\r\n\t<p>Le TBM (Earth Pressure Balance Tunnel Boring Machines) sono utilizzate nella costruzione di gallerie ferroviarie, metropolitane, autostradali e in altri progetti in cui la galleria sar\u00e0 costruita in parte o completamente in terreno soffice.<\/p>\r\n<p>In molti progetti di scavo di gallerie, si genera una grande quantit\u00e0 di fango. I lubrificanti di perforazione a base di bentonite, le schiume lubrificanti e altri additivi vengono utilizzati per mantenere la pressione sul sovraccarico e ridurre l'attrito sulle grandi teste di taglio rotanti situate nella parte anteriore delle frese per tunnel.<\/p>\r\n<p>La quantit\u00e0 di lubrificante utilizzata dipende dalla geologia attraversata. Il lubrificante facilita anche il trasporto dei detriti generati verso la parte posteriore della fresa, dove vengono trasportati in superficie da un sistema di trasporto o da una macchina del fango. Quando questi rifiuti arrivano in superficie, hanno la consistenza del letame, spesso difficile e costoso da smaltire.<\/p>\r\n<p>Il processo di smaltimento del letame \u00e8 spesso simile a questo:<\/p>\r\n<ol>\r\n<li>Autocarri specializzati nell'aspirazione trasportano il letame in una stazione di trasferimento.<\/li>\r\n<li>Vengono utilizzati agenti di carica, come la segatura (che di solito aumenta la massa del liquame del 50-200%).<\/li>\r\n<li>I dumper trasportano l'aumento del carico di rifiuti in un sito di smaltimento finale.<\/li>\r\n<\/ol>\r\n<p>Ci\u00f2 significa pi\u00f9 camion necessari, pi\u00f9 tempo sprecato, maggiori emissioni di gas serra e maggiori costi di smaltimento. I metodi tradizionali possono anche produrre rifiuti con un pH elevato, creare rifiuti corrosivi e pericolosi e modificare la classificazione dei rifiuti.<\/p>\r\n<h3>\r\n\t\t\tOverview of MetaFLO&#8217;s product\t<\/h3>\r\n\t<p>MetaFLO fornisce reagenti di solidificazione inerti* non tossici che assorbono rapidamente l'acqua in loco e aiutano i rifiuti a superare il Paint Filter Test (PFT). Possono essere applicati al fango generato dalle TBM EPB per solidificare i rifiuti in modo pi\u00f9 efficiente rispetto ai metodi tradizionali. Il dosaggio varia in base al contenuto di umidit\u00e0 del fango.<\/p>\r\n<p>Con MetaFLO, lo smaltimento del letame \u00e8 ottimizzato:<\/p>\r\n<ol>\r\n<li>MetaFLO&#8217;s technology solidifies the slurry on-site<\/li>\r\n<li>Il liquame solidificato viene trasferito su autocarri ribaltabili per essere trasportato direttamente al sito di smaltimento finale.<\/li>\r\n<\/ol>\r\n<p>Our solidification reagents can be applied at the surface, or at the source, using muck conveyor belts to begin the solidification process early-saving time and labour.<\/p>\r\n<p><em>*La classificazione dei prodotti pu\u00f2 variare a seconda delle giurisdizioni dei diversi Paesi.<\/em><\/p>\r\n\t\t\t\t<img decoding=\"async\" src=\"https:\/\/www.metaflotech.com\/wp-content\/uploads\/2025\/01\/Method-EN.svg\" alt=\"Metodo-EN\" itemprop=\"image\" height=\"100\" width=\"100\" title=\"Metodo-EN\" onerror=\"this.style.display='none'\" loading='lazy' \/>\r\n<h1>\r\n\t\t\tDumper e carrelli elevatori\t<\/h1>\r\n\t\t\t\t<img decoding=\"async\" src=\"https:\/\/www.metaflotech.com\/wp-content\/uploads\/2024\/12\/Trucks-2-EN.svg\" alt=\"Camion - 2 IT\" itemprop=\"image\" height=\"100\" width=\"100\" title=\"Camion - 2 IT\" onerror=\"this.style.display='none'\" loading='lazy' \/>\r\n\t\t\t\t<img decoding=\"async\" src=\"https:\/\/www.metaflotech.com\/wp-content\/uploads\/2024\/12\/Trucks-1-EN.svg\" alt=\"Camion - 1 IT\" itemprop=\"image\" height=\"100\" width=\"100\" title=\"Camion - 1 IT\" onerror=\"this.style.display='none'\" loading='lazy' \/>\r\n\t<h3><strong>Il nostro collaudato processo MetaFLO offre chiari vantaggi:<\/strong><\/h3>\r\n<ol>\r\n<li>Riduzione dell'ingombro operativo in siti urbani congestionati per una rapida gestione dei rifiuti<\/li>\r\n<li>Miglioramento dell'efficienza di trasporto per la rimozione del materiale secco dai siti di progetto<\/li>\r\n<li>Spazzatura solidificata che soddisfa i criteri normativi per essere destinata direttamente a siti di riempimento puliti Minori emissioni di gas serra, migliore logistica urbana, gestione responsabile del suolo in eccesso<\/li>\r\n<\/ol>\r\n\t\t\t\t<img decoding=\"async\" src=\"https:\/\/www.metaflotech.com\/wp-content\/uploads\/2025\/04\/solidification-reagents-table-1.png\" alt=\"reagenti per la solidificazione tabella 1\" itemprop=\"image\" height=\"1533\" width=\"3601\" title=\"reagenti per la solidificazione tabella 1\" onerror=\"this.style.display='none'\" loading='lazy' \/>\r\n\t<h3><em>MetaFLO Technologies pu\u00f2 collaborare con il personale operativo per mettere a punto un piano personalizzato ed efficace per affrontare le sfide della gestione del fango generato dalle TBM EPB.<\/em><\/h3>\r\n\t\t\t<a href=\"https:\/\/www.metaflotech.com\/wp-content\/uploads\/2024\/10\/MetaFLO-Eglinton-Case-Study.pdf\" download target=\"_self\">\r\n\t\t\t\t\t\t\tSAPERNE DI PI\u00d9\r\n\t\t\t\t\t<\/a>\r\n\t\t\t\t<img decoding=\"async\" src=\"https:\/\/www.metaflotech.com\/wp-content\/uploads\/2024\/10\/icon-transport-w.png\" alt=\"icona trasporto w\" itemprop=\"image\" height=\"311\" width=\"311\" title=\"icona trasporto w\" onerror=\"this.style.display='none'\" loading='lazy' \/>\r\n\t<h3><b>Riduzione significativa dei costi di trasporto<\/b><\/h3>\r\n\t\t\t\t<img decoding=\"async\" src=\"https:\/\/www.metaflotech.com\/wp-content\/uploads\/2024\/10\/icon-ecology-w.png\" alt=\"icona ecologia w\" itemprop=\"image\" height=\"311\" width=\"311\" title=\"icona ecologia w\" onerror=\"this.style.display='none'\" loading='lazy' \/>\r\n\t<h3><b>Ridurre al minimo i rischi per l'ambiente e la sicurezza<\/b><\/h3>\r\n\t\t\t\t<img decoding=\"async\" src=\"https:\/\/www.metaflotech.com\/wp-content\/uploads\/2024\/10\/icon-savings-w.png\" alt=\"icona risparmio w\" itemprop=\"image\" height=\"311\" width=\"311\" title=\"icona risparmio w\" onerror=\"this.style.display='none'\" loading='lazy' \/>\r\n\t<h3><b>Gestione sostenibile ed efficiente dei rifiuti<\/b><\/h3>\r\n<h2>\r\n\t\t\tCasi di studio\t<\/h2>\r\n<h3>\r\n\t\t<a href=\"https:\/\/www.metaflotech.com\/wp-content\/uploads\/2024\/12\/MF006-Case-Study-1_-Tunneling-English-MetaFLO-Technologies.pdf\" title=\"Revolutionizing Waste Management for Toronto's Crosstown Subway\"  target=\"_self\">\r\n\t\t\tRevolutionizing Waste Management for Toronto&#8217;s Crosstown Subway\t\t<\/a>\r\n\t<\/h3>\r\n\t<p>MetaFLO&#8217;s solidification solution slashes transportation costs and meets stringent urban regulatory standards, supporting a sustainable transit infrastructure in one of Canada&#8217;s busiest cities.<\/p>\r\n<h3>\r\n\t\t<a href=\"https:\/\/www.metaflotech.com\/wp-content\/uploads\/2024\/12\/MF003-Case-Study-1_-Tunneling-English-MetaFLO-Technologies.pdf\" title=\"Australia's Longest Road Tunnel Made Efficient with MetaFLO's Waste Transport Solution\"  target=\"_self\">\r\n\t\t\tAustralia&#8217;s Longest Road Tunnel Made Efficient with MetaFLO&#8217;s Waste Transport Solution\t\t<\/a>\r\n\t<\/h3>\r\n\t<p>Rapid solidification technology simplifies waste handling, saving time and costs for Sydney&#8217;s NorthConnex project.<\/p>\r\n\t<h1><b>I nostri clienti<\/b><\/h1>\r\n\t\t\t\t<img decoding=\"async\" src=\"https:\/\/www.metaflotech.com\/wp-content\/uploads\/2024\/10\/Logo_Ghella_Scomposto_finale-01.jpg\" alt=\"\" itemprop=\"image\" height=\"411\" width=\"1280\" onerror=\"this.style.display='none'\" loading='lazy' \/>\r\n\t\t\t\t<img decoding=\"async\" src=\"https:\/\/www.metaflotech.com\/wp-content\/uploads\/2024\/10\/Dragados_Logo-scaled.jpg\" alt=\"Logo Dragados\" itemprop=\"image\" height=\"1342\" width=\"2560\" title=\"Logo Dragados\" onerror=\"this.style.display='none'\" loading='lazy' \/>\r\n\t\t\t\t<img decoding=\"async\" src=\"https:\/\/www.metaflotech.com\/wp-content\/uploads\/2024\/10\/Strabag.svg.png\" alt=\"Strabag.svg\" itemprop=\"image\" height=\"425\" width=\"1083\" title=\"Strabag.svg\" onerror=\"this.style.display='none'\" loading='lazy' \/>","protected":false},"excerpt":{"rendered":"<p>Tunneling Innovation In Tunnel Spoils Management Issue at a Glance Earth Pressure Balance Tunnel Boring Machines (EPB TBMs) are utilized in the construction of rail tunnels, metropolitan subway systems, highway tunnels, and other projects where the tunnel will be constructed either partly or completely in soft soil. In many tunnelling projects, a large amount of&hellip;<\/p>","protected":false},"author":1,"featured_media":0,"parent":73499,"menu_order":0,"comment_status":"closed","ping_status":"closed","template":"","meta":{"_acf_changed":false,"inline_featured_image":false,"footnotes":""},"class_list":["post-93247","page","type-page","status-publish","hentry"],"acf":[],"yoast_head":"<!-- This site is optimized with the Yoast SEO plugin v27.5 - https:\/\/yoast.com\/product\/yoast-seo-wordpress\/ -->\n<title>TBM Slurry and Spoil Solidification for Tunneling Projects | MetaFLO Technologies<\/title>\n<meta name=\"description\" content=\"MetaFLO reagents rapidly solidify tunneling slurry and spoil, improving waste management, transport safety and regulatory compliance in TBM and microtunneling projects.\" \/>\n<meta name=\"robots\" content=\"index, follow, max-snippet:-1, max-image-preview:large, max-video-preview:-1\" \/>\n<link rel=\"canonical\" href=\"https:\/\/www.metaflotech.com\/it\/applicazioni\/tunneling\/\" \/>\n<meta property=\"og:locale\" content=\"it_IT\" \/>\n<meta property=\"og:type\" content=\"article\" \/>\n<meta property=\"og:title\" content=\"TBM Slurry and Spoil Solidification for Tunneling Projects | MetaFLO Technologies\" \/>\n<meta property=\"og:description\" content=\"MetaFLO reagents rapidly solidify tunneling slurry and spoil, improving waste management, transport safety and regulatory compliance in TBM and microtunneling projects.\" \/>\n<meta property=\"og:url\" content=\"https:\/\/www.metaflotech.com\/it\/applicazioni\/tunneling\/\" \/>\n<meta property=\"og:site_name\" content=\"MetaFLO Technologies\" \/>\n<meta property=\"article:publisher\" content=\"https:\/\/www.facebook.com\/MetaFLOTechnologies\/\" \/>\n<meta property=\"article:modified_time\" content=\"2026-03-12T13:03:55+00:00\" \/>\n<meta property=\"og:image\" content=\"https:\/\/www.metaflotech.com\/wp-content\/uploads\/2024\/10\/tunneling.webp\" \/>\n<meta name=\"twitter:card\" content=\"summary_large_image\" \/>\n<meta name=\"twitter:site\" content=\"@metaflo\" \/>\n<meta name=\"twitter:label1\" content=\"Tempo di lettura stimato\" \/>\n\t<meta name=\"twitter:data1\" content=\"5 minuti\" \/>\n<script type=\"application\/ld+json\" class=\"yoast-schema-graph\">{\"@context\":\"https:\\\/\\\/schema.org\",\"@graph\":[{\"@type\":\"WebPage\",\"@id\":\"https:\\\/\\\/www.metaflotech.com\\\/it\\\/applications\\\/tunneling\\\/\",\"url\":\"https:\\\/\\\/www.metaflotech.com\\\/it\\\/applications\\\/tunneling\\\/\",\"name\":\"TBM Slurry and Spoil Solidification for Tunneling Projects | MetaFLO Technologies\",\"isPartOf\":{\"@id\":\"https:\\\/\\\/www.metaflotech.com\\\/it\\\/#website\"},\"primaryImageOfPage\":{\"@id\":\"https:\\\/\\\/www.metaflotech.com\\\/it\\\/applications\\\/tunneling\\\/#primaryimage\"},\"image\":{\"@id\":\"https:\\\/\\\/www.metaflotech.com\\\/it\\\/applications\\\/tunneling\\\/#primaryimage\"},\"thumbnailUrl\":\"https:\\\/\\\/www.metaflotech.com\\\/wp-content\\\/uploads\\\/2024\\\/10\\\/tunneling.webp\",\"datePublished\":\"2024-10-04T11:15:59+00:00\",\"dateModified\":\"2026-03-12T13:03:55+00:00\",\"description\":\"MetaFLO reagents rapidly solidify tunneling slurry and spoil, improving waste management, transport safety and regulatory compliance in TBM and microtunneling projects.\",\"breadcrumb\":{\"@id\":\"https:\\\/\\\/www.metaflotech.com\\\/it\\\/applications\\\/tunneling\\\/#breadcrumb\"},\"inLanguage\":\"it-IT\",\"potentialAction\":[{\"@type\":\"ReadAction\",\"target\":[\"https:\\\/\\\/www.metaflotech.com\\\/it\\\/applications\\\/tunneling\\\/\"]}]},{\"@type\":\"ImageObject\",\"inLanguage\":\"it-IT\",\"@id\":\"https:\\\/\\\/www.metaflotech.com\\\/it\\\/applications\\\/tunneling\\\/#primaryimage\",\"url\":\"https:\\\/\\\/www.metaflotech.com\\\/wp-content\\\/uploads\\\/2024\\\/10\\\/tunneling.webp\",\"contentUrl\":\"https:\\\/\\\/www.metaflotech.com\\\/wp-content\\\/uploads\\\/2024\\\/10\\\/tunneling.webp\"},{\"@type\":\"BreadcrumbList\",\"@id\":\"https:\\\/\\\/www.metaflotech.com\\\/it\\\/applications\\\/tunneling\\\/#breadcrumb\",\"itemListElement\":[{\"@type\":\"ListItem\",\"position\":1,\"name\":\"Home\",\"item\":\"https:\\\/\\\/www.metaflotech.com\\\/\"},{\"@type\":\"ListItem\",\"position\":2,\"name\":\"Applications\",\"item\":\"https:\\\/\\\/www.metaflotech.com\\\/applications\\\/\"},{\"@type\":\"ListItem\",\"position\":3,\"name\":\"TBM Slurry and Spoil Solidification for Tunneling Projects\"}]},{\"@type\":\"WebSite\",\"@id\":\"https:\\\/\\\/www.metaflotech.com\\\/it\\\/#website\",\"url\":\"https:\\\/\\\/www.metaflotech.com\\\/it\\\/\",\"name\":\"MetaFLO Technologies\",\"description\":\"Engineered Polymer Solutions For Industrial Applications\",\"potentialAction\":[{\"@type\":\"SearchAction\",\"target\":{\"@type\":\"EntryPoint\",\"urlTemplate\":\"https:\\\/\\\/www.metaflotech.com\\\/it\\\/?s={search_term_string}\"},\"query-input\":{\"@type\":\"PropertyValueSpecification\",\"valueRequired\":true,\"valueName\":\"search_term_string\"}}],\"inLanguage\":\"it-IT\"}]}<\/script>\n<!-- \/ Yoast SEO plugin. -->","yoast_head_json":{"title":"TBM Slurry and Spoil Solidification for Tunneling Projects | MetaFLO Technologies","description":"MetaFLO reagents rapidly solidify tunneling slurry and spoil, improving waste management, transport safety and regulatory compliance in TBM and microtunneling projects.","robots":{"index":"index","follow":"follow","max-snippet":"max-snippet:-1","max-image-preview":"max-image-preview:large","max-video-preview":"max-video-preview:-1"},"canonical":"https:\/\/www.metaflotech.com\/it\/applicazioni\/tunneling\/","og_locale":"it_IT","og_type":"article","og_title":"TBM Slurry and Spoil Solidification for Tunneling Projects | MetaFLO Technologies","og_description":"MetaFLO reagents rapidly solidify tunneling slurry and spoil, improving waste management, transport safety and regulatory compliance in TBM and microtunneling projects.","og_url":"https:\/\/www.metaflotech.com\/it\/applicazioni\/tunneling\/","og_site_name":"MetaFLO Technologies","article_publisher":"https:\/\/www.facebook.com\/MetaFLOTechnologies\/","article_modified_time":"2026-03-12T13:03:55+00:00","og_image":[{"url":"https:\/\/www.metaflotech.com\/wp-content\/uploads\/2024\/10\/tunneling.webp","type":"","width":"","height":""}],"twitter_card":"summary_large_image","twitter_site":"@metaflo","twitter_misc":{"Tempo di lettura stimato":"5 minuti"},"schema":{"@context":"https:\/\/schema.org","@graph":[{"@type":"WebPage","@id":"https:\/\/www.metaflotech.com\/it\/applications\/tunneling\/","url":"https:\/\/www.metaflotech.com\/it\/applications\/tunneling\/","name":"TBM Slurry and Spoil Solidification for Tunneling Projects | MetaFLO Technologies","isPartOf":{"@id":"https:\/\/www.metaflotech.com\/it\/#website"},"primaryImageOfPage":{"@id":"https:\/\/www.metaflotech.com\/it\/applications\/tunneling\/#primaryimage"},"image":{"@id":"https:\/\/www.metaflotech.com\/it\/applications\/tunneling\/#primaryimage"},"thumbnailUrl":"https:\/\/www.metaflotech.com\/wp-content\/uploads\/2024\/10\/tunneling.webp","datePublished":"2024-10-04T11:15:59+00:00","dateModified":"2026-03-12T13:03:55+00:00","description":"MetaFLO reagents rapidly solidify tunneling slurry and spoil, improving waste management, transport safety and regulatory compliance in TBM and microtunneling projects.","breadcrumb":{"@id":"https:\/\/www.metaflotech.com\/it\/applications\/tunneling\/#breadcrumb"},"inLanguage":"it-IT","potentialAction":[{"@type":"ReadAction","target":["https:\/\/www.metaflotech.com\/it\/applications\/tunneling\/"]}]},{"@type":"ImageObject","inLanguage":"it-IT","@id":"https:\/\/www.metaflotech.com\/it\/applications\/tunneling\/#primaryimage","url":"https:\/\/www.metaflotech.com\/wp-content\/uploads\/2024\/10\/tunneling.webp","contentUrl":"https:\/\/www.metaflotech.com\/wp-content\/uploads\/2024\/10\/tunneling.webp"},{"@type":"BreadcrumbList","@id":"https:\/\/www.metaflotech.com\/it\/applications\/tunneling\/#breadcrumb","itemListElement":[{"@type":"ListItem","position":1,"name":"Home","item":"https:\/\/www.metaflotech.com\/"},{"@type":"ListItem","position":2,"name":"Applications","item":"https:\/\/www.metaflotech.com\/applications\/"},{"@type":"ListItem","position":3,"name":"TBM Slurry and Spoil Solidification for Tunneling Projects"}]},{"@type":"WebSite","@id":"https:\/\/www.metaflotech.com\/it\/#website","url":"https:\/\/www.metaflotech.com\/it\/","name":"Tecnologie MetaFLO","description":"Soluzioni polimeriche ingegnerizzate per applicazioni industriali","potentialAction":[{"@type":"SearchAction","target":{"@type":"EntryPoint","urlTemplate":"https:\/\/www.metaflotech.com\/it\/?s={search_term_string}"},"query-input":{"@type":"PropertyValueSpecification","valueRequired":true,"valueName":"search_term_string"}}],"inLanguage":"it-IT"}]}},"_links":{"self":[{"href":"https:\/\/www.metaflotech.com\/it\/wp-json\/wp\/v2\/pages\/93247","targetHints":{"allow":["GET"]}}],"collection":[{"href":"https:\/\/www.metaflotech.com\/it\/wp-json\/wp\/v2\/pages"}],"about":[{"href":"https:\/\/www.metaflotech.com\/it\/wp-json\/wp\/v2\/types\/page"}],"author":[{"embeddable":true,"href":"https:\/\/www.metaflotech.com\/it\/wp-json\/wp\/v2\/users\/1"}],"replies":[{"embeddable":true,"href":"https:\/\/www.metaflotech.com\/it\/wp-json\/wp\/v2\/comments?post=93247"}],"version-history":[{"count":0,"href":"https:\/\/www.metaflotech.com\/it\/wp-json\/wp\/v2\/pages\/93247\/revisions"}],"up":[{"embeddable":true,"href":"https:\/\/www.metaflotech.com\/it\/wp-json\/wp\/v2\/pages\/73499"}],"wp:attachment":[{"href":"https:\/\/www.metaflotech.com\/it\/wp-json\/wp\/v2\/media?parent=93247"}],"curies":[{"name":"wp","href":"https:\/\/api.w.org\/{rel}","templated":true}]}}