{"id":95190,"date":"2024-10-09T13:54:53","date_gmt":"2024-10-09T13:54:53","guid":{"rendered":"https:\/\/www.metaflotech.com\/?page_id=95190"},"modified":"2026-03-12T13:10:53","modified_gmt":"2026-03-12T13:10:53","slug":"estrattore","status":"publish","type":"page","link":"https:\/\/www.metaflotech.com\/it\/products\/biopolymers\/extractech\/","title":{"rendered":"ExtracTech Gold Extraction and Metal Recovery"},"content":{"rendered":"<p><img loading=\"lazy\" decoding=\"async\" title=\"Scuro\" src=\"https:\/\/www.metaflotech.com\/wp-content\/uploads\/2025\/07\/Dark-4.svg\" alt=\"Scuro\" width=\"100\" height=\"100\" \/><\/p>\r\n<h1><strong>Biopolimero<\/strong><\/h1>\r\n<h1>Utilizzato per la lavorazione dei metalli preziosi<\/h1>\r\n<h3><strong>Applicazione<\/strong><\/h3>\r\n<p>Lavorazione dei metalli preziosi in vasche di lisciviazione.<\/p>\r\n<h3><strong>Vantaggi<\/strong><\/h3>\r\n<p>Tempi di reazione accelerati utilizzando le cinetiche esistenti.<\/p>\r\n<p>L'efficienza del recupero pu\u00f2 essere aumentata\u00a0<b>fino a 3%.<\/b><\/p>\r\n<p>Riduzione dell'uso di cianuro <strong>fino a 35%.<\/strong><\/p>\r\n<p>Sostituzione dell'alcalinizzante utilizzato nel processo e uso dei dosaggi <strong>fino a 20 volte inferiore.<\/strong><\/p>\r\n<p>Stabilit\u00e0 del pH desiderato durante il processo, evitando le oscillazioni comuni all'uso di altri alcalinizzanti.<\/p>\r\n<p>Un processo pi\u00f9 pulito pu\u00f2 produrre sterili con livelli di tossicit\u00e0 inferiori.<\/p>\r\n<p>Consente l'utilizzo di oro e metalli preziosi con purezza superiore.<\/p>\r\n<p>Non sono necessarie altre attrezzature speciali.<\/p>\r\n<p>&nbsp;<\/p>\r\n<p>Efficacia facilmente convalidabile nei vostri laboratori.<\/p>\r\n<p>&nbsp;<\/p>\r\n<p>Scalabile utilizzando la configurazione di iniezione del serbatoio esistente.<\/p>\r\n<p>\u00a0 <img loading=\"lazy\" decoding=\"async\" title=\"ExtracTech-Soluzione di lisciviazione dell&#039;oro\" src=\"https:\/\/www.metaflotech.com\/wp-content\/uploads\/2024\/10\/ExtracTech-Gold-leaching-solution.png\" alt=\"ExtracTech-Soluzione di lisciviazione dell&#039;oro\" width=\"694\" height=\"694\" \/><\/p>\r\n<h3>La chimica del biopolimero MetaFLO \u00e8 stata studiata per il processo di cianidazione, per ottenere miglioramenti nella fase di lisciviazione dell'oro. Oltre ad agire come alcalinizzante nel processo, <strong>by reacting with the heavy metals associated with gold, MetaFLO&#8217;s biopolymer can increase gold extraction percentages by up to 3%.<\/strong><\/h3>\r\n<h2><strong>Riduzione del cianuro<\/strong><\/h2>\r\n<h2><strong>Aumento del recupero<\/strong><\/h2>\r\n<h2><strong>Accelerazione di reazione<\/strong><\/h2>\r\n<div style=\"width: 640px;\" class=\"wp-video\"><video class=\"wp-video-shortcode\" id=\"video-95190-1\" width=\"640\" height=\"360\" poster=\"https:\/\/www.metaflotech.com\/wp-content\/uploads\/2023\/01\/extractech-video.jpg\" preload=\"none\" controls=\"controls\"><source type=\"video\/mp4\" src=\"https:\/\/www.metaflotech.com\/wp-content\/uploads\/2023\/01\/Extractech_30_sec_version.mp4?_=1\" \/><source type=\"video\/mp4\" src=\"https:\/\/www.metaflotech.com\/wp-content\/uploads\/2023\/01\/Extractech_30_sec_version.mp4?_=1\" \/><a href=\"https:\/\/www.metaflotech.com\/wp-content\/uploads\/2023\/01\/Extractech_30_sec_version.mp4\">https:\/\/www.metaflotech.com\/wp-content\/uploads\/2023\/01\/Extractech_30_sec_version.mp4<\/a><\/video><\/div>\r\n<h2><strong>Come funziona?<\/strong><\/h2>\r\n<p>ExtracTech svolge chimicamente due funzioni a contatto con il minerale: come alcalinizzante, adattando il pH della pasta all'intervallo desiderato e garantendone la stabilit\u00e0 durante tutto il processo; agisce inoltre come ossidante chimico eseguendo reazioni di ossidoriduzione con gli altri metalli presenti nella matrice aurifera, eliminandoli.<\/p>\r\n<p>ExtracTech fornisce inoltre ossigeno supplementare alla reazione, consentendo di accelerare la reazione stessa.<\/p>\r\n<p><em><strong>Il cianuro non pu\u00f2 vedere l'oro prima di essere esposto, quindi deve prima reagire con i metalli in superficie per poter poi vedere l'oro.<\/strong><\/em><\/p>\r\n<p><img loading=\"lazy\" decoding=\"async\" title=\"Cianidazione con aggiunta di ExtracTech\" src=\"https:\/\/www.metaflotech.com\/wp-content\/uploads\/2024\/10\/Cyanidation-with-having-ExtracTech-added.png\" alt=\"Cianidazione con aggiunta di ExtracTech\" width=\"1500\" height=\"667\" \/> <strong>ExtracTech, reagendo con i metalli associati alle particelle d'oro, facilita l'azione del cianuro nel processo.<\/strong> <strong> Reagir\u00e0 secondo l'ordine di reattivit\u00e0 del metallo e romper\u00e0 i legami, liberando energia in una reazione leggermente esotermica.<\/strong> <strong> Reagisce pi\u00f9 rapidamente con i non metalli e con i metalli ad alto potenziale di ossido-riduzione (ORP), come il ferro.<\/strong> <img loading=\"lazy\" decoding=\"async\" title=\"Scuro\" src=\"https:\/\/www.metaflotech.com\/wp-content\/uploads\/2025\/07\/Dark-4.svg\" alt=\"Scuro\" width=\"100\" height=\"100\" \/><\/p>\r\n<h1>ExtracTech \u00e8 stato testato con successo nelle miniere d'oro, ottenendo vantaggi quali la sostituzione dell'alcalinizzante, l'aumento del recupero metallurgico e la riduzione del consumo di cianuro.<\/h1>\r\n<h2><strong>Before ExtracTech Reaction<\/strong><\/h2>\r\n<p><img loading=\"lazy\" decoding=\"async\" title=\"Estrarre la tecnologia prima\" src=\"https:\/\/www.metaflotech.com\/wp-content\/uploads\/2024\/10\/Extractech-Before.png\" alt=\"Estrarre la tecnologia prima\" width=\"694\" height=\"694\" \/><\/p>\r\n<h2><strong>After ExtracTech Reaction<\/strong><\/h2>\r\n<p><img loading=\"lazy\" decoding=\"async\" title=\"Estrattore-Dopo-1\" src=\"https:\/\/www.metaflotech.com\/wp-content\/uploads\/2024\/10\/Extractech-After-1.png\" alt=\"Estrattore-Dopo-1\" width=\"694\" height=\"694\" \/><\/p>\r\n<p><em>Applicazione di ExtracTech in minerali d'oro refrattari con palladio e platino.<\/em><\/p>\r\n<p>&nbsp;<\/p>\r\n<h3><strong>Sono necessari dosaggi molto pi\u00f9 bassi rispetto agli alcalinizzanti tradizionali, oltre a mantenere la stabilit\u00e0 dell'intervallo di pH desiderato.<\/strong><\/h3>\r\n<h1>Come biopolimero per la riduzione del cianuro<\/h1>\r\n<h3>Come additivo al processo di cianurazione esistente,<strong> ExtracTech can also reduce your cyanide usage by up to 35%. <\/strong><\/h3>\r\n<h2>Casi di studio<\/h2>\r\n<h3><a title=\"Estrazione potenziata dell&#039;oro nei minerali refrattari con ExtracTech\" href=\"https:\/\/www.metaflotech.com\/wp-content\/uploads\/2025\/07\/ExtracTech-Case-Study-English-MetaFLO-Technologies.pdf\" target=\"_self\"> Estrazione potenziata dell'oro nei minerali refrattari con ExtracTech <\/a><\/h3>\r\n<p>MetaFLO&#8217;s ExtracTech biopolymer demonstrated substantial efficacy for the gold extraction process, supporting safe and sustainable practices.<\/p>\r\n<h1><strong>I nostri biopolimeri<\/strong><\/h1>\r\n<p>MetaFLO&#8217;s biopolymers have been purposefully engineered to provide a variety of cost-effective solutions for multiple applications, from dust suppression to gold extraction. Our products are environmentally safe, easy to use, and can be tailored to meet specific needs. Contact us for more details.<\/p>\r\n<p><a href=\"https:\/\/www.metaflotech.com\/it\/prodotti\/biopolimeri\/soiltech\/\" target=\"_self\"> <img loading=\"lazy\" decoding=\"async\" title=\"Logo\" src=\"https:\/\/www.metaflotech.com\/wp-content\/uploads\/2025\/07\/Logo-3.svg\" alt=\"Logo\" width=\"100\" height=\"100\" \/> <\/a><\/p>\r\n<p><strong>\u2713 Stabilizzazione del suolo<\/strong><\/p>\r\n<p><a href=\"https:\/\/www.metaflotech.com\/it\/prodotti\/biopolimeri\/dustech\/\" target=\"_self\"> <img loading=\"lazy\" decoding=\"async\" title=\"Logo\" src=\"https:\/\/www.metaflotech.com\/wp-content\/uploads\/2025\/07\/Logo-5.svg\" alt=\"Logo\" width=\"100\" height=\"100\" \/> <\/a><\/p>\r\n<p><strong>\u2713 Soppressione della polvere<\/strong><\/p>\r\n<p><a href=\"https:\/\/www.metaflotech.com\/it\/prodotti\/biopolimeri\/estrattore\/\" target=\"_self\"> <img loading=\"lazy\" decoding=\"async\" title=\"Logo\" src=\"https:\/\/www.metaflotech.com\/wp-content\/uploads\/2025\/07\/Logo-4.svg\" alt=\"Logo\" width=\"100\" height=\"100\" \/> <\/a> <strong>Estrazione dell'oro e riduzione del cianuro<br \/><\/strong> <a href=\"https:\/\/www.metaflotech.com\/it\/prodotti\/biopolimeri\/remtech\/\" target=\"_self\"> <img loading=\"lazy\" decoding=\"async\" title=\"Logo\" src=\"https:\/\/www.metaflotech.com\/wp-content\/uploads\/2025\/07\/Logo.svg\" alt=\"Logo\" width=\"100\" height=\"100\" \/> <\/a><\/p>\r\n<p><strong>\u2713 Acqua contaminata<\/strong><\/p>\r\n<p><a href=\"https:\/\/www.metaflotech.com\/it\/prodotti\/biopolimeri\/cementech\/\" target=\"_self\"> <img loading=\"lazy\" decoding=\"async\" title=\"Logo\" src=\"https:\/\/www.metaflotech.com\/wp-content\/uploads\/2025\/07\/Logo-8.svg\" alt=\"Logo\" width=\"100\" height=\"100\" \/> <\/a><\/p>\r\n<p><strong>\u2713 Potenziamento del cemento<\/strong><\/p>","protected":false},"excerpt":{"rendered":"<p>Biopolymer Used for precious metal processing Application Processing of precious metals in leaching tanks. Benefits Accelerated reaction times using existing kinetics. Recovery efficiency can be increased\u00a0up to 3%. Reduced cyanide use by up to 35%. Replacement of the alkalizer used in the process and use of dosages up to 20x lower. Stability of the desired&hellip;<\/p>","protected":false},"author":1,"featured_media":0,"parent":108180,"menu_order":0,"comment_status":"closed","ping_status":"closed","template":"","meta":{"_acf_changed":false,"inline_featured_image":false,"footnotes":""},"class_list":["post-95190","page","type-page","status-publish","hentry"],"acf":[],"yoast_head":"<!-- This site is optimized with the Yoast SEO plugin v27.4 - https:\/\/yoast.com\/product\/yoast-seo-wordpress\/ -->\n<title>ExtracTech Gold Extraction and Metal Recovery | MetaFLO Technologies<\/title>\n<meta name=\"description\" content=\"ExtracTech enhances gold extraction and metal recovery in mining operations, improving process efficiency while reducing cyanide consumption and environmental impact.\" \/>\n<meta name=\"robots\" content=\"index, follow, max-snippet:-1, max-image-preview:large, max-video-preview:-1\" \/>\n<link rel=\"canonical\" href=\"https:\/\/www.metaflotech.com\/it\/prodotti\/biopolimeri\/estrattore\/\" \/>\n<meta property=\"og:locale\" content=\"it_IT\" \/>\n<meta property=\"og:type\" content=\"article\" \/>\n<meta property=\"og:title\" content=\"ExtracTech Gold Extraction and Metal Recovery | MetaFLO Technologies\" \/>\n<meta property=\"og:description\" content=\"ExtracTech enhances gold extraction and metal recovery in mining operations, improving process efficiency while reducing cyanide consumption and environmental impact.\" \/>\n<meta property=\"og:url\" content=\"https:\/\/www.metaflotech.com\/it\/prodotti\/biopolimeri\/estrattore\/\" \/>\n<meta property=\"og:site_name\" content=\"MetaFLO Technologies\" \/>\n<meta property=\"article:publisher\" content=\"https:\/\/www.facebook.com\/MetaFLOTechnologies\/\" \/>\n<meta property=\"article:modified_time\" content=\"2026-03-12T13:10:53+00:00\" \/>\n<meta property=\"og:image\" content=\"https:\/\/www.metaflotech.com\/wp-content\/uploads\/2025\/07\/Dark-4.svg\" \/>\n<meta name=\"twitter:card\" content=\"summary_large_image\" \/>\n<meta name=\"twitter:site\" content=\"@metaflo\" \/>\n<meta name=\"twitter:label1\" content=\"Tempo di lettura stimato\" \/>\n\t<meta name=\"twitter:data1\" content=\"5 minuti\" \/>\n<script type=\"application\/ld+json\" class=\"yoast-schema-graph\">{\"@context\":\"https:\\\/\\\/schema.org\",\"@graph\":[{\"@type\":\"WebPage\",\"@id\":\"https:\\\/\\\/www.metaflotech.com\\\/it\\\/products\\\/biopolymers\\\/extractech\\\/\",\"url\":\"https:\\\/\\\/www.metaflotech.com\\\/it\\\/products\\\/biopolymers\\\/extractech\\\/\",\"name\":\"ExtracTech Gold Extraction and Metal Recovery | MetaFLO Technologies\",\"isPartOf\":{\"@id\":\"https:\\\/\\\/www.metaflotech.com\\\/it\\\/#website\"},\"primaryImageOfPage\":{\"@id\":\"https:\\\/\\\/www.metaflotech.com\\\/it\\\/products\\\/biopolymers\\\/extractech\\\/#primaryimage\"},\"image\":{\"@id\":\"https:\\\/\\\/www.metaflotech.com\\\/it\\\/products\\\/biopolymers\\\/extractech\\\/#primaryimage\"},\"thumbnailUrl\":\"https:\\\/\\\/www.metaflotech.com\\\/wp-content\\\/uploads\\\/2025\\\/07\\\/Dark-4.svg\",\"datePublished\":\"2024-10-09T13:54:53+00:00\",\"dateModified\":\"2026-03-12T13:10:53+00:00\",\"description\":\"ExtracTech enhances gold extraction and metal recovery in mining operations, improving process efficiency while reducing cyanide consumption and environmental impact.\",\"breadcrumb\":{\"@id\":\"https:\\\/\\\/www.metaflotech.com\\\/it\\\/products\\\/biopolymers\\\/extractech\\\/#breadcrumb\"},\"inLanguage\":\"it-IT\",\"potentialAction\":[{\"@type\":\"ReadAction\",\"target\":[\"https:\\\/\\\/www.metaflotech.com\\\/it\\\/products\\\/biopolymers\\\/extractech\\\/\"]}]},{\"@type\":\"ImageObject\",\"inLanguage\":\"it-IT\",\"@id\":\"https:\\\/\\\/www.metaflotech.com\\\/it\\\/products\\\/biopolymers\\\/extractech\\\/#primaryimage\",\"url\":\"https:\\\/\\\/www.metaflotech.com\\\/wp-content\\\/uploads\\\/2025\\\/07\\\/Dark-4.svg\",\"contentUrl\":\"https:\\\/\\\/www.metaflotech.com\\\/wp-content\\\/uploads\\\/2025\\\/07\\\/Dark-4.svg\"},{\"@type\":\"BreadcrumbList\",\"@id\":\"https:\\\/\\\/www.metaflotech.com\\\/it\\\/products\\\/biopolymers\\\/extractech\\\/#breadcrumb\",\"itemListElement\":[{\"@type\":\"ListItem\",\"position\":1,\"name\":\"Home\",\"item\":\"https:\\\/\\\/www.metaflotech.com\\\/\"},{\"@type\":\"ListItem\",\"position\":2,\"name\":\"Products\",\"item\":\"https:\\\/\\\/www.metaflotech.com\\\/products\\\/\"},{\"@type\":\"ListItem\",\"position\":3,\"name\":\"Biopolymers (Tech)\",\"item\":\"https:\\\/\\\/www.metaflotech.com\\\/products\\\/biopolymers\\\/\"},{\"@type\":\"ListItem\",\"position\":4,\"name\":\"ExtracTech Gold Extraction and Metal Recovery\"}]},{\"@type\":\"WebSite\",\"@id\":\"https:\\\/\\\/www.metaflotech.com\\\/it\\\/#website\",\"url\":\"https:\\\/\\\/www.metaflotech.com\\\/it\\\/\",\"name\":\"MetaFLO Technologies\",\"description\":\"Engineered Polymer Solutions For Industrial Applications\",\"potentialAction\":[{\"@type\":\"SearchAction\",\"target\":{\"@type\":\"EntryPoint\",\"urlTemplate\":\"https:\\\/\\\/www.metaflotech.com\\\/it\\\/?s={search_term_string}\"},\"query-input\":{\"@type\":\"PropertyValueSpecification\",\"valueRequired\":true,\"valueName\":\"search_term_string\"}}],\"inLanguage\":\"it-IT\"}]}<\/script>\n<!-- \/ Yoast SEO plugin. -->","yoast_head_json":{"title":"ExtracTech Gold Extraction and Metal Recovery | MetaFLO Technologies","description":"ExtracTech enhances gold extraction and metal recovery in mining operations, improving process efficiency while reducing cyanide consumption and environmental impact.","robots":{"index":"index","follow":"follow","max-snippet":"max-snippet:-1","max-image-preview":"max-image-preview:large","max-video-preview":"max-video-preview:-1"},"canonical":"https:\/\/www.metaflotech.com\/it\/prodotti\/biopolimeri\/estrattore\/","og_locale":"it_IT","og_type":"article","og_title":"ExtracTech Gold Extraction and Metal Recovery | MetaFLO Technologies","og_description":"ExtracTech enhances gold extraction and metal recovery in mining operations, improving process efficiency while reducing cyanide consumption and environmental impact.","og_url":"https:\/\/www.metaflotech.com\/it\/prodotti\/biopolimeri\/estrattore\/","og_site_name":"MetaFLO Technologies","article_publisher":"https:\/\/www.facebook.com\/MetaFLOTechnologies\/","article_modified_time":"2026-03-12T13:10:53+00:00","og_image":[{"url":"https:\/\/www.metaflotech.com\/wp-content\/uploads\/2025\/07\/Dark-4.svg","type":"","width":"","height":""}],"twitter_card":"summary_large_image","twitter_site":"@metaflo","twitter_misc":{"Tempo di lettura stimato":"5 minuti"},"schema":{"@context":"https:\/\/schema.org","@graph":[{"@type":"WebPage","@id":"https:\/\/www.metaflotech.com\/it\/products\/biopolymers\/extractech\/","url":"https:\/\/www.metaflotech.com\/it\/products\/biopolymers\/extractech\/","name":"ExtracTech Gold Extraction and Metal Recovery | MetaFLO Technologies","isPartOf":{"@id":"https:\/\/www.metaflotech.com\/it\/#website"},"primaryImageOfPage":{"@id":"https:\/\/www.metaflotech.com\/it\/products\/biopolymers\/extractech\/#primaryimage"},"image":{"@id":"https:\/\/www.metaflotech.com\/it\/products\/biopolymers\/extractech\/#primaryimage"},"thumbnailUrl":"https:\/\/www.metaflotech.com\/wp-content\/uploads\/2025\/07\/Dark-4.svg","datePublished":"2024-10-09T13:54:53+00:00","dateModified":"2026-03-12T13:10:53+00:00","description":"ExtracTech enhances gold extraction and metal recovery in mining operations, improving process efficiency while reducing cyanide consumption and environmental impact.","breadcrumb":{"@id":"https:\/\/www.metaflotech.com\/it\/products\/biopolymers\/extractech\/#breadcrumb"},"inLanguage":"it-IT","potentialAction":[{"@type":"ReadAction","target":["https:\/\/www.metaflotech.com\/it\/products\/biopolymers\/extractech\/"]}]},{"@type":"ImageObject","inLanguage":"it-IT","@id":"https:\/\/www.metaflotech.com\/it\/products\/biopolymers\/extractech\/#primaryimage","url":"https:\/\/www.metaflotech.com\/wp-content\/uploads\/2025\/07\/Dark-4.svg","contentUrl":"https:\/\/www.metaflotech.com\/wp-content\/uploads\/2025\/07\/Dark-4.svg"},{"@type":"BreadcrumbList","@id":"https:\/\/www.metaflotech.com\/it\/products\/biopolymers\/extractech\/#breadcrumb","itemListElement":[{"@type":"ListItem","position":1,"name":"Home","item":"https:\/\/www.metaflotech.com\/"},{"@type":"ListItem","position":2,"name":"Products","item":"https:\/\/www.metaflotech.com\/products\/"},{"@type":"ListItem","position":3,"name":"Biopolymers (Tech)","item":"https:\/\/www.metaflotech.com\/products\/biopolymers\/"},{"@type":"ListItem","position":4,"name":"ExtracTech Gold Extraction and Metal Recovery"}]},{"@type":"WebSite","@id":"https:\/\/www.metaflotech.com\/it\/#website","url":"https:\/\/www.metaflotech.com\/it\/","name":"Tecnologie MetaFLO","description":"Soluzioni polimeriche ingegnerizzate per applicazioni industriali","potentialAction":[{"@type":"SearchAction","target":{"@type":"EntryPoint","urlTemplate":"https:\/\/www.metaflotech.com\/it\/?s={search_term_string}"},"query-input":{"@type":"PropertyValueSpecification","valueRequired":true,"valueName":"search_term_string"}}],"inLanguage":"it-IT"}]}},"_links":{"self":[{"href":"https:\/\/www.metaflotech.com\/it\/wp-json\/wp\/v2\/pages\/95190","targetHints":{"allow":["GET"]}}],"collection":[{"href":"https:\/\/www.metaflotech.com\/it\/wp-json\/wp\/v2\/pages"}],"about":[{"href":"https:\/\/www.metaflotech.com\/it\/wp-json\/wp\/v2\/types\/page"}],"author":[{"embeddable":true,"href":"https:\/\/www.metaflotech.com\/it\/wp-json\/wp\/v2\/users\/1"}],"replies":[{"embeddable":true,"href":"https:\/\/www.metaflotech.com\/it\/wp-json\/wp\/v2\/comments?post=95190"}],"version-history":[{"count":0,"href":"https:\/\/www.metaflotech.com\/it\/wp-json\/wp\/v2\/pages\/95190\/revisions"}],"up":[{"embeddable":true,"href":"https:\/\/www.metaflotech.com\/it\/wp-json\/wp\/v2\/pages\/108180"}],"wp:attachment":[{"href":"https:\/\/www.metaflotech.com\/it\/wp-json\/wp\/v2\/media?parent=95190"}],"curies":[{"name":"wp","href":"https:\/\/api.w.org\/{rel}","templated":true}]}}