{"id":95711,"date":"2024-10-10T08:18:09","date_gmt":"2024-10-10T08:18:09","guid":{"rendered":"https:\/\/www.metaflotech.com\/?page_id=95711"},"modified":"2026-03-12T13:08:00","modified_gmt":"2026-03-12T13:08:00","slug":"dustech","status":"publish","type":"page","link":"https:\/\/www.metaflotech.com\/it\/products\/biopolymers\/dustech\/","title":{"rendered":"DusTech Dust Control Biopolymer for Unpaved and Haul Roads"},"content":{"rendered":"<img decoding=\"async\" src=\"https:\/\/www.metaflotech.com\/wp-content\/uploads\/2025\/07\/Dark-5.svg\" alt=\"Scuro\" itemprop=\"image\" height=\"100\" width=\"100\" title=\"Scuro\" onerror=\"this.style.display='none'\" loading=\"lazy\" \/>\r\n\t<h1><strong>Biopolimero<\/strong><\/h1>\r\n<h1>utilizzato per un'efficace soppressione delle polveri<\/h1>\r\n\t<h3><strong>Applicazione<\/strong><\/h3>\r\n\t\t\t <p>Strade sterrate<\/p>\u00a0\t\t\r\n\t\t\t <p>Strade di accesso alla miniera<\/p>\u00a0\t\t\r\n\t\t\t <p>Colline sabbiose<\/p>\u00a0\t\t\r\n\t\t\t <p>Materiale di scorta<\/p>\u00a0\t\t\r\n\t<h3><strong>Vantaggi<\/strong><\/h3>\r\n\t\t\t <p>Migliorano la qualit\u00e0 dell'aria riducendo in modo significativo la polvere trasportata dall'aria.<\/p>\t\t\r\n\t\t\t <p>Migliorare la sicurezza stradale con una maggiore visibilit\u00e0 del traffico.<\/p>\t\t\r\n\t\t\t <p>Riduce al minimo l'utilizzo di acqua, con un consumo di gran lunga inferiore rispetto ai tradizionali metodi di irrigazione stradale.<\/p>\t\t\r\n\t\t\t <p>Efficiente dal punto di vista dei costi, richiede un minor numero di applicazioni e riduce i costi operativi rispetto ai programmi di irrigazione.<\/p>\t\t\r\n\t\t\t <p>Riduce la quantit\u00e0 di camion d'acqua necessari per bagnare le strade, riducendo ulteriormente il consumo di acqua e le spese operative.<\/p>\t\t\r\n\t\t\t <p>Biopolimero sicuro per l'ambiente derivato dalle alghe, che garantisce una soluzione ecologica.<\/p>\t\t\r\n\t<h3><strong>Il DusTech migliora l'agglutinazione delle particelle, <\/strong>una migliore tenuta della matrice molecolare e una significativa riduzione della polvere.<\/h3>\r\n\t<h3><strong>DusTech acts residually &#8211;<\/strong> Dopo il trattamento iniziale, l'umidit\u00e0 del suolo viene prolungata con il biopolimero. Inoltre, per le applicazioni successive, sono necessarie dosi sempre pi\u00f9 ridotte per garantire la stabilit\u00e0 della superficie.<\/h3>\r\n\t\t\t\t<img decoding=\"async\" src=\"https:\/\/www.metaflotech.com\/wp-content\/uploads\/2024\/11\/DusTech-dirt-road-dust-suppression-additive-1.webp\" alt=\"Additivo antipolvere per strade sterrate DusTech 1\" itemprop=\"image\" height=\"760\" width=\"658\" onerror=\"this.style.display='none'\" loading=\"lazy\" \/>\r\n\t\t\t\t<img decoding=\"async\" src=\"https:\/\/www.metaflotech.com\/wp-content\/uploads\/2024\/11\/DusTech-dirt-road-dust-suppression-additive-2.webp\" alt=\"Additivo antipolvere per strade sterrate DusTech 2\" itemprop=\"image\" height=\"760\" width=\"658\" onerror=\"this.style.display='none'\" loading=\"lazy\" \/>\r\n\t\t\t\t<img decoding=\"async\" src=\"https:\/\/www.metaflotech.com\/wp-content\/uploads\/2024\/11\/DusTech-dirt-road-dust-suppression-additive-3.webp\" alt=\"Additivo antipolvere per strade sterrate DusTech 3\" itemprop=\"image\" height=\"760\" width=\"658\" onerror=\"this.style.display='none'\" loading=\"lazy\" \/>\r\n\t<h3><strong>Migliora la qualit\u00e0 dell'aria riducendo in modo significativo le polveri in sospensione.<\/strong><\/h3>\r\n\t<h3><strong>Aumenta la sicurezza stradale grazie alla maggiore visibilit\u00e0 del traffico.<\/strong><\/h3>\r\n\t<h1><strong>METODOLOGIA DI APPLICAZIONE<\/strong><\/h1>\r\n<h3>Easy application with low dosage &#8211; It can be diluted directly in the water truck<br \/>\r\nsenza la necessit\u00e0 di apparecchiature aggiuntive.<\/h3>\r\n<h2>\r\n\t\t\tCasi di studio\t<\/h2>\r\n<h3>\r\n\t\t<a href=\"https:\/\/www.metaflotech.com\/wp-content\/uploads\/2025\/07\/DusTech-Case-Study-1-English-MetaFLO-Technologies.pdf\" title=\"DusTech migliora la qualit\u00e0 dell&#039;aria e fa risparmiare a un cantiere 360.000 litri d&#039;acqua al giorno\"  target=\"_self\">\r\n\t\t\tDusTech migliora la qualit\u00e0 dell'aria e fa risparmiare a un cantiere 360.000 litri d'acqua al giorno\t\t<\/a>\r\n\t<\/h3>\r\n\t<p>As dust suppression becomes mandatory due to health and environmental concerns, MetaFLO&#8217;s fast-acting biopolymer provides a low-cost and efficient solution for improving air quality on construction sites.<\/p>\r\n<h3>\r\n\t\t<a href=\"https:\/\/www.metaflotech.com\/wp-content\/uploads\/2025\/07\/DusTech-Case-Study-2-English-MetaFLO-Technologies.pdf\" title=\"DusTech migliora la qualit\u00e0 dell&#039;aria per una diga di estrazione dell&#039;oro\"  target=\"_self\">\r\n\t\t\tDusTech migliora la qualit\u00e0 dell'aria per una diga di estrazione dell'oro\t\t<\/a>\r\n\t<\/h3>\r\n\t<p>MetaFLO&#8217;s use of a high-quality dust suppression biopolymer helped a gold mining dam improve air quality to keep workers and communities safe in a rapid and cost-effective way.<\/p>\r\n<h3>\r\n\t\t<a href=\"https:\/\/www.metaflotech.com\/wp-content\/uploads\/2025\/07\/DusTech-Case-Study-3-English-MetaFLO-Technologies.pdf\" title=\"DusTech migliora la qualit\u00e0 dell&#039;aria in un cantiere edile\"  target=\"_self\">\r\n\t\t\tDusTech migliora la qualit\u00e0 dell'aria in un cantiere edile\t\t<\/a>\r\n\t<\/h3>\r\n\t<p>MetaFLO&#8217;s dust suppressant helped a construction site improve air quality through effective dust suppression, helping save costs, increase productivity, and benefit the environment.<\/p>\r\n\t<h1><strong>I nostri biopolimeri<\/strong><\/h1>\r\n<p>MetaFLO&#8217;s biopolymers have been purposefully engineered to provide a variety of cost-effective solutions for multiple applications, from dust suppression to gold extraction. Our products are environmentally safe, easy to use, and can be tailored to meet specific needs. Contact us for more details.<\/p>\r\n\t\t\t\t<a href=\"https:\/\/www.metaflotech.com\/it\/prodotti\/biopolimeri\/soiltech\/\"  target=\"_self\" itemprop=\"url\">\r\n\t\t\t\t<img decoding=\"async\" src=\"https:\/\/www.metaflotech.com\/wp-content\/uploads\/2025\/07\/Logo-3.svg\" alt=\"Logo\" itemprop=\"image\" height=\"100\" width=\"100\" title=\"Logo\" onerror=\"this.style.display='none'\" loading=\"lazy\" \/>\r\n\t\t\t\t<\/a>\r\n\t<p><strong>\u2713 Stabilizzazione del suolo<\/strong><\/p>\r\n\t\t\t\t<a href=\"https:\/\/www.metaflotech.com\/it\/prodotti\/biopolimeri\/dustech\/\"  target=\"_self\" itemprop=\"url\">\r\n\t\t\t\t<img decoding=\"async\" src=\"https:\/\/www.metaflotech.com\/wp-content\/uploads\/2025\/07\/Logo-5.svg\" alt=\"Logo\" itemprop=\"image\" height=\"100\" width=\"100\" title=\"Logo\" onerror=\"this.style.display='none'\" loading=\"lazy\" \/>\r\n\t\t\t\t<\/a>\r\n\t<p><strong>\u2713 Soppressione della polvere<\/strong><\/p>\r\n\t\t\t\t<a href=\"https:\/\/www.metaflotech.com\/it\/prodotti\/biopolimeri\/estrattore\/\"  target=\"_self\" itemprop=\"url\">\r\n\t\t\t\t<img decoding=\"async\" src=\"https:\/\/www.metaflotech.com\/wp-content\/uploads\/2025\/07\/Logo-4.svg\" alt=\"Logo\" itemprop=\"image\" height=\"100\" width=\"100\" title=\"Logo\" onerror=\"this.style.display='none'\" loading=\"lazy\" \/>\r\n\t\t\t\t<\/a>\r\n\t<strong>Estrazione dell'oro e riduzione del cianuro<br \/>\r\n<\/strong>\r\n\t\t\t\t<a href=\"https:\/\/www.metaflotech.com\/it\/prodotti\/biopolimeri\/remtech\/\"  target=\"_self\" itemprop=\"url\">\r\n\t\t\t\t<img decoding=\"async\" src=\"https:\/\/www.metaflotech.com\/wp-content\/uploads\/2025\/07\/Logo.svg\" alt=\"Logo\" itemprop=\"image\" height=\"100\" width=\"100\" title=\"Logo\" onerror=\"this.style.display='none'\" loading=\"lazy\" \/>\r\n\t\t\t\t<\/a>\r\n\t<p><strong>\u2713 Acqua contaminata<\/strong><\/p>\r\n\t\t\t\t<a href=\"https:\/\/www.metaflotech.com\/it\/prodotti\/biopolimeri\/cementech\/\"  target=\"_self\" itemprop=\"url\">\r\n\t\t\t\t<img decoding=\"async\" src=\"https:\/\/www.metaflotech.com\/wp-content\/uploads\/2025\/07\/Logo-8.svg\" alt=\"Logo\" itemprop=\"image\" height=\"100\" width=\"100\" title=\"Logo\" onerror=\"this.style.display='none'\" loading=\"lazy\" \/>\r\n\t\t\t\t<\/a>\r\n\t<p><strong>\u2713 Potenziamento del cemento<\/strong><\/p>","protected":false},"excerpt":{"rendered":"<p>Biopolymer used for effective dust suppression Application Dirt roads \u00a0 Mine access roads \u00a0 Sandy hills \u00a0 Stockpiles material \u00a0 Benefits Improve air quality by significantly reducing airborne dust. Enhance road safety with greater visibility for traffic. Minimizes water usage, using far less compared to traditional road irrigation methods. Cost-effective, requiring fewer applications and cutting&hellip;<\/p>","protected":false},"author":1,"featured_media":0,"parent":108180,"menu_order":0,"comment_status":"closed","ping_status":"closed","template":"","meta":{"_acf_changed":false,"inline_featured_image":false,"footnotes":""},"class_list":["post-95711","page","type-page","status-publish","hentry"],"acf":[],"yoast_head":"<!-- This site is optimized with the Yoast SEO plugin v27.4 - https:\/\/yoast.com\/product\/yoast-seo-wordpress\/ -->\n<title>DusTech Dust Control Biopolymer for Unpaved and Haul Roads | MetaFLO Technologies<\/title>\n<meta name=\"description\" content=\"DusTech is an advanced biopolymer for dust suppression on unpaved, rural, industrial and mining roads, improving air quality, road safety and operational efficiency.\" \/>\n<meta name=\"robots\" content=\"index, follow, max-snippet:-1, max-image-preview:large, max-video-preview:-1\" \/>\n<link rel=\"canonical\" href=\"https:\/\/www.metaflotech.com\/it\/prodotti\/biopolimeri\/dustech\/\" \/>\n<meta property=\"og:locale\" content=\"it_IT\" \/>\n<meta property=\"og:type\" content=\"article\" \/>\n<meta property=\"og:title\" content=\"DusTech Dust Control Biopolymer for Unpaved and Haul Roads | MetaFLO Technologies\" \/>\n<meta property=\"og:description\" content=\"DusTech is an advanced biopolymer for dust suppression on unpaved, rural, industrial and mining roads, improving air quality, road safety and operational efficiency.\" \/>\n<meta property=\"og:url\" content=\"https:\/\/www.metaflotech.com\/it\/prodotti\/biopolimeri\/dustech\/\" \/>\n<meta property=\"og:site_name\" content=\"MetaFLO Technologies\" \/>\n<meta property=\"article:publisher\" content=\"https:\/\/www.facebook.com\/MetaFLOTechnologies\/\" \/>\n<meta property=\"article:modified_time\" content=\"2026-03-12T13:08:00+00:00\" \/>\n<meta property=\"og:image\" content=\"https:\/\/www.metaflotech.com\/wp-content\/uploads\/2025\/07\/Dark-5.svg\" \/>\n<meta name=\"twitter:card\" content=\"summary_large_image\" \/>\n<meta name=\"twitter:site\" content=\"@metaflo\" \/>\n<meta name=\"twitter:label1\" content=\"Tempo di lettura stimato\" \/>\n\t<meta name=\"twitter:data1\" content=\"4 minuti\" \/>\n<script type=\"application\/ld+json\" class=\"yoast-schema-graph\">{\"@context\":\"https:\\\/\\\/schema.org\",\"@graph\":[{\"@type\":\"WebPage\",\"@id\":\"https:\\\/\\\/www.metaflotech.com\\\/it\\\/products\\\/biopolymers\\\/dustech\\\/\",\"url\":\"https:\\\/\\\/www.metaflotech.com\\\/it\\\/products\\\/biopolymers\\\/dustech\\\/\",\"name\":\"DusTech Dust Control Biopolymer for Unpaved and Haul Roads | MetaFLO Technologies\",\"isPartOf\":{\"@id\":\"https:\\\/\\\/www.metaflotech.com\\\/it\\\/#website\"},\"primaryImageOfPage\":{\"@id\":\"https:\\\/\\\/www.metaflotech.com\\\/it\\\/products\\\/biopolymers\\\/dustech\\\/#primaryimage\"},\"image\":{\"@id\":\"https:\\\/\\\/www.metaflotech.com\\\/it\\\/products\\\/biopolymers\\\/dustech\\\/#primaryimage\"},\"thumbnailUrl\":\"https:\\\/\\\/www.metaflotech.com\\\/wp-content\\\/uploads\\\/2025\\\/07\\\/Dark-5.svg\",\"datePublished\":\"2024-10-10T08:18:09+00:00\",\"dateModified\":\"2026-03-12T13:08:00+00:00\",\"description\":\"DusTech is an advanced biopolymer for dust suppression on unpaved, rural, industrial and mining roads, improving air quality, road safety and operational efficiency.\",\"breadcrumb\":{\"@id\":\"https:\\\/\\\/www.metaflotech.com\\\/it\\\/products\\\/biopolymers\\\/dustech\\\/#breadcrumb\"},\"inLanguage\":\"it-IT\",\"potentialAction\":[{\"@type\":\"ReadAction\",\"target\":[\"https:\\\/\\\/www.metaflotech.com\\\/it\\\/products\\\/biopolymers\\\/dustech\\\/\"]}]},{\"@type\":\"ImageObject\",\"inLanguage\":\"it-IT\",\"@id\":\"https:\\\/\\\/www.metaflotech.com\\\/it\\\/products\\\/biopolymers\\\/dustech\\\/#primaryimage\",\"url\":\"https:\\\/\\\/www.metaflotech.com\\\/wp-content\\\/uploads\\\/2025\\\/07\\\/Dark-5.svg\",\"contentUrl\":\"https:\\\/\\\/www.metaflotech.com\\\/wp-content\\\/uploads\\\/2025\\\/07\\\/Dark-5.svg\"},{\"@type\":\"BreadcrumbList\",\"@id\":\"https:\\\/\\\/www.metaflotech.com\\\/it\\\/products\\\/biopolymers\\\/dustech\\\/#breadcrumb\",\"itemListElement\":[{\"@type\":\"ListItem\",\"position\":1,\"name\":\"Home\",\"item\":\"https:\\\/\\\/www.metaflotech.com\\\/\"},{\"@type\":\"ListItem\",\"position\":2,\"name\":\"Products\",\"item\":\"https:\\\/\\\/www.metaflotech.com\\\/products\\\/\"},{\"@type\":\"ListItem\",\"position\":3,\"name\":\"Biopolymers (Tech)\",\"item\":\"https:\\\/\\\/www.metaflotech.com\\\/products\\\/biopolymers\\\/\"},{\"@type\":\"ListItem\",\"position\":4,\"name\":\"DusTech Dust Control Biopolymer for Unpaved and Haul Roads\"}]},{\"@type\":\"WebSite\",\"@id\":\"https:\\\/\\\/www.metaflotech.com\\\/it\\\/#website\",\"url\":\"https:\\\/\\\/www.metaflotech.com\\\/it\\\/\",\"name\":\"MetaFLO Technologies\",\"description\":\"Engineered Polymer Solutions For Industrial Applications\",\"potentialAction\":[{\"@type\":\"SearchAction\",\"target\":{\"@type\":\"EntryPoint\",\"urlTemplate\":\"https:\\\/\\\/www.metaflotech.com\\\/it\\\/?s={search_term_string}\"},\"query-input\":{\"@type\":\"PropertyValueSpecification\",\"valueRequired\":true,\"valueName\":\"search_term_string\"}}],\"inLanguage\":\"it-IT\"}]}<\/script>\n<!-- \/ Yoast SEO plugin. -->","yoast_head_json":{"title":"DusTech Dust Control Biopolymer for Unpaved and Haul Roads | MetaFLO Technologies","description":"DusTech is an advanced biopolymer for dust suppression on unpaved, rural, industrial and mining roads, improving air quality, road safety and operational efficiency.","robots":{"index":"index","follow":"follow","max-snippet":"max-snippet:-1","max-image-preview":"max-image-preview:large","max-video-preview":"max-video-preview:-1"},"canonical":"https:\/\/www.metaflotech.com\/it\/prodotti\/biopolimeri\/dustech\/","og_locale":"it_IT","og_type":"article","og_title":"DusTech Dust Control Biopolymer for Unpaved and Haul Roads | MetaFLO Technologies","og_description":"DusTech is an advanced biopolymer for dust suppression on unpaved, rural, industrial and mining roads, improving air quality, road safety and operational efficiency.","og_url":"https:\/\/www.metaflotech.com\/it\/prodotti\/biopolimeri\/dustech\/","og_site_name":"MetaFLO Technologies","article_publisher":"https:\/\/www.facebook.com\/MetaFLOTechnologies\/","article_modified_time":"2026-03-12T13:08:00+00:00","og_image":[{"url":"https:\/\/www.metaflotech.com\/wp-content\/uploads\/2025\/07\/Dark-5.svg","type":"","width":"","height":""}],"twitter_card":"summary_large_image","twitter_site":"@metaflo","twitter_misc":{"Tempo di lettura stimato":"4 minuti"},"schema":{"@context":"https:\/\/schema.org","@graph":[{"@type":"WebPage","@id":"https:\/\/www.metaflotech.com\/it\/products\/biopolymers\/dustech\/","url":"https:\/\/www.metaflotech.com\/it\/products\/biopolymers\/dustech\/","name":"DusTech Dust Control Biopolymer for Unpaved and Haul Roads | MetaFLO Technologies","isPartOf":{"@id":"https:\/\/www.metaflotech.com\/it\/#website"},"primaryImageOfPage":{"@id":"https:\/\/www.metaflotech.com\/it\/products\/biopolymers\/dustech\/#primaryimage"},"image":{"@id":"https:\/\/www.metaflotech.com\/it\/products\/biopolymers\/dustech\/#primaryimage"},"thumbnailUrl":"https:\/\/www.metaflotech.com\/wp-content\/uploads\/2025\/07\/Dark-5.svg","datePublished":"2024-10-10T08:18:09+00:00","dateModified":"2026-03-12T13:08:00+00:00","description":"DusTech is an advanced biopolymer for dust suppression on unpaved, rural, industrial and mining roads, improving air quality, road safety and operational efficiency.","breadcrumb":{"@id":"https:\/\/www.metaflotech.com\/it\/products\/biopolymers\/dustech\/#breadcrumb"},"inLanguage":"it-IT","potentialAction":[{"@type":"ReadAction","target":["https:\/\/www.metaflotech.com\/it\/products\/biopolymers\/dustech\/"]}]},{"@type":"ImageObject","inLanguage":"it-IT","@id":"https:\/\/www.metaflotech.com\/it\/products\/biopolymers\/dustech\/#primaryimage","url":"https:\/\/www.metaflotech.com\/wp-content\/uploads\/2025\/07\/Dark-5.svg","contentUrl":"https:\/\/www.metaflotech.com\/wp-content\/uploads\/2025\/07\/Dark-5.svg"},{"@type":"BreadcrumbList","@id":"https:\/\/www.metaflotech.com\/it\/products\/biopolymers\/dustech\/#breadcrumb","itemListElement":[{"@type":"ListItem","position":1,"name":"Home","item":"https:\/\/www.metaflotech.com\/"},{"@type":"ListItem","position":2,"name":"Products","item":"https:\/\/www.metaflotech.com\/products\/"},{"@type":"ListItem","position":3,"name":"Biopolymers (Tech)","item":"https:\/\/www.metaflotech.com\/products\/biopolymers\/"},{"@type":"ListItem","position":4,"name":"DusTech Dust Control Biopolymer for Unpaved and Haul Roads"}]},{"@type":"WebSite","@id":"https:\/\/www.metaflotech.com\/it\/#website","url":"https:\/\/www.metaflotech.com\/it\/","name":"Tecnologie MetaFLO","description":"Soluzioni polimeriche ingegnerizzate per applicazioni industriali","potentialAction":[{"@type":"SearchAction","target":{"@type":"EntryPoint","urlTemplate":"https:\/\/www.metaflotech.com\/it\/?s={search_term_string}"},"query-input":{"@type":"PropertyValueSpecification","valueRequired":true,"valueName":"search_term_string"}}],"inLanguage":"it-IT"}]}},"_links":{"self":[{"href":"https:\/\/www.metaflotech.com\/it\/wp-json\/wp\/v2\/pages\/95711","targetHints":{"allow":["GET"]}}],"collection":[{"href":"https:\/\/www.metaflotech.com\/it\/wp-json\/wp\/v2\/pages"}],"about":[{"href":"https:\/\/www.metaflotech.com\/it\/wp-json\/wp\/v2\/types\/page"}],"author":[{"embeddable":true,"href":"https:\/\/www.metaflotech.com\/it\/wp-json\/wp\/v2\/users\/1"}],"replies":[{"embeddable":true,"href":"https:\/\/www.metaflotech.com\/it\/wp-json\/wp\/v2\/comments?post=95711"}],"version-history":[{"count":0,"href":"https:\/\/www.metaflotech.com\/it\/wp-json\/wp\/v2\/pages\/95711\/revisions"}],"up":[{"embeddable":true,"href":"https:\/\/www.metaflotech.com\/it\/wp-json\/wp\/v2\/pages\/108180"}],"wp:attachment":[{"href":"https:\/\/www.metaflotech.com\/it\/wp-json\/wp\/v2\/media?parent=95711"}],"curies":[{"name":"wp","href":"https:\/\/api.w.org\/{rel}","templated":true}]}}