{"id":108080,"date":"2024-11-08T08:29:34","date_gmt":"2024-11-08T08:29:34","guid":{"rendered":"https:\/\/www.metaflotech.com\/?page_id=108080"},"modified":"2025-11-22T07:50:39","modified_gmt":"2025-11-22T07:50:39","slug":"reagentes-de-solidificacao","status":"publish","type":"page","link":"https:\/\/www.metaflotech.com\/pt\/products\/solidification-reagents\/","title":{"rendered":"Reagentes de Solidifica\u00e7\u00e3o (MF)"},"content":{"rendered":"<h1>\n\t\t\tReagentes de Solidifica\u00e7\u00e3o (MF)\t<\/h1>\n\t<h1>Revolucionando a Solidifica\u00e7\u00e3o de Res\u00edduos L\u00edquidos<\/h1>\n\t<p>A MetaFLO \u00e9 a fornecedora l\u00edder de qu\u00edmica inovadora e ecologicamente correta e sistemas exclusivos de entrega de reagentes para o tratamento de fluxos de res\u00edduos l\u00edquidos.<\/p>\n<p>Simplificando, ajudamos as pessoas a transformar rapidamente <strong>res\u00edduos l\u00edquidos em um s\u00f3lido administr\u00e1vel no local de gera\u00e7\u00e3o de fluidos.<\/strong><\/p>\n\t<h3><strong>APLICA\u00c7\u00d5ES<\/strong><\/h3>\n\t\t\t <p><a href=\"https:\/\/www.metaflotech.com\/pt\/aplicativos\/perfuracao-direcional-horizontal\/\">Perfura\u00e7\u00e3o direcional horizontal<\/a>, <a href=\"https:\/\/www.metaflotech.com\/pt\/aplicativos\/tunelamento\/\">Perfura\u00e7\u00e3o de t\u00faneis e microt\u00faneis<\/a><\/p>\t\t\n\t\t\t <p><a href=\"https:\/\/www.metaflotech.com\/pt\/setores\/petroleo-e-gas\/\">Perfura\u00e7\u00e3o de petr\u00f3leo e g\u00e1s<\/a><\/p>\u00a0\t\t\n\t\t\t <p><a href=\"https:\/\/www.metaflotech.com\/pt\/aplicativos\/escavacoes-hidraulicas\/\">Escava\u00e7\u00f5es hidr\u00e1ulicas<\/a><\/p>\u00a0\t\t\n\t\t\t <p><a href=\"https:\/\/www.metaflotech.com\/pt\/aplicativos\/dragagem-ambiental\/\">Dragagem ambiental<\/a><\/p>\u00a0\t\t\n\t<h3><strong>Benef\u00edcios<\/strong><\/h3>\n\t\t\t <p>Reduza riscos e responsabilidades, melhore a seguran\u00e7a no local<\/p>\t\t\n\t\t\t <p>Reduzir custos de gest\u00e3o de res\u00edduos l\u00edquidos<\/p>\t\t\n\t\t\t <p>Reduza seu impacto ambiental<\/p>\t\t\n\t\t<iframe loading=\"lazy\" width=\"1120\" height=\"630\" src=\"https:\/\/www.youtube-nocookie.com\/embed\/FKZ48xxmRfM\" title=\"Solidification Process Explained - MetaFLO Technologies\" frameborder=\"0\" allow=\"accelerometer; autoplay; clipboard-write; encrypted-media; gyroscope; picture-in-picture; web-share\" referrerpolicy=\"strict-origin-when-cross-origin\" allowfullscreen><\/iframe>\t\n\t<h1><strong>Atributos do produto<\/strong><\/h1>\n <strong>Reduces industrial waste disposal costs &#8211; expands in volume by less than 1%.<\/strong>\n<strong> Pol\u00edmero n\u00e3o biodegrad\u00e1vel (40 CFR 264.314 (e)(ii)).<\/strong>\n<strong> Quando usadas adequadamente, as lamas residuais ser\u00e3o aprovadas no teste de filtro de tinta (EPA 9095).<\/strong>\n <strong>Testado para congelamento e descongelamento. O pol\u00edmero n\u00e3o libera l\u00edquidos livres.<\/strong>\n<strong> O pol\u00edmero absorver\u00e1 de forma excelente res\u00edduos aquosos com pH &gt; 4.<\/strong>\n<strong> Para res\u00edduos altamente \u00e1cidos, recomenda-se a neutraliza\u00e7\u00e3o (ajuste de pH).<\/strong>\n<p>&nbsp;<\/p>\n<p>A introdu\u00e7\u00e3o de nossos pol\u00edmeros agiliza seu processo geral e reduz a toxicidade dos rejeitos de minera\u00e7\u00e3o. \u00c9 melhor entender onde o aditivo pode ser mais eficaz em seu processo espec\u00edfico. Os engenheiros da MetaFLO est\u00e3o aqui para ajudar do in\u00edcio ao fim, fornecendo orienta\u00e7\u00e3o para testes de bancada, estabelecendo um piloto e trabalhando em estreita colabora\u00e7\u00e3o com voc\u00ea para entrar em produ\u00e7\u00e3o.<\/p>\n\t\t\t\t<img decoding=\"async\" src=\"https:\/\/www.metaflotech.com\/wp-content\/uploads\/2024\/10\/Polymer-benefits.png\" alt=\"Benef\u00edcios do pol\u00edmero\" itemprop=\"image\" height=\"694\" width=\"694\" title=\"Benef\u00edcios do pol\u00edmero\" onerror=\"this.style.display='none'\" loading=\"lazy\" \/>\n\t\t\t\t<a href=\"https:\/\/www.metaflotech.com\/pt\/produtos\/reagentes-de-solidificacao\/mf003\/\"  target=\"_self\" itemprop=\"url\">\n\t\t\t\t<img decoding=\"async\" src=\"https:\/\/www.metaflotech.com\/wp-content\/uploads\/2024\/03\/Dark-MF003.svg\" alt=\"MF003\" itemprop=\"image\" height=\"100\" width=\"100\" onerror=\"this.style.display='none'\" loading=\"lazy\" \/>\n\t\t\t\t<\/a>\n\t<p><strong>\u2713 L<\/strong>fluxos de res\u00edduos l\u00edquidos<\/p>\n\t\t\t\t<a href=\"https:\/\/www.metaflotech.com\/pt\/produtos\/reagentes-de-solidificacao\/mf006\/\"  target=\"_self\" itemprop=\"url\">\n\t\t\t\t<img decoding=\"async\" src=\"https:\/\/www.metaflotech.com\/wp-content\/uploads\/2024\/03\/Dark-MF006.svg\" alt=\"MF006\" itemprop=\"image\" height=\"100\" width=\"100\" onerror=\"this.style.display='none'\" loading=\"lazy\" \/>\n\t\t\t\t<\/a>\n\t<p><strong>Semiss\u00f3lidos \u00e0 base de \u00e1gua<\/strong><\/p>\n\t\t\t\t<a href=\"https:\/\/www.metaflotech.com\/pt\/produtos\/reagentes-de-solidificacao\/mf008\/\"  target=\"_self\" itemprop=\"url\">\n\t\t\t\t<img decoding=\"async\" src=\"https:\/\/www.metaflotech.com\/wp-content\/uploads\/2024\/03\/Dark-MF008.svg\" alt=\"Escuro MF008\" itemprop=\"image\" height=\"100\" width=\"100\" title=\"Escuro MF008\" onerror=\"this.style.display='none'\" loading=\"lazy\" \/>\n\t\t\t\t<\/a>\n\t<p><strong>Aplica\u00e7\u00f5es de petr\u00f3leo e g\u00e1s<\/strong><\/p>","protected":false},"excerpt":{"rendered":"<p>Solidification Reagents (MF) Revolutionizing Liquid Waste Solidification MetaFLO is the leading provider of innovative, environmentally friendly chemistry and unique reagent delivery systems for the treatment of liquid waste streams. Simply put, we help people rapidly turn liquid waste into a manageable solid at the site of fluid generation. Application Horizontal Directional Drilling, Tunneling &amp; Microtunneling&hellip;<\/p>","protected":false},"author":1,"featured_media":0,"parent":109809,"menu_order":0,"comment_status":"closed","ping_status":"closed","template":"","meta":{"_acf_changed":false,"inline_featured_image":false,"footnotes":""},"class_list":["post-108080","page","type-page","status-publish","hentry"],"acf":[],"yoast_head":"<!-- This site is optimized with the Yoast SEO plugin v27.5 - https:\/\/yoast.com\/product\/yoast-seo-wordpress\/ -->\n<title>Solidification Reagents (MF) | MetaFLO Technologies<\/title>\n<meta name=\"description\" content=\"FOCUSED ON ENGINEERED SOLUTIONS FOR LIQUID WASTE SOLIDIFICATION THAT ARE EFFECTIVE, EFFICIENT AND MINIMIZE ENVIRONMENTAL IMPACT.\" \/>\n<meta name=\"robots\" content=\"index, follow, max-snippet:-1, max-image-preview:large, max-video-preview:-1\" \/>\n<link rel=\"canonical\" href=\"https:\/\/www.metaflotech.com\/pt\/produtos\/reagentes-de-solidificacao\/\" \/>\n<meta property=\"og:locale\" content=\"pt_BR\" \/>\n<meta property=\"og:type\" content=\"article\" \/>\n<meta property=\"og:title\" content=\"Solidification Reagents (MF) | MetaFLO Technologies\" \/>\n<meta property=\"og:description\" content=\"FOCUSED ON ENGINEERED SOLUTIONS FOR LIQUID WASTE SOLIDIFICATION THAT ARE EFFECTIVE, EFFICIENT AND MINIMIZE ENVIRONMENTAL IMPACT.\" \/>\n<meta property=\"og:url\" content=\"https:\/\/www.metaflotech.com\/pt\/produtos\/reagentes-de-solidificacao\/\" \/>\n<meta property=\"og:site_name\" content=\"MetaFLO Technologies\" \/>\n<meta property=\"article:publisher\" content=\"https:\/\/www.facebook.com\/MetaFLOTechnologies\/\" \/>\n<meta property=\"article:modified_time\" content=\"2025-11-22T07:50:39+00:00\" \/>\n<meta property=\"og:image\" content=\"https:\/\/www.metaflotech.com\/wp-content\/uploads\/2024\/10\/Polymer-benefits.png\" \/>\n<meta name=\"twitter:card\" content=\"summary_large_image\" \/>\n<meta name=\"twitter:site\" content=\"@metaflo\" \/>\n<meta name=\"twitter:label1\" content=\"Est. tempo de leitura\" \/>\n\t<meta name=\"twitter:data1\" content=\"3 minutos\" \/>\n<script type=\"application\/ld+json\" class=\"yoast-schema-graph\">{\"@context\":\"https:\\\/\\\/schema.org\",\"@graph\":[{\"@type\":\"WebPage\",\"@id\":\"https:\\\/\\\/www.metaflotech.com\\\/pt\\\/products\\\/solidification-reagents\\\/\",\"url\":\"https:\\\/\\\/www.metaflotech.com\\\/pt\\\/products\\\/solidification-reagents\\\/\",\"name\":\"Solidification Reagents (MF) | MetaFLO Technologies\",\"isPartOf\":{\"@id\":\"https:\\\/\\\/www.metaflotech.com\\\/pt\\\/#website\"},\"primaryImageOfPage\":{\"@id\":\"https:\\\/\\\/www.metaflotech.com\\\/pt\\\/products\\\/solidification-reagents\\\/#primaryimage\"},\"image\":{\"@id\":\"https:\\\/\\\/www.metaflotech.com\\\/pt\\\/products\\\/solidification-reagents\\\/#primaryimage\"},\"thumbnailUrl\":\"https:\\\/\\\/www.metaflotech.com\\\/wp-content\\\/uploads\\\/2024\\\/10\\\/Polymer-benefits.png\",\"datePublished\":\"2024-11-08T08:29:34+00:00\",\"dateModified\":\"2025-11-22T07:50:39+00:00\",\"description\":\"FOCUSED ON ENGINEERED SOLUTIONS FOR LIQUID WASTE SOLIDIFICATION THAT ARE EFFECTIVE, EFFICIENT AND MINIMIZE ENVIRONMENTAL IMPACT.\",\"breadcrumb\":{\"@id\":\"https:\\\/\\\/www.metaflotech.com\\\/pt\\\/products\\\/solidification-reagents\\\/#breadcrumb\"},\"inLanguage\":\"pt-BR\",\"potentialAction\":[{\"@type\":\"ReadAction\",\"target\":[\"https:\\\/\\\/www.metaflotech.com\\\/pt\\\/products\\\/solidification-reagents\\\/\"]}]},{\"@type\":\"ImageObject\",\"inLanguage\":\"pt-BR\",\"@id\":\"https:\\\/\\\/www.metaflotech.com\\\/pt\\\/products\\\/solidification-reagents\\\/#primaryimage\",\"url\":\"https:\\\/\\\/www.metaflotech.com\\\/wp-content\\\/uploads\\\/2024\\\/10\\\/Polymer-benefits.png\",\"contentUrl\":\"https:\\\/\\\/www.metaflotech.com\\\/wp-content\\\/uploads\\\/2024\\\/10\\\/Polymer-benefits.png\"},{\"@type\":\"BreadcrumbList\",\"@id\":\"https:\\\/\\\/www.metaflotech.com\\\/pt\\\/products\\\/solidification-reagents\\\/#breadcrumb\",\"itemListElement\":[{\"@type\":\"ListItem\",\"position\":1,\"name\":\"Home\",\"item\":\"https:\\\/\\\/www.metaflotech.com\\\/\"},{\"@type\":\"ListItem\",\"position\":2,\"name\":\"Products\",\"item\":\"https:\\\/\\\/www.metaflotech.com\\\/products\\\/\"},{\"@type\":\"ListItem\",\"position\":3,\"name\":\"Solidification Reagents (MF)\"}]},{\"@type\":\"WebSite\",\"@id\":\"https:\\\/\\\/www.metaflotech.com\\\/pt\\\/#website\",\"url\":\"https:\\\/\\\/www.metaflotech.com\\\/pt\\\/\",\"name\":\"MetaFLO Technologies\",\"description\":\"Engineered Polymer Solutions For Industrial Applications\",\"potentialAction\":[{\"@type\":\"SearchAction\",\"target\":{\"@type\":\"EntryPoint\",\"urlTemplate\":\"https:\\\/\\\/www.metaflotech.com\\\/pt\\\/?s={search_term_string}\"},\"query-input\":{\"@type\":\"PropertyValueSpecification\",\"valueRequired\":true,\"valueName\":\"search_term_string\"}}],\"inLanguage\":\"pt-BR\"}]}<\/script>\n<!-- \/ Yoast SEO plugin. -->","yoast_head_json":{"title":"Solidification Reagents (MF) | MetaFLO Technologies","description":"FOCADA EM SOLU\u00c7\u00d5ES DE ENGENHARIA PARA SOLIDIFICA\u00c7\u00c3O DE RES\u00cdDUOS L\u00cdQUIDOS QUE SEJAM EFICAZES, EFICIENTES E MINIMIZEM O IMPACTO AMBIENTAL.","robots":{"index":"index","follow":"follow","max-snippet":"max-snippet:-1","max-image-preview":"max-image-preview:large","max-video-preview":"max-video-preview:-1"},"canonical":"https:\/\/www.metaflotech.com\/pt\/produtos\/reagentes-de-solidificacao\/","og_locale":"pt_BR","og_type":"article","og_title":"Solidification Reagents (MF) | MetaFLO Technologies","og_description":"FOCUSED ON ENGINEERED SOLUTIONS FOR LIQUID WASTE SOLIDIFICATION THAT ARE EFFECTIVE, EFFICIENT AND MINIMIZE ENVIRONMENTAL IMPACT.","og_url":"https:\/\/www.metaflotech.com\/pt\/produtos\/reagentes-de-solidificacao\/","og_site_name":"MetaFLO Technologies","article_publisher":"https:\/\/www.facebook.com\/MetaFLOTechnologies\/","article_modified_time":"2025-11-22T07:50:39+00:00","og_image":[{"url":"https:\/\/www.metaflotech.com\/wp-content\/uploads\/2024\/10\/Polymer-benefits.png","type":"","width":"","height":""}],"twitter_card":"summary_large_image","twitter_site":"@metaflo","twitter_misc":{"Est. tempo de leitura":"3 minutos"},"schema":{"@context":"https:\/\/schema.org","@graph":[{"@type":"WebPage","@id":"https:\/\/www.metaflotech.com\/pt\/products\/solidification-reagents\/","url":"https:\/\/www.metaflotech.com\/pt\/products\/solidification-reagents\/","name":"Solidification Reagents (MF) | MetaFLO Technologies","isPartOf":{"@id":"https:\/\/www.metaflotech.com\/pt\/#website"},"primaryImageOfPage":{"@id":"https:\/\/www.metaflotech.com\/pt\/products\/solidification-reagents\/#primaryimage"},"image":{"@id":"https:\/\/www.metaflotech.com\/pt\/products\/solidification-reagents\/#primaryimage"},"thumbnailUrl":"https:\/\/www.metaflotech.com\/wp-content\/uploads\/2024\/10\/Polymer-benefits.png","datePublished":"2024-11-08T08:29:34+00:00","dateModified":"2025-11-22T07:50:39+00:00","description":"FOCADA EM SOLU\u00c7\u00d5ES DE ENGENHARIA PARA SOLIDIFICA\u00c7\u00c3O DE RES\u00cdDUOS L\u00cdQUIDOS QUE SEJAM EFICAZES, EFICIENTES E MINIMIZEM O IMPACTO AMBIENTAL.","breadcrumb":{"@id":"https:\/\/www.metaflotech.com\/pt\/products\/solidification-reagents\/#breadcrumb"},"inLanguage":"pt-BR","potentialAction":[{"@type":"ReadAction","target":["https:\/\/www.metaflotech.com\/pt\/products\/solidification-reagents\/"]}]},{"@type":"ImageObject","inLanguage":"pt-BR","@id":"https:\/\/www.metaflotech.com\/pt\/products\/solidification-reagents\/#primaryimage","url":"https:\/\/www.metaflotech.com\/wp-content\/uploads\/2024\/10\/Polymer-benefits.png","contentUrl":"https:\/\/www.metaflotech.com\/wp-content\/uploads\/2024\/10\/Polymer-benefits.png"},{"@type":"BreadcrumbList","@id":"https:\/\/www.metaflotech.com\/pt\/products\/solidification-reagents\/#breadcrumb","itemListElement":[{"@type":"ListItem","position":1,"name":"Home","item":"https:\/\/www.metaflotech.com\/"},{"@type":"ListItem","position":2,"name":"Products","item":"https:\/\/www.metaflotech.com\/products\/"},{"@type":"ListItem","position":3,"name":"Solidification Reagents (MF)"}]},{"@type":"WebSite","@id":"https:\/\/www.metaflotech.com\/pt\/#website","url":"https:\/\/www.metaflotech.com\/pt\/","name":"MetaFLO Technologies","description":"Solu\u00e7\u00f5es de pol\u00edmeros projetadas para aplica\u00e7\u00f5es industriais","potentialAction":[{"@type":"SearchAction","target":{"@type":"EntryPoint","urlTemplate":"https:\/\/www.metaflotech.com\/pt\/?s={search_term_string}"},"query-input":{"@type":"PropertyValueSpecification","valueRequired":true,"valueName":"search_term_string"}}],"inLanguage":"pt-BR"}]}},"_links":{"self":[{"href":"https:\/\/www.metaflotech.com\/pt\/wp-json\/wp\/v2\/pages\/108080","targetHints":{"allow":["GET"]}}],"collection":[{"href":"https:\/\/www.metaflotech.com\/pt\/wp-json\/wp\/v2\/pages"}],"about":[{"href":"https:\/\/www.metaflotech.com\/pt\/wp-json\/wp\/v2\/types\/page"}],"author":[{"embeddable":true,"href":"https:\/\/www.metaflotech.com\/pt\/wp-json\/wp\/v2\/users\/1"}],"replies":[{"embeddable":true,"href":"https:\/\/www.metaflotech.com\/pt\/wp-json\/wp\/v2\/comments?post=108080"}],"version-history":[{"count":0,"href":"https:\/\/www.metaflotech.com\/pt\/wp-json\/wp\/v2\/pages\/108080\/revisions"}],"up":[{"embeddable":true,"href":"https:\/\/www.metaflotech.com\/pt\/wp-json\/wp\/v2\/pages\/109809"}],"wp:attachment":[{"href":"https:\/\/www.metaflotech.com\/pt\/wp-json\/wp\/v2\/media?parent=108080"}],"curies":[{"name":"wp","href":"https:\/\/api.w.org\/{rel}","templated":true}]}}