{"id":108180,"date":"2024-11-08T09:06:17","date_gmt":"2024-11-08T09:06:17","guid":{"rendered":"https:\/\/www.metaflotech.com\/?page_id=108180"},"modified":"2025-12-22T22:15:07","modified_gmt":"2025-12-22T22:15:07","slug":"biopolimeros","status":"publish","type":"page","link":"https:\/\/www.metaflotech.com\/pt\/products\/biopolymers\/","title":{"rendered":"Biopol\u00edmeros (Tecnologia)"},"content":{"rendered":"<h1>\n\t\t\tBiopol\u00edmeros (Tecnologia)\t<\/h1>\n\t<h1>Revolucionando Processos Industriais<\/h1>\n\t<p>At MetaFLO, we know that the industrial sector faces unique challenges.\u00a0That&#8217;s why we&#8217;ve developed a suite of innovative biopolymers designed to increase efficiency, enhance environmental compliance and streamline operations.<\/p>\n<p>Descubra como nossas solu\u00e7\u00f5es podem <strong>revolucionar suas opera\u00e7\u00f5es.<\/strong><\/p>\n\t<h3><strong>APLICA\u00c7\u00d5ES<\/strong><\/h3>\n\t\t\t <p><strong>Estabiliza\u00e7\u00e3o do solo:<\/strong> estabiliza\u00e7\u00e3o de base e sub-base de constru\u00e7\u00e3o de estradas e controle de poeira (SoilTech, DusTech)<\/p>\t\t\n\t\t\t <p><strong>Minera\u00e7\u00e3o:<\/strong> melhoria na extra\u00e7\u00e3o de minerais preciosos (ouro), redu\u00e7\u00e3o de cianeto, acelera\u00e7\u00e3o de rea\u00e7\u00e3o (ExtracTech)<\/p>\t\t\n\t\t\t <p><strong>Petr\u00f3leo e G\u00e1s:<\/strong> remedia\u00e7\u00e3o avan\u00e7ada de \u00e1gua produzida (RemTech)<\/p>\t\t\n\t<h3><strong>Benef\u00edcios<\/strong><\/h3>\n\t\t\t <p>Reduzir custos<\/p>\t\t\n\t\t\t <p>Alcan\u00e7ar a conformidade ambiental<\/p>\t\t\n\t\t\t <p>Melhore a efici\u00eancia operacional<\/p>\t\t\n\t\t\t\t<a href=\"https:\/\/www.metaflotech.com\/pt\/produtos\/soiltech\/\"  target=\"_self\" rel=\"nofollow\"  itemprop=\"url\">\n\t\t\t\t<img decoding=\"async\" src=\"https:\/\/www.metaflotech.com\/wp-content\/uploads\/2025\/07\/Dark-3.svg\" alt=\"Escuro\" itemprop=\"image\" height=\"100\" width=\"100\" title=\"Escuro\" onerror=\"this.style.display='none'\" loading=\"lazy\" \/>\n\t\t\t\t<\/a>\n\t<p><strong>\u2713 <\/strong>Estabiliza\u00e7\u00e3o do solo<\/p>\n\t\t\t\t<a href=\"https:\/\/www.metaflotech.com\/pt\/produtos\/dustech\/\"  target=\"_self\" rel=\"nofollow\"  itemprop=\"url\">\n\t\t\t\t<img decoding=\"async\" src=\"https:\/\/www.metaflotech.com\/wp-content\/uploads\/2025\/07\/Dark-5.svg\" alt=\"Escuro\" itemprop=\"image\" height=\"100\" width=\"100\" title=\"Escuro\" onerror=\"this.style.display='none'\" loading=\"lazy\" \/>\n\t\t\t\t<\/a>\n\t<p><strong>Supress\u00e3o de poeira\u00a0<\/strong><\/p>\n\t\t\t\t<a href=\"https:\/\/www.metaflotech.com\/pt\/produtos\/tecnologia-de-extracao\/\"  target=\"_self\" itemprop=\"url\">\n\t\t\t\t<img decoding=\"async\" src=\"https:\/\/www.metaflotech.com\/wp-content\/uploads\/2025\/07\/Dark-4.svg\" alt=\"Escuro\" itemprop=\"image\" height=\"100\" width=\"100\" title=\"Escuro\" onerror=\"this.style.display='none'\" loading=\"lazy\" \/>\n\t\t\t\t<\/a>\n\t<strong>Extra\u00e7\u00e3o de ouro e redu\u00e7\u00e3o de cianeto<br \/>\n<\/strong>\n\t\t\t\t<a href=\"https:\/\/www.metaflotech.com\/pt\/produtos\/remtech\/\"  target=\"_self\" rel=\"nofollow\"  itemprop=\"url\">\n\t\t\t\t<img decoding=\"async\" src=\"https:\/\/www.metaflotech.com\/wp-content\/uploads\/2025\/07\/Dark.svg\" alt=\"Escuro\" itemprop=\"image\" height=\"100\" width=\"100\" title=\"Escuro\" onerror=\"this.style.display='none'\" loading=\"lazy\" \/>\n\t\t\t\t<\/a>\n\t<p><strong>\u00c1gua contaminada<\/strong><\/p>\n\t\t\t <p><strong>Produzido a partir de algas marinhas<\/strong><\/p>\n\t\t\t <p><strong>Comercializado em forma l\u00edquida<\/strong><\/p>\t\t\n\t\t\t <p><strong>Sol\u00favel em \u00e1gua<\/strong><\/p>\t\t\n\t\t\t <p><strong>F\u00e1cil aplica\u00e7\u00e3o<\/strong><\/p>\n\t\t\t <p><strong>Nenhum equipamento adicional \u00e9 necess\u00e1rio para o processo<\/strong><\/p>\n\t\t\t <p><strong>Ambientalmente seguro para o solo e a fauna terrestre<\/strong><\/p>\n\t\t\t <p><strong>Adapt\u00e1vel a qualquer local<\/strong><\/p>\n\t<h2><strong>PROCESSO DE PRODU\u00c7\u00c3O DE BIOPOL\u00cdMEROS DE SEMENTES<\/strong><\/h2>\n\t\t\t\t<img decoding=\"async\" src=\"https:\/\/www.metaflotech.com\/wp-content\/uploads\/2025\/04\/naturally-derived-biopolymer-from-seaweed-PT.png\" alt=\"biopol\u00edmero derivado naturalmente de algas marinhas1\" itemprop=\"image\" height=\"798\" width=\"3677\" onerror=\"this.style.display='none'\" loading=\"lazy\" \/>","protected":false},"excerpt":{"rendered":"<p>Biopolymers (Tech) Revolutionizing Industrial Processes At MetaFLO, we know that the industrial sector faces unique challenges.\u00a0That&#8217;s why we&#8217;ve developed a suite of innovative biopolymers designed to increase efficiency, enhance environmental compliance and streamline operations. Discover how our solutions can revolutionize your operations. Application Soil Stabilization: road construction base and sub-base stabilization and dust control (SoilTech,&hellip;<\/p>","protected":false},"author":1,"featured_media":0,"parent":109809,"menu_order":0,"comment_status":"closed","ping_status":"closed","template":"","meta":{"_acf_changed":false,"inline_featured_image":false,"footnotes":""},"class_list":["post-108180","page","type-page","status-publish","hentry"],"acf":[],"yoast_head":"<!-- This site is optimized with the Yoast SEO plugin v27.5 - https:\/\/yoast.com\/product\/yoast-seo-wordpress\/ -->\n<title>Biopolymers (Tech) | MetaFLO Technologies<\/title>\n<meta name=\"description\" content=\"FOCUSED ON ENGINEERED SOLUTIONS FOR LIQUID WASTE SOLIDIFICATION THAT ARE EFFECTIVE, EFFICIENT AND MINIMIZE ENVIRONMENTAL IMPACT.\" \/>\n<meta name=\"robots\" content=\"index, follow, max-snippet:-1, max-image-preview:large, max-video-preview:-1\" \/>\n<link rel=\"canonical\" href=\"https:\/\/www.metaflotech.com\/pt\/produtos\/biopolimeros\/\" \/>\n<meta property=\"og:locale\" content=\"pt_BR\" \/>\n<meta property=\"og:type\" content=\"article\" \/>\n<meta property=\"og:title\" content=\"Biopolymers (Tech) | MetaFLO Technologies\" \/>\n<meta property=\"og:description\" content=\"FOCUSED ON ENGINEERED SOLUTIONS FOR LIQUID WASTE SOLIDIFICATION THAT ARE EFFECTIVE, EFFICIENT AND MINIMIZE ENVIRONMENTAL IMPACT.\" \/>\n<meta property=\"og:url\" content=\"https:\/\/www.metaflotech.com\/pt\/produtos\/biopolimeros\/\" \/>\n<meta property=\"og:site_name\" content=\"MetaFLO Technologies\" \/>\n<meta property=\"article:publisher\" content=\"https:\/\/www.facebook.com\/MetaFLOTechnologies\/\" \/>\n<meta property=\"article:modified_time\" content=\"2025-12-22T22:15:07+00:00\" \/>\n<meta property=\"og:image\" content=\"https:\/\/www.metaflotech.com\/wp-content\/uploads\/2025\/07\/Dark-3.svg\" \/>\n<meta name=\"twitter:card\" content=\"summary_large_image\" \/>\n<meta name=\"twitter:site\" content=\"@metaflo\" \/>\n<meta name=\"twitter:label1\" content=\"Est. tempo de leitura\" \/>\n\t<meta name=\"twitter:data1\" content=\"2 minutos\" \/>\n<script type=\"application\/ld+json\" class=\"yoast-schema-graph\">{\"@context\":\"https:\\\/\\\/schema.org\",\"@graph\":[{\"@type\":\"WebPage\",\"@id\":\"https:\\\/\\\/www.metaflotech.com\\\/pt\\\/products\\\/biopolymers\\\/\",\"url\":\"https:\\\/\\\/www.metaflotech.com\\\/pt\\\/products\\\/biopolymers\\\/\",\"name\":\"Biopolymers (Tech) | MetaFLO Technologies\",\"isPartOf\":{\"@id\":\"https:\\\/\\\/www.metaflotech.com\\\/pt\\\/#website\"},\"primaryImageOfPage\":{\"@id\":\"https:\\\/\\\/www.metaflotech.com\\\/pt\\\/products\\\/biopolymers\\\/#primaryimage\"},\"image\":{\"@id\":\"https:\\\/\\\/www.metaflotech.com\\\/pt\\\/products\\\/biopolymers\\\/#primaryimage\"},\"thumbnailUrl\":\"https:\\\/\\\/www.metaflotech.com\\\/wp-content\\\/uploads\\\/2025\\\/07\\\/Dark-3.svg\",\"datePublished\":\"2024-11-08T09:06:17+00:00\",\"dateModified\":\"2025-12-22T22:15:07+00:00\",\"description\":\"FOCUSED ON ENGINEERED SOLUTIONS FOR LIQUID WASTE SOLIDIFICATION THAT ARE EFFECTIVE, EFFICIENT AND MINIMIZE ENVIRONMENTAL IMPACT.\",\"breadcrumb\":{\"@id\":\"https:\\\/\\\/www.metaflotech.com\\\/pt\\\/products\\\/biopolymers\\\/#breadcrumb\"},\"inLanguage\":\"pt-BR\",\"potentialAction\":[{\"@type\":\"ReadAction\",\"target\":[\"https:\\\/\\\/www.metaflotech.com\\\/pt\\\/products\\\/biopolymers\\\/\"]}]},{\"@type\":\"ImageObject\",\"inLanguage\":\"pt-BR\",\"@id\":\"https:\\\/\\\/www.metaflotech.com\\\/pt\\\/products\\\/biopolymers\\\/#primaryimage\",\"url\":\"https:\\\/\\\/www.metaflotech.com\\\/wp-content\\\/uploads\\\/2025\\\/07\\\/Dark-3.svg\",\"contentUrl\":\"https:\\\/\\\/www.metaflotech.com\\\/wp-content\\\/uploads\\\/2025\\\/07\\\/Dark-3.svg\"},{\"@type\":\"BreadcrumbList\",\"@id\":\"https:\\\/\\\/www.metaflotech.com\\\/pt\\\/products\\\/biopolymers\\\/#breadcrumb\",\"itemListElement\":[{\"@type\":\"ListItem\",\"position\":1,\"name\":\"Home\",\"item\":\"https:\\\/\\\/www.metaflotech.com\\\/\"},{\"@type\":\"ListItem\",\"position\":2,\"name\":\"Products\",\"item\":\"https:\\\/\\\/www.metaflotech.com\\\/products\\\/\"},{\"@type\":\"ListItem\",\"position\":3,\"name\":\"Biopolymers (Tech)\"}]},{\"@type\":\"WebSite\",\"@id\":\"https:\\\/\\\/www.metaflotech.com\\\/pt\\\/#website\",\"url\":\"https:\\\/\\\/www.metaflotech.com\\\/pt\\\/\",\"name\":\"MetaFLO Technologies\",\"description\":\"Engineered Polymer Solutions For Industrial Applications\",\"potentialAction\":[{\"@type\":\"SearchAction\",\"target\":{\"@type\":\"EntryPoint\",\"urlTemplate\":\"https:\\\/\\\/www.metaflotech.com\\\/pt\\\/?s={search_term_string}\"},\"query-input\":{\"@type\":\"PropertyValueSpecification\",\"valueRequired\":true,\"valueName\":\"search_term_string\"}}],\"inLanguage\":\"pt-BR\"}]}<\/script>\n<!-- \/ Yoast SEO plugin. -->","yoast_head_json":{"title":"Biopolymers (Tech) | MetaFLO Technologies","description":"FOCADA EM SOLU\u00c7\u00d5ES DE ENGENHARIA PARA SOLIDIFICA\u00c7\u00c3O DE RES\u00cdDUOS L\u00cdQUIDOS QUE SEJAM EFICAZES, EFICIENTES E MINIMIZEM O IMPACTO AMBIENTAL.","robots":{"index":"index","follow":"follow","max-snippet":"max-snippet:-1","max-image-preview":"max-image-preview:large","max-video-preview":"max-video-preview:-1"},"canonical":"https:\/\/www.metaflotech.com\/pt\/produtos\/biopolimeros\/","og_locale":"pt_BR","og_type":"article","og_title":"Biopolymers (Tech) | MetaFLO Technologies","og_description":"FOCUSED ON ENGINEERED SOLUTIONS FOR LIQUID WASTE SOLIDIFICATION THAT ARE EFFECTIVE, EFFICIENT AND MINIMIZE ENVIRONMENTAL IMPACT.","og_url":"https:\/\/www.metaflotech.com\/pt\/produtos\/biopolimeros\/","og_site_name":"MetaFLO Technologies","article_publisher":"https:\/\/www.facebook.com\/MetaFLOTechnologies\/","article_modified_time":"2025-12-22T22:15:07+00:00","og_image":[{"url":"https:\/\/www.metaflotech.com\/wp-content\/uploads\/2025\/07\/Dark-3.svg","type":"","width":"","height":""}],"twitter_card":"summary_large_image","twitter_site":"@metaflo","twitter_misc":{"Est. tempo de leitura":"2 minutos"},"schema":{"@context":"https:\/\/schema.org","@graph":[{"@type":"WebPage","@id":"https:\/\/www.metaflotech.com\/pt\/products\/biopolymers\/","url":"https:\/\/www.metaflotech.com\/pt\/products\/biopolymers\/","name":"Biopolymers (Tech) | MetaFLO Technologies","isPartOf":{"@id":"https:\/\/www.metaflotech.com\/pt\/#website"},"primaryImageOfPage":{"@id":"https:\/\/www.metaflotech.com\/pt\/products\/biopolymers\/#primaryimage"},"image":{"@id":"https:\/\/www.metaflotech.com\/pt\/products\/biopolymers\/#primaryimage"},"thumbnailUrl":"https:\/\/www.metaflotech.com\/wp-content\/uploads\/2025\/07\/Dark-3.svg","datePublished":"2024-11-08T09:06:17+00:00","dateModified":"2025-12-22T22:15:07+00:00","description":"FOCADA EM SOLU\u00c7\u00d5ES DE ENGENHARIA PARA SOLIDIFICA\u00c7\u00c3O DE RES\u00cdDUOS L\u00cdQUIDOS QUE SEJAM EFICAZES, EFICIENTES E MINIMIZEM O IMPACTO AMBIENTAL.","breadcrumb":{"@id":"https:\/\/www.metaflotech.com\/pt\/products\/biopolymers\/#breadcrumb"},"inLanguage":"pt-BR","potentialAction":[{"@type":"ReadAction","target":["https:\/\/www.metaflotech.com\/pt\/products\/biopolymers\/"]}]},{"@type":"ImageObject","inLanguage":"pt-BR","@id":"https:\/\/www.metaflotech.com\/pt\/products\/biopolymers\/#primaryimage","url":"https:\/\/www.metaflotech.com\/wp-content\/uploads\/2025\/07\/Dark-3.svg","contentUrl":"https:\/\/www.metaflotech.com\/wp-content\/uploads\/2025\/07\/Dark-3.svg"},{"@type":"BreadcrumbList","@id":"https:\/\/www.metaflotech.com\/pt\/products\/biopolymers\/#breadcrumb","itemListElement":[{"@type":"ListItem","position":1,"name":"Home","item":"https:\/\/www.metaflotech.com\/"},{"@type":"ListItem","position":2,"name":"Products","item":"https:\/\/www.metaflotech.com\/products\/"},{"@type":"ListItem","position":3,"name":"Biopolymers (Tech)"}]},{"@type":"WebSite","@id":"https:\/\/www.metaflotech.com\/pt\/#website","url":"https:\/\/www.metaflotech.com\/pt\/","name":"MetaFLO Technologies","description":"Solu\u00e7\u00f5es de pol\u00edmeros projetadas para aplica\u00e7\u00f5es industriais","potentialAction":[{"@type":"SearchAction","target":{"@type":"EntryPoint","urlTemplate":"https:\/\/www.metaflotech.com\/pt\/?s={search_term_string}"},"query-input":{"@type":"PropertyValueSpecification","valueRequired":true,"valueName":"search_term_string"}}],"inLanguage":"pt-BR"}]}},"_links":{"self":[{"href":"https:\/\/www.metaflotech.com\/pt\/wp-json\/wp\/v2\/pages\/108180","targetHints":{"allow":["GET"]}}],"collection":[{"href":"https:\/\/www.metaflotech.com\/pt\/wp-json\/wp\/v2\/pages"}],"about":[{"href":"https:\/\/www.metaflotech.com\/pt\/wp-json\/wp\/v2\/types\/page"}],"author":[{"embeddable":true,"href":"https:\/\/www.metaflotech.com\/pt\/wp-json\/wp\/v2\/users\/1"}],"replies":[{"embeddable":true,"href":"https:\/\/www.metaflotech.com\/pt\/wp-json\/wp\/v2\/comments?post=108180"}],"version-history":[{"count":0,"href":"https:\/\/www.metaflotech.com\/pt\/wp-json\/wp\/v2\/pages\/108180\/revisions"}],"up":[{"embeddable":true,"href":"https:\/\/www.metaflotech.com\/pt\/wp-json\/wp\/v2\/pages\/109809"}],"wp:attachment":[{"href":"https:\/\/www.metaflotech.com\/pt\/wp-json\/wp\/v2\/media?parent=108180"}],"curies":[{"name":"wp","href":"https:\/\/api.w.org\/{rel}","templated":true}]}}