{"id":115954,"date":"2024-12-10T09:58:37","date_gmt":"2024-12-10T09:58:37","guid":{"rendered":"https:\/\/www.metaflotech.com\/?page_id=115954"},"modified":"2026-03-12T13:02:13","modified_gmt":"2026-03-12T13:02:13","slug":"estabilizacao-do-solo","status":"publish","type":"page","link":"https:\/\/www.metaflotech.com\/pt\/applications\/soil-stabilization\/","title":{"rendered":"Soil Stabilization for Unpaved, Gravel and Haul Roads"},"content":{"rendered":"<img decoding=\"async\" src=\"https:\/\/www.metaflotech.com\/wp-content\/uploads\/2024\/12\/scene-construction-site-with-equipment_23-2151317307.jpg\" alt=\"scene-construction-site-with-equipment_23-2151317307\" itemprop=\"image\" height=\"1200\" width=\"1800\" title=\"scene-construction-site-with-equipment_23-2151317307\" onerror=\"this.style.display='none'\" loading='lazy' \/>\r\n\t<h1><strong>Estabiliza\u00e7\u00e3o do solo<\/strong><\/h1>\r\n<h2><em>Estabiliza\u00e7\u00e3o de solo inovadora, sustent\u00e1vel e econ\u00f4mica<\/em><\/h2>\r\n<h3>\r\n\t\t\tVis\u00e3o geral do problema\t<\/h3>\r\n\t<p>Subgrade regularization and backfill layers must be stable so that infrastructure isn&#8217;t compromised by heavy rains and transportation. In addition, high CBR ground conditions are necessary to reduce maintenance of the surface. Traditional methods to achieve these goals require substantial water usage and high operational costs.<\/p>\r\n<h3>\r\n\t\t\tVis\u00e3o geral do produto MetaFLO\t<\/h3>\r\n\t<p><b>SoilTech<\/b> \u00e9 nossa solu\u00e7\u00e3o inovadora de biopol\u00edmero para estabiliza\u00e7\u00e3o de solo. Ela \u00e9 projetada para melhorar as propriedades mec\u00e2nicas do solo e aumentar a coes\u00e3o na aglomera\u00e7\u00e3o de part\u00edculas na \u00e1rea tratada.<\/p>\r\n<h1>\r\n\t\t\tCOMO FUNCIONA\t<\/h1>\r\n\t\t\t <p><strong>O SoilTech \u00e9 dilu\u00eddo para reagir quimicamente com os minerais presentes no solo,<\/strong> forming a new, more resistant and compact structure-in addition to increasing the soil&#8217;s impermeability. <\/p>\t\t\r\n\t\t\t <p><strong>O SoilTech atua como um estabilizador quando aplicado no solo,<\/strong> melhorando significativamente suas propriedades mec\u00e2nicas e reduzindo muito a quantidade de \u00e1gua necess\u00e1ria em compara\u00e7\u00e3o aos m\u00e9todos tradicionais. <\/p>\t\t\r\n\t\t\t <p><strong>\u00c9 sol\u00favel em \u00e1gua,<\/strong> pode ser dilu\u00eddo diretamente no tanque de \u00e1gua e \u00e9 f\u00e1cil de aplicar.<\/p>\t\t\r\n\t\t\t <p><strong>O SoilTech pode ser usado efetivamente em qualquer tipo de solo,<\/strong> como argiloso, siltoso, arenoso, etc. Ele aumenta a coes\u00e3o do solo, eliminando efetivamente as emiss\u00f5es de poeira no ar.<\/p>\t\t\r\n\t\t\t<a href=\"https:\/\/www.metaflotech.com\/pt\/produtos\/biopolimeros\/soiltech\/\" target=\"_self\">\r\n\t\t\t\t\t\t\tSAIBA MAIS\r\n\t\t\t\t\t<\/a>\r\n<h1>\r\n\t\t\tBENEF\u00cdCIOS\t<\/h1>\r\n\t\t\t\t<img decoding=\"async\" src=\"https:\/\/www.metaflotech.com\/wp-content\/uploads\/2024\/12\/water-reduction.svg\" alt=\"redu\u00e7\u00e3o de \u00e1gua\" itemprop=\"image\" height=\"100\" width=\"100\" title=\"redu\u00e7\u00e3o de \u00e1gua\" onerror=\"this.style.display='none'\" loading='lazy' \/>\r\n\t<h3><b>REDU\u00c7\u00c3O DE \u00c1GUA<\/b><\/h3>\r\n<p>Reduz significativamente a quantidade de \u00e1gua necess\u00e1ria no processo em compara\u00e7\u00e3o com outras t\u00e9cnicas convencionais.<\/p>\r\n\t\t\t\t<img decoding=\"async\" src=\"https:\/\/www.metaflotech.com\/wp-content\/uploads\/2024\/12\/environmentally-safe.svg\" alt=\"ambientalmente seguro\" itemprop=\"image\" height=\"100\" width=\"100\" title=\"ambientalmente seguro\" onerror=\"this.style.display='none'\" loading='lazy' \/>\r\n\t<h3><b>AMBIENTALMENTE SEGURO<\/b><\/h3>\r\n<p>Produzido a partir de algas e livre de contaminantes qu\u00edmicos que possam impactar o meio ambiente.<\/p>\r\n\t\t\t\t<img decoding=\"async\" src=\"https:\/\/www.metaflotech.com\/wp-content\/uploads\/2024\/12\/operational-efficiency.svg\" alt=\"efici\u00eancia operacional\" itemprop=\"image\" height=\"100\" width=\"100\" title=\"efici\u00eancia operacional\" onerror=\"this.style.display='none'\" loading='lazy' \/>\r\n\t<h3><b>EFICI\u00caNCIA OPERACIONAL<\/b><\/h3>\r\n<p>Aplica\u00e7\u00e3o simplificada e sem necessidade de maquin\u00e1rio extra para prazos de constru\u00e7\u00e3o mais r\u00e1pidos.<\/p>\r\n<h2>\r\n\t\t\tEstudos de caso\t<\/h2>\r\n<h3>\r\n\t\t<a href=\"https:\/\/www.metaflotech.com\/wp-content\/uploads\/2025\/07\/SoilTech-Case-Study-1-English-MetaFLO-Technologies.pdf\" title=\"SoilTech impulsiona estabiliza\u00e7\u00e3o sustent\u00e1vel de rodovias\"  target=\"_self\">\r\n\t\t\tSoilTech impulsiona estabiliza\u00e7\u00e3o sustent\u00e1vel de rodovias\t\t<\/a>\r\n\t<\/h3>\r\n\t<p>A solu\u00e7\u00e3o inovadora de estabiliza\u00e7\u00e3o do MetaFLO proporcionou economias de custo essenciais, ganhos de produtividade e benef\u00edcios ambientais para manter um projeto rodovi\u00e1rio de grande escala dentro do cronograma e do or\u00e7amento.<\/p>\r\n<h3>\r\n\t\t<a href=\"https:\/\/www.metaflotech.com\/wp-content\/uploads\/2025\/07\/SoilTech-Case-Study-2-English-MetaFLO-Technologies.pdf\" title=\"SoilTech impulsiona camada de aterro ferrovi\u00e1rio sustent\u00e1vel\"  target=\"_self\">\r\n\t\t\tSoilTech impulsiona camada de aterro ferrovi\u00e1rio sustent\u00e1vel\t\t<\/a>\r\n\t<\/h3>\r\n\t<p>The use of MetaFLO&#8217;s biopolymer resulted in notable cost savings, productivity gains, and environmental benefits for a large-scale railway project by speeding up the stabilization process while cutting down water usage.<\/p>\r\n<h3>\r\n\t\t<a href=\"https:\/\/www.metaflotech.com\/wp-content\/uploads\/2025\/07\/SoilTech-Case-Study-3-English-MetaFLO-Technologies.pdf\" title=\"SoilTech impulsiona estrada sustent\u00e1vel a partir de terra ind\u00edgena\"  target=\"_self\">\r\n\t\t\tSoilTech impulsiona estrada sustent\u00e1vel a partir de terra ind\u00edgena\t\t<\/a>\r\n\t<\/h3>\r\n\t<p>MetaFLO&#8217;s biopolymer quickly turned a potentially hazardous unpaved road into a compact and durable surface while saving time and money.<\/p>","protected":false},"excerpt":{"rendered":"<p>Soil Stabilization Innovative, Sustainable And Cost-Effective Soil Stabilization Issue at a Glance Subgrade regularization and backfill layers must be stable so that infrastructure isn&#8217;t compromised by heavy rains and transportation. In addition, high CBR ground conditions are necessary to reduce maintenance of the surface. Traditional methods to achieve these goals require substantial water usage and&hellip;<\/p>","protected":false},"author":1,"featured_media":0,"parent":73499,"menu_order":0,"comment_status":"closed","ping_status":"closed","template":"","meta":{"_acf_changed":false,"inline_featured_image":false,"footnotes":""},"class_list":["post-115954","page","type-page","status-publish","hentry"],"acf":[],"yoast_head":"<!-- This site is optimized with the Yoast SEO plugin v27.4 - https:\/\/yoast.com\/product\/yoast-seo-wordpress\/ -->\n<title>Soil Stabilization for Unpaved, Gravel and Haul Roads | MetaFLO Technologies<\/title>\n<meta name=\"description\" content=\"MetaFLO provides sustainable biopolymer solutions for soil stabilization on unpaved, gravel and haul roads, improving road durability, trafficability and long-term performance.\" \/>\n<meta name=\"robots\" content=\"index, follow, max-snippet:-1, max-image-preview:large, max-video-preview:-1\" \/>\n<link rel=\"canonical\" href=\"https:\/\/www.metaflotech.com\/pt\/aplicativos\/estabilizacao-do-solo\/\" \/>\n<meta property=\"og:locale\" content=\"pt_BR\" \/>\n<meta property=\"og:type\" content=\"article\" \/>\n<meta property=\"og:title\" content=\"Soil Stabilization for Unpaved, Gravel and Haul Roads | MetaFLO Technologies\" \/>\n<meta property=\"og:description\" content=\"MetaFLO provides sustainable biopolymer solutions for soil stabilization on unpaved, gravel and haul roads, improving road durability, trafficability and long-term performance.\" \/>\n<meta property=\"og:url\" content=\"https:\/\/www.metaflotech.com\/pt\/aplicativos\/estabilizacao-do-solo\/\" \/>\n<meta property=\"og:site_name\" content=\"MetaFLO Technologies\" \/>\n<meta property=\"article:publisher\" content=\"https:\/\/www.facebook.com\/MetaFLOTechnologies\/\" \/>\n<meta property=\"article:modified_time\" content=\"2026-03-12T13:02:13+00:00\" \/>\n<meta property=\"og:image\" content=\"https:\/\/www.metaflotech.com\/wp-content\/uploads\/2024\/12\/scene-construction-site-with-equipment_23-2151317307.jpg\" \/>\n<meta name=\"twitter:card\" content=\"summary_large_image\" \/>\n<meta name=\"twitter:site\" content=\"@metaflo\" \/>\n<meta name=\"twitter:label1\" content=\"Est. tempo de leitura\" \/>\n\t<meta name=\"twitter:data1\" content=\"3 minutos\" \/>\n<script type=\"application\/ld+json\" class=\"yoast-schema-graph\">{\"@context\":\"https:\\\/\\\/schema.org\",\"@graph\":[{\"@type\":\"WebPage\",\"@id\":\"https:\\\/\\\/www.metaflotech.com\\\/pt\\\/applications\\\/soil-stabilization\\\/\",\"url\":\"https:\\\/\\\/www.metaflotech.com\\\/pt\\\/applications\\\/soil-stabilization\\\/\",\"name\":\"Soil Stabilization for Unpaved, Gravel and Haul Roads | MetaFLO Technologies\",\"isPartOf\":{\"@id\":\"https:\\\/\\\/www.metaflotech.com\\\/pt\\\/#website\"},\"primaryImageOfPage\":{\"@id\":\"https:\\\/\\\/www.metaflotech.com\\\/pt\\\/applications\\\/soil-stabilization\\\/#primaryimage\"},\"image\":{\"@id\":\"https:\\\/\\\/www.metaflotech.com\\\/pt\\\/applications\\\/soil-stabilization\\\/#primaryimage\"},\"thumbnailUrl\":\"https:\\\/\\\/www.metaflotech.com\\\/wp-content\\\/uploads\\\/2024\\\/12\\\/scene-construction-site-with-equipment_23-2151317307.jpg\",\"datePublished\":\"2024-12-10T09:58:37+00:00\",\"dateModified\":\"2026-03-12T13:02:13+00:00\",\"description\":\"MetaFLO provides sustainable biopolymer solutions for soil stabilization on unpaved, gravel and haul roads, improving road durability, trafficability and long-term performance.\",\"breadcrumb\":{\"@id\":\"https:\\\/\\\/www.metaflotech.com\\\/pt\\\/applications\\\/soil-stabilization\\\/#breadcrumb\"},\"inLanguage\":\"pt-BR\",\"potentialAction\":[{\"@type\":\"ReadAction\",\"target\":[\"https:\\\/\\\/www.metaflotech.com\\\/pt\\\/applications\\\/soil-stabilization\\\/\"]}]},{\"@type\":\"ImageObject\",\"inLanguage\":\"pt-BR\",\"@id\":\"https:\\\/\\\/www.metaflotech.com\\\/pt\\\/applications\\\/soil-stabilization\\\/#primaryimage\",\"url\":\"https:\\\/\\\/www.metaflotech.com\\\/wp-content\\\/uploads\\\/2024\\\/12\\\/scene-construction-site-with-equipment_23-2151317307.jpg\",\"contentUrl\":\"https:\\\/\\\/www.metaflotech.com\\\/wp-content\\\/uploads\\\/2024\\\/12\\\/scene-construction-site-with-equipment_23-2151317307.jpg\"},{\"@type\":\"BreadcrumbList\",\"@id\":\"https:\\\/\\\/www.metaflotech.com\\\/pt\\\/applications\\\/soil-stabilization\\\/#breadcrumb\",\"itemListElement\":[{\"@type\":\"ListItem\",\"position\":1,\"name\":\"Home\",\"item\":\"https:\\\/\\\/www.metaflotech.com\\\/\"},{\"@type\":\"ListItem\",\"position\":2,\"name\":\"Applications\",\"item\":\"https:\\\/\\\/www.metaflotech.com\\\/applications\\\/\"},{\"@type\":\"ListItem\",\"position\":3,\"name\":\"Soil Stabilization for Unpaved, Gravel and Haul Roads\"}]},{\"@type\":\"WebSite\",\"@id\":\"https:\\\/\\\/www.metaflotech.com\\\/pt\\\/#website\",\"url\":\"https:\\\/\\\/www.metaflotech.com\\\/pt\\\/\",\"name\":\"MetaFLO Technologies\",\"description\":\"Engineered Polymer Solutions For Industrial Applications\",\"potentialAction\":[{\"@type\":\"SearchAction\",\"target\":{\"@type\":\"EntryPoint\",\"urlTemplate\":\"https:\\\/\\\/www.metaflotech.com\\\/pt\\\/?s={search_term_string}\"},\"query-input\":{\"@type\":\"PropertyValueSpecification\",\"valueRequired\":true,\"valueName\":\"search_term_string\"}}],\"inLanguage\":\"pt-BR\"}]}<\/script>\n<!-- \/ Yoast SEO plugin. -->","yoast_head_json":{"title":"Estabiliza\u00e7\u00e3o de Solo Sustent\u00e1vel para Pavimenta\u00e7\u00e3o | MetaFLO","description":"Biopol\u00edmero para estabiliza\u00e7\u00e3o de solos em estradas de terra e n\u00e3o pavimentadas, aplicado em base, sub-base e subleito, aumentando a durabilidade da via e otimizando a terraplenagem.","robots":{"index":"index","follow":"follow","max-snippet":"max-snippet:-1","max-image-preview":"max-image-preview:large","max-video-preview":"max-video-preview:-1"},"canonical":"https:\/\/www.metaflotech.com\/pt\/aplicativos\/estabilizacao-do-solo\/","og_locale":"pt_BR","og_type":"article","og_title":"Soil Stabilization for Unpaved, Gravel and Haul Roads | MetaFLO Technologies","og_description":"MetaFLO provides sustainable biopolymer solutions for soil stabilization on unpaved, gravel and haul roads, improving road durability, trafficability and long-term performance.","og_url":"https:\/\/www.metaflotech.com\/pt\/aplicativos\/estabilizacao-do-solo\/","og_site_name":"MetaFLO Technologies","article_publisher":"https:\/\/www.facebook.com\/MetaFLOTechnologies\/","article_modified_time":"2026-03-12T13:02:13+00:00","og_image":[{"url":"https:\/\/www.metaflotech.com\/wp-content\/uploads\/2024\/12\/scene-construction-site-with-equipment_23-2151317307.jpg","type":"","width":"","height":""}],"twitter_card":"summary_large_image","twitter_site":"@metaflo","twitter_misc":{"Est. tempo de leitura":"3 minutos"},"schema":{"@context":"https:\/\/schema.org","@graph":[{"@type":"WebPage","@id":"https:\/\/www.metaflotech.com\/pt\/applications\/soil-stabilization\/","url":"https:\/\/www.metaflotech.com\/pt\/applications\/soil-stabilization\/","name":"Estabiliza\u00e7\u00e3o de Solo Sustent\u00e1vel para Pavimenta\u00e7\u00e3o | MetaFLO","isPartOf":{"@id":"https:\/\/www.metaflotech.com\/pt\/#website"},"primaryImageOfPage":{"@id":"https:\/\/www.metaflotech.com\/pt\/applications\/soil-stabilization\/#primaryimage"},"image":{"@id":"https:\/\/www.metaflotech.com\/pt\/applications\/soil-stabilization\/#primaryimage"},"thumbnailUrl":"https:\/\/www.metaflotech.com\/wp-content\/uploads\/2024\/12\/scene-construction-site-with-equipment_23-2151317307.jpg","datePublished":"2024-12-10T09:58:37+00:00","dateModified":"2026-03-12T13:02:13+00:00","description":"Biopol\u00edmero para estabiliza\u00e7\u00e3o de solos em estradas de terra e n\u00e3o pavimentadas, aplicado em base, sub-base e subleito, aumentando a durabilidade da via e otimizando a terraplenagem.","breadcrumb":{"@id":"https:\/\/www.metaflotech.com\/pt\/applications\/soil-stabilization\/#breadcrumb"},"inLanguage":"pt-BR","potentialAction":[{"@type":"ReadAction","target":["https:\/\/www.metaflotech.com\/pt\/applications\/soil-stabilization\/"]}]},{"@type":"ImageObject","inLanguage":"pt-BR","@id":"https:\/\/www.metaflotech.com\/pt\/applications\/soil-stabilization\/#primaryimage","url":"https:\/\/www.metaflotech.com\/wp-content\/uploads\/2024\/12\/scene-construction-site-with-equipment_23-2151317307.jpg","contentUrl":"https:\/\/www.metaflotech.com\/wp-content\/uploads\/2024\/12\/scene-construction-site-with-equipment_23-2151317307.jpg"},{"@type":"BreadcrumbList","@id":"https:\/\/www.metaflotech.com\/pt\/applications\/soil-stabilization\/#breadcrumb","itemListElement":[{"@type":"ListItem","position":1,"name":"Home","item":"https:\/\/www.metaflotech.com\/"},{"@type":"ListItem","position":2,"name":"Applications","item":"https:\/\/www.metaflotech.com\/applications\/"},{"@type":"ListItem","position":3,"name":"Soil Stabilization for Unpaved, Gravel and Haul Roads"}]},{"@type":"WebSite","@id":"https:\/\/www.metaflotech.com\/pt\/#website","url":"https:\/\/www.metaflotech.com\/pt\/","name":"MetaFLO Technologies","description":"Solu\u00e7\u00f5es de pol\u00edmeros projetadas para aplica\u00e7\u00f5es industriais","potentialAction":[{"@type":"SearchAction","target":{"@type":"EntryPoint","urlTemplate":"https:\/\/www.metaflotech.com\/pt\/?s={search_term_string}"},"query-input":{"@type":"PropertyValueSpecification","valueRequired":true,"valueName":"search_term_string"}}],"inLanguage":"pt-BR"}]}},"_links":{"self":[{"href":"https:\/\/www.metaflotech.com\/pt\/wp-json\/wp\/v2\/pages\/115954","targetHints":{"allow":["GET"]}}],"collection":[{"href":"https:\/\/www.metaflotech.com\/pt\/wp-json\/wp\/v2\/pages"}],"about":[{"href":"https:\/\/www.metaflotech.com\/pt\/wp-json\/wp\/v2\/types\/page"}],"author":[{"embeddable":true,"href":"https:\/\/www.metaflotech.com\/pt\/wp-json\/wp\/v2\/users\/1"}],"replies":[{"embeddable":true,"href":"https:\/\/www.metaflotech.com\/pt\/wp-json\/wp\/v2\/comments?post=115954"}],"version-history":[{"count":0,"href":"https:\/\/www.metaflotech.com\/pt\/wp-json\/wp\/v2\/pages\/115954\/revisions"}],"up":[{"embeddable":true,"href":"https:\/\/www.metaflotech.com\/pt\/wp-json\/wp\/v2\/pages\/73499"}],"wp:attachment":[{"href":"https:\/\/www.metaflotech.com\/pt\/wp-json\/wp\/v2\/media?parent=115954"}],"curies":[{"name":"wp","href":"https:\/\/api.w.org\/{rel}","templated":true}]}}