{"id":116345,"date":"2024-12-10T11:21:22","date_gmt":"2024-12-10T11:21:22","guid":{"rendered":"https:\/\/www.metaflotech.com\/?page_id=116345"},"modified":"2026-03-12T12:57:08","modified_gmt":"2026-03-12T12:57:08","slug":"supressao-de-poeira","status":"publish","type":"page","link":"https:\/\/www.metaflotech.com\/pt\/applications\/dust-suppression\/","title":{"rendered":"Dust Suppression for Unpaved, Industrial and Mining Roads"},"content":{"rendered":"<img decoding=\"async\" src=\"https:\/\/www.metaflotech.com\/wp-content\/uploads\/2024\/12\/dirt-road-road-works-dust-suppression.jpeg\" alt=\"estrada de terra obras rodovi\u00e1rias supress\u00e3o de poeira\" itemprop=\"image\" height=\"684\" width=\"1024\" onerror=\"this.style.display='none'\" loading='lazy' \/>\r\n\t<h1><strong>Supress\u00e3o de poeira<\/strong><\/h1>\r\n<h2><em>Supress\u00e3o de poeira eficaz e com economia de \u00e1gua<\/em><\/h2>\r\n<h3>\r\n\t\t\tVis\u00e3o geral do problema\t<\/h3>\r\n\t<p>A supress\u00e3o eficaz de poeira est\u00e1 se tornando obrigat\u00f3ria \u00e0 medida que in\u00fameras preocupa\u00e7\u00f5es ambientais e de sa\u00fade associadas ao excesso de part\u00edculas em suspens\u00e3o no ar est\u00e3o sendo levantadas em rela\u00e7\u00e3o \u00e0 qualidade do ar em canteiros de obras, minera\u00e7\u00e3o, escava\u00e7\u00e3o de t\u00faneis, etc.<\/p>\r\n<p>A poeira prejudica o meio ambiente, compromete a sa\u00fade humana, afeta negativamente as comunidades e reduz a produtividade geral dos neg\u00f3cios.<\/p>\r\n<p>Atualmente, os m\u00e9todos tradicionais de supress\u00e3o de poeira exigem grandes quantidades de pulveriza\u00e7\u00e3o de \u00e1gua, o que requer alto consumo de combust\u00edvel e emite quantidades significativas de gases poluentes. <\/p>\r\n<h3>\r\n\t\t\tVis\u00e3o geral do produto MetaFLO\t<\/h3>\r\n\t<p><b>DusTech <\/b>\u00e9 um biopol\u00edmero supressor de poeira projetado para f\u00e1cil aplica\u00e7\u00e3o. Pode ser usado efetivamente em uma variedade de estradas de terra, incluindo estradas de acesso a minas, estradas de explora\u00e7\u00e3o, canteiros de obras, estradas municipais e estradas em aldeias ind\u00edgenas. Tamb\u00e9m pode ser aplicado em dunas de areia e estoques de materiais para reduzir a poeira e controlar a eros\u00e3o causada pelo vento.<\/p>\r\n<p>Quando aplicado, o DusTech melhora a aglutina\u00e7\u00e3o de part\u00edculas, sela a matriz molecular e melhora a qualidade do ar.\u00a0<\/p>\r\n<p>O DusTech requer menos pulveriza\u00e7\u00e3o de \u00e1gua em compara\u00e7\u00e3o aos m\u00e9todos convencionais e, a cada reaplica\u00e7\u00e3o, doses menores do biopol\u00edmero s\u00e3o necess\u00e1rias para garantir a estabilidade da superf\u00edcie.<\/p>\r\n\t\t\t<a href=\"https:\/\/www.metaflotech.com\/pt\/produtos\/biopolimeros\/dustech\/\" target=\"_self\">\r\n\t\t\t\t\t\t\tSAIBA MAIS\r\n\t\t\t\t\t<\/a>\r\n<h1>\r\n\t\t\tCOMO FUNCIONA\t<\/h1>\r\n\t\t\t <p><strong>Usando uma dosagem de 2-3%,<\/strong> o DusTech \u00e9 aplicado diretamente no tanque de \u00e1gua para que possa ser pulverizado em \u00e1reas com part\u00edculas finas de poeira. Pode ser usado efetivamente em qualquer tipo de solo, como argiloso, silte, arenoso, etc. <\/p>\r\n\t\t\t <p>Al\u00e9m do controle de poeira em rodovias, <strong>o DusTech tamb\u00e9m pode ser usado em p\u00e1tios de armazenamento de materiais<\/strong> para garantir que seu material permane\u00e7a no lugar e n\u00e3o atrapalhe o meio ambiente ou as comunidades ao redor. <\/p>\t\t\r\n\t\t\t <p>Ap\u00f3s o tratamento inicial, <strong>a umidade do solo \u00e9 prolongada com o biopol\u00edmero.<\/strong> Al\u00e9m disso, para aplica\u00e7\u00f5es subsequentes, doses cada vez menores s\u00e3o necess\u00e1rias para garantir a estabilidade da superf\u00edcie, pois ele atua residualmente<\/p>\t\t\r\n\t<h1>\r\n\t\t\tBENEF\u00cdCIOS\t<\/h1>\r\n\t\t\t\t<img decoding=\"async\" src=\"https:\/\/www.metaflotech.com\/wp-content\/uploads\/2024\/12\/time-efficiency.svg\" alt=\"efici\u00eancia de tempo\" itemprop=\"image\" height=\"100\" width=\"100\" title=\"efici\u00eancia de tempo\" onerror=\"this.style.display='none'\" loading='lazy' \/>\r\n\t<h3><b>Efici\u00eancia de tempo<\/b><\/h3>\r\n<p>Menos aplica\u00e7\u00f5es em compara\u00e7\u00e3o \u00e0s alternativas padr\u00e3o.<\/p>\r\n\t\t\t\t<img decoding=\"async\" src=\"https:\/\/www.metaflotech.com\/wp-content\/uploads\/2024\/12\/health-and-safety.svg\" alt=\"sa\u00fade e seguran\u00e7a\" itemprop=\"image\" height=\"100\" width=\"100\" title=\"sa\u00fade e seguran\u00e7a\" onerror=\"this.style.display='none'\" loading='lazy' \/>\r\n\t<h3><b>Melhoria da sa\u00fade e seguran\u00e7a<\/b><\/h3>\r\n<p>Capacidades eficazes de supress\u00e3o de poeira, melhorando a seguran\u00e7a nas estradas, aumentando a visibilidade do tr\u00e1fego e melhorando a qualidade do ar para os funcion\u00e1rios, o meio ambiente e as comunidades vizinhas. <\/p>\r\n\t\t\t\t<img decoding=\"async\" src=\"https:\/\/www.metaflotech.com\/wp-content\/uploads\/2024\/12\/cost-saving.svg\" alt=\"economia de custos\" itemprop=\"image\" height=\"100\" width=\"100\" title=\"economia de custos\" onerror=\"this.style.display='none'\" loading='lazy' \/>\r\n\t<h3><b>Custo-efici\u00eancia<\/b><\/h3>\r\n<p>Custos operacionais reduzidos em compara\u00e7\u00e3o com m\u00e9todos tradicionais, como programas de irriga\u00e7\u00e3o.<\/p>\r\n<h2>\r\n\t\t\tEstudos de caso\t<\/h2>\r\n<h3>\r\n\t\t<a href=\"https:\/\/www.metaflotech.com\/wp-content\/uploads\/2025\/07\/DusTech-Case-Study-1-English-MetaFLO-Technologies.pdf\" title=\"DusTech melhora a qualidade do ar e economiza 360.000 litros de \u00e1gua por dia em um canteiro de obras\"  target=\"_self\">\r\n\t\t\tDusTech melhora a qualidade do ar e economiza 360.000 litros de \u00e1gua por dia em um canteiro de obras\t\t<\/a>\r\n\t<\/h3>\r\n\tAs dust suppression becomes mandatory due to health and environmental concerns, MetaFLO&#8217;s fast-acting<br \/>\r\noferece uma solu\u00e7\u00e3o eficiente e de baixo custo para melhorar a qualidade do ar nos canteiros de obras.\r\n<h3>\r\n\t\t<a href=\"https:\/\/www.metaflotech.com\/wp-content\/uploads\/2025\/07\/DusTech-Case-Study-2-English-MetaFLO-Technologies.pdf\" title=\"DusTech melhora a qualidade do ar para uma barragem de minera\u00e7\u00e3o de ouro\"  target=\"_self\">\r\n\t\t\tDusTech melhora a qualidade do ar para uma barragem de minera\u00e7\u00e3o de ouro\t\t<\/a>\r\n\t<\/h3>\r\n\t<p>MetaFLO&#8217;s use of a high-quality dust suppression biopolymer helped a gold mining dam improve air quality to keep workers and communities safe in a rapid and cost-effective way.<\/p>\r\n<h3>\r\n\t\t<a href=\"https:\/\/www.metaflotech.com\/wp-content\/uploads\/2025\/07\/DusTech-Case-Study-3-English-MetaFLO-Technologies.pdf\" title=\"DusTech melhora a qualidade do ar em um canteiro de obras\"  target=\"_self\">\r\n\t\t\tDusTech melhora a qualidade do ar em um canteiro de obras\t\t<\/a>\r\n\t<\/h3>\r\n\t<p>MetaFLO&#8217;s dust suppressant helped a construction site improve air quality through effective dust suppression, helping save costs, increase productivity, and benefit the environment.<\/p>","protected":false},"excerpt":{"rendered":"<p>Dust Suppression Effective and Water-Saving Dust Suppression Issue at a Glance Effective dust suppression is becoming mandatory as numerous health and environmental concerns associated with excessive airborne particulate matter are being raised regarding air quality on construction sites, and in mining, tunneling etc. Dust harms the environment, compromises human health, negatively affects communities and reduces&hellip;<\/p>","protected":false},"author":1,"featured_media":0,"parent":73499,"menu_order":0,"comment_status":"closed","ping_status":"closed","template":"","meta":{"_acf_changed":false,"inline_featured_image":false,"footnotes":""},"class_list":["post-116345","page","type-page","status-publish","hentry"],"acf":[],"yoast_head":"<!-- This site is optimized with the Yoast SEO plugin v27.5 - https:\/\/yoast.com\/product\/yoast-seo-wordpress\/ -->\n<title>Dust Suppression for Unpaved, Industrial and Mining Roads | MetaFLO Technologies<\/title>\n<meta name=\"description\" content=\"DusTech is an advanced biopolymer for dust control on unpaved, gravel, industrial and mining roads, improving air quality, road safety and operational efficiency.\" \/>\n<meta name=\"robots\" content=\"index, follow, max-snippet:-1, max-image-preview:large, max-video-preview:-1\" \/>\n<link rel=\"canonical\" href=\"https:\/\/www.metaflotech.com\/pt\/aplicativos\/supressao-de-poeira\/\" \/>\n<meta property=\"og:locale\" content=\"pt_BR\" \/>\n<meta property=\"og:type\" content=\"article\" \/>\n<meta property=\"og:title\" content=\"Dust Suppression for Unpaved, Industrial and Mining Roads | MetaFLO Technologies\" \/>\n<meta property=\"og:description\" content=\"DusTech is an advanced biopolymer for dust control on unpaved, gravel, industrial and mining roads, improving air quality, road safety and operational efficiency.\" \/>\n<meta property=\"og:url\" content=\"https:\/\/www.metaflotech.com\/pt\/aplicativos\/supressao-de-poeira\/\" \/>\n<meta property=\"og:site_name\" content=\"MetaFLO Technologies\" \/>\n<meta property=\"article:publisher\" content=\"https:\/\/www.facebook.com\/MetaFLOTechnologies\/\" \/>\n<meta property=\"article:modified_time\" content=\"2026-03-12T12:57:08+00:00\" \/>\n<meta property=\"og:image\" content=\"https:\/\/www.metaflotech.com\/wp-content\/uploads\/2024\/12\/dirt-road-road-works-dust-suppression.jpeg\" \/>\n<meta name=\"twitter:card\" content=\"summary_large_image\" \/>\n<meta name=\"twitter:site\" content=\"@metaflo\" \/>\n<meta name=\"twitter:label1\" content=\"Est. tempo de leitura\" \/>\n\t<meta name=\"twitter:data1\" content=\"3 minutos\" \/>\n<script type=\"application\/ld+json\" class=\"yoast-schema-graph\">{\"@context\":\"https:\\\/\\\/schema.org\",\"@graph\":[{\"@type\":\"WebPage\",\"@id\":\"https:\\\/\\\/www.metaflotech.com\\\/pt\\\/applications\\\/dust-suppression\\\/\",\"url\":\"https:\\\/\\\/www.metaflotech.com\\\/pt\\\/applications\\\/dust-suppression\\\/\",\"name\":\"Dust Suppression for Unpaved, Industrial and Mining Roads | MetaFLO Technologies\",\"isPartOf\":{\"@id\":\"https:\\\/\\\/www.metaflotech.com\\\/pt\\\/#website\"},\"primaryImageOfPage\":{\"@id\":\"https:\\\/\\\/www.metaflotech.com\\\/pt\\\/applications\\\/dust-suppression\\\/#primaryimage\"},\"image\":{\"@id\":\"https:\\\/\\\/www.metaflotech.com\\\/pt\\\/applications\\\/dust-suppression\\\/#primaryimage\"},\"thumbnailUrl\":\"https:\\\/\\\/www.metaflotech.com\\\/wp-content\\\/uploads\\\/2024\\\/12\\\/dirt-road-road-works-dust-suppression.jpeg\",\"datePublished\":\"2024-12-10T11:21:22+00:00\",\"dateModified\":\"2026-03-12T12:57:08+00:00\",\"description\":\"DusTech is an advanced biopolymer for dust control on unpaved, gravel, industrial and mining roads, improving air quality, road safety and operational efficiency.\",\"breadcrumb\":{\"@id\":\"https:\\\/\\\/www.metaflotech.com\\\/pt\\\/applications\\\/dust-suppression\\\/#breadcrumb\"},\"inLanguage\":\"pt-BR\",\"potentialAction\":[{\"@type\":\"ReadAction\",\"target\":[\"https:\\\/\\\/www.metaflotech.com\\\/pt\\\/applications\\\/dust-suppression\\\/\"]}]},{\"@type\":\"ImageObject\",\"inLanguage\":\"pt-BR\",\"@id\":\"https:\\\/\\\/www.metaflotech.com\\\/pt\\\/applications\\\/dust-suppression\\\/#primaryimage\",\"url\":\"https:\\\/\\\/www.metaflotech.com\\\/wp-content\\\/uploads\\\/2024\\\/12\\\/dirt-road-road-works-dust-suppression.jpeg\",\"contentUrl\":\"https:\\\/\\\/www.metaflotech.com\\\/wp-content\\\/uploads\\\/2024\\\/12\\\/dirt-road-road-works-dust-suppression.jpeg\"},{\"@type\":\"BreadcrumbList\",\"@id\":\"https:\\\/\\\/www.metaflotech.com\\\/pt\\\/applications\\\/dust-suppression\\\/#breadcrumb\",\"itemListElement\":[{\"@type\":\"ListItem\",\"position\":1,\"name\":\"Home\",\"item\":\"https:\\\/\\\/www.metaflotech.com\\\/\"},{\"@type\":\"ListItem\",\"position\":2,\"name\":\"Applications\",\"item\":\"https:\\\/\\\/www.metaflotech.com\\\/applications\\\/\"},{\"@type\":\"ListItem\",\"position\":3,\"name\":\"Dust Suppression for Unpaved, Industrial and Mining Roads\"}]},{\"@type\":\"WebSite\",\"@id\":\"https:\\\/\\\/www.metaflotech.com\\\/pt\\\/#website\",\"url\":\"https:\\\/\\\/www.metaflotech.com\\\/pt\\\/\",\"name\":\"MetaFLO Technologies\",\"description\":\"Engineered Polymer Solutions For Industrial Applications\",\"potentialAction\":[{\"@type\":\"SearchAction\",\"target\":{\"@type\":\"EntryPoint\",\"urlTemplate\":\"https:\\\/\\\/www.metaflotech.com\\\/pt\\\/?s={search_term_string}\"},\"query-input\":{\"@type\":\"PropertyValueSpecification\",\"valueRequired\":true,\"valueName\":\"search_term_string\"}}],\"inLanguage\":\"pt-BR\"}]}<\/script>\n<!-- \/ Yoast SEO plugin. -->","yoast_head_json":{"title":"Controle de Poeira em Estradas de Terra e Minera\u00e7\u00e3o | MetaFLO","description":"Biopol\u00edmero para controle de poeira em estradas de terra, vias industriais e de minera\u00e7\u00e3o, melhorando a qualidade do ar, a visibilidade e a seguran\u00e7a operacional.","robots":{"index":"index","follow":"follow","max-snippet":"max-snippet:-1","max-image-preview":"max-image-preview:large","max-video-preview":"max-video-preview:-1"},"canonical":"https:\/\/www.metaflotech.com\/pt\/aplicativos\/supressao-de-poeira\/","og_locale":"pt_BR","og_type":"article","og_title":"Dust Suppression for Unpaved, Industrial and Mining Roads | MetaFLO Technologies","og_description":"DusTech is an advanced biopolymer for dust control on unpaved, gravel, industrial and mining roads, improving air quality, road safety and operational efficiency.","og_url":"https:\/\/www.metaflotech.com\/pt\/aplicativos\/supressao-de-poeira\/","og_site_name":"MetaFLO Technologies","article_publisher":"https:\/\/www.facebook.com\/MetaFLOTechnologies\/","article_modified_time":"2026-03-12T12:57:08+00:00","og_image":[{"url":"https:\/\/www.metaflotech.com\/wp-content\/uploads\/2024\/12\/dirt-road-road-works-dust-suppression.jpeg","type":"","width":"","height":""}],"twitter_card":"summary_large_image","twitter_site":"@metaflo","twitter_misc":{"Est. tempo de leitura":"3 minutos"},"schema":{"@context":"https:\/\/schema.org","@graph":[{"@type":"WebPage","@id":"https:\/\/www.metaflotech.com\/pt\/applications\/dust-suppression\/","url":"https:\/\/www.metaflotech.com\/pt\/applications\/dust-suppression\/","name":"Controle de Poeira em Estradas de Terra e Minera\u00e7\u00e3o | MetaFLO","isPartOf":{"@id":"https:\/\/www.metaflotech.com\/pt\/#website"},"primaryImageOfPage":{"@id":"https:\/\/www.metaflotech.com\/pt\/applications\/dust-suppression\/#primaryimage"},"image":{"@id":"https:\/\/www.metaflotech.com\/pt\/applications\/dust-suppression\/#primaryimage"},"thumbnailUrl":"https:\/\/www.metaflotech.com\/wp-content\/uploads\/2024\/12\/dirt-road-road-works-dust-suppression.jpeg","datePublished":"2024-12-10T11:21:22+00:00","dateModified":"2026-03-12T12:57:08+00:00","description":"Biopol\u00edmero para controle de poeira em estradas de terra, vias industriais e de minera\u00e7\u00e3o, melhorando a qualidade do ar, a visibilidade e a seguran\u00e7a operacional.","breadcrumb":{"@id":"https:\/\/www.metaflotech.com\/pt\/applications\/dust-suppression\/#breadcrumb"},"inLanguage":"pt-BR","potentialAction":[{"@type":"ReadAction","target":["https:\/\/www.metaflotech.com\/pt\/applications\/dust-suppression\/"]}]},{"@type":"ImageObject","inLanguage":"pt-BR","@id":"https:\/\/www.metaflotech.com\/pt\/applications\/dust-suppression\/#primaryimage","url":"https:\/\/www.metaflotech.com\/wp-content\/uploads\/2024\/12\/dirt-road-road-works-dust-suppression.jpeg","contentUrl":"https:\/\/www.metaflotech.com\/wp-content\/uploads\/2024\/12\/dirt-road-road-works-dust-suppression.jpeg"},{"@type":"BreadcrumbList","@id":"https:\/\/www.metaflotech.com\/pt\/applications\/dust-suppression\/#breadcrumb","itemListElement":[{"@type":"ListItem","position":1,"name":"Home","item":"https:\/\/www.metaflotech.com\/"},{"@type":"ListItem","position":2,"name":"Applications","item":"https:\/\/www.metaflotech.com\/applications\/"},{"@type":"ListItem","position":3,"name":"Dust Suppression for Unpaved, Industrial and Mining Roads"}]},{"@type":"WebSite","@id":"https:\/\/www.metaflotech.com\/pt\/#website","url":"https:\/\/www.metaflotech.com\/pt\/","name":"MetaFLO Technologies","description":"Solu\u00e7\u00f5es de pol\u00edmeros projetadas para aplica\u00e7\u00f5es industriais","potentialAction":[{"@type":"SearchAction","target":{"@type":"EntryPoint","urlTemplate":"https:\/\/www.metaflotech.com\/pt\/?s={search_term_string}"},"query-input":{"@type":"PropertyValueSpecification","valueRequired":true,"valueName":"search_term_string"}}],"inLanguage":"pt-BR"}]}},"_links":{"self":[{"href":"https:\/\/www.metaflotech.com\/pt\/wp-json\/wp\/v2\/pages\/116345","targetHints":{"allow":["GET"]}}],"collection":[{"href":"https:\/\/www.metaflotech.com\/pt\/wp-json\/wp\/v2\/pages"}],"about":[{"href":"https:\/\/www.metaflotech.com\/pt\/wp-json\/wp\/v2\/types\/page"}],"author":[{"embeddable":true,"href":"https:\/\/www.metaflotech.com\/pt\/wp-json\/wp\/v2\/users\/1"}],"replies":[{"embeddable":true,"href":"https:\/\/www.metaflotech.com\/pt\/wp-json\/wp\/v2\/comments?post=116345"}],"version-history":[{"count":0,"href":"https:\/\/www.metaflotech.com\/pt\/wp-json\/wp\/v2\/pages\/116345\/revisions"}],"up":[{"embeddable":true,"href":"https:\/\/www.metaflotech.com\/pt\/wp-json\/wp\/v2\/pages\/73499"}],"wp:attachment":[{"href":"https:\/\/www.metaflotech.com\/pt\/wp-json\/wp\/v2\/media?parent=116345"}],"curies":[{"name":"wp","href":"https:\/\/api.w.org\/{rel}","templated":true}]}}