{"id":116352,"date":"2024-12-10T11:22:47","date_gmt":"2024-12-10T11:22:47","guid":{"rendered":"https:\/\/www.metaflotech.com\/?page_id=116352"},"modified":"2026-03-12T12:55:06","modified_gmt":"2026-03-12T12:55:06","slug":"tratamento-de-agua-contaminada","status":"publish","type":"page","link":"https:\/\/www.metaflotech.com\/pt\/applications\/contaminated-water-treatment\/","title":{"rendered":"Contaminated Water Treatment for Mining and Industrial Operations"},"content":{"rendered":"<img decoding=\"async\" src=\"https:\/\/www.metaflotech.com\/wp-content\/uploads\/2024\/12\/researcher-holds-test-tube-with-water-hand-blue-glove_8353-7164.jpg\" alt=\"pesquisador-holds-test-tube-with-water-hand-blue-glove_8353-7164\" itemprop=\"image\" height=\"1200\" width=\"1800\" title=\"pesquisador-holds-test-tube-with-water-hand-blue-glove_8353-7164\" onerror=\"this.style.display='none'\" loading='lazy' \/>\r\n\t<h1><strong>Tratamento de \u00c1gua<br \/>\r\nContaminada<\/strong><\/h1>\r\n<h2><em>Solu\u00e7\u00e3o avan\u00e7ada para \u00e1gua mais limpa<\/em><\/h2>\r\n<h3>\r\n\t\t\tVis\u00e3o geral do problema\t<\/h3>\r\n\t<p>\u00c1gua contaminada apresenta riscos ambientais e desafios regulat\u00f3rios. M\u00e9todos tradicionais de descontamina\u00e7\u00e3o podem ser lentos e demandar altos volumes de aditivos.<\/p>\r\n<h3>\r\n\t\t\tVis\u00e3o geral do produto MetaFLO\t<\/h3>\r\n\t<p><strong>RemTech<\/strong> \u00e9 nossa solu\u00e7\u00e3o especializada em tratamento de \u00e1gua, projetada para fixar efetivamente contaminantes como metais pesados \u200b\u200be hidrocarbonetos.<\/p>\r\n<p>Com suas formula\u00e7\u00f5es personaliz\u00e1veis, a RemTech garante um tratamento direcionado e eficiente, permitindo que as opera\u00e7\u00f5es de petr\u00f3leo e minera\u00e7\u00e3o atendam aos requisitos regulat\u00f3rios e protejam os ecossistemas circundantes.<\/p>\r\n\t\t\t<a href=\"https:\/\/www.metaflotech.com\/pt\/produtos\/biopolimeros\/remtech\/\" download target=\"_self\">\r\n\t\t\t\t\t\t\tSAIBA MAIS\r\n\t\t\t\t\t<\/a>\r\n<h1>\r\n\t\t\tCOMO FUNCIONA\t<\/h1>\r\n\t\t\t <p>O <strong>aditivo ecol\u00f3gico<\/strong> \u00e9 um agente de oxida\u00e7\u00e3o alcalino formulado para atuar em v\u00e1rios cen\u00e1rios de contamina\u00e7\u00e3o, incluindo \u00e1gua impactada por metais pesados \u200b\u200be hidrocarbonetos, lama residual contaminada e lagoas de rejeitos de minera\u00e7\u00e3o contendo cianeto.<\/p>\t\t\r\n\t\t\t <p>Ao alavancar a precipita\u00e7\u00e3o de metais pesados \u200b\u200bpor meio de troca i\u00f4nica, <strong>a RemTech efetivamente elimina v\u00e1rios metais pesados \u200b\u200bsimultaneamente. <\/strong>Este processo n\u00e3o apenas melhora o meio ambiente, mas tamb\u00e9m fornece a oportunidade de reutilizar \u00e1gua em processos industriais, contribuindo para opera\u00e7\u00f5es mais sustent\u00e1veis.<\/p>\t\t\r\n\t<h1>\r\n\t\t\tBENEF\u00cdCIOS\t<\/h1>\r\n\t\t\t\t<img decoding=\"async\" src=\"https:\/\/www.metaflotech.com\/wp-content\/uploads\/2024\/12\/compliance.svg\" alt=\"conformidade\" itemprop=\"image\" height=\"100\" width=\"100\" title=\"conformidade\" onerror=\"this.style.display='none'\" loading='lazy' \/>\r\n\t<h3><b>Garantia de conformidade<\/b><\/h3>\r\n<p>Atender e superar as normas ambientais.<\/p>\r\n\t\t\t\t<img decoding=\"async\" src=\"https:\/\/www.metaflotech.com\/wp-content\/uploads\/2024\/12\/cost-saving.svg\" alt=\"economia de custos\" itemprop=\"image\" height=\"100\" width=\"100\" title=\"economia de custos\" onerror=\"this.style.display='none'\" loading='lazy' \/>\r\n\t<h3><b>Custo-efetivo<\/b><\/h3>\r\n<p>Reduz a necessidade de agentes alcalinizantes adicionais e o tempo de remedia\u00e7\u00e3o.<\/p>\r\n\t\t\t\t<img decoding=\"async\" src=\"https:\/\/www.metaflotech.com\/wp-content\/uploads\/2024\/12\/environmentally-safe.svg\" alt=\"ambientalmente seguro\" itemprop=\"image\" height=\"100\" width=\"100\" title=\"ambientalmente seguro\" onerror=\"this.style.display='none'\" loading='lazy' \/>\r\n\t<h3><b>Seguran\u00e7a Ambiental<\/b><\/h3>\r\n<p>Derivado de algas marinhas, o RemTech \u00e9 uma solu\u00e7\u00e3o ecologicamente correta.<\/p>\r\n<h2>\r\n\t\t\tEstudos de caso\t<\/h2>\r\n<h3>\r\n\t\t<a href=\"https:\/\/www.metaflotech.com\/wp-content\/uploads\/2025\/07\/RemTech-Case-Study-1-English-MetaFLO-Technologies.pdf\" title=\"RemTech trata metais pesados \u200b\u200bsimultaneamente para efluentes de lixivia\u00e7\u00e3o de ouro\"  target=\"_self\">\r\n\t\t\tRemTech trata metais pesados \u200b\u200bsimultaneamente para efluentes de lixivia\u00e7\u00e3o de ouro\t\t<\/a>\r\n\t<\/h3>\r\n\t<p>O biopol\u00edmero da MetaFLO proporciona uma remedia\u00e7\u00e3o avan\u00e7ada e bioamig\u00e1vel de \u00e1gua contaminada, como efluentes, ajudando as empresas a economizar custos, aumentar a produtividade e proteger o meio ambiente.<\/p>\r\n<h3>\r\n\t\t<a href=\"https:\/\/www.metaflotech.com\/wp-content\/uploads\/2025\/07\/RemTech-Case-Study-2-English-MetaFLO-Technologies-1.pdf\" title=\"RemTech trata hidrocarbonetos para efluentes industriais de petr\u00f3leo\"  target=\"_self\">\r\n\t\t\tRemTech trata hidrocarbonetos para efluentes industriais de petr\u00f3leo\t\t<\/a>\r\n\t<\/h3>\r\n\t<p>O estudo da MetaFLO revela uma economia de custos inigual\u00e1vel, ganhos de produtividade e benef\u00edcios ambientais para o tratamento de hidrocarbonetos em um efluente.<\/p>","protected":false},"excerpt":{"rendered":"<p>TRATAMENTO DE \u00c1GUA CONTAMINADA Solu\u00e7\u00e3o avan\u00e7ada para \u00e1gua mais limpa Resumo da quest\u00e3o A \u00e1gua contaminada apresenta riscos ambientais e desafios regulat\u00f3rios. Os m\u00e9todos tradicionais de descontamina\u00e7\u00e3o podem ser lentos e exigem grandes volumes de aditivos. Vis\u00e3o geral do produto da MetaFLO O RemTech \u00e9 a nossa solu\u00e7\u00e3o especializada de tratamento de \u00e1gua, projetada para fixar com efic\u00e1cia contaminantes como metais pesados e hidrocarbonetos. Com...<\/p>","protected":false},"author":1,"featured_media":0,"parent":73499,"menu_order":0,"comment_status":"closed","ping_status":"closed","template":"","meta":{"_acf_changed":false,"inline_featured_image":false,"footnotes":""},"class_list":["post-116352","page","type-page","status-publish","hentry"],"acf":[],"yoast_head":"<!-- This site is optimized with the Yoast SEO plugin v27.5 - https:\/\/yoast.com\/product\/yoast-seo-wordpress\/ -->\n<title>Contaminated Water Treatment for Mining and Industrial Operations | MetaFLO Technologies<\/title>\n<meta name=\"description\" content=\"MetaFLO provides advanced biopolymer solutions for contaminated water treatment, removing metals and hydrocarbons while supporting safer environmental and industrial operations.\" \/>\n<meta name=\"robots\" content=\"index, follow, max-snippet:-1, max-image-preview:large, max-video-preview:-1\" \/>\n<link rel=\"canonical\" href=\"https:\/\/www.metaflotech.com\/pt\/aplicativos\/tratamento-de-agua-contaminada\/\" \/>\n<meta property=\"og:locale\" content=\"pt_BR\" \/>\n<meta property=\"og:type\" content=\"article\" \/>\n<meta property=\"og:title\" content=\"Contaminated Water Treatment for Mining and Industrial Operations | MetaFLO Technologies\" \/>\n<meta property=\"og:description\" content=\"MetaFLO provides advanced biopolymer solutions for contaminated water treatment, removing metals and hydrocarbons while supporting safer environmental and industrial operations.\" \/>\n<meta property=\"og:url\" content=\"https:\/\/www.metaflotech.com\/pt\/aplicativos\/tratamento-de-agua-contaminada\/\" \/>\n<meta property=\"og:site_name\" content=\"MetaFLO Technologies\" \/>\n<meta property=\"article:publisher\" content=\"https:\/\/www.facebook.com\/MetaFLOTechnologies\/\" \/>\n<meta property=\"article:modified_time\" content=\"2026-03-12T12:55:06+00:00\" \/>\n<meta property=\"og:image\" content=\"https:\/\/www.metaflotech.com\/wp-content\/uploads\/2024\/12\/researcher-holds-test-tube-with-water-hand-blue-glove_8353-7164.jpg\" \/>\n<meta name=\"twitter:card\" content=\"summary_large_image\" \/>\n<meta name=\"twitter:site\" content=\"@metaflo\" \/>\n<meta name=\"twitter:label1\" content=\"Est. tempo de leitura\" \/>\n\t<meta name=\"twitter:data1\" content=\"2 minutos\" \/>\n<script type=\"application\/ld+json\" class=\"yoast-schema-graph\">{\"@context\":\"https:\\\/\\\/schema.org\",\"@graph\":[{\"@type\":\"WebPage\",\"@id\":\"https:\\\/\\\/www.metaflotech.com\\\/pt\\\/applications\\\/contaminated-water-treatment\\\/\",\"url\":\"https:\\\/\\\/www.metaflotech.com\\\/pt\\\/applications\\\/contaminated-water-treatment\\\/\",\"name\":\"Contaminated Water Treatment for Mining and Industrial Operations | MetaFLO Technologies\",\"isPartOf\":{\"@id\":\"https:\\\/\\\/www.metaflotech.com\\\/pt\\\/#website\"},\"primaryImageOfPage\":{\"@id\":\"https:\\\/\\\/www.metaflotech.com\\\/pt\\\/applications\\\/contaminated-water-treatment\\\/#primaryimage\"},\"image\":{\"@id\":\"https:\\\/\\\/www.metaflotech.com\\\/pt\\\/applications\\\/contaminated-water-treatment\\\/#primaryimage\"},\"thumbnailUrl\":\"https:\\\/\\\/www.metaflotech.com\\\/wp-content\\\/uploads\\\/2024\\\/12\\\/researcher-holds-test-tube-with-water-hand-blue-glove_8353-7164.jpg\",\"datePublished\":\"2024-12-10T11:22:47+00:00\",\"dateModified\":\"2026-03-12T12:55:06+00:00\",\"description\":\"MetaFLO provides advanced biopolymer solutions for contaminated water treatment, removing metals and hydrocarbons while supporting safer environmental and industrial operations.\",\"breadcrumb\":{\"@id\":\"https:\\\/\\\/www.metaflotech.com\\\/pt\\\/applications\\\/contaminated-water-treatment\\\/#breadcrumb\"},\"inLanguage\":\"pt-BR\",\"potentialAction\":[{\"@type\":\"ReadAction\",\"target\":[\"https:\\\/\\\/www.metaflotech.com\\\/pt\\\/applications\\\/contaminated-water-treatment\\\/\"]}]},{\"@type\":\"ImageObject\",\"inLanguage\":\"pt-BR\",\"@id\":\"https:\\\/\\\/www.metaflotech.com\\\/pt\\\/applications\\\/contaminated-water-treatment\\\/#primaryimage\",\"url\":\"https:\\\/\\\/www.metaflotech.com\\\/wp-content\\\/uploads\\\/2024\\\/12\\\/researcher-holds-test-tube-with-water-hand-blue-glove_8353-7164.jpg\",\"contentUrl\":\"https:\\\/\\\/www.metaflotech.com\\\/wp-content\\\/uploads\\\/2024\\\/12\\\/researcher-holds-test-tube-with-water-hand-blue-glove_8353-7164.jpg\"},{\"@type\":\"BreadcrumbList\",\"@id\":\"https:\\\/\\\/www.metaflotech.com\\\/pt\\\/applications\\\/contaminated-water-treatment\\\/#breadcrumb\",\"itemListElement\":[{\"@type\":\"ListItem\",\"position\":1,\"name\":\"Home\",\"item\":\"https:\\\/\\\/www.metaflotech.com\\\/\"},{\"@type\":\"ListItem\",\"position\":2,\"name\":\"Applications\",\"item\":\"https:\\\/\\\/www.metaflotech.com\\\/applications\\\/\"},{\"@type\":\"ListItem\",\"position\":3,\"name\":\"Contaminated Water Treatment for Mining and Industrial Operations\"}]},{\"@type\":\"WebSite\",\"@id\":\"https:\\\/\\\/www.metaflotech.com\\\/pt\\\/#website\",\"url\":\"https:\\\/\\\/www.metaflotech.com\\\/pt\\\/\",\"name\":\"MetaFLO Technologies\",\"description\":\"Engineered Polymer Solutions For Industrial Applications\",\"potentialAction\":[{\"@type\":\"SearchAction\",\"target\":{\"@type\":\"EntryPoint\",\"urlTemplate\":\"https:\\\/\\\/www.metaflotech.com\\\/pt\\\/?s={search_term_string}\"},\"query-input\":{\"@type\":\"PropertyValueSpecification\",\"valueRequired\":true,\"valueName\":\"search_term_string\"}}],\"inLanguage\":\"pt-BR\"}]}<\/script>\n<!-- \/ Yoast SEO plugin. -->","yoast_head_json":{"title":"Tratamento de efluentes industriais e \u00e1gua contaminada | MetaFLO","description":"Biopol\u00edmero sustent\u00e1vel para tratamento de \u00e1gua contaminada e efluentes, removendo metais e hidrocarbonetos e apoiando opera\u00e7\u00f5es industriais mais seguras.","robots":{"index":"index","follow":"follow","max-snippet":"max-snippet:-1","max-image-preview":"max-image-preview:large","max-video-preview":"max-video-preview:-1"},"canonical":"https:\/\/www.metaflotech.com\/pt\/aplicativos\/tratamento-de-agua-contaminada\/","og_locale":"pt_BR","og_type":"article","og_title":"Contaminated Water Treatment for Mining and Industrial Operations | MetaFLO Technologies","og_description":"MetaFLO provides advanced biopolymer solutions for contaminated water treatment, removing metals and hydrocarbons while supporting safer environmental and industrial operations.","og_url":"https:\/\/www.metaflotech.com\/pt\/aplicativos\/tratamento-de-agua-contaminada\/","og_site_name":"MetaFLO Technologies","article_publisher":"https:\/\/www.facebook.com\/MetaFLOTechnologies\/","article_modified_time":"2026-03-12T12:55:06+00:00","og_image":[{"url":"https:\/\/www.metaflotech.com\/wp-content\/uploads\/2024\/12\/researcher-holds-test-tube-with-water-hand-blue-glove_8353-7164.jpg","type":"","width":"","height":""}],"twitter_card":"summary_large_image","twitter_site":"@metaflo","twitter_misc":{"Est. tempo de leitura":"2 minutos"},"schema":{"@context":"https:\/\/schema.org","@graph":[{"@type":"WebPage","@id":"https:\/\/www.metaflotech.com\/pt\/applications\/contaminated-water-treatment\/","url":"https:\/\/www.metaflotech.com\/pt\/applications\/contaminated-water-treatment\/","name":"Tratamento de efluentes industriais e \u00e1gua contaminada | MetaFLO","isPartOf":{"@id":"https:\/\/www.metaflotech.com\/pt\/#website"},"primaryImageOfPage":{"@id":"https:\/\/www.metaflotech.com\/pt\/applications\/contaminated-water-treatment\/#primaryimage"},"image":{"@id":"https:\/\/www.metaflotech.com\/pt\/applications\/contaminated-water-treatment\/#primaryimage"},"thumbnailUrl":"https:\/\/www.metaflotech.com\/wp-content\/uploads\/2024\/12\/researcher-holds-test-tube-with-water-hand-blue-glove_8353-7164.jpg","datePublished":"2024-12-10T11:22:47+00:00","dateModified":"2026-03-12T12:55:06+00:00","description":"Biopol\u00edmero sustent\u00e1vel para tratamento de \u00e1gua contaminada e efluentes, removendo metais e hidrocarbonetos e apoiando opera\u00e7\u00f5es industriais mais seguras.","breadcrumb":{"@id":"https:\/\/www.metaflotech.com\/pt\/applications\/contaminated-water-treatment\/#breadcrumb"},"inLanguage":"pt-BR","potentialAction":[{"@type":"ReadAction","target":["https:\/\/www.metaflotech.com\/pt\/applications\/contaminated-water-treatment\/"]}]},{"@type":"ImageObject","inLanguage":"pt-BR","@id":"https:\/\/www.metaflotech.com\/pt\/applications\/contaminated-water-treatment\/#primaryimage","url":"https:\/\/www.metaflotech.com\/wp-content\/uploads\/2024\/12\/researcher-holds-test-tube-with-water-hand-blue-glove_8353-7164.jpg","contentUrl":"https:\/\/www.metaflotech.com\/wp-content\/uploads\/2024\/12\/researcher-holds-test-tube-with-water-hand-blue-glove_8353-7164.jpg"},{"@type":"BreadcrumbList","@id":"https:\/\/www.metaflotech.com\/pt\/applications\/contaminated-water-treatment\/#breadcrumb","itemListElement":[{"@type":"ListItem","position":1,"name":"Home","item":"https:\/\/www.metaflotech.com\/"},{"@type":"ListItem","position":2,"name":"Applications","item":"https:\/\/www.metaflotech.com\/applications\/"},{"@type":"ListItem","position":3,"name":"Contaminated Water Treatment for Mining and Industrial Operations"}]},{"@type":"WebSite","@id":"https:\/\/www.metaflotech.com\/pt\/#website","url":"https:\/\/www.metaflotech.com\/pt\/","name":"MetaFLO Technologies","description":"Solu\u00e7\u00f5es de pol\u00edmeros projetadas para aplica\u00e7\u00f5es industriais","potentialAction":[{"@type":"SearchAction","target":{"@type":"EntryPoint","urlTemplate":"https:\/\/www.metaflotech.com\/pt\/?s={search_term_string}"},"query-input":{"@type":"PropertyValueSpecification","valueRequired":true,"valueName":"search_term_string"}}],"inLanguage":"pt-BR"}]}},"_links":{"self":[{"href":"https:\/\/www.metaflotech.com\/pt\/wp-json\/wp\/v2\/pages\/116352","targetHints":{"allow":["GET"]}}],"collection":[{"href":"https:\/\/www.metaflotech.com\/pt\/wp-json\/wp\/v2\/pages"}],"about":[{"href":"https:\/\/www.metaflotech.com\/pt\/wp-json\/wp\/v2\/types\/page"}],"author":[{"embeddable":true,"href":"https:\/\/www.metaflotech.com\/pt\/wp-json\/wp\/v2\/users\/1"}],"replies":[{"embeddable":true,"href":"https:\/\/www.metaflotech.com\/pt\/wp-json\/wp\/v2\/comments?post=116352"}],"version-history":[{"count":0,"href":"https:\/\/www.metaflotech.com\/pt\/wp-json\/wp\/v2\/pages\/116352\/revisions"}],"up":[{"embeddable":true,"href":"https:\/\/www.metaflotech.com\/pt\/wp-json\/wp\/v2\/pages\/73499"}],"wp:attachment":[{"href":"https:\/\/www.metaflotech.com\/pt\/wp-json\/wp\/v2\/media?parent=116352"}],"curies":[{"name":"wp","href":"https:\/\/api.w.org\/{rel}","templated":true}]}}