{"id":120576,"date":"2024-12-25T09:09:38","date_gmt":"2024-12-25T09:09:38","guid":{"rendered":"https:\/\/www.metaflotech.com\/?page_id=120576"},"modified":"2026-03-12T13:16:22","modified_gmt":"2026-03-12T13:16:22","slug":"abertura-de-tuneis-e-perfuracao","status":"publish","type":"page","link":"https:\/\/www.metaflotech.com\/pt\/industries\/tunneling-and-drilling\/","title":{"rendered":"Tunneling and Drilling Sludge Solidification"},"content":{"rendered":"<h1><strong>T\u00faneis e Perfura\u00e7\u00e3o<\/strong><\/h1>\r\n<h2>\r\n\t\t\tDesafios\t<\/h2>\r\n\t<h3><b>Log\u00edstico<\/b><\/h3>\r\n\t\t\t <h4>Os rejeitos do t\u00fanel EPB-TBM, na forma l\u00edquida, s\u00e3o dif\u00edceis e caros de gerenciar para descarte.<\/h4>\t\t\r\n\t\t\t <h4>A movimenta\u00e7\u00e3o de grandes volumes de res\u00edduos l\u00edquidos exige equipamentos especializados, como caminh\u00f5es a v\u00e1cuo, o que aumenta os custos operacionais e a complexidade.<\/h4>\t\t\r\n\t\t\t <h4>Aumenta o risco de derramamentos durante o transporte, causando contamina\u00e7\u00e3o e responsabilidades de limpeza.<\/h4>\t\t\r\n\t\t\t <h4>Tanto a perfura\u00e7\u00e3o horizontal (HDD) quanto a vertical geram grandes quantidades de res\u00edduos de t\u00faneis que precisam ser descartados de forma econ\u00f4mica e em conformidade com as regulamenta\u00e7\u00f5es.<\/h4>\t\t\r\n\t\t\t\t<img decoding=\"async\" src=\"https:\/\/www.metaflotech.com\/wp-content\/uploads\/2025\/02\/Tunneling-1.svg\" alt=\"Tunelamento 1\" itemprop=\"image\" height=\"844\" width=\"3859\" title=\"Tunelamento 1\" onerror=\"this.style.display='none'\" loading='lazy' \/>\r\n\t<h3><strong>Res\u00edduos L\u00edquidos<\/strong><\/h3>\r\n\t\t\t <h4>Res\u00edduos l\u00edquidos exigem conten\u00e7\u00e3o segura no local, o que pode ser dif\u00edcil de gerenciar em espa\u00e7os urbanos ou confinados.<\/h4>\t\t\r\n\t\t\t <h4>Res\u00edduos l\u00edquidos n\u00e3o tratados podem lixiviar e contaminar \u00e1guas subterr\u00e2neas e superficiais.<\/h4>\t\t\r\n\t\t\t <h4>O tratamento de res\u00edduos l\u00edquidos sem solidifica\u00e7\u00e3o requer processos de desidrata\u00e7\u00e3o complexos e demorados, o que pode retardar o progresso da escava\u00e7\u00e3o.<\/h4>\t\t\r\n\t\t\t <h4>O manuseio inadequado de res\u00edduos l\u00edquidos pode resultar em lit\u00edgios, multas regulat\u00f3rias e danos \u00e0 reputa\u00e7\u00e3o, colocando em risco contratos futuros.<\/h4>\t\t\r\n\t<h3><strong>Agentes de granel<\/strong><\/h3>\r\n\t\t\t <h4>Serragem, cal e cimento podem ser usados \u200b\u200bpara solidificar res\u00edduos \u00famidos em s\u00f3lidos, no entanto, esse m\u00e9todo pode aumentar os volumes de descarte em at\u00e9 300%, o que significa que os caminh\u00f5es basculantes t\u00eam mais para transportar e criam uma carga maior de res\u00edduos no local de descarte final.<\/h4>\t\t\r\n\t\t\t\t<img decoding=\"async\" src=\"https:\/\/www.metaflotech.com\/wp-content\/uploads\/2025\/02\/Tunneling-2.svg\" alt=\"Tunelamento 2\" itemprop=\"image\" height=\"846\" width=\"3838\" title=\"Tunelamento 2\" onerror=\"this.style.display='none'\" loading='lazy' \/>\r\n<h2>\r\n\t\t\tSolu\u00e7\u00e3o da MetaFLO\t<\/h2>\r\n\t<p><strong>Nossos reagentes de solidifica\u00e7\u00e3o n\u00e3o t\u00f3xicos e inertes* convertem os res\u00edduos de perfura\u00e7\u00e3o e escava\u00e7\u00e3o de t\u00faneis em um s\u00f3lido gerenci\u00e1vel, no local, em minutos. O res\u00edduo solidificado pode ent\u00e3o passar nos testes de Slump e Paint Filter, e normalmente requer uma dose inferior a 1,0% wt\/wt.<\/strong><\/p>\r\n<p>A lama solidificada \u00e9 transferida para caminh\u00f5es basculantes para ser transportada diretamente para o local de disposi\u00e7\u00e3o final. Ela reduz riscos, diminui custos operacionais e promove uma abordagem de gerenciamento de res\u00edduos mais segura e sustent\u00e1vel em projetos de constru\u00e7\u00e3o de t\u00faneis.<\/p>\r\n<p><em>*A classifica\u00e7\u00e3o do produto pode diferir entre as jurisdi\u00e7\u00f5es de diferentes pa\u00edses.<\/em><\/p>\r\n\t\t\t\t<a href=\"https:\/\/www.metaflotech.com\/pt\/produtos\/reagentes-de-solidificacao\/mf003\/\"  target=\"_blank\" rel=\"noopener\"  itemprop=\"url\">\r\n\t\t\t\t<img decoding=\"async\" src=\"https:\/\/www.metaflotech.com\/wp-content\/uploads\/2024\/03\/Logo-MF003.svg\" alt=\"Logotipo MF003\" itemprop=\"image\" height=\"100\" width=\"100\" title=\"Logotipo MF003\" onerror=\"this.style.display='none'\" loading='lazy' \/>\r\n\t\t\t\t<\/a>\r\n\t\t\t\t<a href=\"https:\/\/www.metaflotech.com\/pt\/produtos\/reagentes-de-solidificacao\/mf006\/\"  target=\"_blank\" rel=\"noopener\"  itemprop=\"url\">\r\n\t\t\t\t<img decoding=\"async\" src=\"https:\/\/www.metaflotech.com\/wp-content\/uploads\/2024\/03\/Logo-MF006.svg\" alt=\"Logotipo MF006\" itemprop=\"image\" height=\"100\" width=\"100\" title=\"Logotipo MF006\" onerror=\"this.style.display='none'\" loading='lazy' \/>\r\n\t\t\t\t<\/a>\r\n\t\t\t\t<img decoding=\"async\" src=\"https:\/\/www.metaflotech.com\/wp-content\/uploads\/2025\/02\/Tunneling-Drilling.png\" alt=\"Perfura\u00e7\u00e3o e abertura de t\u00faneis\" itemprop=\"image\" height=\"529\" width=\"2122\" title=\"Perfura\u00e7\u00e3o e abertura de t\u00faneis\" onerror=\"this.style.display='none'\" loading='lazy' \/>\r\n<h2>\r\n\t\t\tPor que a solidifica\u00e7\u00e3o \u00e9 essencial?\t<\/h2>\r\n\t<p><strong>A solidifica\u00e7\u00e3o de res\u00edduos l\u00edquidos de tunelamento os transforma em um s\u00f3lido gerenci\u00e1vel, simplificando o transporte, o descarte e a conformidade regulat\u00f3ria. Isso reduz riscos, diminui custos operacionais e promove uma abordagem de gerenciamento de res\u00edduos mais segura e sustent\u00e1vel em projetos de tunelamento.<\/strong><\/p>\r\n\t\t\t\t<img decoding=\"async\" src=\"https:\/\/www.metaflotech.com\/wp-content\/uploads\/2025\/02\/tunneling-before-and-after-PT.webp\" alt=\"Tunelamento 4\" itemprop=\"image\" height=\"1064\" width=\"2390\" title=\"Tunelamento 4\" onerror=\"this.style.display='none'\" loading='lazy' \/>\r\n\t\t\t\t<img decoding=\"async\" src=\"https:\/\/www.metaflotech.com\/wp-content\/uploads\/2025\/01\/Method-PT.svg\" alt=\"M\u00e9todo-EN\" itemprop=\"image\" height=\"100\" width=\"100\" title=\"M\u00e9todo-EN\" onerror=\"this.style.display='none'\" loading='lazy' \/>\r\n<h2>\r\n\t\t\tEstudos de caso\t<\/h2>\r\n<h3>\r\n\t\t<a href=\"https:\/\/www.metaflotech.com\/wp-content\/uploads\/2024\/12\/MF006-Case-Study-1_-Tunneling-English-MetaFLO-Technologies.pdf\" title=\"Revolutionizing Waste Management for Toronto's Crosstown Subway\"  target=\"_self\">\r\n\t\t\tRevolutionizing Waste Management for Toronto&#8217;s Crosstown Subway\t\t<\/a>\r\n\t<\/h3>\r\n\t<p>MetaFLO&#8217;s solidification solution slashes transportation costs and meets stringent urban regulatory standards, supporting a sustainable transit infrastructure in one of Canada&#8217;s busiest cities.<\/p>\r\n\t\t\t\t<img decoding=\"async\" src=\"https:\/\/www.metaflotech.com\/wp-content\/uploads\/2024\/10\/icon-transport-w.png\" alt=\"\u00edcone de transporte w\" itemprop=\"image\" height=\"311\" width=\"311\" title=\"\u00edcone de transporte w\" onerror=\"this.style.display='none'\" loading='lazy' \/>\r\n\t<h3><b>Reduzir significativamente os custos de transporte<\/b><\/h3>\r\n\t\t\t\t<img decoding=\"async\" src=\"https:\/\/www.metaflotech.com\/wp-content\/uploads\/2024\/10\/icon-ecology-w.png\" alt=\"\u00edcone ecologia w\" itemprop=\"image\" height=\"311\" width=\"311\" title=\"\u00edcone ecologia w\" onerror=\"this.style.display='none'\" loading='lazy' \/>\r\n\t<h3><b>Minimizar os riscos ambientais e de seguran\u00e7a<\/b><\/h3>\r\n\t\t\t\t<img decoding=\"async\" src=\"https:\/\/www.metaflotech.com\/wp-content\/uploads\/2024\/10\/icon-savings-w.png\" alt=\"\u00edcone de economia w\" itemprop=\"image\" height=\"311\" width=\"311\" title=\"\u00edcone de economia w\" onerror=\"this.style.display='none'\" loading='lazy' \/>\r\n\t<h3><b>Gerenciamento de res\u00edduos sustent\u00e1vel e eficiente<\/b><\/h3>","protected":false},"excerpt":{"rendered":"<p>Tunneling &amp; Drilling Challenges Logistical EPB-TBM tunnel spoils as a liquid are difficult and costly to manage for disposal. Moving large volumes of liquid waste requires specialized equipment like vacuum trucks, which increases operational costs and complexities. Increases risk of spills during transport, causing contamination and cleanup liabilities. Both Horizontal (HDD) and Vertical Drilling generate&hellip;<\/p>","protected":false},"author":1,"featured_media":0,"parent":120582,"menu_order":0,"comment_status":"closed","ping_status":"closed","template":"","meta":{"_acf_changed":false,"inline_featured_image":false,"footnotes":""},"class_list":["post-120576","page","type-page","status-publish","hentry"],"acf":[],"yoast_head":"<!-- This site is optimized with the Yoast SEO plugin v27.5 - https:\/\/yoast.com\/product\/yoast-seo-wordpress\/ -->\n<title>Tunneling and Drilling Sludge Solidification | MetaFLO Technologies<\/title>\n<meta name=\"description\" content=\"MetaFLO solutions for tunneling and drilling enable efficient spoil solidification for safer transport and disposal.\" \/>\n<meta name=\"robots\" content=\"index, follow, max-snippet:-1, max-image-preview:large, max-video-preview:-1\" \/>\n<link rel=\"canonical\" href=\"https:\/\/www.metaflotech.com\/pt\/setores\/abertura-de-tuneis-e-perfuracao\/\" \/>\n<meta property=\"og:locale\" content=\"pt_BR\" \/>\n<meta property=\"og:type\" content=\"article\" \/>\n<meta property=\"og:title\" content=\"Tunneling and Drilling Sludge Solidification | MetaFLO Technologies\" \/>\n<meta property=\"og:description\" content=\"MetaFLO solutions for tunneling and drilling enable efficient spoil solidification for safer transport and disposal.\" \/>\n<meta property=\"og:url\" content=\"https:\/\/www.metaflotech.com\/pt\/setores\/abertura-de-tuneis-e-perfuracao\/\" \/>\n<meta property=\"og:site_name\" content=\"MetaFLO Technologies\" \/>\n<meta property=\"article:publisher\" content=\"https:\/\/www.facebook.com\/MetaFLOTechnologies\/\" \/>\n<meta property=\"article:modified_time\" content=\"2026-03-12T13:16:22+00:00\" \/>\n<meta property=\"og:image\" content=\"https:\/\/www.metaflotech.com\/wp-content\/uploads\/2025\/02\/Tunneling-1.svg\" \/>\n<meta name=\"twitter:card\" content=\"summary_large_image\" \/>\n<meta name=\"twitter:site\" content=\"@metaflo\" \/>\n<meta name=\"twitter:label1\" content=\"Est. tempo de leitura\" \/>\n\t<meta name=\"twitter:data1\" content=\"4 minutos\" \/>\n<script type=\"application\/ld+json\" class=\"yoast-schema-graph\">{\"@context\":\"https:\\\/\\\/schema.org\",\"@graph\":[{\"@type\":\"WebPage\",\"@id\":\"https:\\\/\\\/www.metaflotech.com\\\/pt\\\/industries\\\/tunneling-and-drilling\\\/\",\"url\":\"https:\\\/\\\/www.metaflotech.com\\\/pt\\\/industries\\\/tunneling-and-drilling\\\/\",\"name\":\"Tunneling and Drilling Sludge Solidification | MetaFLO Technologies\",\"isPartOf\":{\"@id\":\"https:\\\/\\\/www.metaflotech.com\\\/pt\\\/#website\"},\"primaryImageOfPage\":{\"@id\":\"https:\\\/\\\/www.metaflotech.com\\\/pt\\\/industries\\\/tunneling-and-drilling\\\/#primaryimage\"},\"image\":{\"@id\":\"https:\\\/\\\/www.metaflotech.com\\\/pt\\\/industries\\\/tunneling-and-drilling\\\/#primaryimage\"},\"thumbnailUrl\":\"https:\\\/\\\/www.metaflotech.com\\\/wp-content\\\/uploads\\\/2025\\\/02\\\/Tunneling-1.svg\",\"datePublished\":\"2024-12-25T09:09:38+00:00\",\"dateModified\":\"2026-03-12T13:16:22+00:00\",\"description\":\"MetaFLO solutions for tunneling and drilling enable efficient spoil solidification for safer transport and disposal.\",\"breadcrumb\":{\"@id\":\"https:\\\/\\\/www.metaflotech.com\\\/pt\\\/industries\\\/tunneling-and-drilling\\\/#breadcrumb\"},\"inLanguage\":\"pt-BR\",\"potentialAction\":[{\"@type\":\"ReadAction\",\"target\":[\"https:\\\/\\\/www.metaflotech.com\\\/pt\\\/industries\\\/tunneling-and-drilling\\\/\"]}]},{\"@type\":\"ImageObject\",\"inLanguage\":\"pt-BR\",\"@id\":\"https:\\\/\\\/www.metaflotech.com\\\/pt\\\/industries\\\/tunneling-and-drilling\\\/#primaryimage\",\"url\":\"https:\\\/\\\/www.metaflotech.com\\\/wp-content\\\/uploads\\\/2025\\\/02\\\/Tunneling-1.svg\",\"contentUrl\":\"https:\\\/\\\/www.metaflotech.com\\\/wp-content\\\/uploads\\\/2025\\\/02\\\/Tunneling-1.svg\"},{\"@type\":\"BreadcrumbList\",\"@id\":\"https:\\\/\\\/www.metaflotech.com\\\/pt\\\/industries\\\/tunneling-and-drilling\\\/#breadcrumb\",\"itemListElement\":[{\"@type\":\"ListItem\",\"position\":1,\"name\":\"Home\",\"item\":\"https:\\\/\\\/www.metaflotech.com\\\/\"},{\"@type\":\"ListItem\",\"position\":2,\"name\":\"Industries\",\"item\":\"https:\\\/\\\/www.metaflotech.com\\\/industries\\\/\"},{\"@type\":\"ListItem\",\"position\":3,\"name\":\"Tunneling and Drilling Sludge Solidification\"}]},{\"@type\":\"WebSite\",\"@id\":\"https:\\\/\\\/www.metaflotech.com\\\/pt\\\/#website\",\"url\":\"https:\\\/\\\/www.metaflotech.com\\\/pt\\\/\",\"name\":\"MetaFLO Technologies\",\"description\":\"Engineered Polymer Solutions For Industrial Applications\",\"potentialAction\":[{\"@type\":\"SearchAction\",\"target\":{\"@type\":\"EntryPoint\",\"urlTemplate\":\"https:\\\/\\\/www.metaflotech.com\\\/pt\\\/?s={search_term_string}\"},\"query-input\":{\"@type\":\"PropertyValueSpecification\",\"valueRequired\":true,\"valueName\":\"search_term_string\"}}],\"inLanguage\":\"pt-BR\"}]}<\/script>\n<!-- \/ Yoast SEO plugin. -->","yoast_head_json":{"title":"Solidifica\u00e7\u00e3o de Lama e Rejeitos de Tunelamento e Perfura\u00e7\u00e3o | MetaFLO","description":"As solu\u00e7\u00f5es MetaFLO para gest\u00e3o de res\u00edduos de escava\u00e7\u00e3o de t\u00faneis e perfura\u00e7\u00e3o permitem a solidifica\u00e7\u00e3o eficiente de lama e rejeitos, garantindo transporte e descarte mais seguros.","robots":{"index":"index","follow":"follow","max-snippet":"max-snippet:-1","max-image-preview":"max-image-preview:large","max-video-preview":"max-video-preview:-1"},"canonical":"https:\/\/www.metaflotech.com\/pt\/setores\/abertura-de-tuneis-e-perfuracao\/","og_locale":"pt_BR","og_type":"article","og_title":"Tunneling and Drilling Sludge Solidification | MetaFLO Technologies","og_description":"MetaFLO solutions for tunneling and drilling enable efficient spoil solidification for safer transport and disposal.","og_url":"https:\/\/www.metaflotech.com\/pt\/setores\/abertura-de-tuneis-e-perfuracao\/","og_site_name":"MetaFLO Technologies","article_publisher":"https:\/\/www.facebook.com\/MetaFLOTechnologies\/","article_modified_time":"2026-03-12T13:16:22+00:00","og_image":[{"url":"https:\/\/www.metaflotech.com\/wp-content\/uploads\/2025\/02\/Tunneling-1.svg","type":"","width":"","height":""}],"twitter_card":"summary_large_image","twitter_site":"@metaflo","twitter_misc":{"Est. tempo de leitura":"4 minutos"},"schema":{"@context":"https:\/\/schema.org","@graph":[{"@type":"WebPage","@id":"https:\/\/www.metaflotech.com\/pt\/industries\/tunneling-and-drilling\/","url":"https:\/\/www.metaflotech.com\/pt\/industries\/tunneling-and-drilling\/","name":"Solidifica\u00e7\u00e3o de Lama e Rejeitos de Tunelamento e Perfura\u00e7\u00e3o | MetaFLO","isPartOf":{"@id":"https:\/\/www.metaflotech.com\/pt\/#website"},"primaryImageOfPage":{"@id":"https:\/\/www.metaflotech.com\/pt\/industries\/tunneling-and-drilling\/#primaryimage"},"image":{"@id":"https:\/\/www.metaflotech.com\/pt\/industries\/tunneling-and-drilling\/#primaryimage"},"thumbnailUrl":"https:\/\/www.metaflotech.com\/wp-content\/uploads\/2025\/02\/Tunneling-1.svg","datePublished":"2024-12-25T09:09:38+00:00","dateModified":"2026-03-12T13:16:22+00:00","description":"As solu\u00e7\u00f5es MetaFLO para gest\u00e3o de res\u00edduos de escava\u00e7\u00e3o de t\u00faneis e perfura\u00e7\u00e3o permitem a solidifica\u00e7\u00e3o eficiente de lama e rejeitos, garantindo transporte e descarte mais seguros.","breadcrumb":{"@id":"https:\/\/www.metaflotech.com\/pt\/industries\/tunneling-and-drilling\/#breadcrumb"},"inLanguage":"pt-BR","potentialAction":[{"@type":"ReadAction","target":["https:\/\/www.metaflotech.com\/pt\/industries\/tunneling-and-drilling\/"]}]},{"@type":"ImageObject","inLanguage":"pt-BR","@id":"https:\/\/www.metaflotech.com\/pt\/industries\/tunneling-and-drilling\/#primaryimage","url":"https:\/\/www.metaflotech.com\/wp-content\/uploads\/2025\/02\/Tunneling-1.svg","contentUrl":"https:\/\/www.metaflotech.com\/wp-content\/uploads\/2025\/02\/Tunneling-1.svg"},{"@type":"BreadcrumbList","@id":"https:\/\/www.metaflotech.com\/pt\/industries\/tunneling-and-drilling\/#breadcrumb","itemListElement":[{"@type":"ListItem","position":1,"name":"Home","item":"https:\/\/www.metaflotech.com\/"},{"@type":"ListItem","position":2,"name":"Industries","item":"https:\/\/www.metaflotech.com\/industries\/"},{"@type":"ListItem","position":3,"name":"Tunneling and Drilling Sludge Solidification"}]},{"@type":"WebSite","@id":"https:\/\/www.metaflotech.com\/pt\/#website","url":"https:\/\/www.metaflotech.com\/pt\/","name":"MetaFLO Technologies","description":"Solu\u00e7\u00f5es de pol\u00edmeros projetadas para aplica\u00e7\u00f5es industriais","potentialAction":[{"@type":"SearchAction","target":{"@type":"EntryPoint","urlTemplate":"https:\/\/www.metaflotech.com\/pt\/?s={search_term_string}"},"query-input":{"@type":"PropertyValueSpecification","valueRequired":true,"valueName":"search_term_string"}}],"inLanguage":"pt-BR"}]}},"_links":{"self":[{"href":"https:\/\/www.metaflotech.com\/pt\/wp-json\/wp\/v2\/pages\/120576","targetHints":{"allow":["GET"]}}],"collection":[{"href":"https:\/\/www.metaflotech.com\/pt\/wp-json\/wp\/v2\/pages"}],"about":[{"href":"https:\/\/www.metaflotech.com\/pt\/wp-json\/wp\/v2\/types\/page"}],"author":[{"embeddable":true,"href":"https:\/\/www.metaflotech.com\/pt\/wp-json\/wp\/v2\/users\/1"}],"replies":[{"embeddable":true,"href":"https:\/\/www.metaflotech.com\/pt\/wp-json\/wp\/v2\/comments?post=120576"}],"version-history":[{"count":0,"href":"https:\/\/www.metaflotech.com\/pt\/wp-json\/wp\/v2\/pages\/120576\/revisions"}],"up":[{"embeddable":true,"href":"https:\/\/www.metaflotech.com\/pt\/wp-json\/wp\/v2\/pages\/120582"}],"wp:attachment":[{"href":"https:\/\/www.metaflotech.com\/pt\/wp-json\/wp\/v2\/media?parent=120576"}],"curies":[{"name":"wp","href":"https:\/\/api.w.org\/{rel}","templated":true}]}}