{"id":120698,"date":"2024-12-25T09:50:31","date_gmt":"2024-12-25T09:50:31","guid":{"rendered":"https:\/\/www.metaflotech.com\/?page_id=120698"},"modified":"2026-03-12T13:20:36","modified_gmt":"2026-03-12T13:20:36","slug":"mineracao","status":"publish","type":"page","link":"https:\/\/www.metaflotech.com\/pt\/industries\/mining\/","title":{"rendered":"Mining Solutions for Haul Roads, Metal Recovery and Dust Control"},"content":{"rendered":"<h1><strong>Minera\u00e7\u00e3o<\/strong><\/h1>\r\n<h2>\r\n\t\t\tDesafios\t<\/h2>\r\n\t<h3><strong>As empresas de minera\u00e7\u00e3o enfrentam uma s\u00e9rie de desafios em suas opera\u00e7\u00f5es, incluindo:<\/strong><\/h3>\r\n\t\t\t <h4>Tratamento de \u00e1gua contaminada.<\/h4>\t\t\r\n\t\t\t <h4>Manuten\u00e7\u00e3o de estradas de acesso e transporte.<\/h4>\t\t\r\n\t\t\t <h4>Controle de poeira.<\/h4>\t\t\r\n\t\t\t <h4>Aumento do rendimento de corpos de min\u00e9rio refrat\u00e1rios sem grandes despesas de capital.<\/h4>\t\t\r\n\t\t\t <h4>Gest\u00e3o respons\u00e1vel de cianeto e outros produtos qu\u00edmicos.<\/h4>\t\t\r\n\t\t\t <h4>Solidifica\u00e7\u00e3o de grandes volumes de lodos e lamas.<\/h4>\t\t\r\n\t\t\t <h4>Criando reutiliza\u00e7\u00e3o ben\u00e9fica para res\u00edduos est\u00e9reis.<\/h4>\t\t\r\n\t\t\t\t<img decoding=\"async\" src=\"https:\/\/www.metaflotech.com\/wp-content\/uploads\/2025\/02\/Mining-1.svg\" alt=\"Minera\u00e7\u00e3o 1\" itemprop=\"image\" height=\"843\" width=\"3859\" title=\"Minera\u00e7\u00e3o 1\" onerror=\"this.style.display='none'\" loading=\"lazy\" \/>\r\n\t<h3><strong>Despojos molhados<\/strong><\/h3>\r\n\t\t\t <h4>Grandes volumes de res\u00edduos \u00famidos gerados muitas vezes podem ser dif\u00edceis e caros de descartar.<\/h4>\t\t\r\n\t\t\t <h4>O descarte de res\u00edduos \u00famidos geralmente requer caminh\u00f5es a v\u00e1cuo especializados para transportar os res\u00edduos l\u00edquidos at\u00e9 uma esta\u00e7\u00e3o de transfer\u00eancia.<\/h4>\t\t\r\n\t\t\t <h4>Serragem, cal e cimento podem ser usados \u200b\u200bpara solidificar res\u00edduos \u00famidos em s\u00f3lidos, no entanto, esse m\u00e9todo pode aumentar os volumes de descarte em at\u00e9 300%, o que significa que os caminh\u00f5es basculantes t\u00eam mais para transportar e criam uma carga maior de res\u00edduos no local de descarte final.<\/h4>\t\t\r\n\t\t\t\t<img decoding=\"async\" src=\"https:\/\/www.metaflotech.com\/wp-content\/uploads\/2025\/02\/Energy-Utilities-4.svg\" alt=\"Servi\u00e7os de energia 4\" itemprop=\"image\" height=\"847\" width=\"3838\" title=\"Servi\u00e7os de energia 4\" onerror=\"this.style.display='none'\" loading=\"lazy\" \/>\r\n\t\t\t\t<a href=\"https:\/\/www.metaflotech.com\/pt\/produtos\/reagentes-de-solidificacao\/mf003\/\"  target=\"_blank\" rel=\"noopener\"  itemprop=\"url\">\r\n\t\t\t\t<img decoding=\"async\" src=\"https:\/\/www.metaflotech.com\/wp-content\/uploads\/2024\/03\/Logo-MF003.svg\" alt=\"Logotipo MF003\" itemprop=\"image\" height=\"100\" width=\"100\" title=\"Logotipo MF003\" onerror=\"this.style.display='none'\" loading=\"lazy\" \/>\r\n\t\t\t\t<\/a>\r\n<h2>\r\n\t\t\tSOLU\u00c7\u00c3O DA METAFLO\t<\/h2>\r\n\t\t\t <h4>O reagente de solidifica\u00e7\u00e3o n\u00e3o t\u00f3xico e inerte* absorve rapidamente \u00e1gua, \u00f3leo e graxa para solidificar a pasta no local em menos de uma hora.<\/h4>\t\t\r\n\t\t\t <h4>Uma vez solidificados, os res\u00edduos podem passar no Teste de Filtro de Tinta (PFT).<\/h4>\t\t\r\n\t\t\t <h4>O lodo solidificado \u00e9 transportado diretamente para o local de disposi\u00e7\u00e3o final, reduzindo os custos de transporte e descarte e melhorando a seguran\u00e7a e a conformidade regulat\u00f3ria.<\/h4>\t\t\r\n\t<p><em>*A classifica\u00e7\u00e3o do produto pode diferir entre as jurisdi\u00e7\u00f5es de diferentes pa\u00edses.<\/em><\/p>\r\n\t\t\t\t<img decoding=\"async\" src=\"https:\/\/www.metaflotech.com\/wp-content\/uploads\/2024\/10\/Reagents-Hero.png\" alt=\"Her\u00f3i dos reagentes\" itemprop=\"image\" height=\"449\" width=\"800\" onerror=\"this.style.display='none'\" loading=\"lazy\" \/>\r\n\t\t\t\t<img decoding=\"async\" src=\"https:\/\/www.metaflotech.com\/wp-content\/uploads\/2025\/02\/Mining-2.svg\" alt=\"Minera\u00e7\u00e3o 2\" itemprop=\"image\" height=\"1861\" width=\"1718\" title=\"Minera\u00e7\u00e3o 2\" onerror=\"this.style.display='none'\" loading=\"lazy\" \/>\r\n<h2>\r\n\t\t\tDesafios\t<\/h2>\r\n\t<h3><strong>Estabiliza\u00e7\u00e3o de Estradas de Transporte<\/strong><\/h3>\r\n\t\t\t <h4>Estradas de transporte podem sofrer danos estruturais devido \u00e0 passagem di\u00e1ria de ve\u00edculos pesados, exigindo, consequentemente, manuten\u00e7\u00e3o frequente.<\/h4>\t\t\r\n\t<h3><strong>Poeira no ar<\/strong><\/h3>\r\n\t\t\t <h4>O excesso de part\u00edculas de poeira no ar causadas por processos de minera\u00e7\u00e3o tem se tornado cada vez mais uma preocupa\u00e7\u00e3o ambiental e de sa\u00fade.<\/h4>\t\t\r\n\t\t\t <h4>A poeira prejudica o meio ambiente, compromete a sa\u00fade humana, afeta negativamente as comunidades e reduz a produtividade geral dos neg\u00f3cios.<\/h4>\t\t\r\n\t\t\t <h4>Os m\u00e9todos tradicionais de supress\u00e3o de poeira geralmente exigem grandes quantidades de \u00e1gua, o que \u00e9 caro tanto em termos log\u00edsticos quanto ambientais.<\/h4>\t\t\r\n\t\t\t\t<img decoding=\"async\" src=\"https:\/\/www.metaflotech.com\/wp-content\/uploads\/2025\/02\/Roads-3.svg\" alt=\"Estradas 3\" itemprop=\"image\" height=\"843\" width=\"3859\" title=\"Estradas 3\" onerror=\"this.style.display='none'\" loading=\"lazy\" \/>\r\n\t\t\t\t<a href=\"https:\/\/www.metaflotech.com\/pt\/produtos\/biopolimeros\/soiltech\/\"  target=\"_blank\" rel=\"noopener\"  itemprop=\"url\">\r\n\t\t\t\t<img decoding=\"async\" src=\"https:\/\/www.metaflotech.com\/wp-content\/uploads\/2025\/07\/Logo-3.svg\" alt=\"Logotipo\" itemprop=\"image\" height=\"100\" width=\"100\" title=\"Logotipo\" onerror=\"this.style.display='none'\" loading=\"lazy\" \/>\r\n\t\t\t\t<\/a>\r\n\t\t\t\t<a href=\"https:\/\/www.metaflotech.com\/pt\/produtos\/biopolimeros\/dustech\/\"  target=\"_blank\" rel=\"noopener\"  itemprop=\"url\">\r\n\t\t\t\t<img decoding=\"async\" src=\"https:\/\/www.metaflotech.com\/wp-content\/uploads\/2025\/07\/Logo-5.svg\" alt=\"Logotipo\" itemprop=\"image\" height=\"100\" width=\"100\" title=\"Logotipo\" onerror=\"this.style.display='none'\" loading=\"lazy\" \/>\r\n\t\t\t\t<\/a>\r\n\t\t\t\t<img decoding=\"async\" src=\"https:\/\/www.metaflotech.com\/wp-content\/uploads\/2025\/02\/Roads-2.svg\" alt=\"Estradas 2\" itemprop=\"image\" height=\"1860\" width=\"1712\" title=\"Estradas 2\" onerror=\"this.style.display='none'\" loading=\"lazy\" \/>\r\n<h2>\r\n\t\t\tSolu\u00e7\u00e3o da MetaFLO\t<\/h2>\r\n\t\t\t <h4>O SoilTech atua como um estabilizador\/aglutinante qu\u00edmico no solo, proporcionando maior densidade de massa, melhor compacta\u00e7\u00e3o, melhores propriedades mec\u00e2nicas, melhor estabiliza\u00e7\u00e3o de camadas e melhor impermeabilidade.<\/h4>\t\t\r\n\t\t\t <h4>F\u00e1cil de aplicar adicionando uma dosagem m\u00ednima aos seus caminh\u00f5es-pipa existentes. Exigindo muito menos \u00e1gua do que os m\u00e9todos tradicionais.<\/h4>\t\t\r\n\t\t\t <h4>Ambientalmente seguro e livre de contaminantes qu\u00edmicos.<\/h4>\t\t\r\n\t\t\t\t<img decoding=\"async\" src=\"https:\/\/www.metaflotech.com\/wp-content\/uploads\/2024\/10\/Biopolymer-Hero-2.png\" alt=\"Her\u00f3i de biopol\u00edmero 2\" itemprop=\"image\" height=\"447\" width=\"800\" onerror=\"this.style.display='none'\" loading=\"lazy\" \/>\r\n<h2>\r\n\t\t\tDesafios\t<\/h2>\r\n\t\t\t <h4>Efluentes contaminados de opera\u00e7\u00f5es de minera\u00e7\u00e3o geralmente cont\u00eam altas concentra\u00e7\u00f5es de metais e hidrocarbonetos, gerando desafios ambientais e de conformidade.<\/h4>\t\t\r\n\t\t\t <h4>\u00c1guas residuais contaminadas podem n\u00e3o atender aos padr\u00f5es regulat\u00f3rios para descarte ou reutiliza\u00e7\u00e3o.<\/h4>\t\t\r\n\t\t\t\t<img decoding=\"async\" src=\"https:\/\/www.metaflotech.com\/wp-content\/uploads\/2024\/12\/Fracking-before-and-after-remediation-with-MetaFLO-RemTech.png\" alt=\"Remedia\u00e7\u00e3o de Fracking\" itemprop=\"image\" height=\"702\" width=\"728\" onerror=\"this.style.display='none'\" loading=\"lazy\" \/>\r\n\t\t\t\t<a href=\"https:\/\/www.metaflotech.com\/pt\/produtos\/remtech\/\"  target=\"_blank\" rel=\"noopener\"  itemprop=\"url\">\r\n\t\t\t\t<img decoding=\"async\" src=\"https:\/\/www.metaflotech.com\/wp-content\/uploads\/2025\/07\/Logo.svg\" alt=\"Logotipo\" itemprop=\"image\" height=\"100\" width=\"100\" title=\"Logotipo\" onerror=\"this.style.display='none'\" loading=\"lazy\" \/>\r\n\t\t\t\t<\/a>\r\n<h2>\r\n\t\t\tSOLU\u00c7\u00c3O DA METAFLO\t<\/h2>\r\n\t\t\t <h4>Solu\u00e7\u00e3o ecol\u00f3gica feita de algas com potencial para tratar hidrocarbonetos e metais simultaneamente em \u00e1gua contaminada.<\/h4>\t\t\r\n\t\t\t <h4>Como um super oxidante, o Remtech atua rapidamente na rea\u00e7\u00e3o e permite que a \u00e1gua tratada seja reutilizada. Al\u00e9m disso, \u00e9 livre de contaminantes qu\u00edmicos.<\/h4>\t\t\r\n\t\t\t <h4>Utilizado como agente alcalinizante, pode ser aplicado ao processo existente e dosado diretamente na \u00e1gua, pois possui alta solubilidade.<\/h4>\t\t\r\n\t\t\t\t<img decoding=\"async\" src=\"https:\/\/www.metaflotech.com\/wp-content\/uploads\/2025\/02\/Mining-5.svg\" alt=\"Minera\u00e7\u00e3o 5\" itemprop=\"image\" height=\"847\" width=\"2960\" title=\"Minera\u00e7\u00e3o 5\" onerror=\"this.style.display='none'\" loading=\"lazy\" \/>\r\n<h2>\r\n\t\t\tDesafios\t<\/h2>\r\n\t<h3><strong>Aumento da produtividade da extra\u00e7\u00e3o de min\u00e9rio refrat\u00e1rio<\/strong><\/h3>\r\n\t\t\t <h4>O processo de lixivia\u00e7\u00e3o de ouro com cianeto \u00e9 conhecido por causar grandes problemas ambientais e de sa\u00fade humana. A cianeta\u00e7\u00e3o do ouro, como esse processo \u00e9 chamado, \u00e9 usada para extrair ouro do min\u00e9rio bruto retirado do solo. O cianeto dissolve o ouro dentro do min\u00e9rio, extraindo-o em forma l\u00edquida.<\/h4>\t\t\r\n\t\t\t <h4>O ouro \u00e9 tratado para remover o cianeto ao qual foi exposto, mas a extra\u00e7\u00e3o eficiente de min\u00e9rios refrat\u00e1rios \u00e9 mais dif\u00edcil.<\/h4>\t\t\r\n\t<h2>\r\n\t\t\tSOLU\u00c7\u00c3O DA METAFLO\t<\/h2>\r\n\t<h3><strong>ExtracTech \u00e9 um aditivo biopol\u00edmero ecologicamente correto para o processo de extra\u00e7\u00e3o de ouro. Ele atua como um aditivo para o processo de concentra\u00e7\u00e3o e pode ser adicionado diretamente a tanques de cianeta\u00e7\u00e3o ou pilhas de lixivia\u00e7\u00e3o.<\/strong><\/h3>\r\n\t\t\t <h4>O ExtracTech, como um superoxidante, realiza rea\u00e7\u00f5es qu\u00edmicas com metais de alto ORP, deixando o metal de interesse mais exposto para reagir mais facilmente com o cianeto no processo de lixivia\u00e7\u00e3o.<\/h4>\t\t\r\n\t\t\t <h4>O biopol\u00edmero aumenta a cin\u00e9tica da rea\u00e7\u00e3o, promovendo um processo mais eficiente de recupera\u00e7\u00e3o de metal do min\u00e9rio refrat\u00e1rio.<\/h4>\t\t\r\n\t\t\t <h4>Sem a necessidade de equipamentos adicionais, permite um processo mais limpo, produzindo rejeitos com menores n\u00edveis de toxicidade e reduz o consumo de cianeto.<\/h4>\t\t\r\n\t\t\t\t<a href=\"https:\/\/www.metaflotech.com\/pt\/produtos\/tecnologia-de-extracao\/\"  target=\"_blank\" rel=\"noopener\"  itemprop=\"url\">\r\n\t\t\t\t<img decoding=\"async\" src=\"https:\/\/www.metaflotech.com\/wp-content\/uploads\/2025\/07\/Logo-4.svg\" alt=\"Logotipo\" itemprop=\"image\" height=\"100\" width=\"100\" title=\"Logotipo\" onerror=\"this.style.display='none'\" loading=\"lazy\" \/>\r\n\t\t\t\t<\/a>\r\n\t\t\t\t<img decoding=\"async\" src=\"https:\/\/www.metaflotech.com\/wp-content\/uploads\/2024\/10\/Biopolymer-Hero.png\" alt=\"Her\u00f3i do biopol\u00edmero\" itemprop=\"image\" height=\"447\" width=\"800\" onerror=\"this.style.display='none'\" loading=\"lazy\" \/>\r\n<h2>\r\n\t\t\tEstudos de caso\t<\/h2>\r\n<h3>\r\n\t\t<a href=\"https:\/\/www.metaflotech.com\/wp-content\/uploads\/2024\/12\/MF006-Case-Study-4-English-MetaFLO-Technologies.pdf\" title=\"Solidifica\u00e7\u00e3o sustent\u00e1vel de lodo para opera\u00e7\u00f5es de minera\u00e7\u00e3o remotas\"  target=\"_self\">\r\n\t\t\tSolidifica\u00e7\u00e3o sustent\u00e1vel de lodo para opera\u00e7\u00f5es de minera\u00e7\u00e3o remotas\t\t<\/a>\r\n\t<\/h3>\r\n\t<p>MetaFLO&#8217;s technology enables safe, cost-effective sludge disposal for Vale&#8217;s Northern Ontario operations, supporting sustainable mining practices in a challenging environment.<\/p>\r\n\t\t\t\t<img decoding=\"async\" src=\"https:\/\/www.metaflotech.com\/wp-content\/uploads\/2024\/10\/icon-transport-w.png\" alt=\"\u00edcone de transporte w\" itemprop=\"image\" height=\"311\" width=\"311\" title=\"\u00edcone de transporte w\" onerror=\"this.style.display='none'\" loading=\"lazy\" \/>\r\n\t<h3><b>Reduzir significativamente os custos de transporte<\/b><\/h3>\r\n\t\t\t\t<img decoding=\"async\" src=\"https:\/\/www.metaflotech.com\/wp-content\/uploads\/2024\/10\/icon-ecology-w.png\" alt=\"\u00edcone ecologia w\" itemprop=\"image\" height=\"311\" width=\"311\" title=\"\u00edcone ecologia w\" onerror=\"this.style.display='none'\" loading=\"lazy\" \/>\r\n\t<h3><b>Minimizar os riscos ambientais e de seguran\u00e7a<\/b><\/h3>\r\n\t\t\t\t<img decoding=\"async\" src=\"https:\/\/www.metaflotech.com\/wp-content\/uploads\/2024\/10\/icon-savings-w.png\" alt=\"\u00edcone de economia w\" itemprop=\"image\" height=\"311\" width=\"311\" title=\"\u00edcone de economia w\" onerror=\"this.style.display='none'\" loading=\"lazy\" \/>\r\n\t<h3><b>Gerenciamento de res\u00edduos sustent\u00e1vel e eficiente<\/b><\/h3>","protected":false},"excerpt":{"rendered":"<p>Mining Challenges Mining companies face a number challenges in their operations including: Contaminated water treatment. Access and haul road maintenance. Dust control. Increasing yields from refractory ore bodies without large capital expenditures. Responsible management of cyanide and other chemicals. Solidification of large volumes of sludges and slurries. Creating beneficial re-use for sterile waste material. Wet&hellip;<\/p>","protected":false},"author":1,"featured_media":0,"parent":120582,"menu_order":0,"comment_status":"closed","ping_status":"closed","template":"","meta":{"_acf_changed":false,"inline_featured_image":false,"footnotes":""},"class_list":["post-120698","page","type-page","status-publish","hentry"],"acf":[],"yoast_head":"<!-- This site is optimized with the Yoast SEO plugin v27.5 - https:\/\/yoast.com\/product\/yoast-seo-wordpress\/ -->\n<title>Mining Solutions for Haul Roads, Metal Recovery and Dust Control | MetaFLO Technologies<\/title>\n<meta name=\"description\" content=\"MetaFLO provides sustainable polymer and biopolymer solutions for mining, supporting haul road stabilization, dust suppression, metal recovery and liquid waste management.\" \/>\n<meta name=\"robots\" content=\"index, follow, max-snippet:-1, max-image-preview:large, max-video-preview:-1\" \/>\n<link rel=\"canonical\" href=\"https:\/\/www.metaflotech.com\/pt\/setores\/mineracao\/\" \/>\n<meta property=\"og:locale\" content=\"pt_BR\" \/>\n<meta property=\"og:type\" content=\"article\" \/>\n<meta property=\"og:title\" content=\"Mining Solutions for Haul Roads, Metal Recovery and Dust Control | MetaFLO Technologies\" \/>\n<meta property=\"og:description\" content=\"MetaFLO provides sustainable polymer and biopolymer solutions for mining, supporting haul road stabilization, dust suppression, metal recovery and liquid waste management.\" \/>\n<meta property=\"og:url\" content=\"https:\/\/www.metaflotech.com\/pt\/setores\/mineracao\/\" \/>\n<meta property=\"og:site_name\" content=\"MetaFLO Technologies\" \/>\n<meta property=\"article:publisher\" content=\"https:\/\/www.facebook.com\/MetaFLOTechnologies\/\" \/>\n<meta property=\"article:modified_time\" content=\"2026-03-12T13:20:36+00:00\" \/>\n<meta property=\"og:image\" content=\"https:\/\/www.metaflotech.com\/wp-content\/uploads\/2025\/02\/Mining-1.svg\" \/>\n<meta name=\"twitter:card\" content=\"summary_large_image\" \/>\n<meta name=\"twitter:site\" content=\"@metaflo\" \/>\n<meta name=\"twitter:label1\" content=\"Est. tempo de leitura\" \/>\n\t<meta name=\"twitter:data1\" content=\"7 minutos\" \/>\n<script type=\"application\/ld+json\" class=\"yoast-schema-graph\">{\"@context\":\"https:\\\/\\\/schema.org\",\"@graph\":[{\"@type\":\"WebPage\",\"@id\":\"https:\\\/\\\/www.metaflotech.com\\\/pt\\\/industries\\\/mining\\\/\",\"url\":\"https:\\\/\\\/www.metaflotech.com\\\/pt\\\/industries\\\/mining\\\/\",\"name\":\"Mining Solutions for Haul Roads, Metal Recovery and Dust Control | MetaFLO Technologies\",\"isPartOf\":{\"@id\":\"https:\\\/\\\/www.metaflotech.com\\\/pt\\\/#website\"},\"primaryImageOfPage\":{\"@id\":\"https:\\\/\\\/www.metaflotech.com\\\/pt\\\/industries\\\/mining\\\/#primaryimage\"},\"image\":{\"@id\":\"https:\\\/\\\/www.metaflotech.com\\\/pt\\\/industries\\\/mining\\\/#primaryimage\"},\"thumbnailUrl\":\"https:\\\/\\\/www.metaflotech.com\\\/wp-content\\\/uploads\\\/2025\\\/02\\\/Mining-1.svg\",\"datePublished\":\"2024-12-25T09:50:31+00:00\",\"dateModified\":\"2026-03-12T13:20:36+00:00\",\"description\":\"MetaFLO provides sustainable polymer and biopolymer solutions for mining, supporting haul road stabilization, dust suppression, metal recovery and liquid waste management.\",\"breadcrumb\":{\"@id\":\"https:\\\/\\\/www.metaflotech.com\\\/pt\\\/industries\\\/mining\\\/#breadcrumb\"},\"inLanguage\":\"pt-BR\",\"potentialAction\":[{\"@type\":\"ReadAction\",\"target\":[\"https:\\\/\\\/www.metaflotech.com\\\/pt\\\/industries\\\/mining\\\/\"]}]},{\"@type\":\"ImageObject\",\"inLanguage\":\"pt-BR\",\"@id\":\"https:\\\/\\\/www.metaflotech.com\\\/pt\\\/industries\\\/mining\\\/#primaryimage\",\"url\":\"https:\\\/\\\/www.metaflotech.com\\\/wp-content\\\/uploads\\\/2025\\\/02\\\/Mining-1.svg\",\"contentUrl\":\"https:\\\/\\\/www.metaflotech.com\\\/wp-content\\\/uploads\\\/2025\\\/02\\\/Mining-1.svg\"},{\"@type\":\"BreadcrumbList\",\"@id\":\"https:\\\/\\\/www.metaflotech.com\\\/pt\\\/industries\\\/mining\\\/#breadcrumb\",\"itemListElement\":[{\"@type\":\"ListItem\",\"position\":1,\"name\":\"Home\",\"item\":\"https:\\\/\\\/www.metaflotech.com\\\/\"},{\"@type\":\"ListItem\",\"position\":2,\"name\":\"Industries\",\"item\":\"https:\\\/\\\/www.metaflotech.com\\\/industries\\\/\"},{\"@type\":\"ListItem\",\"position\":3,\"name\":\"Mining Solutions for Haul Roads, Metal Recovery and Dust Control\"}]},{\"@type\":\"WebSite\",\"@id\":\"https:\\\/\\\/www.metaflotech.com\\\/pt\\\/#website\",\"url\":\"https:\\\/\\\/www.metaflotech.com\\\/pt\\\/\",\"name\":\"MetaFLO Technologies\",\"description\":\"Engineered Polymer Solutions For Industrial Applications\",\"potentialAction\":[{\"@type\":\"SearchAction\",\"target\":{\"@type\":\"EntryPoint\",\"urlTemplate\":\"https:\\\/\\\/www.metaflotech.com\\\/pt\\\/?s={search_term_string}\"},\"query-input\":{\"@type\":\"PropertyValueSpecification\",\"valueRequired\":true,\"valueName\":\"search_term_string\"}}],\"inLanguage\":\"pt-BR\"}]}<\/script>\n<!-- \/ Yoast SEO plugin. -->","yoast_head_json":{"title":"Solu\u00e7\u00f5es sustent\u00e1veis para Minera\u00e7\u00e3o | MetaFLO","description":"A MetaFLO oferece solu\u00e7\u00f5es sustent\u00e1veis para estabiliza\u00e7\u00e3o de estradas de minas a c\u00e9u aberto, controle de poeira, recupera\u00e7\u00e3o de metais e solidifica\u00e7\u00e3o de lama e rejeitos.","robots":{"index":"index","follow":"follow","max-snippet":"max-snippet:-1","max-image-preview":"max-image-preview:large","max-video-preview":"max-video-preview:-1"},"canonical":"https:\/\/www.metaflotech.com\/pt\/setores\/mineracao\/","og_locale":"pt_BR","og_type":"article","og_title":"Mining Solutions for Haul Roads, Metal Recovery and Dust Control | MetaFLO Technologies","og_description":"MetaFLO provides sustainable polymer and biopolymer solutions for mining, supporting haul road stabilization, dust suppression, metal recovery and liquid waste management.","og_url":"https:\/\/www.metaflotech.com\/pt\/setores\/mineracao\/","og_site_name":"MetaFLO Technologies","article_publisher":"https:\/\/www.facebook.com\/MetaFLOTechnologies\/","article_modified_time":"2026-03-12T13:20:36+00:00","og_image":[{"url":"https:\/\/www.metaflotech.com\/wp-content\/uploads\/2025\/02\/Mining-1.svg","type":"","width":"","height":""}],"twitter_card":"summary_large_image","twitter_site":"@metaflo","twitter_misc":{"Est. tempo de leitura":"7 minutos"},"schema":{"@context":"https:\/\/schema.org","@graph":[{"@type":"WebPage","@id":"https:\/\/www.metaflotech.com\/pt\/industries\/mining\/","url":"https:\/\/www.metaflotech.com\/pt\/industries\/mining\/","name":"Solu\u00e7\u00f5es sustent\u00e1veis para Minera\u00e7\u00e3o | MetaFLO","isPartOf":{"@id":"https:\/\/www.metaflotech.com\/pt\/#website"},"primaryImageOfPage":{"@id":"https:\/\/www.metaflotech.com\/pt\/industries\/mining\/#primaryimage"},"image":{"@id":"https:\/\/www.metaflotech.com\/pt\/industries\/mining\/#primaryimage"},"thumbnailUrl":"https:\/\/www.metaflotech.com\/wp-content\/uploads\/2025\/02\/Mining-1.svg","datePublished":"2024-12-25T09:50:31+00:00","dateModified":"2026-03-12T13:20:36+00:00","description":"A MetaFLO oferece solu\u00e7\u00f5es sustent\u00e1veis para estabiliza\u00e7\u00e3o de estradas de minas a c\u00e9u aberto, controle de poeira, recupera\u00e7\u00e3o de metais e solidifica\u00e7\u00e3o de lama e rejeitos.","breadcrumb":{"@id":"https:\/\/www.metaflotech.com\/pt\/industries\/mining\/#breadcrumb"},"inLanguage":"pt-BR","potentialAction":[{"@type":"ReadAction","target":["https:\/\/www.metaflotech.com\/pt\/industries\/mining\/"]}]},{"@type":"ImageObject","inLanguage":"pt-BR","@id":"https:\/\/www.metaflotech.com\/pt\/industries\/mining\/#primaryimage","url":"https:\/\/www.metaflotech.com\/wp-content\/uploads\/2025\/02\/Mining-1.svg","contentUrl":"https:\/\/www.metaflotech.com\/wp-content\/uploads\/2025\/02\/Mining-1.svg"},{"@type":"BreadcrumbList","@id":"https:\/\/www.metaflotech.com\/pt\/industries\/mining\/#breadcrumb","itemListElement":[{"@type":"ListItem","position":1,"name":"Home","item":"https:\/\/www.metaflotech.com\/"},{"@type":"ListItem","position":2,"name":"Industries","item":"https:\/\/www.metaflotech.com\/industries\/"},{"@type":"ListItem","position":3,"name":"Mining Solutions for Haul Roads, Metal Recovery and Dust Control"}]},{"@type":"WebSite","@id":"https:\/\/www.metaflotech.com\/pt\/#website","url":"https:\/\/www.metaflotech.com\/pt\/","name":"MetaFLO Technologies","description":"Solu\u00e7\u00f5es de pol\u00edmeros projetadas para aplica\u00e7\u00f5es industriais","potentialAction":[{"@type":"SearchAction","target":{"@type":"EntryPoint","urlTemplate":"https:\/\/www.metaflotech.com\/pt\/?s={search_term_string}"},"query-input":{"@type":"PropertyValueSpecification","valueRequired":true,"valueName":"search_term_string"}}],"inLanguage":"pt-BR"}]}},"_links":{"self":[{"href":"https:\/\/www.metaflotech.com\/pt\/wp-json\/wp\/v2\/pages\/120698","targetHints":{"allow":["GET"]}}],"collection":[{"href":"https:\/\/www.metaflotech.com\/pt\/wp-json\/wp\/v2\/pages"}],"about":[{"href":"https:\/\/www.metaflotech.com\/pt\/wp-json\/wp\/v2\/types\/page"}],"author":[{"embeddable":true,"href":"https:\/\/www.metaflotech.com\/pt\/wp-json\/wp\/v2\/users\/1"}],"replies":[{"embeddable":true,"href":"https:\/\/www.metaflotech.com\/pt\/wp-json\/wp\/v2\/comments?post=120698"}],"version-history":[{"count":0,"href":"https:\/\/www.metaflotech.com\/pt\/wp-json\/wp\/v2\/pages\/120698\/revisions"}],"up":[{"embeddable":true,"href":"https:\/\/www.metaflotech.com\/pt\/wp-json\/wp\/v2\/pages\/120582"}],"wp:attachment":[{"href":"https:\/\/www.metaflotech.com\/pt\/wp-json\/wp\/v2\/media?parent=120698"}],"curies":[{"name":"wp","href":"https:\/\/api.w.org\/{rel}","templated":true}]}}