{"id":120859,"date":"2024-12-25T10:20:54","date_gmt":"2024-12-25T10:20:54","guid":{"rendered":"https:\/\/www.metaflotech.com\/?page_id=120859"},"modified":"2026-03-12T13:19:01","modified_gmt":"2026-03-12T13:19:01","slug":"petroleo-e-gas","status":"publish","type":"page","link":"https:\/\/www.metaflotech.com\/pt\/industries\/oil-and-gas\/","title":{"rendered":"Oil and Gas Wastewater Treatment and Hydrocarbon Removal"},"content":{"rendered":"<h1><strong>Petrol\u00edferas<\/strong><\/h1>\r\n\t\t\t\t<a href=\"https:\/\/www.metaflotech.com\/pt\/produtos\/biopolimeros\/remtech\/\"  target=\"_blank\" rel=\"noopener\"  itemprop=\"url\">\r\n\t\t\t\t<img decoding=\"async\" src=\"https:\/\/www.metaflotech.com\/wp-content\/uploads\/2025\/07\/Logo.svg\" alt=\"Logotipo\" itemprop=\"image\" height=\"100\" width=\"100\" title=\"Logotipo\" onerror=\"this.style.display='none'\" loading='lazy' \/>\r\n\t\t\t\t<\/a>\r\n<h2>\r\n\t\t\tDesafios\t<\/h2>\r\n\t<h3><strong>Tratamento de \u00c1gua<\/strong><\/h3>\r\n\t\t\t <h4>Os efluentes podem conter altas concentra\u00e7\u00f5es de metais e hidrocarbonetos, gerando desafios ambientais e de conformidade.<\/h4>\t\t\r\n\t\t\t <h4>\u00c1guas residuais\/\u00e1guas produzidas podem n\u00e3o atender aos padr\u00f5es regulat\u00f3rios para descarte ou reutiliza\u00e7\u00e3o.<\/h4>\t\t\r\n\t\t\t <h4>Os tratamentos tradicionais podem n\u00e3o eliminar todos os metais e hidrocarbonetos.<\/h4>\t\t\r\n\t<h3><strong>Lama<\/strong><\/h3>\r\n\t\t\t <h4>Res\u00edduos l\u00edquidos s\u00e3o dif\u00edceis de descartar, especialmente res\u00edduos \u00e0 base de \u00f3leo, exigindo aspiradores especializados para transporte, o que aumenta os custos operacionais e as complexidades. <\/h4>\t\t\r\n\t\t\t\t<img decoding=\"async\" src=\"https:\/\/www.metaflotech.com\/wp-content\/uploads\/2025\/02\/Oil-Gas-1-1.svg\" alt=\"Petr\u00f3leo e g\u00e1s 1\" itemprop=\"image\" height=\"843\" width=\"3859\" title=\"Petr\u00f3leo e g\u00e1s 1\" onerror=\"this.style.display='none'\" loading='lazy' \/>\r\n<h2>\r\n\t\t\tSolu\u00e7\u00e3o da MetaFLO\t<\/h2>\r\n\t\t\t <h4><strong>Solu\u00e7\u00e3o ecol\u00f3gica feita de algas com potencial para tratar hidrocarbonetos e metais simultaneamente em \u00e1gua contaminada.<\/strong><\/h4>\t\t\r\n\t\t\t <h4><strong>Como um superoxidante, o Remtech atua rapidamente na rea\u00e7\u00e3o e permite que a \u00e1gua tratada seja reutilizada.<\/strong><\/h4>\t\t\r\n\t\t\t <h4><strong>Utilizado como agente alcalinizante, pode ser aplicado ao processo existente e dosado diretamente na \u00e1gua, pois possui alta solubilidade.<\/strong><\/h4>\t\t\r\n\t\t\t <h4><strong>Ambientalmente seguro e livre de contaminantes qu\u00edmicos.<\/strong><\/h4>\t\t\r\n\t\t\t\t<img decoding=\"async\" src=\"https:\/\/www.metaflotech.com\/wp-content\/uploads\/2024\/12\/Fracking-before-and-after-remediation-with-MetaFLO-RemTech.png\" alt=\"Remedia\u00e7\u00e3o de Fracking\" itemprop=\"image\" height=\"702\" width=\"728\" onerror=\"this.style.display='none'\" loading='lazy' \/>\r\n\t\t\t\t<a href=\"https:\/\/www.metaflotech.com\/pt\/produtos\/reagentes-de-solidificacao\/mf003\/\"  target=\"_blank\" rel=\"noopener\"  itemprop=\"url\">\r\n\t\t\t\t<img decoding=\"async\" src=\"https:\/\/www.metaflotech.com\/wp-content\/uploads\/2024\/03\/Logo-MF003.svg\" alt=\"Logotipo MF003\" itemprop=\"image\" height=\"100\" width=\"100\" title=\"Logotipo MF003\" onerror=\"this.style.display='none'\" loading='lazy' \/>\r\n\t\t\t\t<\/a>\r\n\t\t\t\t<a href=\"https:\/\/www.metaflotech.com\/pt\/produtos\/reagentes-de-solidificacao\/mf006\/\"  target=\"_blank\" rel=\"noopener\"  itemprop=\"url\">\r\n\t\t\t\t<img decoding=\"async\" src=\"https:\/\/www.metaflotech.com\/wp-content\/uploads\/2024\/03\/Logo-MF006.svg\" alt=\"Logotipo MF006\" itemprop=\"image\" height=\"100\" width=\"100\" title=\"Logotipo MF006\" onerror=\"this.style.display='none'\" loading='lazy' \/>\r\n\t\t\t\t<\/a>\r\n\t\t\t\t<a href=\"https:\/\/www.metaflotech.com\/pt\/produtos\/reagentes-de-solidificacao\/mf008\/\"  target=\"_blank\" rel=\"noopener\"  itemprop=\"url\">\r\n\t\t\t\t<img decoding=\"async\" src=\"https:\/\/www.metaflotech.com\/wp-content\/uploads\/2024\/03\/Logo-MF008.svg\" alt=\"Logotipo MF008\" itemprop=\"image\" height=\"100\" width=\"100\" title=\"Logotipo MF008\" onerror=\"this.style.display='none'\" loading='lazy' \/>\r\n\t\t\t\t<\/a>\r\n\t\t\t\t<img decoding=\"async\" src=\"https:\/\/www.metaflotech.com\/wp-content\/uploads\/2025\/02\/Oil-Gas-2-1.svg\" alt=\"Petr\u00f3leo e g\u00e1s 2\" itemprop=\"image\" height=\"1860\" width=\"1717\" title=\"Petr\u00f3leo e g\u00e1s 2\" onerror=\"this.style.display='none'\" loading='lazy' \/>\r\n<h2>\r\n\t\t\tSolu\u00e7\u00e3o da MetaFLO\t<\/h2>\r\n\t\t\t <h4><strong>O reagente de solidifica\u00e7\u00e3o inerte e n\u00e3o t\u00f3xico absorve rapidamente \u00e1gua, \u00f3leo e graxa para solidificar a pasta no local em &lt; 1 hora.<\/strong><\/h4>\t\t\r\n\t\t\t <h4><strong>Uma vez solidificados, os res\u00edduos podem passar no Teste de Filtro de Tinta (PFT).<\/strong><\/h4>\t\t\r\n\t\t\t <h4><strong>O lodo solidificado \u00e9 transportado diretamente para o local de disposi\u00e7\u00e3o final, reduzindo os custos de transporte e descarte e melhorando a seguran\u00e7a e a conformidade regulat\u00f3ria.<\/strong><\/h4>\t\t\r\n\t\t\t\t<img decoding=\"async\" src=\"https:\/\/www.metaflotech.com\/wp-content\/uploads\/2024\/10\/Reagents-Hero.png\" alt=\"Her\u00f3i dos reagentes\" itemprop=\"image\" height=\"449\" width=\"800\" onerror=\"this.style.display='none'\" loading='lazy' \/>\r\n<h2>\r\n\t\t\tEstudos de caso\t<\/h2>\r\n<h3>\r\n\t\t<a href=\"https:\/\/www.metaflotech.com\/wp-content\/uploads\/2025\/07\/RemTech-Case-Study-2-English-MetaFLO-Technologies.pdf\" title=\"RemTech trata hidrocarbonetos para efluentes industriais de petr\u00f3leo\"  target=\"_self\">\r\n\t\t\tRemTech trata hidrocarbonetos para efluentes industriais de petr\u00f3leo\t\t<\/a>\r\n\t<\/h3>\r\n\t<p>O estudo da MetaFLO revela uma economia de custos inigual\u00e1vel, ganhos de produtividade e benef\u00edcios ambientais para o tratamento de hidrocarbonetos em um efluente.<\/p>\r\n\t\t\t\t<img decoding=\"async\" src=\"https:\/\/www.metaflotech.com\/wp-content\/uploads\/2024\/10\/icon-transport-w.png\" alt=\"\u00edcone de transporte w\" itemprop=\"image\" height=\"311\" width=\"311\" title=\"\u00edcone de transporte w\" onerror=\"this.style.display='none'\" loading='lazy' \/>\r\n\t<h3><b>Reduzir significativamente os custos de transporte<\/b><\/h3>\r\n\t\t\t\t<img decoding=\"async\" src=\"https:\/\/www.metaflotech.com\/wp-content\/uploads\/2024\/10\/icon-ecology-w.png\" alt=\"\u00edcone ecologia w\" itemprop=\"image\" height=\"311\" width=\"311\" title=\"\u00edcone ecologia w\" onerror=\"this.style.display='none'\" loading='lazy' \/>\r\n\t<h3><b>Minimizar os riscos ambientais e de seguran\u00e7a<\/b><\/h3>\r\n\t\t\t\t<img decoding=\"async\" src=\"https:\/\/www.metaflotech.com\/wp-content\/uploads\/2024\/10\/icon-savings-w.png\" alt=\"\u00edcone de economia w\" itemprop=\"image\" height=\"311\" width=\"311\" title=\"\u00edcone de economia w\" onerror=\"this.style.display='none'\" loading='lazy' \/>\r\n\t<h3><b>Gerenciamento de res\u00edduos sustent\u00e1vel e eficiente<\/b><\/h3>","protected":false},"excerpt":{"rendered":"<p>Oil &amp; Gas Challenges Contaminated Water Effluents may contain high concentrations of metals and hydrocarbons, posing compliance and environmental challenges. Wastewater \/ Produced water, may not meet regulatory standards for discharge or reuse. Traditional treatments may not eliminate all metals and hydrocarbons. Slurry Liquid waste is difficult to dispose of, especially oil-based waste, requiring specialized&hellip;<\/p>","protected":false},"author":1,"featured_media":0,"parent":120582,"menu_order":0,"comment_status":"closed","ping_status":"closed","template":"","meta":{"_acf_changed":false,"inline_featured_image":false,"footnotes":""},"class_list":["post-120859","page","type-page","status-publish","hentry"],"acf":[],"yoast_head":"<!-- This site is optimized with the Yoast SEO plugin v27.5 - https:\/\/yoast.com\/product\/yoast-seo-wordpress\/ -->\n<title>Oil and Gas Wastewater Treatment and Hydrocarbon Removal | MetaFLO Technologies<\/title>\n<meta name=\"description\" content=\"Sustainable solutions for oil and gas wastewater and produced water treatment, removing hydrocarbons and metals while improving environmental compliance.\" \/>\n<meta name=\"robots\" content=\"index, follow, max-snippet:-1, max-image-preview:large, max-video-preview:-1\" \/>\n<link rel=\"canonical\" href=\"https:\/\/www.metaflotech.com\/pt\/setores\/petroleo-e-gas\/\" \/>\n<meta property=\"og:locale\" content=\"pt_BR\" \/>\n<meta property=\"og:type\" content=\"article\" \/>\n<meta property=\"og:title\" content=\"Oil and Gas Wastewater Treatment and Hydrocarbon Removal | MetaFLO Technologies\" \/>\n<meta property=\"og:description\" content=\"Sustainable solutions for oil and gas wastewater and produced water treatment, removing hydrocarbons and metals while improving environmental compliance.\" \/>\n<meta property=\"og:url\" content=\"https:\/\/www.metaflotech.com\/pt\/setores\/petroleo-e-gas\/\" \/>\n<meta property=\"og:site_name\" content=\"MetaFLO Technologies\" \/>\n<meta property=\"article:publisher\" content=\"https:\/\/www.facebook.com\/MetaFLOTechnologies\/\" \/>\n<meta property=\"article:modified_time\" content=\"2026-03-12T13:19:01+00:00\" \/>\n<meta property=\"og:image\" content=\"https:\/\/www.metaflotech.com\/wp-content\/uploads\/2025\/07\/Logo.svg\" \/>\n<meta name=\"twitter:card\" content=\"summary_large_image\" \/>\n<meta name=\"twitter:site\" content=\"@metaflo\" \/>\n<meta name=\"twitter:label1\" content=\"Est. tempo de leitura\" \/>\n\t<meta name=\"twitter:data1\" content=\"4 minutos\" \/>\n<script type=\"application\/ld+json\" class=\"yoast-schema-graph\">{\"@context\":\"https:\\\/\\\/schema.org\",\"@graph\":[{\"@type\":\"WebPage\",\"@id\":\"https:\\\/\\\/www.metaflotech.com\\\/pt\\\/industries\\\/oil-and-gas\\\/\",\"url\":\"https:\\\/\\\/www.metaflotech.com\\\/pt\\\/industries\\\/oil-and-gas\\\/\",\"name\":\"Oil and Gas Wastewater Treatment and Hydrocarbon Removal | MetaFLO Technologies\",\"isPartOf\":{\"@id\":\"https:\\\/\\\/www.metaflotech.com\\\/pt\\\/#website\"},\"primaryImageOfPage\":{\"@id\":\"https:\\\/\\\/www.metaflotech.com\\\/pt\\\/industries\\\/oil-and-gas\\\/#primaryimage\"},\"image\":{\"@id\":\"https:\\\/\\\/www.metaflotech.com\\\/pt\\\/industries\\\/oil-and-gas\\\/#primaryimage\"},\"thumbnailUrl\":\"https:\\\/\\\/www.metaflotech.com\\\/wp-content\\\/uploads\\\/2025\\\/07\\\/Logo.svg\",\"datePublished\":\"2024-12-25T10:20:54+00:00\",\"dateModified\":\"2026-03-12T13:19:01+00:00\",\"description\":\"Sustainable solutions for oil and gas wastewater and produced water treatment, removing hydrocarbons and metals while improving environmental compliance.\",\"breadcrumb\":{\"@id\":\"https:\\\/\\\/www.metaflotech.com\\\/pt\\\/industries\\\/oil-and-gas\\\/#breadcrumb\"},\"inLanguage\":\"pt-BR\",\"potentialAction\":[{\"@type\":\"ReadAction\",\"target\":[\"https:\\\/\\\/www.metaflotech.com\\\/pt\\\/industries\\\/oil-and-gas\\\/\"]}]},{\"@type\":\"ImageObject\",\"inLanguage\":\"pt-BR\",\"@id\":\"https:\\\/\\\/www.metaflotech.com\\\/pt\\\/industries\\\/oil-and-gas\\\/#primaryimage\",\"url\":\"https:\\\/\\\/www.metaflotech.com\\\/wp-content\\\/uploads\\\/2025\\\/07\\\/Logo.svg\",\"contentUrl\":\"https:\\\/\\\/www.metaflotech.com\\\/wp-content\\\/uploads\\\/2025\\\/07\\\/Logo.svg\"},{\"@type\":\"BreadcrumbList\",\"@id\":\"https:\\\/\\\/www.metaflotech.com\\\/pt\\\/industries\\\/oil-and-gas\\\/#breadcrumb\",\"itemListElement\":[{\"@type\":\"ListItem\",\"position\":1,\"name\":\"Home\",\"item\":\"https:\\\/\\\/www.metaflotech.com\\\/\"},{\"@type\":\"ListItem\",\"position\":2,\"name\":\"Industries\",\"item\":\"https:\\\/\\\/www.metaflotech.com\\\/industries\\\/\"},{\"@type\":\"ListItem\",\"position\":3,\"name\":\"Oil and Gas Wastewater Treatment and Hydrocarbon Removal\"}]},{\"@type\":\"WebSite\",\"@id\":\"https:\\\/\\\/www.metaflotech.com\\\/pt\\\/#website\",\"url\":\"https:\\\/\\\/www.metaflotech.com\\\/pt\\\/\",\"name\":\"MetaFLO Technologies\",\"description\":\"Engineered Polymer Solutions For Industrial Applications\",\"potentialAction\":[{\"@type\":\"SearchAction\",\"target\":{\"@type\":\"EntryPoint\",\"urlTemplate\":\"https:\\\/\\\/www.metaflotech.com\\\/pt\\\/?s={search_term_string}\"},\"query-input\":{\"@type\":\"PropertyValueSpecification\",\"valueRequired\":true,\"valueName\":\"search_term_string\"}}],\"inLanguage\":\"pt-BR\"}]}<\/script>\n<!-- \/ Yoast SEO plugin. -->","yoast_head_json":{"title":"Tratamento de Efluentes e \u00c1gua Produzida em Petr\u00f3leo e G\u00e1s | MetaFLO","description":"Solu\u00e7\u00f5es sustent\u00e1veis para tratamento de efluentes e \u00e1gua produzida em petrol\u00edferas, com remo\u00e7\u00e3o de hidrocarbonetos e metais e maior conformidade ambiental.","robots":{"index":"index","follow":"follow","max-snippet":"max-snippet:-1","max-image-preview":"max-image-preview:large","max-video-preview":"max-video-preview:-1"},"canonical":"https:\/\/www.metaflotech.com\/pt\/setores\/petroleo-e-gas\/","og_locale":"pt_BR","og_type":"article","og_title":"Oil and Gas Wastewater Treatment and Hydrocarbon Removal | MetaFLO Technologies","og_description":"Sustainable solutions for oil and gas wastewater and produced water treatment, removing hydrocarbons and metals while improving environmental compliance.","og_url":"https:\/\/www.metaflotech.com\/pt\/setores\/petroleo-e-gas\/","og_site_name":"MetaFLO Technologies","article_publisher":"https:\/\/www.facebook.com\/MetaFLOTechnologies\/","article_modified_time":"2026-03-12T13:19:01+00:00","og_image":[{"url":"https:\/\/www.metaflotech.com\/wp-content\/uploads\/2025\/07\/Logo.svg","type":"","width":"","height":""}],"twitter_card":"summary_large_image","twitter_site":"@metaflo","twitter_misc":{"Est. tempo de leitura":"4 minutos"},"schema":{"@context":"https:\/\/schema.org","@graph":[{"@type":"WebPage","@id":"https:\/\/www.metaflotech.com\/pt\/industries\/oil-and-gas\/","url":"https:\/\/www.metaflotech.com\/pt\/industries\/oil-and-gas\/","name":"Tratamento de Efluentes e \u00c1gua Produzida em Petr\u00f3leo e G\u00e1s | MetaFLO","isPartOf":{"@id":"https:\/\/www.metaflotech.com\/pt\/#website"},"primaryImageOfPage":{"@id":"https:\/\/www.metaflotech.com\/pt\/industries\/oil-and-gas\/#primaryimage"},"image":{"@id":"https:\/\/www.metaflotech.com\/pt\/industries\/oil-and-gas\/#primaryimage"},"thumbnailUrl":"https:\/\/www.metaflotech.com\/wp-content\/uploads\/2025\/07\/Logo.svg","datePublished":"2024-12-25T10:20:54+00:00","dateModified":"2026-03-12T13:19:01+00:00","description":"Solu\u00e7\u00f5es sustent\u00e1veis para tratamento de efluentes e \u00e1gua produzida em petrol\u00edferas, com remo\u00e7\u00e3o de hidrocarbonetos e metais e maior conformidade ambiental.","breadcrumb":{"@id":"https:\/\/www.metaflotech.com\/pt\/industries\/oil-and-gas\/#breadcrumb"},"inLanguage":"pt-BR","potentialAction":[{"@type":"ReadAction","target":["https:\/\/www.metaflotech.com\/pt\/industries\/oil-and-gas\/"]}]},{"@type":"ImageObject","inLanguage":"pt-BR","@id":"https:\/\/www.metaflotech.com\/pt\/industries\/oil-and-gas\/#primaryimage","url":"https:\/\/www.metaflotech.com\/wp-content\/uploads\/2025\/07\/Logo.svg","contentUrl":"https:\/\/www.metaflotech.com\/wp-content\/uploads\/2025\/07\/Logo.svg"},{"@type":"BreadcrumbList","@id":"https:\/\/www.metaflotech.com\/pt\/industries\/oil-and-gas\/#breadcrumb","itemListElement":[{"@type":"ListItem","position":1,"name":"Home","item":"https:\/\/www.metaflotech.com\/"},{"@type":"ListItem","position":2,"name":"Industries","item":"https:\/\/www.metaflotech.com\/industries\/"},{"@type":"ListItem","position":3,"name":"Oil and Gas Wastewater Treatment and Hydrocarbon Removal"}]},{"@type":"WebSite","@id":"https:\/\/www.metaflotech.com\/pt\/#website","url":"https:\/\/www.metaflotech.com\/pt\/","name":"MetaFLO Technologies","description":"Solu\u00e7\u00f5es de pol\u00edmeros projetadas para aplica\u00e7\u00f5es industriais","potentialAction":[{"@type":"SearchAction","target":{"@type":"EntryPoint","urlTemplate":"https:\/\/www.metaflotech.com\/pt\/?s={search_term_string}"},"query-input":{"@type":"PropertyValueSpecification","valueRequired":true,"valueName":"search_term_string"}}],"inLanguage":"pt-BR"}]}},"_links":{"self":[{"href":"https:\/\/www.metaflotech.com\/pt\/wp-json\/wp\/v2\/pages\/120859","targetHints":{"allow":["GET"]}}],"collection":[{"href":"https:\/\/www.metaflotech.com\/pt\/wp-json\/wp\/v2\/pages"}],"about":[{"href":"https:\/\/www.metaflotech.com\/pt\/wp-json\/wp\/v2\/types\/page"}],"author":[{"embeddable":true,"href":"https:\/\/www.metaflotech.com\/pt\/wp-json\/wp\/v2\/users\/1"}],"replies":[{"embeddable":true,"href":"https:\/\/www.metaflotech.com\/pt\/wp-json\/wp\/v2\/comments?post=120859"}],"version-history":[{"count":0,"href":"https:\/\/www.metaflotech.com\/pt\/wp-json\/wp\/v2\/pages\/120859\/revisions"}],"up":[{"embeddable":true,"href":"https:\/\/www.metaflotech.com\/pt\/wp-json\/wp\/v2\/pages\/120582"}],"wp:attachment":[{"href":"https:\/\/www.metaflotech.com\/pt\/wp-json\/wp\/v2\/media?parent=120859"}],"curies":[{"name":"wp","href":"https:\/\/api.w.org\/{rel}","templated":true}]}}