{"id":120990,"date":"2024-12-25T10:46:43","date_gmt":"2024-12-25T10:46:43","guid":{"rendered":"https:\/\/www.metaflotech.com\/?page_id=120990"},"modified":"2026-03-12T13:18:12","modified_gmt":"2026-03-12T13:18:12","slug":"estradas","status":"publish","type":"page","link":"https:\/\/www.metaflotech.com\/pt\/industries\/roads\/","title":{"rendered":"Soil Stabilization and Dust Control for Strong Roads"},"content":{"rendered":"<h1><strong>Pavimenta\u00e7\u00e3o<\/strong><\/h1>\r\n<h2>\r\n\t\t\tDesafios\t<\/h2>\r\n\t<h3><b>Estabiliza\u00e7\u00e3o de Estradas<br \/>\r\n<\/b><\/h3>\r\n\t\t\t <h4>Com chuvas intensas e tr\u00e1fego intenso, o material estabilizado no trecho sofre processos de eros\u00e3o e recalque. Como consequ\u00eancia, a base da estrada fica comprometida, o que reduz a capacidade de carga da estrada, acelerando sua degrada\u00e7\u00e3o, reduzindo sua vida \u00fatil e gerando um aumento significativo nos custos de manuten\u00e7\u00e3o.<\/h4>\t\t\r\n\t\t\t <h4>A regulariza\u00e7\u00e3o tradicional do subleito geralmente requer grandes volumes de \u00e1gua e altos custos operacionais.<\/h4>\t\t\r\n\t\t\t <h4>Estradas de terra s\u00e3o altamente suscet\u00edveis a danos estruturais causados \u200b\u200bpela eros\u00e3o causada pela chuva, \u00e1gua corrente e vento, o que exige manuten\u00e7\u00e3o frequente e, em alguns casos, n\u00e3o pode ser pavimentado.<\/h4>\t\t\r\n\t\t\t\t<img decoding=\"async\" src=\"https:\/\/www.metaflotech.com\/wp-content\/uploads\/2025\/02\/Roads-1.svg\" alt=\"Estradas 1\" itemprop=\"image\" height=\"845\" width=\"3859\" title=\"Estradas 1\" onerror=\"this.style.display='none'\" loading='lazy' \/>\r\n<h2>\r\n\t\t\tSolu\u00e7\u00e3o da MetaFLO\t<\/h2>\r\n\t\t\t <h4>A estabiliza\u00e7\u00e3o do solo SoilTech aumenta a densidade de massa e o CBR e permite melhor compacta\u00e7\u00e3o. Melhora as propriedades mec\u00e2nicas do solo e melhora a estabiliza\u00e7\u00e3o da camada, bem como a impermeabilidade aprimorada<\/h4>\t\t\r\n\t\t\t <h4>F\u00e1cil de aplicar adicionando uma dosagem m\u00ednima aos seus caminh\u00f5es-pipa existentes. Exigindo muito menos \u00e1gua do que os m\u00e9todos tradicionais.<\/h4>\t\t\r\n\t\t\t <h4>Ambientalmente seguro e livre de contaminantes qu\u00edmicos.<\/h4>\t\t\r\n\t\t\t\t<img decoding=\"async\" src=\"https:\/\/www.metaflotech.com\/wp-content\/uploads\/2024\/10\/Biopolymer-Hero-2.png\" alt=\"Her\u00f3i de biopol\u00edmero 2\" itemprop=\"image\" height=\"447\" width=\"800\" onerror=\"this.style.display='none'\" loading='lazy' \/>\r\n\t\t\t\t<a href=\"https:\/\/www.metaflotech.com\/pt\/produtos\/biopolimeros\/soiltech\/\"  target=\"_blank\" rel=\"noopener\"  itemprop=\"url\">\r\n\t\t\t\t<img decoding=\"async\" src=\"https:\/\/www.metaflotech.com\/wp-content\/uploads\/2025\/07\/Logo-3.svg\" alt=\"Logotipo\" itemprop=\"image\" height=\"100\" width=\"100\" title=\"Logotipo\" onerror=\"this.style.display='none'\" loading='lazy' \/>\r\n\t\t\t\t<\/a>\r\n<h2>\r\n\t\t\tDesafios\t<\/h2>\r\n\t<h3><b>Poeira no ar<br \/>\r\n<\/b><\/h3>\r\n\t\t\t <h4>A poeira prejudica o meio ambiente, compromete a sa\u00fade humana, afeta negativamente as comunidades e reduz a produtividade geral dos neg\u00f3cios.<\/h4>\t\t\r\n\t\t\t <h4>As part\u00edculas finas em estradas de terra se tornam aerotransportadas por projetos de obras civis e sob o tr\u00e1fego, especialmente durante o tempo seco. Isso cria problemas de visibilidade para motoristas, riscos \u00e0 sa\u00fade e polui\u00e7\u00e3o ambiental.<\/h4>\t\t\r\n\t\t\t <h4>Os m\u00e9todos tradicionais de supress\u00e3o de poeira geralmente exigem grandes quantidades de \u00e1gua, o que \u00e9 caro tanto em termos log\u00edsticos quanto ambientais.<\/h4>\t\t\r\n\t\t\t\t<img decoding=\"async\" src=\"https:\/\/www.metaflotech.com\/wp-content\/uploads\/2025\/02\/Roads-3.svg\" alt=\"Estradas 3\" itemprop=\"image\" height=\"843\" width=\"3859\" title=\"Estradas 3\" onerror=\"this.style.display='none'\" loading='lazy' \/>\r\n<h2>\r\n\t\t\tSolu\u00e7\u00e3o da MetaFLO\t<\/h2>\r\n\t\t\t <h4>DusTech \u00e9 um biopol\u00edmero sol\u00favel em \u00e1gua que \u00e9 dilu\u00eddo diretamente em um caminh\u00e3o-pipa e pode ser aplicado facilmente no local para supress\u00e3o de poeira.<\/h4>\t\t\r\n\t\t\t <h4>Cria maior aglutina\u00e7\u00e3o entre as part\u00edculas do solo, reduzindo assim a poeira.<br \/>50% menos \u00e1gua necess\u00e1ria quando comparado aos m\u00e9todos tradicionais.<\/h4>\t\t\r\n\t\t\t <h4>Aumenta a seguran\u00e7a nas estradas, aumenta a visibilidade do tr\u00e1fego e melhora a qualidade do ar.<\/h4>\t\t\r\n\t\t\t <h4>Liga-se instantaneamente ao solo. N\u00e3o h\u00e1 necessidade de fechar estradas ao tr\u00e1fego por um longo per\u00edodo.<\/h4>\t\t\r\n\t\t\t <h4>Ao contr\u00e1rio dos agentes qu\u00edmicos convencionais de supress\u00e3o de poeira, o DusTech n\u00e3o reduz o coeficiente de atrito.<\/h4>\t\t\r\n\t\t\t\t<img decoding=\"async\" src=\"https:\/\/www.metaflotech.com\/wp-content\/uploads\/2025\/02\/Roads-4.svg\" alt=\"Estradas 4\" itemprop=\"image\" height=\"1860\" width=\"1717\" title=\"Estradas 4\" onerror=\"this.style.display='none'\" loading='lazy' \/>\r\n\t\t\t\t<a href=\"https:\/\/www.metaflotech.com\/pt\/produtos\/biopolimeros\/dustech\/\"  target=\"_blank\" rel=\"noopener\"  itemprop=\"url\">\r\n\t\t\t\t<img decoding=\"async\" src=\"https:\/\/www.metaflotech.com\/wp-content\/uploads\/2025\/07\/Logo-5.svg\" alt=\"Logotipo\" itemprop=\"image\" height=\"100\" width=\"100\" title=\"Logotipo\" onerror=\"this.style.display='none'\" loading='lazy' \/>\r\n\t\t\t\t<\/a>\r\n<h2>\r\n\t\t\tEstudos de caso\t<\/h2>\r\n<h3>\r\n\t\t<a href=\"https:\/\/www.metaflotech.com\/wp-content\/uploads\/2025\/07\/SoilTech-Case-Study-1-English-MetaFLO-Technologies.pdf\" title=\"SoilTech impulsiona estabiliza\u00e7\u00e3o sustent\u00e1vel de rodovias\"  target=\"_self\">\r\n\t\t\tSoilTech impulsiona estabiliza\u00e7\u00e3o sustent\u00e1vel de rodovias\t\t<\/a>\r\n\t<\/h3>\r\n\t<p>A solu\u00e7\u00e3o inovadora de estabiliza\u00e7\u00e3o do MetaFLO proporcionou economias de custo essenciais, ganhos de produtividade e benef\u00edcios ambientais para manter um projeto rodovi\u00e1rio de grande escala dentro do cronograma e do or\u00e7amento.<\/p>\r\n\t\t\t\t<img decoding=\"async\" src=\"https:\/\/www.metaflotech.com\/wp-content\/uploads\/2024\/10\/icon-transport-w.png\" alt=\"\u00edcone de transporte w\" itemprop=\"image\" height=\"311\" width=\"311\" title=\"\u00edcone de transporte w\" onerror=\"this.style.display='none'\" loading='lazy' \/>\r\n\t<h3><b>Reduzir significativamente os custos de transporte<\/b><\/h3>\r\n\t\t\t\t<img decoding=\"async\" src=\"https:\/\/www.metaflotech.com\/wp-content\/uploads\/2024\/10\/icon-ecology-w.png\" alt=\"\u00edcone ecologia w\" itemprop=\"image\" height=\"311\" width=\"311\" title=\"\u00edcone ecologia w\" onerror=\"this.style.display='none'\" loading='lazy' \/>\r\n\t<h3><b>Minimizar os riscos ambientais e de seguran\u00e7a<\/b><\/h3>\r\n\t\t\t\t<img decoding=\"async\" src=\"https:\/\/www.metaflotech.com\/wp-content\/uploads\/2024\/10\/icon-savings-w.png\" alt=\"\u00edcone de economia w\" itemprop=\"image\" height=\"311\" width=\"311\" title=\"\u00edcone de economia w\" onerror=\"this.style.display='none'\" loading='lazy' \/>\r\n\t<h3><b>Gerenciamento de res\u00edduos sustent\u00e1vel e eficiente<\/b><\/h3>","protected":false},"excerpt":{"rendered":"<p>Desafios das estradas Estabiliza\u00e7\u00e3o de estradas Com chuvas fortes e tr\u00e1fego intenso, o material estabilizado na se\u00e7\u00e3o sofre processos de eros\u00e3o e assentamento. Como resultado, a base da estrada fica comprometida, o que reduz a capacidade de suporte de carga da estrada, acelerando sua degrada\u00e7\u00e3o, reduzindo sua vida \u00fatil e gerando um aumento significativo nos custos de manuten\u00e7\u00e3o. A regulariza\u00e7\u00e3o tradicional do subleito...<\/p>","protected":false},"author":1,"featured_media":0,"parent":120582,"menu_order":0,"comment_status":"closed","ping_status":"closed","template":"","meta":{"_acf_changed":false,"inline_featured_image":false,"footnotes":""},"class_list":["post-120990","page","type-page","status-publish","hentry"],"acf":[],"yoast_head":"<!-- This site is optimized with the Yoast SEO plugin v27.4 - https:\/\/yoast.com\/product\/yoast-seo-wordpress\/ -->\n<title>Soil Stabilization and Dust Control for Strong Roads | MetaFLO Technologies<\/title>\n<meta name=\"description\" content=\"Sustainable and environmentally safe solutions for soil stabilization and dust control on unpaved, gravel and haul roads.\" \/>\n<meta name=\"robots\" content=\"index, follow, max-snippet:-1, max-image-preview:large, max-video-preview:-1\" \/>\n<link rel=\"canonical\" href=\"https:\/\/www.metaflotech.com\/pt\/setores\/estradas\/\" \/>\n<meta property=\"og:locale\" content=\"pt_BR\" \/>\n<meta property=\"og:type\" content=\"article\" \/>\n<meta property=\"og:title\" content=\"Soil Stabilization and Dust Control for Strong Roads | MetaFLO Technologies\" \/>\n<meta property=\"og:description\" content=\"Sustainable and environmentally safe solutions for soil stabilization and dust control on unpaved, gravel and haul roads.\" \/>\n<meta property=\"og:url\" content=\"https:\/\/www.metaflotech.com\/pt\/setores\/estradas\/\" \/>\n<meta property=\"og:site_name\" content=\"MetaFLO Technologies\" \/>\n<meta property=\"article:publisher\" content=\"https:\/\/www.facebook.com\/MetaFLOTechnologies\/\" \/>\n<meta property=\"article:modified_time\" content=\"2026-03-12T13:18:12+00:00\" \/>\n<meta property=\"og:image\" content=\"https:\/\/www.metaflotech.com\/wp-content\/uploads\/2025\/02\/Roads-1.svg\" \/>\n<meta name=\"twitter:card\" content=\"summary_large_image\" \/>\n<meta name=\"twitter:site\" content=\"@metaflo\" \/>\n<meta name=\"twitter:label1\" content=\"Est. tempo de leitura\" \/>\n\t<meta name=\"twitter:data1\" content=\"4 minutos\" \/>\n<script type=\"application\/ld+json\" class=\"yoast-schema-graph\">{\"@context\":\"https:\\\/\\\/schema.org\",\"@graph\":[{\"@type\":\"WebPage\",\"@id\":\"https:\\\/\\\/www.metaflotech.com\\\/pt\\\/industries\\\/roads\\\/\",\"url\":\"https:\\\/\\\/www.metaflotech.com\\\/pt\\\/industries\\\/roads\\\/\",\"name\":\"Soil Stabilization and Dust Control for Strong Roads | MetaFLO Technologies\",\"isPartOf\":{\"@id\":\"https:\\\/\\\/www.metaflotech.com\\\/pt\\\/#website\"},\"primaryImageOfPage\":{\"@id\":\"https:\\\/\\\/www.metaflotech.com\\\/pt\\\/industries\\\/roads\\\/#primaryimage\"},\"image\":{\"@id\":\"https:\\\/\\\/www.metaflotech.com\\\/pt\\\/industries\\\/roads\\\/#primaryimage\"},\"thumbnailUrl\":\"https:\\\/\\\/www.metaflotech.com\\\/wp-content\\\/uploads\\\/2025\\\/02\\\/Roads-1.svg\",\"datePublished\":\"2024-12-25T10:46:43+00:00\",\"dateModified\":\"2026-03-12T13:18:12+00:00\",\"description\":\"Sustainable and environmentally safe solutions for soil stabilization and dust control on unpaved, gravel and haul roads.\",\"breadcrumb\":{\"@id\":\"https:\\\/\\\/www.metaflotech.com\\\/pt\\\/industries\\\/roads\\\/#breadcrumb\"},\"inLanguage\":\"pt-BR\",\"potentialAction\":[{\"@type\":\"ReadAction\",\"target\":[\"https:\\\/\\\/www.metaflotech.com\\\/pt\\\/industries\\\/roads\\\/\"]}]},{\"@type\":\"ImageObject\",\"inLanguage\":\"pt-BR\",\"@id\":\"https:\\\/\\\/www.metaflotech.com\\\/pt\\\/industries\\\/roads\\\/#primaryimage\",\"url\":\"https:\\\/\\\/www.metaflotech.com\\\/wp-content\\\/uploads\\\/2025\\\/02\\\/Roads-1.svg\",\"contentUrl\":\"https:\\\/\\\/www.metaflotech.com\\\/wp-content\\\/uploads\\\/2025\\\/02\\\/Roads-1.svg\"},{\"@type\":\"BreadcrumbList\",\"@id\":\"https:\\\/\\\/www.metaflotech.com\\\/pt\\\/industries\\\/roads\\\/#breadcrumb\",\"itemListElement\":[{\"@type\":\"ListItem\",\"position\":1,\"name\":\"Home\",\"item\":\"https:\\\/\\\/www.metaflotech.com\\\/\"},{\"@type\":\"ListItem\",\"position\":2,\"name\":\"Industries\",\"item\":\"https:\\\/\\\/www.metaflotech.com\\\/industries\\\/\"},{\"@type\":\"ListItem\",\"position\":3,\"name\":\"Soil Stabilization and Dust Control for Strong Roads\"}]},{\"@type\":\"WebSite\",\"@id\":\"https:\\\/\\\/www.metaflotech.com\\\/pt\\\/#website\",\"url\":\"https:\\\/\\\/www.metaflotech.com\\\/pt\\\/\",\"name\":\"MetaFLO Technologies\",\"description\":\"Engineered Polymer Solutions For Industrial Applications\",\"potentialAction\":[{\"@type\":\"SearchAction\",\"target\":{\"@type\":\"EntryPoint\",\"urlTemplate\":\"https:\\\/\\\/www.metaflotech.com\\\/pt\\\/?s={search_term_string}\"},\"query-input\":{\"@type\":\"PropertyValueSpecification\",\"valueRequired\":true,\"valueName\":\"search_term_string\"}}],\"inLanguage\":\"pt-BR\"}]}<\/script>\n<!-- \/ Yoast SEO plugin. -->","yoast_head_json":{"title":"Estabiliza\u00e7\u00e3o de Solo e Controle de Poeira em Estradas | MetaFLO","description":"Solu\u00e7\u00f5es sustent\u00e1veis e ambientalmente seguras para estabiliza\u00e7\u00e3o de solo e controle de poeira em estradas de terra, vias vicinais e estradas de minera\u00e7\u00e3o.","robots":{"index":"index","follow":"follow","max-snippet":"max-snippet:-1","max-image-preview":"max-image-preview:large","max-video-preview":"max-video-preview:-1"},"canonical":"https:\/\/www.metaflotech.com\/pt\/setores\/estradas\/","og_locale":"pt_BR","og_type":"article","og_title":"Soil Stabilization and Dust Control for Strong Roads | MetaFLO Technologies","og_description":"Sustainable and environmentally safe solutions for soil stabilization and dust control on unpaved, gravel and haul roads.","og_url":"https:\/\/www.metaflotech.com\/pt\/setores\/estradas\/","og_site_name":"MetaFLO Technologies","article_publisher":"https:\/\/www.facebook.com\/MetaFLOTechnologies\/","article_modified_time":"2026-03-12T13:18:12+00:00","og_image":[{"url":"https:\/\/www.metaflotech.com\/wp-content\/uploads\/2025\/02\/Roads-1.svg","type":"","width":"","height":""}],"twitter_card":"summary_large_image","twitter_site":"@metaflo","twitter_misc":{"Est. tempo de leitura":"4 minutos"},"schema":{"@context":"https:\/\/schema.org","@graph":[{"@type":"WebPage","@id":"https:\/\/www.metaflotech.com\/pt\/industries\/roads\/","url":"https:\/\/www.metaflotech.com\/pt\/industries\/roads\/","name":"Estabiliza\u00e7\u00e3o de Solo e Controle de Poeira em Estradas | MetaFLO","isPartOf":{"@id":"https:\/\/www.metaflotech.com\/pt\/#website"},"primaryImageOfPage":{"@id":"https:\/\/www.metaflotech.com\/pt\/industries\/roads\/#primaryimage"},"image":{"@id":"https:\/\/www.metaflotech.com\/pt\/industries\/roads\/#primaryimage"},"thumbnailUrl":"https:\/\/www.metaflotech.com\/wp-content\/uploads\/2025\/02\/Roads-1.svg","datePublished":"2024-12-25T10:46:43+00:00","dateModified":"2026-03-12T13:18:12+00:00","description":"Solu\u00e7\u00f5es sustent\u00e1veis e ambientalmente seguras para estabiliza\u00e7\u00e3o de solo e controle de poeira em estradas de terra, vias vicinais e estradas de minera\u00e7\u00e3o.","breadcrumb":{"@id":"https:\/\/www.metaflotech.com\/pt\/industries\/roads\/#breadcrumb"},"inLanguage":"pt-BR","potentialAction":[{"@type":"ReadAction","target":["https:\/\/www.metaflotech.com\/pt\/industries\/roads\/"]}]},{"@type":"ImageObject","inLanguage":"pt-BR","@id":"https:\/\/www.metaflotech.com\/pt\/industries\/roads\/#primaryimage","url":"https:\/\/www.metaflotech.com\/wp-content\/uploads\/2025\/02\/Roads-1.svg","contentUrl":"https:\/\/www.metaflotech.com\/wp-content\/uploads\/2025\/02\/Roads-1.svg"},{"@type":"BreadcrumbList","@id":"https:\/\/www.metaflotech.com\/pt\/industries\/roads\/#breadcrumb","itemListElement":[{"@type":"ListItem","position":1,"name":"Home","item":"https:\/\/www.metaflotech.com\/"},{"@type":"ListItem","position":2,"name":"Industries","item":"https:\/\/www.metaflotech.com\/industries\/"},{"@type":"ListItem","position":3,"name":"Soil Stabilization and Dust Control for Strong Roads"}]},{"@type":"WebSite","@id":"https:\/\/www.metaflotech.com\/pt\/#website","url":"https:\/\/www.metaflotech.com\/pt\/","name":"MetaFLO Technologies","description":"Solu\u00e7\u00f5es de pol\u00edmeros projetadas para aplica\u00e7\u00f5es industriais","potentialAction":[{"@type":"SearchAction","target":{"@type":"EntryPoint","urlTemplate":"https:\/\/www.metaflotech.com\/pt\/?s={search_term_string}"},"query-input":{"@type":"PropertyValueSpecification","valueRequired":true,"valueName":"search_term_string"}}],"inLanguage":"pt-BR"}]}},"_links":{"self":[{"href":"https:\/\/www.metaflotech.com\/pt\/wp-json\/wp\/v2\/pages\/120990","targetHints":{"allow":["GET"]}}],"collection":[{"href":"https:\/\/www.metaflotech.com\/pt\/wp-json\/wp\/v2\/pages"}],"about":[{"href":"https:\/\/www.metaflotech.com\/pt\/wp-json\/wp\/v2\/types\/page"}],"author":[{"embeddable":true,"href":"https:\/\/www.metaflotech.com\/pt\/wp-json\/wp\/v2\/users\/1"}],"replies":[{"embeddable":true,"href":"https:\/\/www.metaflotech.com\/pt\/wp-json\/wp\/v2\/comments?post=120990"}],"version-history":[{"count":0,"href":"https:\/\/www.metaflotech.com\/pt\/wp-json\/wp\/v2\/pages\/120990\/revisions"}],"up":[{"embeddable":true,"href":"https:\/\/www.metaflotech.com\/pt\/wp-json\/wp\/v2\/pages\/120582"}],"wp:attachment":[{"href":"https:\/\/www.metaflotech.com\/pt\/wp-json\/wp\/v2\/media?parent=120990"}],"curies":[{"name":"wp","href":"https:\/\/api.w.org\/{rel}","templated":true}]}}