{"id":121047,"date":"2024-12-25T11:01:37","date_gmt":"2024-12-25T11:01:37","guid":{"rendered":"https:\/\/www.metaflotech.com\/?page_id=121047"},"modified":"2026-03-12T13:19:57","modified_gmt":"2026-03-12T13:19:57","slug":"ambiental","status":"publish","type":"page","link":"https:\/\/www.metaflotech.com\/pt\/industries\/environmental\/","title":{"rendered":"Stormwater and Wastewater Sludge Solidification Solutions"},"content":{"rendered":"<h1><strong>Ambiental<\/strong><\/h1>\r\n<h2>\r\n\t\t\tDesafios\t<\/h2>\r\n\t<h3><strong>Lagoas de \u00e1guas pluviais\/esgoto<br \/>\r\n<\/strong><\/h3>\r\n\t\t\t <h4>A manuten\u00e7\u00e3o cont\u00ednua \u00e9 essencial para o sucesso de lagoas de \u00e1guas pluviais. Mas se o sedimento for deixado acumulando-se na lagoa e n\u00e3o for removido regularmente, a lagoa de \u00e1guas pluviais n\u00e3o poder\u00e1 mais filtrar adequadamente os detritos.<\/h4>\t\t\r\n\t\t\t <h4>Os m\u00e9todos tradicionais de manuseio de lodo exigem muito trabalho, tempo e s\u00e3o caros.<\/h4>\t\t\r\n\t\t\t <h4>Serragem, cal e cimento podem ser usados \u200b\u200bpara solidificar o lago, no entanto, esse m\u00e9todo pode aumentar os volumes de descarte em at\u00e9 300%, o que significa que os caminh\u00f5es basculantes t\u00eam mais para transportar e criam uma carga maior de res\u00edduos no local de descarte final.<\/h4>\t\t\r\n\t\t\t\t<img decoding=\"async\" src=\"https:\/\/www.metaflotech.com\/wp-content\/uploads\/2025\/02\/Environmental-1.svg\" alt=\"Meio ambiente 1\" itemprop=\"image\" height=\"843\" width=\"3859\" title=\"Meio ambiente 1\" onerror=\"this.style.display='none'\" loading='lazy' \/>\r\n<h2>\r\n\t\t\tSolu\u00e7\u00e3o da MetaFLO\t<\/h2>\r\n\t\t\t <h4>O reagente de solidifica\u00e7\u00e3o n\u00e3o t\u00f3xico e inerte* absorve rapidamente a \u00e1gua para solidificar a pasta no local em menos de uma hora.<\/h4>\t\t\r\n\t\t\t <h4>Uma vez solidificados, os res\u00edduos podem passar no Teste de Filtro de Tinta (PFT).<\/h4>\t\t\r\n\t\t\t <h4>O lodo solidificado \u00e9 transportado diretamente para o local de disposi\u00e7\u00e3o final, reduzindo os custos de transporte e descarte e melhorando a seguran\u00e7a e a conformidade regulat\u00f3ria.<\/h4>\t\t\r\n\t<p><em>*A classifica\u00e7\u00e3o do produto pode diferir entre as jurisdi\u00e7\u00f5es de diferentes pa\u00edses.<\/em><\/p>\r\n\t\t\t\t<img decoding=\"async\" src=\"https:\/\/www.metaflotech.com\/wp-content\/uploads\/2025\/02\/Environmental-4.svg\" alt=\"Meio ambiente 4\" itemprop=\"image\" height=\"1861\" width=\"1718\" title=\"Meio ambiente 4\" onerror=\"this.style.display='none'\" loading='lazy' \/>\r\n\t\t\t\t<a href=\"https:\/\/www.metaflotech.com\/pt\/produtos\/reagentes-de-solidificacao\/mf003\/\"  target=\"_blank\" rel=\"noopener\"  itemprop=\"url\">\r\n\t\t\t\t<img decoding=\"async\" src=\"https:\/\/www.metaflotech.com\/wp-content\/uploads\/2024\/03\/Logo-MF003.svg\" alt=\"Logotipo MF003\" itemprop=\"image\" height=\"100\" width=\"100\" title=\"Logotipo MF003\" onerror=\"this.style.display='none'\" loading='lazy' \/>\r\n\t\t\t\t<\/a>\r\n\t\t\t\t<a href=\"https:\/\/www.metaflotech.com\/pt\/produtos\/reagentes-de-solidificacao\/mf006\/\"  target=\"_blank\" rel=\"noopener\"  itemprop=\"url\">\r\n\t\t\t\t<img decoding=\"async\" src=\"https:\/\/www.metaflotech.com\/wp-content\/uploads\/2024\/03\/Logo-MF006.svg\" alt=\"Logotipo MF006\" itemprop=\"image\" height=\"100\" width=\"100\" title=\"Logotipo MF006\" onerror=\"this.style.display='none'\" loading='lazy' \/>\r\n\t\t\t\t<\/a>\r\n<h2>\r\n\t\t\tEstudos de caso\t<\/h2>\r\n<h3>\r\n\t\t<a href=\"https:\/\/www.metaflotech.com\/wp-content\/uploads\/2024\/12\/MF006-Case-Study-5_-Hydrovac-English-MetaFLO-Technologies.pdf\" title=\"Transformando Res\u00edduos de Hydrovac em Benef\u00edcios Agr\u00edcolas\"  target=\"_self\">\r\n\t\t\tTransformando Res\u00edduos de Hydrovac em Benef\u00edcios Agr\u00edcolas\t\t<\/a>\r\n\t<\/h3>\r\n\t<p>A MetaFLO reaproveita lama de hidrov\u00e1cuo para melhorar a sa\u00fade do solo e a sustentabilidade dos agricultores canadenses, transformando um subproduto industrial em um valioso recurso agr\u00edcola.<\/p>\r\n\t\t\t\t<img decoding=\"async\" src=\"https:\/\/www.metaflotech.com\/wp-content\/uploads\/2024\/10\/icon-transport-w.png\" alt=\"\u00edcone de transporte w\" itemprop=\"image\" height=\"311\" width=\"311\" title=\"\u00edcone de transporte w\" onerror=\"this.style.display='none'\" loading='lazy' \/>\r\n\t<h3><b>Reduzir significativamente os custos de transporte<\/b><\/h3>\r\n\t\t\t\t<img decoding=\"async\" src=\"https:\/\/www.metaflotech.com\/wp-content\/uploads\/2024\/10\/icon-ecology-w.png\" alt=\"\u00edcone ecologia w\" itemprop=\"image\" height=\"311\" width=\"311\" title=\"\u00edcone ecologia w\" onerror=\"this.style.display='none'\" loading='lazy' \/>\r\n\t<h3><b>Minimizar os riscos ambientais e de seguran\u00e7a<\/b><\/h3>\r\n\t\t\t\t<img decoding=\"async\" src=\"https:\/\/www.metaflotech.com\/wp-content\/uploads\/2024\/10\/icon-savings-w.png\" alt=\"\u00edcone de economia w\" itemprop=\"image\" height=\"311\" width=\"311\" title=\"\u00edcone de economia w\" onerror=\"this.style.display='none'\" loading='lazy' \/>\r\n\t<h3><b>Gerenciamento de res\u00edduos sustent\u00e1vel e eficiente<\/b><\/h3>","protected":false},"excerpt":{"rendered":"<p>Environmental Challenges Stormwater \/ Wastewater ponds Ongoing maintenance is key to the success of stormwater ponds. But if the sediment is left to build up in the pond and is not removed regularly, the stormwater pond can no longer properly filter debris. Traditional sludge handling methods are labor-intensive, time-consuming and costly. Sawdust, lime and cement&hellip;<\/p>","protected":false},"author":1,"featured_media":0,"parent":120582,"menu_order":0,"comment_status":"closed","ping_status":"closed","template":"","meta":{"_acf_changed":false,"inline_featured_image":false,"footnotes":""},"class_list":["post-121047","page","type-page","status-publish","hentry"],"acf":[],"yoast_head":"<!-- This site is optimized with the Yoast SEO plugin v27.4 - https:\/\/yoast.com\/product\/yoast-seo-wordpress\/ -->\n<title>Stormwater and Wastewater Sludge Solidification Solutions | MetaFLO Technologies<\/title>\n<meta name=\"description\" content=\"MetaFLO provides sustainable solutions for stormwater and wastewater pond sludge management, enabling efficient solidification while reducing transport and disposal volumes.\" \/>\n<meta name=\"robots\" content=\"index, follow, max-snippet:-1, max-image-preview:large, max-video-preview:-1\" \/>\n<link rel=\"canonical\" href=\"https:\/\/www.metaflotech.com\/pt\/setores\/ambiental\/\" \/>\n<meta property=\"og:locale\" content=\"pt_BR\" \/>\n<meta property=\"og:type\" content=\"article\" \/>\n<meta property=\"og:title\" content=\"Stormwater and Wastewater Sludge Solidification Solutions | MetaFLO Technologies\" \/>\n<meta property=\"og:description\" content=\"MetaFLO provides sustainable solutions for stormwater and wastewater pond sludge management, enabling efficient solidification while reducing transport and disposal volumes.\" \/>\n<meta property=\"og:url\" content=\"https:\/\/www.metaflotech.com\/pt\/setores\/ambiental\/\" \/>\n<meta property=\"og:site_name\" content=\"MetaFLO Technologies\" \/>\n<meta property=\"article:publisher\" content=\"https:\/\/www.facebook.com\/MetaFLOTechnologies\/\" \/>\n<meta property=\"article:modified_time\" content=\"2026-03-12T13:19:57+00:00\" \/>\n<meta property=\"og:image\" content=\"https:\/\/www.metaflotech.com\/wp-content\/uploads\/2025\/02\/Environmental-1.svg\" \/>\n<meta name=\"twitter:card\" content=\"summary_large_image\" \/>\n<meta name=\"twitter:site\" content=\"@metaflo\" \/>\n<meta name=\"twitter:label1\" content=\"Est. tempo de leitura\" \/>\n\t<meta name=\"twitter:data1\" content=\"3 minutos\" \/>\n<script type=\"application\/ld+json\" class=\"yoast-schema-graph\">{\"@context\":\"https:\\\/\\\/schema.org\",\"@graph\":[{\"@type\":\"WebPage\",\"@id\":\"https:\\\/\\\/www.metaflotech.com\\\/pt\\\/industries\\\/environmental\\\/\",\"url\":\"https:\\\/\\\/www.metaflotech.com\\\/pt\\\/industries\\\/environmental\\\/\",\"name\":\"Stormwater and Wastewater Sludge Solidification Solutions | MetaFLO Technologies\",\"isPartOf\":{\"@id\":\"https:\\\/\\\/www.metaflotech.com\\\/pt\\\/#website\"},\"primaryImageOfPage\":{\"@id\":\"https:\\\/\\\/www.metaflotech.com\\\/pt\\\/industries\\\/environmental\\\/#primaryimage\"},\"image\":{\"@id\":\"https:\\\/\\\/www.metaflotech.com\\\/pt\\\/industries\\\/environmental\\\/#primaryimage\"},\"thumbnailUrl\":\"https:\\\/\\\/www.metaflotech.com\\\/wp-content\\\/uploads\\\/2025\\\/02\\\/Environmental-1.svg\",\"datePublished\":\"2024-12-25T11:01:37+00:00\",\"dateModified\":\"2026-03-12T13:19:57+00:00\",\"description\":\"MetaFLO provides sustainable solutions for stormwater and wastewater pond sludge management, enabling efficient solidification while reducing transport and disposal volumes.\",\"breadcrumb\":{\"@id\":\"https:\\\/\\\/www.metaflotech.com\\\/pt\\\/industries\\\/environmental\\\/#breadcrumb\"},\"inLanguage\":\"pt-BR\",\"potentialAction\":[{\"@type\":\"ReadAction\",\"target\":[\"https:\\\/\\\/www.metaflotech.com\\\/pt\\\/industries\\\/environmental\\\/\"]}]},{\"@type\":\"ImageObject\",\"inLanguage\":\"pt-BR\",\"@id\":\"https:\\\/\\\/www.metaflotech.com\\\/pt\\\/industries\\\/environmental\\\/#primaryimage\",\"url\":\"https:\\\/\\\/www.metaflotech.com\\\/wp-content\\\/uploads\\\/2025\\\/02\\\/Environmental-1.svg\",\"contentUrl\":\"https:\\\/\\\/www.metaflotech.com\\\/wp-content\\\/uploads\\\/2025\\\/02\\\/Environmental-1.svg\"},{\"@type\":\"BreadcrumbList\",\"@id\":\"https:\\\/\\\/www.metaflotech.com\\\/pt\\\/industries\\\/environmental\\\/#breadcrumb\",\"itemListElement\":[{\"@type\":\"ListItem\",\"position\":1,\"name\":\"Home\",\"item\":\"https:\\\/\\\/www.metaflotech.com\\\/\"},{\"@type\":\"ListItem\",\"position\":2,\"name\":\"Industries\",\"item\":\"https:\\\/\\\/www.metaflotech.com\\\/industries\\\/\"},{\"@type\":\"ListItem\",\"position\":3,\"name\":\"Stormwater and Wastewater Sludge Solidification Solutions\"}]},{\"@type\":\"WebSite\",\"@id\":\"https:\\\/\\\/www.metaflotech.com\\\/pt\\\/#website\",\"url\":\"https:\\\/\\\/www.metaflotech.com\\\/pt\\\/\",\"name\":\"MetaFLO Technologies\",\"description\":\"Engineered Polymer Solutions For Industrial Applications\",\"potentialAction\":[{\"@type\":\"SearchAction\",\"target\":{\"@type\":\"EntryPoint\",\"urlTemplate\":\"https:\\\/\\\/www.metaflotech.com\\\/pt\\\/?s={search_term_string}\"},\"query-input\":{\"@type\":\"PropertyValueSpecification\",\"valueRequired\":true,\"valueName\":\"search_term_string\"}}],\"inLanguage\":\"pt-BR\"}]}<\/script>\n<!-- \/ Yoast SEO plugin. -->","yoast_head_json":{"title":"Solidifica\u00e7\u00e3o r\u00e1pida de Lodo de ETE e ETA | MetaFLO","description":"A MetaFLO oferece solu\u00e7\u00f5es ambientalmente seguras para solidifica\u00e7\u00e3o de lodo de ETE e ETA, facilitando transporte, descarte e gest\u00e3o de res\u00edduos no saneamento.","robots":{"index":"index","follow":"follow","max-snippet":"max-snippet:-1","max-image-preview":"max-image-preview:large","max-video-preview":"max-video-preview:-1"},"canonical":"https:\/\/www.metaflotech.com\/pt\/setores\/ambiental\/","og_locale":"pt_BR","og_type":"article","og_title":"Stormwater and Wastewater Sludge Solidification Solutions | MetaFLO Technologies","og_description":"MetaFLO provides sustainable solutions for stormwater and wastewater pond sludge management, enabling efficient solidification while reducing transport and disposal volumes.","og_url":"https:\/\/www.metaflotech.com\/pt\/setores\/ambiental\/","og_site_name":"MetaFLO Technologies","article_publisher":"https:\/\/www.facebook.com\/MetaFLOTechnologies\/","article_modified_time":"2026-03-12T13:19:57+00:00","og_image":[{"url":"https:\/\/www.metaflotech.com\/wp-content\/uploads\/2025\/02\/Environmental-1.svg","type":"","width":"","height":""}],"twitter_card":"summary_large_image","twitter_site":"@metaflo","twitter_misc":{"Est. tempo de leitura":"3 minutos"},"schema":{"@context":"https:\/\/schema.org","@graph":[{"@type":"WebPage","@id":"https:\/\/www.metaflotech.com\/pt\/industries\/environmental\/","url":"https:\/\/www.metaflotech.com\/pt\/industries\/environmental\/","name":"Solidifica\u00e7\u00e3o r\u00e1pida de Lodo de ETE e ETA | MetaFLO","isPartOf":{"@id":"https:\/\/www.metaflotech.com\/pt\/#website"},"primaryImageOfPage":{"@id":"https:\/\/www.metaflotech.com\/pt\/industries\/environmental\/#primaryimage"},"image":{"@id":"https:\/\/www.metaflotech.com\/pt\/industries\/environmental\/#primaryimage"},"thumbnailUrl":"https:\/\/www.metaflotech.com\/wp-content\/uploads\/2025\/02\/Environmental-1.svg","datePublished":"2024-12-25T11:01:37+00:00","dateModified":"2026-03-12T13:19:57+00:00","description":"A MetaFLO oferece solu\u00e7\u00f5es ambientalmente seguras para solidifica\u00e7\u00e3o de lodo de ETE e ETA, facilitando transporte, descarte e gest\u00e3o de res\u00edduos no saneamento.","breadcrumb":{"@id":"https:\/\/www.metaflotech.com\/pt\/industries\/environmental\/#breadcrumb"},"inLanguage":"pt-BR","potentialAction":[{"@type":"ReadAction","target":["https:\/\/www.metaflotech.com\/pt\/industries\/environmental\/"]}]},{"@type":"ImageObject","inLanguage":"pt-BR","@id":"https:\/\/www.metaflotech.com\/pt\/industries\/environmental\/#primaryimage","url":"https:\/\/www.metaflotech.com\/wp-content\/uploads\/2025\/02\/Environmental-1.svg","contentUrl":"https:\/\/www.metaflotech.com\/wp-content\/uploads\/2025\/02\/Environmental-1.svg"},{"@type":"BreadcrumbList","@id":"https:\/\/www.metaflotech.com\/pt\/industries\/environmental\/#breadcrumb","itemListElement":[{"@type":"ListItem","position":1,"name":"Home","item":"https:\/\/www.metaflotech.com\/"},{"@type":"ListItem","position":2,"name":"Industries","item":"https:\/\/www.metaflotech.com\/industries\/"},{"@type":"ListItem","position":3,"name":"Stormwater and Wastewater Sludge Solidification Solutions"}]},{"@type":"WebSite","@id":"https:\/\/www.metaflotech.com\/pt\/#website","url":"https:\/\/www.metaflotech.com\/pt\/","name":"MetaFLO Technologies","description":"Solu\u00e7\u00f5es de pol\u00edmeros projetadas para aplica\u00e7\u00f5es industriais","potentialAction":[{"@type":"SearchAction","target":{"@type":"EntryPoint","urlTemplate":"https:\/\/www.metaflotech.com\/pt\/?s={search_term_string}"},"query-input":{"@type":"PropertyValueSpecification","valueRequired":true,"valueName":"search_term_string"}}],"inLanguage":"pt-BR"}]}},"_links":{"self":[{"href":"https:\/\/www.metaflotech.com\/pt\/wp-json\/wp\/v2\/pages\/121047","targetHints":{"allow":["GET"]}}],"collection":[{"href":"https:\/\/www.metaflotech.com\/pt\/wp-json\/wp\/v2\/pages"}],"about":[{"href":"https:\/\/www.metaflotech.com\/pt\/wp-json\/wp\/v2\/types\/page"}],"author":[{"embeddable":true,"href":"https:\/\/www.metaflotech.com\/pt\/wp-json\/wp\/v2\/users\/1"}],"replies":[{"embeddable":true,"href":"https:\/\/www.metaflotech.com\/pt\/wp-json\/wp\/v2\/comments?post=121047"}],"version-history":[{"count":0,"href":"https:\/\/www.metaflotech.com\/pt\/wp-json\/wp\/v2\/pages\/121047\/revisions"}],"up":[{"embeddable":true,"href":"https:\/\/www.metaflotech.com\/pt\/wp-json\/wp\/v2\/pages\/120582"}],"wp:attachment":[{"href":"https:\/\/www.metaflotech.com\/pt\/wp-json\/wp\/v2\/media?parent=121047"}],"curies":[{"name":"wp","href":"https:\/\/api.w.org\/{rel}","templated":true}]}}