{"id":121146,"date":"2024-12-25T11:28:41","date_gmt":"2024-12-25T11:28:41","guid":{"rendered":"https:\/\/www.metaflotech.com\/?page_id=121146"},"modified":"2026-03-12T13:17:13","modified_gmt":"2026-03-12T13:17:13","slug":"servicos-publicos-de-energia","status":"publish","type":"page","link":"https:\/\/www.metaflotech.com\/pt\/industries\/energy-utilities\/","title":{"rendered":"HydroVac Slurry Solidification for Energy and Utilities"},"content":{"rendered":"<h1><strong>Distribuidoras de energia<\/strong><\/h1>\r\n\t\t\t\t<img decoding=\"async\" src=\"https:\/\/www.metaflotech.com\/wp-content\/uploads\/2025\/02\/Energy-Utilities-1.svg\" alt=\"Servi\u00e7os de energia 1\" itemprop=\"image\" height=\"1088\" width=\"1532\" title=\"Servi\u00e7os de energia 1\" onerror=\"this.style.display='none'\" loading='lazy' \/>\r\n<h2>\r\n\t\t\tDesafios\t<\/h2>\r\n\t<p><strong>As concession\u00e1rias de energia precisam de um m\u00e9todo seguro para descobrir infraestrutura subterr\u00e2nea (cabos, canos, condu\u00edtes, etc.), sendo os caminh\u00f5es HydroVac a solu\u00e7\u00e3o mais comum. <\/strong><\/p>\r\n<p>No entanto, seu uso e o descarte subsequente de res\u00edduos l\u00edquidos apresentam v\u00e1rios desafios em dom\u00ednios ambientais, log\u00edsticos, operacionais e de conformidade. Frotas desses caminh\u00f5es s\u00e3o usadas todos os dias para dar suporte \u00e0 manuten\u00e7\u00e3o desse recurso cr\u00edtico.<\/p>\r\n\t<h3><b>Risco de Contamina\u00e7\u00e3o<br \/>\r\n<\/b><\/h3>\r\n\t<p>O lodo do Hydrovac geralmente cont\u00e9m uma mistura de solo, \u00e1gua e subst\u00e2ncias potencialmente prejudiciais, como hidrocarbonetos, sais ou metais pesados. O descarte inadequado pode contaminar o solo e as fontes de \u00e1gua.<\/p>\r\n\t<h3><strong>Transporte<br \/>\r\n<\/strong><\/h3>\r\n\t\t\t <h4>O lodo l\u00edquido \u00e9 pesado e volumoso, o que aumenta os custos de combust\u00edvel e causa desgaste em ve\u00edculos e estradas durante o transporte at\u00e9 os locais de descarte.<\/h4>\r\n\t\t\t <h4>Riscos de derramamento durante o transporte podem resultar em danos ambientais e custos de limpeza.<\/h4>\r\n\t<h3><strong>Disponibilidade limitada do local de descarte<br \/>\r\n<\/strong><\/h3>\r\n\t\t\t <h4>Muitas regi\u00f5es t\u00eam escassez de instala\u00e7\u00f5es equipadas para lidar com o lodo de hidrov\u00e1cuo, for\u00e7ando dist\u00e2ncias de transporte maiores e maiores custos operacionais.<\/h4>\r\n\t<h3><strong>Restri\u00e7\u00f5es de armazenamento\r\n<\/strong><\/h3>\r\n\t\t\t <h4>Armazenar res\u00edduos l\u00edquidos no local requer tanques ou sistemas de conten\u00e7\u00e3o, o que pode n\u00e3o ser vi\u00e1vel em \u00e1reas confinadas ou urbanas.<\/h4>\r\n\t\t\t\t<img decoding=\"async\" src=\"https:\/\/www.metaflotech.com\/wp-content\/uploads\/2025\/02\/Energy-Utilities-2.svg\" alt=\"Servi\u00e7os de energia 2\" itemprop=\"image\" height=\"1860\" width=\"1712\" title=\"Servi\u00e7os de energia 2\" onerror=\"this.style.display='none'\" loading='lazy' \/>\r\n\t\t\t\t<img decoding=\"async\" src=\"https:\/\/www.metaflotech.com\/wp-content\/uploads\/2025\/02\/Energy-Utilities-2.svg\" alt=\"Servi\u00e7os de energia 2\" itemprop=\"image\" height=\"1860\" width=\"1712\" title=\"Servi\u00e7os de energia 2\" onerror=\"this.style.display='none'\" loading='lazy' \/>\r\n\t<h3><strong>Atrasos no descarte<br \/>\r\n<\/strong><\/h3>\r\n\t\t\t <h4>Atrasos nas instala\u00e7\u00f5es de descarte devido a altos volumes ou atrasos no processamento podem atrasar os cronogramas do projeto, reduzindo a efici\u00eancia geral.<\/h4>\r\n\t\t\t <h4>Os caminh\u00f5es Hydrovac precisam ser esvaziados com frequ\u00eancia, reduzindo sua disponibilidade.<\/h4>\r\n\t<h3><strong>Regulamentos de descarte<br \/>\r\n<\/strong><\/h3>\r\n\t\t\t <h4>Regulamenta\u00e7\u00f5es rigorosas governam o descarte de res\u00edduos de hydrovac, exigindo tratamento ou solidifica\u00e7\u00e3o adequados. O n\u00e3o cumprimento pode levar a multas e a\u00e7\u00f5es legais.<\/h4>\t\t\r\n\t<h2>\r\n\t\t\tSolu\u00e7\u00e3o da MetaFLO\t<\/h2>\r\n\t\t\t <h4>Reagentes de solidifica\u00e7\u00e3o n\u00e3o t\u00f3xicos e inertes* e biopol\u00edmeros solidificam a pasta no local em minutos.<\/h4>\t\t\r\n\t\t\t <h4>Os res\u00edduos solidificados podem passar no Teste de Filtro de Tinta (PFT) e no Teste de Abatimento.<\/h4>\t\t\r\n\t\t\t <h4>Os custos de transporte e descarte s\u00e3o reduzidos, ao mesmo tempo em que melhoram a seguran\u00e7a e a conformidade regulat\u00f3ria.<\/h4>\t\t\r\n\t<p><em>*A classifica\u00e7\u00e3o do produto pode diferir entre as jurisdi\u00e7\u00f5es de diferentes pa\u00edses.<\/em><\/p>\r\n\t\t\t\t<img decoding=\"async\" src=\"https:\/\/www.metaflotech.com\/wp-content\/uploads\/2024\/10\/Reagents-Hero.png\" alt=\"Her\u00f3i dos reagentes\" itemprop=\"image\" height=\"449\" width=\"800\" onerror=\"this.style.display='none'\" loading='lazy' \/>\r\n\t\t\t\t<a href=\"https:\/\/www.metaflotech.com\/pt\/produtos\/reagentes-de-solidificacao\/mf003\/\"  target=\"_blank\" rel=\"noopener\"  itemprop=\"url\">\r\n\t\t\t\t<img decoding=\"async\" src=\"https:\/\/www.metaflotech.com\/wp-content\/uploads\/2024\/03\/Logo-MF003.svg\" alt=\"Logotipo MF003\" itemprop=\"image\" height=\"100\" width=\"100\" title=\"Logotipo MF003\" onerror=\"this.style.display='none'\" loading='lazy' \/>\r\n\t\t\t\t<\/a>\r\n\t\t\t\t<a href=\"https:\/\/www.metaflotech.com\/pt\/produtos\/reagentes-de-solidificacao\/mf006\/\"  target=\"_blank\" rel=\"noopener\"  itemprop=\"url\">\r\n\t\t\t\t<img decoding=\"async\" src=\"https:\/\/www.metaflotech.com\/wp-content\/uploads\/2024\/03\/Logo-MF006.svg\" alt=\"Logotipo MF006\" itemprop=\"image\" height=\"100\" width=\"100\" title=\"Logotipo MF006\" onerror=\"this.style.display='none'\" loading='lazy' \/>\r\n\t\t\t\t<\/a>\r\n\t\t\t\t<img decoding=\"async\" src=\"https:\/\/www.metaflotech.com\/wp-content\/uploads\/2025\/02\/Energy-Utilities-4.svg\" alt=\"Servi\u00e7os de energia 4\" itemprop=\"image\" height=\"847\" width=\"3838\" title=\"Servi\u00e7os de energia 4\" onerror=\"this.style.display='none'\" loading='lazy' \/>\r\n\t\t\t\t<img decoding=\"async\" src=\"https:\/\/www.metaflotech.com\/wp-content\/uploads\/2024\/10\/icon-transport-w.png\" alt=\"\u00edcone de transporte w\" itemprop=\"image\" height=\"311\" width=\"311\" title=\"\u00edcone de transporte w\" onerror=\"this.style.display='none'\" loading='lazy' \/>\r\n\t<h3><b>Reduzir significativamente os custos de transporte<\/b><\/h3>\r\n\t\t\t\t<img decoding=\"async\" src=\"https:\/\/www.metaflotech.com\/wp-content\/uploads\/2024\/10\/icon-ecology-w.png\" alt=\"\u00edcone ecologia w\" itemprop=\"image\" height=\"311\" width=\"311\" title=\"\u00edcone ecologia w\" onerror=\"this.style.display='none'\" loading='lazy' \/>\r\n\t<h3><b>Minimizar os riscos ambientais e de seguran\u00e7a<\/b><\/h3>\r\n\t\t\t\t<img decoding=\"async\" src=\"https:\/\/www.metaflotech.com\/wp-content\/uploads\/2024\/10\/icon-savings-w.png\" alt=\"\u00edcone de economia w\" itemprop=\"image\" height=\"311\" width=\"311\" title=\"\u00edcone de economia w\" onerror=\"this.style.display='none'\" loading='lazy' \/>\r\n\t<h3><b>Gerenciamento de res\u00edduos sustent\u00e1vel e eficiente<\/b><\/h3>","protected":false},"excerpt":{"rendered":"<p>Energy Utilities Challenges Energy utilities require a safe method to uncover underground infrastructure (cables, pipes, conduits, etc.), with HydroVac trucks being the most common solution. However, their use and the subsequent disposal of liquid waste present several challenges across environmental, logistical, operational, and compliance domains. Fleets of these trucks are used every day to support&hellip;<\/p>","protected":false},"author":1,"featured_media":0,"parent":120582,"menu_order":0,"comment_status":"closed","ping_status":"closed","template":"","meta":{"_acf_changed":false,"inline_featured_image":false,"footnotes":""},"class_list":["post-121146","page","type-page","status-publish","hentry"],"acf":[],"yoast_head":"<!-- This site is optimized with the Yoast SEO plugin v27.5 - https:\/\/yoast.com\/product\/yoast-seo-wordpress\/ -->\n<title>HydroVac Slurry Solidification for Energy and Utilities | MetaFLO Technologies<\/title>\n<meta name=\"description\" content=\"MetaFLO solidification reagents rapidly treat hydrovac slurry on-site, reducing hauling, disposal costs and environmental risks.\" \/>\n<meta name=\"robots\" content=\"index, follow, max-snippet:-1, max-image-preview:large, max-video-preview:-1\" \/>\n<link rel=\"canonical\" href=\"https:\/\/www.metaflotech.com\/pt\/setores\/servicos-publicos-de-energia\/\" \/>\n<meta property=\"og:locale\" content=\"pt_BR\" \/>\n<meta property=\"og:type\" content=\"article\" \/>\n<meta property=\"og:title\" content=\"HydroVac Slurry Solidification for Energy and Utilities | MetaFLO Technologies\" \/>\n<meta property=\"og:description\" content=\"MetaFLO solidification reagents rapidly treat hydrovac slurry on-site, reducing hauling, disposal costs and environmental risks.\" \/>\n<meta property=\"og:url\" content=\"https:\/\/www.metaflotech.com\/pt\/setores\/servicos-publicos-de-energia\/\" \/>\n<meta property=\"og:site_name\" content=\"MetaFLO Technologies\" \/>\n<meta property=\"article:publisher\" content=\"https:\/\/www.facebook.com\/MetaFLOTechnologies\/\" \/>\n<meta property=\"article:modified_time\" content=\"2026-03-12T13:17:13+00:00\" \/>\n<meta property=\"og:image\" content=\"https:\/\/www.metaflotech.com\/wp-content\/uploads\/2025\/02\/Energy-Utilities-1.svg\" \/>\n<meta name=\"twitter:card\" content=\"summary_large_image\" \/>\n<meta name=\"twitter:site\" content=\"@metaflo\" \/>\n<meta name=\"twitter:label1\" content=\"Est. tempo de leitura\" \/>\n\t<meta name=\"twitter:data1\" content=\"4 minutos\" \/>\n<script type=\"application\/ld+json\" class=\"yoast-schema-graph\">{\"@context\":\"https:\\\/\\\/schema.org\",\"@graph\":[{\"@type\":\"WebPage\",\"@id\":\"https:\\\/\\\/www.metaflotech.com\\\/pt\\\/industries\\\/energy-utilities\\\/\",\"url\":\"https:\\\/\\\/www.metaflotech.com\\\/pt\\\/industries\\\/energy-utilities\\\/\",\"name\":\"HydroVac Slurry Solidification for Energy and Utilities | MetaFLO Technologies\",\"isPartOf\":{\"@id\":\"https:\\\/\\\/www.metaflotech.com\\\/pt\\\/#website\"},\"primaryImageOfPage\":{\"@id\":\"https:\\\/\\\/www.metaflotech.com\\\/pt\\\/industries\\\/energy-utilities\\\/#primaryimage\"},\"image\":{\"@id\":\"https:\\\/\\\/www.metaflotech.com\\\/pt\\\/industries\\\/energy-utilities\\\/#primaryimage\"},\"thumbnailUrl\":\"https:\\\/\\\/www.metaflotech.com\\\/wp-content\\\/uploads\\\/2025\\\/02\\\/Energy-Utilities-1.svg\",\"datePublished\":\"2024-12-25T11:28:41+00:00\",\"dateModified\":\"2026-03-12T13:17:13+00:00\",\"description\":\"MetaFLO solidification reagents rapidly treat hydrovac slurry on-site, reducing hauling, disposal costs and environmental risks.\",\"breadcrumb\":{\"@id\":\"https:\\\/\\\/www.metaflotech.com\\\/pt\\\/industries\\\/energy-utilities\\\/#breadcrumb\"},\"inLanguage\":\"pt-BR\",\"potentialAction\":[{\"@type\":\"ReadAction\",\"target\":[\"https:\\\/\\\/www.metaflotech.com\\\/pt\\\/industries\\\/energy-utilities\\\/\"]}]},{\"@type\":\"ImageObject\",\"inLanguage\":\"pt-BR\",\"@id\":\"https:\\\/\\\/www.metaflotech.com\\\/pt\\\/industries\\\/energy-utilities\\\/#primaryimage\",\"url\":\"https:\\\/\\\/www.metaflotech.com\\\/wp-content\\\/uploads\\\/2025\\\/02\\\/Energy-Utilities-1.svg\",\"contentUrl\":\"https:\\\/\\\/www.metaflotech.com\\\/wp-content\\\/uploads\\\/2025\\\/02\\\/Energy-Utilities-1.svg\"},{\"@type\":\"BreadcrumbList\",\"@id\":\"https:\\\/\\\/www.metaflotech.com\\\/pt\\\/industries\\\/energy-utilities\\\/#breadcrumb\",\"itemListElement\":[{\"@type\":\"ListItem\",\"position\":1,\"name\":\"Home\",\"item\":\"https:\\\/\\\/www.metaflotech.com\\\/\"},{\"@type\":\"ListItem\",\"position\":2,\"name\":\"Industries\",\"item\":\"https:\\\/\\\/www.metaflotech.com\\\/industries\\\/\"},{\"@type\":\"ListItem\",\"position\":3,\"name\":\"HydroVac Slurry Solidification for Energy and Utilities\"}]},{\"@type\":\"WebSite\",\"@id\":\"https:\\\/\\\/www.metaflotech.com\\\/pt\\\/#website\",\"url\":\"https:\\\/\\\/www.metaflotech.com\\\/pt\\\/\",\"name\":\"MetaFLO Technologies\",\"description\":\"Engineered Polymer Solutions For Industrial Applications\",\"potentialAction\":[{\"@type\":\"SearchAction\",\"target\":{\"@type\":\"EntryPoint\",\"urlTemplate\":\"https:\\\/\\\/www.metaflotech.com\\\/pt\\\/?s={search_term_string}\"},\"query-input\":{\"@type\":\"PropertyValueSpecification\",\"valueRequired\":true,\"valueName\":\"search_term_string\"}}],\"inLanguage\":\"pt-BR\"}]}<\/script>\n<!-- \/ Yoast SEO plugin. -->","yoast_head_json":{"title":"Solidifica\u00e7\u00e3o de Lama de Hidro Escava\u00e7\u00e3o (HydroVac) | MetaFLO","description":"A solu\u00e7\u00e3o da MetaFLO solidifica rapidamente res\u00edduos de hidro escava\u00e7\u00e3o (HydroVac) no local, reduzindo custos de transporte, descarte e riscos ambientais.","robots":{"index":"index","follow":"follow","max-snippet":"max-snippet:-1","max-image-preview":"max-image-preview:large","max-video-preview":"max-video-preview:-1"},"canonical":"https:\/\/www.metaflotech.com\/pt\/setores\/servicos-publicos-de-energia\/","og_locale":"pt_BR","og_type":"article","og_title":"HydroVac Slurry Solidification for Energy and Utilities | MetaFLO Technologies","og_description":"MetaFLO solidification reagents rapidly treat hydrovac slurry on-site, reducing hauling, disposal costs and environmental risks.","og_url":"https:\/\/www.metaflotech.com\/pt\/setores\/servicos-publicos-de-energia\/","og_site_name":"MetaFLO Technologies","article_publisher":"https:\/\/www.facebook.com\/MetaFLOTechnologies\/","article_modified_time":"2026-03-12T13:17:13+00:00","og_image":[{"url":"https:\/\/www.metaflotech.com\/wp-content\/uploads\/2025\/02\/Energy-Utilities-1.svg","type":"","width":"","height":""}],"twitter_card":"summary_large_image","twitter_site":"@metaflo","twitter_misc":{"Est. tempo de leitura":"4 minutos"},"schema":{"@context":"https:\/\/schema.org","@graph":[{"@type":"WebPage","@id":"https:\/\/www.metaflotech.com\/pt\/industries\/energy-utilities\/","url":"https:\/\/www.metaflotech.com\/pt\/industries\/energy-utilities\/","name":"Solidifica\u00e7\u00e3o de Lama de Hidro Escava\u00e7\u00e3o (HydroVac) | MetaFLO","isPartOf":{"@id":"https:\/\/www.metaflotech.com\/pt\/#website"},"primaryImageOfPage":{"@id":"https:\/\/www.metaflotech.com\/pt\/industries\/energy-utilities\/#primaryimage"},"image":{"@id":"https:\/\/www.metaflotech.com\/pt\/industries\/energy-utilities\/#primaryimage"},"thumbnailUrl":"https:\/\/www.metaflotech.com\/wp-content\/uploads\/2025\/02\/Energy-Utilities-1.svg","datePublished":"2024-12-25T11:28:41+00:00","dateModified":"2026-03-12T13:17:13+00:00","description":"A solu\u00e7\u00e3o da MetaFLO solidifica rapidamente res\u00edduos de hidro escava\u00e7\u00e3o (HydroVac) no local, reduzindo custos de transporte, descarte e riscos ambientais.","breadcrumb":{"@id":"https:\/\/www.metaflotech.com\/pt\/industries\/energy-utilities\/#breadcrumb"},"inLanguage":"pt-BR","potentialAction":[{"@type":"ReadAction","target":["https:\/\/www.metaflotech.com\/pt\/industries\/energy-utilities\/"]}]},{"@type":"ImageObject","inLanguage":"pt-BR","@id":"https:\/\/www.metaflotech.com\/pt\/industries\/energy-utilities\/#primaryimage","url":"https:\/\/www.metaflotech.com\/wp-content\/uploads\/2025\/02\/Energy-Utilities-1.svg","contentUrl":"https:\/\/www.metaflotech.com\/wp-content\/uploads\/2025\/02\/Energy-Utilities-1.svg"},{"@type":"BreadcrumbList","@id":"https:\/\/www.metaflotech.com\/pt\/industries\/energy-utilities\/#breadcrumb","itemListElement":[{"@type":"ListItem","position":1,"name":"Home","item":"https:\/\/www.metaflotech.com\/"},{"@type":"ListItem","position":2,"name":"Industries","item":"https:\/\/www.metaflotech.com\/industries\/"},{"@type":"ListItem","position":3,"name":"HydroVac Slurry Solidification for Energy and Utilities"}]},{"@type":"WebSite","@id":"https:\/\/www.metaflotech.com\/pt\/#website","url":"https:\/\/www.metaflotech.com\/pt\/","name":"MetaFLO Technologies","description":"Solu\u00e7\u00f5es de pol\u00edmeros projetadas para aplica\u00e7\u00f5es industriais","potentialAction":[{"@type":"SearchAction","target":{"@type":"EntryPoint","urlTemplate":"https:\/\/www.metaflotech.com\/pt\/?s={search_term_string}"},"query-input":{"@type":"PropertyValueSpecification","valueRequired":true,"valueName":"search_term_string"}}],"inLanguage":"pt-BR"}]}},"_links":{"self":[{"href":"https:\/\/www.metaflotech.com\/pt\/wp-json\/wp\/v2\/pages\/121146","targetHints":{"allow":["GET"]}}],"collection":[{"href":"https:\/\/www.metaflotech.com\/pt\/wp-json\/wp\/v2\/pages"}],"about":[{"href":"https:\/\/www.metaflotech.com\/pt\/wp-json\/wp\/v2\/types\/page"}],"author":[{"embeddable":true,"href":"https:\/\/www.metaflotech.com\/pt\/wp-json\/wp\/v2\/users\/1"}],"replies":[{"embeddable":true,"href":"https:\/\/www.metaflotech.com\/pt\/wp-json\/wp\/v2\/comments?post=121146"}],"version-history":[{"count":0,"href":"https:\/\/www.metaflotech.com\/pt\/wp-json\/wp\/v2\/pages\/121146\/revisions"}],"up":[{"embeddable":true,"href":"https:\/\/www.metaflotech.com\/pt\/wp-json\/wp\/v2\/pages\/120582"}],"wp:attachment":[{"href":"https:\/\/www.metaflotech.com\/pt\/wp-json\/wp\/v2\/media?parent=121146"}],"curies":[{"name":"wp","href":"https:\/\/api.w.org\/{rel}","templated":true}]}}