{"id":73455,"date":"2021-04-23T15:26:18","date_gmt":"2021-04-23T15:26:18","guid":{"rendered":"https:\/\/metaflotech.com\/?page_id=73455"},"modified":"2025-11-22T07:54:15","modified_gmt":"2025-11-22T07:54:15","slug":"o-que-e-o-reagente-de-solidificacao-metaflo","status":"publish","type":"page","link":"https:\/\/www.metaflotech.com\/pt\/what-is-metaflo-solidification-reagent\/","title":{"rendered":"O que \u00e9 MetaFLO"},"content":{"rendered":"<h1>\n\t\t\tO que \u00e9 MetaFLO?\t<\/h1>\n<h2>\n\t\t\tReagente de solidifica\u00e7\u00e3o\t<\/h2>\n<h3>\n\t\t\tTransformando res\u00edduos l\u00edquidos em s\u00f3lidos empilh\u00e1veis\t<\/h3>\n\t\t<iframe loading=\"lazy\" width=\"560\" height=\"315\" src=\"https:\/\/www.youtube.com\/embed\/WlS27JOvtbg\" title=\"Understanding Solidification - MetaFLO Technologies\" frameborder=\"0\" allow=\"accelerometer; autoplay; clipboard-write; encrypted-media; gyroscope; picture-in-picture\" allowfullscreen><\/iframe>\t\n\t<p>Os reagentes MetaFLO transformam res\u00edduos l\u00edquidos em um s\u00f3lido empilh\u00e1vel em tempo real, adicionando apenas <strong>1\/2 de 1% <\/strong>do volume de res\u00edduos l\u00edquidos. Os reagentes MetaFLO, uma qu\u00edmica de reagentes patenteada, substituem a necessidade de muitas alternativas comuns e mais caras, como cimento Portland, serragem, cal, flyash e outras, proporcionando uma maneira f\u00e1cil, r\u00e1pida e ecologicamente correta de gerenciar seus fluxos de res\u00edduos l\u00edquidos.<\/p>\n\t<p>MetaFLO&#8217;s proprietary reagent formula solidifies liquid waste in minutes while only increasing overall waste by &lt;1%, typically a lot lower, making it easier, more efficient and less costly to dispose.<\/p>\n<h3><strong>Por que usar o MetaFLO<\/strong><\/h3>\n<ul>\n<li>MetaFLO reagents are fast &#8211; Immediately converts liquid waste to a solid in minutes.<\/li>\n<li>MetaFLO reagents are easy &#8211; Creates a dry, stackable solid for easy handling.<\/li>\n<li>O MetaFLO tem um fator de aumento de volume de apenas 100% e, \u00e0s vezes, &gt;200%.<\/li>\n<li>Os reagentes MetaFLO s\u00e3o melhores para o meio ambiente do que os corretivos convencionais.<\/li>\n<li>Ajuda os res\u00edduos a passar pelo procedimento de lixivia\u00e7\u00e3o caracter\u00edstica de toxicidade (EPA Method 1311).<\/li>\n<li>Ajuda os res\u00edduos a passar pelos crit\u00e9rios do filtro de tinta (EPA 9095).<\/li>\n<li>Pode ser depositado em aterros sanit\u00e1rios e n\u00e3o se biodegrada.<\/li>\n<\/ul>\n<h3><strong>Uma solu\u00e7\u00e3o s\u00f3lida<\/strong><\/h3>\n<p>MetaFLO&#8217;s proprietary reagent chemistry, when combined with existing industry standard mechanical mixing technologies, turn liquid waste into a manageable solid in real-time, on site.<\/p>\n<h3><strong>Como o MetaFLO funciona?<\/strong><\/h3>\n<p>MetaFLO reagents work in a variety of applications where liquid waste is produced from pipeline, infrastructure construction, boring, tunneling, micro-tunneling, hydro excavation and horizontal directional drilling (HDD). The reagents also work well in the solidification of municipal wastewater sediment and storm water settling pond sediment, liquid transfer station sludge and more. In a large-scale construction project, for example, we isolated the produced bored out slurry &#8211; a combination of mud, water and other sub-soil debris elements &#8211; and applied a minimal dose of MetaFLO&#8217;s reagent. The result? Within minutes you have solid, stackable material waste ready for disposal using conventional dump trucks that reduce costs and time required for disposal.<\/p>\n\t\t\t\t<img decoding=\"async\" src=\"https:\/\/www.metaflotech.com\/wp-content\/uploads\/2024\/12\/MetaFLO-reagent-directional-drilling-liquid-waste-solidification-PT.webp\" alt=\"Reagente MetaFLO para solidifica\u00e7\u00e3o de res\u00edduos l\u00edquidos de perfura\u00e7\u00e3o direcional - PT\" itemprop=\"image\" height=\"516\" width=\"1054\" title=\"Reagente MetaFLO para solidifica\u00e7\u00e3o de res\u00edduos l\u00edquidos de perfura\u00e7\u00e3o direcional - PT\" onerror=\"this.style.display='none'\" loading=\"lazy\" \/>\n\t\t\t\t<img decoding=\"async\" src=\"https:\/\/www.metaflotech.com\/wp-content\/uploads\/2024\/12\/MetaFLO-reagent-directional-drilling-liquid-waste-solidification-Steps-PT.webp\" alt=\"Etapas de solidifica\u00e7\u00e3o de res\u00edduos l\u00edquidos de perfura\u00e7\u00e3o direcional com reagente MetaFLO - PT\" itemprop=\"image\" height=\"262\" width=\"1018\" title=\"Etapas de solidifica\u00e7\u00e3o de res\u00edduos l\u00edquidos de perfura\u00e7\u00e3o direcional com reagente MetaFLO - PT\" onerror=\"this.style.display='none'\" loading=\"lazy\" \/>\n\t\t<iframe loading=\"lazy\" width=\"560\" height=\"315\" src=\"https:\/\/www.youtube.com\/embed\/K7BlhvqGN-E\" title=\"Patented Solidification Process Demonstration - MetaFLO Technologies\" frameborder=\"0\" allow=\"accelerometer; autoplay; clipboard-write; encrypted-media; gyroscope; picture-in-picture\" allowfullscreen><\/iframe>\t\n\t<h3><strong>T\u00e3o f\u00e1cil quanto 1-2-3:<\/strong><\/h3>\n<ol>\n<li>Os res\u00edduos l\u00edquidos foram coletados em uma lagoa, tanque etc.<\/li>\n<li>O reagente de solidifica\u00e7\u00e3o \u00e9 adicionado<\/li>\n<li>O l\u00edquido se transforma em um s\u00f3lido em minutos e est\u00e1 pronto para ser descartado.<\/li>\n<\/ol>\n\t<h1><strong>Nossos reagentes<\/strong><\/h1>\n<p>MetaFLO&#8217;s reagents turn industrial liquid waste streams into solids in minutes. By simply adding a minimal dosage of MetaFLO&#8217;s proprietary formulations to industrial liquid waste-from processes like HDD, drilling, boring, tunneling, micro-tunneling and hydro excavations-these reagents absorb excess water and immobilize any contaminants.<\/p>\n<p>All MetaFLO solidification products are environmentally safe, and are applied to help meet environmental solids criteria for wet spoils. The solidified material will also immobilize metals and hydrocarbons and can safely be transported to landfill directly from the generator site-or can be applied at liquid transfer stations prior to disposal.<\/p>\n<p>A MetaFLO produz reagentes para muitas aplica\u00e7\u00f5es diferentes, e tamb\u00e9m podemos projetar uma mistura de reagentes especificamente para seu fluxo de res\u00edduos. Entre em contato conosco para obter mais detalhes.<\/p>\n\t\t\t\t<a href=\"https:\/\/www.metaflotech.com\/pt\/o-que-e-o-reagente-de-solidificacao-metaflo\/\"  target=\"_self\" itemprop=\"url\">\n\t\t\t\t<img decoding=\"async\" src=\"https:\/\/www.metaflotech.com\/wp-content\/uploads\/2024\/12\/What-PT-1.svg\" alt=\"O que \u00e9 MetaFLO\" itemprop=\"image\" height=\"150\" width=\"150\" title=\"O que-150px\" onerror=\"this.style.display='none'\" loading=\"lazy\" \/>\n\t\t\t\t<\/a>\n\t\t\t\t<a href=\"https:\/\/www.metaflotech.com\/pt\/como-o-metaflo-funciona\/\"  target=\"_self\" itemprop=\"url\">\n\t\t\t\t<img decoding=\"async\" src=\"https:\/\/www.metaflotech.com\/wp-content\/uploads\/2024\/12\/When-PT-1.svg\" alt=\"Quando usar o MetaFLO\" itemprop=\"image\" height=\"150\" width=\"150\" title=\"Quando-150px\" onerror=\"this.style.display='none'\" loading=\"lazy\" \/>\n\t\t\t\t<\/a>\n\t\t\t\t<a href=\"https:\/\/www.metaflotech.com\/pt\/por-que-escolher-a-metaflo-para-o-gerenciamento-de-residuos-liquidos\/\"  target=\"_self\" itemprop=\"url\">\n\t\t\t\t<img decoding=\"async\" src=\"https:\/\/www.metaflotech.com\/wp-content\/uploads\/2024\/12\/Why-PT-1.svg\" alt=\"Por que escolher o MetaFLO\" itemprop=\"image\" height=\"150\" width=\"150\" title=\"Por que-150px\" onerror=\"this.style.display='none'\" loading=\"lazy\" \/>\n\t\t\t\t<\/a>","protected":false},"excerpt":{"rendered":"<p>What is MetaFLO? Solidification reagent Turning liquid waste into stackable solid MetaFLO reagents turn liquid waste into a stackable solid in real time while adding only 1\/2 of 1% of the liquid waste volume. A proprietary reagent chemistry, MetaFLO reagents replace the need for many common and more costly alternatives like Portland cement, sawdust, lime,&hellip;<\/p>","protected":false},"author":1,"featured_media":0,"parent":0,"menu_order":0,"comment_status":"closed","ping_status":"closed","template":"","meta":{"_acf_changed":false,"inline_featured_image":false,"footnotes":""},"class_list":["post-73455","page","type-page","status-publish","hentry"],"acf":[],"yoast_head":"<!-- This site is optimized with the Yoast SEO plugin v27.4 - https:\/\/yoast.com\/product\/yoast-seo-wordpress\/ -->\n<title>What is MetaFLO | MetaFLO Technologies<\/title>\n<meta name=\"description\" content=\"MetaFLO solidification reagents for liquid waste create a stackable solid in real time. Easy liquid waste disposal.\" \/>\n<meta name=\"robots\" content=\"index, follow, max-snippet:-1, max-image-preview:large, max-video-preview:-1\" \/>\n<link rel=\"canonical\" href=\"https:\/\/www.metaflotech.com\/pt\/o-que-e-o-reagente-de-solidificacao-metaflo\/\" \/>\n<meta property=\"og:locale\" content=\"pt_BR\" \/>\n<meta property=\"og:type\" content=\"article\" \/>\n<meta property=\"og:title\" content=\"What is MetaFLO | MetaFLO Technologies\" \/>\n<meta property=\"og:description\" content=\"MetaFLO solidification reagents for liquid waste create a stackable solid in real time. Easy liquid waste disposal.\" \/>\n<meta property=\"og:url\" content=\"https:\/\/www.metaflotech.com\/pt\/o-que-e-o-reagente-de-solidificacao-metaflo\/\" \/>\n<meta property=\"og:site_name\" content=\"MetaFLO Technologies\" \/>\n<meta property=\"article:publisher\" content=\"https:\/\/www.facebook.com\/MetaFLOTechnologies\/\" \/>\n<meta property=\"article:modified_time\" content=\"2025-11-22T07:54:15+00:00\" \/>\n<meta property=\"og:image\" content=\"https:\/\/www.metaflotech.com\/wp-content\/uploads\/2024\/12\/MetaFLO-reagent-directional-drilling-liquid-waste-solidification-EN.webp\" \/>\n<meta name=\"twitter:card\" content=\"summary_large_image\" \/>\n<meta name=\"twitter:site\" content=\"@metaflo\" \/>\n<meta name=\"twitter:label1\" content=\"Est. tempo de leitura\" \/>\n\t<meta name=\"twitter:data1\" content=\"3 minutos\" \/>\n<script type=\"application\/ld+json\" class=\"yoast-schema-graph\">{\"@context\":\"https:\\\/\\\/schema.org\",\"@graph\":[{\"@type\":\"WebPage\",\"@id\":\"https:\\\/\\\/www.metaflotech.com\\\/pt\\\/what-is-metaflo-solidification-reagent\\\/\",\"url\":\"https:\\\/\\\/www.metaflotech.com\\\/pt\\\/what-is-metaflo-solidification-reagent\\\/\",\"name\":\"What is MetaFLO | MetaFLO Technologies\",\"isPartOf\":{\"@id\":\"https:\\\/\\\/www.metaflotech.com\\\/pt\\\/#website\"},\"primaryImageOfPage\":{\"@id\":\"https:\\\/\\\/www.metaflotech.com\\\/pt\\\/what-is-metaflo-solidification-reagent\\\/#primaryimage\"},\"image\":{\"@id\":\"https:\\\/\\\/www.metaflotech.com\\\/pt\\\/what-is-metaflo-solidification-reagent\\\/#primaryimage\"},\"thumbnailUrl\":\"https:\\\/\\\/www.metaflotech.com\\\/wp-content\\\/uploads\\\/2024\\\/12\\\/MetaFLO-reagent-directional-drilling-liquid-waste-solidification-EN.webp\",\"datePublished\":\"2021-04-23T15:26:18+00:00\",\"dateModified\":\"2025-11-22T07:54:15+00:00\",\"description\":\"MetaFLO solidification reagents for liquid waste create a stackable solid in real time. Easy liquid waste disposal.\",\"breadcrumb\":{\"@id\":\"https:\\\/\\\/www.metaflotech.com\\\/pt\\\/what-is-metaflo-solidification-reagent\\\/#breadcrumb\"},\"inLanguage\":\"pt-BR\",\"potentialAction\":[{\"@type\":\"ReadAction\",\"target\":[\"https:\\\/\\\/www.metaflotech.com\\\/pt\\\/what-is-metaflo-solidification-reagent\\\/\"]}]},{\"@type\":\"ImageObject\",\"inLanguage\":\"pt-BR\",\"@id\":\"https:\\\/\\\/www.metaflotech.com\\\/pt\\\/what-is-metaflo-solidification-reagent\\\/#primaryimage\",\"url\":\"https:\\\/\\\/www.metaflotech.com\\\/wp-content\\\/uploads\\\/2024\\\/12\\\/MetaFLO-reagent-directional-drilling-liquid-waste-solidification-EN.webp\",\"contentUrl\":\"https:\\\/\\\/www.metaflotech.com\\\/wp-content\\\/uploads\\\/2024\\\/12\\\/MetaFLO-reagent-directional-drilling-liquid-waste-solidification-EN.webp\"},{\"@type\":\"BreadcrumbList\",\"@id\":\"https:\\\/\\\/www.metaflotech.com\\\/pt\\\/what-is-metaflo-solidification-reagent\\\/#breadcrumb\",\"itemListElement\":[{\"@type\":\"ListItem\",\"position\":1,\"name\":\"Home\",\"item\":\"https:\\\/\\\/www.metaflotech.com\\\/\"},{\"@type\":\"ListItem\",\"position\":2,\"name\":\"What is MetaFLO\"}]},{\"@type\":\"WebSite\",\"@id\":\"https:\\\/\\\/www.metaflotech.com\\\/pt\\\/#website\",\"url\":\"https:\\\/\\\/www.metaflotech.com\\\/pt\\\/\",\"name\":\"MetaFLO Technologies\",\"description\":\"Engineered Polymer Solutions For Industrial Applications\",\"potentialAction\":[{\"@type\":\"SearchAction\",\"target\":{\"@type\":\"EntryPoint\",\"urlTemplate\":\"https:\\\/\\\/www.metaflotech.com\\\/pt\\\/?s={search_term_string}\"},\"query-input\":{\"@type\":\"PropertyValueSpecification\",\"valueRequired\":true,\"valueName\":\"search_term_string\"}}],\"inLanguage\":\"pt-BR\"}]}<\/script>\n<!-- \/ Yoast SEO plugin. -->","yoast_head_json":{"title":"What is MetaFLO | MetaFLO Technologies","description":"Os reagentes de solidifica\u00e7\u00e3o MetaFLO para res\u00edduos l\u00edquidos criam um s\u00f3lido empilh\u00e1vel em tempo real. F\u00e1cil descarte de res\u00edduos l\u00edquidos.","robots":{"index":"index","follow":"follow","max-snippet":"max-snippet:-1","max-image-preview":"max-image-preview:large","max-video-preview":"max-video-preview:-1"},"canonical":"https:\/\/www.metaflotech.com\/pt\/o-que-e-o-reagente-de-solidificacao-metaflo\/","og_locale":"pt_BR","og_type":"article","og_title":"What is MetaFLO | MetaFLO Technologies","og_description":"MetaFLO solidification reagents for liquid waste create a stackable solid in real time. Easy liquid waste disposal.","og_url":"https:\/\/www.metaflotech.com\/pt\/o-que-e-o-reagente-de-solidificacao-metaflo\/","og_site_name":"MetaFLO Technologies","article_publisher":"https:\/\/www.facebook.com\/MetaFLOTechnologies\/","article_modified_time":"2025-11-22T07:54:15+00:00","og_image":[{"url":"https:\/\/www.metaflotech.com\/wp-content\/uploads\/2024\/12\/MetaFLO-reagent-directional-drilling-liquid-waste-solidification-EN.webp","type":"","width":"","height":""}],"twitter_card":"summary_large_image","twitter_site":"@metaflo","twitter_misc":{"Est. tempo de leitura":"3 minutos"},"schema":{"@context":"https:\/\/schema.org","@graph":[{"@type":"WebPage","@id":"https:\/\/www.metaflotech.com\/pt\/what-is-metaflo-solidification-reagent\/","url":"https:\/\/www.metaflotech.com\/pt\/what-is-metaflo-solidification-reagent\/","name":"What is MetaFLO | MetaFLO Technologies","isPartOf":{"@id":"https:\/\/www.metaflotech.com\/pt\/#website"},"primaryImageOfPage":{"@id":"https:\/\/www.metaflotech.com\/pt\/what-is-metaflo-solidification-reagent\/#primaryimage"},"image":{"@id":"https:\/\/www.metaflotech.com\/pt\/what-is-metaflo-solidification-reagent\/#primaryimage"},"thumbnailUrl":"https:\/\/www.metaflotech.com\/wp-content\/uploads\/2024\/12\/MetaFLO-reagent-directional-drilling-liquid-waste-solidification-EN.webp","datePublished":"2021-04-23T15:26:18+00:00","dateModified":"2025-11-22T07:54:15+00:00","description":"Os reagentes de solidifica\u00e7\u00e3o MetaFLO para res\u00edduos l\u00edquidos criam um s\u00f3lido empilh\u00e1vel em tempo real. F\u00e1cil descarte de res\u00edduos l\u00edquidos.","breadcrumb":{"@id":"https:\/\/www.metaflotech.com\/pt\/what-is-metaflo-solidification-reagent\/#breadcrumb"},"inLanguage":"pt-BR","potentialAction":[{"@type":"ReadAction","target":["https:\/\/www.metaflotech.com\/pt\/what-is-metaflo-solidification-reagent\/"]}]},{"@type":"ImageObject","inLanguage":"pt-BR","@id":"https:\/\/www.metaflotech.com\/pt\/what-is-metaflo-solidification-reagent\/#primaryimage","url":"https:\/\/www.metaflotech.com\/wp-content\/uploads\/2024\/12\/MetaFLO-reagent-directional-drilling-liquid-waste-solidification-EN.webp","contentUrl":"https:\/\/www.metaflotech.com\/wp-content\/uploads\/2024\/12\/MetaFLO-reagent-directional-drilling-liquid-waste-solidification-EN.webp"},{"@type":"BreadcrumbList","@id":"https:\/\/www.metaflotech.com\/pt\/what-is-metaflo-solidification-reagent\/#breadcrumb","itemListElement":[{"@type":"ListItem","position":1,"name":"Home","item":"https:\/\/www.metaflotech.com\/"},{"@type":"ListItem","position":2,"name":"What is MetaFLO"}]},{"@type":"WebSite","@id":"https:\/\/www.metaflotech.com\/pt\/#website","url":"https:\/\/www.metaflotech.com\/pt\/","name":"MetaFLO Technologies","description":"Solu\u00e7\u00f5es de pol\u00edmeros projetadas para aplica\u00e7\u00f5es industriais","potentialAction":[{"@type":"SearchAction","target":{"@type":"EntryPoint","urlTemplate":"https:\/\/www.metaflotech.com\/pt\/?s={search_term_string}"},"query-input":{"@type":"PropertyValueSpecification","valueRequired":true,"valueName":"search_term_string"}}],"inLanguage":"pt-BR"}]}},"_links":{"self":[{"href":"https:\/\/www.metaflotech.com\/pt\/wp-json\/wp\/v2\/pages\/73455","targetHints":{"allow":["GET"]}}],"collection":[{"href":"https:\/\/www.metaflotech.com\/pt\/wp-json\/wp\/v2\/pages"}],"about":[{"href":"https:\/\/www.metaflotech.com\/pt\/wp-json\/wp\/v2\/types\/page"}],"author":[{"embeddable":true,"href":"https:\/\/www.metaflotech.com\/pt\/wp-json\/wp\/v2\/users\/1"}],"replies":[{"embeddable":true,"href":"https:\/\/www.metaflotech.com\/pt\/wp-json\/wp\/v2\/comments?post=73455"}],"version-history":[{"count":0,"href":"https:\/\/www.metaflotech.com\/pt\/wp-json\/wp\/v2\/pages\/73455\/revisions"}],"wp:attachment":[{"href":"https:\/\/www.metaflotech.com\/pt\/wp-json\/wp\/v2\/media?parent=73455"}],"curies":[{"name":"wp","href":"https:\/\/api.w.org\/{rel}","templated":true}]}}