{"id":73472,"date":"2021-04-23T15:58:22","date_gmt":"2021-04-23T15:58:22","guid":{"rendered":"https:\/\/metaflotech.com\/?page_id=73472"},"modified":"2025-11-22T07:57:37","modified_gmt":"2025-11-22T07:57:37","slug":"como-o-metaflo-funciona","status":"publish","type":"page","link":"https:\/\/www.metaflotech.com\/pt\/how-metaflo-works\/","title":{"rendered":"Como o MetaFLO funciona"},"content":{"rendered":"<h1>\n\t\t\tQuando e como o MetaFLO funciona\t<\/h1>\n<h2>\n\t\t\tReagente de solidifica\u00e7\u00e3o\t<\/h2>\n<h3>\n\t\t\tTransformando res\u00edduos l\u00edquidos em s\u00f3lidos empilh\u00e1veis\t<\/h3>\n\t\t<iframe loading=\"lazy\" width=\"1120\" height=\"630\" src=\"https:\/\/www.youtube.com\/embed\/K7BlhvqGN-E\" title=\"Patented Solidification Process Demonstration - MetaFLO Technologies\" frameborder=\"0\" allow=\"accelerometer; autoplay; clipboard-write; encrypted-media; gyroscope; picture-in-picture\" allowfullscreen><\/iframe>\t\n<h2>\n\t\t\tSolidifique res\u00edduos l\u00edquidos em minutos:  Como funciona o MetaFLO \t<\/h2>\n\t<p>Os reagentes MetaFLO transformam res\u00edduos l\u00edquidos em s\u00f3lidos gerenci\u00e1veis em tempo real, no local, em quest\u00e3o de minutos, em 4 etapas f\u00e1ceis:<\/p>\n<ol>\n<li>Res\u00edduos l\u00edquidos coletados em uma lagoa, tanque, etc.<\/li>\n<li>O fluido \u00e9 agitado pelo equipamento de mistura existente enquanto nosso reagente de solidifica\u00e7\u00e3o \u00e9 adicionado<\/li>\n<li>O l\u00edquido se transforma em um s\u00f3lido em minutos<\/li>\n<li>Pronto para descarte<\/li>\n<\/ol>\n\t\t\t\t<img decoding=\"async\" src=\"https:\/\/www.metaflotech.com\/wp-content\/uploads\/2024\/12\/MetaFLO-reagent-directional-drilling-liquid-waste-solidification-Steps-PT.webp\" alt=\"Etapas de solidifica\u00e7\u00e3o de res\u00edduos l\u00edquidos de perfura\u00e7\u00e3o direcional com reagente MetaFLO - PT\" itemprop=\"image\" height=\"262\" width=\"1018\" title=\"Etapas de solidifica\u00e7\u00e3o de res\u00edduos l\u00edquidos de perfura\u00e7\u00e3o direcional com reagente MetaFLO - PT\" onerror=\"this.style.display='none'\" loading=\"lazy\" \/>\n<h2>\n\t\t\tDepoimento\t<\/h2>\n\t<p>&#8220;First and Foremost I would like to thank you for all your help , support and technical advice during the Block Island Project . Your product was a great tool in the management of drilling spoils on our project. We have completed the drilling process in block island and are planning on mobilizing to our next drilling project. Once again many Thanks.&#8221;<\/p>\n<p><em><strong>John Diffley, Projeto do Parque E\u00f3lico de Block Island<\/strong><\/em><\/p>\n<h2>\n\t\t\tOnde e quando voc\u00ea pode usar os reagentes MetaFLO? Aplica\u00e7\u00f5es para uso\t<\/h2>\n\t<p>Os reagentes de solidifica\u00e7\u00e3o MetaFLO t\u00eam ampla aplica\u00e7\u00e3o em muitos setores, incluindo infraestrutura de servi\u00e7os p\u00fablicos, constru\u00e7\u00e3o de oleodutos e gasodutos, constru\u00e7\u00e3o de infraestrutura geral, bem como aplica\u00e7\u00f5es de \u00e1guas residuais e \u00e1guas pluviais. Todas as aplica\u00e7\u00f5es em que os m\u00e9todos geram res\u00edduos l\u00edquidos, lamas e lodos, como perfura\u00e7\u00e3o direcional horizontal (HDD), perfura\u00e7\u00e3o de t\u00faneis, sondagem, microt\u00faneis ou escava\u00e7\u00e3o hidr\u00e1ulica, s\u00e3o ideais para os reagentes MetaFLO.<\/p>\n<h2>\n\t\t\tNossos produtos\t<\/h2>\n\t<p>Os reagentes de solidifica\u00e7\u00e3o MetaFLO usam uma mistura de ingredientes patenteados para provar que s\u00e3o os reagentes mais eficazes dispon\u00edveis para tratamento em v\u00e1rias aplica\u00e7\u00f5es.<\/p>\n<p><strong>MF003:<\/strong> Ideal para a solidifica\u00e7\u00e3o de v\u00e1rios fluxos de res\u00edduos l\u00edquidos; projetado para solidificar res\u00edduos l\u00edquidos para atender ao Teste de Filtro de Tinta (PFT).\u00a0 <a href=\"\/pt\/produtos\/mf003\/\" target=\"_blank\" rel=\"noopener\">Saiba mais<\/a><\/p>\n<p><strong>MF006<\/strong>: Ideal for solidification of water-based semi solids &#8211; such as drill cuttings, hydro-excavation materials, mining waste, municipal waste, storm water lagoons. <a href=\"\/pt\/produtos\/mf006\/\" target=\"_blank\" rel=\"noopener\">Saiba mais<\/a><\/p>\n<p><strong>MF008:<\/strong> Ideal for oil and gas applications &#8211; such as invert or OBM cuttings, brine-based cuttings. <a href=\"\/pt\/produtos\/mf008\/\" target=\"_blank\" rel=\"noopener\">Saiba mais<\/a><\/p>\n<h3>\n\t\t\tSolu\u00e7\u00f5es personalizadas MetaFLO para atender \u00e0s suas necessidades\t<\/h3>\n\t<p>Deixe-nos ajud\u00e1-lo a determinar a solu\u00e7\u00e3o MetaFLO certa para voc\u00ea!<\/p>\n\t<h1><strong>Nossos reagentes<\/strong><\/h1>\n<p>MetaFLO&#8217;s reagents turn industrial liquid waste streams into solids in minutes. By simply adding a minimal dosage of MetaFLO&#8217;s proprietary formulations to industrial liquid waste-from processes like HDD, drilling, boring, tunneling, micro-tunneling and hydro excavations-these reagents absorb excess water and immobilize any contaminants.<\/p>\n<p>All MetaFLO solidification products are environmentally safe, and are applied to help meet environmental solids criteria for wet spoils. The solidified material will also immobilize metals and hydrocarbons and can safely be transported to landfill directly from the generator site-or can be applied at liquid transfer stations prior to disposal.<\/p>\n<p>A MetaFLO produz reagentes para muitas aplica\u00e7\u00f5es diferentes, e tamb\u00e9m podemos projetar uma mistura de reagentes especificamente para seu fluxo de res\u00edduos. Entre em contato conosco para obter mais detalhes.<\/p>\n\t\t\t\t<a href=\"https:\/\/www.metaflotech.com\/pt\/o-que-e-o-reagente-de-solidificacao-metaflo\/\"  target=\"_self\" itemprop=\"url\">\n\t\t\t\t<img decoding=\"async\" src=\"https:\/\/www.metaflotech.com\/wp-content\/uploads\/2024\/12\/What-PT-1.svg\" alt=\"O que \u00e9 MetaFLO\" itemprop=\"image\" height=\"150\" width=\"150\" title=\"O que-150px\" onerror=\"this.style.display='none'\" loading=\"lazy\" \/>\n\t\t\t\t<\/a>\n\t\t\t\t<a href=\"https:\/\/www.metaflotech.com\/pt\/como-o-metaflo-funciona\/\"  target=\"_self\" itemprop=\"url\">\n\t\t\t\t<img decoding=\"async\" src=\"https:\/\/www.metaflotech.com\/wp-content\/uploads\/2024\/12\/When-PT-1.svg\" alt=\"Quando usar o MetaFLO\" itemprop=\"image\" height=\"150\" width=\"150\" title=\"Quando-150px\" onerror=\"this.style.display='none'\" loading=\"lazy\" \/>\n\t\t\t\t<\/a>\n\t\t\t\t<a href=\"https:\/\/www.metaflotech.com\/pt\/por-que-escolher-a-metaflo-para-o-gerenciamento-de-residuos-liquidos\/\"  target=\"_self\" itemprop=\"url\">\n\t\t\t\t<img decoding=\"async\" src=\"https:\/\/www.metaflotech.com\/wp-content\/uploads\/2024\/12\/Why-PT-1.svg\" alt=\"Por que escolher o MetaFLO\" itemprop=\"image\" height=\"150\" width=\"150\" title=\"Por que-150px\" onerror=\"this.style.display='none'\" loading=\"lazy\" \/>\n\t\t\t\t<\/a>","protected":false},"excerpt":{"rendered":"<p>When and How MetaFLO Works Solidification reagent Turning liquid waste into stackable solid Solidify liquid waste in minutes: How MetaFLO Works MetaFLO reagents turn liquid waste into manageable solid in real-time, on site in a matter of minutes, in 4 Easy Steps: Liquid waste collected in a pond, tank, etc. Fluid is agitated by existing&hellip;<\/p>","protected":false},"author":1,"featured_media":0,"parent":0,"menu_order":0,"comment_status":"closed","ping_status":"closed","template":"","meta":{"_acf_changed":false,"inline_featured_image":false,"footnotes":""},"class_list":["post-73472","page","type-page","status-publish","hentry"],"acf":[],"yoast_head":"<!-- This site is optimized with the Yoast SEO plugin v27.4 - https:\/\/yoast.com\/product\/yoast-seo-wordpress\/ -->\n<title>How MetaFLO Works | MetaFLO Technologies<\/title>\n<meta name=\"description\" content=\"MetaFLO reagents turn liquid waste into manageable, stackable solid in real-time, on site in a matter of minutes.\" \/>\n<meta name=\"robots\" content=\"index, follow, max-snippet:-1, max-image-preview:large, max-video-preview:-1\" \/>\n<link rel=\"canonical\" href=\"https:\/\/www.metaflotech.com\/pt\/como-o-metaflo-funciona\/\" \/>\n<meta property=\"og:locale\" content=\"pt_BR\" \/>\n<meta property=\"og:type\" content=\"article\" \/>\n<meta property=\"og:title\" content=\"How MetaFLO Works | MetaFLO Technologies\" \/>\n<meta property=\"og:description\" content=\"MetaFLO reagents turn liquid waste into manageable, stackable solid in real-time, on site in a matter of minutes.\" \/>\n<meta property=\"og:url\" content=\"https:\/\/www.metaflotech.com\/pt\/como-o-metaflo-funciona\/\" \/>\n<meta property=\"og:site_name\" content=\"MetaFLO Technologies\" \/>\n<meta property=\"article:publisher\" content=\"https:\/\/www.facebook.com\/MetaFLOTechnologies\/\" \/>\n<meta property=\"article:modified_time\" content=\"2025-11-22T07:57:37+00:00\" \/>\n<meta property=\"og:image\" content=\"https:\/\/www.metaflotech.com\/wp-content\/uploads\/2024\/12\/MetaFLO-reagent-directional-drilling-liquid-waste-solidification-Steps-EN.webp\" \/>\n<meta name=\"twitter:card\" content=\"summary_large_image\" \/>\n<meta name=\"twitter:site\" content=\"@metaflo\" \/>\n<meta name=\"twitter:label1\" content=\"Est. tempo de leitura\" \/>\n\t<meta name=\"twitter:data1\" content=\"2 minutos\" \/>\n<script type=\"application\/ld+json\" class=\"yoast-schema-graph\">{\"@context\":\"https:\\\/\\\/schema.org\",\"@graph\":[{\"@type\":\"WebPage\",\"@id\":\"https:\\\/\\\/www.metaflotech.com\\\/pt\\\/how-metaflo-works\\\/\",\"url\":\"https:\\\/\\\/www.metaflotech.com\\\/pt\\\/how-metaflo-works\\\/\",\"name\":\"How MetaFLO Works | MetaFLO Technologies\",\"isPartOf\":{\"@id\":\"https:\\\/\\\/www.metaflotech.com\\\/pt\\\/#website\"},\"primaryImageOfPage\":{\"@id\":\"https:\\\/\\\/www.metaflotech.com\\\/pt\\\/how-metaflo-works\\\/#primaryimage\"},\"image\":{\"@id\":\"https:\\\/\\\/www.metaflotech.com\\\/pt\\\/how-metaflo-works\\\/#primaryimage\"},\"thumbnailUrl\":\"https:\\\/\\\/www.metaflotech.com\\\/wp-content\\\/uploads\\\/2024\\\/12\\\/MetaFLO-reagent-directional-drilling-liquid-waste-solidification-Steps-EN.webp\",\"datePublished\":\"2021-04-23T15:58:22+00:00\",\"dateModified\":\"2025-11-22T07:57:37+00:00\",\"description\":\"MetaFLO reagents turn liquid waste into manageable, stackable solid in real-time, on site in a matter of minutes.\",\"breadcrumb\":{\"@id\":\"https:\\\/\\\/www.metaflotech.com\\\/pt\\\/how-metaflo-works\\\/#breadcrumb\"},\"inLanguage\":\"pt-BR\",\"potentialAction\":[{\"@type\":\"ReadAction\",\"target\":[\"https:\\\/\\\/www.metaflotech.com\\\/pt\\\/how-metaflo-works\\\/\"]}]},{\"@type\":\"ImageObject\",\"inLanguage\":\"pt-BR\",\"@id\":\"https:\\\/\\\/www.metaflotech.com\\\/pt\\\/how-metaflo-works\\\/#primaryimage\",\"url\":\"https:\\\/\\\/www.metaflotech.com\\\/wp-content\\\/uploads\\\/2024\\\/12\\\/MetaFLO-reagent-directional-drilling-liquid-waste-solidification-Steps-EN.webp\",\"contentUrl\":\"https:\\\/\\\/www.metaflotech.com\\\/wp-content\\\/uploads\\\/2024\\\/12\\\/MetaFLO-reagent-directional-drilling-liquid-waste-solidification-Steps-EN.webp\"},{\"@type\":\"BreadcrumbList\",\"@id\":\"https:\\\/\\\/www.metaflotech.com\\\/pt\\\/how-metaflo-works\\\/#breadcrumb\",\"itemListElement\":[{\"@type\":\"ListItem\",\"position\":1,\"name\":\"Home\",\"item\":\"https:\\\/\\\/www.metaflotech.com\\\/\"},{\"@type\":\"ListItem\",\"position\":2,\"name\":\"How MetaFLO Works\"}]},{\"@type\":\"WebSite\",\"@id\":\"https:\\\/\\\/www.metaflotech.com\\\/pt\\\/#website\",\"url\":\"https:\\\/\\\/www.metaflotech.com\\\/pt\\\/\",\"name\":\"MetaFLO Technologies\",\"description\":\"Engineered Polymer Solutions For Industrial Applications\",\"potentialAction\":[{\"@type\":\"SearchAction\",\"target\":{\"@type\":\"EntryPoint\",\"urlTemplate\":\"https:\\\/\\\/www.metaflotech.com\\\/pt\\\/?s={search_term_string}\"},\"query-input\":{\"@type\":\"PropertyValueSpecification\",\"valueRequired\":true,\"valueName\":\"search_term_string\"}}],\"inLanguage\":\"pt-BR\"}]}<\/script>\n<!-- \/ Yoast SEO plugin. -->","yoast_head_json":{"title":"How MetaFLO Works | MetaFLO Technologies","description":"Os reagentes MetaFLO transformam res\u00edduos l\u00edquidos em s\u00f3lidos gerenci\u00e1veis e empilh\u00e1veis em tempo real, no local, em quest\u00e3o de minutos.","robots":{"index":"index","follow":"follow","max-snippet":"max-snippet:-1","max-image-preview":"max-image-preview:large","max-video-preview":"max-video-preview:-1"},"canonical":"https:\/\/www.metaflotech.com\/pt\/como-o-metaflo-funciona\/","og_locale":"pt_BR","og_type":"article","og_title":"How MetaFLO Works | MetaFLO Technologies","og_description":"MetaFLO reagents turn liquid waste into manageable, stackable solid in real-time, on site in a matter of minutes.","og_url":"https:\/\/www.metaflotech.com\/pt\/como-o-metaflo-funciona\/","og_site_name":"MetaFLO Technologies","article_publisher":"https:\/\/www.facebook.com\/MetaFLOTechnologies\/","article_modified_time":"2025-11-22T07:57:37+00:00","og_image":[{"url":"https:\/\/www.metaflotech.com\/wp-content\/uploads\/2024\/12\/MetaFLO-reagent-directional-drilling-liquid-waste-solidification-Steps-EN.webp","type":"","width":"","height":""}],"twitter_card":"summary_large_image","twitter_site":"@metaflo","twitter_misc":{"Est. tempo de leitura":"2 minutos"},"schema":{"@context":"https:\/\/schema.org","@graph":[{"@type":"WebPage","@id":"https:\/\/www.metaflotech.com\/pt\/how-metaflo-works\/","url":"https:\/\/www.metaflotech.com\/pt\/how-metaflo-works\/","name":"How MetaFLO Works | MetaFLO Technologies","isPartOf":{"@id":"https:\/\/www.metaflotech.com\/pt\/#website"},"primaryImageOfPage":{"@id":"https:\/\/www.metaflotech.com\/pt\/how-metaflo-works\/#primaryimage"},"image":{"@id":"https:\/\/www.metaflotech.com\/pt\/how-metaflo-works\/#primaryimage"},"thumbnailUrl":"https:\/\/www.metaflotech.com\/wp-content\/uploads\/2024\/12\/MetaFLO-reagent-directional-drilling-liquid-waste-solidification-Steps-EN.webp","datePublished":"2021-04-23T15:58:22+00:00","dateModified":"2025-11-22T07:57:37+00:00","description":"Os reagentes MetaFLO transformam res\u00edduos l\u00edquidos em s\u00f3lidos gerenci\u00e1veis e empilh\u00e1veis em tempo real, no local, em quest\u00e3o de minutos.","breadcrumb":{"@id":"https:\/\/www.metaflotech.com\/pt\/how-metaflo-works\/#breadcrumb"},"inLanguage":"pt-BR","potentialAction":[{"@type":"ReadAction","target":["https:\/\/www.metaflotech.com\/pt\/how-metaflo-works\/"]}]},{"@type":"ImageObject","inLanguage":"pt-BR","@id":"https:\/\/www.metaflotech.com\/pt\/how-metaflo-works\/#primaryimage","url":"https:\/\/www.metaflotech.com\/wp-content\/uploads\/2024\/12\/MetaFLO-reagent-directional-drilling-liquid-waste-solidification-Steps-EN.webp","contentUrl":"https:\/\/www.metaflotech.com\/wp-content\/uploads\/2024\/12\/MetaFLO-reagent-directional-drilling-liquid-waste-solidification-Steps-EN.webp"},{"@type":"BreadcrumbList","@id":"https:\/\/www.metaflotech.com\/pt\/how-metaflo-works\/#breadcrumb","itemListElement":[{"@type":"ListItem","position":1,"name":"Home","item":"https:\/\/www.metaflotech.com\/"},{"@type":"ListItem","position":2,"name":"How MetaFLO Works"}]},{"@type":"WebSite","@id":"https:\/\/www.metaflotech.com\/pt\/#website","url":"https:\/\/www.metaflotech.com\/pt\/","name":"MetaFLO Technologies","description":"Solu\u00e7\u00f5es de pol\u00edmeros projetadas para aplica\u00e7\u00f5es industriais","potentialAction":[{"@type":"SearchAction","target":{"@type":"EntryPoint","urlTemplate":"https:\/\/www.metaflotech.com\/pt\/?s={search_term_string}"},"query-input":{"@type":"PropertyValueSpecification","valueRequired":true,"valueName":"search_term_string"}}],"inLanguage":"pt-BR"}]}},"_links":{"self":[{"href":"https:\/\/www.metaflotech.com\/pt\/wp-json\/wp\/v2\/pages\/73472","targetHints":{"allow":["GET"]}}],"collection":[{"href":"https:\/\/www.metaflotech.com\/pt\/wp-json\/wp\/v2\/pages"}],"about":[{"href":"https:\/\/www.metaflotech.com\/pt\/wp-json\/wp\/v2\/types\/page"}],"author":[{"embeddable":true,"href":"https:\/\/www.metaflotech.com\/pt\/wp-json\/wp\/v2\/users\/1"}],"replies":[{"embeddable":true,"href":"https:\/\/www.metaflotech.com\/pt\/wp-json\/wp\/v2\/comments?post=73472"}],"version-history":[{"count":0,"href":"https:\/\/www.metaflotech.com\/pt\/wp-json\/wp\/v2\/pages\/73472\/revisions"}],"wp:attachment":[{"href":"https:\/\/www.metaflotech.com\/pt\/wp-json\/wp\/v2\/media?parent=73472"}],"curies":[{"name":"wp","href":"https:\/\/api.w.org\/{rel}","templated":true}]}}