{"id":73490,"date":"2021-04-26T15:49:39","date_gmt":"2021-04-26T15:49:39","guid":{"rendered":"https:\/\/metaflotech.com\/?page_id=73490"},"modified":"2025-11-22T07:58:44","modified_gmt":"2025-11-22T07:58:44","slug":"por-que-escolher-a-metaflo-para-o-gerenciamento-de-residuos-liquidos","status":"publish","type":"page","link":"https:\/\/www.metaflotech.com\/pt\/why-choose-metaflo-for-liquid-waste-management\/","title":{"rendered":"Por que escolher o MetaFLO"},"content":{"rendered":"<h1>\n\t\t\tPor que escolher o MetaFLO\t<\/h1>\n<h2>\n\t\t\t para o gerenciamento de res\u00edduos l\u00edquidos? \t<\/h2>\n\t<p>MetaFLO&#8217;s advanced chemistry turns liquid waste into a stackable solid in real time. Our proprietary reagent formula solidifies the same amount of liquid but without creating excess volume (bulking), making disposal easier, more efficient and less costly. Simply put:\u00a0 less waste, lower transportation and disposal costs, improved safety, better control and compliance while significantly reducing GHG emissions<\/p>\n\t\t\t\t<img decoding=\"async\" src=\"https:\/\/www.metaflotech.com\/wp-content\/uploads\/2024\/12\/MetaFLO-reagents-benefits.webp\" alt=\"Benef\u00edcios do MetaFLO\" itemprop=\"image\" title=\"about-metaflo-benefits-1\" onerror=\"this.style.display='none'\" loading=\"lazy\" \/>\n<h3>\n\t\t\tO MetaFLO \u00e9 uma op\u00e7\u00e3o pr\u00e1tica, econ\u00f4mica e sustent\u00e1vel\t<\/h3>\n\t<p>Conventional liquid waste disposal techniques add amendments like Portland, fly-ash, lime or sawdust to meet solids criteria for transportation to landfill &#8211; expanding volume by up to 200%. MetaFLO&#8217;s engineered reagents typically require a dosage of only 0.5%.<\/p>\n\t\t\t\t<img decoding=\"async\" src=\"https:\/\/www.metaflotech.com\/wp-content\/uploads\/2021\/03\/about-metaflo-process-1.png\" alt=\"Processo MetaFLO\" itemprop=\"image\" height=\"181\" width=\"650\" title=\"sobre-metaflo-process-1\" onerror=\"this.style.display='none'\" loading=\"lazy\" \/>\n<h3>\n\t\t\tPor que usar o MetaFLO\t<\/h3>\n\t<ul>\n<li>MetaFLO reagents are fast &#8211; Immediately converts liquid waste to a solid in minutes<\/li>\n<li>MetaFLO reagents are easy &#8211; Creates a dry, stackable solid for easy handling<\/li>\n<li>Os reagentes MetaFLO produzem um volume m\u00ednimo em compara\u00e7\u00e3o com as alternativas comuns\n<ul>\n<li>Os reagentes MetaFLO atendem aos padr\u00f5es<\/li>\n<li>Ajuda os res\u00edduos a serem aprovados no Procedimento de lixivia\u00e7\u00e3o caracter\u00edstica de toxicidade (EPA Method 1311)<\/li>\n<li>Ajuda os res\u00edduos a passar pelos crit\u00e9rios do filtro de tinta (EPA 9095)<\/li>\n<li>N\u00e3o \u00e9 biodegrad\u00e1vel e n\u00e3o pode ser depositado em aterros sanit\u00e1rios<\/li>\n<\/ul>\n<\/li>\n<li>Os reagentes MetaFLO s\u00e3o ecologicamente corretos\n<ul>\n<li>N\u00e3o perigosos<\/li>\n<li>N\u00e3o t\u00f3xico<\/li>\n<li>Quimicamente inerte<\/li>\n<\/ul>\n<\/li>\n<\/ul>\n\t\t\t\t<img decoding=\"async\" src=\"https:\/\/www.metaflotech.com\/wp-content\/uploads\/2024\/12\/Liquid-Waste-Solidification-PT.svg\" alt=\"Solidifica\u00e7\u00e3o de res\u00edduos l\u00edquidos - EN\" itemprop=\"image\" height=\"100\" width=\"100\" title=\"Solidifica\u00e7\u00e3o de res\u00edduos l\u00edquidos - EN\" onerror=\"this.style.display='none'\" loading=\"lazy\" \/>\n<h3>\n\t\t\tConventional Liquid Waste Disposal vs. MetaFLO&#8217;s On-Site Liquid Waste Disposal\t<\/h3>\n<h3>\n\t\t\tMetaFLO&#8217;s On-Site Liquid Waste Disposal (Solidification)\t<\/h3>\n\t<ul>\n<li>O transporte para descarte requer 60 caminh\u00f5es basculantes<\/li>\n<li>Res\u00edduos enviados para o local de disposi\u00e7\u00e3o final<\/li>\n<li>Risco reduzido devido ao menor n\u00famero de caminh\u00f5es 54% e ao N\u00c3O transporte de l\u00edquidos<\/li>\n<li>Maior controle de res\u00edduos e conformidade para o cliente<\/li>\n<li>Aproximadamente 33% de economia de custos neste exemplo<\/li>\n<li>63% Redu\u00e7\u00e3o nas emiss\u00f5es de gases de efeito estufa (C02 eq.)*<\/li>\n<li>Reutiliza\u00e7\u00e3o do solo como material de preenchimento limpo e regenerativo no local de agregados<\/li>\n<\/ul>\n<h3>\n\t\t\tDescarte convencional de res\u00edduos l\u00edquidos (sem solidifica\u00e7\u00e3o)\t<\/h3>\n\t<ul>\n<li>O transporte para descarte requer 130 caminh\u00f5es vazios<\/li>\n<li>Res\u00edduos enviados para uma esta\u00e7\u00e3o de transfer\u00eancia licenciada<\/li>\n<li>Aumento do risco devido ao transporte de l\u00edquidos<\/li>\n<li>Menor controle de res\u00edduos e conformidade para o cliente<\/li>\n<li>Custo mais alto devido \u00e0 necessidade de mais caminh\u00f5es de lixo para descartar os res\u00edduos (pagos a um pre\u00e7o mais alto em compara\u00e7\u00e3o com os caminh\u00f5es basculantes)<\/li>\n<li>Aumento das emiss\u00f5es de gases de efeito estufa devido \u00e0 necessidade de mais caminh\u00f5es para transportar res\u00edduos<\/li>\n<li>Os res\u00edduos n\u00e3o podem ser aplicados no solo para reutiliza\u00e7\u00e3o ben\u00e9fica.<\/li>\n<\/ul>\n<h2>\n\t\t\tMetaFLO&#8217;s Technology can Yield Significant Cost Savings\t<\/h2>\n\t\t\t\t<img decoding=\"async\" src=\"https:\/\/www.metaflotech.com\/wp-content\/uploads\/2024\/12\/Infographic-PT-1-scaled.webp\" alt=\"Infogr\u00e1fico\" itemprop=\"image\" height=\"1810\" width=\"1280\" title=\"Infogr\u00e1fico\" onerror=\"this.style.display='none'\" loading=\"lazy\" \/>\n<h3>\n\t\t\tMetaFLO&#8217;s Technology has a Reduced Environmental Impact\t<\/h3>\n\t<p>Our solidification methods use extremely low dosages of reagent to achieve regulatory solids criteria &#8211; often less than 1% wt\/wt. The low dosage adds less weight to the source waste than what is lost through natural evaporation after treatment resulting in a net reduction in total waste. Dump trucks can now be utilized to transport the solidified material to the appropriate disposal site far more efficiently than relying on vacuum trucks to transport liquids to treatment facilities. Additionally, liquid waste receiving sites are more scarce in most jurisdictions resulting in longer drives and greater cost associated with turn-around times. The table below illustrates how more trucks and greater drive times cause significant and unnecessary additional carbon emissions.<\/p>\n\t\t<iframe loading=\"lazy\" width=\"560\" height=\"315\" src=\"https:\/\/www.youtube.com\/embed\/WlS27JOvtbg\" title=\"Understanding Solidification - MetaFLO Technologies\" frameborder=\"0\" allow=\"accelerometer; autoplay; clipboard-write; encrypted-media; gyroscope; picture-in-picture\" allowfullscreen><\/iframe>\t\n\t\t\t\t<img decoding=\"async\" src=\"https:\/\/www.metaflotech.com\/wp-content\/uploads\/2021\/04\/image47.png\" alt=\"imagem47\" itemprop=\"image\" height=\"677\" width=\"845\" title=\"imagem47\" onerror=\"this.style.display='none'\" loading=\"lazy\" \/>\n\t<h1><strong>Nossos reagentes<\/strong><\/h1>\n<p>MetaFLO&#8217;s reagents turn industrial liquid waste streams into solids in minutes. By simply adding a minimal dosage of MetaFLO&#8217;s proprietary formulations to industrial liquid waste-from processes like HDD, drilling, boring, tunneling, micro-tunneling and hydro excavations-these reagents absorb excess water and immobilize any contaminants.<\/p>\n<p>All MetaFLO solidification products are environmentally safe, and are applied to help meet environmental solids criteria for wet spoils. The solidified material will also immobilize metals and hydrocarbons and can safely be transported to landfill directly from the generator site-or can be applied at liquid transfer stations prior to disposal.<\/p>\n<p>A MetaFLO produz reagentes para muitas aplica\u00e7\u00f5es diferentes, e tamb\u00e9m podemos projetar uma mistura de reagentes especificamente para seu fluxo de res\u00edduos. Entre em contato conosco para obter mais detalhes.<\/p>\n\t\t\t\t<a href=\"https:\/\/www.metaflotech.com\/pt\/o-que-e-o-reagente-de-solidificacao-metaflo\/\"  target=\"_self\" itemprop=\"url\">\n\t\t\t\t<img decoding=\"async\" src=\"https:\/\/www.metaflotech.com\/wp-content\/uploads\/2024\/12\/What-PT-1.svg\" alt=\"O que \u00e9 MetaFLO\" itemprop=\"image\" height=\"150\" width=\"150\" title=\"O que-150px\" onerror=\"this.style.display='none'\" loading=\"lazy\" \/>\n\t\t\t\t<\/a>\n\t\t\t\t<a href=\"https:\/\/www.metaflotech.com\/pt\/como-o-metaflo-funciona\/\"  target=\"_self\" itemprop=\"url\">\n\t\t\t\t<img decoding=\"async\" src=\"https:\/\/www.metaflotech.com\/wp-content\/uploads\/2024\/12\/When-PT-1.svg\" alt=\"Quando usar o MetaFLO\" itemprop=\"image\" height=\"150\" width=\"150\" title=\"Quando-150px\" onerror=\"this.style.display='none'\" loading=\"lazy\" \/>\n\t\t\t\t<\/a>\n\t\t\t\t<a href=\"https:\/\/www.metaflotech.com\/pt\/por-que-escolher-a-metaflo-para-o-gerenciamento-de-residuos-liquidos\/\"  target=\"_self\" itemprop=\"url\">\n\t\t\t\t<img decoding=\"async\" src=\"https:\/\/www.metaflotech.com\/wp-content\/uploads\/2024\/12\/Why-PT-1.svg\" alt=\"Por que escolher o MetaFLO\" itemprop=\"image\" height=\"150\" width=\"150\" title=\"Por que-150px\" onerror=\"this.style.display='none'\" loading=\"lazy\" \/>\n\t\t\t\t<\/a>","protected":false},"excerpt":{"rendered":"<p>Why choose MetaFLO for liquid waste management? MetaFLO&#8217;s advanced chemistry turns liquid waste into a stackable solid in real time. Our proprietary reagent formula solidifies the same amount of liquid but without creating excess volume (bulking), making disposal easier, more efficient and less costly. Simply put:\u00a0 less waste, lower transportation and disposal costs, improved safety,&hellip;<\/p>","protected":false},"author":1,"featured_media":0,"parent":0,"menu_order":0,"comment_status":"closed","ping_status":"closed","template":"","meta":{"_acf_changed":false,"inline_featured_image":false,"footnotes":""},"class_list":["post-73490","page","type-page","status-publish","hentry"],"acf":[],"yoast_head":"<!-- This site is optimized with the Yoast SEO plugin v27.5 - https:\/\/yoast.com\/product\/yoast-seo-wordpress\/ -->\n<title>Why Choose MetaFLO | MetaFLO Technologies<\/title>\n<meta name=\"description\" content=\"Proprietary reagent formula solidifies liquid but without creating excess volume, making disposal easier, more efficient and less costly.\" \/>\n<meta name=\"robots\" content=\"index, follow, max-snippet:-1, max-image-preview:large, max-video-preview:-1\" \/>\n<link rel=\"canonical\" href=\"https:\/\/www.metaflotech.com\/pt\/por-que-escolher-a-metaflo-para-o-gerenciamento-de-residuos-liquidos\/\" \/>\n<meta property=\"og:locale\" content=\"pt_BR\" \/>\n<meta property=\"og:type\" content=\"article\" \/>\n<meta property=\"og:title\" content=\"Why Choose MetaFLO | MetaFLO Technologies\" \/>\n<meta property=\"og:description\" content=\"Proprietary reagent formula solidifies liquid but without creating excess volume, making disposal easier, more efficient and less costly.\" \/>\n<meta property=\"og:url\" content=\"https:\/\/www.metaflotech.com\/pt\/por-que-escolher-a-metaflo-para-o-gerenciamento-de-residuos-liquidos\/\" \/>\n<meta property=\"og:site_name\" content=\"MetaFLO Technologies\" \/>\n<meta property=\"article:publisher\" content=\"https:\/\/www.facebook.com\/MetaFLOTechnologies\/\" \/>\n<meta property=\"article:modified_time\" content=\"2025-11-22T07:58:44+00:00\" \/>\n<meta property=\"og:image\" content=\"https:\/\/metaflotech.com\/wp-content\/uploads\/2021\/03\/about-metaflo-benefits-1.png\" \/>\n<meta name=\"twitter:card\" content=\"summary_large_image\" \/>\n<meta name=\"twitter:site\" content=\"@metaflo\" \/>\n<meta name=\"twitter:label1\" content=\"Est. tempo de leitura\" \/>\n\t<meta name=\"twitter:data1\" content=\"4 minutos\" \/>\n<script type=\"application\/ld+json\" class=\"yoast-schema-graph\">{\"@context\":\"https:\\\/\\\/schema.org\",\"@graph\":[{\"@type\":\"WebPage\",\"@id\":\"https:\\\/\\\/www.metaflotech.com\\\/pt\\\/why-choose-metaflo-for-liquid-waste-management\\\/\",\"url\":\"https:\\\/\\\/www.metaflotech.com\\\/pt\\\/why-choose-metaflo-for-liquid-waste-management\\\/\",\"name\":\"Why Choose MetaFLO | MetaFLO Technologies\",\"isPartOf\":{\"@id\":\"https:\\\/\\\/www.metaflotech.com\\\/pt\\\/#website\"},\"primaryImageOfPage\":{\"@id\":\"https:\\\/\\\/www.metaflotech.com\\\/pt\\\/why-choose-metaflo-for-liquid-waste-management\\\/#primaryimage\"},\"image\":{\"@id\":\"https:\\\/\\\/www.metaflotech.com\\\/pt\\\/why-choose-metaflo-for-liquid-waste-management\\\/#primaryimage\"},\"thumbnailUrl\":\"https:\\\/\\\/metaflotech.com\\\/wp-content\\\/uploads\\\/2021\\\/03\\\/about-metaflo-benefits-1.png\",\"datePublished\":\"2021-04-26T15:49:39+00:00\",\"dateModified\":\"2025-11-22T07:58:44+00:00\",\"description\":\"Proprietary reagent formula solidifies liquid but without creating excess volume, making disposal easier, more efficient and less costly.\",\"breadcrumb\":{\"@id\":\"https:\\\/\\\/www.metaflotech.com\\\/pt\\\/why-choose-metaflo-for-liquid-waste-management\\\/#breadcrumb\"},\"inLanguage\":\"pt-BR\",\"potentialAction\":[{\"@type\":\"ReadAction\",\"target\":[\"https:\\\/\\\/www.metaflotech.com\\\/pt\\\/why-choose-metaflo-for-liquid-waste-management\\\/\"]}]},{\"@type\":\"ImageObject\",\"inLanguage\":\"pt-BR\",\"@id\":\"https:\\\/\\\/www.metaflotech.com\\\/pt\\\/why-choose-metaflo-for-liquid-waste-management\\\/#primaryimage\",\"url\":\"https:\\\/\\\/metaflotech.com\\\/wp-content\\\/uploads\\\/2021\\\/03\\\/about-metaflo-benefits-1.png\",\"contentUrl\":\"https:\\\/\\\/metaflotech.com\\\/wp-content\\\/uploads\\\/2021\\\/03\\\/about-metaflo-benefits-1.png\"},{\"@type\":\"BreadcrumbList\",\"@id\":\"https:\\\/\\\/www.metaflotech.com\\\/pt\\\/why-choose-metaflo-for-liquid-waste-management\\\/#breadcrumb\",\"itemListElement\":[{\"@type\":\"ListItem\",\"position\":1,\"name\":\"Home\",\"item\":\"https:\\\/\\\/www.metaflotech.com\\\/\"},{\"@type\":\"ListItem\",\"position\":2,\"name\":\"Why Choose MetaFLO\"}]},{\"@type\":\"WebSite\",\"@id\":\"https:\\\/\\\/www.metaflotech.com\\\/pt\\\/#website\",\"url\":\"https:\\\/\\\/www.metaflotech.com\\\/pt\\\/\",\"name\":\"MetaFLO Technologies\",\"description\":\"Engineered Polymer Solutions For Industrial Applications\",\"potentialAction\":[{\"@type\":\"SearchAction\",\"target\":{\"@type\":\"EntryPoint\",\"urlTemplate\":\"https:\\\/\\\/www.metaflotech.com\\\/pt\\\/?s={search_term_string}\"},\"query-input\":{\"@type\":\"PropertyValueSpecification\",\"valueRequired\":true,\"valueName\":\"search_term_string\"}}],\"inLanguage\":\"pt-BR\"}]}<\/script>\n<!-- \/ Yoast SEO plugin. -->","yoast_head_json":{"title":"Why Choose MetaFLO | MetaFLO Technologies","description":"A f\u00f3rmula patenteada do reagente solidifica o l\u00edquido, mas sem criar volume excessivo, tornando o descarte mais f\u00e1cil, mais eficiente e menos dispendioso.","robots":{"index":"index","follow":"follow","max-snippet":"max-snippet:-1","max-image-preview":"max-image-preview:large","max-video-preview":"max-video-preview:-1"},"canonical":"https:\/\/www.metaflotech.com\/pt\/por-que-escolher-a-metaflo-para-o-gerenciamento-de-residuos-liquidos\/","og_locale":"pt_BR","og_type":"article","og_title":"Why Choose MetaFLO | MetaFLO Technologies","og_description":"Proprietary reagent formula solidifies liquid but without creating excess volume, making disposal easier, more efficient and less costly.","og_url":"https:\/\/www.metaflotech.com\/pt\/por-que-escolher-a-metaflo-para-o-gerenciamento-de-residuos-liquidos\/","og_site_name":"MetaFLO Technologies","article_publisher":"https:\/\/www.facebook.com\/MetaFLOTechnologies\/","article_modified_time":"2025-11-22T07:58:44+00:00","og_image":[{"url":"https:\/\/metaflotech.com\/wp-content\/uploads\/2021\/03\/about-metaflo-benefits-1.png","type":"","width":"","height":""}],"twitter_card":"summary_large_image","twitter_site":"@metaflo","twitter_misc":{"Est. tempo de leitura":"4 minutos"},"schema":{"@context":"https:\/\/schema.org","@graph":[{"@type":"WebPage","@id":"https:\/\/www.metaflotech.com\/pt\/why-choose-metaflo-for-liquid-waste-management\/","url":"https:\/\/www.metaflotech.com\/pt\/why-choose-metaflo-for-liquid-waste-management\/","name":"Why Choose MetaFLO | MetaFLO Technologies","isPartOf":{"@id":"https:\/\/www.metaflotech.com\/pt\/#website"},"primaryImageOfPage":{"@id":"https:\/\/www.metaflotech.com\/pt\/why-choose-metaflo-for-liquid-waste-management\/#primaryimage"},"image":{"@id":"https:\/\/www.metaflotech.com\/pt\/why-choose-metaflo-for-liquid-waste-management\/#primaryimage"},"thumbnailUrl":"https:\/\/metaflotech.com\/wp-content\/uploads\/2021\/03\/about-metaflo-benefits-1.png","datePublished":"2021-04-26T15:49:39+00:00","dateModified":"2025-11-22T07:58:44+00:00","description":"A f\u00f3rmula patenteada do reagente solidifica o l\u00edquido, mas sem criar volume excessivo, tornando o descarte mais f\u00e1cil, mais eficiente e menos dispendioso.","breadcrumb":{"@id":"https:\/\/www.metaflotech.com\/pt\/why-choose-metaflo-for-liquid-waste-management\/#breadcrumb"},"inLanguage":"pt-BR","potentialAction":[{"@type":"ReadAction","target":["https:\/\/www.metaflotech.com\/pt\/why-choose-metaflo-for-liquid-waste-management\/"]}]},{"@type":"ImageObject","inLanguage":"pt-BR","@id":"https:\/\/www.metaflotech.com\/pt\/why-choose-metaflo-for-liquid-waste-management\/#primaryimage","url":"https:\/\/metaflotech.com\/wp-content\/uploads\/2021\/03\/about-metaflo-benefits-1.png","contentUrl":"https:\/\/metaflotech.com\/wp-content\/uploads\/2021\/03\/about-metaflo-benefits-1.png"},{"@type":"BreadcrumbList","@id":"https:\/\/www.metaflotech.com\/pt\/why-choose-metaflo-for-liquid-waste-management\/#breadcrumb","itemListElement":[{"@type":"ListItem","position":1,"name":"Home","item":"https:\/\/www.metaflotech.com\/"},{"@type":"ListItem","position":2,"name":"Why Choose MetaFLO"}]},{"@type":"WebSite","@id":"https:\/\/www.metaflotech.com\/pt\/#website","url":"https:\/\/www.metaflotech.com\/pt\/","name":"MetaFLO Technologies","description":"Solu\u00e7\u00f5es de pol\u00edmeros projetadas para aplica\u00e7\u00f5es industriais","potentialAction":[{"@type":"SearchAction","target":{"@type":"EntryPoint","urlTemplate":"https:\/\/www.metaflotech.com\/pt\/?s={search_term_string}"},"query-input":{"@type":"PropertyValueSpecification","valueRequired":true,"valueName":"search_term_string"}}],"inLanguage":"pt-BR"}]}},"_links":{"self":[{"href":"https:\/\/www.metaflotech.com\/pt\/wp-json\/wp\/v2\/pages\/73490","targetHints":{"allow":["GET"]}}],"collection":[{"href":"https:\/\/www.metaflotech.com\/pt\/wp-json\/wp\/v2\/pages"}],"about":[{"href":"https:\/\/www.metaflotech.com\/pt\/wp-json\/wp\/v2\/types\/page"}],"author":[{"embeddable":true,"href":"https:\/\/www.metaflotech.com\/pt\/wp-json\/wp\/v2\/users\/1"}],"replies":[{"embeddable":true,"href":"https:\/\/www.metaflotech.com\/pt\/wp-json\/wp\/v2\/comments?post=73490"}],"version-history":[{"count":0,"href":"https:\/\/www.metaflotech.com\/pt\/wp-json\/wp\/v2\/pages\/73490\/revisions"}],"wp:attachment":[{"href":"https:\/\/www.metaflotech.com\/pt\/wp-json\/wp\/v2\/media?parent=73490"}],"curies":[{"name":"wp","href":"https:\/\/api.w.org\/{rel}","templated":true}]}}