{"id":73499,"date":"2021-04-26T16:11:16","date_gmt":"2021-04-26T16:11:16","guid":{"rendered":"https:\/\/metaflotech.com\/?page_id=73499"},"modified":"2025-07-09T05:02:35","modified_gmt":"2025-07-09T05:02:35","slug":"aplicativos","status":"publish","type":"page","link":"https:\/\/www.metaflotech.com\/pt\/applications\/","title":{"rendered":"APLICA\u00c7\u00d5ES"},"content":{"rendered":"<h1>\n\t\t\tAPLICA\u00c7\u00d5ES\t<\/h1>\n\t<h3><a href=\"https:\/\/www.metaflotech.com\/pt\/aplicativos\/tunelamento\/\"><strong>Tunelamento e Perfura\u00e7\u00f5es<\/strong><\/a><\/h3>\n<h4>Inova\u00e7\u00e3o na gest\u00e3o de res\u00edduos de t\u00faneis<\/h4>\n<hr \/>\n<h3><a href=\"https:\/\/www.metaflotech.com\/pt\/aplicativos\/escavacoes-hidraulicas\/\"><strong>Escava\u00e7\u00f5es hidr\u00e1ulicas<\/strong><\/a><\/h3>\n<h4>Inova\u00e7\u00e3o no descarte de semi-s\u00f3lidos \u00e0 base de \u00e1gua<\/h4>\n<hr \/>\n<h3><a href=\"https:\/\/www.metaflotech.com\/pt\/aplicativos\/perfuracao-direcional-horizontal\/\"><strong>Perfura\u00e7\u00e3o direcional horizontal<\/strong><\/a><\/h3>\n<h4>Inova\u00e7\u00e3o no descarte de fluidos \u00e0 base de \u00e1gua<\/h4>\n<hr \/>\n<h3><a href=\"https:\/\/www.metaflotech.com\/pt\/aplicativos\/lagoas-de-aguas-residuais-de-aguas-pluviais\/\"><strong>Lagoas de \u00e1guas pluviais\/\u00e1guas residuais<\/strong><\/a><\/h3>\n<h4>Inova\u00e7\u00e3o na gest\u00e3o de \u00e1guas pluviais e lagoas de sedimentos<\/h4>\n<hr \/>\n<h3><a href=\"https:\/\/www.metaflotech.com\/pt\/aplicativos\/estabilizacao-do-solo\/\"><strong>Estabiliza\u00e7\u00e3o do solo<\/strong><\/a><\/h3>\n<h4>Estabiliza\u00e7\u00e3o de solo inovadora, sustent\u00e1vel e econ\u00f4mica<\/h4>\n\t<h3><a href=\"https:\/\/www.metaflotech.com\/pt\/aplicativos\/supressao-de-poeira\/\"><strong>Supress\u00e3o de poeira<\/strong><\/a><\/h3>\n<h4>Supress\u00e3o de poeira eficaz e com economia de \u00e1gua<\/h4>\n<hr \/>\n<h3><a href=\"https:\/\/www.metaflotech.com\/pt\/aplicativos\/extracao-de-ouro-e-reducao-de-cianeto\/\"><strong>Extra\u00e7\u00e3o de ouro e redu\u00e7\u00e3o de cianeto<\/strong><\/a><\/h3>\n<h4>Extra\u00e7\u00e3o Aprimorada de Minerais Preciosos<\/h4>\n<hr \/>\n<h3><a href=\"https:\/\/www.metaflotech.com\/pt\/aplicativos\/contaminated-water-and-soil-remediation\/\"><strong>Tratamento de \u00c1gua Contaminada<\/strong><\/a><\/h3>\n<h4>Remedia\u00e7\u00e3o avan\u00e7ada simplificada<\/h4>\n<hr \/>\n<h3><a href=\"https:\/\/www.metaflotech.com\/pt\/aplicativos\/aglutinantes-cimenticios\/\"><strong>Ligantes ciment\u00edcios<\/strong><\/a><\/h3>\n<h4>Para uso na fabrica\u00e7\u00e3o de tijolos, blocos e pavimentadoras<\/h4>\n\t<style>\n    h3 a:hover {\n       color: #F36C21;\n    }\n<\/style>","protected":false},"excerpt":{"rendered":"<p>Applications Tunneling Innovation In Tunnel Spoils Management Hydro Excavations Innovation In Water-Based Semi-Solids Disposal Horizontal Directional Drilling Innovation In Water-Based Fluid Disposal Stormwater\/Wastewater Ponds Innovation In Stormwater And Sediment Pond Management Soil Stabilization Innovative, Sustainable And Cost-Effective Soil Stabilization Dust Suppression Effective and Water-Saving Dust Suppression Gold Extraction &amp; Cyanide Reduction Enhanced Extraction For Precious&hellip;<\/p>","protected":false},"author":1,"featured_media":0,"parent":0,"menu_order":0,"comment_status":"closed","ping_status":"closed","template":"","meta":{"_acf_changed":false,"inline_featured_image":false,"footnotes":""},"class_list":["post-73499","page","type-page","status-publish","hentry"],"acf":[],"yoast_head":"<!-- This site is optimized with the Yoast SEO plugin v27.6 - https:\/\/yoast.com\/product\/yoast-seo-wordpress\/ -->\n<title>Applications | MetaFLO Technologies<\/title>\n<meta name=\"description\" content=\"MetaFLO solidification reagents are ideal for any industry or application that generates and removes liquid waste.\" \/>\n<meta name=\"robots\" content=\"index, follow, max-snippet:-1, max-image-preview:large, max-video-preview:-1\" \/>\n<link rel=\"canonical\" href=\"https:\/\/www.metaflotech.com\/pt\/aplicativos\/\" \/>\n<meta property=\"og:locale\" content=\"pt_BR\" \/>\n<meta property=\"og:type\" content=\"article\" \/>\n<meta property=\"og:title\" content=\"Applications | MetaFLO Technologies\" \/>\n<meta property=\"og:description\" content=\"MetaFLO solidification reagents are ideal for any industry or application that generates and removes liquid waste.\" \/>\n<meta property=\"og:url\" content=\"https:\/\/www.metaflotech.com\/pt\/aplicativos\/\" \/>\n<meta property=\"og:site_name\" content=\"MetaFLO Technologies\" \/>\n<meta property=\"article:publisher\" content=\"https:\/\/www.facebook.com\/MetaFLOTechnologies\/\" \/>\n<meta property=\"article:modified_time\" content=\"2025-07-09T05:02:35+00:00\" \/>\n<meta name=\"twitter:card\" content=\"summary_large_image\" \/>\n<meta name=\"twitter:site\" content=\"@metaflo\" \/>\n<meta name=\"twitter:label1\" content=\"Est. tempo de leitura\" \/>\n\t<meta name=\"twitter:data1\" content=\"1 minuto\" \/>\n<script type=\"application\/ld+json\" class=\"yoast-schema-graph\">{\"@context\":\"https:\\\/\\\/schema.org\",\"@graph\":[{\"@type\":\"WebPage\",\"@id\":\"https:\\\/\\\/www.metaflotech.com\\\/pt\\\/applications\\\/\",\"url\":\"https:\\\/\\\/www.metaflotech.com\\\/pt\\\/applications\\\/\",\"name\":\"Applications | MetaFLO Technologies\",\"isPartOf\":{\"@id\":\"https:\\\/\\\/www.metaflotech.com\\\/pt\\\/#website\"},\"datePublished\":\"2021-04-26T16:11:16+00:00\",\"dateModified\":\"2025-07-09T05:02:35+00:00\",\"description\":\"MetaFLO solidification reagents are ideal for any industry or application that generates and removes liquid waste.\",\"breadcrumb\":{\"@id\":\"https:\\\/\\\/www.metaflotech.com\\\/pt\\\/applications\\\/#breadcrumb\"},\"inLanguage\":\"pt-BR\",\"potentialAction\":[{\"@type\":\"ReadAction\",\"target\":[\"https:\\\/\\\/www.metaflotech.com\\\/pt\\\/applications\\\/\"]}]},{\"@type\":\"BreadcrumbList\",\"@id\":\"https:\\\/\\\/www.metaflotech.com\\\/pt\\\/applications\\\/#breadcrumb\",\"itemListElement\":[{\"@type\":\"ListItem\",\"position\":1,\"name\":\"Home\",\"item\":\"https:\\\/\\\/www.metaflotech.com\\\/\"},{\"@type\":\"ListItem\",\"position\":2,\"name\":\"Applications\"}]},{\"@type\":\"WebSite\",\"@id\":\"https:\\\/\\\/www.metaflotech.com\\\/pt\\\/#website\",\"url\":\"https:\\\/\\\/www.metaflotech.com\\\/pt\\\/\",\"name\":\"MetaFLO Technologies\",\"description\":\"Engineered Polymer Solutions For Industrial Applications\",\"potentialAction\":[{\"@type\":\"SearchAction\",\"target\":{\"@type\":\"EntryPoint\",\"urlTemplate\":\"https:\\\/\\\/www.metaflotech.com\\\/pt\\\/?s={search_term_string}\"},\"query-input\":{\"@type\":\"PropertyValueSpecification\",\"valueRequired\":true,\"valueName\":\"search_term_string\"}}],\"inLanguage\":\"pt-BR\"}]}<\/script>\n<!-- \/ Yoast SEO plugin. -->","yoast_head_json":{"title":"Applications | MetaFLO Technologies","description":"Os reagentes de solidifica\u00e7\u00e3o MetaFLO s\u00e3o ideais para qualquer setor ou aplica\u00e7\u00e3o que gere e remova res\u00edduos l\u00edquidos.","robots":{"index":"index","follow":"follow","max-snippet":"max-snippet:-1","max-image-preview":"max-image-preview:large","max-video-preview":"max-video-preview:-1"},"canonical":"https:\/\/www.metaflotech.com\/pt\/aplicativos\/","og_locale":"pt_BR","og_type":"article","og_title":"Applications | MetaFLO Technologies","og_description":"MetaFLO solidification reagents are ideal for any industry or application that generates and removes liquid waste.","og_url":"https:\/\/www.metaflotech.com\/pt\/aplicativos\/","og_site_name":"MetaFLO Technologies","article_publisher":"https:\/\/www.facebook.com\/MetaFLOTechnologies\/","article_modified_time":"2025-07-09T05:02:35+00:00","twitter_card":"summary_large_image","twitter_site":"@metaflo","twitter_misc":{"Est. tempo de leitura":"1 minuto"},"schema":{"@context":"https:\/\/schema.org","@graph":[{"@type":"WebPage","@id":"https:\/\/www.metaflotech.com\/pt\/applications\/","url":"https:\/\/www.metaflotech.com\/pt\/applications\/","name":"Applications | MetaFLO Technologies","isPartOf":{"@id":"https:\/\/www.metaflotech.com\/pt\/#website"},"datePublished":"2021-04-26T16:11:16+00:00","dateModified":"2025-07-09T05:02:35+00:00","description":"Os reagentes de solidifica\u00e7\u00e3o MetaFLO s\u00e3o ideais para qualquer setor ou aplica\u00e7\u00e3o que gere e remova res\u00edduos l\u00edquidos.","breadcrumb":{"@id":"https:\/\/www.metaflotech.com\/pt\/applications\/#breadcrumb"},"inLanguage":"pt-BR","potentialAction":[{"@type":"ReadAction","target":["https:\/\/www.metaflotech.com\/pt\/applications\/"]}]},{"@type":"BreadcrumbList","@id":"https:\/\/www.metaflotech.com\/pt\/applications\/#breadcrumb","itemListElement":[{"@type":"ListItem","position":1,"name":"Home","item":"https:\/\/www.metaflotech.com\/"},{"@type":"ListItem","position":2,"name":"Applications"}]},{"@type":"WebSite","@id":"https:\/\/www.metaflotech.com\/pt\/#website","url":"https:\/\/www.metaflotech.com\/pt\/","name":"MetaFLO Technologies","description":"Solu\u00e7\u00f5es de pol\u00edmeros projetadas para aplica\u00e7\u00f5es industriais","potentialAction":[{"@type":"SearchAction","target":{"@type":"EntryPoint","urlTemplate":"https:\/\/www.metaflotech.com\/pt\/?s={search_term_string}"},"query-input":{"@type":"PropertyValueSpecification","valueRequired":true,"valueName":"search_term_string"}}],"inLanguage":"pt-BR"}]}},"_links":{"self":[{"href":"https:\/\/www.metaflotech.com\/pt\/wp-json\/wp\/v2\/pages\/73499","targetHints":{"allow":["GET"]}}],"collection":[{"href":"https:\/\/www.metaflotech.com\/pt\/wp-json\/wp\/v2\/pages"}],"about":[{"href":"https:\/\/www.metaflotech.com\/pt\/wp-json\/wp\/v2\/types\/page"}],"author":[{"embeddable":true,"href":"https:\/\/www.metaflotech.com\/pt\/wp-json\/wp\/v2\/users\/1"}],"replies":[{"embeddable":true,"href":"https:\/\/www.metaflotech.com\/pt\/wp-json\/wp\/v2\/comments?post=73499"}],"version-history":[{"count":0,"href":"https:\/\/www.metaflotech.com\/pt\/wp-json\/wp\/v2\/pages\/73499\/revisions"}],"wp:attachment":[{"href":"https:\/\/www.metaflotech.com\/pt\/wp-json\/wp\/v2\/media?parent=73499"}],"curies":[{"name":"wp","href":"https:\/\/api.w.org\/{rel}","templated":true}]}}