{"id":73801,"date":"2021-05-11T21:18:37","date_gmt":"2021-05-11T21:18:37","guid":{"rendered":"https:\/\/metaflotech.com\/?page_id=73801"},"modified":"2026-01-05T16:33:21","modified_gmt":"2026-01-05T16:33:21","slug":"sobre","status":"publish","type":"page","link":"https:\/\/www.metaflotech.com\/pt\/about\/","title":{"rendered":"Sobre a MetaFLO Technologies"},"content":{"rendered":"<h1><strong>Sobre o MetaFLO<\/strong> Tecnologias<\/h1>\n<h2>\n\t\t\tOs especialistas em pol\u00edmeros industriais\t<\/h2>\n\t<p>A MetaFLO Technologies Inc. desenvolve, fabrica e comercializa solu\u00e7\u00f5es econ\u00f4micas e ambientalmente corretas de reagentes de solidifica\u00e7\u00e3o e biopol\u00edmeros para aplica\u00e7\u00f5es industriais.<\/p>\n<p>Our solidification reagents are used to treat liquid waste streams so that harmful contaminants do not leach into our water tables and pose a risk to human health. These industrial waste streams are generated through drilling operations for oil, gas, mining or pipelines, HDD, boring, tunneling, micro-tunneling and waste water treatment. MetaFLO&#8217;s proprietary solidification reagents, when incorporated into a liquid waste stream, will solidify the source fluid and immobilize contaminants. The resultant solid matrix is more environmentally sound than current treatment methods, creates significantly less volume of waste for landfill and greatly reduces carbon emissions through reduced transportation requirements.<\/p>\n<p>A MetaFLO fornece solu\u00e7\u00f5es de solidifica\u00e7\u00e3o e biopol\u00edmeros para uma ampla gama de aplica\u00e7\u00f5es em t\u00faneis, TBM, HDD, perfura\u00e7\u00e3o, extra\u00e7\u00e3o de ouro, aplica\u00e7\u00f5es de midstream, estabiliza\u00e7\u00e3o de solo, controle de poeira, dragagem, solidifica\u00e7\u00e3o de \u00e1guas residuais municipais e \u00e1guas pluviais e muitas outras. Compreender os requisitos de seguran\u00e7a espec\u00edficos do local, fornecer as ferramentas, a qu\u00edmica e o conhecimento local no local do gerador garante o melhor valor, seguran\u00e7a e resultado ambiental.<\/p>\n<p>A MetaFLO fornece nossos produtos e conhecimentos diretamente ou por meio de distribuidores, revendedores, agentes e prestadores de servi\u00e7os autorizados. Nossa rede de vendedores autorizados oferece conhecimento especializado do produto e uma compreens\u00e3o dos crit\u00e9rios legislativos locais que garantem que voc\u00ea esteja recebendo a solu\u00e7\u00e3o certa para o seu projeto.<\/p>\n<h2>\n\t\t\tA equipe de gerenciamento\t<\/h2>\n\t\t\t\t<img decoding=\"async\" src=\"https:\/\/www.metaflotech.com\/wp-content\/uploads\/2024\/10\/Pompi-Malik.webp\" alt=\"Pompi Malik\" itemprop=\"image\" height=\"600\" width=\"600\" title=\"Pompi Malik\" onerror=\"this.style.display='none'\" loading=\"lazy\" \/>\n\t\t\t\t\t<a href=\"#\"  id=\"fl-accordion--label-0\" tabindex=\"0\" aria-controls=\"fl-accordion--panel-0\"> Pompi Malik &#8211; CEO<\/a>\n\t\t\t\t\t\t\t\t\t\t\t<a href=\"#\" id=\"fl-accordion--icon-0\"  tabindex=\"0\"><i title=\"Expandir\">Expandir<\/i><\/a>\n\t\t\t\t\t<p>As the CEO, Mr. Malik has overall responsibility for leading, defining and executing on the company&#8217;s strategy. Defining differentiated go-to-market strategies, product innovation and delivering on the company&#8217;s revenue and margin performance goals are central to this role. Pompi has extensive experience in management consulting with over 30 years of entrepreneurship growing both small and medium sized businesses and intrapreneurship experience establishing and scaling consulting services at several Fortune 500 companies.<\/p>\n\t\t\t\t<img decoding=\"async\" src=\"https:\/\/www.metaflotech.com\/wp-content\/uploads\/2024\/10\/Susan-Malik.webp\" alt=\"Susan Malik\" itemprop=\"image\" height=\"600\" width=\"600\" title=\"Susan Malik\" onerror=\"this.style.display='none'\" loading=\"lazy\" \/>\n\t\t\t\t\t<a href=\"#\"  id=\"fl-accordion--label-0\" tabindex=\"0\" aria-controls=\"fl-accordion--panel-0\">Susan Williams &#8211; CFO<\/a>\n\t\t\t\t\t\t\t\t\t\t\t<a href=\"#\" id=\"fl-accordion--icon-0\"  tabindex=\"0\"><i title=\"Expandir\">Expandir<\/i><\/a>\n\t\t\t\t\t<p>Como CFO, a Sra. Williams \u00e9 respons\u00e1vel por todos os aspectos financeiros da MetaFLO. Susan tem mais de 25 anos de experi\u00eancia como empres\u00e1ria bem-sucedida, fundando e desenvolvendo v\u00e1rias empresas no Canad\u00e1 e nos Estados Unidos. Ela possui uma ampla gama de conhecimentos empresariais em \u00e1reas t\u00e3o diversas como sistemas de informa\u00e7\u00e3o, bancos\/finan\u00e7as, consultoria de gest\u00e3o, treinamento e educa\u00e7\u00e3o. Susan \u00e9 contadora profissional credenciada (CPA, CA).<\/p>\n\t\t\t\t<img decoding=\"async\" src=\"https:\/\/www.metaflotech.com\/wp-content\/uploads\/2024\/10\/MichaelWalker.webp\" alt=\"MichaelWalker\" itemprop=\"image\" height=\"600\" width=\"600\" title=\"MichaelWalker\" onerror=\"this.style.display='none'\" loading=\"lazy\" \/>\n\t\t\t\t\t<a href=\"#\"  id=\"fl-accordion--label-0\" tabindex=\"0\" aria-controls=\"fl-accordion--panel-0\">Michael Walker &#8211; Global Director, Tunneling<\/a>\n\t\t\t\t\t\t\t\t\t\t\t<a href=\"#\" id=\"fl-accordion--icon-0\"  tabindex=\"0\"><i title=\"Expandir\">Expandir<\/i><\/a>\n\t\t\t\t\t<p>Michael specializes in merging business transformation with technical product development. As the Global Director, Tunneling at MetaFLO, Michael is responsible for managing high-visibility projects for Fortune 500 companies, providing environmental solutions that reduce costs and streamline processes, while expanding MetaFLO&#8217;s global presence across South America, Europe, Asia and the Middle East.<\/p>\n\t\t\t\t<img decoding=\"async\" src=\"https:\/\/www.metaflotech.com\/wp-content\/uploads\/2024\/10\/Diego-Lima.webp\" alt=\"Diego Lima\" itemprop=\"image\" height=\"600\" width=\"600\" title=\"Diego Lima\" onerror=\"this.style.display='none'\" loading=\"lazy\" \/>\n\t\t\t\t\t<a href=\"#\"  id=\"fl-accordion--label-0\" tabindex=\"0\" aria-controls=\"fl-accordion--panel-0\">Diego Lima &#8211; Director of Business Development, Brazil<\/a>\n\t\t\t\t\t\t\t\t\t\t\t<a href=\"#\" id=\"fl-accordion--icon-0\"  tabindex=\"0\"><i title=\"Expandir\">Expandir<\/i><\/a>\n\t\t\t\t\t<p>Diego \u00e9 um especialista em vendas de biopol\u00edmeros com mais de 10 anos de experi\u00eancia em consultoria de gerenciamento e vendas. Na MetaFLO, Diego impulsiona o crescimento dos neg\u00f3cios, com foco em solu\u00e7\u00f5es inovadoras de biopol\u00edmeros. Comprometido em ajudar as organiza\u00e7\u00f5es a otimizar as opera\u00e7\u00f5es e alcan\u00e7ar o desenvolvimento sustent\u00e1vel, Diego oferece resultados impactantes no setor de biopol\u00edmeros.<\/p>\n\n\t\t\t\t<img decoding=\"async\" src=\"https:\/\/www.metaflotech.com\/wp-content\/uploads\/2025\/02\/EzzM.webp\" alt=\"EzzM\" itemprop=\"image\" height=\"600\" width=\"600\" title=\"EzzM\" onerror=\"this.style.display='none'\" loading=\"lazy\" \/>\n\t\t\t\t\t<a href=\"#\"  id=\"fl-accordion--label-0\" tabindex=\"0\" aria-controls=\"fl-accordion--panel-0\">Ezz Abdelmeguid &#8211; Regional Director, Middle East &amp; Africa<\/a>\n\t\t\t\t\t\t\t\t\t\t\t<a href=\"#\" id=\"fl-accordion--icon-0\"  tabindex=\"0\"><i title=\"Expandir\">Expandir<\/i><\/a>\n\t\t\t\t\t<p>Ezz \u00e9 um profissional de neg\u00f3cios e empres\u00e1rio experiente, com mais de 6 anos de experi\u00eancia em v\u00e1rios setores. Ele fez a transi\u00e7\u00e3o da engenharia estrutural na ARUP em Guangzhou, China, para a tecnologia na Am\u00e9rica do Norte. Ezz desempenhou pap\u00e9is fundamentais na Tylt Go (YCS20) em Waterloo, Canad\u00e1, e na Route4Me em Miami, Fl\u00f3rida.<\/p>\n\t\t\t\t<img decoding=\"async\" src=\"https:\/\/www.metaflotech.com\/wp-content\/uploads\/2024\/10\/Laurent-Serra.webp\" alt=\"Laurent Serra\" itemprop=\"image\" height=\"600\" width=\"600\" title=\"Laurent Serra\" onerror=\"this.style.display='none'\" loading=\"lazy\" \/>\n\t\t\t\t\t<a href=\"#\"  id=\"fl-accordion--label-0\" tabindex=\"0\" aria-controls=\"fl-accordion--panel-0\">Laurent Serra &#8211; Chief Scientist<\/a>\n\t\t\t\t\t\t\t\t\t\t\t<a href=\"#\" id=\"fl-accordion--icon-0\"  tabindex=\"0\"><i title=\"Expandir\">Expandir<\/i><\/a>\n\t\t\t\t\t<p>Como cientista-chefe, Laurent impulsiona a inova\u00e7\u00e3o de produtos na MetaFLO. Ele tem 15 anos de experi\u00eancia em processos e rea\u00e7\u00f5es qu\u00edmicas, com especializa\u00e7\u00e3o em engenharia el\u00e9trica e rob\u00f3tica. Seu foco est\u00e1 no desenvolvimento de tecnologia de ponta para o setor de minera\u00e7\u00e3o e processos inteligentes. Nos \u00faltimos 5 anos, ele liderou o desenvolvimento de nano biopol\u00edmeros verdes, impulsionando a inova\u00e7\u00e3o e a sustentabilidade em v\u00e1rias aplica\u00e7\u00f5es industriais.<\/p>\n\n\t\t\t\t<img decoding=\"async\" src=\"https:\/\/www.metaflotech.com\/wp-content\/uploads\/2025\/01\/Ernest-Ching-MetaFLO.webp\" alt=\"Ernest Ching MetaFLO\" itemprop=\"image\" height=\"600\" width=\"600\" title=\"Ernest Ching MetaFLO\" onerror=\"this.style.display='none'\" loading=\"lazy\" \/>\n\t\t\t\t\t<a href=\"#\"  id=\"fl-accordion--label-0\" tabindex=\"0\" aria-controls=\"fl-accordion--panel-0\">Ernest Ching &#8211; Director of Operations<\/a>\n\t\t\t\t\t\t\t\t\t\t\t<a href=\"#\" id=\"fl-accordion--icon-0\"  tabindex=\"0\"><i title=\"Expandir\">Expandir<\/i><\/a>\n\t\t\t\t\t<p>Ernest brings over 8 years of experience in business development and operational leadership, supported by a Master&#8217;s degree in Technology Entrepreneurship and Innovation. At MetaFLO, Ernest spearheads the global operations strategy, focusing on streamlining processes, enhancing efficiency, and aligning organizational objectives with sustainable growth. He also oversees the management and support of channel partners and strategic alliances, driving distributor performance and advancing sales and marketing initiatives.<\/p>\n\t\t\t\t<img decoding=\"async\" src=\"https:\/\/www.metaflotech.com\/wp-content\/uploads\/2025\/01\/Marco-Papa.webp\" alt=\"Marco Papa\" itemprop=\"image\" height=\"600\" width=\"600\" title=\"Marco Papa\" onerror=\"this.style.display='none'\" loading=\"lazy\" \/>\n\t\t\t\t\t<a href=\"#\"  id=\"fl-accordion--label-0\" tabindex=\"0\" aria-controls=\"fl-accordion--panel-0\">Marco Papa &#8211; Director of Channels and Alliances<\/a>\n\t\t\t\t\t\t\t\t\t\t\t<a href=\"#\" id=\"fl-accordion--icon-0\"  tabindex=\"0\"><i title=\"Expandir\">Expandir<\/i><\/a>\n\t\t\t\t\t<p>Marco brings over 10 years of expertise in partnerships management, with a focus on building and scaling global partner programs. At MetaFLO Technologies, he leads the development of strategic alliances and channel partnerships, driving mutual revenue growth and expanding MetaFLO&#8217;s global presence. Combining expertise in marketing, business development, and pre-sales, Marco has a proven track record of fostering impactful co-selling, co-marketing, and enablement initiatives across a diverse partner ecosystem. Passionate about innovation and sustainability, Marco is dedicated to forging partnerships that support MetaFLO&#8217;s mission of delivering cutting-edge and environmentally responsible solutions.<\/p>\n\t\t\t\t<img decoding=\"async\" src=\"https:\/\/www.metaflotech.com\/wp-content\/uploads\/2025\/08\/Giovanna-M-Serra-1.webp\" alt=\"Giovanna M. Serra\" itemprop=\"image\" height=\"600\" width=\"600\" onerror=\"this.style.display='none'\" loading=\"lazy\" \/>\n\t\t\t\t\t<a href=\"#\"  id=\"fl-accordion--label-0\" tabindex=\"0\" aria-controls=\"fl-accordion--panel-0\">Giovanna Moys\u00e9s &#8211; Director of Global Marketing<\/a>\n\t\t\t\t\t\t\t\t\t\t\t<a href=\"#\" id=\"fl-accordion--icon-0\"  tabindex=\"0\"><i title=\"Expandir\">Expandir<\/i><\/a>\n\t\t\t\t\t<p>As Global Marketing Director, Giovanna Moys\u00e9s leads the development and execution of the company&#8217;s global marketing strategy. She focuses on building strong brand positioning, fostering innovation, and driving sustainable growth across international markets. With experience at multinational companies including Perfetti Van Melle and S\u00e3o Leopoldo Mandic, Giovanna blends strategic vision, creativity, and data-driven decision-making to turn insights into impactful campaigns. Passionate about integrated communications and global brand building, she is committed to strengthening the company&#8217;s presence and long-term competitiveness.<\/p>\n\t\t\t\t<img decoding=\"async\" src=\"https:\/\/www.metaflotech.com\/wp-content\/uploads\/2025\/11\/Dan-Kenel.webp\" alt=\"Dan Kenel\" itemprop=\"image\" height=\"600\" width=\"600\" onerror=\"this.style.display='none'\" loading=\"lazy\" \/>\n\t\t\t\t\t<a href=\"#\"  id=\"fl-accordion--label-0\" tabindex=\"0\" aria-controls=\"fl-accordion--panel-0\">Dan Kenel &#8211; Account Executive Canada<\/a>\n\t\t\t\t\t\t\t\t\t\t\t<a href=\"#\" id=\"fl-accordion--icon-0\"  tabindex=\"0\"><i title=\"Expandir\">Expandir<\/i><\/a>\n\t\t\t\t\t<p>Com forma\u00e7\u00e3o em ci\u00eancias naturais, Daniel est\u00e1 focado em uma coisa: ajudar os clientes a terem sucesso.<\/p>\n<p>He takes a straightforward, consultative approach-listening closely to understand each operation&#8217;s specific challenges, then working side-by-side through product selection, trials, optimization, and full implementation to deliver measurable improvements in performance and sustainability.<\/p>\n<p>Sediado em Alberta, Canad\u00e1, Daniel est\u00e1 sempre pronto para ir at\u00e9 o local ou atender o telefone para dar andamento ao seu projeto.<\/p>\n\t\t\t\t<img decoding=\"async\" src=\"https:\/\/www.metaflotech.com\/wp-content\/uploads\/2026\/01\/Paul-Freyermuth.webp\" alt=\"Paul Freyermuth\" itemprop=\"image\" height=\"600\" width=\"600\" onerror=\"this.style.display='none'\" loading=\"lazy\" \/>\n\t\t\t\t\t<a href=\"#\"  id=\"fl-accordion--label-0\" tabindex=\"0\" aria-controls=\"fl-accordion--panel-0\">Paul Freyermuth &#8211; Director of Business Development, U.S.<\/a>\n\t\t\t\t\t\t\t\t\t\t\t<a href=\"#\" id=\"fl-accordion--icon-0\"  tabindex=\"0\"><i title=\"Expandir\">Expandir<\/i><\/a>\n\t\t\t\t\t<p>Paul Freyermuth \u00e9 um executivo experiente com mais de tr\u00eas d\u00e9cadas de atua\u00e7\u00e3o, especializado na implementa\u00e7\u00e3o de solu\u00e7\u00f5es inovadoras e no impulsionamento do crescimento de receitas em larga escala. Ele construiu uma carreira de destaque ajudando organiza\u00e7\u00f5es a navegar em mercados complexos e a implementar estrat\u00e9gias vision\u00e1rias que geram resultados mensur\u00e1veis.<\/p>\n<p>Com uma vasta experi\u00eancia internacional, Paul traz uma perspectiva global \u00fanica para suas fun\u00e7\u00f5es de lideran\u00e7a. Isso inclui mais de 10 anos vivendo e trabalhando na \u00c1sia, onde desenvolveu um profundo conhecimento da din\u00e2mica do mercado regional, das pr\u00e1ticas comerciais interculturais e dos requisitos para expandir opera\u00e7\u00f5es em diversos ambientes econ\u00f4micos.<\/p>\n<p>Ao longo de sua carreira, Paul estabeleceu parcerias com l\u00edderes do setor em diversos segmentos cr\u00edticos, incluindo Energia e Recursos Naturais, Manufatura e Tecnologia. Sua capacidade de atuar na interse\u00e7\u00e3o desses setores permite que ele ofere\u00e7a insights pr\u00e1ticos sobre efici\u00eancia operacional, novos modelos de neg\u00f3cios e crescimento e sustentabilidade da receita a longo prazo.<\/p>\n<h3>\n\t\t\tNossas associa\u00e7\u00f5es\t<\/h3>\n\t<p>A MetaFLO se orgulha de ser afiliada \u00e0s principais associa\u00e7\u00f5es industriais dedicadas ao avan\u00e7o da tecnologia e da gest\u00e3o ambiental em diversos setores. Essas parcerias nos permitem permanecer na vanguarda dos padr\u00f5es e inova\u00e7\u00f5es do setor, garantindo a oferta de solu\u00e7\u00f5es de ponta para o gerenciamento de res\u00edduos l\u00edquidos em diversas aplica\u00e7\u00f5es industriais.<\/p>\n\t\t\t\t<img decoding=\"async\" src=\"https:\/\/www.metaflotech.com\/wp-content\/uploads\/2025\/01\/ITA-AITES-logo.png\" alt=\"Logotipo do ITA-AITES\" itemprop=\"image\" height=\"138\" width=\"465\" title=\"Logotipo do ITA-AITES\" onerror=\"this.style.display='none'\" loading=\"lazy\" \/>\n\t\t\t\t<img decoding=\"async\" src=\"https:\/\/www.metaflotech.com\/wp-content\/uploads\/2024\/07\/TAC-Logo.jpg\" alt=\"Logotipo da TAC\" itemprop=\"image\" height=\"120\" width=\"360\" title=\"Logotipo da TAC\" onerror=\"this.style.display='none'\" loading=\"lazy\" \/>\n\t\t\t\t<img decoding=\"async\" src=\"https:\/\/www.metaflotech.com\/wp-content\/uploads\/2024\/07\/UCA-Logo.png\" alt=\"Logotipo da UCA\" itemprop=\"image\" height=\"104\" width=\"350\" title=\"Logotipo da UCA\" onerror=\"this.style.display='none'\" loading=\"lazy\" \/>\n<h3>\n\t\t\tAlcance global\t<\/h3>\n\t\t\t\t<img decoding=\"async\" src=\"https:\/\/www.metaflotech.com\/wp-content\/uploads\/2025\/02\/Global_Reach.svg\" alt=\"Global_Reach\" itemprop=\"image\" height=\"1616\" width=\"3058\" title=\"Global_Reach\" onerror=\"this.style.display='none'\" loading=\"lazy\" \/>\n\t\t\t <h3><strong>Global Headquarters: Toronto, ON, Canada<\/strong><\/h3>\u00a0\t\t\n\t\t\t <h3><strong>US Headquarters: Dover, DE, United States<\/strong><\/h3>\n\t\t\t <h3><strong>Brazil Headquarters: S\u00e3o Paulo, SP, Brazil<\/strong><\/h3>\n\t\t\t <h3><strong>MENA Office: Riyadh, Saudi Arabia<\/strong><\/h3>\n\t\t\t <h3><strong>EU Office: Treviso, Italy<\/strong><\/h3>","protected":false},"excerpt":{"rendered":"<p>About MetaFLO Technologies The Industrial Polymer Experts MetaFLO Technologies Inc. develops, manufactures and markets cost effective and environmentally sound solidification reagent and biopolymer solutions for industrial applications. Our solidification reagents are used to treat liquid waste streams so that harmful contaminants do not leach into our water tables and pose a risk to human health.&hellip;<\/p>","protected":false},"author":1,"featured_media":0,"parent":0,"menu_order":0,"comment_status":"closed","ping_status":"closed","template":"","meta":{"_acf_changed":false,"inline_featured_image":false,"footnotes":""},"class_list":["post-73801","page","type-page","status-publish","hentry"],"acf":[],"yoast_head":"<!-- This site is optimized with the Yoast SEO plugin v27.4 - https:\/\/yoast.com\/product\/yoast-seo-wordpress\/ -->\n<title>About MetaFLO Technologies | MetaFLO Technologies<\/title>\n<meta name=\"description\" content=\"Engineered solutions for waste separation, solidification and stabilization that are effective, efficient and minimize environmental impact.\" \/>\n<meta name=\"robots\" content=\"index, follow, max-snippet:-1, max-image-preview:large, max-video-preview:-1\" \/>\n<link rel=\"canonical\" href=\"https:\/\/www.metaflotech.com\/pt\/sobre\/\" \/>\n<meta property=\"og:locale\" content=\"pt_BR\" \/>\n<meta property=\"og:type\" content=\"article\" \/>\n<meta property=\"og:title\" content=\"About MetaFLO Technologies | MetaFLO Technologies\" \/>\n<meta property=\"og:description\" content=\"Engineered solutions for waste separation, solidification and stabilization that are effective, efficient and minimize environmental impact.\" \/>\n<meta property=\"og:url\" content=\"https:\/\/www.metaflotech.com\/pt\/sobre\/\" \/>\n<meta property=\"og:site_name\" content=\"MetaFLO Technologies\" \/>\n<meta property=\"article:publisher\" content=\"https:\/\/www.facebook.com\/MetaFLOTechnologies\/\" \/>\n<meta property=\"article:modified_time\" content=\"2026-01-05T16:33:21+00:00\" \/>\n<meta property=\"og:image\" content=\"https:\/\/www.metaflotech.com\/wp-content\/uploads\/2024\/10\/Pompi-Malik.webp\" \/>\n<meta name=\"twitter:card\" content=\"summary_large_image\" \/>\n<meta name=\"twitter:site\" content=\"@metaflo\" \/>\n<meta name=\"twitter:label1\" content=\"Est. tempo de leitura\" \/>\n\t<meta name=\"twitter:data1\" content=\"13 minutos\" \/>\n<script type=\"application\/ld+json\" class=\"yoast-schema-graph\">{\"@context\":\"https:\\\/\\\/schema.org\",\"@graph\":[{\"@type\":\"WebPage\",\"@id\":\"https:\\\/\\\/www.metaflotech.com\\\/pt\\\/about\\\/\",\"url\":\"https:\\\/\\\/www.metaflotech.com\\\/pt\\\/about\\\/\",\"name\":\"About MetaFLO Technologies | MetaFLO Technologies\",\"isPartOf\":{\"@id\":\"https:\\\/\\\/www.metaflotech.com\\\/pt\\\/#website\"},\"primaryImageOfPage\":{\"@id\":\"https:\\\/\\\/www.metaflotech.com\\\/pt\\\/about\\\/#primaryimage\"},\"image\":{\"@id\":\"https:\\\/\\\/www.metaflotech.com\\\/pt\\\/about\\\/#primaryimage\"},\"thumbnailUrl\":\"https:\\\/\\\/www.metaflotech.com\\\/wp-content\\\/uploads\\\/2024\\\/10\\\/Pompi-Malik.webp\",\"datePublished\":\"2021-05-11T21:18:37+00:00\",\"dateModified\":\"2026-01-05T16:33:21+00:00\",\"description\":\"Engineered solutions for waste separation, solidification and stabilization that are effective, efficient and minimize environmental impact.\",\"breadcrumb\":{\"@id\":\"https:\\\/\\\/www.metaflotech.com\\\/pt\\\/about\\\/#breadcrumb\"},\"inLanguage\":\"pt-BR\",\"potentialAction\":[{\"@type\":\"ReadAction\",\"target\":[\"https:\\\/\\\/www.metaflotech.com\\\/pt\\\/about\\\/\"]}]},{\"@type\":\"ImageObject\",\"inLanguage\":\"pt-BR\",\"@id\":\"https:\\\/\\\/www.metaflotech.com\\\/pt\\\/about\\\/#primaryimage\",\"url\":\"https:\\\/\\\/www.metaflotech.com\\\/wp-content\\\/uploads\\\/2024\\\/10\\\/Pompi-Malik.webp\",\"contentUrl\":\"https:\\\/\\\/www.metaflotech.com\\\/wp-content\\\/uploads\\\/2024\\\/10\\\/Pompi-Malik.webp\"},{\"@type\":\"BreadcrumbList\",\"@id\":\"https:\\\/\\\/www.metaflotech.com\\\/pt\\\/about\\\/#breadcrumb\",\"itemListElement\":[{\"@type\":\"ListItem\",\"position\":1,\"name\":\"Home\",\"item\":\"https:\\\/\\\/www.metaflotech.com\\\/\"},{\"@type\":\"ListItem\",\"position\":2,\"name\":\"About MetaFLO Technologies\"}]},{\"@type\":\"WebSite\",\"@id\":\"https:\\\/\\\/www.metaflotech.com\\\/pt\\\/#website\",\"url\":\"https:\\\/\\\/www.metaflotech.com\\\/pt\\\/\",\"name\":\"MetaFLO Technologies\",\"description\":\"Engineered Polymer Solutions For Industrial Applications\",\"potentialAction\":[{\"@type\":\"SearchAction\",\"target\":{\"@type\":\"EntryPoint\",\"urlTemplate\":\"https:\\\/\\\/www.metaflotech.com\\\/pt\\\/?s={search_term_string}\"},\"query-input\":{\"@type\":\"PropertyValueSpecification\",\"valueRequired\":true,\"valueName\":\"search_term_string\"}}],\"inLanguage\":\"pt-BR\"}]}<\/script>\n<!-- \/ Yoast SEO plugin. -->","yoast_head_json":{"title":"About MetaFLO Technologies | MetaFLO Technologies","description":"Solu\u00e7\u00f5es projetadas para separa\u00e7\u00e3o, solidifica\u00e7\u00e3o e estabiliza\u00e7\u00e3o de res\u00edduos que s\u00e3o eficazes, eficientes e minimizam o impacto ambiental.","robots":{"index":"index","follow":"follow","max-snippet":"max-snippet:-1","max-image-preview":"max-image-preview:large","max-video-preview":"max-video-preview:-1"},"canonical":"https:\/\/www.metaflotech.com\/pt\/sobre\/","og_locale":"pt_BR","og_type":"article","og_title":"About MetaFLO Technologies | MetaFLO Technologies","og_description":"Engineered solutions for waste separation, solidification and stabilization that are effective, efficient and minimize environmental impact.","og_url":"https:\/\/www.metaflotech.com\/pt\/sobre\/","og_site_name":"MetaFLO Technologies","article_publisher":"https:\/\/www.facebook.com\/MetaFLOTechnologies\/","article_modified_time":"2026-01-05T16:33:21+00:00","og_image":[{"url":"https:\/\/www.metaflotech.com\/wp-content\/uploads\/2024\/10\/Pompi-Malik.webp","type":"","width":"","height":""}],"twitter_card":"summary_large_image","twitter_site":"@metaflo","twitter_misc":{"Est. tempo de leitura":"13 minutos"},"schema":{"@context":"https:\/\/schema.org","@graph":[{"@type":"WebPage","@id":"https:\/\/www.metaflotech.com\/pt\/about\/","url":"https:\/\/www.metaflotech.com\/pt\/about\/","name":"About MetaFLO Technologies | MetaFLO Technologies","isPartOf":{"@id":"https:\/\/www.metaflotech.com\/pt\/#website"},"primaryImageOfPage":{"@id":"https:\/\/www.metaflotech.com\/pt\/about\/#primaryimage"},"image":{"@id":"https:\/\/www.metaflotech.com\/pt\/about\/#primaryimage"},"thumbnailUrl":"https:\/\/www.metaflotech.com\/wp-content\/uploads\/2024\/10\/Pompi-Malik.webp","datePublished":"2021-05-11T21:18:37+00:00","dateModified":"2026-01-05T16:33:21+00:00","description":"Solu\u00e7\u00f5es projetadas para separa\u00e7\u00e3o, solidifica\u00e7\u00e3o e estabiliza\u00e7\u00e3o de res\u00edduos que s\u00e3o eficazes, eficientes e minimizam o impacto ambiental.","breadcrumb":{"@id":"https:\/\/www.metaflotech.com\/pt\/about\/#breadcrumb"},"inLanguage":"pt-BR","potentialAction":[{"@type":"ReadAction","target":["https:\/\/www.metaflotech.com\/pt\/about\/"]}]},{"@type":"ImageObject","inLanguage":"pt-BR","@id":"https:\/\/www.metaflotech.com\/pt\/about\/#primaryimage","url":"https:\/\/www.metaflotech.com\/wp-content\/uploads\/2024\/10\/Pompi-Malik.webp","contentUrl":"https:\/\/www.metaflotech.com\/wp-content\/uploads\/2024\/10\/Pompi-Malik.webp"},{"@type":"BreadcrumbList","@id":"https:\/\/www.metaflotech.com\/pt\/about\/#breadcrumb","itemListElement":[{"@type":"ListItem","position":1,"name":"Home","item":"https:\/\/www.metaflotech.com\/"},{"@type":"ListItem","position":2,"name":"About MetaFLO Technologies"}]},{"@type":"WebSite","@id":"https:\/\/www.metaflotech.com\/pt\/#website","url":"https:\/\/www.metaflotech.com\/pt\/","name":"MetaFLO Technologies","description":"Solu\u00e7\u00f5es de pol\u00edmeros projetadas para aplica\u00e7\u00f5es industriais","potentialAction":[{"@type":"SearchAction","target":{"@type":"EntryPoint","urlTemplate":"https:\/\/www.metaflotech.com\/pt\/?s={search_term_string}"},"query-input":{"@type":"PropertyValueSpecification","valueRequired":true,"valueName":"search_term_string"}}],"inLanguage":"pt-BR"}]}},"_links":{"self":[{"href":"https:\/\/www.metaflotech.com\/pt\/wp-json\/wp\/v2\/pages\/73801","targetHints":{"allow":["GET"]}}],"collection":[{"href":"https:\/\/www.metaflotech.com\/pt\/wp-json\/wp\/v2\/pages"}],"about":[{"href":"https:\/\/www.metaflotech.com\/pt\/wp-json\/wp\/v2\/types\/page"}],"author":[{"embeddable":true,"href":"https:\/\/www.metaflotech.com\/pt\/wp-json\/wp\/v2\/users\/1"}],"replies":[{"embeddable":true,"href":"https:\/\/www.metaflotech.com\/pt\/wp-json\/wp\/v2\/comments?post=73801"}],"version-history":[{"count":0,"href":"https:\/\/www.metaflotech.com\/pt\/wp-json\/wp\/v2\/pages\/73801\/revisions"}],"wp:attachment":[{"href":"https:\/\/www.metaflotech.com\/pt\/wp-json\/wp\/v2\/media?parent=73801"}],"curies":[{"name":"wp","href":"https:\/\/api.w.org\/{rel}","templated":true}]}}