{"id":89260,"date":"2024-03-25T11:28:51","date_gmt":"2024-03-25T11:28:51","guid":{"rendered":"https:\/\/www.metaflotech.com\/?page_id=89260"},"modified":"2026-03-12T13:15:08","modified_gmt":"2026-03-12T13:15:08","slug":"mf003","status":"publish","type":"page","link":"https:\/\/www.metaflotech.com\/pt\/products\/solidification-reagents\/mf003\/","title":{"rendered":"MF003 Liquid Waste Solidification Polymer"},"content":{"rendered":"<img decoding=\"async\" src=\"https:\/\/www.metaflotech.com\/wp-content\/uploads\/2024\/03\/Dark-MF003.svg\" alt=\"MF003\" itemprop=\"image\" height=\"100\" width=\"100\" onerror=\"this.style.display='none'\" loading=\"lazy\" \/>\r\n\t<h1><strong>Ideal para a solidifica\u00e7\u00e3o de v\u00e1rios fluxos de res\u00edduos l\u00edquidos<br \/>\r\n<\/strong><\/h1>\r\n<h1>Projetado para solidificar res\u00edduos l\u00edquidos de escava\u00e7\u00e3o de t\u00faneis (EPB), perfura\u00e7\u00e3o direcional e muito mais<\/h1>\r\n\t<h3><strong>APLICA\u00c7\u00d5ES<\/strong><\/h3>\r\n\t\t\t <p>Perfura\u00e7\u00e3o direcional<\/p>\t\t\r\n\t\t\t <p>Tunelamento (EPB)<\/p>\t\t\r\n\t\t\t <p>Microt\u00faneis<\/p>\t\t\r\n\t\t\t <p>Sedimentos de \u00e1guas pluviais<\/p>\r\n\t\t\t <p>Pastas \u00e0 base de \u00e1gua<\/p>\t\t\r\n\t\t\t <p>Lodo de infraestrutura<\/p>\r\n\t\t\t <p>Fluxos de res\u00edduos vari\u00e1veis<\/p>\r\n\t<h3><strong>Substitui<\/strong><\/h3>\r\n\t\t\t <p>Serragem<\/p>\r\n\t\t\t <p>Cal<\/p>\r\n\t\t\t <p>Outras emendas secas<\/p>\r\n\t<h3><strong>Benef\u00edcios<\/strong><\/h3>\r\n\t\t\t <p>Projetado para solidificar res\u00edduos l\u00edquidos para atender ao teste de filtro de tinta (EPA Test Method 9095)<\/p>\r\n\t\t\t <p>Requisitos de dosagem muito baixos<\/p>\r\n\t\t\t <p>Conte\u00fado vari\u00e1vel de s\u00f3lidos<\/p>\t\t\r\n\t\t\t <p>Pode reduzir o peso e o volume em at\u00e9 20% (em condi\u00e7\u00f5es favor\u00e1veis e secas)<\/p>\t\t\r\n\t\t\t <p>Converte rapidamente fluidos de perfura\u00e7\u00e3o em s\u00f3lidos (&lt;30 minutos)<\/p>\t\t\r\n\t\t\t <p>Cria um s\u00f3lido seco e empilh\u00e1vel para facilitar o manuseio e o transporte<\/p>\t\t\r\n\t\t\t <p>Imobiliza os contaminantes<\/p>\t\t\r\n\t\t\t <p>Passa nos testes de microtoxicidade<\/p>\t\t\r\n\t\t\t <p>Efeitos m\u00ednimos de umidade<\/p>\r\n\t\t\t <p>Favor\u00e1vel a aterros sanit\u00e1rios<\/p>\r\n\t<h1><strong>Nossos reagentes<\/strong><\/h1>\r\n<p>MetaFLO&#8217;s reagents turn industrial liquid waste streams into solids in minutes. By simply adding a minimal dosage of MetaFLO&#8217;s proprietary formulations to industrial liquid waste-from processes like HDD, drilling, boring, tunneling, micro-tunneling and hydro excavations-these reagents absorb excess water and immobilize any contaminants.<\/p>\r\n<p>All MetaFLO solidification products are environmentally safe, and are applied to help meet environmental solids criteria for wet spoils. The solidified material will also immobilize metals and hydrocarbons and can safely be transported to landfill directly from the generator site-or can be applied at liquid transfer stations prior to disposal.<\/p>\r\n<p>A MetaFLO produz reagentes para muitas aplica\u00e7\u00f5es diferentes, e tamb\u00e9m podemos projetar uma mistura de reagentes especificamente para seu fluxo de res\u00edduos. Entre em contato conosco para obter mais detalhes.<\/p>\r\n\t\t\t\t<a href=\"https:\/\/www.metaflotech.com\/pt\/o-que-e-o-reagente-de-solidificacao-metaflo\/\"  target=\"_self\" itemprop=\"url\">\r\n\t\t\t\t<img decoding=\"async\" src=\"https:\/\/www.metaflotech.com\/wp-content\/uploads\/2024\/12\/What-PT-1.svg\" alt=\"O que \u00e9 MetaFLO\" itemprop=\"image\" height=\"150\" width=\"150\" title=\"O que-150px\" onerror=\"this.style.display='none'\" loading=\"lazy\" \/>\r\n\t\t\t\t<\/a>\r\n\t\t\t\t<a href=\"https:\/\/www.metaflotech.com\/pt\/como-o-metaflo-funciona\/\"  target=\"_self\" itemprop=\"url\">\r\n\t\t\t\t<img decoding=\"async\" src=\"https:\/\/www.metaflotech.com\/wp-content\/uploads\/2024\/12\/When-PT-1.svg\" alt=\"Quando usar o MetaFLO\" itemprop=\"image\" height=\"150\" width=\"150\" title=\"Quando-150px\" onerror=\"this.style.display='none'\" loading=\"lazy\" \/>\r\n\t\t\t\t<\/a>\r\n\t\t\t\t<a href=\"https:\/\/www.metaflotech.com\/pt\/por-que-escolher-a-metaflo-para-o-gerenciamento-de-residuos-liquidos\/\"  target=\"_self\" itemprop=\"url\">\r\n\t\t\t\t<img decoding=\"async\" src=\"https:\/\/www.metaflotech.com\/wp-content\/uploads\/2024\/12\/Why-PT-1.svg\" alt=\"Por que escolher o MetaFLO\" itemprop=\"image\" height=\"150\" width=\"150\" title=\"Por que-150px\" onerror=\"this.style.display='none'\" loading=\"lazy\" \/>\r\n\t\t\t\t<\/a>\r\n<h2>\r\n\t\t\tEstudos de caso\t<\/h2>\r\n<h3>\r\n\t\t<a href=\"https:\/\/www.metaflotech.com\/wp-content\/uploads\/2024\/12\/MF003-Case-Study-1_-Tunneling-English-MetaFLO-Technologies.pdf\" title=\"Australia's Longest Road Tunnel Made Efficient with MetaFLO's Waste Transport Solution\"  target=\"_self\">\r\n\t\t\tAustralia&#8217;s Longest Road Tunnel Made Efficient with MetaFLO&#8217;s Waste Transport Solution\t\t<\/a>\r\n\t<\/h3>\r\n\t<p>Rapid solidification technology simplifies waste handling, saving time and costs for Sydney&#8217;s NorthConnex project.<\/p>\r\n<h3>\r\n\t\t<a href=\"https:\/\/www.metaflotech.com\/wp-content\/uploads\/2024\/12\/MF003-Case-Study-2-English-MetaFLO-Technologies.pdf\" title=\"Solidifica\u00e7\u00e3o r\u00e1pida para res\u00edduos complexos de argamassa em canteiros de obras\"  target=\"_self\">\r\n\t\t\tSolidifica\u00e7\u00e3o r\u00e1pida para res\u00edduos complexos de argamassa em canteiros de obras\t\t<\/a>\r\n\t<\/h3>\r\n\t<p>MetaFLO&#8217;s swift solution for jet grout spoils keeps projects on schedule and minimizes environmental impact, offering a reliable method to handle chemically complex waste in the construction industry.<\/p>\r\n\t\t\t\t<a href=\"https:\/\/www.metaflotech.com\/pt\/produtos\/reagentes-de-solidificacao\/mf003\/\"  target=\"_self\" itemprop=\"url\">\r\n\t\t\t\t<img decoding=\"async\" src=\"https:\/\/www.metaflotech.com\/wp-content\/uploads\/2024\/03\/Logo-MF003.svg\" alt=\"Logotipo MF003\" itemprop=\"image\" height=\"100\" width=\"100\" title=\"Logotipo MF003\" onerror=\"this.style.display='none'\" loading=\"lazy\" \/>\r\n\t\t\t\t<\/a>\r\n\t<p>Fluxos de res\u00edduos l\u00edquidos<\/p>\r\n\t\t\t\t<a href=\"https:\/\/www.metaflotech.com\/pt\/produtos\/reagentes-de-solidificacao\/mf006\/\"  target=\"_self\" itemprop=\"url\">\r\n\t\t\t\t<img decoding=\"async\" src=\"https:\/\/www.metaflotech.com\/wp-content\/uploads\/2024\/03\/Logo-MF006.svg\" alt=\"Logotipo MF006\" itemprop=\"image\" height=\"100\" width=\"100\" title=\"Logotipo MF006\" onerror=\"this.style.display='none'\" loading=\"lazy\" \/>\r\n\t\t\t\t<\/a>\r\n\t<p>Semiss\u00f3lidos \u00e0 base de \u00e1gua<\/p>\r\n\t\t\t\t<a href=\"https:\/\/www.metaflotech.com\/pt\/produtos\/reagentes-de-solidificacao\/mf008\/\"  target=\"_self\" itemprop=\"url\">\r\n\t\t\t\t<img decoding=\"async\" src=\"https:\/\/www.metaflotech.com\/wp-content\/uploads\/2024\/03\/Logo-MF008.svg\" alt=\"Logotipo MF008\" itemprop=\"image\" height=\"100\" width=\"100\" title=\"Logotipo MF008\" onerror=\"this.style.display='none'\" loading=\"lazy\" \/>\r\n\t\t\t\t<\/a>\r\n\t<p>Aplica\u00e7\u00f5es de petr\u00f3leo e g\u00e1s<\/p>","protected":false},"excerpt":{"rendered":"<p>Ideal for solidification of various liquid waste streams Designed to solidify liquid wastes from tunneling (EPB), directional drilling and more Application Directional Drilling Tunneling (EPB) Micro-Tunnelling Stormwater Sediment Water-Based Slurries Infrastructure Sludge Variable Waste Streams Replaces Sawdust Lime Other Dry Amendments Benefits Designed to solidify liquid wastes to meet the Paint Filter Test (EPA Test&hellip;<\/p>","protected":false},"author":1,"featured_media":0,"parent":108080,"menu_order":0,"comment_status":"closed","ping_status":"closed","template":"","meta":{"_acf_changed":false,"inline_featured_image":false,"footnotes":""},"class_list":["post-89260","page","type-page","status-publish","hentry"],"acf":[],"yoast_head":"<!-- This site is optimized with the Yoast SEO plugin v27.5 - https:\/\/yoast.com\/product\/yoast-seo-wordpress\/ -->\n<title>MF003 Liquid Waste Solidification Polymer | MetaFLO Technologies<\/title>\n<meta name=\"description\" content=\"MF003 is a high-performance polymer for liquid waste, sludge and slurry solidification, enabling faster handling, safer transport and reduced disposal costs.\" \/>\n<meta name=\"robots\" content=\"index, follow, max-snippet:-1, max-image-preview:large, max-video-preview:-1\" \/>\n<link rel=\"canonical\" href=\"https:\/\/www.metaflotech.com\/pt\/produtos\/reagentes-de-solidificacao\/mf003\/\" \/>\n<meta property=\"og:locale\" content=\"pt_BR\" \/>\n<meta property=\"og:type\" content=\"article\" \/>\n<meta property=\"og:title\" content=\"MF003 Liquid Waste Solidification Polymer | MetaFLO Technologies\" \/>\n<meta property=\"og:description\" content=\"MF003 is a high-performance polymer for liquid waste, sludge and slurry solidification, enabling faster handling, safer transport and reduced disposal costs.\" \/>\n<meta property=\"og:url\" content=\"https:\/\/www.metaflotech.com\/pt\/produtos\/reagentes-de-solidificacao\/mf003\/\" \/>\n<meta property=\"og:site_name\" content=\"MetaFLO Technologies\" \/>\n<meta property=\"article:publisher\" content=\"https:\/\/www.facebook.com\/MetaFLOTechnologies\/\" \/>\n<meta property=\"article:modified_time\" content=\"2026-03-12T13:15:08+00:00\" \/>\n<meta property=\"og:image\" content=\"https:\/\/www.metaflotech.com\/wp-content\/uploads\/2024\/03\/Dark-MF003.svg\" \/>\n<meta name=\"twitter:card\" content=\"summary_large_image\" \/>\n<meta name=\"twitter:site\" content=\"@metaflo\" \/>\n<meta name=\"twitter:label1\" content=\"Est. tempo de leitura\" \/>\n\t<meta name=\"twitter:data1\" content=\"3 minutos\" \/>\n<script type=\"application\/ld+json\" class=\"yoast-schema-graph\">{\"@context\":\"https:\\\/\\\/schema.org\",\"@graph\":[{\"@type\":\"WebPage\",\"@id\":\"https:\\\/\\\/www.metaflotech.com\\\/pt\\\/products\\\/solidification-reagents\\\/mf003\\\/\",\"url\":\"https:\\\/\\\/www.metaflotech.com\\\/pt\\\/products\\\/solidification-reagents\\\/mf003\\\/\",\"name\":\"MF003 Liquid Waste Solidification Polymer | MetaFLO Technologies\",\"isPartOf\":{\"@id\":\"https:\\\/\\\/www.metaflotech.com\\\/pt\\\/#website\"},\"primaryImageOfPage\":{\"@id\":\"https:\\\/\\\/www.metaflotech.com\\\/pt\\\/products\\\/solidification-reagents\\\/mf003\\\/#primaryimage\"},\"image\":{\"@id\":\"https:\\\/\\\/www.metaflotech.com\\\/pt\\\/products\\\/solidification-reagents\\\/mf003\\\/#primaryimage\"},\"thumbnailUrl\":\"https:\\\/\\\/www.metaflotech.com\\\/wp-content\\\/uploads\\\/2024\\\/03\\\/Dark-MF003.svg\",\"datePublished\":\"2024-03-25T11:28:51+00:00\",\"dateModified\":\"2026-03-12T13:15:08+00:00\",\"description\":\"MF003 is a high-performance polymer for liquid waste, sludge and slurry solidification, enabling faster handling, safer transport and reduced disposal costs.\",\"breadcrumb\":{\"@id\":\"https:\\\/\\\/www.metaflotech.com\\\/pt\\\/products\\\/solidification-reagents\\\/mf003\\\/#breadcrumb\"},\"inLanguage\":\"pt-BR\",\"potentialAction\":[{\"@type\":\"ReadAction\",\"target\":[\"https:\\\/\\\/www.metaflotech.com\\\/pt\\\/products\\\/solidification-reagents\\\/mf003\\\/\"]}]},{\"@type\":\"ImageObject\",\"inLanguage\":\"pt-BR\",\"@id\":\"https:\\\/\\\/www.metaflotech.com\\\/pt\\\/products\\\/solidification-reagents\\\/mf003\\\/#primaryimage\",\"url\":\"https:\\\/\\\/www.metaflotech.com\\\/wp-content\\\/uploads\\\/2024\\\/03\\\/Dark-MF003.svg\",\"contentUrl\":\"https:\\\/\\\/www.metaflotech.com\\\/wp-content\\\/uploads\\\/2024\\\/03\\\/Dark-MF003.svg\"},{\"@type\":\"BreadcrumbList\",\"@id\":\"https:\\\/\\\/www.metaflotech.com\\\/pt\\\/products\\\/solidification-reagents\\\/mf003\\\/#breadcrumb\",\"itemListElement\":[{\"@type\":\"ListItem\",\"position\":1,\"name\":\"Home\",\"item\":\"https:\\\/\\\/www.metaflotech.com\\\/\"},{\"@type\":\"ListItem\",\"position\":2,\"name\":\"Products\",\"item\":\"https:\\\/\\\/www.metaflotech.com\\\/products\\\/\"},{\"@type\":\"ListItem\",\"position\":3,\"name\":\"Solidification Reagents (MF)\",\"item\":\"https:\\\/\\\/www.metaflotech.com\\\/products\\\/solidification-reagents\\\/\"},{\"@type\":\"ListItem\",\"position\":4,\"name\":\"MF003 Liquid Waste Solidification Polymer\"}]},{\"@type\":\"WebSite\",\"@id\":\"https:\\\/\\\/www.metaflotech.com\\\/pt\\\/#website\",\"url\":\"https:\\\/\\\/www.metaflotech.com\\\/pt\\\/\",\"name\":\"MetaFLO Technologies\",\"description\":\"Engineered Polymer Solutions For Industrial Applications\",\"potentialAction\":[{\"@type\":\"SearchAction\",\"target\":{\"@type\":\"EntryPoint\",\"urlTemplate\":\"https:\\\/\\\/www.metaflotech.com\\\/pt\\\/?s={search_term_string}\"},\"query-input\":{\"@type\":\"PropertyValueSpecification\",\"valueRequired\":true,\"valueName\":\"search_term_string\"}}],\"inLanguage\":\"pt-BR\"}]}<\/script>\n<!-- \/ Yoast SEO plugin. -->","yoast_head_json":{"title":"Reagente de Solidifica\u00e7\u00e3o para Gest\u00e3o de Res\u00edduos L\u00edquidos | MetaFLO","description":"MF003 \u00e9 um pol\u00edmero de alta performance para solidifica\u00e7\u00e3o de res\u00edduos l\u00edquidos, lodo e lama, facilitando o manuseio, transporte seguro e reduzindo custos de descarte.","robots":{"index":"index","follow":"follow","max-snippet":"max-snippet:-1","max-image-preview":"max-image-preview:large","max-video-preview":"max-video-preview:-1"},"canonical":"https:\/\/www.metaflotech.com\/pt\/produtos\/reagentes-de-solidificacao\/mf003\/","og_locale":"pt_BR","og_type":"article","og_title":"MF003 Liquid Waste Solidification Polymer | MetaFLO Technologies","og_description":"MF003 is a high-performance polymer for liquid waste, sludge and slurry solidification, enabling faster handling, safer transport and reduced disposal costs.","og_url":"https:\/\/www.metaflotech.com\/pt\/produtos\/reagentes-de-solidificacao\/mf003\/","og_site_name":"MetaFLO Technologies","article_publisher":"https:\/\/www.facebook.com\/MetaFLOTechnologies\/","article_modified_time":"2026-03-12T13:15:08+00:00","og_image":[{"url":"https:\/\/www.metaflotech.com\/wp-content\/uploads\/2024\/03\/Dark-MF003.svg","type":"","width":"","height":""}],"twitter_card":"summary_large_image","twitter_site":"@metaflo","twitter_misc":{"Est. tempo de leitura":"3 minutos"},"schema":{"@context":"https:\/\/schema.org","@graph":[{"@type":"WebPage","@id":"https:\/\/www.metaflotech.com\/pt\/products\/solidification-reagents\/mf003\/","url":"https:\/\/www.metaflotech.com\/pt\/products\/solidification-reagents\/mf003\/","name":"Reagente de Solidifica\u00e7\u00e3o para Gest\u00e3o de Res\u00edduos L\u00edquidos | MetaFLO","isPartOf":{"@id":"https:\/\/www.metaflotech.com\/pt\/#website"},"primaryImageOfPage":{"@id":"https:\/\/www.metaflotech.com\/pt\/products\/solidification-reagents\/mf003\/#primaryimage"},"image":{"@id":"https:\/\/www.metaflotech.com\/pt\/products\/solidification-reagents\/mf003\/#primaryimage"},"thumbnailUrl":"https:\/\/www.metaflotech.com\/wp-content\/uploads\/2024\/03\/Dark-MF003.svg","datePublished":"2024-03-25T11:28:51+00:00","dateModified":"2026-03-12T13:15:08+00:00","description":"MF003 \u00e9 um pol\u00edmero de alta performance para solidifica\u00e7\u00e3o de res\u00edduos l\u00edquidos, lodo e lama, facilitando o manuseio, transporte seguro e reduzindo custos de descarte.","breadcrumb":{"@id":"https:\/\/www.metaflotech.com\/pt\/products\/solidification-reagents\/mf003\/#breadcrumb"},"inLanguage":"pt-BR","potentialAction":[{"@type":"ReadAction","target":["https:\/\/www.metaflotech.com\/pt\/products\/solidification-reagents\/mf003\/"]}]},{"@type":"ImageObject","inLanguage":"pt-BR","@id":"https:\/\/www.metaflotech.com\/pt\/products\/solidification-reagents\/mf003\/#primaryimage","url":"https:\/\/www.metaflotech.com\/wp-content\/uploads\/2024\/03\/Dark-MF003.svg","contentUrl":"https:\/\/www.metaflotech.com\/wp-content\/uploads\/2024\/03\/Dark-MF003.svg"},{"@type":"BreadcrumbList","@id":"https:\/\/www.metaflotech.com\/pt\/products\/solidification-reagents\/mf003\/#breadcrumb","itemListElement":[{"@type":"ListItem","position":1,"name":"Home","item":"https:\/\/www.metaflotech.com\/"},{"@type":"ListItem","position":2,"name":"Products","item":"https:\/\/www.metaflotech.com\/products\/"},{"@type":"ListItem","position":3,"name":"Solidification Reagents (MF)","item":"https:\/\/www.metaflotech.com\/products\/solidification-reagents\/"},{"@type":"ListItem","position":4,"name":"MF003 Liquid Waste Solidification Polymer"}]},{"@type":"WebSite","@id":"https:\/\/www.metaflotech.com\/pt\/#website","url":"https:\/\/www.metaflotech.com\/pt\/","name":"MetaFLO Technologies","description":"Solu\u00e7\u00f5es de pol\u00edmeros projetadas para aplica\u00e7\u00f5es industriais","potentialAction":[{"@type":"SearchAction","target":{"@type":"EntryPoint","urlTemplate":"https:\/\/www.metaflotech.com\/pt\/?s={search_term_string}"},"query-input":{"@type":"PropertyValueSpecification","valueRequired":true,"valueName":"search_term_string"}}],"inLanguage":"pt-BR"}]}},"_links":{"self":[{"href":"https:\/\/www.metaflotech.com\/pt\/wp-json\/wp\/v2\/pages\/89260","targetHints":{"allow":["GET"]}}],"collection":[{"href":"https:\/\/www.metaflotech.com\/pt\/wp-json\/wp\/v2\/pages"}],"about":[{"href":"https:\/\/www.metaflotech.com\/pt\/wp-json\/wp\/v2\/types\/page"}],"author":[{"embeddable":true,"href":"https:\/\/www.metaflotech.com\/pt\/wp-json\/wp\/v2\/users\/1"}],"replies":[{"embeddable":true,"href":"https:\/\/www.metaflotech.com\/pt\/wp-json\/wp\/v2\/comments?post=89260"}],"version-history":[{"count":0,"href":"https:\/\/www.metaflotech.com\/pt\/wp-json\/wp\/v2\/pages\/89260\/revisions"}],"up":[{"embeddable":true,"href":"https:\/\/www.metaflotech.com\/pt\/wp-json\/wp\/v2\/pages\/108080"}],"wp:attachment":[{"href":"https:\/\/www.metaflotech.com\/pt\/wp-json\/wp\/v2\/media?parent=89260"}],"curies":[{"name":"wp","href":"https:\/\/api.w.org\/{rel}","templated":true}]}}