{"id":91002,"date":"2024-05-30T06:40:33","date_gmt":"2024-05-30T06:40:33","guid":{"rendered":"https:\/\/www.metaflotech.com\/?page_id=91002"},"modified":"2026-03-12T13:14:18","modified_gmt":"2026-03-12T13:14:18","slug":"mf008","status":"publish","type":"page","link":"https:\/\/www.metaflotech.com\/pt\/products\/solidification-reagents\/mf008\/","title":{"rendered":"MF008 Oil and Gas Waste Solidification Polymer"},"content":{"rendered":"<img decoding=\"async\" src=\"https:\/\/www.metaflotech.com\/wp-content\/uploads\/2024\/03\/Dark-MF008.svg\" alt=\"Escuro MF008\" itemprop=\"image\" height=\"100\" width=\"100\" title=\"Escuro MF008\" onerror=\"this.style.display='none'\" loading=\"lazy\" \/>\r\n\t<h1><strong>Ideal para aplica\u00e7\u00f5es de petr\u00f3leo e g\u00e1s<br \/>\r\n<\/strong><\/h1>\r\n<h1>Como recortes invertidos, recortes de OBM e recortes \u00e0 base de salmoura.<\/h1>\r\n\t<h3><strong>APLICA\u00c7\u00d5ES<\/strong><\/h3>\r\n\t\t\t <p>Cortes (\u00e0 base de \u00f3leo)<\/p>\r\n\t\t\t <p>Fundo dos tanques<\/p>\t\t\r\n\t\t\t <p>Petrol\u00edferas<\/p>\r\n\t\t\t <p>Lamas oleosas<\/p>\r\n\t<h3><strong>Substitui<\/strong><\/h3>\r\n\t\t\t <p>Cinzas volantes<\/p>\r\n\t\t\t <p>Serragem<\/p>\r\n\t<h3><strong>Benef\u00edcios<\/strong><\/h3>\r\n\t\t\t <p>Ideal para solidificar cascalhos de perfura\u00e7\u00e3o \u00e0 base de \u00f3leo, fundos de tanques e lama oleosa<\/p>\r\n\t\t\t <p>Pode ser usado em conjunto com MF006 ou MF003 quando houver \u00e1gua presente<\/p>\r\n\t\t\t <p>Cria um s\u00f3lido seco e empilh\u00e1vel para facilitar o manuseio e o transporte<\/p>\t\t\r\n\t\t\t <p>Efeitos m\u00ednimos de umidade<\/p>\r\n\t\t\t <p>Favor\u00e1vel a aterros sanit\u00e1rios<\/p>\r\n\t<h1><strong>Nossos reagentes<\/strong><\/h1>\r\n<p>MetaFLO&#8217;s reagents turn industrial liquid waste streams into solids in minutes. By simply adding a minimal dosage of MetaFLO&#8217;s proprietary formulations to industrial liquid waste-from processes like HDD, drilling, boring, tunneling, micro-tunneling and hydro excavations-these reagents absorb excess water and immobilize any contaminants.<\/p>\r\n<p>All MetaFLO solidification products are environmentally safe, and are applied to help meet environmental solids criteria for wet spoils. The solidified material will also immobilize metals and hydrocarbons and can safely be transported to landfill directly from the generator site-or can be applied at liquid transfer stations prior to disposal.<\/p>\r\n<p>A MetaFLO produz reagentes para muitas aplica\u00e7\u00f5es diferentes, e tamb\u00e9m podemos projetar uma mistura de reagentes especificamente para seu fluxo de res\u00edduos. Entre em contato conosco para obter mais detalhes.<\/p>\r\n\t\t\t\t<a href=\"https:\/\/www.metaflotech.com\/pt\/o-que-e-o-reagente-de-solidificacao-metaflo\/\"  target=\"_self\" itemprop=\"url\">\r\n\t\t\t\t<img decoding=\"async\" src=\"https:\/\/www.metaflotech.com\/wp-content\/uploads\/2024\/12\/What-PT-1.svg\" alt=\"O que \u00e9 MetaFLO\" itemprop=\"image\" height=\"150\" width=\"150\" title=\"O que-150px\" onerror=\"this.style.display='none'\" loading=\"lazy\" \/>\r\n\t\t\t\t<\/a>\r\n\t\t\t\t<a href=\"https:\/\/www.metaflotech.com\/pt\/como-o-metaflo-funciona\/\"  target=\"_self\" itemprop=\"url\">\r\n\t\t\t\t<img decoding=\"async\" src=\"https:\/\/www.metaflotech.com\/wp-content\/uploads\/2024\/12\/When-PT-1.svg\" alt=\"Quando usar o MetaFLO\" itemprop=\"image\" height=\"150\" width=\"150\" title=\"Quando-150px\" onerror=\"this.style.display='none'\" loading=\"lazy\" \/>\r\n\t\t\t\t<\/a>\r\n\t\t\t\t<a href=\"https:\/\/www.metaflotech.com\/pt\/por-que-escolher-a-metaflo-para-o-gerenciamento-de-residuos-liquidos\/\"  target=\"_self\" itemprop=\"url\">\r\n\t\t\t\t<img decoding=\"async\" src=\"https:\/\/www.metaflotech.com\/wp-content\/uploads\/2024\/12\/Why-PT-1.svg\" alt=\"Por que escolher o MetaFLO\" itemprop=\"image\" height=\"150\" width=\"150\" title=\"Por que-150px\" onerror=\"this.style.display='none'\" loading=\"lazy\" \/>\r\n\t\t\t\t<\/a>\r\n\t\t\t\t<a href=\"https:\/\/www.metaflotech.com\/pt\/produtos\/reagentes-de-solidificacao\/mf003\/\"  target=\"_self\" itemprop=\"url\">\r\n\t\t\t\t<img decoding=\"async\" src=\"https:\/\/www.metaflotech.com\/wp-content\/uploads\/2024\/03\/Logo-MF003.svg\" alt=\"Logotipo MF003\" itemprop=\"image\" height=\"100\" width=\"100\" title=\"Logotipo MF003\" onerror=\"this.style.display='none'\" loading=\"lazy\" \/>\r\n\t\t\t\t<\/a>\r\n\t<p>Fluxos de res\u00edduos l\u00edquidos<\/p>\r\n\t\t\t\t<a href=\"https:\/\/www.metaflotech.com\/pt\/produtos\/reagentes-de-solidificacao\/mf006\/\"  target=\"_self\" itemprop=\"url\">\r\n\t\t\t\t<img decoding=\"async\" src=\"https:\/\/www.metaflotech.com\/wp-content\/uploads\/2024\/03\/Logo-MF006.svg\" alt=\"Logotipo MF006\" itemprop=\"image\" height=\"100\" width=\"100\" title=\"Logotipo MF006\" onerror=\"this.style.display='none'\" loading=\"lazy\" \/>\r\n\t\t\t\t<\/a>\r\n\t<p>Semiss\u00f3lidos \u00e0 base de \u00e1gua<\/p>\r\n\t\t\t\t<a href=\"https:\/\/www.metaflotech.com\/pt\/produtos\/reagentes-de-solidificacao\/mf008\/\"  target=\"_self\" itemprop=\"url\">\r\n\t\t\t\t<img decoding=\"async\" src=\"https:\/\/www.metaflotech.com\/wp-content\/uploads\/2024\/03\/Logo-MF008.svg\" alt=\"Logotipo MF008\" itemprop=\"image\" height=\"100\" width=\"100\" title=\"Logotipo MF008\" onerror=\"this.style.display='none'\" loading=\"lazy\" \/>\r\n\t\t\t\t<\/a>\r\n\t<p>Aplica\u00e7\u00f5es de petr\u00f3leo e g\u00e1s<\/p>","protected":false},"excerpt":{"rendered":"<p>Ideal for oil and gas applications Such as invert or OBM cuttings, brine-based cuttings Application Cuttings (Oil-Based) Bottoms of Tanks Oil &amp; Gas Oily Sludges Replaces Fly Ash Sawdust Benefits Ideal for solidifying oil-based drill cuttings, tank bottoms and oily pad sludge Can be used in conjunction with MF006 or MF003 when water is present&hellip;<\/p>","protected":false},"author":1,"featured_media":0,"parent":108080,"menu_order":0,"comment_status":"closed","ping_status":"closed","template":"","meta":{"_acf_changed":false,"inline_featured_image":false,"footnotes":""},"class_list":["post-91002","page","type-page","status-publish","hentry"],"acf":[],"yoast_head":"<!-- This site is optimized with the Yoast SEO plugin v27.5 - https:\/\/yoast.com\/product\/yoast-seo-wordpress\/ -->\n<title>MF008 Oil and Gas Waste Solidification Polymer | MetaFLO Technologies<\/title>\n<meta name=\"description\" content=\"MF008 is a high-performance polymer for oil and gas waste solidification, ideal for invert and OBM drill cuttings, brine-based cuttings and other drilling wastes.\" \/>\n<meta name=\"robots\" content=\"index, follow, max-snippet:-1, max-image-preview:large, max-video-preview:-1\" \/>\n<link rel=\"canonical\" href=\"https:\/\/www.metaflotech.com\/pt\/produtos\/reagentes-de-solidificacao\/mf008\/\" \/>\n<meta property=\"og:locale\" content=\"pt_BR\" \/>\n<meta property=\"og:type\" content=\"article\" \/>\n<meta property=\"og:title\" content=\"MF008 Oil and Gas Waste Solidification Polymer | MetaFLO Technologies\" \/>\n<meta property=\"og:description\" content=\"MF008 is a high-performance polymer for oil and gas waste solidification, ideal for invert and OBM drill cuttings, brine-based cuttings and other drilling wastes.\" \/>\n<meta property=\"og:url\" content=\"https:\/\/www.metaflotech.com\/pt\/produtos\/reagentes-de-solidificacao\/mf008\/\" \/>\n<meta property=\"og:site_name\" content=\"MetaFLO Technologies\" \/>\n<meta property=\"article:publisher\" content=\"https:\/\/www.facebook.com\/MetaFLOTechnologies\/\" \/>\n<meta property=\"article:modified_time\" content=\"2026-03-12T13:14:18+00:00\" \/>\n<meta property=\"og:image\" content=\"https:\/\/www.metaflotech.com\/wp-content\/uploads\/2024\/03\/Dark-MF008.svg\" \/>\n<meta name=\"twitter:card\" content=\"summary_large_image\" \/>\n<meta name=\"twitter:site\" content=\"@metaflo\" \/>\n<meta name=\"twitter:label1\" content=\"Est. tempo de leitura\" \/>\n\t<meta name=\"twitter:data1\" content=\"3 minutos\" \/>\n<script type=\"application\/ld+json\" class=\"yoast-schema-graph\">{\"@context\":\"https:\\\/\\\/schema.org\",\"@graph\":[{\"@type\":\"WebPage\",\"@id\":\"https:\\\/\\\/www.metaflotech.com\\\/pt\\\/products\\\/solidification-reagents\\\/mf008\\\/\",\"url\":\"https:\\\/\\\/www.metaflotech.com\\\/pt\\\/products\\\/solidification-reagents\\\/mf008\\\/\",\"name\":\"MF008 Oil and Gas Waste Solidification Polymer | MetaFLO Technologies\",\"isPartOf\":{\"@id\":\"https:\\\/\\\/www.metaflotech.com\\\/pt\\\/#website\"},\"primaryImageOfPage\":{\"@id\":\"https:\\\/\\\/www.metaflotech.com\\\/pt\\\/products\\\/solidification-reagents\\\/mf008\\\/#primaryimage\"},\"image\":{\"@id\":\"https:\\\/\\\/www.metaflotech.com\\\/pt\\\/products\\\/solidification-reagents\\\/mf008\\\/#primaryimage\"},\"thumbnailUrl\":\"https:\\\/\\\/www.metaflotech.com\\\/wp-content\\\/uploads\\\/2024\\\/03\\\/Dark-MF008.svg\",\"datePublished\":\"2024-05-30T06:40:33+00:00\",\"dateModified\":\"2026-03-12T13:14:18+00:00\",\"description\":\"MF008 is a high-performance polymer for oil and gas waste solidification, ideal for invert and OBM drill cuttings, brine-based cuttings and other drilling wastes.\",\"breadcrumb\":{\"@id\":\"https:\\\/\\\/www.metaflotech.com\\\/pt\\\/products\\\/solidification-reagents\\\/mf008\\\/#breadcrumb\"},\"inLanguage\":\"pt-BR\",\"potentialAction\":[{\"@type\":\"ReadAction\",\"target\":[\"https:\\\/\\\/www.metaflotech.com\\\/pt\\\/products\\\/solidification-reagents\\\/mf008\\\/\"]}]},{\"@type\":\"ImageObject\",\"inLanguage\":\"pt-BR\",\"@id\":\"https:\\\/\\\/www.metaflotech.com\\\/pt\\\/products\\\/solidification-reagents\\\/mf008\\\/#primaryimage\",\"url\":\"https:\\\/\\\/www.metaflotech.com\\\/wp-content\\\/uploads\\\/2024\\\/03\\\/Dark-MF008.svg\",\"contentUrl\":\"https:\\\/\\\/www.metaflotech.com\\\/wp-content\\\/uploads\\\/2024\\\/03\\\/Dark-MF008.svg\"},{\"@type\":\"BreadcrumbList\",\"@id\":\"https:\\\/\\\/www.metaflotech.com\\\/pt\\\/products\\\/solidification-reagents\\\/mf008\\\/#breadcrumb\",\"itemListElement\":[{\"@type\":\"ListItem\",\"position\":1,\"name\":\"Home\",\"item\":\"https:\\\/\\\/www.metaflotech.com\\\/\"},{\"@type\":\"ListItem\",\"position\":2,\"name\":\"Products\",\"item\":\"https:\\\/\\\/www.metaflotech.com\\\/products\\\/\"},{\"@type\":\"ListItem\",\"position\":3,\"name\":\"Solidification Reagents (MF)\",\"item\":\"https:\\\/\\\/www.metaflotech.com\\\/products\\\/solidification-reagents\\\/\"},{\"@type\":\"ListItem\",\"position\":4,\"name\":\"MF008 Oil and Gas Waste Solidification Polymer\"}]},{\"@type\":\"WebSite\",\"@id\":\"https:\\\/\\\/www.metaflotech.com\\\/pt\\\/#website\",\"url\":\"https:\\\/\\\/www.metaflotech.com\\\/pt\\\/\",\"name\":\"MetaFLO Technologies\",\"description\":\"Engineered Polymer Solutions For Industrial Applications\",\"potentialAction\":[{\"@type\":\"SearchAction\",\"target\":{\"@type\":\"EntryPoint\",\"urlTemplate\":\"https:\\\/\\\/www.metaflotech.com\\\/pt\\\/?s={search_term_string}\"},\"query-input\":{\"@type\":\"PropertyValueSpecification\",\"valueRequired\":true,\"valueName\":\"search_term_string\"}}],\"inLanguage\":\"pt-BR\"}]}<\/script>\n<!-- \/ Yoast SEO plugin. -->","yoast_head_json":{"title":"MF008 Reagente para Solidifica\u00e7\u00e3o de Res\u00edduos de Perfura\u00e7\u00e3o | MetaFLO","description":"MF008 \u00e9 um reagente de alta performance para solidifica\u00e7\u00e3o de res\u00edduos de perfura\u00e7\u00e3o em \u00f3leo e g\u00e1s, incluindo cascalhos de perfura\u00e7\u00e3o e fluidos OBM ou \u00e0 base de salmoura.","robots":{"index":"index","follow":"follow","max-snippet":"max-snippet:-1","max-image-preview":"max-image-preview:large","max-video-preview":"max-video-preview:-1"},"canonical":"https:\/\/www.metaflotech.com\/pt\/produtos\/reagentes-de-solidificacao\/mf008\/","og_locale":"pt_BR","og_type":"article","og_title":"MF008 Oil and Gas Waste Solidification Polymer | MetaFLO Technologies","og_description":"MF008 is a high-performance polymer for oil and gas waste solidification, ideal for invert and OBM drill cuttings, brine-based cuttings and other drilling wastes.","og_url":"https:\/\/www.metaflotech.com\/pt\/produtos\/reagentes-de-solidificacao\/mf008\/","og_site_name":"MetaFLO Technologies","article_publisher":"https:\/\/www.facebook.com\/MetaFLOTechnologies\/","article_modified_time":"2026-03-12T13:14:18+00:00","og_image":[{"url":"https:\/\/www.metaflotech.com\/wp-content\/uploads\/2024\/03\/Dark-MF008.svg","type":"","width":"","height":""}],"twitter_card":"summary_large_image","twitter_site":"@metaflo","twitter_misc":{"Est. tempo de leitura":"3 minutos"},"schema":{"@context":"https:\/\/schema.org","@graph":[{"@type":"WebPage","@id":"https:\/\/www.metaflotech.com\/pt\/products\/solidification-reagents\/mf008\/","url":"https:\/\/www.metaflotech.com\/pt\/products\/solidification-reagents\/mf008\/","name":"MF008 Reagente para Solidifica\u00e7\u00e3o de Res\u00edduos de Perfura\u00e7\u00e3o | MetaFLO","isPartOf":{"@id":"https:\/\/www.metaflotech.com\/pt\/#website"},"primaryImageOfPage":{"@id":"https:\/\/www.metaflotech.com\/pt\/products\/solidification-reagents\/mf008\/#primaryimage"},"image":{"@id":"https:\/\/www.metaflotech.com\/pt\/products\/solidification-reagents\/mf008\/#primaryimage"},"thumbnailUrl":"https:\/\/www.metaflotech.com\/wp-content\/uploads\/2024\/03\/Dark-MF008.svg","datePublished":"2024-05-30T06:40:33+00:00","dateModified":"2026-03-12T13:14:18+00:00","description":"MF008 \u00e9 um reagente de alta performance para solidifica\u00e7\u00e3o de res\u00edduos de perfura\u00e7\u00e3o em \u00f3leo e g\u00e1s, incluindo cascalhos de perfura\u00e7\u00e3o e fluidos OBM ou \u00e0 base de salmoura.","breadcrumb":{"@id":"https:\/\/www.metaflotech.com\/pt\/products\/solidification-reagents\/mf008\/#breadcrumb"},"inLanguage":"pt-BR","potentialAction":[{"@type":"ReadAction","target":["https:\/\/www.metaflotech.com\/pt\/products\/solidification-reagents\/mf008\/"]}]},{"@type":"ImageObject","inLanguage":"pt-BR","@id":"https:\/\/www.metaflotech.com\/pt\/products\/solidification-reagents\/mf008\/#primaryimage","url":"https:\/\/www.metaflotech.com\/wp-content\/uploads\/2024\/03\/Dark-MF008.svg","contentUrl":"https:\/\/www.metaflotech.com\/wp-content\/uploads\/2024\/03\/Dark-MF008.svg"},{"@type":"BreadcrumbList","@id":"https:\/\/www.metaflotech.com\/pt\/products\/solidification-reagents\/mf008\/#breadcrumb","itemListElement":[{"@type":"ListItem","position":1,"name":"Home","item":"https:\/\/www.metaflotech.com\/"},{"@type":"ListItem","position":2,"name":"Products","item":"https:\/\/www.metaflotech.com\/products\/"},{"@type":"ListItem","position":3,"name":"Solidification Reagents (MF)","item":"https:\/\/www.metaflotech.com\/products\/solidification-reagents\/"},{"@type":"ListItem","position":4,"name":"MF008 Oil and Gas Waste Solidification Polymer"}]},{"@type":"WebSite","@id":"https:\/\/www.metaflotech.com\/pt\/#website","url":"https:\/\/www.metaflotech.com\/pt\/","name":"MetaFLO Technologies","description":"Solu\u00e7\u00f5es de pol\u00edmeros projetadas para aplica\u00e7\u00f5es industriais","potentialAction":[{"@type":"SearchAction","target":{"@type":"EntryPoint","urlTemplate":"https:\/\/www.metaflotech.com\/pt\/?s={search_term_string}"},"query-input":{"@type":"PropertyValueSpecification","valueRequired":true,"valueName":"search_term_string"}}],"inLanguage":"pt-BR"}]}},"_links":{"self":[{"href":"https:\/\/www.metaflotech.com\/pt\/wp-json\/wp\/v2\/pages\/91002","targetHints":{"allow":["GET"]}}],"collection":[{"href":"https:\/\/www.metaflotech.com\/pt\/wp-json\/wp\/v2\/pages"}],"about":[{"href":"https:\/\/www.metaflotech.com\/pt\/wp-json\/wp\/v2\/types\/page"}],"author":[{"embeddable":true,"href":"https:\/\/www.metaflotech.com\/pt\/wp-json\/wp\/v2\/users\/1"}],"replies":[{"embeddable":true,"href":"https:\/\/www.metaflotech.com\/pt\/wp-json\/wp\/v2\/comments?post=91002"}],"version-history":[{"count":0,"href":"https:\/\/www.metaflotech.com\/pt\/wp-json\/wp\/v2\/pages\/91002\/revisions"}],"up":[{"embeddable":true,"href":"https:\/\/www.metaflotech.com\/pt\/wp-json\/wp\/v2\/pages\/108080"}],"wp:attachment":[{"href":"https:\/\/www.metaflotech.com\/pt\/wp-json\/wp\/v2\/media?parent=91002"}],"curies":[{"name":"wp","href":"https:\/\/api.w.org\/{rel}","templated":true}]}}