{"id":94636,"date":"2024-10-09T07:19:08","date_gmt":"2024-10-09T07:19:08","guid":{"rendered":"https:\/\/www.metaflotech.com\/?page_id=94636"},"modified":"2026-03-17T14:24:10","modified_gmt":"2026-03-17T14:24:10","slug":"soiltech","status":"publish","type":"page","link":"https:\/\/www.metaflotech.com\/pt\/products\/biopolymers\/soiltech\/","title":{"rendered":"SoilTech Biopolymer for Soil Stabilization and Unpaved Roads"},"content":{"rendered":"<p><img loading=\"lazy\" decoding=\"async\" title=\"Escuro\" src=\"https:\/\/www.metaflotech.com\/wp-content\/uploads\/2025\/07\/Dark-3.svg\" alt=\"Escuro\" width=\"100\" height=\"100\" \/><\/p>\r\n<h1><strong>Biopol\u00edmero<\/strong><\/h1>\r\n<h1>Usado na estabiliza\u00e7\u00e3o do solo e na supress\u00e3o de poeira<\/h1>\r\n<h3><strong>APLICA\u00c7\u00d5ES<\/strong><\/h3>\r\n<p>Estradas de transporte<\/p>\r\n<p>Fundamentos<\/p>\r\n<p>Muros de conten\u00e7\u00e3o<\/p>\r\n<p>Infraestrutura da mina<\/p>\r\n<h3><strong>Benef\u00edcios<\/strong><\/h3>\r\n<p>Redu\u00e7\u00e3o de custos operacionais e log\u00edsticos pelo tratamento do solo no local.<\/p>\r\n<p>Nossa tecnologia exclusiva garante maior longevidade e resist\u00eancia da superf\u00edcie da estrada, elimina\u00e7\u00e3o de poeira e melhor custo-benef\u00edcio.<\/p>\r\n<p>Melhoria das propriedades mec\u00e2nicas do solo.<\/p>\r\n<p>O SoilTech aumenta significativamente o CBR (\u00cdndice de Suporte da Calif\u00f3rnia) em diferentes tipos de solo.<\/p>\r\n<p>Environmental safety &#8211; SoilTech is free of chemical contaminants that can affect the environment.<\/p>\r\n<p>A camada de solo tratada n\u00e3o fica escorregadia.<\/p>\r\n<p><img loading=\"lazy\" decoding=\"async\" src=\"https:\/\/www.metaflotech.com\/wp-content\/uploads\/2024\/10\/Icon-1-Home-Page-200x200-1.png\" alt=\"\" width=\"200\" height=\"200\" \/><\/p>\r\n<h3><strong>Biopol\u00edmero derivado de algas, ambientalmente seguro para o solo e a fauna terrestre, produzido em biorreatores. Melhor estabiliza\u00e7\u00e3o do solo e supress\u00e3o de poeira.<\/strong><\/h3>\r\n<p><img loading=\"lazy\" decoding=\"async\" title=\"Icon-2-Home-Page-200x200\" src=\"https:\/\/www.metaflotech.com\/wp-content\/uploads\/2024\/10\/Icon-2-Home-Page-200x200-1.png\" alt=\"Icon-2-Home-Page-200x200\" width=\"200\" height=\"200\" \/><\/p>\r\n<h3><strong>Liga-se ao solo para formar uma superf\u00edcie mais imperme\u00e1vel com propriedades mec\u00e2nicas aprimoradas, incluindo maior resist\u00eancia \u00e0 compress\u00e3o, melhor coes\u00e3o e maior elasticidade.<\/strong><\/h3>\r\n<p><img loading=\"lazy\" decoding=\"async\" title=\"Icon-3-Home-Page-200x200\" src=\"https:\/\/www.metaflotech.com\/wp-content\/uploads\/2024\/10\/Icon-3-Home-Page-200x200-1.png\" alt=\"Icon-3-Home-Page-200x200\" width=\"200\" height=\"200\" \/><\/p>\r\n<h3><strong>Tecnologia de ponta capaz de gerar economia em seu projeto de constru\u00e7\u00e3o.<br \/><\/strong><\/h3>\r\n<h1><strong>METODOLOGIA DE APLICA\u00c7\u00c3O<\/strong><\/h1>\r\n<h3>Easy application, low dosage &#8211; can be diluted directly in the water truck<br \/>sem equipamento adicional.<\/h3>\r\n<h2><strong>Solo natural<\/strong><\/h2>\r\n<p><img loading=\"lazy\" decoding=\"async\" src=\"https:\/\/www.metaflotech.com\/wp-content\/uploads\/2024\/10\/Image-1-Home-Page-600x400-1.jpg\" alt=\"\" width=\"600\" height=\"400\" \/><\/p>\r\n<p><em>Solo later\u00edtico amarelo<\/em><\/p>\r\n<h2><strong>Dilution of SoilTech in water<\/strong><\/h2>\r\n<p><img loading=\"lazy\" decoding=\"async\" src=\"https:\/\/www.metaflotech.com\/wp-content\/uploads\/2024\/10\/Image-2-Home-Page-400x400-1.png\" alt=\"\" width=\"400\" height=\"400\" \/><\/p>\r\n<p><em>Aplica\u00e7\u00e3o simples<\/em><\/p>\r\n<h2><strong>After SoilTech<\/strong><\/h2>\r\n<p><img loading=\"lazy\" decoding=\"async\" src=\"https:\/\/www.metaflotech.com\/wp-content\/uploads\/2024\/10\/Image-4-Home-Page-400x400-1.png\" alt=\"\" width=\"400\" height=\"400\" \/><\/p>\r\n<p><em>Amostra de teste<\/em><\/p>\r\n<h2><strong>Melhoria das propriedades mec\u00e2nicas do solo<\/strong><\/h2>\r\n<p>O SoilTech aumenta significativamente o CBR em diferentes tipos de solo.<\/p>\r\n<p><img loading=\"lazy\" decoding=\"async\" title=\"Imagem-4-P\u00e1gina inicial\" src=\"https:\/\/www.metaflotech.com\/wp-content\/uploads\/2024\/10\/Image-4-Home-Page.png\" alt=\"Imagem-4-P\u00e1gina inicial\" width=\"1080\" height=\"1080\" \/><\/p>\r\n<h2><strong>Atua como estabilizador em diferentes camadas<\/strong><\/h2>\r\n<p>O SoilTech pode ser usado como base, sub-base e estabilizador de sub-sub-base.<\/p>\r\n<p><img loading=\"lazy\" decoding=\"async\" title=\"Imagem-5-P\u00e1gina inicial\" src=\"https:\/\/www.metaflotech.com\/wp-content\/uploads\/2024\/10\/Image-5-Home-Page.png\" alt=\"Imagem-5-P\u00e1gina inicial\" width=\"1080\" height=\"1080\" \/> <img loading=\"lazy\" decoding=\"async\" title=\"Imagem-3-P\u00e1gina inicial\" src=\"https:\/\/www.metaflotech.com\/wp-content\/uploads\/2024\/10\/Image-3-Home-Page.png\" alt=\"Imagem-3-P\u00e1gina inicial\" width=\"1080\" height=\"1080\" \/><\/p>\r\n<h2><strong>Sustentabilidade<\/strong><\/h2>\r\n<p>Ambientalmente seguro para o solo e a fauna terrestre.<\/p>\r\n<p><img loading=\"lazy\" decoding=\"async\" title=\"Imagem-6-P\u00e1gina inicial\" src=\"https:\/\/www.metaflotech.com\/wp-content\/uploads\/2024\/10\/Image-6-Home-Page.png\" alt=\"Imagem-6-P\u00e1gina inicial\" width=\"1080\" height=\"1080\" \/><\/p>\r\n<h2><strong>Aumento da coes\u00e3o<\/strong><\/h2>\r\n<p>Aumento da aglomera\u00e7\u00e3o de part\u00edculas na superf\u00edcie do solo.<\/p>\r\n<h3><strong>A supress\u00e3o eficaz de poeira est\u00e1 se tornando obrigat\u00f3ria \u00e0 medida que surgem in\u00fameras preocupa\u00e7\u00f5es ambientais e de sa\u00fade associadas ao excesso de material particulado transportado pelo ar.<\/strong><\/h3>\r\n<p>SoilTech soil stabilization polymers also provide dust suppression when applied using conventional spraying apparatus. SoilTech offers a wide range of benefits over water spraying-our patented biopolymer solutions have unique properties that enable them to effectively bind and stabilize soil particles and reduce dust emissions in mining, agriculture, and construction.<\/p>\r\n<h3><strong>Reduzir os custos operacionais e log\u00edsticos tratando o solo in-situ.<\/strong><\/h3>\r\n<h3><strong>N\u00e3o h\u00e1 necessidade de materiais adicionais de estabiliza\u00e7\u00e3o do solo, como cascalho, areia e cimento.<\/strong><\/h3>\r\n<h3><strong>Nossa tecnologia patenteada exclusiva garante maior resili\u00eancia e resist\u00eancia da superf\u00edcie da estrada, elimina\u00e7\u00e3o de poeira e menor custo total de propriedade.<\/strong><\/h3>\r\n<h2><strong>Solo natural Antes e depois da aplica\u00e7\u00e3o do SoilTech<\/strong><\/h2>\r\n<h3><strong>An\u00e1polis &#8211; GO (Brazil)<\/strong><\/h3>\r\n<p><img loading=\"lazy\" decoding=\"async\" title=\"Antes e depois\" src=\"https:\/\/www.metaflotech.com\/wp-content\/uploads\/2024\/12\/Anapolis-GO-Brazil-Before-and-After.png\" alt=\"Antes e depois\" width=\"1601\" height=\"969\" \/><\/p>\r\n<h2>Estudos de caso<\/h2>\r\n<h3><a title=\"SoilTech impulsiona estabiliza\u00e7\u00e3o sustent\u00e1vel de rodovias\" href=\"https:\/\/www.metaflotech.com\/wp-content\/uploads\/2025\/07\/SoilTech-Case-Study-1-English-MetaFLO-Technologies.pdf\" target=\"_self\"> SoilTech impulsiona estabiliza\u00e7\u00e3o sustent\u00e1vel de rodovias <\/a><\/h3>\r\n<p>A solu\u00e7\u00e3o inovadora de estabiliza\u00e7\u00e3o do MetaFLO proporcionou economias de custo essenciais, ganhos de produtividade e benef\u00edcios ambientais para manter um projeto rodovi\u00e1rio de grande escala dentro do cronograma e do or\u00e7amento.<\/p>\r\n<h3><a title=\"SoilTech impulsiona camada de aterro ferrovi\u00e1rio sustent\u00e1vel\" href=\"https:\/\/www.metaflotech.com\/wp-content\/uploads\/2025\/07\/SoilTech-Case-Study-2-English-MetaFLO-Technologies.pdf\" target=\"_self\"> SoilTech impulsiona camada de aterro ferrovi\u00e1rio sustent\u00e1vel <\/a><\/h3>\r\n<p>The use of MetaFLO&#8217;s biopolymer resulted in notable cost savings, productivity gains, and environmental benefits for a large-scale railway project by speeding up the stabilization process while cutting down water usage.<\/p>\r\n<h3><a title=\"SoilTech impulsiona estrada sustent\u00e1vel a partir de terra ind\u00edgena\" href=\"https:\/\/www.metaflotech.com\/wp-content\/uploads\/2025\/07\/SoilTech-Case-Study-3-English-MetaFLO-Technologies.pdf\" target=\"_self\"> SoilTech impulsiona estrada sustent\u00e1vel a partir de terra ind\u00edgena <\/a><\/h3>\r\n<p>MetaFLO&#8217;s biopolymer quickly turned a potentially hazardous unpaved road into a compact and durable surface while saving time and money.<\/p>\r\n<h1><strong>Nossos biopol\u00edmeros<\/strong><\/h1>\r\n<p>MetaFLO&#8217;s biopolymers have been purposefully engineered to provide a variety of cost-effective solutions for multiple applications, from dust suppression to gold extraction. Our products are environmentally safe, easy to use, and can be tailored to meet specific needs. Contact us for more details.<\/p>\r\n<p><a href=\"https:\/\/www.metaflotech.com\/pt\/produtos\/biopolimeros\/soiltech\/\" target=\"_self\"> <img loading=\"lazy\" decoding=\"async\" title=\"Logotipo\" src=\"https:\/\/www.metaflotech.com\/wp-content\/uploads\/2025\/07\/Logo-3.svg\" alt=\"Logotipo\" width=\"100\" height=\"100\" \/> <\/a><\/p>\r\n<p><strong>Estabiliza\u00e7\u00e3o do solo<\/strong><\/p>\r\n<p><a href=\"https:\/\/www.metaflotech.com\/pt\/produtos\/biopolimeros\/dustech\/\" target=\"_self\"> <img loading=\"lazy\" decoding=\"async\" title=\"Logotipo\" src=\"https:\/\/www.metaflotech.com\/wp-content\/uploads\/2025\/07\/Logo-5.svg\" alt=\"Logotipo\" width=\"100\" height=\"100\" \/> <\/a><\/p>\r\n<p><strong>Supress\u00e3o de poeira<\/strong><\/p>\r\n<p><a href=\"https:\/\/www.metaflotech.com\/pt\/produtos\/biopolimeros\/tecnologia-de-extracao\/\" target=\"_self\"> <img loading=\"lazy\" decoding=\"async\" title=\"Logotipo\" src=\"https:\/\/www.metaflotech.com\/wp-content\/uploads\/2025\/07\/Logo-4.svg\" alt=\"Logotipo\" width=\"100\" height=\"100\" \/> <\/a> <strong>Extra\u00e7\u00e3o de ouro e redu\u00e7\u00e3o de cianeto<br \/><\/strong> <a href=\"https:\/\/www.metaflotech.com\/pt\/produtos\/biopolimeros\/remtech\/\" target=\"_self\"> <img loading=\"lazy\" decoding=\"async\" title=\"Logotipo\" src=\"https:\/\/www.metaflotech.com\/wp-content\/uploads\/2025\/07\/Logo.svg\" alt=\"Logotipo\" width=\"100\" height=\"100\" \/> <\/a><\/p>\r\n<p><strong>\u00c1gua contaminada<\/strong><\/p>\r\n<p><a href=\"https:\/\/www.metaflotech.com\/pt\/produtos\/biopolimeros\/tecnologia-de-cimento\/\" target=\"_self\"> <img loading=\"lazy\" decoding=\"async\" title=\"Logotipo\" src=\"https:\/\/www.metaflotech.com\/wp-content\/uploads\/2025\/07\/Logo-8.svg\" alt=\"Logotipo\" width=\"100\" height=\"100\" \/> <\/a><\/p>\r\n<p><strong>Aprimoramento do cimento<\/strong><\/p>","protected":false},"excerpt":{"rendered":"<p>Biopolymer Used in soil stabilization and dust suppression Application Haul Roads Foundations Retaining Walls Mine Infrastructure Benefits Reduction in operational and logistics costs by treating the soil on site. Our exclusive technology ensures increased longevity and resistance of the road surface, dust elimination and better cost-benefit. Improvement of soil mechanical properties. SoilTech significantly increases the&hellip;<\/p>","protected":false},"author":1,"featured_media":0,"parent":108180,"menu_order":0,"comment_status":"closed","ping_status":"closed","template":"","meta":{"_acf_changed":false,"inline_featured_image":false,"footnotes":""},"class_list":["post-94636","page","type-page","status-publish","hentry"],"acf":[],"yoast_head":"<!-- This site is optimized with the Yoast SEO plugin v27.5 - https:\/\/yoast.com\/product\/yoast-seo-wordpress\/ -->\n<title>SoilTech Biopolymer for Soil Stabilization and Unpaved Roads | MetaFLO Technologies<\/title>\n<meta name=\"description\" content=\"MetaFLO SoilTech is an advanced biopolymer for soil stabilization on unpaved and industrial roads, improving durability, trafficability and long-term road performance.\" \/>\n<meta name=\"robots\" content=\"index, follow, max-snippet:-1, max-image-preview:large, max-video-preview:-1\" \/>\n<link rel=\"canonical\" href=\"https:\/\/www.metaflotech.com\/pt\/produtos\/biopolimeros\/soiltech\/\" \/>\n<meta property=\"og:locale\" content=\"pt_BR\" \/>\n<meta property=\"og:type\" content=\"article\" \/>\n<meta property=\"og:title\" content=\"SoilTech Biopolymer for Soil Stabilization and Unpaved Roads | MetaFLO Technologies\" \/>\n<meta property=\"og:description\" content=\"MetaFLO SoilTech is an advanced biopolymer for soil stabilization on unpaved and industrial roads, improving durability, trafficability and long-term road performance.\" \/>\n<meta property=\"og:url\" content=\"https:\/\/www.metaflotech.com\/pt\/produtos\/biopolimeros\/soiltech\/\" \/>\n<meta property=\"og:site_name\" content=\"MetaFLO Technologies\" \/>\n<meta property=\"article:publisher\" content=\"https:\/\/www.facebook.com\/MetaFLOTechnologies\/\" \/>\n<meta property=\"article:modified_time\" content=\"2026-03-17T14:24:10+00:00\" \/>\n<meta property=\"og:image\" content=\"https:\/\/www.metaflotech.com\/wp-content\/uploads\/2025\/07\/Dark-3.svg\" \/>\n<meta name=\"twitter:card\" content=\"summary_large_image\" \/>\n<meta name=\"twitter:site\" content=\"@metaflo\" \/>\n<meta name=\"twitter:label1\" content=\"Est. tempo de leitura\" \/>\n\t<meta name=\"twitter:data1\" content=\"6 minutos\" \/>\n<script type=\"application\/ld+json\" class=\"yoast-schema-graph\">{\"@context\":\"https:\\\/\\\/schema.org\",\"@graph\":[{\"@type\":\"WebPage\",\"@id\":\"https:\\\/\\\/www.metaflotech.com\\\/pt\\\/products\\\/biopolymers\\\/soiltech\\\/\",\"url\":\"https:\\\/\\\/www.metaflotech.com\\\/pt\\\/products\\\/biopolymers\\\/soiltech\\\/\",\"name\":\"SoilTech Biopolymer for Soil Stabilization and Unpaved Roads | MetaFLO Technologies\",\"isPartOf\":{\"@id\":\"https:\\\/\\\/www.metaflotech.com\\\/pt\\\/#website\"},\"primaryImageOfPage\":{\"@id\":\"https:\\\/\\\/www.metaflotech.com\\\/pt\\\/products\\\/biopolymers\\\/soiltech\\\/#primaryimage\"},\"image\":{\"@id\":\"https:\\\/\\\/www.metaflotech.com\\\/pt\\\/products\\\/biopolymers\\\/soiltech\\\/#primaryimage\"},\"thumbnailUrl\":\"https:\\\/\\\/www.metaflotech.com\\\/wp-content\\\/uploads\\\/2025\\\/07\\\/Dark-3.svg\",\"datePublished\":\"2024-10-09T07:19:08+00:00\",\"dateModified\":\"2026-03-17T14:24:10+00:00\",\"description\":\"MetaFLO SoilTech is an advanced biopolymer for soil stabilization on unpaved and industrial roads, improving durability, trafficability and long-term road performance.\",\"breadcrumb\":{\"@id\":\"https:\\\/\\\/www.metaflotech.com\\\/pt\\\/products\\\/biopolymers\\\/soiltech\\\/#breadcrumb\"},\"inLanguage\":\"pt-BR\",\"potentialAction\":[{\"@type\":\"ReadAction\",\"target\":[\"https:\\\/\\\/www.metaflotech.com\\\/pt\\\/products\\\/biopolymers\\\/soiltech\\\/\"]}]},{\"@type\":\"ImageObject\",\"inLanguage\":\"pt-BR\",\"@id\":\"https:\\\/\\\/www.metaflotech.com\\\/pt\\\/products\\\/biopolymers\\\/soiltech\\\/#primaryimage\",\"url\":\"https:\\\/\\\/www.metaflotech.com\\\/wp-content\\\/uploads\\\/2025\\\/07\\\/Dark-3.svg\",\"contentUrl\":\"https:\\\/\\\/www.metaflotech.com\\\/wp-content\\\/uploads\\\/2025\\\/07\\\/Dark-3.svg\"},{\"@type\":\"BreadcrumbList\",\"@id\":\"https:\\\/\\\/www.metaflotech.com\\\/pt\\\/products\\\/biopolymers\\\/soiltech\\\/#breadcrumb\",\"itemListElement\":[{\"@type\":\"ListItem\",\"position\":1,\"name\":\"Home\",\"item\":\"https:\\\/\\\/www.metaflotech.com\\\/\"},{\"@type\":\"ListItem\",\"position\":2,\"name\":\"Products\",\"item\":\"https:\\\/\\\/www.metaflotech.com\\\/products\\\/\"},{\"@type\":\"ListItem\",\"position\":3,\"name\":\"Biopolymers (Tech)\",\"item\":\"https:\\\/\\\/www.metaflotech.com\\\/products\\\/biopolymers\\\/\"},{\"@type\":\"ListItem\",\"position\":4,\"name\":\"SoilTech Biopolymer for Soil Stabilization and Unpaved Roads\"}]},{\"@type\":\"WebSite\",\"@id\":\"https:\\\/\\\/www.metaflotech.com\\\/pt\\\/#website\",\"url\":\"https:\\\/\\\/www.metaflotech.com\\\/pt\\\/\",\"name\":\"MetaFLO Technologies\",\"description\":\"Engineered Polymer Solutions For Industrial Applications\",\"potentialAction\":[{\"@type\":\"SearchAction\",\"target\":{\"@type\":\"EntryPoint\",\"urlTemplate\":\"https:\\\/\\\/www.metaflotech.com\\\/pt\\\/?s={search_term_string}\"},\"query-input\":{\"@type\":\"PropertyValueSpecification\",\"valueRequired\":true,\"valueName\":\"search_term_string\"}}],\"inLanguage\":\"pt-BR\"}]}<\/script>\n<!-- \/ Yoast SEO plugin. -->","yoast_head_json":{"title":"Biopol\u00edmero para Estabiliza\u00e7\u00e3o de Solos | MetaFLO","description":"SoilTech \u00e9 um biopol\u00edmero avan\u00e7ado para estabiliza\u00e7\u00e3o de solos em estradas de terra e vias industriais, melhorando a trafegabilidade e a efici\u00eancia da terraplenagem.","robots":{"index":"index","follow":"follow","max-snippet":"max-snippet:-1","max-image-preview":"max-image-preview:large","max-video-preview":"max-video-preview:-1"},"canonical":"https:\/\/www.metaflotech.com\/pt\/produtos\/biopolimeros\/soiltech\/","og_locale":"pt_BR","og_type":"article","og_title":"SoilTech Biopolymer for Soil Stabilization and Unpaved Roads | MetaFLO Technologies","og_description":"MetaFLO SoilTech is an advanced biopolymer for soil stabilization on unpaved and industrial roads, improving durability, trafficability and long-term road performance.","og_url":"https:\/\/www.metaflotech.com\/pt\/produtos\/biopolimeros\/soiltech\/","og_site_name":"MetaFLO Technologies","article_publisher":"https:\/\/www.facebook.com\/MetaFLOTechnologies\/","article_modified_time":"2026-03-17T14:24:10+00:00","og_image":[{"url":"https:\/\/www.metaflotech.com\/wp-content\/uploads\/2025\/07\/Dark-3.svg","type":"","width":"","height":""}],"twitter_card":"summary_large_image","twitter_site":"@metaflo","twitter_misc":{"Est. tempo de leitura":"6 minutos"},"schema":{"@context":"https:\/\/schema.org","@graph":[{"@type":"WebPage","@id":"https:\/\/www.metaflotech.com\/pt\/products\/biopolymers\/soiltech\/","url":"https:\/\/www.metaflotech.com\/pt\/products\/biopolymers\/soiltech\/","name":"Biopol\u00edmero para Estabiliza\u00e7\u00e3o de Solos | MetaFLO","isPartOf":{"@id":"https:\/\/www.metaflotech.com\/pt\/#website"},"primaryImageOfPage":{"@id":"https:\/\/www.metaflotech.com\/pt\/products\/biopolymers\/soiltech\/#primaryimage"},"image":{"@id":"https:\/\/www.metaflotech.com\/pt\/products\/biopolymers\/soiltech\/#primaryimage"},"thumbnailUrl":"https:\/\/www.metaflotech.com\/wp-content\/uploads\/2025\/07\/Dark-3.svg","datePublished":"2024-10-09T07:19:08+00:00","dateModified":"2026-03-17T14:24:10+00:00","description":"SoilTech \u00e9 um biopol\u00edmero avan\u00e7ado para estabiliza\u00e7\u00e3o de solos em estradas de terra e vias industriais, melhorando a trafegabilidade e a efici\u00eancia da terraplenagem.","breadcrumb":{"@id":"https:\/\/www.metaflotech.com\/pt\/products\/biopolymers\/soiltech\/#breadcrumb"},"inLanguage":"pt-BR","potentialAction":[{"@type":"ReadAction","target":["https:\/\/www.metaflotech.com\/pt\/products\/biopolymers\/soiltech\/"]}]},{"@type":"ImageObject","inLanguage":"pt-BR","@id":"https:\/\/www.metaflotech.com\/pt\/products\/biopolymers\/soiltech\/#primaryimage","url":"https:\/\/www.metaflotech.com\/wp-content\/uploads\/2025\/07\/Dark-3.svg","contentUrl":"https:\/\/www.metaflotech.com\/wp-content\/uploads\/2025\/07\/Dark-3.svg"},{"@type":"BreadcrumbList","@id":"https:\/\/www.metaflotech.com\/pt\/products\/biopolymers\/soiltech\/#breadcrumb","itemListElement":[{"@type":"ListItem","position":1,"name":"Home","item":"https:\/\/www.metaflotech.com\/"},{"@type":"ListItem","position":2,"name":"Products","item":"https:\/\/www.metaflotech.com\/products\/"},{"@type":"ListItem","position":3,"name":"Biopolymers (Tech)","item":"https:\/\/www.metaflotech.com\/products\/biopolymers\/"},{"@type":"ListItem","position":4,"name":"SoilTech Biopolymer for Soil Stabilization and Unpaved Roads"}]},{"@type":"WebSite","@id":"https:\/\/www.metaflotech.com\/pt\/#website","url":"https:\/\/www.metaflotech.com\/pt\/","name":"MetaFLO Technologies","description":"Solu\u00e7\u00f5es de pol\u00edmeros projetadas para aplica\u00e7\u00f5es industriais","potentialAction":[{"@type":"SearchAction","target":{"@type":"EntryPoint","urlTemplate":"https:\/\/www.metaflotech.com\/pt\/?s={search_term_string}"},"query-input":{"@type":"PropertyValueSpecification","valueRequired":true,"valueName":"search_term_string"}}],"inLanguage":"pt-BR"}]}},"_links":{"self":[{"href":"https:\/\/www.metaflotech.com\/pt\/wp-json\/wp\/v2\/pages\/94636","targetHints":{"allow":["GET"]}}],"collection":[{"href":"https:\/\/www.metaflotech.com\/pt\/wp-json\/wp\/v2\/pages"}],"about":[{"href":"https:\/\/www.metaflotech.com\/pt\/wp-json\/wp\/v2\/types\/page"}],"author":[{"embeddable":true,"href":"https:\/\/www.metaflotech.com\/pt\/wp-json\/wp\/v2\/users\/1"}],"replies":[{"embeddable":true,"href":"https:\/\/www.metaflotech.com\/pt\/wp-json\/wp\/v2\/comments?post=94636"}],"version-history":[{"count":0,"href":"https:\/\/www.metaflotech.com\/pt\/wp-json\/wp\/v2\/pages\/94636\/revisions"}],"up":[{"embeddable":true,"href":"https:\/\/www.metaflotech.com\/pt\/wp-json\/wp\/v2\/pages\/108180"}],"wp:attachment":[{"href":"https:\/\/www.metaflotech.com\/pt\/wp-json\/wp\/v2\/media?parent=94636"}],"curies":[{"name":"wp","href":"https:\/\/api.w.org\/{rel}","templated":true}]}}