{"id":95190,"date":"2024-10-09T13:54:53","date_gmt":"2024-10-09T13:54:53","guid":{"rendered":"https:\/\/www.metaflotech.com\/?page_id=95190"},"modified":"2026-03-12T13:10:53","modified_gmt":"2026-03-12T13:10:53","slug":"tecnologia-de-extracao","status":"publish","type":"page","link":"https:\/\/www.metaflotech.com\/pt\/products\/biopolymers\/extractech\/","title":{"rendered":"ExtracTech Gold Extraction and Metal Recovery"},"content":{"rendered":"<p><img loading=\"lazy\" decoding=\"async\" title=\"Escuro\" src=\"https:\/\/www.metaflotech.com\/wp-content\/uploads\/2025\/07\/Dark-4.svg\" alt=\"Escuro\" width=\"100\" height=\"100\" \/><\/p>\r\n<h1><strong>Biopol\u00edmero<\/strong><\/h1>\r\n<h1>Usado para processamento de metais preciosos<\/h1>\r\n<h3><strong>APLICA\u00c7\u00d5ES<\/strong><\/h3>\r\n<p>Processamento de metais preciosos em tanques de lixivia\u00e7\u00e3o.<\/p>\r\n<h3><strong>Benef\u00edcios<\/strong><\/h3>\r\n<p>Tempos de rea\u00e7\u00e3o acelerados usando a cin\u00e9tica existente.<\/p>\r\n<p>A efici\u00eancia de recupera\u00e7\u00e3o pode ser aumentada em\u00a0<b>at\u00e9 3%.<\/b><\/p>\r\n<p>Reduziu o uso de cianeto em <strong>at\u00e9 35%.<\/strong><\/p>\r\n<p>Substitui\u00e7\u00e3o do alcalinizante utilizado no processo e utiliza\u00e7\u00e3o de dosagens <strong>at\u00e9 20x menores.<\/strong><\/p>\r\n<p>Estabilidade do pH desejado durante o processo, evitando oscila\u00e7\u00f5es comuns ao uso de outros alcalinizantes.<\/p>\r\n<p>Um processo mais limpo pode produzir rejeitos com n\u00edveis mais baixos de toxicidade.<\/p>\r\n<p>Permite o uso de ouro e metais preciosos com maior pureza.<\/p>\r\n<p>N\u00e3o \u00e9 necess\u00e1rio nenhum equipamento especial adicional.<\/p>\r\n<p>&nbsp;<\/p>\r\n<p>Efic\u00e1cia facilmente validada em seus laborat\u00f3rios.<\/p>\r\n<p>&nbsp;<\/p>\r\n<p>Escal\u00e1vel usando sua configura\u00e7\u00e3o de inje\u00e7\u00e3o de tanque existente.<\/p>\r\n<p>\u00a0 <img loading=\"lazy\" decoding=\"async\" title=\"ExtracTech-Solu\u00e7\u00e3o de lixivia\u00e7\u00e3o de ouro\" src=\"https:\/\/www.metaflotech.com\/wp-content\/uploads\/2024\/10\/ExtracTech-Gold-leaching-solution.png\" alt=\"ExtracTech-Solu\u00e7\u00e3o de lixivia\u00e7\u00e3o de ouro\" width=\"694\" height=\"694\" \/><\/p>\r\n<h3>A qu\u00edmica do biopol\u00edmero MetaFLO foi projetada para o processo de cianeta\u00e7\u00e3o, a fim de obter melhorias na etapa de lixivia\u00e7\u00e3o do ouro. Al\u00e9m de atuar como alcalinizante no processo, <strong>by reacting with the heavy metals associated with gold, MetaFLO&#8217;s biopolymer can increase gold extraction percentages by up to 3%.<\/strong><\/h3>\r\n<h2><strong>Redu\u00e7\u00e3o de cianeto<\/strong><\/h2>\r\n<h2><strong>Aumento da recupera\u00e7\u00e3o<\/strong><\/h2>\r\n<h2><strong>Acelera\u00e7\u00e3o da rea\u00e7\u00e3o<\/strong><\/h2>\r\n<div style=\"width: 640px;\" class=\"wp-video\"><video class=\"wp-video-shortcode\" id=\"video-95190-1\" width=\"640\" height=\"360\" poster=\"https:\/\/www.metaflotech.com\/wp-content\/uploads\/2023\/01\/extractech-video.jpg\" preload=\"none\" controls=\"controls\"><source type=\"video\/mp4\" src=\"https:\/\/www.metaflotech.com\/wp-content\/uploads\/2023\/01\/Extractech_30_sec_version.mp4?_=1\" \/><source type=\"video\/mp4\" src=\"https:\/\/www.metaflotech.com\/wp-content\/uploads\/2023\/01\/Extractech_30_sec_version.mp4?_=1\" \/><a href=\"https:\/\/www.metaflotech.com\/wp-content\/uploads\/2023\/01\/Extractech_30_sec_version.mp4\">https:\/\/www.metaflotech.com\/wp-content\/uploads\/2023\/01\/Extractech_30_sec_version.mp4<\/a><\/video><\/div>\r\n<h2><strong>Como funciona?<\/strong><\/h2>\r\n<p>O ExtracTech exerce quimicamente duas fun\u00e7\u00f5es quando em contato com o min\u00e9rio: como alcalinizante, adaptando o pH da polpa \u00e0 faixa desejada e trazendo sua estabilidade ao longo do processo e tamb\u00e9m atua como oxidante qu\u00edmico realizando rea\u00e7\u00f5es de oxirredu\u00e7\u00e3o com os demais metais presentes na matriz de ouro, eliminando-os.<\/p>\r\n<p>O ExtracTech tamb\u00e9m fornece oxig\u00eanio adicional \u00e0 rea\u00e7\u00e3o, permitindo que a pr\u00f3pria rea\u00e7\u00e3o seja acelerada.<\/p>\r\n<p><em><strong>O cianeto n\u00e3o consegue enxergar o ouro antes de ser exposto, portanto, precisa reagir com os metais na superf\u00edcie primeiro para depois enxergar o ouro.<\/strong><\/em><\/p>\r\n<p><img loading=\"lazy\" decoding=\"async\" title=\"Cianeta\u00e7\u00e3o com adi\u00e7\u00e3o de ExtracTech\" src=\"https:\/\/www.metaflotech.com\/wp-content\/uploads\/2024\/10\/Cyanidation-with-having-ExtracTech-added.png\" alt=\"Cianeta\u00e7\u00e3o com adi\u00e7\u00e3o de ExtracTech\" width=\"1500\" height=\"667\" \/> <strong>O ExtracTech, ao reagir com os metais associados \u00e0s part\u00edculas de ouro, facilita a a\u00e7\u00e3o do cianeto no processo.<\/strong> <strong> Ele reagir\u00e1 na ordem de reatividade do metal e quebrar\u00e1 as liga\u00e7\u00f5es, liberando energia em uma rea\u00e7\u00e3o ligeiramente exot\u00e9rmica.<\/strong> <strong> Ele reagir\u00e1 mais rapidamente com n\u00e3o metais e com metais com alto potencial de oxida\u00e7\u00e3o-redu\u00e7\u00e3o (ORP), como o ferro.<\/strong> <img loading=\"lazy\" decoding=\"async\" title=\"Escuro\" src=\"https:\/\/www.metaflotech.com\/wp-content\/uploads\/2025\/07\/Dark-4.svg\" alt=\"Escuro\" width=\"100\" height=\"100\" \/><\/p>\r\n<h1>O ExtracTech foi testado com sucesso em minas de ouro, obtendo benef\u00edcios como substitui\u00e7\u00e3o alcalinizante, aumento da recupera\u00e7\u00e3o metal\u00fargica e redu\u00e7\u00e3o do consumo de cianeto.<\/h1>\r\n<h2><strong>Before ExtracTech Reaction<\/strong><\/h2>\r\n<p><img loading=\"lazy\" decoding=\"async\" title=\"Extractech-Before\" src=\"https:\/\/www.metaflotech.com\/wp-content\/uploads\/2024\/10\/Extractech-Before.png\" alt=\"Extractech-Before\" width=\"694\" height=\"694\" \/><\/p>\r\n<h2><strong>After ExtracTech Reaction<\/strong><\/h2>\r\n<p><img loading=\"lazy\" decoding=\"async\" title=\"Extractech-After-1\" src=\"https:\/\/www.metaflotech.com\/wp-content\/uploads\/2024\/10\/Extractech-After-1.png\" alt=\"Extractech-After-1\" width=\"694\" height=\"694\" \/><\/p>\r\n<p><em>Aplica\u00e7\u00e3o do ExtracTech em min\u00e9rio de ouro refrat\u00e1rio com pal\u00e1dio e platina.<\/em><\/p>\r\n<p>&nbsp;<\/p>\r\n<h3><strong>S\u00e3o necess\u00e1rias dosagens muito menores do que os alcalinizantes tradicionais, al\u00e9m de manter a estabilidade da faixa de pH desejada.<\/strong><\/h3>\r\n<h1>Como um biopol\u00edmero para redu\u00e7\u00e3o de cianeto<\/h1>\r\n<h3>Como um aditivo ao seu processo de cianeta\u00e7\u00e3o existente,<strong> ExtracTech can also reduce your cyanide usage by up to 35%. <\/strong><\/h3>\r\n<h2>Estudos de caso<\/h2>\r\n<h3><a title=\"Extra\u00e7\u00e3o de ouro aprimorada pela ExtracTech em min\u00e9rio refrat\u00e1rio\" href=\"https:\/\/www.metaflotech.com\/wp-content\/uploads\/2025\/07\/ExtracTech-Case-Study-English-MetaFLO-Technologies.pdf\" target=\"_self\"> Extra\u00e7\u00e3o de ouro aprimorada pela ExtracTech em min\u00e9rio refrat\u00e1rio <\/a><\/h3>\r\n<p>MetaFLO&#8217;s ExtracTech biopolymer demonstrated substantial efficacy for the gold extraction process, supporting safe and sustainable practices.<\/p>\r\n<h1><strong>Nossos biopol\u00edmeros<\/strong><\/h1>\r\n<p>MetaFLO&#8217;s biopolymers have been purposefully engineered to provide a variety of cost-effective solutions for multiple applications, from dust suppression to gold extraction. Our products are environmentally safe, easy to use, and can be tailored to meet specific needs. Contact us for more details.<\/p>\r\n<p><a href=\"https:\/\/www.metaflotech.com\/pt\/produtos\/biopolimeros\/soiltech\/\" target=\"_self\"> <img loading=\"lazy\" decoding=\"async\" title=\"Logotipo\" src=\"https:\/\/www.metaflotech.com\/wp-content\/uploads\/2025\/07\/Logo-3.svg\" alt=\"Logotipo\" width=\"100\" height=\"100\" \/> <\/a><\/p>\r\n<p><strong>Estabiliza\u00e7\u00e3o do solo<\/strong><\/p>\r\n<p><a href=\"https:\/\/www.metaflotech.com\/pt\/produtos\/biopolimeros\/dustech\/\" target=\"_self\"> <img loading=\"lazy\" decoding=\"async\" title=\"Logotipo\" src=\"https:\/\/www.metaflotech.com\/wp-content\/uploads\/2025\/07\/Logo-5.svg\" alt=\"Logotipo\" width=\"100\" height=\"100\" \/> <\/a><\/p>\r\n<p><strong>Supress\u00e3o de poeira<\/strong><\/p>\r\n<p><a href=\"https:\/\/www.metaflotech.com\/pt\/produtos\/biopolimeros\/tecnologia-de-extracao\/\" target=\"_self\"> <img loading=\"lazy\" decoding=\"async\" title=\"Logotipo\" src=\"https:\/\/www.metaflotech.com\/wp-content\/uploads\/2025\/07\/Logo-4.svg\" alt=\"Logotipo\" width=\"100\" height=\"100\" \/> <\/a> <strong>Extra\u00e7\u00e3o de ouro e redu\u00e7\u00e3o de cianeto<br \/><\/strong> <a href=\"https:\/\/www.metaflotech.com\/pt\/produtos\/biopolimeros\/remtech\/\" target=\"_self\"> <img loading=\"lazy\" decoding=\"async\" title=\"Logotipo\" src=\"https:\/\/www.metaflotech.com\/wp-content\/uploads\/2025\/07\/Logo.svg\" alt=\"Logotipo\" width=\"100\" height=\"100\" \/> <\/a><\/p>\r\n<p><strong>\u00c1gua contaminada<\/strong><\/p>\r\n<p><a href=\"https:\/\/www.metaflotech.com\/pt\/produtos\/biopolimeros\/tecnologia-de-cimento\/\" target=\"_self\"> <img loading=\"lazy\" decoding=\"async\" title=\"Logotipo\" src=\"https:\/\/www.metaflotech.com\/wp-content\/uploads\/2025\/07\/Logo-8.svg\" alt=\"Logotipo\" width=\"100\" height=\"100\" \/> <\/a><\/p>\r\n<p><strong>Aprimoramento do cimento<\/strong><\/p>","protected":false},"excerpt":{"rendered":"<p>Biopolymer Used for precious metal processing Application Processing of precious metals in leaching tanks. Benefits Accelerated reaction times using existing kinetics. Recovery efficiency can be increased\u00a0up to 3%. Reduced cyanide use by up to 35%. Replacement of the alkalizer used in the process and use of dosages up to 20x lower. Stability of the desired&hellip;<\/p>","protected":false},"author":1,"featured_media":0,"parent":108180,"menu_order":0,"comment_status":"closed","ping_status":"closed","template":"","meta":{"_acf_changed":false,"inline_featured_image":false,"footnotes":""},"class_list":["post-95190","page","type-page","status-publish","hentry"],"acf":[],"yoast_head":"<!-- This site is optimized with the Yoast SEO plugin v27.5 - https:\/\/yoast.com\/product\/yoast-seo-wordpress\/ -->\n<title>ExtracTech Gold Extraction and Metal Recovery | MetaFLO Technologies<\/title>\n<meta name=\"description\" content=\"ExtracTech enhances gold extraction and metal recovery in mining operations, improving process efficiency while reducing cyanide consumption and environmental impact.\" \/>\n<meta name=\"robots\" content=\"index, follow, max-snippet:-1, max-image-preview:large, max-video-preview:-1\" \/>\n<link rel=\"canonical\" href=\"https:\/\/www.metaflotech.com\/pt\/produtos\/biopolimeros\/tecnologia-de-extracao\/\" \/>\n<meta property=\"og:locale\" content=\"pt_BR\" \/>\n<meta property=\"og:type\" content=\"article\" \/>\n<meta property=\"og:title\" content=\"ExtracTech Gold Extraction and Metal Recovery | MetaFLO Technologies\" \/>\n<meta property=\"og:description\" content=\"ExtracTech enhances gold extraction and metal recovery in mining operations, improving process efficiency while reducing cyanide consumption and environmental impact.\" \/>\n<meta property=\"og:url\" content=\"https:\/\/www.metaflotech.com\/pt\/produtos\/biopolimeros\/tecnologia-de-extracao\/\" \/>\n<meta property=\"og:site_name\" content=\"MetaFLO Technologies\" \/>\n<meta property=\"article:publisher\" content=\"https:\/\/www.facebook.com\/MetaFLOTechnologies\/\" \/>\n<meta property=\"article:modified_time\" content=\"2026-03-12T13:10:53+00:00\" \/>\n<meta property=\"og:image\" content=\"https:\/\/www.metaflotech.com\/wp-content\/uploads\/2025\/07\/Dark-4.svg\" \/>\n<meta name=\"twitter:card\" content=\"summary_large_image\" \/>\n<meta name=\"twitter:site\" content=\"@metaflo\" \/>\n<meta name=\"twitter:label1\" content=\"Est. tempo de leitura\" \/>\n\t<meta name=\"twitter:data1\" content=\"5 minutos\" \/>\n<script type=\"application\/ld+json\" class=\"yoast-schema-graph\">{\"@context\":\"https:\\\/\\\/schema.org\",\"@graph\":[{\"@type\":\"WebPage\",\"@id\":\"https:\\\/\\\/www.metaflotech.com\\\/pt\\\/products\\\/biopolymers\\\/extractech\\\/\",\"url\":\"https:\\\/\\\/www.metaflotech.com\\\/pt\\\/products\\\/biopolymers\\\/extractech\\\/\",\"name\":\"ExtracTech Gold Extraction and Metal Recovery | MetaFLO Technologies\",\"isPartOf\":{\"@id\":\"https:\\\/\\\/www.metaflotech.com\\\/pt\\\/#website\"},\"primaryImageOfPage\":{\"@id\":\"https:\\\/\\\/www.metaflotech.com\\\/pt\\\/products\\\/biopolymers\\\/extractech\\\/#primaryimage\"},\"image\":{\"@id\":\"https:\\\/\\\/www.metaflotech.com\\\/pt\\\/products\\\/biopolymers\\\/extractech\\\/#primaryimage\"},\"thumbnailUrl\":\"https:\\\/\\\/www.metaflotech.com\\\/wp-content\\\/uploads\\\/2025\\\/07\\\/Dark-4.svg\",\"datePublished\":\"2024-10-09T13:54:53+00:00\",\"dateModified\":\"2026-03-12T13:10:53+00:00\",\"description\":\"ExtracTech enhances gold extraction and metal recovery in mining operations, improving process efficiency while reducing cyanide consumption and environmental impact.\",\"breadcrumb\":{\"@id\":\"https:\\\/\\\/www.metaflotech.com\\\/pt\\\/products\\\/biopolymers\\\/extractech\\\/#breadcrumb\"},\"inLanguage\":\"pt-BR\",\"potentialAction\":[{\"@type\":\"ReadAction\",\"target\":[\"https:\\\/\\\/www.metaflotech.com\\\/pt\\\/products\\\/biopolymers\\\/extractech\\\/\"]}]},{\"@type\":\"ImageObject\",\"inLanguage\":\"pt-BR\",\"@id\":\"https:\\\/\\\/www.metaflotech.com\\\/pt\\\/products\\\/biopolymers\\\/extractech\\\/#primaryimage\",\"url\":\"https:\\\/\\\/www.metaflotech.com\\\/wp-content\\\/uploads\\\/2025\\\/07\\\/Dark-4.svg\",\"contentUrl\":\"https:\\\/\\\/www.metaflotech.com\\\/wp-content\\\/uploads\\\/2025\\\/07\\\/Dark-4.svg\"},{\"@type\":\"BreadcrumbList\",\"@id\":\"https:\\\/\\\/www.metaflotech.com\\\/pt\\\/products\\\/biopolymers\\\/extractech\\\/#breadcrumb\",\"itemListElement\":[{\"@type\":\"ListItem\",\"position\":1,\"name\":\"Home\",\"item\":\"https:\\\/\\\/www.metaflotech.com\\\/\"},{\"@type\":\"ListItem\",\"position\":2,\"name\":\"Products\",\"item\":\"https:\\\/\\\/www.metaflotech.com\\\/products\\\/\"},{\"@type\":\"ListItem\",\"position\":3,\"name\":\"Biopolymers (Tech)\",\"item\":\"https:\\\/\\\/www.metaflotech.com\\\/products\\\/biopolymers\\\/\"},{\"@type\":\"ListItem\",\"position\":4,\"name\":\"ExtracTech Gold Extraction and Metal Recovery\"}]},{\"@type\":\"WebSite\",\"@id\":\"https:\\\/\\\/www.metaflotech.com\\\/pt\\\/#website\",\"url\":\"https:\\\/\\\/www.metaflotech.com\\\/pt\\\/\",\"name\":\"MetaFLO Technologies\",\"description\":\"Engineered Polymer Solutions For Industrial Applications\",\"potentialAction\":[{\"@type\":\"SearchAction\",\"target\":{\"@type\":\"EntryPoint\",\"urlTemplate\":\"https:\\\/\\\/www.metaflotech.com\\\/pt\\\/?s={search_term_string}\"},\"query-input\":{\"@type\":\"PropertyValueSpecification\",\"valueRequired\":true,\"valueName\":\"search_term_string\"}}],\"inLanguage\":\"pt-BR\"}]}<\/script>\n<!-- \/ Yoast SEO plugin. -->","yoast_head_json":{"title":"Biopol\u00edmero para Recupera\u00e7\u00e3o de Metais | MetaFLO","description":"Biopol\u00edmero para recupera\u00e7\u00e3o de metais na minera\u00e7\u00e3o, aumentando a efici\u00eancia da lixivia\u00e7\u00e3o de ouro, reduzindo o consumo de cianeto e apoiando metas ESG na minera\u00e7\u00e3o","robots":{"index":"index","follow":"follow","max-snippet":"max-snippet:-1","max-image-preview":"max-image-preview:large","max-video-preview":"max-video-preview:-1"},"canonical":"https:\/\/www.metaflotech.com\/pt\/produtos\/biopolimeros\/tecnologia-de-extracao\/","og_locale":"pt_BR","og_type":"article","og_title":"ExtracTech Gold Extraction and Metal Recovery | MetaFLO Technologies","og_description":"ExtracTech enhances gold extraction and metal recovery in mining operations, improving process efficiency while reducing cyanide consumption and environmental impact.","og_url":"https:\/\/www.metaflotech.com\/pt\/produtos\/biopolimeros\/tecnologia-de-extracao\/","og_site_name":"MetaFLO Technologies","article_publisher":"https:\/\/www.facebook.com\/MetaFLOTechnologies\/","article_modified_time":"2026-03-12T13:10:53+00:00","og_image":[{"url":"https:\/\/www.metaflotech.com\/wp-content\/uploads\/2025\/07\/Dark-4.svg","type":"","width":"","height":""}],"twitter_card":"summary_large_image","twitter_site":"@metaflo","twitter_misc":{"Est. tempo de leitura":"5 minutos"},"schema":{"@context":"https:\/\/schema.org","@graph":[{"@type":"WebPage","@id":"https:\/\/www.metaflotech.com\/pt\/products\/biopolymers\/extractech\/","url":"https:\/\/www.metaflotech.com\/pt\/products\/biopolymers\/extractech\/","name":"Biopol\u00edmero para Recupera\u00e7\u00e3o de Metais | MetaFLO","isPartOf":{"@id":"https:\/\/www.metaflotech.com\/pt\/#website"},"primaryImageOfPage":{"@id":"https:\/\/www.metaflotech.com\/pt\/products\/biopolymers\/extractech\/#primaryimage"},"image":{"@id":"https:\/\/www.metaflotech.com\/pt\/products\/biopolymers\/extractech\/#primaryimage"},"thumbnailUrl":"https:\/\/www.metaflotech.com\/wp-content\/uploads\/2025\/07\/Dark-4.svg","datePublished":"2024-10-09T13:54:53+00:00","dateModified":"2026-03-12T13:10:53+00:00","description":"Biopol\u00edmero para recupera\u00e7\u00e3o de metais na minera\u00e7\u00e3o, aumentando a efici\u00eancia da lixivia\u00e7\u00e3o de ouro, reduzindo o consumo de cianeto e apoiando metas ESG na minera\u00e7\u00e3o","breadcrumb":{"@id":"https:\/\/www.metaflotech.com\/pt\/products\/biopolymers\/extractech\/#breadcrumb"},"inLanguage":"pt-BR","potentialAction":[{"@type":"ReadAction","target":["https:\/\/www.metaflotech.com\/pt\/products\/biopolymers\/extractech\/"]}]},{"@type":"ImageObject","inLanguage":"pt-BR","@id":"https:\/\/www.metaflotech.com\/pt\/products\/biopolymers\/extractech\/#primaryimage","url":"https:\/\/www.metaflotech.com\/wp-content\/uploads\/2025\/07\/Dark-4.svg","contentUrl":"https:\/\/www.metaflotech.com\/wp-content\/uploads\/2025\/07\/Dark-4.svg"},{"@type":"BreadcrumbList","@id":"https:\/\/www.metaflotech.com\/pt\/products\/biopolymers\/extractech\/#breadcrumb","itemListElement":[{"@type":"ListItem","position":1,"name":"Home","item":"https:\/\/www.metaflotech.com\/"},{"@type":"ListItem","position":2,"name":"Products","item":"https:\/\/www.metaflotech.com\/products\/"},{"@type":"ListItem","position":3,"name":"Biopolymers (Tech)","item":"https:\/\/www.metaflotech.com\/products\/biopolymers\/"},{"@type":"ListItem","position":4,"name":"ExtracTech Gold Extraction and Metal Recovery"}]},{"@type":"WebSite","@id":"https:\/\/www.metaflotech.com\/pt\/#website","url":"https:\/\/www.metaflotech.com\/pt\/","name":"MetaFLO Technologies","description":"Solu\u00e7\u00f5es de pol\u00edmeros projetadas para aplica\u00e7\u00f5es industriais","potentialAction":[{"@type":"SearchAction","target":{"@type":"EntryPoint","urlTemplate":"https:\/\/www.metaflotech.com\/pt\/?s={search_term_string}"},"query-input":{"@type":"PropertyValueSpecification","valueRequired":true,"valueName":"search_term_string"}}],"inLanguage":"pt-BR"}]}},"_links":{"self":[{"href":"https:\/\/www.metaflotech.com\/pt\/wp-json\/wp\/v2\/pages\/95190","targetHints":{"allow":["GET"]}}],"collection":[{"href":"https:\/\/www.metaflotech.com\/pt\/wp-json\/wp\/v2\/pages"}],"about":[{"href":"https:\/\/www.metaflotech.com\/pt\/wp-json\/wp\/v2\/types\/page"}],"author":[{"embeddable":true,"href":"https:\/\/www.metaflotech.com\/pt\/wp-json\/wp\/v2\/users\/1"}],"replies":[{"embeddable":true,"href":"https:\/\/www.metaflotech.com\/pt\/wp-json\/wp\/v2\/comments?post=95190"}],"version-history":[{"count":0,"href":"https:\/\/www.metaflotech.com\/pt\/wp-json\/wp\/v2\/pages\/95190\/revisions"}],"up":[{"embeddable":true,"href":"https:\/\/www.metaflotech.com\/pt\/wp-json\/wp\/v2\/pages\/108180"}],"wp:attachment":[{"href":"https:\/\/www.metaflotech.com\/pt\/wp-json\/wp\/v2\/media?parent=95190"}],"curies":[{"name":"wp","href":"https:\/\/api.w.org\/{rel}","templated":true}]}}